{"id":6556,"date":"2024-09-27T11:31:58","date_gmt":"2024-09-27T11:31:58","guid":{"rendered":"https:\/\/www.riberasalud.com\/cepovisa\/?page_id=6556"},"modified":"2026-03-27T10:41:07","modified_gmt":"2026-03-27T10:41:07","slug":"catedra-presentacion","status":"publish","type":"page","link":"https:\/\/riberasalud.com\/cepovisa\/escuela-universitaria-de-enfermeria\/catedra-presentacion\/","title":{"rendered":"C\u00e1tedra Presentaci\u00f3n"},"content":{"rendered":"\n<div class=\"wp-block-group slidercatedra\"><div class=\"wp-block-group__inner-container is-layout-flow wp-block-group-is-layout-flow\">\n<div class=\"wp-block-columns is-layout-flex wp-container-core-columns-is-layout-9d6595d7 wp-block-columns-is-layout-flex\">\n<div class=\"wp-block-column is-vertically-aligned-center is-layout-flow wp-block-column-is-layout-flow\">\n<h1 class=\"wp-block-heading\">C\u00e1tedra Ribera Povisa en Innovaci\u00f3n en Salud<\/h1>\n\n\n\n<p>La C\u00e1tedra Ribera Povisa en Innovaci\u00f3n en Salud fomenta el desarrollo de competencias y herramientas innovadoras en las Ciencias de la Salud<\/p>\n<\/div>\n\n\n\n<div class=\"wp-block-column columnaformulario onlydesktop is-layout-flow wp-block-column-is-layout-flow\">\n<div style=\"height:206px\" aria-hidden=\"true\" class=\"wp-block-spacer ocultarmovil\"><\/div>\n<\/div>\n<\/div>\n<\/div><\/div>\n\n\n\n<div class=\"wp-block-group\"><div class=\"wp-block-group__inner-container is-layout-flow wp-block-group-is-layout-flow\">\n<p>El acuerdo de colaboraci\u00f3n entre el grupo sanitario Ribera y la Universidad de Vigo establece la creaci\u00f3n de la C\u00e1tedra Ribera Povisa en Innovaci\u00f3n en Salud, cuyo objetivo es implementar un programa de desarrollo acad\u00e9mico-profesional para el profesorado de la Escuela Universitaria de Enfermer\u00eda.<\/p>\n\n\n\n<p>La C\u00e1tedra Ribera Povisa en Innovaci\u00f3n en Salud fomenta el desarrollo de competencias y herramientas innovadoras en las Ciencias de la Salud. Promueve actividades para impulsar y reconocer la investigaci\u00f3n en este \u00e1mbito, y desarrolla el Curso avanzado de posgrado en Metodolog\u00eda de la Investigaci\u00f3n en Ciencias de la Salud.<\/p>\n\n\n\n<div style=\"height:20px\" aria-hidden=\"true\" class=\"wp-block-spacer\"><\/div>\n\n\n\n<h2 class=\"wp-block-heading has-text-align-left\">Direcci\u00f3n y comisi\u00f3n de seguimiento<\/h2>\n\n\n\n<p><strong>Director de la C\u00e1tedra:<\/strong> Vicente Romo P\u00e9rez, profesor de la Universidad de Vigo.<\/p>\n\n\n\n<p><strong>Secretario de la&nbsp;C\u00e1tedra: <\/strong>Manuel Torres Vizcaya, Director de la EUE Ribera Povisa.<\/p>\n\n\n\n<p><strong>Comisi\u00f3n de seguimiento:&nbsp;<\/strong><\/p>\n\n\n\n<ul class=\"wp-block-list\">\n<li>Bel\u00e9n Rubio Armesto, Vicerrectora de Investigaci\u00f3n, Transferencia e Innovaci\u00f3n.<\/li>\n\n\n\n<li>Rafael Dur\u00e1n Barbosa, Decano comisario de la Facultad de Enfermer\u00eda.<\/li>\n\n\n\n<li>Manuel Torres Vizcaya, Director de la EUE Ribera Povisa<\/li>\n\n\n\n<li>Javier de la Fuente Aguado, Representante del Grupo Ribera.<\/li>\n<\/ul>\n\n\n\n<div style=\"height:30px\" aria-hidden=\"true\" class=\"wp-block-spacer\"><\/div>\n\n\n\n<div class=\"wp-block-buttons is-layout-flex wp-block-buttons-is-layout-flex\">\n<div class=\"wp-block-button\"><a class=\"wp-block-button__link has-background wp-element-button\" href=\"https:\/\/www.riberasalud.com\/cepovisa\/escuela-universitaria-de-enfermeria\/catedra-actividades\/\" style=\"background-color:#d71029\">Actividades de la c\u00e1tedra<\/a><\/div>\n<\/div>\n<\/div><\/div>\n\n\n\n<p><\/p>\n","protected":false},"excerpt":{"rendered":"<p>C\u00e1tedra Ribera Povisa en Innovaci\u00f3n en Salud La C\u00e1tedra Ribera Povisa en Innovaci\u00f3n en Salud fomenta el desarrollo de competencias y herramientas innovadoras en las Ciencias de la Salud El acuerdo de colaboraci\u00f3n entre el grupo sanitario Ribera y la Universidad de Vigo establece la creaci\u00f3n de la C\u00e1tedra Ribera Povisa en Innovaci\u00f3n en Salud, &#8230; <a title=\"C\u00e1tedra Presentaci\u00f3n\" class=\"read-more\" href=\"https:\/\/riberasalud.com\/cepovisa\/escuela-universitaria-de-enfermeria\/catedra-presentacion\/\" aria-label=\"Leer m\u00e1s sobre C\u00e1tedra Presentaci\u00f3n\">Leer m\u00e1s<\/a><\/p>\n","protected":false},"author":2,"featured_media":0,"parent":6296,"menu_order":0,"comment_status":"closed","ping_status":"closed","template":"","meta":{"_mi_skip_tracking":false,"footnotes":""},"class_list":["post-6556","page","type-page","status-publish"],"yoast_head":"<!-- This site is optimized with the Yoast SEO plugin v26.6 - https:\/\/yoast.com\/wordpress\/plugins\/seo\/ -->\n<title>C\u00e1tedra Presentaci\u00f3n - Cepovisa<\/title>\n<meta name=\"description\" content=\"La C\u00e1tedra Ribera Povisa en Innovaci\u00f3n en Salud fomenta el desarrollo de competencias y herramientas innovadoras en las Ciencias de la Salud\" \/>\n<meta name=\"robots\" content=\"index, follow, max-snippet:-1, max-image-preview:large, max-video-preview:-1\" \/>\n<link rel=\"canonical\" href=\"https:\/\/riberasalud.com\/cepovisa\/escuela-universitaria-de-enfermeria\/catedra-presentacion\/\" \/>\n<meta property=\"og:locale\" content=\"es_ES\" \/>\n<meta property=\"og:type\" content=\"article\" \/>\n<meta property=\"og:title\" content=\"C\u00e1tedra Presentaci\u00f3n - Cepovisa\" \/>\n<meta property=\"og:description\" content=\"La C\u00e1tedra Ribera Povisa en Innovaci\u00f3n en Salud fomenta el desarrollo de competencias y herramientas innovadoras en las Ciencias de la Salud\" \/>\n<meta property=\"og:url\" content=\"https:\/\/riberasalud.com\/cepovisa\/escuela-universitaria-de-enfermeria\/catedra-presentacion\/\" \/>\n<meta property=\"og:site_name\" content=\"Cepovisa\" \/>\n<meta property=\"article:modified_time\" content=\"2026-03-27T10:41:07+00:00\" \/>\n<meta name=\"twitter:card\" content=\"summary_large_image\" \/>\n<meta name=\"twitter:label1\" content=\"Tiempo de lectura\" \/>\n\t<meta name=\"twitter:data1\" content=\"1 minuto\" \/>\n<script type=\"application\/ld+json\" class=\"yoast-schema-graph\">{\"@context\":\"https:\/\/schema.org\",\"@graph\":[{\"@type\":\"WebPage\",\"@id\":\"https:\/\/riberasalud.com\/cepovisa\/escuela-universitaria-de-enfermeria\/catedra-presentacion\/\",\"url\":\"https:\/\/riberasalud.com\/cepovisa\/escuela-universitaria-de-enfermeria\/catedra-presentacion\/\",\"name\":\"C\u00e1tedra Presentaci\u00f3n - Cepovisa\",\"isPartOf\":{\"@id\":\"https:\/\/riberasalud.com\/cepovisa\/#website\"},\"datePublished\":\"2024-09-27T11:31:58+00:00\",\"dateModified\":\"2026-03-27T10:41:07+00:00\",\"description\":\"La C\u00e1tedra Ribera Povisa en Innovaci\u00f3n en Salud fomenta el desarrollo de competencias y herramientas innovadoras en las Ciencias de la Salud\",\"breadcrumb\":{\"@id\":\"https:\/\/riberasalud.com\/cepovisa\/escuela-universitaria-de-enfermeria\/catedra-presentacion\/#breadcrumb\"},\"inLanguage\":\"es\",\"potentialAction\":[{\"@type\":\"ReadAction\",\"target\":[\"https:\/\/riberasalud.com\/cepovisa\/escuela-universitaria-de-enfermeria\/catedra-presentacion\/\"]}]},{\"@type\":\"BreadcrumbList\",\"@id\":\"https:\/\/riberasalud.com\/cepovisa\/escuela-universitaria-de-enfermeria\/catedra-presentacion\/#breadcrumb\",\"itemListElement\":[{\"@type\":\"ListItem\",\"position\":1,\"name\":\"Portada\",\"item\":\"https:\/\/riberasalud.com\/cepovisa\/\"},{\"@type\":\"ListItem\",\"position\":2,\"name\":\"Escuela Universitaria de Enfermer\u00eda\",\"item\":\"https:\/\/riberasalud.com\/cepovisa\/escuela-universitaria-de-enfermeria\/\"},{\"@type\":\"ListItem\",\"position\":3,\"name\":\"C\u00e1tedra Presentaci\u00f3n\"}]},{\"@type\":\"WebSite\",\"@id\":\"https:\/\/riberasalud.com\/cepovisa\/#website\",\"url\":\"https:\/\/riberasalud.com\/cepovisa\/\",\"name\":\"Cepovisa\",\"description\":\"\",\"publisher\":{\"@id\":\"https:\/\/riberasalud.com\/cepovisa\/#organization\"},\"potentialAction\":[{\"@type\":\"SearchAction\",\"target\":{\"@type\":\"EntryPoint\",\"urlTemplate\":\"https:\/\/riberasalud.com\/cepovisa\/?s={search_term_string}\"},\"query-input\":{\"@type\":\"PropertyValueSpecification\",\"valueRequired\":true,\"valueName\":\"search_term_string\"}}],\"inLanguage\":\"es\"},{\"@type\":\"Organization\",\"@id\":\"https:\/\/riberasalud.com\/cepovisa\/#organization\",\"name\":\"Cepovisa\",\"url\":\"https:\/\/riberasalud.com\/cepovisa\/\",\"logo\":{\"@type\":\"ImageObject\",\"inLanguage\":\"es\",\"@id\":\"https:\/\/riberasalud.com\/cepovisa\/#\/schema\/logo\/image\/\",\"url\":\"https:\/\/riberasalud.com\/cepovisa\/wp-content\/uploads\/2024\/08\/cropped-FORMACIONPROFESIONAL-cepivsa-logo.png\",\"contentUrl\":\"https:\/\/riberasalud.com\/cepovisa\/wp-content\/uploads\/2024\/08\/cropped-FORMACIONPROFESIONAL-cepivsa-logo.png\",\"width\":847,\"height\":94,\"caption\":\"Cepovisa\"},\"image\":{\"@id\":\"https:\/\/riberasalud.com\/cepovisa\/#\/schema\/logo\/image\/\"}}]}<\/script>\n<!-- \/ Yoast SEO plugin. -->","yoast_head_json":{"title":"C\u00e1tedra Presentaci\u00f3n - Cepovisa","description":"La C\u00e1tedra Ribera Povisa en Innovaci\u00f3n en Salud fomenta el desarrollo de competencias y herramientas innovadoras en las Ciencias de la Salud","robots":{"index":"index","follow":"follow","max-snippet":"max-snippet:-1","max-image-preview":"max-image-preview:large","max-video-preview":"max-video-preview:-1"},"canonical":"https:\/\/riberasalud.com\/cepovisa\/escuela-universitaria-de-enfermeria\/catedra-presentacion\/","og_locale":"es_ES","og_type":"article","og_title":"C\u00e1tedra Presentaci\u00f3n - Cepovisa","og_description":"La C\u00e1tedra Ribera Povisa en Innovaci\u00f3n en Salud fomenta el desarrollo de competencias y herramientas innovadoras en las Ciencias de la Salud","og_url":"https:\/\/riberasalud.com\/cepovisa\/escuela-universitaria-de-enfermeria\/catedra-presentacion\/","og_site_name":"Cepovisa","article_modified_time":"2026-03-27T10:41:07+00:00","twitter_card":"summary_large_image","twitter_misc":{"Tiempo de lectura":"1 minuto"},"schema":{"@context":"https:\/\/schema.org","@graph":[{"@type":"WebPage","@id":"https:\/\/riberasalud.com\/cepovisa\/escuela-universitaria-de-enfermeria\/catedra-presentacion\/","url":"https:\/\/riberasalud.com\/cepovisa\/escuela-universitaria-de-enfermeria\/catedra-presentacion\/","name":"C\u00e1tedra Presentaci\u00f3n - Cepovisa","isPartOf":{"@id":"https:\/\/riberasalud.com\/cepovisa\/#website"},"datePublished":"2024-09-27T11:31:58+00:00","dateModified":"2026-03-27T10:41:07+00:00","description":"La C\u00e1tedra Ribera Povisa en Innovaci\u00f3n en Salud fomenta el desarrollo de competencias y herramientas innovadoras en las Ciencias de la Salud","breadcrumb":{"@id":"https:\/\/riberasalud.com\/cepovisa\/escuela-universitaria-de-enfermeria\/catedra-presentacion\/#breadcrumb"},"inLanguage":"es","potentialAction":[{"@type":"ReadAction","target":["https:\/\/riberasalud.com\/cepovisa\/escuela-universitaria-de-enfermeria\/catedra-presentacion\/"]}]},{"@type":"BreadcrumbList","@id":"https:\/\/riberasalud.com\/cepovisa\/escuela-universitaria-de-enfermeria\/catedra-presentacion\/#breadcrumb","itemListElement":[{"@type":"ListItem","position":1,"name":"Portada","item":"https:\/\/riberasalud.com\/cepovisa\/"},{"@type":"ListItem","position":2,"name":"Escuela Universitaria de Enfermer\u00eda","item":"https:\/\/riberasalud.com\/cepovisa\/escuela-universitaria-de-enfermeria\/"},{"@type":"ListItem","position":3,"name":"C\u00e1tedra Presentaci\u00f3n"}]},{"@type":"WebSite","@id":"https:\/\/riberasalud.com\/cepovisa\/#website","url":"https:\/\/riberasalud.com\/cepovisa\/","name":"Cepovisa","description":"","publisher":{"@id":"https:\/\/riberasalud.com\/cepovisa\/#organization"},"potentialAction":[{"@type":"SearchAction","target":{"@type":"EntryPoint","urlTemplate":"https:\/\/riberasalud.com\/cepovisa\/?s={search_term_string}"},"query-input":{"@type":"PropertyValueSpecification","valueRequired":true,"valueName":"search_term_string"}}],"inLanguage":"es"},{"@type":"Organization","@id":"https:\/\/riberasalud.com\/cepovisa\/#organization","name":"Cepovisa","url":"https:\/\/riberasalud.com\/cepovisa\/","logo":{"@type":"ImageObject","inLanguage":"es","@id":"https:\/\/riberasalud.com\/cepovisa\/#\/schema\/logo\/image\/","url":"https:\/\/riberasalud.com\/cepovisa\/wp-content\/uploads\/2024\/08\/cropped-FORMACIONPROFESIONAL-cepivsa-logo.png","contentUrl":"https:\/\/riberasalud.com\/cepovisa\/wp-content\/uploads\/2024\/08\/cropped-FORMACIONPROFESIONAL-cepivsa-logo.png","width":847,"height":94,"caption":"Cepovisa"},"image":{"@id":"https:\/\/riberasalud.com\/cepovisa\/#\/schema\/logo\/image\/"}}]}},"_links":{"self":[{"href":"https:\/\/riberasalud.com\/cepovisa\/wp-json\/wp\/v2\/pages\/6556","targetHints":{"allow":["GET"]}}],"collection":[{"href":"https:\/\/riberasalud.com\/cepovisa\/wp-json\/wp\/v2\/pages"}],"about":[{"href":"https:\/\/riberasalud.com\/cepovisa\/wp-json\/wp\/v2\/types\/page"}],"author":[{"embeddable":true,"href":"https:\/\/riberasalud.com\/cepovisa\/wp-json\/wp\/v2\/users\/2"}],"replies":[{"embeddable":true,"href":"https:\/\/riberasalud.com\/cepovisa\/wp-json\/wp\/v2\/comments?post=6556"}],"version-history":[{"count":6,"href":"https:\/\/riberasalud.com\/cepovisa\/wp-json\/wp\/v2\/pages\/6556\/revisions"}],"predecessor-version":[{"id":10343,"href":"https:\/\/riberasalud.com\/cepovisa\/wp-json\/wp\/v2\/pages\/6556\/revisions\/10343"}],"up":[{"embeddable":true,"href":"https:\/\/riberasalud.com\/cepovisa\/wp-json\/wp\/v2\/pages\/6296"}],"wp:attachment":[{"href":"https:\/\/riberasalud.com\/cepovisa\/wp-json\/wp\/v2\/media?parent=6556"}],"curies":[{"name":"wp","href":"https:\/\/api.w.org\/{rel}","templated":true}]}}