{"id":647,"date":"2022-05-12T14:52:08","date_gmt":"2022-05-12T14:52:08","guid":{"rendered":"https:\/\/riberasalud.com\/cepovisa\/?page_id=647"},"modified":"2026-03-10T11:06:13","modified_gmt":"2026-03-10T11:06:13","slug":"examenes","status":"publish","type":"page","link":"https:\/\/riberasalud.com\/cepovisa\/escuela-universitaria\/docencia\/examenes\/","title":{"rendered":"Ex\u00e1menes"},"content":{"rendered":"\n<div class=\"wp-block-group bannersolotexto\"><div class=\"wp-block-group__inner-container is-layout-flow wp-block-group-is-layout-flow\">\n<h1 class=\"wp-block-heading\">Ex\u00e1menes<\/h1>\n\n\n\n<p>Inf\u00f3rmate sobre las pruebas de aptitud<\/p>\n<\/div><\/div>\n\n\n\n<div class=\"wp-block-group\"><div class=\"wp-block-group__inner-container is-layout-flow wp-block-group-is-layout-flow\">\n<h2 class=\"wp-block-heading\">Ex\u00e1menes curso acad\u00e9mico 2025-2026<\/h2>\n\n\n\n<figure class=\"wp-block-image size-full\"><img loading=\"lazy\" decoding=\"async\" width=\"2560\" height=\"1810\" src=\"https:\/\/riberasalud.com\/cepovisa\/wp-content\/uploads\/2025\/10\/EXAMENES-25-26-1o-SEMESTRE1-OPORT-scaled.jpg\" alt=\"EXAMENES 25 - 26 1\u00ba SEMESTRE1 OPORT\" class=\"wp-image-10131\" srcset=\"https:\/\/riberasalud.com\/cepovisa\/wp-content\/uploads\/2025\/10\/EXAMENES-25-26-1o-SEMESTRE1-OPORT-scaled.jpg 2560w, https:\/\/riberasalud.com\/cepovisa\/wp-content\/uploads\/2025\/10\/EXAMENES-25-26-1o-SEMESTRE1-OPORT-300x212.jpg 300w, https:\/\/riberasalud.com\/cepovisa\/wp-content\/uploads\/2025\/10\/EXAMENES-25-26-1o-SEMESTRE1-OPORT-1024x724.jpg 1024w, https:\/\/riberasalud.com\/cepovisa\/wp-content\/uploads\/2025\/10\/EXAMENES-25-26-1o-SEMESTRE1-OPORT-768x543.jpg 768w, https:\/\/riberasalud.com\/cepovisa\/wp-content\/uploads\/2025\/10\/EXAMENES-25-26-1o-SEMESTRE1-OPORT-1536x1086.jpg 1536w, https:\/\/riberasalud.com\/cepovisa\/wp-content\/uploads\/2025\/10\/EXAMENES-25-26-1o-SEMESTRE1-OPORT-2048x1448.jpg 2048w\" sizes=\"auto, (max-width: 2560px) 100vw, 2560px\" \/><\/figure>\n\n\n\n<figure class=\"wp-block-image size-full\"><img loading=\"lazy\" decoding=\"async\" width=\"2560\" height=\"1810\" src=\"https:\/\/riberasalud.com\/cepovisa\/wp-content\/uploads\/2025\/10\/EXAMENES-25-26-2o-SEMESTRE-1-OPORT-scaled.jpg\" alt=\"EXAMENES 25 - 26 2\u00ba SEMESTRE 1 OPORT\" class=\"wp-image-10132\" srcset=\"https:\/\/riberasalud.com\/cepovisa\/wp-content\/uploads\/2025\/10\/EXAMENES-25-26-2o-SEMESTRE-1-OPORT-scaled.jpg 2560w, https:\/\/riberasalud.com\/cepovisa\/wp-content\/uploads\/2025\/10\/EXAMENES-25-26-2o-SEMESTRE-1-OPORT-300x212.jpg 300w, https:\/\/riberasalud.com\/cepovisa\/wp-content\/uploads\/2025\/10\/EXAMENES-25-26-2o-SEMESTRE-1-OPORT-1024x724.jpg 1024w, https:\/\/riberasalud.com\/cepovisa\/wp-content\/uploads\/2025\/10\/EXAMENES-25-26-2o-SEMESTRE-1-OPORT-768x543.jpg 768w, https:\/\/riberasalud.com\/cepovisa\/wp-content\/uploads\/2025\/10\/EXAMENES-25-26-2o-SEMESTRE-1-OPORT-1536x1086.jpg 1536w, https:\/\/riberasalud.com\/cepovisa\/wp-content\/uploads\/2025\/10\/EXAMENES-25-26-2o-SEMESTRE-1-OPORT-2048x1448.jpg 2048w\" sizes=\"auto, (max-width: 2560px) 100vw, 2560px\" \/><\/figure>\n\n\n\n<figure class=\"wp-block-image size-full\"><img loading=\"lazy\" decoding=\"async\" width=\"1800\" height=\"1273\" src=\"https:\/\/riberasalud.com\/cepovisa\/wp-content\/uploads\/2026\/03\/Examenes2oportunidad.jpg\" alt=\"Examenes 2 oportunidad\" class=\"wp-image-10336\" srcset=\"https:\/\/riberasalud.com\/cepovisa\/wp-content\/uploads\/2026\/03\/Examenes2oportunidad.jpg 1800w, https:\/\/riberasalud.com\/cepovisa\/wp-content\/uploads\/2026\/03\/Examenes2oportunidad-300x212.jpg 300w, https:\/\/riberasalud.com\/cepovisa\/wp-content\/uploads\/2026\/03\/Examenes2oportunidad-1024x724.jpg 1024w, https:\/\/riberasalud.com\/cepovisa\/wp-content\/uploads\/2026\/03\/Examenes2oportunidad-768x543.jpg 768w, https:\/\/riberasalud.com\/cepovisa\/wp-content\/uploads\/2026\/03\/Examenes2oportunidad-1536x1086.jpg 1536w\" sizes=\"auto, (max-width: 1800px) 100vw, 1800px\" \/><\/figure>\n\n\n\n<h2 class=\"wp-block-heading\">Otros documentos<\/h2>\n\n\n\n<ul class=\"wp-block-list\">\n<li><a href=\"https:\/\/riberasalud.com\/cepovisa\/wp-content\/uploads\/2022\/05\/AvaliacionCompensacionGrao-1.pdf\">Solicitud Evaluaci\u00f3n por compensaci\u00f3n<\/a><\/li>\n\n\n\n<li><a href=\"https:\/\/www.riberasalud.com\/cepovisa\/wp-content\/uploads\/2023\/09\/renuncia_evaluacion_continua.docx.pdf\">Renuncia a la evaluaci\u00f3n continua<\/a><\/li>\n<\/ul>\n<\/div><\/div>\n\n\n\n<p><\/p>\n","protected":false},"excerpt":{"rendered":"<p>Ex\u00e1menes Inf\u00f3rmate sobre las pruebas de aptitud Ex\u00e1menes curso acad\u00e9mico 2025-2026 Otros documentos<\/p>\n","protected":false},"author":1,"featured_media":0,"parent":487,"menu_order":0,"comment_status":"closed","ping_status":"closed","template":"","meta":{"_mi_skip_tracking":false,"footnotes":""},"class_list":["post-647","page","type-page","status-publish"],"yoast_head":"<!-- This site is optimized with the Yoast SEO plugin v26.6 - https:\/\/yoast.com\/wordpress\/plugins\/seo\/ -->\n<title>Ex\u00e1menes - Cepovisa<\/title>\n<meta name=\"description\" content=\"Ex\u00e1menes Inf\u00f3rmate sobre las pruebas de aptitud Ex\u00e1menes curso acad\u00e9mico 2025-2026 Otros documentos Solicitud Evaluaci\u00f3n por compensaci\u00f3n Renuncia a la\" \/>\n<meta name=\"robots\" content=\"index, follow, max-snippet:-1, max-image-preview:large, max-video-preview:-1\" \/>\n<link rel=\"canonical\" href=\"https:\/\/riberasalud.com\/cepovisa\/escuela-universitaria\/docencia\/examenes\/\" \/>\n<meta property=\"og:locale\" content=\"es_ES\" \/>\n<meta property=\"og:type\" content=\"article\" \/>\n<meta property=\"og:title\" content=\"Ex\u00e1menes - Cepovisa\" \/>\n<meta property=\"og:description\" content=\"Ex\u00e1menes Inf\u00f3rmate sobre las pruebas de aptitud Ex\u00e1menes curso acad\u00e9mico 2025-2026 Otros documentos Solicitud Evaluaci\u00f3n por compensaci\u00f3n Renuncia a la\" \/>\n<meta property=\"og:url\" content=\"https:\/\/riberasalud.com\/cepovisa\/escuela-universitaria\/docencia\/examenes\/\" \/>\n<meta property=\"og:site_name\" content=\"Cepovisa\" \/>\n<meta property=\"article:modified_time\" content=\"2026-03-10T11:06:13+00:00\" \/>\n<meta property=\"og:image\" content=\"https:\/\/riberasalud.com\/cepovisa\/wp-content\/uploads\/2025\/10\/EXAMENES-25-26-1o-SEMESTRE1-OPORT-scaled.jpg\" \/>\n\t<meta property=\"og:image:width\" content=\"2560\" \/>\n\t<meta property=\"og:image:height\" content=\"1810\" \/>\n\t<meta property=\"og:image:type\" content=\"image\/jpeg\" \/>\n<meta name=\"twitter:card\" content=\"summary_large_image\" \/>\n<meta name=\"twitter:label1\" content=\"Tiempo de lectura\" \/>\n\t<meta name=\"twitter:data1\" content=\"1 minuto\" \/>\n<script type=\"application\/ld+json\" class=\"yoast-schema-graph\">{\"@context\":\"https:\/\/schema.org\",\"@graph\":[{\"@type\":\"WebPage\",\"@id\":\"https:\/\/riberasalud.com\/cepovisa\/escuela-universitaria\/docencia\/examenes\/\",\"url\":\"https:\/\/riberasalud.com\/cepovisa\/escuela-universitaria\/docencia\/examenes\/\",\"name\":\"Ex\u00e1menes - Cepovisa\",\"isPartOf\":{\"@id\":\"https:\/\/riberasalud.com\/cepovisa\/#website\"},\"primaryImageOfPage\":{\"@id\":\"https:\/\/riberasalud.com\/cepovisa\/escuela-universitaria\/docencia\/examenes\/#primaryimage\"},\"image\":{\"@id\":\"https:\/\/riberasalud.com\/cepovisa\/escuela-universitaria\/docencia\/examenes\/#primaryimage\"},\"thumbnailUrl\":\"https:\/\/riberasalud.com\/cepovisa\/wp-content\/uploads\/2025\/10\/EXAMENES-25-26-1o-SEMESTRE1-OPORT-scaled.jpg\",\"datePublished\":\"2022-05-12T14:52:08+00:00\",\"dateModified\":\"2026-03-10T11:06:13+00:00\",\"description\":\"Ex\u00e1menes Inf\u00f3rmate sobre las pruebas de aptitud Ex\u00e1menes curso acad\u00e9mico 2025-2026 Otros documentos Solicitud Evaluaci\u00f3n por compensaci\u00f3n Renuncia a la\",\"breadcrumb\":{\"@id\":\"https:\/\/riberasalud.com\/cepovisa\/escuela-universitaria\/docencia\/examenes\/#breadcrumb\"},\"inLanguage\":\"es\",\"potentialAction\":[{\"@type\":\"ReadAction\",\"target\":[\"https:\/\/riberasalud.com\/cepovisa\/escuela-universitaria\/docencia\/examenes\/\"]}]},{\"@type\":\"ImageObject\",\"inLanguage\":\"es\",\"@id\":\"https:\/\/riberasalud.com\/cepovisa\/escuela-universitaria\/docencia\/examenes\/#primaryimage\",\"url\":\"https:\/\/riberasalud.com\/cepovisa\/wp-content\/uploads\/2025\/10\/EXAMENES-25-26-1o-SEMESTRE1-OPORT-scaled.jpg\",\"contentUrl\":\"https:\/\/riberasalud.com\/cepovisa\/wp-content\/uploads\/2025\/10\/EXAMENES-25-26-1o-SEMESTRE1-OPORT-scaled.jpg\",\"width\":2560,\"height\":1810,\"caption\":\"EXAMENES 25 - 26 1\u00ba SEMESTRE1 OPORT\"},{\"@type\":\"BreadcrumbList\",\"@id\":\"https:\/\/riberasalud.com\/cepovisa\/escuela-universitaria\/docencia\/examenes\/#breadcrumb\",\"itemListElement\":[{\"@type\":\"ListItem\",\"position\":1,\"name\":\"Portada\",\"item\":\"https:\/\/riberasalud.com\/cepovisa\/\"},{\"@type\":\"ListItem\",\"position\":2,\"name\":\"Escuela Universitaria de enfermer\u00eda\",\"item\":\"https:\/\/riberasalud.com\/cepovisa\/escuela-universitaria\/\"},{\"@type\":\"ListItem\",\"position\":3,\"name\":\"Docencia\",\"item\":\"https:\/\/riberasalud.com\/cepovisa\/escuela-universitaria\/docencia\/\"},{\"@type\":\"ListItem\",\"position\":4,\"name\":\"Ex\u00e1menes\"}]},{\"@type\":\"WebSite\",\"@id\":\"https:\/\/riberasalud.com\/cepovisa\/#website\",\"url\":\"https:\/\/riberasalud.com\/cepovisa\/\",\"name\":\"Cepovisa\",\"description\":\"\",\"publisher\":{\"@id\":\"https:\/\/riberasalud.com\/cepovisa\/#organization\"},\"potentialAction\":[{\"@type\":\"SearchAction\",\"target\":{\"@type\":\"EntryPoint\",\"urlTemplate\":\"https:\/\/riberasalud.com\/cepovisa\/?s={search_term_string}\"},\"query-input\":{\"@type\":\"PropertyValueSpecification\",\"valueRequired\":true,\"valueName\":\"search_term_string\"}}],\"inLanguage\":\"es\"},{\"@type\":\"Organization\",\"@id\":\"https:\/\/riberasalud.com\/cepovisa\/#organization\",\"name\":\"Cepovisa\",\"url\":\"https:\/\/riberasalud.com\/cepovisa\/\",\"logo\":{\"@type\":\"ImageObject\",\"inLanguage\":\"es\",\"@id\":\"https:\/\/riberasalud.com\/cepovisa\/#\/schema\/logo\/image\/\",\"url\":\"https:\/\/riberasalud.com\/cepovisa\/wp-content\/uploads\/2024\/08\/cropped-FORMACIONPROFESIONAL-cepivsa-logo.png\",\"contentUrl\":\"https:\/\/riberasalud.com\/cepovisa\/wp-content\/uploads\/2024\/08\/cropped-FORMACIONPROFESIONAL-cepivsa-logo.png\",\"width\":847,\"height\":94,\"caption\":\"Cepovisa\"},\"image\":{\"@id\":\"https:\/\/riberasalud.com\/cepovisa\/#\/schema\/logo\/image\/\"}}]}<\/script>\n<!-- \/ Yoast SEO plugin. -->","yoast_head_json":{"title":"Ex\u00e1menes - Cepovisa","description":"Ex\u00e1menes Inf\u00f3rmate sobre las pruebas de aptitud Ex\u00e1menes curso acad\u00e9mico 2025-2026 Otros documentos Solicitud Evaluaci\u00f3n por compensaci\u00f3n Renuncia a la","robots":{"index":"index","follow":"follow","max-snippet":"max-snippet:-1","max-image-preview":"max-image-preview:large","max-video-preview":"max-video-preview:-1"},"canonical":"https:\/\/riberasalud.com\/cepovisa\/escuela-universitaria\/docencia\/examenes\/","og_locale":"es_ES","og_type":"article","og_title":"Ex\u00e1menes - Cepovisa","og_description":"Ex\u00e1menes Inf\u00f3rmate sobre las pruebas de aptitud Ex\u00e1menes curso acad\u00e9mico 2025-2026 Otros documentos Solicitud Evaluaci\u00f3n por compensaci\u00f3n Renuncia a la","og_url":"https:\/\/riberasalud.com\/cepovisa\/escuela-universitaria\/docencia\/examenes\/","og_site_name":"Cepovisa","article_modified_time":"2026-03-10T11:06:13+00:00","og_image":[{"width":2560,"height":1810,"url":"https:\/\/riberasalud.com\/cepovisa\/wp-content\/uploads\/2025\/10\/EXAMENES-25-26-1o-SEMESTRE1-OPORT-scaled.jpg","type":"image\/jpeg"}],"twitter_card":"summary_large_image","twitter_misc":{"Tiempo de lectura":"1 minuto"},"schema":{"@context":"https:\/\/schema.org","@graph":[{"@type":"WebPage","@id":"https:\/\/riberasalud.com\/cepovisa\/escuela-universitaria\/docencia\/examenes\/","url":"https:\/\/riberasalud.com\/cepovisa\/escuela-universitaria\/docencia\/examenes\/","name":"Ex\u00e1menes - Cepovisa","isPartOf":{"@id":"https:\/\/riberasalud.com\/cepovisa\/#website"},"primaryImageOfPage":{"@id":"https:\/\/riberasalud.com\/cepovisa\/escuela-universitaria\/docencia\/examenes\/#primaryimage"},"image":{"@id":"https:\/\/riberasalud.com\/cepovisa\/escuela-universitaria\/docencia\/examenes\/#primaryimage"},"thumbnailUrl":"https:\/\/riberasalud.com\/cepovisa\/wp-content\/uploads\/2025\/10\/EXAMENES-25-26-1o-SEMESTRE1-OPORT-scaled.jpg","datePublished":"2022-05-12T14:52:08+00:00","dateModified":"2026-03-10T11:06:13+00:00","description":"Ex\u00e1menes Inf\u00f3rmate sobre las pruebas de aptitud Ex\u00e1menes curso acad\u00e9mico 2025-2026 Otros documentos Solicitud Evaluaci\u00f3n por compensaci\u00f3n Renuncia a la","breadcrumb":{"@id":"https:\/\/riberasalud.com\/cepovisa\/escuela-universitaria\/docencia\/examenes\/#breadcrumb"},"inLanguage":"es","potentialAction":[{"@type":"ReadAction","target":["https:\/\/riberasalud.com\/cepovisa\/escuela-universitaria\/docencia\/examenes\/"]}]},{"@type":"ImageObject","inLanguage":"es","@id":"https:\/\/riberasalud.com\/cepovisa\/escuela-universitaria\/docencia\/examenes\/#primaryimage","url":"https:\/\/riberasalud.com\/cepovisa\/wp-content\/uploads\/2025\/10\/EXAMENES-25-26-1o-SEMESTRE1-OPORT-scaled.jpg","contentUrl":"https:\/\/riberasalud.com\/cepovisa\/wp-content\/uploads\/2025\/10\/EXAMENES-25-26-1o-SEMESTRE1-OPORT-scaled.jpg","width":2560,"height":1810,"caption":"EXAMENES 25 - 26 1\u00ba SEMESTRE1 OPORT"},{"@type":"BreadcrumbList","@id":"https:\/\/riberasalud.com\/cepovisa\/escuela-universitaria\/docencia\/examenes\/#breadcrumb","itemListElement":[{"@type":"ListItem","position":1,"name":"Portada","item":"https:\/\/riberasalud.com\/cepovisa\/"},{"@type":"ListItem","position":2,"name":"Escuela Universitaria de enfermer\u00eda","item":"https:\/\/riberasalud.com\/cepovisa\/escuela-universitaria\/"},{"@type":"ListItem","position":3,"name":"Docencia","item":"https:\/\/riberasalud.com\/cepovisa\/escuela-universitaria\/docencia\/"},{"@type":"ListItem","position":4,"name":"Ex\u00e1menes"}]},{"@type":"WebSite","@id":"https:\/\/riberasalud.com\/cepovisa\/#website","url":"https:\/\/riberasalud.com\/cepovisa\/","name":"Cepovisa","description":"","publisher":{"@id":"https:\/\/riberasalud.com\/cepovisa\/#organization"},"potentialAction":[{"@type":"SearchAction","target":{"@type":"EntryPoint","urlTemplate":"https:\/\/riberasalud.com\/cepovisa\/?s={search_term_string}"},"query-input":{"@type":"PropertyValueSpecification","valueRequired":true,"valueName":"search_term_string"}}],"inLanguage":"es"},{"@type":"Organization","@id":"https:\/\/riberasalud.com\/cepovisa\/#organization","name":"Cepovisa","url":"https:\/\/riberasalud.com\/cepovisa\/","logo":{"@type":"ImageObject","inLanguage":"es","@id":"https:\/\/riberasalud.com\/cepovisa\/#\/schema\/logo\/image\/","url":"https:\/\/riberasalud.com\/cepovisa\/wp-content\/uploads\/2024\/08\/cropped-FORMACIONPROFESIONAL-cepivsa-logo.png","contentUrl":"https:\/\/riberasalud.com\/cepovisa\/wp-content\/uploads\/2024\/08\/cropped-FORMACIONPROFESIONAL-cepivsa-logo.png","width":847,"height":94,"caption":"Cepovisa"},"image":{"@id":"https:\/\/riberasalud.com\/cepovisa\/#\/schema\/logo\/image\/"}}]}},"_links":{"self":[{"href":"https:\/\/riberasalud.com\/cepovisa\/wp-json\/wp\/v2\/pages\/647","targetHints":{"allow":["GET"]}}],"collection":[{"href":"https:\/\/riberasalud.com\/cepovisa\/wp-json\/wp\/v2\/pages"}],"about":[{"href":"https:\/\/riberasalud.com\/cepovisa\/wp-json\/wp\/v2\/types\/page"}],"author":[{"embeddable":true,"href":"https:\/\/riberasalud.com\/cepovisa\/wp-json\/wp\/v2\/users\/1"}],"replies":[{"embeddable":true,"href":"https:\/\/riberasalud.com\/cepovisa\/wp-json\/wp\/v2\/comments?post=647"}],"version-history":[{"count":19,"href":"https:\/\/riberasalud.com\/cepovisa\/wp-json\/wp\/v2\/pages\/647\/revisions"}],"predecessor-version":[{"id":10337,"href":"https:\/\/riberasalud.com\/cepovisa\/wp-json\/wp\/v2\/pages\/647\/revisions\/10337"}],"up":[{"embeddable":true,"href":"https:\/\/riberasalud.com\/cepovisa\/wp-json\/wp\/v2\/pages\/487"}],"wp:attachment":[{"href":"https:\/\/riberasalud.com\/cepovisa\/wp-json\/wp\/v2\/media?parent=647"}],"curies":[{"name":"wp","href":"https:\/\/api.w.org\/{rel}","templated":true}]}}