{"id":6458,"date":"2024-08-21T10:34:07","date_gmt":"2024-08-21T10:34:07","guid":{"rendered":"https:\/\/www.riberasalud.com\/cepovisa\/?page_id=6458"},"modified":"2024-10-03T09:18:59","modified_gmt":"2024-10-03T09:18:59","slug":"catedra","status":"publish","type":"page","link":"https:\/\/riberasalud.com\/cepovisa\/escuela-universitaria-de-enfermeria\/catedra\/","title":{"rendered":"C\u00e1tedra"},"content":{"rendered":"\n<div class=\"wp-block-group slidercatedra\"><div class=\"wp-block-group__inner-container is-layout-flow wp-block-group-is-layout-flow\">\n<div class=\"wp-block-columns is-layout-flex wp-container-core-columns-is-layout-9d6595d7 wp-block-columns-is-layout-flex\">\n<div class=\"wp-block-column is-vertically-aligned-center is-layout-flow wp-block-column-is-layout-flow\">\n<h1 class=\"wp-block-heading\">C\u00e1tedra Ribera Povisa en Innovaci\u00f3n en Salud<\/h1>\n\n\n\n<p>La C\u00e1tedra Ribera Povisa en Innovaci\u00f3n en Salud fomenta el desarrollo de competencias y herramientas innovadoras en las Ciencias de la Salud<\/p>\n<\/div>\n\n\n\n<div class=\"wp-block-column columnaformulario onlydesktop is-layout-flow wp-block-column-is-layout-flow\">\n<div style=\"height:206px\" aria-hidden=\"true\" class=\"wp-block-spacer ocultarmovil\"><\/div>\n<\/div>\n<\/div>\n<\/div><\/div>\n\n\n\n<div class=\"wp-block-group\"><div class=\"wp-block-group__inner-container is-layout-flow wp-block-group-is-layout-flow\">\n<p>El acuerdo de colaboraci\u00f3n entre el grupo sanitario Ribera y la Universidad de Vigo establece la creaci\u00f3n de la C\u00e1tedra Ribera Povisa en Innovaci\u00f3n en Salud, cuyo objetivo es implementar un programa de desarrollo acad\u00e9mico-profesional para el profesorado de la Escuela Universitaria de Enfermer\u00eda.<\/p>\n\n\n\n<p>La C\u00e1tedra Ribera Povisa en Innovaci\u00f3n en Salud fomenta el desarrollo de competencias y herramientas innovadoras en las Ciencias de la Salud. Promueve actividades para impulsar y reconocer la investigaci\u00f3n en este \u00e1mbito, y desarrolla el Curso avanzado de posgrado en Metodolog\u00eda de la Investigaci\u00f3n en Ciencias de la Salud.<\/p>\n\n\n\n<div style=\"height:20px\" aria-hidden=\"true\" class=\"wp-block-spacer\"><\/div>\n\n\n\n<div class=\"wp-block-columns is-layout-flex wp-container-core-columns-is-layout-9d6595d7 wp-block-columns-is-layout-flex\">\n<div class=\"wp-block-column is-layout-flow wp-block-column-is-layout-flow\">\n<figure class=\"wp-block-image size-full fotoredonda\"><img loading=\"lazy\" decoding=\"async\" width=\"800\" height=\"533\" src=\"https:\/\/www.riberasalud.com\/cepovisa\/wp-content\/uploads\/2024\/08\/Firma-Convenio-Catedra_2.jpg\" alt=\"\" class=\"wp-image-6460\" srcset=\"https:\/\/riberasalud.com\/cepovisa\/wp-content\/uploads\/2024\/08\/Firma-Convenio-Catedra_2.jpg 800w, https:\/\/riberasalud.com\/cepovisa\/wp-content\/uploads\/2024\/08\/Firma-Convenio-Catedra_2-300x200.jpg 300w, https:\/\/riberasalud.com\/cepovisa\/wp-content\/uploads\/2024\/08\/Firma-Convenio-Catedra_2-768x512.jpg 768w\" sizes=\"auto, (max-width: 800px) 100vw, 800px\" \/><\/figure>\n<\/div>\n\n\n\n<div class=\"wp-block-column is-layout-flow wp-block-column-is-layout-flow\">\n<figure class=\"wp-block-image size-full fotoredonda\"><img loading=\"lazy\" decoding=\"async\" width=\"800\" height=\"533\" src=\"https:\/\/www.riberasalud.com\/cepovisa\/wp-content\/uploads\/2024\/08\/povisa3.jpg\" alt=\"\" class=\"wp-image-6461\" srcset=\"https:\/\/riberasalud.com\/cepovisa\/wp-content\/uploads\/2024\/08\/povisa3.jpg 800w, https:\/\/riberasalud.com\/cepovisa\/wp-content\/uploads\/2024\/08\/povisa3-300x200.jpg 300w, https:\/\/riberasalud.com\/cepovisa\/wp-content\/uploads\/2024\/08\/povisa3-768x512.jpg 768w\" sizes=\"auto, (max-width: 800px) 100vw, 800px\" \/><\/figure>\n<\/div>\n\n\n\n<div class=\"wp-block-column is-layout-flow wp-block-column-is-layout-flow\">\n<figure class=\"wp-block-image size-full fotoredonda\"><img loading=\"lazy\" decoding=\"async\" width=\"800\" height=\"533\" src=\"https:\/\/www.riberasalud.com\/cepovisa\/wp-content\/uploads\/2024\/08\/Autoridades.jpg\" alt=\"\" class=\"wp-image-6462\" srcset=\"https:\/\/riberasalud.com\/cepovisa\/wp-content\/uploads\/2024\/08\/Autoridades.jpg 800w, https:\/\/riberasalud.com\/cepovisa\/wp-content\/uploads\/2024\/08\/Autoridades-300x200.jpg 300w, https:\/\/riberasalud.com\/cepovisa\/wp-content\/uploads\/2024\/08\/Autoridades-768x512.jpg 768w\" sizes=\"auto, (max-width: 800px) 100vw, 800px\" \/><\/figure>\n<\/div>\n<\/div>\n\n\n\n<h2 class=\"wp-block-heading has-text-align-left\">Direcci\u00f3n y comisi\u00f3n de seguimiento<\/h2>\n\n\n\n<p><strong>Director de la C\u00e1tedra:<\/strong> Vicente Romo P\u00e9rez, profesor de la Universidad de Vigo.<\/p>\n\n\n\n<p><strong>Secretario de la&nbsp;C\u00e1tedra: <\/strong>Manuel Torres Vizcaya, Director de la EUE Ribera Povisa.<\/p>\n\n\n\n<p><strong>Comisi\u00f3n de seguimiento:&nbsp;<\/strong><\/p>\n\n\n\n<ul class=\"wp-block-list\">\n<li>Bel\u00e9n Rubio Armesto, Vicerrectora de Investigaci\u00f3n, Transferencia e Innovaci\u00f3n.<\/li>\n\n\n\n<li>Rafael Dur\u00e1n Barbosa, Decano comisario de la Facultad de Enfermer\u00eda.<\/li>\n\n\n\n<li>Manuel Torres Vizcaya, Director de la EUE Ribera Povisa<\/li>\n\n\n\n<li>Cayetano Rodr\u00edguez Escudero, Representante del Grupo Ribera.<\/li>\n<\/ul>\n\n\n\n<div style=\"height:30px\" aria-hidden=\"true\" class=\"wp-block-spacer\"><\/div>\n\n\n\n<h2 class=\"wp-block-heading has-text-align-left\">Actividades<\/h2>\n\n\n\n<div class=\"wp-block-columns is-layout-flex wp-container-core-columns-is-layout-9d6595d7 wp-block-columns-is-layout-flex\">\n<div class=\"wp-block-column is-layout-flow wp-block-column-is-layout-flow\">\n<figure class=\"wp-block-image size-full fotoredonda\"><img loading=\"lazy\" decoding=\"async\" width=\"800\" height=\"533\" src=\"https:\/\/www.riberasalud.com\/cepovisa\/wp-content\/uploads\/2024\/08\/Firma-Convenio-Catedra_2.jpg\" alt=\"\" class=\"wp-image-6460\" srcset=\"https:\/\/riberasalud.com\/cepovisa\/wp-content\/uploads\/2024\/08\/Firma-Convenio-Catedra_2.jpg 800w, https:\/\/riberasalud.com\/cepovisa\/wp-content\/uploads\/2024\/08\/Firma-Convenio-Catedra_2-300x200.jpg 300w, https:\/\/riberasalud.com\/cepovisa\/wp-content\/uploads\/2024\/08\/Firma-Convenio-Catedra_2-768x512.jpg 768w\" sizes=\"auto, (max-width: 800px) 100vw, 800px\" \/><\/figure>\n<\/div>\n\n\n\n<div class=\"wp-block-column is-layout-flow wp-block-column-is-layout-flow\">\n<h4 class=\"wp-block-heading\"><strong>I Curso avanzado de posgrado en Metodolog\u00eda de la Investigaci\u00f3n en Ciencias de la Salud<\/strong><\/h4>\n\n\n\n<p>La Universidad de Vigo y el Grupo Sanitario Ribera-Povisa, en su compromiso con la excelencia acad\u00e9mica, presentan el <strong>I Curso Avanzado de Posgrado en Metodolog\u00eda de la Investigaci\u00f3n en Ciencias de la Salud<\/strong>. Este curso es posible gracias al apoyo y la financiaci\u00f3n del Grupo Sanitario Ribera-Povisa, que reafirma su dedicaci\u00f3n al fomento de la investigaci\u00f3n y la innovaci\u00f3n en el \u00e1mbito de la salud. <\/p>\n\n\n\n<p>El programa est\u00e1 dise\u00f1ado para fortalecer las capacidades de investigaci\u00f3n, con un enfoque en la adquisici\u00f3n de competencias en dise\u00f1os de investigaci\u00f3n y estad\u00edstica avanzada aplicada a las ciencias de la salud. <\/p>\n\n\n\n<p>Este curso es posible gracias al apoyo de la Escuela Universitaria Ribera Povisa y la financiaci\u00f3n de la c\u00e1tedra Ribera Povisa, que reafirma su dedicaci\u00f3n al fomento de la investigaci\u00f3n y la innovaci\u00f3n en el \u00e1mbito de la salud<\/p>\n\n\n\n<div style=\"height:20px\" aria-hidden=\"true\" class=\"wp-block-spacer\"><\/div>\n\n\n\n<a class=\"gb-button gb-button-5522d0b2 gb-button-text\" href=\"https:\/\/cpfp.uvigo.gal\/es\/estudios\/titulos-propios\/id1154-1\/\">Inscr\u00edbete<\/a>\n\n\n\n<a class=\"gb-button gb-button-8b84bdbb gb-button-text\" href=\"https:\/\/www.riberasalud.com\/cepovisa\/wp-content\/uploads\/2024\/09\/GUIA-DE-PREINSCRICION-EN-TITULOS-PROPIOS_v02_GAL-1.pdf\" target=\"_blank\" rel=\"noopener noreferrer\">Gu\u00eda de preinscripci\u00f3n de T\u00edtulos Propios<\/a>\n<\/div>\n<\/div>\n\n\n\n<div style=\"height:35px\" aria-hidden=\"true\" class=\"wp-block-spacer\"><\/div>\n\n\n\n<div class=\"wp-block-columns is-layout-flex wp-container-core-columns-is-layout-9d6595d7 wp-block-columns-is-layout-flex\">\n<div class=\"wp-block-column is-layout-flow wp-block-column-is-layout-flow\">\n<h2 class=\"wp-block-heading\"><strong>Aplicaciones de la Inteligencia Artificial para la Evaluaci\u00f3n Cognitiva de Ni\u00f1os, Adolescentes y Personas Mayores<\/strong><\/h2>\n<\/div>\n<\/div>\n\n\n\n<div class=\"wp-block-columns is-layout-flex wp-container-core-columns-is-layout-9d6595d7 wp-block-columns-is-layout-flex\">\n<div class=\"wp-block-column is-vertically-aligned-top is-layout-flow wp-block-column-is-layout-flow\" style=\"flex-basis:30%\"><div class=\"wp-block-image is-style-rounded\">\n<figure class=\"aligncenter size-thumbnail\"><img loading=\"lazy\" decoding=\"async\" width=\"150\" height=\"150\" src=\"https:\/\/www.riberasalud.com\/cepovisa\/wp-content\/uploads\/2024\/09\/Juan-Carlos-Burguillo-3-150x150.jpg\" alt=\"\" class=\"wp-image-6548\"\/><\/figure>\n<\/div><\/div>\n\n\n\n<div class=\"wp-block-column is-vertically-aligned-center is-layout-flow wp-block-column-is-layout-flow\">\n<p><strong>Conferencia<\/strong><\/p>\n\n\n\n<p>Fecha: 2 de octubre de 2024.<br>Hora: 18:15h.<br>Lugar: Escuela Universitaria de Enfermer\u00eda Ribera Povisa.<br>Orador: Dr. Juan Carlos Burguillo<\/p>\n<\/div>\n<\/div>\n\n\n\n<p>Juan Carlos Burguillo es catedr\u00e1tico de Universidad en el&nbsp;<a href=\"http:\/\/www.det.uvigo.es\/\" target=\"_blank\" rel=\"noreferrer noopener\">Departamento de Ingenier\u00eda Telem\u00e1tica<\/a>&nbsp;de la&nbsp;<a href=\"http:\/\/www.uvigo.es\/\" target=\"_blank\" rel=\"noreferrer noopener\">Universidad de Vigo<\/a>&nbsp;e investigador del<a href=\"http:\/\/atlanttic.uvigo.es\/\" target=\"_blank\" rel=\"noreferrer noopener\">&nbsp;Centro de Investigaci\u00f3n atlanTTic<\/a>. Ingeniero Superior de Telecomunicaci\u00f3n y Doctor Ingeniero de Telecomunicaci\u00f3n.<\/p>\n\n\n\n<p>En el \u00e1mbito del desarrollo y transferencia de tecnolog\u00eda, ha dirigido y participado en diversos proyectos con empresas y participa regularmente como evaluador de proyectos a nivel auton\u00f3mico, nacional e internacional; a trav\u00e9s de diversos programas de la Uni\u00f3n Europea y sus pa\u00edses miembros. <\/p>\n\n\n\n<p>En el \u00e1mbito de investigaci\u00f3n ha dirigido y participado en m\u00faltiples proyectos de desarrollo e investigaci\u00f3n a nivel auton\u00f3mico, nacional e internacional. Ha dirigido&nbsp;8&nbsp;tesis doctorales y tiene publicados m\u00e1s de 200 trabajos.<\/p>\n\n\n\n<div style=\"height:20px\" aria-hidden=\"true\" class=\"wp-block-spacer\"><\/div>\n\n\n\n<div class=\"wp-block-columns is-layout-flex wp-container-core-columns-is-layout-9d6595d7 wp-block-columns-is-layout-flex\">\n<div class=\"wp-block-column is-layout-flow wp-block-column-is-layout-flow\"><\/div>\n<\/div>\n\n\n\n<div style=\"height:35px\" aria-hidden=\"true\" class=\"wp-block-spacer\"><\/div>\n<\/div><\/div>\n\n\n\n<p><\/p>\n","protected":false},"excerpt":{"rendered":"<p>C\u00e1tedra Ribera Povisa en Innovaci\u00f3n en Salud La C\u00e1tedra Ribera Povisa en Innovaci\u00f3n en Salud fomenta el desarrollo de competencias y herramientas innovadoras en las Ciencias de la Salud El acuerdo de colaboraci\u00f3n entre el grupo sanitario Ribera y la Universidad de Vigo establece la creaci\u00f3n de la C\u00e1tedra Ribera Povisa en Innovaci\u00f3n en Salud, &#8230; <a title=\"C\u00e1tedra\" class=\"read-more\" href=\"https:\/\/riberasalud.com\/cepovisa\/escuela-universitaria-de-enfermeria\/catedra\/\" aria-label=\"Leer m\u00e1s sobre C\u00e1tedra\">Leer m\u00e1s<\/a><\/p>\n","protected":false},"author":2,"featured_media":0,"parent":6296,"menu_order":0,"comment_status":"closed","ping_status":"closed","template":"","meta":{"_mi_skip_tracking":false,"footnotes":""},"class_list":["post-6458","page","type-page","status-publish"],"yoast_head":"<!-- This site is optimized with the Yoast SEO plugin v27.4 - https:\/\/yoast.com\/product\/yoast-seo-wordpress\/ -->\n<title>C\u00e1tedra - Cepovisa<\/title>\n<meta name=\"description\" content=\"La C\u00e1tedra Ribera Povisa en Innovaci\u00f3n en Salud fomenta el desarrollo de competencias y herramientas innovadoras en las Ciencias de la Salud\" \/>\n<meta name=\"robots\" content=\"noindex, nofollow\" \/>\n<meta property=\"og:locale\" content=\"es_ES\" \/>\n<meta property=\"og:type\" content=\"article\" \/>\n<meta property=\"og:title\" content=\"C\u00e1tedra - Cepovisa\" \/>\n<meta property=\"og:description\" content=\"La C\u00e1tedra Ribera Povisa en Innovaci\u00f3n en Salud fomenta el desarrollo de competencias y herramientas innovadoras en las Ciencias de la Salud\" \/>\n<meta property=\"og:url\" content=\"https:\/\/riberasalud.com\/cepovisa\/escuela-universitaria-de-enfermeria\/catedra\/\" \/>\n<meta property=\"og:site_name\" content=\"Cepovisa\" \/>\n<meta property=\"article:modified_time\" content=\"2024-10-03T09:18:59+00:00\" \/>\n<meta property=\"og:image\" content=\"https:\/\/www.riberasalud.com\/cepovisa\/wp-content\/uploads\/2024\/08\/Firma-Convenio-Catedra_2.jpg\" \/>\n<meta name=\"twitter:card\" content=\"summary_large_image\" \/>\n<meta name=\"twitter:label1\" content=\"Tiempo de lectura\" \/>\n\t<meta name=\"twitter:data1\" content=\"4 minutos\" \/>\n<script type=\"application\/ld+json\" class=\"yoast-schema-graph\">{\"@context\":\"https:\\\/\\\/schema.org\",\"@graph\":[{\"@type\":\"WebPage\",\"@id\":\"https:\\\/\\\/riberasalud.com\\\/cepovisa\\\/escuela-universitaria-de-enfermeria\\\/catedra\\\/\",\"url\":\"https:\\\/\\\/riberasalud.com\\\/cepovisa\\\/escuela-universitaria-de-enfermeria\\\/catedra\\\/\",\"name\":\"C\u00e1tedra - Cepovisa\",\"isPartOf\":{\"@id\":\"https:\\\/\\\/riberasalud.com\\\/cepovisa\\\/#website\"},\"primaryImageOfPage\":{\"@id\":\"https:\\\/\\\/riberasalud.com\\\/cepovisa\\\/escuela-universitaria-de-enfermeria\\\/catedra\\\/#primaryimage\"},\"image\":{\"@id\":\"https:\\\/\\\/riberasalud.com\\\/cepovisa\\\/escuela-universitaria-de-enfermeria\\\/catedra\\\/#primaryimage\"},\"thumbnailUrl\":\"https:\\\/\\\/www.riberasalud.com\\\/cepovisa\\\/wp-content\\\/uploads\\\/2024\\\/08\\\/Firma-Convenio-Catedra_2.jpg\",\"datePublished\":\"2024-08-21T10:34:07+00:00\",\"dateModified\":\"2024-10-03T09:18:59+00:00\",\"description\":\"La C\u00e1tedra Ribera Povisa en Innovaci\u00f3n en Salud fomenta el desarrollo de competencias y herramientas innovadoras en las Ciencias de la Salud\",\"breadcrumb\":{\"@id\":\"https:\\\/\\\/riberasalud.com\\\/cepovisa\\\/escuela-universitaria-de-enfermeria\\\/catedra\\\/#breadcrumb\"},\"inLanguage\":\"es\",\"potentialAction\":[{\"@type\":\"ReadAction\",\"target\":[\"https:\\\/\\\/riberasalud.com\\\/cepovisa\\\/escuela-universitaria-de-enfermeria\\\/catedra\\\/\"]}]},{\"@type\":\"ImageObject\",\"inLanguage\":\"es\",\"@id\":\"https:\\\/\\\/riberasalud.com\\\/cepovisa\\\/escuela-universitaria-de-enfermeria\\\/catedra\\\/#primaryimage\",\"url\":\"https:\\\/\\\/www.riberasalud.com\\\/cepovisa\\\/wp-content\\\/uploads\\\/2024\\\/08\\\/Firma-Convenio-Catedra_2.jpg\",\"contentUrl\":\"https:\\\/\\\/www.riberasalud.com\\\/cepovisa\\\/wp-content\\\/uploads\\\/2024\\\/08\\\/Firma-Convenio-Catedra_2.jpg\"},{\"@type\":\"BreadcrumbList\",\"@id\":\"https:\\\/\\\/riberasalud.com\\\/cepovisa\\\/escuela-universitaria-de-enfermeria\\\/catedra\\\/#breadcrumb\",\"itemListElement\":[{\"@type\":\"ListItem\",\"position\":1,\"name\":\"Portada\",\"item\":\"https:\\\/\\\/riberasalud.com\\\/cepovisa\\\/\"},{\"@type\":\"ListItem\",\"position\":2,\"name\":\"Escuela Universitaria de Enfermer\u00eda\",\"item\":\"https:\\\/\\\/riberasalud.com\\\/cepovisa\\\/escuela-universitaria-de-enfermeria\\\/\"},{\"@type\":\"ListItem\",\"position\":3,\"name\":\"C\u00e1tedra\"}]},{\"@type\":\"WebSite\",\"@id\":\"https:\\\/\\\/riberasalud.com\\\/cepovisa\\\/#website\",\"url\":\"https:\\\/\\\/riberasalud.com\\\/cepovisa\\\/\",\"name\":\"Cepovisa\",\"description\":\"\",\"publisher\":{\"@id\":\"https:\\\/\\\/riberasalud.com\\\/cepovisa\\\/#organization\"},\"potentialAction\":[{\"@type\":\"SearchAction\",\"target\":{\"@type\":\"EntryPoint\",\"urlTemplate\":\"https:\\\/\\\/riberasalud.com\\\/cepovisa\\\/?s={search_term_string}\"},\"query-input\":{\"@type\":\"PropertyValueSpecification\",\"valueRequired\":true,\"valueName\":\"search_term_string\"}}],\"inLanguage\":\"es\"},{\"@type\":\"Organization\",\"@id\":\"https:\\\/\\\/riberasalud.com\\\/cepovisa\\\/#organization\",\"name\":\"Cepovisa\",\"url\":\"https:\\\/\\\/riberasalud.com\\\/cepovisa\\\/\",\"logo\":{\"@type\":\"ImageObject\",\"inLanguage\":\"es\",\"@id\":\"https:\\\/\\\/riberasalud.com\\\/cepovisa\\\/#\\\/schema\\\/logo\\\/image\\\/\",\"url\":\"https:\\\/\\\/riberasalud.com\\\/cepovisa\\\/wp-content\\\/uploads\\\/2024\\\/08\\\/cropped-FORMACIONPROFESIONAL-cepivsa-logo.png\",\"contentUrl\":\"https:\\\/\\\/riberasalud.com\\\/cepovisa\\\/wp-content\\\/uploads\\\/2024\\\/08\\\/cropped-FORMACIONPROFESIONAL-cepivsa-logo.png\",\"width\":847,\"height\":94,\"caption\":\"Cepovisa\"},\"image\":{\"@id\":\"https:\\\/\\\/riberasalud.com\\\/cepovisa\\\/#\\\/schema\\\/logo\\\/image\\\/\"}}]}<\/script>\n<!-- \/ Yoast SEO plugin. -->","yoast_head_json":{"title":"C\u00e1tedra - Cepovisa","description":"La C\u00e1tedra Ribera Povisa en Innovaci\u00f3n en Salud fomenta el desarrollo de competencias y herramientas innovadoras en las Ciencias de la Salud","robots":{"index":"noindex","follow":"nofollow"},"og_locale":"es_ES","og_type":"article","og_title":"C\u00e1tedra - Cepovisa","og_description":"La C\u00e1tedra Ribera Povisa en Innovaci\u00f3n en Salud fomenta el desarrollo de competencias y herramientas innovadoras en las Ciencias de la Salud","og_url":"https:\/\/riberasalud.com\/cepovisa\/escuela-universitaria-de-enfermeria\/catedra\/","og_site_name":"Cepovisa","article_modified_time":"2024-10-03T09:18:59+00:00","og_image":[{"url":"https:\/\/www.riberasalud.com\/cepovisa\/wp-content\/uploads\/2024\/08\/Firma-Convenio-Catedra_2.jpg","type":"","width":"","height":""}],"twitter_card":"summary_large_image","twitter_misc":{"Tiempo de lectura":"4 minutos"},"schema":{"@context":"https:\/\/schema.org","@graph":[{"@type":"WebPage","@id":"https:\/\/riberasalud.com\/cepovisa\/escuela-universitaria-de-enfermeria\/catedra\/","url":"https:\/\/riberasalud.com\/cepovisa\/escuela-universitaria-de-enfermeria\/catedra\/","name":"C\u00e1tedra - Cepovisa","isPartOf":{"@id":"https:\/\/riberasalud.com\/cepovisa\/#website"},"primaryImageOfPage":{"@id":"https:\/\/riberasalud.com\/cepovisa\/escuela-universitaria-de-enfermeria\/catedra\/#primaryimage"},"image":{"@id":"https:\/\/riberasalud.com\/cepovisa\/escuela-universitaria-de-enfermeria\/catedra\/#primaryimage"},"thumbnailUrl":"https:\/\/www.riberasalud.com\/cepovisa\/wp-content\/uploads\/2024\/08\/Firma-Convenio-Catedra_2.jpg","datePublished":"2024-08-21T10:34:07+00:00","dateModified":"2024-10-03T09:18:59+00:00","description":"La C\u00e1tedra Ribera Povisa en Innovaci\u00f3n en Salud fomenta el desarrollo de competencias y herramientas innovadoras en las Ciencias de la Salud","breadcrumb":{"@id":"https:\/\/riberasalud.com\/cepovisa\/escuela-universitaria-de-enfermeria\/catedra\/#breadcrumb"},"inLanguage":"es","potentialAction":[{"@type":"ReadAction","target":["https:\/\/riberasalud.com\/cepovisa\/escuela-universitaria-de-enfermeria\/catedra\/"]}]},{"@type":"ImageObject","inLanguage":"es","@id":"https:\/\/riberasalud.com\/cepovisa\/escuela-universitaria-de-enfermeria\/catedra\/#primaryimage","url":"https:\/\/www.riberasalud.com\/cepovisa\/wp-content\/uploads\/2024\/08\/Firma-Convenio-Catedra_2.jpg","contentUrl":"https:\/\/www.riberasalud.com\/cepovisa\/wp-content\/uploads\/2024\/08\/Firma-Convenio-Catedra_2.jpg"},{"@type":"BreadcrumbList","@id":"https:\/\/riberasalud.com\/cepovisa\/escuela-universitaria-de-enfermeria\/catedra\/#breadcrumb","itemListElement":[{"@type":"ListItem","position":1,"name":"Portada","item":"https:\/\/riberasalud.com\/cepovisa\/"},{"@type":"ListItem","position":2,"name":"Escuela Universitaria de Enfermer\u00eda","item":"https:\/\/riberasalud.com\/cepovisa\/escuela-universitaria-de-enfermeria\/"},{"@type":"ListItem","position":3,"name":"C\u00e1tedra"}]},{"@type":"WebSite","@id":"https:\/\/riberasalud.com\/cepovisa\/#website","url":"https:\/\/riberasalud.com\/cepovisa\/","name":"Cepovisa","description":"","publisher":{"@id":"https:\/\/riberasalud.com\/cepovisa\/#organization"},"potentialAction":[{"@type":"SearchAction","target":{"@type":"EntryPoint","urlTemplate":"https:\/\/riberasalud.com\/cepovisa\/?s={search_term_string}"},"query-input":{"@type":"PropertyValueSpecification","valueRequired":true,"valueName":"search_term_string"}}],"inLanguage":"es"},{"@type":"Organization","@id":"https:\/\/riberasalud.com\/cepovisa\/#organization","name":"Cepovisa","url":"https:\/\/riberasalud.com\/cepovisa\/","logo":{"@type":"ImageObject","inLanguage":"es","@id":"https:\/\/riberasalud.com\/cepovisa\/#\/schema\/logo\/image\/","url":"https:\/\/riberasalud.com\/cepovisa\/wp-content\/uploads\/2024\/08\/cropped-FORMACIONPROFESIONAL-cepivsa-logo.png","contentUrl":"https:\/\/riberasalud.com\/cepovisa\/wp-content\/uploads\/2024\/08\/cropped-FORMACIONPROFESIONAL-cepivsa-logo.png","width":847,"height":94,"caption":"Cepovisa"},"image":{"@id":"https:\/\/riberasalud.com\/cepovisa\/#\/schema\/logo\/image\/"}}]}},"_links":{"self":[{"href":"https:\/\/riberasalud.com\/cepovisa\/wp-json\/wp\/v2\/pages\/6458","targetHints":{"allow":["GET"]}}],"collection":[{"href":"https:\/\/riberasalud.com\/cepovisa\/wp-json\/wp\/v2\/pages"}],"about":[{"href":"https:\/\/riberasalud.com\/cepovisa\/wp-json\/wp\/v2\/types\/page"}],"author":[{"embeddable":true,"href":"https:\/\/riberasalud.com\/cepovisa\/wp-json\/wp\/v2\/users\/2"}],"replies":[{"embeddable":true,"href":"https:\/\/riberasalud.com\/cepovisa\/wp-json\/wp\/v2\/comments?post=6458"}],"version-history":[{"count":29,"href":"https:\/\/riberasalud.com\/cepovisa\/wp-json\/wp\/v2\/pages\/6458\/revisions"}],"predecessor-version":[{"id":6555,"href":"https:\/\/riberasalud.com\/cepovisa\/wp-json\/wp\/v2\/pages\/6458\/revisions\/6555"}],"up":[{"embeddable":true,"href":"https:\/\/riberasalud.com\/cepovisa\/wp-json\/wp\/v2\/pages\/6296"}],"wp:attachment":[{"href":"https:\/\/riberasalud.com\/cepovisa\/wp-json\/wp\/v2\/media?parent=6458"}],"curies":[{"name":"wp","href":"https:\/\/api.w.org\/{rel}","templated":true}]}}