{"id":6408,"date":"2024-08-02T09:10:46","date_gmt":"2024-08-02T09:10:46","guid":{"rendered":"https:\/\/www.riberasalud.com\/cepovisa\/?page_id=6408"},"modified":"2024-08-02T09:11:29","modified_gmt":"2024-08-02T09:11:29","slug":"servicios","status":"publish","type":"page","link":"https:\/\/riberasalud.com\/cepovisa\/escuela-universitaria-de-enfermeria\/nuestro-centro\/servicios\/","title":{"rendered":"Servicios"},"content":{"rendered":"\n<div class=\"wp-block-group bannersolotexto\"><div class=\"wp-block-group__inner-container is-layout-flow wp-block-group-is-layout-flow\">\n<h1 class=\"wp-block-heading\">Servicios e instalaciones<\/h1>\n\n\n\n<p>Conoce las instalaciones disponibles para tu formaci\u00f3n<\/p>\n<\/div><\/div>\n\n\n\n<div class=\"wp-block-group\"><div class=\"wp-block-group__inner-container is-layout-flow wp-block-group-is-layout-flow\">\n<figure class=\"wp-block-image size-full fotoredonda\"><img loading=\"lazy\" decoding=\"async\" width=\"1920\" height=\"420\" src=\"https:\/\/riberasalud.com\/cepovisa\/wp-content\/uploads\/2022\/05\/pasillo-povisa-edit.jpg\" alt=\"\" class=\"wp-image-421\" srcset=\"https:\/\/riberasalud.com\/cepovisa\/wp-content\/uploads\/2022\/05\/pasillo-povisa-edit.jpg 1920w, https:\/\/riberasalud.com\/cepovisa\/wp-content\/uploads\/2022\/05\/pasillo-povisa-edit-300x66.jpg 300w, https:\/\/riberasalud.com\/cepovisa\/wp-content\/uploads\/2022\/05\/pasillo-povisa-edit-1024x224.jpg 1024w, https:\/\/riberasalud.com\/cepovisa\/wp-content\/uploads\/2022\/05\/pasillo-povisa-edit-768x168.jpg 768w, https:\/\/riberasalud.com\/cepovisa\/wp-content\/uploads\/2022\/05\/pasillo-povisa-edit-1536x336.jpg 1536w\" sizes=\"auto, (max-width: 1920px) 100vw, 1920px\" \/><\/figure>\n\n\n\n<h2 class=\"wp-block-heading has-text-align-left\">Instalaciones<\/h2>\n\n\n\n<div class=\"wp-block-columns columnanomarginbottom is-layout-flex wp-container-core-columns-is-layout-9d6595d7 wp-block-columns-is-layout-flex\">\n<div class=\"wp-block-column is-layout-flow wp-block-column-is-layout-flow\">\n<h3 class=\"wp-block-heading alt\">PLANTA SEMIS\u00d3TANO DEL EDIFICIO<\/h3>\n\n\n\n<ul class=\"wp-block-list\">\n<li>3 salas polivalentes: capacidad para 16 estudiantes, para reuniones o uso individual. Dotaci\u00f3n de 4 ordenadores con conexi\u00f3n a internet.<\/li>\n\n\n\n<li>Sala de &nbsp;inform\u00e1tica: 35 puestos y 18 ordenadores con conexi\u00f3n a internet, habilitada para clases pr\u00e1cticas con m\u00e9todos TIC (simuladores de radiolog\u00eda, y Radioterapia).<\/li>\n\n\n\n<li>Laboratorio: 14 puestos dotados con microscopio.<\/li>\n\n\n\n<li>Laboratorio de biolog\u00eda molecular: 15 puestos.<\/li>\n\n\n\n<li>Aula de pr\u00e1cticas: capacidad para 30 estudiantes, dotada de 2 camas hospitalarias, dos camillas, dos sillas de ruedas, simuladores cl\u00ednicos RCP. Material fungible hospitalario.&nbsp; Almac\u00e9n perif\u00e9rico y almac\u00e9n general con simuladores cl\u00ednicos de RCP.<\/li>\n<\/ul>\n\n\n\n<p><\/p>\n\n\n\n<p><\/p>\n<\/div>\n\n\n\n<div class=\"wp-block-column is-layout-flow wp-block-column-is-layout-flow\">\n<h3 class=\"wp-block-heading alt\">PLANTA BAJA DEL EDIFICIO<\/h3>\n\n\n\n<ul class=\"wp-block-list\">\n<li>Acceso para personas con movilidad reducida.<\/li>\n\n\n\n<li>AULA 1: capacidad para 64 personas, dotada de sistemas multimedia de \u00faltima generaci\u00f3n con conexi\u00f3n a internet.<\/li>\n\n\n\n<li>Sala polivalente: capacidad para 20 personas dotada de 4 ordenadores con conexi\u00f3n a internet y un ordenador con simulador de estudios de Medicina Nuclear.<\/li>\n\n\n\n<li>Biblioteca: aforo para 46 personas.<\/li>\n\n\n\n<li>Despachos: Direcci\u00f3n, Subdirecci\u00f3n, Jefe de Estudios<\/li>\n\n\n\n<li>Sala de profesores.<\/li>\n\n\n\n<li>Secretar\u00eda.<\/li>\n\n\n\n<li>Ascensor para uso de personas con movilidad reducida.<\/li>\n\n\n\n<li>DESA: Desfibrilador semiautom\u00e1tico, que otorgan al centro la caracter\u00edstica de espacio cardioprotegido.<\/li>\n<\/ul>\n<\/div>\n<\/div>\n\n\n\n<div class=\"wp-block-columns columnanomarginbottom is-layout-flex wp-container-core-columns-is-layout-9d6595d7 wp-block-columns-is-layout-flex\">\n<div class=\"wp-block-column is-layout-flow wp-block-column-is-layout-flow\">\n<figure class=\"wp-block-image size-full fotoredonda fotopeque\"><img loading=\"lazy\" decoding=\"async\" width=\"1024\" height=\"683\" src=\"https:\/\/riberasalud.com\/cepovisa\/wp-content\/uploads\/2022\/05\/laboratorio-povisa-1024x683-2.jpg\" alt=\"\" class=\"wp-image-433\" srcset=\"https:\/\/riberasalud.com\/cepovisa\/wp-content\/uploads\/2022\/05\/laboratorio-povisa-1024x683-2.jpg 1024w, https:\/\/riberasalud.com\/cepovisa\/wp-content\/uploads\/2022\/05\/laboratorio-povisa-1024x683-2-300x200.jpg 300w, https:\/\/riberasalud.com\/cepovisa\/wp-content\/uploads\/2022\/05\/laboratorio-povisa-1024x683-2-768x512.jpg 768w\" sizes=\"auto, (max-width: 1024px) 100vw, 1024px\" \/><\/figure>\n<\/div>\n\n\n\n<div class=\"wp-block-column is-layout-flow wp-block-column-is-layout-flow\">\n<h3 class=\"wp-block-heading alt\">PRIMERA PLANTA<\/h3>\n\n\n\n<ul class=\"wp-block-list\">\n<li>AULA 11: con capacidad para 84 personas dotada de sistemas multimedia de \u00faltima generaci\u00f3n y conexi\u00f3n a internet.<\/li>\n\n\n\n<li>Aula 12: capacidad para 20 personas con un microscopio por puesto.<\/li>\n\n\n\n<li>Aula 13: capacidad para 30 personas, dotada de &nbsp;ordenador con conexi\u00f3n a internet y proyector de v\u00eddeo.<\/li>\n\n\n\n<li>Aula 14: capacidad para 30 personas dotada de equipo de Rayos y ec\u00f3grafo, ordenador con conexi\u00f3n a internet y proyector de video.<\/li>\n\n\n\n<li>Despacho Secretar\u00eda Acad\u00e9mica Enfermer\u00eda y Formaci\u00f3n Profesional.<\/li>\n\n\n\n<li>Almac\u00e9n de usos m\u00faltiples.<\/li>\n<\/ul>\n\n\n\n<h3 class=\"wp-block-heading alt\">SEGUNDA PLANTA<\/h3>\n\n\n\n<ul class=\"wp-block-list\">\n<li>Aula 21: con capacidad para 70 personas dotada de sistemas multimedia de \u00faltima generaci\u00f3n y conexi\u00f3n a internet.<\/li>\n\n\n\n<li>Aula 22: con capacidad para 30 personas, dotada de ordenador y proyector de v\u00eddeo.<\/li>\n\n\n\n<li>Aula 23: con capacidad para 84 personas dotada de sistemas multimedia de \u00faltima generaci\u00f3n y conexi\u00f3n a internet.<\/li>\n\n\n\n<li>Laboratorio de Anatom\u00eda patol\u00f3gica con equipamiento hospitalario.<\/li>\n\n\n\n<li>Almac\u00e9n de usos m\u00faltiples<\/li>\n<\/ul>\n<\/div>\n<\/div>\n\n\n\n<h2 class=\"wp-block-heading has-text-align-left\">Servicios higi\u00e9nicos<\/h2>\n\n\n\n<div class=\"wp-block-columns columnanomarginbottom is-layout-flex wp-container-core-columns-is-layout-9d6595d7 wp-block-columns-is-layout-flex\">\n<div class=\"wp-block-column is-layout-flow wp-block-column-is-layout-flow\">\n<h3 class=\"wp-block-heading alt\">SOTANO<\/h3>\n\n\n\n<p>2 con zona de aislamiento.<\/p>\n\n\n\n<h3 class=\"wp-block-heading alt\">PLANTA BAJA<\/h3>\n\n\n\n<p>3 uno de ellos preparado para personas de movilidad reducida separados por zona de aislamiento.<\/p>\n\n\n\n<h3 class=\"wp-block-heading alt\">PRIMERA Y SEGUNDA PLANTA<\/h3>\n\n\n\n<p>2 con zona de aislamiento.<\/p>\n<\/div>\n\n\n\n<div class=\"wp-block-column is-layout-flow wp-block-column-is-layout-flow\">\n<figure class=\"wp-block-image size-full fotoredonda fotopeque\"><img loading=\"lazy\" decoding=\"async\" width=\"1024\" height=\"683\" src=\"https:\/\/riberasalud.com\/cepovisa\/wp-content\/uploads\/2022\/05\/laboratorios-povisa-1024x683-1.jpg\" alt=\"\" class=\"wp-image-431\" srcset=\"https:\/\/riberasalud.com\/cepovisa\/wp-content\/uploads\/2022\/05\/laboratorios-povisa-1024x683-1.jpg 1024w, https:\/\/riberasalud.com\/cepovisa\/wp-content\/uploads\/2022\/05\/laboratorios-povisa-1024x683-1-300x200.jpg 300w, https:\/\/riberasalud.com\/cepovisa\/wp-content\/uploads\/2022\/05\/laboratorios-povisa-1024x683-1-768x512.jpg 768w\" sizes=\"auto, (max-width: 1024px) 100vw, 1024px\" \/><\/figure>\n<\/div>\n<\/div>\n<\/div><\/div>\n\n\n\n<p><\/p>\n","protected":false},"excerpt":{"rendered":"<p>Servicios e instalaciones Conoce las instalaciones disponibles para tu formaci\u00f3n Instalaciones PLANTA SEMIS\u00d3TANO DEL EDIFICIO PLANTA BAJA DEL EDIFICIO PRIMERA PLANTA SEGUNDA PLANTA Servicios higi\u00e9nicos SOTANO 2 con zona de aislamiento. PLANTA BAJA 3 uno de ellos preparado para personas de movilidad reducida separados por zona de aislamiento. PRIMERA Y SEGUNDA PLANTA 2 con zona &#8230; <a title=\"Servicios\" class=\"read-more\" href=\"https:\/\/riberasalud.com\/cepovisa\/escuela-universitaria-de-enfermeria\/nuestro-centro\/servicios\/\" aria-label=\"Leer m\u00e1s sobre Servicios\">Leer m\u00e1s<\/a><\/p>\n","protected":false},"author":5,"featured_media":0,"parent":329,"menu_order":0,"comment_status":"closed","ping_status":"closed","template":"","meta":{"_mi_skip_tracking":false,"footnotes":""},"class_list":["post-6408","page","type-page","status-publish"],"yoast_head":"<!-- This site is optimized with the Yoast SEO plugin v26.6 - https:\/\/yoast.com\/wordpress\/plugins\/seo\/ -->\n<title>Servicios - Cepovisa<\/title>\n<meta name=\"description\" content=\"Descubre las instalaciones de uso docente para el alumnado con material sanitario, todo tipo de servicios, aulas y laboratorio\" \/>\n<meta name=\"robots\" content=\"index, follow, max-snippet:-1, max-image-preview:large, max-video-preview:-1\" \/>\n<link rel=\"canonical\" href=\"https:\/\/riberasalud.com\/cepovisa\/escuela-universitaria-de-enfermeria\/nuestro-centro\/servicios\/\" \/>\n<meta property=\"og:locale\" content=\"es_ES\" \/>\n<meta property=\"og:type\" content=\"article\" \/>\n<meta property=\"og:title\" content=\"Servicios - Cepovisa\" \/>\n<meta property=\"og:description\" content=\"Descubre las instalaciones de uso docente para el alumnado con material sanitario, todo tipo de servicios, aulas y laboratorio\" \/>\n<meta property=\"og:url\" content=\"https:\/\/riberasalud.com\/cepovisa\/escuela-universitaria-de-enfermeria\/nuestro-centro\/servicios\/\" \/>\n<meta property=\"og:site_name\" content=\"Cepovisa\" \/>\n<meta property=\"article:modified_time\" content=\"2024-08-02T09:11:29+00:00\" \/>\n<meta property=\"og:image\" content=\"https:\/\/riberasalud.com\/cepovisa\/wp-content\/uploads\/2022\/05\/pasillo-povisa-edit.jpg\" \/>\n<meta name=\"twitter:card\" content=\"summary_large_image\" \/>\n<meta name=\"twitter:label1\" content=\"Tiempo de lectura\" \/>\n\t<meta name=\"twitter:data1\" content=\"3 minutos\" \/>\n<script type=\"application\/ld+json\" class=\"yoast-schema-graph\">{\"@context\":\"https:\/\/schema.org\",\"@graph\":[{\"@type\":\"WebPage\",\"@id\":\"https:\/\/riberasalud.com\/cepovisa\/escuela-universitaria-de-enfermeria\/nuestro-centro\/servicios\/\",\"url\":\"https:\/\/riberasalud.com\/cepovisa\/escuela-universitaria-de-enfermeria\/nuestro-centro\/servicios\/\",\"name\":\"Servicios - Cepovisa\",\"isPartOf\":{\"@id\":\"https:\/\/riberasalud.com\/cepovisa\/#website\"},\"primaryImageOfPage\":{\"@id\":\"https:\/\/riberasalud.com\/cepovisa\/escuela-universitaria-de-enfermeria\/nuestro-centro\/servicios\/#primaryimage\"},\"image\":{\"@id\":\"https:\/\/riberasalud.com\/cepovisa\/escuela-universitaria-de-enfermeria\/nuestro-centro\/servicios\/#primaryimage\"},\"thumbnailUrl\":\"https:\/\/riberasalud.com\/cepovisa\/wp-content\/uploads\/2022\/05\/pasillo-povisa-edit.jpg\",\"datePublished\":\"2024-08-02T09:10:46+00:00\",\"dateModified\":\"2024-08-02T09:11:29+00:00\",\"description\":\"Descubre las instalaciones de uso docente para el alumnado con material sanitario, todo tipo de servicios, aulas y laboratorio\",\"breadcrumb\":{\"@id\":\"https:\/\/riberasalud.com\/cepovisa\/escuela-universitaria-de-enfermeria\/nuestro-centro\/servicios\/#breadcrumb\"},\"inLanguage\":\"es\",\"potentialAction\":[{\"@type\":\"ReadAction\",\"target\":[\"https:\/\/riberasalud.com\/cepovisa\/escuela-universitaria-de-enfermeria\/nuestro-centro\/servicios\/\"]}]},{\"@type\":\"ImageObject\",\"inLanguage\":\"es\",\"@id\":\"https:\/\/riberasalud.com\/cepovisa\/escuela-universitaria-de-enfermeria\/nuestro-centro\/servicios\/#primaryimage\",\"url\":\"https:\/\/riberasalud.com\/cepovisa\/wp-content\/uploads\/2022\/05\/pasillo-povisa-edit.jpg\",\"contentUrl\":\"https:\/\/riberasalud.com\/cepovisa\/wp-content\/uploads\/2022\/05\/pasillo-povisa-edit.jpg\",\"width\":1920,\"height\":420},{\"@type\":\"BreadcrumbList\",\"@id\":\"https:\/\/riberasalud.com\/cepovisa\/escuela-universitaria-de-enfermeria\/nuestro-centro\/servicios\/#breadcrumb\",\"itemListElement\":[{\"@type\":\"ListItem\",\"position\":1,\"name\":\"Portada\",\"item\":\"https:\/\/riberasalud.com\/cepovisa\/\"},{\"@type\":\"ListItem\",\"position\":2,\"name\":\"Escuela Universitaria de Enfermer\u00eda\",\"item\":\"https:\/\/riberasalud.com\/cepovisa\/escuela-universitaria-de-enfermeria\/\"},{\"@type\":\"ListItem\",\"position\":3,\"name\":\"Nuestro centro\",\"item\":\"https:\/\/riberasalud.com\/cepovisa\/escuela-universitaria-de-enfermeria\/nuestro-centro\/\"},{\"@type\":\"ListItem\",\"position\":4,\"name\":\"Servicios\"}]},{\"@type\":\"WebSite\",\"@id\":\"https:\/\/riberasalud.com\/cepovisa\/#website\",\"url\":\"https:\/\/riberasalud.com\/cepovisa\/\",\"name\":\"Cepovisa\",\"description\":\"\",\"publisher\":{\"@id\":\"https:\/\/riberasalud.com\/cepovisa\/#organization\"},\"potentialAction\":[{\"@type\":\"SearchAction\",\"target\":{\"@type\":\"EntryPoint\",\"urlTemplate\":\"https:\/\/riberasalud.com\/cepovisa\/?s={search_term_string}\"},\"query-input\":{\"@type\":\"PropertyValueSpecification\",\"valueRequired\":true,\"valueName\":\"search_term_string\"}}],\"inLanguage\":\"es\"},{\"@type\":\"Organization\",\"@id\":\"https:\/\/riberasalud.com\/cepovisa\/#organization\",\"name\":\"Cepovisa\",\"url\":\"https:\/\/riberasalud.com\/cepovisa\/\",\"logo\":{\"@type\":\"ImageObject\",\"inLanguage\":\"es\",\"@id\":\"https:\/\/riberasalud.com\/cepovisa\/#\/schema\/logo\/image\/\",\"url\":\"https:\/\/riberasalud.com\/cepovisa\/wp-content\/uploads\/2024\/08\/cropped-FORMACIONPROFESIONAL-cepivsa-logo.png\",\"contentUrl\":\"https:\/\/riberasalud.com\/cepovisa\/wp-content\/uploads\/2024\/08\/cropped-FORMACIONPROFESIONAL-cepivsa-logo.png\",\"width\":847,\"height\":94,\"caption\":\"Cepovisa\"},\"image\":{\"@id\":\"https:\/\/riberasalud.com\/cepovisa\/#\/schema\/logo\/image\/\"}}]}<\/script>\n<!-- \/ Yoast SEO plugin. -->","yoast_head_json":{"title":"Servicios - Cepovisa","description":"Descubre las instalaciones de uso docente para el alumnado con material sanitario, todo tipo de servicios, aulas y laboratorio","robots":{"index":"index","follow":"follow","max-snippet":"max-snippet:-1","max-image-preview":"max-image-preview:large","max-video-preview":"max-video-preview:-1"},"canonical":"https:\/\/riberasalud.com\/cepovisa\/escuela-universitaria-de-enfermeria\/nuestro-centro\/servicios\/","og_locale":"es_ES","og_type":"article","og_title":"Servicios - Cepovisa","og_description":"Descubre las instalaciones de uso docente para el alumnado con material sanitario, todo tipo de servicios, aulas y laboratorio","og_url":"https:\/\/riberasalud.com\/cepovisa\/escuela-universitaria-de-enfermeria\/nuestro-centro\/servicios\/","og_site_name":"Cepovisa","article_modified_time":"2024-08-02T09:11:29+00:00","og_image":[{"url":"https:\/\/riberasalud.com\/cepovisa\/wp-content\/uploads\/2022\/05\/pasillo-povisa-edit.jpg","type":"","width":"","height":""}],"twitter_card":"summary_large_image","twitter_misc":{"Tiempo de lectura":"3 minutos"},"schema":{"@context":"https:\/\/schema.org","@graph":[{"@type":"WebPage","@id":"https:\/\/riberasalud.com\/cepovisa\/escuela-universitaria-de-enfermeria\/nuestro-centro\/servicios\/","url":"https:\/\/riberasalud.com\/cepovisa\/escuela-universitaria-de-enfermeria\/nuestro-centro\/servicios\/","name":"Servicios - Cepovisa","isPartOf":{"@id":"https:\/\/riberasalud.com\/cepovisa\/#website"},"primaryImageOfPage":{"@id":"https:\/\/riberasalud.com\/cepovisa\/escuela-universitaria-de-enfermeria\/nuestro-centro\/servicios\/#primaryimage"},"image":{"@id":"https:\/\/riberasalud.com\/cepovisa\/escuela-universitaria-de-enfermeria\/nuestro-centro\/servicios\/#primaryimage"},"thumbnailUrl":"https:\/\/riberasalud.com\/cepovisa\/wp-content\/uploads\/2022\/05\/pasillo-povisa-edit.jpg","datePublished":"2024-08-02T09:10:46+00:00","dateModified":"2024-08-02T09:11:29+00:00","description":"Descubre las instalaciones de uso docente para el alumnado con material sanitario, todo tipo de servicios, aulas y laboratorio","breadcrumb":{"@id":"https:\/\/riberasalud.com\/cepovisa\/escuela-universitaria-de-enfermeria\/nuestro-centro\/servicios\/#breadcrumb"},"inLanguage":"es","potentialAction":[{"@type":"ReadAction","target":["https:\/\/riberasalud.com\/cepovisa\/escuela-universitaria-de-enfermeria\/nuestro-centro\/servicios\/"]}]},{"@type":"ImageObject","inLanguage":"es","@id":"https:\/\/riberasalud.com\/cepovisa\/escuela-universitaria-de-enfermeria\/nuestro-centro\/servicios\/#primaryimage","url":"https:\/\/riberasalud.com\/cepovisa\/wp-content\/uploads\/2022\/05\/pasillo-povisa-edit.jpg","contentUrl":"https:\/\/riberasalud.com\/cepovisa\/wp-content\/uploads\/2022\/05\/pasillo-povisa-edit.jpg","width":1920,"height":420},{"@type":"BreadcrumbList","@id":"https:\/\/riberasalud.com\/cepovisa\/escuela-universitaria-de-enfermeria\/nuestro-centro\/servicios\/#breadcrumb","itemListElement":[{"@type":"ListItem","position":1,"name":"Portada","item":"https:\/\/riberasalud.com\/cepovisa\/"},{"@type":"ListItem","position":2,"name":"Escuela Universitaria de Enfermer\u00eda","item":"https:\/\/riberasalud.com\/cepovisa\/escuela-universitaria-de-enfermeria\/"},{"@type":"ListItem","position":3,"name":"Nuestro centro","item":"https:\/\/riberasalud.com\/cepovisa\/escuela-universitaria-de-enfermeria\/nuestro-centro\/"},{"@type":"ListItem","position":4,"name":"Servicios"}]},{"@type":"WebSite","@id":"https:\/\/riberasalud.com\/cepovisa\/#website","url":"https:\/\/riberasalud.com\/cepovisa\/","name":"Cepovisa","description":"","publisher":{"@id":"https:\/\/riberasalud.com\/cepovisa\/#organization"},"potentialAction":[{"@type":"SearchAction","target":{"@type":"EntryPoint","urlTemplate":"https:\/\/riberasalud.com\/cepovisa\/?s={search_term_string}"},"query-input":{"@type":"PropertyValueSpecification","valueRequired":true,"valueName":"search_term_string"}}],"inLanguage":"es"},{"@type":"Organization","@id":"https:\/\/riberasalud.com\/cepovisa\/#organization","name":"Cepovisa","url":"https:\/\/riberasalud.com\/cepovisa\/","logo":{"@type":"ImageObject","inLanguage":"es","@id":"https:\/\/riberasalud.com\/cepovisa\/#\/schema\/logo\/image\/","url":"https:\/\/riberasalud.com\/cepovisa\/wp-content\/uploads\/2024\/08\/cropped-FORMACIONPROFESIONAL-cepivsa-logo.png","contentUrl":"https:\/\/riberasalud.com\/cepovisa\/wp-content\/uploads\/2024\/08\/cropped-FORMACIONPROFESIONAL-cepivsa-logo.png","width":847,"height":94,"caption":"Cepovisa"},"image":{"@id":"https:\/\/riberasalud.com\/cepovisa\/#\/schema\/logo\/image\/"}}]}},"_links":{"self":[{"href":"https:\/\/riberasalud.com\/cepovisa\/wp-json\/wp\/v2\/pages\/6408","targetHints":{"allow":["GET"]}}],"collection":[{"href":"https:\/\/riberasalud.com\/cepovisa\/wp-json\/wp\/v2\/pages"}],"about":[{"href":"https:\/\/riberasalud.com\/cepovisa\/wp-json\/wp\/v2\/types\/page"}],"author":[{"embeddable":true,"href":"https:\/\/riberasalud.com\/cepovisa\/wp-json\/wp\/v2\/users\/5"}],"replies":[{"embeddable":true,"href":"https:\/\/riberasalud.com\/cepovisa\/wp-json\/wp\/v2\/comments?post=6408"}],"version-history":[{"count":2,"href":"https:\/\/riberasalud.com\/cepovisa\/wp-json\/wp\/v2\/pages\/6408\/revisions"}],"predecessor-version":[{"id":6410,"href":"https:\/\/riberasalud.com\/cepovisa\/wp-json\/wp\/v2\/pages\/6408\/revisions\/6410"}],"up":[{"embeddable":true,"href":"https:\/\/riberasalud.com\/cepovisa\/wp-json\/wp\/v2\/pages\/329"}],"wp:attachment":[{"href":"https:\/\/riberasalud.com\/cepovisa\/wp-json\/wp\/v2\/media?parent=6408"}],"curies":[{"name":"wp","href":"https:\/\/api.w.org\/{rel}","templated":true}]}}