{"id":6319,"date":"2024-07-26T08:53:22","date_gmt":"2024-07-26T08:53:22","guid":{"rendered":"https:\/\/www.riberasalud.com\/cepovisa\/?page_id=6319"},"modified":"2024-07-26T09:45:23","modified_gmt":"2024-07-26T09:45:23","slug":"historia","status":"publish","type":"page","link":"https:\/\/riberasalud.com\/cepovisa\/formacion-profesional-ribera-povisa\/historia\/","title":{"rendered":"Historia"},"content":{"rendered":"\n<div class=\"wp-block-group bannersolotexto\"><div class=\"wp-block-group__inner-container is-layout-flow wp-block-group-is-layout-flow\">\n<h1 class=\"wp-block-heading\">Historia<\/h1>\n\n\n\n<p>Desde 1991 formando profesionales de Enfermer\u00eda<\/p>\n<\/div><\/div>\n\n\n\n<div class=\"wp-block-group\"><div class=\"wp-block-group__inner-container is-layout-flow wp-block-group-is-layout-flow\">\n<figure class=\"wp-block-image size-full fotoredonda\"><img loading=\"lazy\" decoding=\"async\" width=\"1920\" height=\"420\" src=\"https:\/\/riberasalud.com\/cepovisa\/wp-content\/uploads\/2022\/05\/Centro-Estudios-Povisa-edit.jpg\" alt=\"\" class=\"wp-image-385\" srcset=\"https:\/\/riberasalud.com\/cepovisa\/wp-content\/uploads\/2022\/05\/Centro-Estudios-Povisa-edit.jpg 1920w, https:\/\/riberasalud.com\/cepovisa\/wp-content\/uploads\/2022\/05\/Centro-Estudios-Povisa-edit-300x66.jpg 300w, https:\/\/riberasalud.com\/cepovisa\/wp-content\/uploads\/2022\/05\/Centro-Estudios-Povisa-edit-1024x224.jpg 1024w, https:\/\/riberasalud.com\/cepovisa\/wp-content\/uploads\/2022\/05\/Centro-Estudios-Povisa-edit-768x168.jpg 768w, https:\/\/riberasalud.com\/cepovisa\/wp-content\/uploads\/2022\/05\/Centro-Estudios-Povisa-edit-1536x336.jpg 1536w\" sizes=\"auto, (max-width: 1920px) 100vw, 1920px\" \/><\/figure>\n\n\n\n<h2 class=\"wp-block-heading has-text-align-left\">Nuestro Centro<\/h2>\n\n\n\n<h3 class=\"wp-block-heading\">Centro Estudios Povisa<\/h3>\n\n\n\n<div class=\"wp-block-columns is-layout-flex wp-container-core-columns-is-layout-9d6595d7 wp-block-columns-is-layout-flex\">\n<div class=\"wp-block-column is-layout-flow wp-block-column-is-layout-flow\">\n<p>En el curso 95-96 y coincidiendo con la aparici\u00f3n de la nueva FP, se solicita la autorizaci\u00f3n para impartir los nuevos ciclos formativos de T\u00e9cnicos Superiores de diversas <strong>especialidades sanitarias<\/strong> y as\u00ed van apareciendo: Documentaci\u00f3n Sanitaria, Anatom\u00eda Patol\u00f3gica y Citolog\u00eda, Imagen para el Diagn\u00f3stico, Radioterapia y como complemento a la enfermer\u00eda, Cuidados Auxiliares de Enfermer\u00eda&#8230; Con posterioridad, en el curso 2000-2001 se ampl\u00edan los especialidades con ciclos de servicios a la comunidad, en concreto: Integraci\u00f3n Social e Interpretaci\u00f3n de la lengua de los signos.<\/p>\n\n\n\n<p>En el a\u00f1o 2002 se comienza la construcci\u00f3n de un nuevo edificio, bajo el nombre de&nbsp;<strong>Centro Estudios Povisa<\/strong>, situado en la calle Romil 75-77, pr\u00f3ximo al hospital, de aproximadamente 3.000 m2 de superficie, distribuidos en 4 plantas.<\/p>\n\n\n\n<p>Desde el curso 2002\/2003, el\u00a0<strong>Centro Estudios Povisa<\/strong> contin\u00faa con la formaci\u00f3n de Grado en <strong>Enfermer\u00eda<\/strong> y Ciclos formativos de grado medio y grado superior.<\/p>\n\n\n\n<p>La filosof\u00eda del\u00a0<strong>Centro Estudios Povisa<\/strong>\u00a0es formar profesionales capaces de ejercer las funciones espec\u00edficas de cada una de las titulaciones que imparte, as\u00ed como fomentar el trabajo mediante la colaboraci\u00f3n con otros profesionales de la salud y llegar a conseguir objetivos comunes.<\/p>\n<\/div>\n\n\n\n<div class=\"wp-block-column is-layout-flow wp-block-column-is-layout-flow\">\n<p>Y para llegar a esta meta, la&nbsp;<strong>formaci\u00f3n<\/strong>&nbsp;del alumnado se apoya en tres pilares fundamentales:&nbsp;El&nbsp;<strong>desarrollo de clases te\u00f3rico-pr\u00e1cticas<\/strong>&nbsp;enfocadas a la resoluci\u00f3n de problemas, impartidas por especialistas en cada una de las materias, el&nbsp;<strong>fomento de la aplicaci\u00f3n pr\u00e1ctica de los conceptos te\u00f3ricos<\/strong>, mediante la evaluaci\u00f3n continuada del alumno por medio de tutor\u00edas, lo que tiene especial inter\u00e9s sobre todo en los cr\u00e9ditos pr\u00e1cticos cl\u00ednicos,&nbsp;<strong>evaluaci\u00f3n que se realiza en colaboraci\u00f3n con los profesionales<\/strong>&nbsp;de las diferentes unidades en donde el alumno realiza estos cr\u00e9ditos.<\/p>\n\n\n\n<p>Adem\u00e1s en colaboraci\u00f3n con la Universidad se realizan diversos Cursos Postgrado:&nbsp;<strong>M\u00e1ster y Especialistas, Cursos de Formaci\u00f3n, etc.<\/strong>&nbsp;Adem\u00e1s el Centro organiza tambi\u00e9n cursos para otros colectivos, como el Concello de Vigo, la Confederaci\u00f3n de Empresarios, Asociaciones, etc.. y organiza y participa con la Direcci\u00f3n de Enfermer\u00eda de Povisa en la formaci\u00f3n continuada del personal del hospital.<\/p>\n<\/div>\n<\/div>\n<\/div><\/div>\n\n\n\n<p><\/p>\n","protected":false},"excerpt":{"rendered":"<p>Historia Desde 1991 formando profesionales de Enfermer\u00eda Nuestro Centro Centro Estudios Povisa En el curso 95-96 y coincidiendo con la aparici\u00f3n de la nueva FP, se solicita la autorizaci\u00f3n para impartir los nuevos ciclos formativos de T\u00e9cnicos Superiores de diversas especialidades sanitarias y as\u00ed van apareciendo: Documentaci\u00f3n Sanitaria, Anatom\u00eda Patol\u00f3gica y Citolog\u00eda, Imagen para el &#8230; <a title=\"Historia\" class=\"read-more\" href=\"https:\/\/riberasalud.com\/cepovisa\/formacion-profesional-ribera-povisa\/historia\/\" aria-label=\"Leer m\u00e1s sobre Historia\">Leer m\u00e1s<\/a><\/p>\n","protected":false},"author":5,"featured_media":0,"parent":5,"menu_order":0,"comment_status":"closed","ping_status":"closed","template":"","meta":{"_mi_skip_tracking":false,"footnotes":""},"class_list":["post-6319","page","type-page","status-publish"],"yoast_head":"<!-- This site is optimized with the Yoast SEO plugin v26.6 - https:\/\/yoast.com\/wordpress\/plugins\/seo\/ -->\n<title>Descubre el Centro Estudios Povisa - Cepovisa<\/title>\n<meta name=\"description\" content=\"Desde 1991 dedicados a la formaci\u00f3n sanitaria con m\u00e1s de 1.300 alumnos graduados. El centro est\u00e1 adscrito a la Universidad de Vigo\" \/>\n<meta name=\"robots\" content=\"index, follow, max-snippet:-1, max-image-preview:large, max-video-preview:-1\" \/>\n<link rel=\"canonical\" href=\"https:\/\/riberasalud.com\/cepovisa\/formacion-profesional-ribera-povisa\/historia\/\" \/>\n<meta property=\"og:locale\" content=\"es_ES\" \/>\n<meta property=\"og:type\" content=\"article\" \/>\n<meta property=\"og:title\" content=\"Descubre el Centro Estudios Povisa - Cepovisa\" \/>\n<meta property=\"og:description\" content=\"Desde 1991 dedicados a la formaci\u00f3n sanitaria con m\u00e1s de 1.300 alumnos graduados. El centro est\u00e1 adscrito a la Universidad de Vigo\" \/>\n<meta property=\"og:url\" content=\"https:\/\/riberasalud.com\/cepovisa\/formacion-profesional-ribera-povisa\/historia\/\" \/>\n<meta property=\"og:site_name\" content=\"Cepovisa\" \/>\n<meta property=\"article:modified_time\" content=\"2024-07-26T09:45:23+00:00\" \/>\n<meta property=\"og:image\" content=\"https:\/\/riberasalud.com\/cepovisa\/wp-content\/uploads\/2022\/05\/Centro-Estudios-Povisa-edit.jpg\" \/>\n<meta name=\"twitter:card\" content=\"summary_large_image\" \/>\n<meta name=\"twitter:label1\" content=\"Tiempo de lectura\" \/>\n\t<meta name=\"twitter:data1\" content=\"2 minutos\" \/>\n<script type=\"application\/ld+json\" class=\"yoast-schema-graph\">{\"@context\":\"https:\/\/schema.org\",\"@graph\":[{\"@type\":\"WebPage\",\"@id\":\"https:\/\/riberasalud.com\/cepovisa\/formacion-profesional-ribera-povisa\/historia\/\",\"url\":\"https:\/\/riberasalud.com\/cepovisa\/formacion-profesional-ribera-povisa\/historia\/\",\"name\":\"Descubre el Centro Estudios Povisa - Cepovisa\",\"isPartOf\":{\"@id\":\"https:\/\/riberasalud.com\/cepovisa\/#website\"},\"primaryImageOfPage\":{\"@id\":\"https:\/\/riberasalud.com\/cepovisa\/formacion-profesional-ribera-povisa\/historia\/#primaryimage\"},\"image\":{\"@id\":\"https:\/\/riberasalud.com\/cepovisa\/formacion-profesional-ribera-povisa\/historia\/#primaryimage\"},\"thumbnailUrl\":\"https:\/\/riberasalud.com\/cepovisa\/wp-content\/uploads\/2022\/05\/Centro-Estudios-Povisa-edit.jpg\",\"datePublished\":\"2024-07-26T08:53:22+00:00\",\"dateModified\":\"2024-07-26T09:45:23+00:00\",\"description\":\"Desde 1991 dedicados a la formaci\u00f3n sanitaria con m\u00e1s de 1.300 alumnos graduados. El centro est\u00e1 adscrito a la Universidad de Vigo\",\"breadcrumb\":{\"@id\":\"https:\/\/riberasalud.com\/cepovisa\/formacion-profesional-ribera-povisa\/historia\/#breadcrumb\"},\"inLanguage\":\"es\",\"potentialAction\":[{\"@type\":\"ReadAction\",\"target\":[\"https:\/\/riberasalud.com\/cepovisa\/formacion-profesional-ribera-povisa\/historia\/\"]}]},{\"@type\":\"ImageObject\",\"inLanguage\":\"es\",\"@id\":\"https:\/\/riberasalud.com\/cepovisa\/formacion-profesional-ribera-povisa\/historia\/#primaryimage\",\"url\":\"https:\/\/riberasalud.com\/cepovisa\/wp-content\/uploads\/2022\/05\/Centro-Estudios-Povisa-edit.jpg\",\"contentUrl\":\"https:\/\/riberasalud.com\/cepovisa\/wp-content\/uploads\/2022\/05\/Centro-Estudios-Povisa-edit.jpg\",\"width\":1920,\"height\":420},{\"@type\":\"BreadcrumbList\",\"@id\":\"https:\/\/riberasalud.com\/cepovisa\/formacion-profesional-ribera-povisa\/historia\/#breadcrumb\",\"itemListElement\":[{\"@type\":\"ListItem\",\"position\":1,\"name\":\"Portada\",\"item\":\"https:\/\/riberasalud.com\/cepovisa\/\"},{\"@type\":\"ListItem\",\"position\":2,\"name\":\"Formaci\u00f3n Profesional Ribera Povisa\",\"item\":\"https:\/\/riberasalud.com\/cepovisa\/formacion-profesional-ribera-povisa\/\"},{\"@type\":\"ListItem\",\"position\":3,\"name\":\"Historia\"}]},{\"@type\":\"WebSite\",\"@id\":\"https:\/\/riberasalud.com\/cepovisa\/#website\",\"url\":\"https:\/\/riberasalud.com\/cepovisa\/\",\"name\":\"Cepovisa\",\"description\":\"\",\"publisher\":{\"@id\":\"https:\/\/riberasalud.com\/cepovisa\/#organization\"},\"potentialAction\":[{\"@type\":\"SearchAction\",\"target\":{\"@type\":\"EntryPoint\",\"urlTemplate\":\"https:\/\/riberasalud.com\/cepovisa\/?s={search_term_string}\"},\"query-input\":{\"@type\":\"PropertyValueSpecification\",\"valueRequired\":true,\"valueName\":\"search_term_string\"}}],\"inLanguage\":\"es\"},{\"@type\":\"Organization\",\"@id\":\"https:\/\/riberasalud.com\/cepovisa\/#organization\",\"name\":\"Cepovisa\",\"url\":\"https:\/\/riberasalud.com\/cepovisa\/\",\"logo\":{\"@type\":\"ImageObject\",\"inLanguage\":\"es\",\"@id\":\"https:\/\/riberasalud.com\/cepovisa\/#\/schema\/logo\/image\/\",\"url\":\"https:\/\/riberasalud.com\/cepovisa\/wp-content\/uploads\/2024\/08\/cropped-FORMACIONPROFESIONAL-cepivsa-logo.png\",\"contentUrl\":\"https:\/\/riberasalud.com\/cepovisa\/wp-content\/uploads\/2024\/08\/cropped-FORMACIONPROFESIONAL-cepivsa-logo.png\",\"width\":847,\"height\":94,\"caption\":\"Cepovisa\"},\"image\":{\"@id\":\"https:\/\/riberasalud.com\/cepovisa\/#\/schema\/logo\/image\/\"}}]}<\/script>\n<!-- \/ Yoast SEO plugin. -->","yoast_head_json":{"title":"Descubre el Centro Estudios Povisa - Cepovisa","description":"Desde 1991 dedicados a la formaci\u00f3n sanitaria con m\u00e1s de 1.300 alumnos graduados. El centro est\u00e1 adscrito a la Universidad de Vigo","robots":{"index":"index","follow":"follow","max-snippet":"max-snippet:-1","max-image-preview":"max-image-preview:large","max-video-preview":"max-video-preview:-1"},"canonical":"https:\/\/riberasalud.com\/cepovisa\/formacion-profesional-ribera-povisa\/historia\/","og_locale":"es_ES","og_type":"article","og_title":"Descubre el Centro Estudios Povisa - Cepovisa","og_description":"Desde 1991 dedicados a la formaci\u00f3n sanitaria con m\u00e1s de 1.300 alumnos graduados. El centro est\u00e1 adscrito a la Universidad de Vigo","og_url":"https:\/\/riberasalud.com\/cepovisa\/formacion-profesional-ribera-povisa\/historia\/","og_site_name":"Cepovisa","article_modified_time":"2024-07-26T09:45:23+00:00","og_image":[{"url":"https:\/\/riberasalud.com\/cepovisa\/wp-content\/uploads\/2022\/05\/Centro-Estudios-Povisa-edit.jpg","type":"","width":"","height":""}],"twitter_card":"summary_large_image","twitter_misc":{"Tiempo de lectura":"2 minutos"},"schema":{"@context":"https:\/\/schema.org","@graph":[{"@type":"WebPage","@id":"https:\/\/riberasalud.com\/cepovisa\/formacion-profesional-ribera-povisa\/historia\/","url":"https:\/\/riberasalud.com\/cepovisa\/formacion-profesional-ribera-povisa\/historia\/","name":"Descubre el Centro Estudios Povisa - Cepovisa","isPartOf":{"@id":"https:\/\/riberasalud.com\/cepovisa\/#website"},"primaryImageOfPage":{"@id":"https:\/\/riberasalud.com\/cepovisa\/formacion-profesional-ribera-povisa\/historia\/#primaryimage"},"image":{"@id":"https:\/\/riberasalud.com\/cepovisa\/formacion-profesional-ribera-povisa\/historia\/#primaryimage"},"thumbnailUrl":"https:\/\/riberasalud.com\/cepovisa\/wp-content\/uploads\/2022\/05\/Centro-Estudios-Povisa-edit.jpg","datePublished":"2024-07-26T08:53:22+00:00","dateModified":"2024-07-26T09:45:23+00:00","description":"Desde 1991 dedicados a la formaci\u00f3n sanitaria con m\u00e1s de 1.300 alumnos graduados. El centro est\u00e1 adscrito a la Universidad de Vigo","breadcrumb":{"@id":"https:\/\/riberasalud.com\/cepovisa\/formacion-profesional-ribera-povisa\/historia\/#breadcrumb"},"inLanguage":"es","potentialAction":[{"@type":"ReadAction","target":["https:\/\/riberasalud.com\/cepovisa\/formacion-profesional-ribera-povisa\/historia\/"]}]},{"@type":"ImageObject","inLanguage":"es","@id":"https:\/\/riberasalud.com\/cepovisa\/formacion-profesional-ribera-povisa\/historia\/#primaryimage","url":"https:\/\/riberasalud.com\/cepovisa\/wp-content\/uploads\/2022\/05\/Centro-Estudios-Povisa-edit.jpg","contentUrl":"https:\/\/riberasalud.com\/cepovisa\/wp-content\/uploads\/2022\/05\/Centro-Estudios-Povisa-edit.jpg","width":1920,"height":420},{"@type":"BreadcrumbList","@id":"https:\/\/riberasalud.com\/cepovisa\/formacion-profesional-ribera-povisa\/historia\/#breadcrumb","itemListElement":[{"@type":"ListItem","position":1,"name":"Portada","item":"https:\/\/riberasalud.com\/cepovisa\/"},{"@type":"ListItem","position":2,"name":"Formaci\u00f3n Profesional Ribera Povisa","item":"https:\/\/riberasalud.com\/cepovisa\/formacion-profesional-ribera-povisa\/"},{"@type":"ListItem","position":3,"name":"Historia"}]},{"@type":"WebSite","@id":"https:\/\/riberasalud.com\/cepovisa\/#website","url":"https:\/\/riberasalud.com\/cepovisa\/","name":"Cepovisa","description":"","publisher":{"@id":"https:\/\/riberasalud.com\/cepovisa\/#organization"},"potentialAction":[{"@type":"SearchAction","target":{"@type":"EntryPoint","urlTemplate":"https:\/\/riberasalud.com\/cepovisa\/?s={search_term_string}"},"query-input":{"@type":"PropertyValueSpecification","valueRequired":true,"valueName":"search_term_string"}}],"inLanguage":"es"},{"@type":"Organization","@id":"https:\/\/riberasalud.com\/cepovisa\/#organization","name":"Cepovisa","url":"https:\/\/riberasalud.com\/cepovisa\/","logo":{"@type":"ImageObject","inLanguage":"es","@id":"https:\/\/riberasalud.com\/cepovisa\/#\/schema\/logo\/image\/","url":"https:\/\/riberasalud.com\/cepovisa\/wp-content\/uploads\/2024\/08\/cropped-FORMACIONPROFESIONAL-cepivsa-logo.png","contentUrl":"https:\/\/riberasalud.com\/cepovisa\/wp-content\/uploads\/2024\/08\/cropped-FORMACIONPROFESIONAL-cepivsa-logo.png","width":847,"height":94,"caption":"Cepovisa"},"image":{"@id":"https:\/\/riberasalud.com\/cepovisa\/#\/schema\/logo\/image\/"}}]}},"_links":{"self":[{"href":"https:\/\/riberasalud.com\/cepovisa\/wp-json\/wp\/v2\/pages\/6319","targetHints":{"allow":["GET"]}}],"collection":[{"href":"https:\/\/riberasalud.com\/cepovisa\/wp-json\/wp\/v2\/pages"}],"about":[{"href":"https:\/\/riberasalud.com\/cepovisa\/wp-json\/wp\/v2\/types\/page"}],"author":[{"embeddable":true,"href":"https:\/\/riberasalud.com\/cepovisa\/wp-json\/wp\/v2\/users\/5"}],"replies":[{"embeddable":true,"href":"https:\/\/riberasalud.com\/cepovisa\/wp-json\/wp\/v2\/comments?post=6319"}],"version-history":[{"count":3,"href":"https:\/\/riberasalud.com\/cepovisa\/wp-json\/wp\/v2\/pages\/6319\/revisions"}],"predecessor-version":[{"id":6322,"href":"https:\/\/riberasalud.com\/cepovisa\/wp-json\/wp\/v2\/pages\/6319\/revisions\/6322"}],"up":[{"embeddable":true,"href":"https:\/\/riberasalud.com\/cepovisa\/wp-json\/wp\/v2\/pages\/5"}],"wp:attachment":[{"href":"https:\/\/riberasalud.com\/cepovisa\/wp-json\/wp\/v2\/media?parent=6319"}],"curies":[{"name":"wp","href":"https:\/\/api.w.org\/{rel}","templated":true}]}}