{"id":5974,"date":"2024-05-06T10:21:33","date_gmt":"2024-05-06T10:21:33","guid":{"rendered":"https:\/\/www.riberasalud.com\/cepovisa\/?page_id=5974"},"modified":"2024-07-19T10:14:57","modified_gmt":"2024-07-19T10:14:57","slug":"proceso-de-matriculacion-de-ciclos-formativos","status":"publish","type":"page","link":"https:\/\/riberasalud.com\/cepovisa\/formacion-profesional\/proceso-de-matriculacion-de-ciclos-formativos\/","title":{"rendered":"Proceso de matriculaci\u00f3n de ciclos formativos"},"content":{"rendered":"\n<div class=\"wp-block-group bannersolotexto\"><div class=\"wp-block-group__inner-container is-layout-flow wp-block-group-is-layout-flow\">\n<h1 class=\"wp-block-heading\">Proceso de matriculaci\u00f3n de ciclos formativos<\/h1>\n<\/div><\/div>\n\n\n\n<div class=\"wp-block-group\"><div class=\"wp-block-group__inner-container is-layout-flow wp-block-group-is-layout-flow\">\n<h2 class=\"wp-block-heading\"><strong style=\"font-weight: bold;\">INFORMACI\u00d3N PROCESO <mark style=\"background-color:rgba(0, 0, 0, 0);color:#d71029\" class=\"has-inline-color\">PREINSCRIPCI\u00d3N<\/mark><\/strong><strong><strong> (Curso 2024-2025)<\/strong><\/strong><\/h2>\n\n\n\n<p><strong><u>FECHAS PROCESO MATRICULACI\u00d3N<\/u><\/strong><\/p>\n\n\n\n<ul class=\"wp-block-list\">\n<li><strong><u><mark style=\"background-color:rgba(0, 0, 0, 0);color:#d71029\" class=\"has-inline-color\">PREINSCRIPCI\u00d3N<\/mark><\/u>: 28 de JUNIO<\/strong><\/li>\n\n\n\n<li><strong><u>MATR\u00cdCULA<\/u>: 18 de JUNIO al 28 de JUNIO<\/strong><\/li>\n<\/ul>\n\n\n\n<p>El alumnado no admitido quedar\u00e1 en lista de espera para cubrir vacantes que surjan por bajas en la matr\u00edcula.<br>La lista de preadmitidos se subir\u00e1 a esta p\u00e1gina web.<\/p>\n\n\n\n<p><strong><u>DOCUMENTACI\u00d3N QUE SE DEBE ENTREGAR EN LA SECRETARIA PARA LA PREINSCRIPCI\u00d3N<\/u><\/strong><\/p>\n\n\n\n<ul class=\"wp-block-list\">\n<li>SOLICITUD CUBIERTA CON LETRA MAY\u00daSCULA Y DE FORMA CLARA.<\/li>\n\n\n\n<li>FOTOCOPIA DNI.<\/li>\n\n\n\n<li>CERTIFICACI\u00d3N ACAD\u00c9MICA OFICIAL EN LA QUE CONSTE EL EXPEDIENTE ACAD\u00c9MICO Y FECHA DE DEP\u00d3SITO DEL T\u00cdTULO\n<ul class=\"wp-block-list\">\n<li>PARA Ciclos Medios: 4\u00ba ESO, Ciclo formativo de GM o GS, 2\u00ba BUP, FP1\u2026<\/li>\n\n\n\n<li>PARA Ciclos Superiores: Bachillerato LOE\/LOGSE, Ciclo formativo de GM o GS. T\u00edtulo universitario, COU, FP2\u2026<\/li>\n<\/ul>\n<\/li>\n<\/ul>\n\n\n\n<figure class=\"wp-block-table\">\n<table>\n<tbody>\n<tr>\n<td colspan=\"2\"><strong>Distribuci\u00f3n de las plazas<\/strong><\/td>\n<\/tr>\n<tr>\n<td><strong>Ciclo Medio<\/strong><\/td>\n<td><strong>Ciclos Superiores<\/strong><\/td>\n<\/tr>\n<tr>\n<td>10% personal del grupo Ribera <span class=\"ui-provider ed bbc bbd bbe bbf bbg bbh bbi bbj bbk bbl bbm bbn bbo bbp bbq bbr bbs bbt bbu bbv bbw bbx bby bbz bca bcb bcc bcd bce bcf bcg bch bci bcj\" dir=\"ltr\">y familiares de primer grado<\/span><br \/>90% acceso libre<\/td>\n<td>10% personal del grupo Ribera <span class=\"ui-provider ed bbc bbd bbe bbf bbg bbh bbi bbj bbk bbl bbm bbn bbo bbp bbq bbr bbs bbt bbu bbv bbw bbx bby bbz bca bcb bcc bcd bce bcf bcg bch bci bcj\" dir=\"ltr\">y familiares de primer grado<\/span><br \/>15% alumnado procedente de ciclos cursados en el grupo Ribera <br \/>75% acceso libre<\/td>\n<\/tr>\n<tr>\n<td colspan=\"2\">En caso de que haya m\u00e1s solicitudes que plazas ofertadas para cada cupo, la adjudicaci\u00f3n se har\u00e1 por nota media de la titulaci\u00f3n de acceso. <br \/>Cuando en un cupo no se adjudiquen todas las plazas, las restantes ser\u00e1n adjudicadas por el turno libre. <br \/>En el caso que se acceda a un ciclo superior con un t\u00edtulo de grado medio, tendr\u00e1n preferencia aquellos alumnos que posean un t\u00edtulo de rama sanitaria frente a los que posean un t\u00edtulo de cualquier otra familia profesional.<\/td>\n<\/tr>\n<\/tbody>\n<\/table>\n<figcaption class=\"wp-element-caption\"><\/figcaption>\n<\/figure>\n\n\n\n<div style=\"height:30px\" aria-hidden=\"true\" class=\"wp-block-spacer\"><\/div>\n\n\n\n<iframe src=\"https:\/\/www.google.com\/maps\/embed?pb=!1m18!1m12!1m3!1d2954.352550052959!2d-8.731849488390493!3d42.22828057108538!2m3!1f0!2f0!3f0!3m2!1i1024!2i768!4f13.1!3m3!1m2!1s0xd2f620d9ed84683%3A0xe816f23b837b31e3!2sCentro%20de%20Estudios%20Povisa!5e0!3m2!1ses!2ses!4v1715241496692!5m2!1ses!2ses\" width=\"1400\" height=\"300\" style=\"border:0;\" allowfullscreen=\"\" loading=\"lazy\" referrerpolicy=\"no-referrer-when-downgrade\"><\/iframe>\n<\/div><\/div>\n\n\n\n<p><\/p>\n","protected":false},"excerpt":{"rendered":"<p>Proceso de matriculaci\u00f3n de ciclos formativos INFORMACI\u00d3N PROCESO PREINSCRIPCI\u00d3N (Curso 2024-2025) FECHAS PROCESO MATRICULACI\u00d3N El alumnado no admitido quedar\u00e1 en lista de espera para cubrir vacantes que surjan por bajas en la matr\u00edcula.La lista de preadmitidos se subir\u00e1 a esta p\u00e1gina web. DOCUMENTACI\u00d3N QUE SE DEBE ENTREGAR EN LA SECRETARIA PARA LA PREINSCRIPCI\u00d3N Distribuci\u00f3n de &#8230; <a title=\"Proceso de matriculaci\u00f3n de ciclos formativos\" class=\"read-more\" href=\"https:\/\/riberasalud.com\/cepovisa\/formacion-profesional\/proceso-de-matriculacion-de-ciclos-formativos\/\" aria-label=\"Leer m\u00e1s sobre Proceso de matriculaci\u00f3n de ciclos formativos\">Leer m\u00e1s<\/a><\/p>\n","protected":false},"author":2,"featured_media":0,"parent":531,"menu_order":0,"comment_status":"closed","ping_status":"closed","template":"","meta":{"_mi_skip_tracking":false,"footnotes":""},"class_list":["post-5974","page","type-page","status-publish"],"yoast_head":"<!-- This site is optimized with the Yoast SEO plugin v27.5 - https:\/\/yoast.com\/product\/yoast-seo-wordpress\/ -->\n<title>Proceso de matriculaci\u00f3n de ciclos formativos<\/title>\n<meta name=\"description\" content=\"Informaci\u00f3n sobre el proceso de matriculaci\u00f3n del a\u00f1o 2024-2025 de la Escuela de estudios del Hospital Povisa\" \/>\n<meta name=\"robots\" content=\"index, follow, max-snippet:-1, max-image-preview:large, max-video-preview:-1\" \/>\n<link rel=\"canonical\" href=\"https:\/\/riberasalud.com\/cepovisa\/formacion-profesional\/proceso-de-matriculacion-de-ciclos-formativos\/\" \/>\n<meta property=\"og:locale\" content=\"es_ES\" \/>\n<meta property=\"og:type\" content=\"article\" \/>\n<meta property=\"og:title\" content=\"Proceso de matriculaci\u00f3n de ciclos formativos\" \/>\n<meta property=\"og:description\" content=\"Informaci\u00f3n sobre el proceso de matriculaci\u00f3n del a\u00f1o 2024-2025 de la Escuela de estudios del Hospital Povisa\" \/>\n<meta property=\"og:url\" content=\"https:\/\/riberasalud.com\/cepovisa\/formacion-profesional\/proceso-de-matriculacion-de-ciclos-formativos\/\" \/>\n<meta property=\"og:site_name\" content=\"Cepovisa\" \/>\n<meta property=\"article:modified_time\" content=\"2024-07-19T10:14:57+00:00\" \/>\n<meta name=\"twitter:card\" content=\"summary_large_image\" \/>\n<meta name=\"twitter:label1\" content=\"Tiempo de lectura\" \/>\n\t<meta name=\"twitter:data1\" content=\"2 minutos\" \/>\n<script type=\"application\/ld+json\" class=\"yoast-schema-graph\">{\"@context\":\"https:\\\/\\\/schema.org\",\"@graph\":[{\"@type\":\"WebPage\",\"@id\":\"https:\\\/\\\/riberasalud.com\\\/cepovisa\\\/formacion-profesional\\\/proceso-de-matriculacion-de-ciclos-formativos\\\/\",\"url\":\"https:\\\/\\\/riberasalud.com\\\/cepovisa\\\/formacion-profesional\\\/proceso-de-matriculacion-de-ciclos-formativos\\\/\",\"name\":\"Proceso de matriculaci\u00f3n de ciclos formativos\",\"isPartOf\":{\"@id\":\"https:\\\/\\\/riberasalud.com\\\/cepovisa\\\/#website\"},\"datePublished\":\"2024-05-06T10:21:33+00:00\",\"dateModified\":\"2024-07-19T10:14:57+00:00\",\"description\":\"Informaci\u00f3n sobre el proceso de matriculaci\u00f3n del a\u00f1o 2024-2025 de la Escuela de estudios del Hospital Povisa\",\"breadcrumb\":{\"@id\":\"https:\\\/\\\/riberasalud.com\\\/cepovisa\\\/formacion-profesional\\\/proceso-de-matriculacion-de-ciclos-formativos\\\/#breadcrumb\"},\"inLanguage\":\"es\",\"potentialAction\":[{\"@type\":\"ReadAction\",\"target\":[\"https:\\\/\\\/riberasalud.com\\\/cepovisa\\\/formacion-profesional\\\/proceso-de-matriculacion-de-ciclos-formativos\\\/\"]}]},{\"@type\":\"BreadcrumbList\",\"@id\":\"https:\\\/\\\/riberasalud.com\\\/cepovisa\\\/formacion-profesional\\\/proceso-de-matriculacion-de-ciclos-formativos\\\/#breadcrumb\",\"itemListElement\":[{\"@type\":\"ListItem\",\"position\":1,\"name\":\"Portada\",\"item\":\"https:\\\/\\\/riberasalud.com\\\/cepovisa\\\/\"},{\"@type\":\"ListItem\",\"position\":2,\"name\":\"Formaci\u00f3n profesional\",\"item\":\"https:\\\/\\\/riberasalud.com\\\/cepovisa\\\/formacion-profesional\\\/\"},{\"@type\":\"ListItem\",\"position\":3,\"name\":\"Proceso de matriculaci\u00f3n de ciclos formativos\"}]},{\"@type\":\"WebSite\",\"@id\":\"https:\\\/\\\/riberasalud.com\\\/cepovisa\\\/#website\",\"url\":\"https:\\\/\\\/riberasalud.com\\\/cepovisa\\\/\",\"name\":\"Cepovisa\",\"description\":\"\",\"publisher\":{\"@id\":\"https:\\\/\\\/riberasalud.com\\\/cepovisa\\\/#organization\"},\"potentialAction\":[{\"@type\":\"SearchAction\",\"target\":{\"@type\":\"EntryPoint\",\"urlTemplate\":\"https:\\\/\\\/riberasalud.com\\\/cepovisa\\\/?s={search_term_string}\"},\"query-input\":{\"@type\":\"PropertyValueSpecification\",\"valueRequired\":true,\"valueName\":\"search_term_string\"}}],\"inLanguage\":\"es\"},{\"@type\":\"Organization\",\"@id\":\"https:\\\/\\\/riberasalud.com\\\/cepovisa\\\/#organization\",\"name\":\"Cepovisa\",\"url\":\"https:\\\/\\\/riberasalud.com\\\/cepovisa\\\/\",\"logo\":{\"@type\":\"ImageObject\",\"inLanguage\":\"es\",\"@id\":\"https:\\\/\\\/riberasalud.com\\\/cepovisa\\\/#\\\/schema\\\/logo\\\/image\\\/\",\"url\":\"https:\\\/\\\/riberasalud.com\\\/cepovisa\\\/wp-content\\\/uploads\\\/2024\\\/08\\\/cropped-FORMACIONPROFESIONAL-cepivsa-logo.png\",\"contentUrl\":\"https:\\\/\\\/riberasalud.com\\\/cepovisa\\\/wp-content\\\/uploads\\\/2024\\\/08\\\/cropped-FORMACIONPROFESIONAL-cepivsa-logo.png\",\"width\":847,\"height\":94,\"caption\":\"Cepovisa\"},\"image\":{\"@id\":\"https:\\\/\\\/riberasalud.com\\\/cepovisa\\\/#\\\/schema\\\/logo\\\/image\\\/\"}}]}<\/script>\n<!-- \/ Yoast SEO plugin. -->","yoast_head_json":{"title":"Proceso de matriculaci\u00f3n de ciclos formativos","description":"Informaci\u00f3n sobre el proceso de matriculaci\u00f3n del a\u00f1o 2024-2025 de la Escuela de estudios del Hospital Povisa","robots":{"index":"index","follow":"follow","max-snippet":"max-snippet:-1","max-image-preview":"max-image-preview:large","max-video-preview":"max-video-preview:-1"},"canonical":"https:\/\/riberasalud.com\/cepovisa\/formacion-profesional\/proceso-de-matriculacion-de-ciclos-formativos\/","og_locale":"es_ES","og_type":"article","og_title":"Proceso de matriculaci\u00f3n de ciclos formativos","og_description":"Informaci\u00f3n sobre el proceso de matriculaci\u00f3n del a\u00f1o 2024-2025 de la Escuela de estudios del Hospital Povisa","og_url":"https:\/\/riberasalud.com\/cepovisa\/formacion-profesional\/proceso-de-matriculacion-de-ciclos-formativos\/","og_site_name":"Cepovisa","article_modified_time":"2024-07-19T10:14:57+00:00","twitter_card":"summary_large_image","twitter_misc":{"Tiempo de lectura":"2 minutos"},"schema":{"@context":"https:\/\/schema.org","@graph":[{"@type":"WebPage","@id":"https:\/\/riberasalud.com\/cepovisa\/formacion-profesional\/proceso-de-matriculacion-de-ciclos-formativos\/","url":"https:\/\/riberasalud.com\/cepovisa\/formacion-profesional\/proceso-de-matriculacion-de-ciclos-formativos\/","name":"Proceso de matriculaci\u00f3n de ciclos formativos","isPartOf":{"@id":"https:\/\/riberasalud.com\/cepovisa\/#website"},"datePublished":"2024-05-06T10:21:33+00:00","dateModified":"2024-07-19T10:14:57+00:00","description":"Informaci\u00f3n sobre el proceso de matriculaci\u00f3n del a\u00f1o 2024-2025 de la Escuela de estudios del Hospital Povisa","breadcrumb":{"@id":"https:\/\/riberasalud.com\/cepovisa\/formacion-profesional\/proceso-de-matriculacion-de-ciclos-formativos\/#breadcrumb"},"inLanguage":"es","potentialAction":[{"@type":"ReadAction","target":["https:\/\/riberasalud.com\/cepovisa\/formacion-profesional\/proceso-de-matriculacion-de-ciclos-formativos\/"]}]},{"@type":"BreadcrumbList","@id":"https:\/\/riberasalud.com\/cepovisa\/formacion-profesional\/proceso-de-matriculacion-de-ciclos-formativos\/#breadcrumb","itemListElement":[{"@type":"ListItem","position":1,"name":"Portada","item":"https:\/\/riberasalud.com\/cepovisa\/"},{"@type":"ListItem","position":2,"name":"Formaci\u00f3n profesional","item":"https:\/\/riberasalud.com\/cepovisa\/formacion-profesional\/"},{"@type":"ListItem","position":3,"name":"Proceso de matriculaci\u00f3n de ciclos formativos"}]},{"@type":"WebSite","@id":"https:\/\/riberasalud.com\/cepovisa\/#website","url":"https:\/\/riberasalud.com\/cepovisa\/","name":"Cepovisa","description":"","publisher":{"@id":"https:\/\/riberasalud.com\/cepovisa\/#organization"},"potentialAction":[{"@type":"SearchAction","target":{"@type":"EntryPoint","urlTemplate":"https:\/\/riberasalud.com\/cepovisa\/?s={search_term_string}"},"query-input":{"@type":"PropertyValueSpecification","valueRequired":true,"valueName":"search_term_string"}}],"inLanguage":"es"},{"@type":"Organization","@id":"https:\/\/riberasalud.com\/cepovisa\/#organization","name":"Cepovisa","url":"https:\/\/riberasalud.com\/cepovisa\/","logo":{"@type":"ImageObject","inLanguage":"es","@id":"https:\/\/riberasalud.com\/cepovisa\/#\/schema\/logo\/image\/","url":"https:\/\/riberasalud.com\/cepovisa\/wp-content\/uploads\/2024\/08\/cropped-FORMACIONPROFESIONAL-cepivsa-logo.png","contentUrl":"https:\/\/riberasalud.com\/cepovisa\/wp-content\/uploads\/2024\/08\/cropped-FORMACIONPROFESIONAL-cepivsa-logo.png","width":847,"height":94,"caption":"Cepovisa"},"image":{"@id":"https:\/\/riberasalud.com\/cepovisa\/#\/schema\/logo\/image\/"}}]}},"_links":{"self":[{"href":"https:\/\/riberasalud.com\/cepovisa\/wp-json\/wp\/v2\/pages\/5974","targetHints":{"allow":["GET"]}}],"collection":[{"href":"https:\/\/riberasalud.com\/cepovisa\/wp-json\/wp\/v2\/pages"}],"about":[{"href":"https:\/\/riberasalud.com\/cepovisa\/wp-json\/wp\/v2\/types\/page"}],"author":[{"embeddable":true,"href":"https:\/\/riberasalud.com\/cepovisa\/wp-json\/wp\/v2\/users\/2"}],"replies":[{"embeddable":true,"href":"https:\/\/riberasalud.com\/cepovisa\/wp-json\/wp\/v2\/comments?post=5974"}],"version-history":[{"count":22,"href":"https:\/\/riberasalud.com\/cepovisa\/wp-json\/wp\/v2\/pages\/5974\/revisions"}],"predecessor-version":[{"id":6100,"href":"https:\/\/riberasalud.com\/cepovisa\/wp-json\/wp\/v2\/pages\/5974\/revisions\/6100"}],"up":[{"embeddable":true,"href":"https:\/\/riberasalud.com\/cepovisa\/wp-json\/wp\/v2\/pages\/531"}],"wp:attachment":[{"href":"https:\/\/riberasalud.com\/cepovisa\/wp-json\/wp\/v2\/media?parent=5974"}],"curies":[{"name":"wp","href":"https:\/\/api.w.org\/{rel}","templated":true}]}}