{"id":5894,"date":"2024-03-25T10:20:05","date_gmt":"2024-03-25T10:20:05","guid":{"rendered":"https:\/\/www.riberasalud.com\/cepovisa\/?page_id=5894"},"modified":"2025-03-26T16:00:02","modified_gmt":"2025-03-26T16:00:02","slug":"formacion-y-congresos","status":"publish","type":"page","link":"https:\/\/riberasalud.com\/cepovisa\/formacion-y-congresos\/","title":{"rendered":"Formaci\u00f3n y congresos"},"content":{"rendered":"\n<div class=\"wp-block-group slidercongresos\"><div class=\"wp-block-group__inner-container is-layout-flow wp-block-group-is-layout-flow\">\n<div class=\"wp-block-columns is-layout-flex wp-container-core-columns-is-layout-9d6595d7 wp-block-columns-is-layout-flex\">\n<div class=\"wp-block-column is-vertically-aligned-center is-layout-flow wp-block-column-is-layout-flow\">\n<h1 class=\"wp-block-heading\">Formaci\u00f3n y congresos<\/h1>\n\n\n\n<p>Agenda de actividades, jornadas y congresos de enfermer\u00eda<\/p>\n<\/div>\n\n\n\n<div class=\"wp-block-column columnaformulario onlydesktop is-layout-flow wp-block-column-is-layout-flow\">\n<div style=\"height:206px\" aria-hidden=\"true\" class=\"wp-block-spacer ocultarmovil\"><\/div>\n<\/div>\n<\/div>\n<\/div><\/div>\n\n\n\n<div class=\"wp-block-group\"><div class=\"wp-block-group__inner-container is-layout-flow wp-block-group-is-layout-flow\">\n<p>En Cepovisa, entendemos que el aprendizaje continuo y la actualizaci\u00f3n constante son fundamentales para un \u00f3ptimo desarrollo profesional. Aqu\u00ed encontrar\u00e1s una selecci\u00f3n de congresos y jornadas dise\u00f1adas del \u00e1mbito sanitario. Estos eventos, son un punto de encuentro para el intercambio de ideas entre especialistas y participantes, con actividades complementarias que enriquecer\u00e1n tu experiencia educativa.<\/p>\n\n\n\n<p><strong>Consulta la agenda<\/strong>&nbsp;para descubrir jornadas y congresos muy interesantes para tu formaci\u00f3n.<\/p>\n\n\n\n<div style=\"height:51px\" aria-hidden=\"true\" class=\"wp-block-spacer\"><\/div>\n\n\n\n<h2 class=\"wp-block-heading has-text-align-center\">\u00daltimos congresos y jornadas<\/h2>\n\n\n\n<div style=\"height:35px\" aria-hidden=\"true\" class=\"wp-block-spacer\"><\/div>\n\n\n\n<div class=\"wp-block-columns is-layout-flex wp-container-core-columns-is-layout-9d6595d7 wp-block-columns-is-layout-flex\">\n<div class=\"wp-block-column bannersolotexto bloquejornadadestacado is-layout-flow wp-block-column-is-layout-flow\">\n<figure class=\"wp-block-image size-full fotoredonda\"><img loading=\"lazy\" decoding=\"async\" width=\"650\" height=\"345\" src=\"https:\/\/www.riberasalud.com\/cepovisa\/wp-content\/uploads\/2025\/03\/ii-jornada-congreso.jpg\" alt=\"II Jornada en Cuidados &quot;Cuidados en urolog\u00eda&quot;\" class=\"wp-image-9221\" srcset=\"https:\/\/riberasalud.com\/cepovisa\/wp-content\/uploads\/2025\/03\/ii-jornada-congreso.jpg 650w, https:\/\/riberasalud.com\/cepovisa\/wp-content\/uploads\/2025\/03\/ii-jornada-congreso-300x159.jpg 300w\" sizes=\"auto, (max-width: 650px) 100vw, 650px\" \/><\/figure>\n\n\n\n<div style=\"height:18px\" aria-hidden=\"true\" class=\"wp-block-spacer\"><\/div>\n\n\n\n<h3 class=\"wp-block-heading has-contrast-color has-text-color\"><strong>II Jornada en Cuidados \u00abCuidados en urolog\u00eda\u00bb<\/strong><\/h3>\n\n\n\n<p>09 de mayo de 2025 en Vigo<\/p>\n\n\n\n<p><a href=\"https:\/\/www.riberasalud.com\/jornada-de-cuidados\/\" target=\"_blank\" rel=\"noreferrer noopener\">M\u00e1s informaci\u00f3n \u2192<\/a><\/p>\n\n\n\n<div style=\"height:18px\" aria-hidden=\"true\" class=\"wp-block-spacer\"><\/div>\n<\/div>\n\n\n\n<div class=\"wp-block-column is-layout-flow wp-block-column-is-layout-flow\">\n<figure class=\"wp-block-image size-full fotoredonda\"><img loading=\"lazy\" decoding=\"async\" width=\"650\" height=\"345\" src=\"https:\/\/www.riberasalud.com\/cepovisa\/wp-content\/uploads\/2025\/03\/congresogeriatria.jpg\" alt=\"XXXV Congreso Internacional De Geriatr\u00eda Y Gerontolog\u00eda\" class=\"wp-image-6913\" srcset=\"https:\/\/riberasalud.com\/cepovisa\/wp-content\/uploads\/2025\/03\/congresogeriatria.jpg 650w, https:\/\/riberasalud.com\/cepovisa\/wp-content\/uploads\/2025\/03\/congresogeriatria-300x159.jpg 300w\" sizes=\"auto, (max-width: 650px) 100vw, 650px\" \/><\/figure>\n\n\n\n<div style=\"height:18px\" aria-hidden=\"true\" class=\"wp-block-spacer\"><\/div>\n\n\n\n<h3 class=\"wp-block-heading has-contrast-color has-text-color\"><strong>XXXV Congreso Internacional de Geriatr\u00eda y Gerontolog\u00eda<\/strong><\/h3>\n\n\n\n<p>30 y 31 de mayo de 2025  en Ourense<\/p>\n\n\n\n<p><a href=\"https:\/\/congreso.sgxx.org\/\" target=\"_blank\" rel=\"noreferrer noopener\">M\u00e1s informaci\u00f3n \u2192<\/a><\/p>\n\n\n\n<div style=\"height:18px\" aria-hidden=\"true\" class=\"wp-block-spacer\"><\/div>\n<\/div>\n<\/div>\n<\/div><\/div>\n","protected":false},"excerpt":{"rendered":"<p>Formaci\u00f3n y congresos Agenda de actividades, jornadas y congresos de enfermer\u00eda En Cepovisa, entendemos que el aprendizaje continuo y la actualizaci\u00f3n constante son fundamentales para un \u00f3ptimo desarrollo profesional. Aqu\u00ed encontrar\u00e1s una selecci\u00f3n de congresos y jornadas dise\u00f1adas del \u00e1mbito sanitario. Estos eventos, son un punto de encuentro para el intercambio de ideas entre especialistas &#8230; <a title=\"Formaci\u00f3n y congresos\" class=\"read-more\" href=\"https:\/\/riberasalud.com\/cepovisa\/formacion-y-congresos\/\" aria-label=\"Leer m\u00e1s sobre Formaci\u00f3n y congresos\">Leer m\u00e1s<\/a><\/p>\n","protected":false},"author":2,"featured_media":0,"parent":0,"menu_order":0,"comment_status":"closed","ping_status":"closed","template":"","meta":{"_mi_skip_tracking":false,"footnotes":""},"class_list":["post-5894","page","type-page","status-publish"],"yoast_head":"<!-- This site is optimized with the Yoast SEO plugin v26.6 - https:\/\/yoast.com\/wordpress\/plugins\/seo\/ -->\n<title>Formaci\u00f3n y congresos - Cepovisa<\/title>\n<meta name=\"description\" content=\"Aqu\u00ed encontrar\u00e1s una selecci\u00f3n de congresos y jornadas dise\u00f1adas para ampliar tus conocimientos en enfermer\u00eda.\" \/>\n<meta name=\"robots\" content=\"index, follow, max-snippet:-1, max-image-preview:large, max-video-preview:-1\" \/>\n<link rel=\"canonical\" href=\"https:\/\/riberasalud.com\/cepovisa\/formacion-y-congresos\/\" \/>\n<meta property=\"og:locale\" content=\"es_ES\" \/>\n<meta property=\"og:type\" content=\"article\" \/>\n<meta property=\"og:title\" content=\"Formaci\u00f3n y congresos - Cepovisa\" \/>\n<meta property=\"og:description\" content=\"Aqu\u00ed encontrar\u00e1s una selecci\u00f3n de congresos y jornadas dise\u00f1adas para ampliar tus conocimientos en enfermer\u00eda.\" \/>\n<meta property=\"og:url\" content=\"https:\/\/riberasalud.com\/cepovisa\/formacion-y-congresos\/\" \/>\n<meta property=\"og:site_name\" content=\"Cepovisa\" \/>\n<meta property=\"article:modified_time\" content=\"2025-03-26T16:00:02+00:00\" \/>\n<meta property=\"og:image\" content=\"https:\/\/www.riberasalud.com\/cepovisa\/wp-content\/uploads\/2025\/03\/ii-jornada-congreso.jpg\" \/>\n<meta name=\"twitter:card\" content=\"summary_large_image\" \/>\n<meta name=\"twitter:label1\" content=\"Tiempo de lectura\" \/>\n\t<meta name=\"twitter:data1\" content=\"1 minuto\" \/>\n<script type=\"application\/ld+json\" class=\"yoast-schema-graph\">{\"@context\":\"https:\/\/schema.org\",\"@graph\":[{\"@type\":\"WebPage\",\"@id\":\"https:\/\/riberasalud.com\/cepovisa\/formacion-y-congresos\/\",\"url\":\"https:\/\/riberasalud.com\/cepovisa\/formacion-y-congresos\/\",\"name\":\"Formaci\u00f3n y congresos - Cepovisa\",\"isPartOf\":{\"@id\":\"https:\/\/riberasalud.com\/cepovisa\/#website\"},\"primaryImageOfPage\":{\"@id\":\"https:\/\/riberasalud.com\/cepovisa\/formacion-y-congresos\/#primaryimage\"},\"image\":{\"@id\":\"https:\/\/riberasalud.com\/cepovisa\/formacion-y-congresos\/#primaryimage\"},\"thumbnailUrl\":\"https:\/\/www.riberasalud.com\/cepovisa\/wp-content\/uploads\/2025\/03\/ii-jornada-congreso.jpg\",\"datePublished\":\"2024-03-25T10:20:05+00:00\",\"dateModified\":\"2025-03-26T16:00:02+00:00\",\"description\":\"Aqu\u00ed encontrar\u00e1s una selecci\u00f3n de congresos y jornadas dise\u00f1adas para ampliar tus conocimientos en enfermer\u00eda.\",\"breadcrumb\":{\"@id\":\"https:\/\/riberasalud.com\/cepovisa\/formacion-y-congresos\/#breadcrumb\"},\"inLanguage\":\"es\",\"potentialAction\":[{\"@type\":\"ReadAction\",\"target\":[\"https:\/\/riberasalud.com\/cepovisa\/formacion-y-congresos\/\"]}]},{\"@type\":\"ImageObject\",\"inLanguage\":\"es\",\"@id\":\"https:\/\/riberasalud.com\/cepovisa\/formacion-y-congresos\/#primaryimage\",\"url\":\"https:\/\/www.riberasalud.com\/cepovisa\/wp-content\/uploads\/2025\/03\/ii-jornada-congreso.jpg\",\"contentUrl\":\"https:\/\/www.riberasalud.com\/cepovisa\/wp-content\/uploads\/2025\/03\/ii-jornada-congreso.jpg\"},{\"@type\":\"BreadcrumbList\",\"@id\":\"https:\/\/riberasalud.com\/cepovisa\/formacion-y-congresos\/#breadcrumb\",\"itemListElement\":[{\"@type\":\"ListItem\",\"position\":1,\"name\":\"Portada\",\"item\":\"https:\/\/riberasalud.com\/cepovisa\/\"},{\"@type\":\"ListItem\",\"position\":2,\"name\":\"Formaci\u00f3n y congresos\"}]},{\"@type\":\"WebSite\",\"@id\":\"https:\/\/riberasalud.com\/cepovisa\/#website\",\"url\":\"https:\/\/riberasalud.com\/cepovisa\/\",\"name\":\"Cepovisa\",\"description\":\"\",\"publisher\":{\"@id\":\"https:\/\/riberasalud.com\/cepovisa\/#organization\"},\"potentialAction\":[{\"@type\":\"SearchAction\",\"target\":{\"@type\":\"EntryPoint\",\"urlTemplate\":\"https:\/\/riberasalud.com\/cepovisa\/?s={search_term_string}\"},\"query-input\":{\"@type\":\"PropertyValueSpecification\",\"valueRequired\":true,\"valueName\":\"search_term_string\"}}],\"inLanguage\":\"es\"},{\"@type\":\"Organization\",\"@id\":\"https:\/\/riberasalud.com\/cepovisa\/#organization\",\"name\":\"Cepovisa\",\"url\":\"https:\/\/riberasalud.com\/cepovisa\/\",\"logo\":{\"@type\":\"ImageObject\",\"inLanguage\":\"es\",\"@id\":\"https:\/\/riberasalud.com\/cepovisa\/#\/schema\/logo\/image\/\",\"url\":\"https:\/\/riberasalud.com\/cepovisa\/wp-content\/uploads\/2024\/08\/cropped-FORMACIONPROFESIONAL-cepivsa-logo.png\",\"contentUrl\":\"https:\/\/riberasalud.com\/cepovisa\/wp-content\/uploads\/2024\/08\/cropped-FORMACIONPROFESIONAL-cepivsa-logo.png\",\"width\":847,\"height\":94,\"caption\":\"Cepovisa\"},\"image\":{\"@id\":\"https:\/\/riberasalud.com\/cepovisa\/#\/schema\/logo\/image\/\"}}]}<\/script>\n<!-- \/ Yoast SEO plugin. -->","yoast_head_json":{"title":"Formaci\u00f3n y congresos - Cepovisa","description":"Aqu\u00ed encontrar\u00e1s una selecci\u00f3n de congresos y jornadas dise\u00f1adas para ampliar tus conocimientos en enfermer\u00eda.","robots":{"index":"index","follow":"follow","max-snippet":"max-snippet:-1","max-image-preview":"max-image-preview:large","max-video-preview":"max-video-preview:-1"},"canonical":"https:\/\/riberasalud.com\/cepovisa\/formacion-y-congresos\/","og_locale":"es_ES","og_type":"article","og_title":"Formaci\u00f3n y congresos - Cepovisa","og_description":"Aqu\u00ed encontrar\u00e1s una selecci\u00f3n de congresos y jornadas dise\u00f1adas para ampliar tus conocimientos en enfermer\u00eda.","og_url":"https:\/\/riberasalud.com\/cepovisa\/formacion-y-congresos\/","og_site_name":"Cepovisa","article_modified_time":"2025-03-26T16:00:02+00:00","og_image":[{"url":"https:\/\/www.riberasalud.com\/cepovisa\/wp-content\/uploads\/2025\/03\/ii-jornada-congreso.jpg","type":"","width":"","height":""}],"twitter_card":"summary_large_image","twitter_misc":{"Tiempo de lectura":"1 minuto"},"schema":{"@context":"https:\/\/schema.org","@graph":[{"@type":"WebPage","@id":"https:\/\/riberasalud.com\/cepovisa\/formacion-y-congresos\/","url":"https:\/\/riberasalud.com\/cepovisa\/formacion-y-congresos\/","name":"Formaci\u00f3n y congresos - Cepovisa","isPartOf":{"@id":"https:\/\/riberasalud.com\/cepovisa\/#website"},"primaryImageOfPage":{"@id":"https:\/\/riberasalud.com\/cepovisa\/formacion-y-congresos\/#primaryimage"},"image":{"@id":"https:\/\/riberasalud.com\/cepovisa\/formacion-y-congresos\/#primaryimage"},"thumbnailUrl":"https:\/\/www.riberasalud.com\/cepovisa\/wp-content\/uploads\/2025\/03\/ii-jornada-congreso.jpg","datePublished":"2024-03-25T10:20:05+00:00","dateModified":"2025-03-26T16:00:02+00:00","description":"Aqu\u00ed encontrar\u00e1s una selecci\u00f3n de congresos y jornadas dise\u00f1adas para ampliar tus conocimientos en enfermer\u00eda.","breadcrumb":{"@id":"https:\/\/riberasalud.com\/cepovisa\/formacion-y-congresos\/#breadcrumb"},"inLanguage":"es","potentialAction":[{"@type":"ReadAction","target":["https:\/\/riberasalud.com\/cepovisa\/formacion-y-congresos\/"]}]},{"@type":"ImageObject","inLanguage":"es","@id":"https:\/\/riberasalud.com\/cepovisa\/formacion-y-congresos\/#primaryimage","url":"https:\/\/www.riberasalud.com\/cepovisa\/wp-content\/uploads\/2025\/03\/ii-jornada-congreso.jpg","contentUrl":"https:\/\/www.riberasalud.com\/cepovisa\/wp-content\/uploads\/2025\/03\/ii-jornada-congreso.jpg"},{"@type":"BreadcrumbList","@id":"https:\/\/riberasalud.com\/cepovisa\/formacion-y-congresos\/#breadcrumb","itemListElement":[{"@type":"ListItem","position":1,"name":"Portada","item":"https:\/\/riberasalud.com\/cepovisa\/"},{"@type":"ListItem","position":2,"name":"Formaci\u00f3n y congresos"}]},{"@type":"WebSite","@id":"https:\/\/riberasalud.com\/cepovisa\/#website","url":"https:\/\/riberasalud.com\/cepovisa\/","name":"Cepovisa","description":"","publisher":{"@id":"https:\/\/riberasalud.com\/cepovisa\/#organization"},"potentialAction":[{"@type":"SearchAction","target":{"@type":"EntryPoint","urlTemplate":"https:\/\/riberasalud.com\/cepovisa\/?s={search_term_string}"},"query-input":{"@type":"PropertyValueSpecification","valueRequired":true,"valueName":"search_term_string"}}],"inLanguage":"es"},{"@type":"Organization","@id":"https:\/\/riberasalud.com\/cepovisa\/#organization","name":"Cepovisa","url":"https:\/\/riberasalud.com\/cepovisa\/","logo":{"@type":"ImageObject","inLanguage":"es","@id":"https:\/\/riberasalud.com\/cepovisa\/#\/schema\/logo\/image\/","url":"https:\/\/riberasalud.com\/cepovisa\/wp-content\/uploads\/2024\/08\/cropped-FORMACIONPROFESIONAL-cepivsa-logo.png","contentUrl":"https:\/\/riberasalud.com\/cepovisa\/wp-content\/uploads\/2024\/08\/cropped-FORMACIONPROFESIONAL-cepivsa-logo.png","width":847,"height":94,"caption":"Cepovisa"},"image":{"@id":"https:\/\/riberasalud.com\/cepovisa\/#\/schema\/logo\/image\/"}}]}},"_links":{"self":[{"href":"https:\/\/riberasalud.com\/cepovisa\/wp-json\/wp\/v2\/pages\/5894","targetHints":{"allow":["GET"]}}],"collection":[{"href":"https:\/\/riberasalud.com\/cepovisa\/wp-json\/wp\/v2\/pages"}],"about":[{"href":"https:\/\/riberasalud.com\/cepovisa\/wp-json\/wp\/v2\/types\/page"}],"author":[{"embeddable":true,"href":"https:\/\/riberasalud.com\/cepovisa\/wp-json\/wp\/v2\/users\/2"}],"replies":[{"embeddable":true,"href":"https:\/\/riberasalud.com\/cepovisa\/wp-json\/wp\/v2\/comments?post=5894"}],"version-history":[{"count":45,"href":"https:\/\/riberasalud.com\/cepovisa\/wp-json\/wp\/v2\/pages\/5894\/revisions"}],"predecessor-version":[{"id":9273,"href":"https:\/\/riberasalud.com\/cepovisa\/wp-json\/wp\/v2\/pages\/5894\/revisions\/9273"}],"wp:attachment":[{"href":"https:\/\/riberasalud.com\/cepovisa\/wp-json\/wp\/v2\/media?parent=5894"}],"curies":[{"name":"wp","href":"https:\/\/api.w.org\/{rel}","templated":true}]}}