{"id":584,"date":"2022-05-12T14:38:24","date_gmt":"2022-05-12T14:38:24","guid":{"rendered":"https:\/\/riberasalud.com\/cepovisa\/?page_id=584"},"modified":"2023-09-06T08:19:54","modified_gmt":"2023-09-06T08:19:54","slug":"profesorado","status":"publish","type":"page","link":"https:\/\/riberasalud.com\/cepovisa\/formacion-profesional\/alumnado\/profesorado\/","title":{"rendered":"Profesorado"},"content":{"rendered":"\n<div class=\"wp-block-group bannersolotexto\"><div class=\"wp-block-group__inner-container is-layout-flow wp-block-group-is-layout-flow\">\n<h1 class=\"wp-block-heading\">Profesorado<\/h1>\n\n\n\n<p>Conoce a nuestros profesores<\/p>\n<\/div><\/div>\n\n\n\n<div class=\"wp-block-group\"><div class=\"wp-block-group__inner-container is-layout-flow wp-block-group-is-layout-flow\">\n<h2 class=\"wp-block-heading\">Cuadro Docente de la Escuela Universitaria de Povisa<\/h2>\n\n\n\n<figure class=\"wp-block-table\"><table><tbody><tr><td><strong>T.CAE &#8211; MANA\u00d1AS<\/strong><\/td><td><br><\/td><td><br><\/td><\/tr><tr><td>T\u00e9cnicas b\u00e1sicas de enfermer\u00eda<\/td><td><strong>Mart\u00ednez P\u00e9rez, Estefan\u00eda<\/strong><\/td><td><strong><a href=\"mailto:emartinez@povisa.es\">emartinez@povisa.es<\/a><\/strong><\/td><\/tr><tr><td>Hixiene do medio hospitalario e limpeza de material<\/td><td>Bouz\u00f3 Font\u00e1n, Roc\u00edo<\/td><td><a href=\"mailto:rociobouzofontan@gmail.com\">rociobouzofontan@gmail.com<\/a><\/td><\/tr><tr><td>Operaciones administrativas y documentaci\u00f3n<\/td><td>Gir\u00e1ldez Miranda, E. Mar\u00eda<\/td><td><a href=\"mailto:mgiraldez@povisa.es\">mgiraldez@povisa.es<\/a><\/td><\/tr><tr><td>Promoci\u00f3n da sa\u00fade e apoio psicol\u00f3xico \u00f3 paciente<\/td><td>Maldonado Arroyo, A. Eduardo<\/td><td><a href=\"mailto:emaldonado@cepovisa.com\">emaldonado@cepovisa.com<\/a><\/td><\/tr><tr><td>T\u00e9cnicas de ayuda odontol\u00f3xica e estomatolox\u00eda<\/td><td>Mui\u00f1os \u00c1lvarez, Alicia<\/td><td><a href=\"mailto:amuinos@cepovisa.com\">amuinos@cepovisa.com<\/a><\/td><\/tr><tr><td>Relaci\u00f3ns no equipo de traballo<\/td><td>Su\u00e1rez Gonz\u00e1lez, Vicente<\/td><td><a href=\"mailto:jefeestudios@cepovisa.com\">jefeestudios@cepovisa.com<\/a><\/td><\/tr><tr><td>Formaci\u00f3n e orientaci\u00f3n laboral&nbsp;<\/td><td>Su\u00e1rez Gonz\u00e1lez, Vicente<\/td><td><a href=\"mailto:jefeestudios@cepovisa.com\">jefeestudios@cepovisa.com<\/a><\/td><\/tr><tr><td><br><\/td><td><br><\/td><td><br><\/td><\/tr><tr><td><strong>T.CAE &#8211; TARDES<\/strong><\/td><td><br><\/td><td><br><\/td><\/tr><tr><td>T\u00e9cnicas b\u00e1sicas de enfermer\u00eda<\/td><td><strong>Bouza Testa, Pablo<\/strong><\/td><td><strong><a href=\"mailto:pbouza@povisa.es\">pbouza@povisa.es<\/a><\/strong><\/td><\/tr><tr><td>Hixiene do medio hospitalario e limpeza de material<\/td><td>Amil Morla, Ane<\/td><td><a href=\"mailto:aamil@povisa.es\">aamil@povisa.es<\/a><\/td><\/tr><tr><td>Operaciones administrativas y documentaci\u00f3n<\/td><td>Bouza Testa, Pablo<\/td><td><a href=\"mailto:pbouza@povisa.es\">pbouza@povisa.es<\/a><\/td><\/tr><tr><td>Promoci\u00f3n da sa\u00fade e apoio psicol\u00f3xico \u00f3 paciente<\/td><td>Groba P\u00e9rez, Fernando<\/td><td><a href=\"mailto:fgroba@povisa.es\">fgroba@povisa.es<\/a><\/td><\/tr><tr><td>T\u00e9cnicas de ayuda odontol\u00f3xica e estomatolox\u00eda<\/td><td>Garc\u00eda P\u00e9rez de Schofield, Genisa<\/td><td><a href=\"mailto:falvarez@povisa.es\">genisagarcia@cepovisa.es<\/a><\/td><\/tr><tr><td>Relaci\u00f3ns no equipo de traballo<\/td><td>Su\u00e1rez Gonz\u00e1lez, Vicente<\/td><td><a href=\"mailto:jefeestudios@cepovisa.com\">jefeestudios@cepovisa.com<\/a><\/td><\/tr><tr><td>Formaci\u00f3n e orientaci\u00f3n laboral&nbsp;<\/td><td>Su\u00e1rez Gonz\u00e1lez, Vicente<\/td><td><a href=\"mailto:falvarez@povisa.es\">jefeestudios@cepovisa.com<\/a><\/td><\/tr><tr><td><br><\/td><td><br><\/td><td><br><\/td><\/tr><tr><td><br><\/td><td><br><\/td><td><br><\/td><\/tr><tr><td><strong>&nbsp;&nbsp; ANAT. PATOLOGICA &nbsp; 1\u00ba<\/strong><\/td><td><br><\/td><td><br><\/td><\/tr><tr><td>Biolox\u00eda molecular e citoxen\u00e9tica<\/td><td><strong>Garc\u00eda P\u00e9rez de Schofield, Genisa<\/strong><\/td><td><a href=\"mailto:genisagarcia@cepovisa.es\"><strong>genisagarcia@cepovisa.es<\/strong><\/a><\/td><\/tr><tr><td>Fixiopatolox\u00eda xeral<\/td><td>R\u00edos Gonz\u00e1lez, Juan Luis<\/td><td><a href=\"mailto:jlrios@povisa.es\">jlrios@povisa.es<\/a><\/td><\/tr><tr><td>Formaci\u00f3n e orientaci\u00f3n laboral<\/td><td>Susavila Iglesias, Francisco J.<\/td><td><a href=\"mailto:fsusavila@povisa.es\">fsusavila@povisa.es<\/a><\/td><\/tr><tr><td>T\u00e9cnicas xerais de laboratorio<\/td><td>Garc\u00eda P\u00e9rez de Schofield, Genisa<\/td><td><a href=\"mailto:josanchez2003@hotmail.com\">genisagarcia@cepovisa.es<\/a><\/td><\/tr><tr><td>Xesti\u00f3n de mostras biol\u00f3xicas<\/td><td>Garc\u00eda P\u00e9rez de Schofield, Genisa<\/td><td><a href=\"mailto:genisagarcia@cepovisa.es\">genisagarcia@cepovisa.es<\/a><\/td><\/tr><tr><td><br><\/td><td><br><\/td><td><br><\/td><\/tr><tr><td><strong>&nbsp;&nbsp; ANAT. PATOLOGICA 2\u00ba<\/strong><\/td><td><br><\/td><td><br><\/td><\/tr><tr><td>Necropsias<\/td><td><strong>Fern\u00e1ndez V\u00e1zquez, Pablo<\/strong><\/td><td><strong><a href=\"mailto:pfernandez@povisa.es\">pfernandez@povisa.es<\/a><\/strong><\/td><\/tr><tr><td>Citolox\u00eda xeral<\/td><td>R\u00edos Gonz\u00e1lez, Juan Luis<\/td><td><a href=\"mailto:jrios@povisa.es\">jrios@povisa.es<\/a><\/td><\/tr><tr><td>Citolox\u00eda xinecol\u00f3xica<\/td><td>R\u00edos Gonz\u00e1lez, Juan Luis<\/td><td><a href=\"mailto:jlrios@povisa.es\">jlrios@povisa.es<\/a><\/td><\/tr><tr><td>Empresa e iniciativa emprendedora<\/td><td>P\u00e9rez Ramos, Carlos<\/td><td><a href=\"mailto:carlos.perez@clems.es\">carlos.perez@clems.es<\/a><\/td><\/tr><tr><td>Procesamento citol\u00f3xico e tisular<\/td><td>Fern\u00e1ndez V\u00e1zquez, Pablo<\/td><td><a href=\"mailto:pfernandez@povisa.es\">pfernandez@povisa.es<\/a><\/td><\/tr><tr><td>Proxecto de anatom\u00eda patol\u00f3xica e citodiagn\u00f3stico<\/td><td>Fern\u00e1ndez V\u00e1zquez, Pablo<\/td><td><a href=\"mailto:pfernandez@povisa.es\">pfernandez@povisa.es<\/a><\/td><\/tr><tr><td><br><\/td><td><br><\/td><td><br><\/td><\/tr><tr><td><br><\/td><td><br><\/td><td><br><\/td><\/tr><tr><td><strong>&nbsp; IMAGEN PARA EL DIAGN. Y MED. NUCLEAR&nbsp; 1\u00ba<\/strong><\/td><td><strong>Tutora: Centeno Regueiro, Mar\u00eda<\/strong><br><\/td><td><a href=\"mailto:mcenteno@povisa.es\"><strong>mcenteno@povisa.es<\/strong><\/a><\/td><\/tr><tr><td>Fundamentos f\u00edsico e equipamentos<\/td><td>Brasa Est\u00e9vez, Miguel<\/td><td><a href=\"mailto:mbrasa@povisa.es\">mbrasa@povisa.es<\/a><\/td><\/tr><tr><td>Anatom\u00eda pola imaxe<\/td><td>\u00c1lvarez Fern\u00e1ndez, F\u00e9lix<\/td><td><a href=\"mailto:falvarez@povisa.es\">falvarez@povisa.es<\/a><\/td><\/tr><tr><td>Atenci\u00f3n ao\/\u00e1 paciente<\/td><td>Mui\u00f1os \u00c1lvarez, Alicia<\/td><td><a href=\"mailto:amuinos@cepovisa.com\">amuinos@cepovisa.com<\/a><\/td><\/tr><tr><td>Formaci\u00f3n e orientaci\u00f3n laboral<\/td><td>Su\u00e1rez Gonz\u00e1lez, Vicente<\/td><td><a href=\"mailto:jefeestudios@cepovisa.com\">jefeestudios@cepovisa.com<\/a><\/td><\/tr><tr><td>Protecci\u00f3n radiol\u00f3xica<\/td><td>Garc\u00eda P\u00e9rez De Schofield, Juan<\/td><td><a href=\"mailto:jgarciaperez@povisa.es\">jgarciaperez@povisa.es<\/a><\/td><\/tr><tr><td><br><\/td><td><br><\/td><td><br><\/td><\/tr><tr><td><strong>&nbsp; IMAGEN PARA EL DIAGN. Y MED. NUCLEAR&nbsp; 2\u00ba<\/strong><\/td><td><br><\/td><td><br><\/td><\/tr><tr><td>T\u00e9cnicas de radiolox\u00eda especial<\/td><td>Fern\u00e1ndez Garc\u00eda, Alberto<\/td><td><a href=\"mailto:afgarcia@povisa.es\">afgarcia@povisa.es<\/a><\/td><\/tr><tr><td>T\u00e9cnicas de radiolox\u00eda&nbsp; simple<\/td><td><strong>Centeno Regueiro, Mar\u00eda<\/strong><\/td><td><a href=\"mailto:mcenteno@povisa.es\">mcenteno@povisa.es<\/a><\/td><\/tr><tr><td>Empresa e iniciativa emprendedora<\/td><td>P\u00e9rez Ramos, Carlos<\/td><td><a href=\"mailto:carlos.perez@clems.es\">carlos.perez@clems.es<\/a><\/td><\/tr><tr><td>T\u00e9cnicas de imaxe en medicina nuclear<\/td><td>Guti\u00e9rrez Mendiguch\u00eda, Ceferino<\/td><td><a href=\"mailto:cgutierrez@povisa.es\">cgutierrez@povisa.es<\/a><\/td><\/tr><tr><td>T\u00e9cnicas de imaxe por resonancia&nbsp; magn\u00e9tica<\/td><td>Santos Armentia, Mar\u00eda Elo\u00edsa<\/td><td><a href=\"mailto:esantos@povisa.es\">esantos@povisa.es<\/a><\/td><\/tr><tr><td>T\u00e9cnicas de radiofarmacia<\/td><td>Guti\u00e9rrez Mendiguch\u00eda, Ceferino<\/td><td><a href=\"mailto:cgutierrez@povisa.es\">cgutierrez@povisa.es<\/a><\/td><\/tr><tr><td>T\u00e9cnicas de tomograf\u00eda computadorizada e ecograf\u00eda<\/td><td>Fern\u00e1ndez Garc\u00eda, Alberto<\/td><td><a href=\"mailto:afgarcia@povisa.es\">afgarcia@povisa.es<\/a><\/td><\/tr><tr><td>Proxecto de imaxe para o diagn\u00f3stico e medicina nuclear<\/td><td>Fern\u00e1ndez Garc\u00eda, Alberto<\/td><td><a href=\"mailto:afgarcia@povisa.es\">afgarcia@povisa.es<\/a><\/td><\/tr><tr><td><br><\/td><td><br><\/td><td><br><\/td><\/tr><tr><td><br><\/td><td><br><\/td><td><br><\/td><\/tr><tr><td><strong>RADIOTERAPIA Y DOSIMETR\u00cdA&nbsp; 1\u00ba<\/strong><\/td><td><strong>Tutora: Centeno Regueiro, Mar\u00eda<\/strong><\/td><td><a href=\"mailto:mcenteno@povisa.es\"><strong>mcenteno@povisa.es<\/strong><\/a><\/td><\/tr><tr><td>Fundamentos f\u00edsicos e equipamentos<\/td><td>Brasa Est\u00e9vez, Miguel<\/td><td><a href=\"mailto:mbrasa@povisa.es\">mbrasa@povisa.es<\/a><\/td><\/tr><tr><td>Anatom\u00eda pola imaxe<\/td><td>\u00c1lvarez Fern\u00e1ndez, F\u00e9lix<\/td><td><a href=\"mailto:falvarez@povisa.es\">falvarez@povisa.es<\/a><\/td><\/tr><tr><td>Atenci\u00f3n ao\/\u00e1 paciente<\/td><td>Mui\u00f1os \u00c1lvarez, Alicia<\/td><td><a href=\"mailto:mcenteno@povisa.es\">amuinos@cepovisa.com<\/a><\/td><\/tr><tr><td>Formaci\u00f3n e orientaci\u00f3n laboral<\/td><td>Su\u00e1rez Gonz\u00e1lez, Vicente<\/td><td><a href=\"mailto:jefeestudios@cepovisa.com\">jefeestudios@cepovisa.com<\/a><\/td><\/tr><tr><td>Protecci\u00f3n radiol\u00f3xica<\/td><td>Garc\u00eda P\u00e9rez De Schofield, Juan<\/td><td><a href=\"mailto:jgarciaperez@povisa.es\">jgarciaperez@povisa.es<\/a><\/td><\/tr><tr><td><br><\/td><td><br><\/td><td><br><\/td><\/tr><tr><td><strong>RADIOTERAPIA Y DOSIMETR\u00cdA&nbsp; 2\u00ba<\/strong><\/td><td><br><\/td><td><br><\/td><\/tr><tr><td>Dosimetr\u00eda f\u00edsica e cl\u00ednica<\/td><td><strong>Pereira Ferrad\u00e1s, Lorena<\/strong><\/td><td><a href=\"mailto:lpereiraf@povisa.es\"><strong>lpereiraf@povisa.es<\/strong><\/a><\/td><\/tr><tr><td>Empresa e iniciativa emprendedora<\/td><td>P\u00e9rez Ramos, Carlos<\/td><td><a href=\"mailto:carlos.perez@clems.es\">carlos.perez@clems.es<\/a><\/td><\/tr><tr><td>Proxecto de radioterapia e dosimetr\u00eda<\/td><td>Pereira Ferrad\u00e1s, Lorena<\/td><td><a href=\"mailto:lpereiraf@povisa.es\">lpereiraf@povisa.es<\/a><\/td><\/tr><tr><td>Simulaci\u00f3n do tratamento<\/td><td>Veiga Mart\u00ednez, Tamara<\/td><td><a href=\"mailto:diego.gonzalez@usc.es\">tveiga@povisa.es<\/a><\/td><\/tr><tr><td>Tratamentos con braquiterapia<\/td><td>Mu\u00f1oz Garz\u00f3n, V\u00edctor<\/td><td><a href=\"mailto:victor.munoz.garzon@sergas.es\">victor.munoz.garzon@sergas.es<\/a><\/td><\/tr><tr><td>Tratamentos con teleterapia<\/td><td>Veiga Mart\u00ednez, Tamara<\/td><td><a href=\"mailto:tveiga@povisa.es\">tveiga@povisa.es<\/a><\/td><\/tr><\/tbody><\/table><figcaption class=\"wp-element-caption\"><em>En negrita se indican los tutores de cada curso.<\/em><\/figcaption><\/figure>\n<\/div><\/div>\n\n\n\n<p><\/p>\n","protected":false},"excerpt":{"rendered":"<p>Profesorado Conoce a nuestros profesores Cuadro Docente de la Escuela Universitaria de Povisa T.CAE &#8211; MANA\u00d1AS T\u00e9cnicas b\u00e1sicas de enfermer\u00eda Mart\u00ednez P\u00e9rez, Estefan\u00eda emartinez@povisa.es Hixiene do medio hospitalario e limpeza de material Bouz\u00f3 Font\u00e1n, Roc\u00edo rociobouzofontan@gmail.com Operaciones administrativas y documentaci\u00f3n Gir\u00e1ldez Miranda, E. Mar\u00eda mgiraldez@povisa.es Promoci\u00f3n da sa\u00fade e apoio psicol\u00f3xico \u00f3 paciente Maldonado Arroyo, &#8230; <a title=\"Profesorado\" class=\"read-more\" href=\"https:\/\/riberasalud.com\/cepovisa\/formacion-profesional\/alumnado\/profesorado\/\" aria-label=\"Leer m\u00e1s sobre Profesorado\">Leer m\u00e1s<\/a><\/p>\n","protected":false},"author":1,"featured_media":0,"parent":533,"menu_order":0,"comment_status":"closed","ping_status":"closed","template":"","meta":{"_mi_skip_tracking":false,"footnotes":""},"class_list":["post-584","page","type-page","status-publish"],"yoast_head":"<!-- This site is optimized with the Yoast SEO plugin v27.5 - https:\/\/yoast.com\/product\/yoast-seo-wordpress\/ -->\n<title>Profesorado - Cepovisa<\/title>\n<meta name=\"description\" content=\"Profesorado Conoce a nuestros profesores Cuadro Docente de la Escuela Universitaria de Povisa T.CAE - MANA\u00d1AST\u00e9cnicas b\u00e1sicas de enfermer\u00edaMart\u00ednez P\u00e9rez,\" \/>\n<meta name=\"robots\" content=\"index, follow, max-snippet:-1, max-image-preview:large, max-video-preview:-1\" \/>\n<link rel=\"canonical\" href=\"https:\/\/riberasalud.com\/cepovisa\/formacion-profesional\/alumnado\/profesorado\/\" \/>\n<meta property=\"og:locale\" content=\"es_ES\" \/>\n<meta property=\"og:type\" content=\"article\" \/>\n<meta property=\"og:title\" content=\"Profesorado - Cepovisa\" \/>\n<meta property=\"og:description\" content=\"Profesorado Conoce a nuestros profesores Cuadro Docente de la Escuela Universitaria de Povisa T.CAE - MANA\u00d1AST\u00e9cnicas b\u00e1sicas de enfermer\u00edaMart\u00ednez P\u00e9rez,\" \/>\n<meta property=\"og:url\" content=\"https:\/\/riberasalud.com\/cepovisa\/formacion-profesional\/alumnado\/profesorado\/\" \/>\n<meta property=\"og:site_name\" content=\"Cepovisa\" \/>\n<meta property=\"article:modified_time\" content=\"2023-09-06T08:19:54+00:00\" \/>\n<meta name=\"twitter:card\" content=\"summary_large_image\" \/>\n<meta name=\"twitter:label1\" content=\"Tiempo de lectura\" \/>\n\t<meta name=\"twitter:data1\" content=\"3 minutos\" \/>\n<script type=\"application\/ld+json\" class=\"yoast-schema-graph\">{\"@context\":\"https:\\\/\\\/schema.org\",\"@graph\":[{\"@type\":\"WebPage\",\"@id\":\"https:\\\/\\\/riberasalud.com\\\/cepovisa\\\/formacion-profesional\\\/alumnado\\\/profesorado\\\/\",\"url\":\"https:\\\/\\\/riberasalud.com\\\/cepovisa\\\/formacion-profesional\\\/alumnado\\\/profesorado\\\/\",\"name\":\"Profesorado - Cepovisa\",\"isPartOf\":{\"@id\":\"https:\\\/\\\/riberasalud.com\\\/cepovisa\\\/#website\"},\"datePublished\":\"2022-05-12T14:38:24+00:00\",\"dateModified\":\"2023-09-06T08:19:54+00:00\",\"description\":\"Profesorado Conoce a nuestros profesores Cuadro Docente de la Escuela Universitaria de Povisa T.CAE - MANA\u00d1AST\u00e9cnicas b\u00e1sicas de enfermer\u00edaMart\u00ednez P\u00e9rez,\",\"breadcrumb\":{\"@id\":\"https:\\\/\\\/riberasalud.com\\\/cepovisa\\\/formacion-profesional\\\/alumnado\\\/profesorado\\\/#breadcrumb\"},\"inLanguage\":\"es\",\"potentialAction\":[{\"@type\":\"ReadAction\",\"target\":[\"https:\\\/\\\/riberasalud.com\\\/cepovisa\\\/formacion-profesional\\\/alumnado\\\/profesorado\\\/\"]}]},{\"@type\":\"BreadcrumbList\",\"@id\":\"https:\\\/\\\/riberasalud.com\\\/cepovisa\\\/formacion-profesional\\\/alumnado\\\/profesorado\\\/#breadcrumb\",\"itemListElement\":[{\"@type\":\"ListItem\",\"position\":1,\"name\":\"Portada\",\"item\":\"https:\\\/\\\/riberasalud.com\\\/cepovisa\\\/\"},{\"@type\":\"ListItem\",\"position\":2,\"name\":\"Formaci\u00f3n profesional\",\"item\":\"https:\\\/\\\/riberasalud.com\\\/cepovisa\\\/formacion-profesional\\\/\"},{\"@type\":\"ListItem\",\"position\":3,\"name\":\"Alumnado\",\"item\":\"https:\\\/\\\/riberasalud.com\\\/cepovisa\\\/formacion-profesional\\\/alumnado\\\/\"},{\"@type\":\"ListItem\",\"position\":4,\"name\":\"Profesorado\"}]},{\"@type\":\"WebSite\",\"@id\":\"https:\\\/\\\/riberasalud.com\\\/cepovisa\\\/#website\",\"url\":\"https:\\\/\\\/riberasalud.com\\\/cepovisa\\\/\",\"name\":\"Cepovisa\",\"description\":\"\",\"publisher\":{\"@id\":\"https:\\\/\\\/riberasalud.com\\\/cepovisa\\\/#organization\"},\"potentialAction\":[{\"@type\":\"SearchAction\",\"target\":{\"@type\":\"EntryPoint\",\"urlTemplate\":\"https:\\\/\\\/riberasalud.com\\\/cepovisa\\\/?s={search_term_string}\"},\"query-input\":{\"@type\":\"PropertyValueSpecification\",\"valueRequired\":true,\"valueName\":\"search_term_string\"}}],\"inLanguage\":\"es\"},{\"@type\":\"Organization\",\"@id\":\"https:\\\/\\\/riberasalud.com\\\/cepovisa\\\/#organization\",\"name\":\"Cepovisa\",\"url\":\"https:\\\/\\\/riberasalud.com\\\/cepovisa\\\/\",\"logo\":{\"@type\":\"ImageObject\",\"inLanguage\":\"es\",\"@id\":\"https:\\\/\\\/riberasalud.com\\\/cepovisa\\\/#\\\/schema\\\/logo\\\/image\\\/\",\"url\":\"https:\\\/\\\/riberasalud.com\\\/cepovisa\\\/wp-content\\\/uploads\\\/2024\\\/08\\\/cropped-FORMACIONPROFESIONAL-cepivsa-logo.png\",\"contentUrl\":\"https:\\\/\\\/riberasalud.com\\\/cepovisa\\\/wp-content\\\/uploads\\\/2024\\\/08\\\/cropped-FORMACIONPROFESIONAL-cepivsa-logo.png\",\"width\":847,\"height\":94,\"caption\":\"Cepovisa\"},\"image\":{\"@id\":\"https:\\\/\\\/riberasalud.com\\\/cepovisa\\\/#\\\/schema\\\/logo\\\/image\\\/\"}}]}<\/script>\n<!-- \/ Yoast SEO plugin. -->","yoast_head_json":{"title":"Profesorado - Cepovisa","description":"Profesorado Conoce a nuestros profesores Cuadro Docente de la Escuela Universitaria de Povisa T.CAE - MANA\u00d1AST\u00e9cnicas b\u00e1sicas de enfermer\u00edaMart\u00ednez P\u00e9rez,","robots":{"index":"index","follow":"follow","max-snippet":"max-snippet:-1","max-image-preview":"max-image-preview:large","max-video-preview":"max-video-preview:-1"},"canonical":"https:\/\/riberasalud.com\/cepovisa\/formacion-profesional\/alumnado\/profesorado\/","og_locale":"es_ES","og_type":"article","og_title":"Profesorado - Cepovisa","og_description":"Profesorado Conoce a nuestros profesores Cuadro Docente de la Escuela Universitaria de Povisa T.CAE - MANA\u00d1AST\u00e9cnicas b\u00e1sicas de enfermer\u00edaMart\u00ednez P\u00e9rez,","og_url":"https:\/\/riberasalud.com\/cepovisa\/formacion-profesional\/alumnado\/profesorado\/","og_site_name":"Cepovisa","article_modified_time":"2023-09-06T08:19:54+00:00","twitter_card":"summary_large_image","twitter_misc":{"Tiempo de lectura":"3 minutos"},"schema":{"@context":"https:\/\/schema.org","@graph":[{"@type":"WebPage","@id":"https:\/\/riberasalud.com\/cepovisa\/formacion-profesional\/alumnado\/profesorado\/","url":"https:\/\/riberasalud.com\/cepovisa\/formacion-profesional\/alumnado\/profesorado\/","name":"Profesorado - Cepovisa","isPartOf":{"@id":"https:\/\/riberasalud.com\/cepovisa\/#website"},"datePublished":"2022-05-12T14:38:24+00:00","dateModified":"2023-09-06T08:19:54+00:00","description":"Profesorado Conoce a nuestros profesores Cuadro Docente de la Escuela Universitaria de Povisa T.CAE - MANA\u00d1AST\u00e9cnicas b\u00e1sicas de enfermer\u00edaMart\u00ednez P\u00e9rez,","breadcrumb":{"@id":"https:\/\/riberasalud.com\/cepovisa\/formacion-profesional\/alumnado\/profesorado\/#breadcrumb"},"inLanguage":"es","potentialAction":[{"@type":"ReadAction","target":["https:\/\/riberasalud.com\/cepovisa\/formacion-profesional\/alumnado\/profesorado\/"]}]},{"@type":"BreadcrumbList","@id":"https:\/\/riberasalud.com\/cepovisa\/formacion-profesional\/alumnado\/profesorado\/#breadcrumb","itemListElement":[{"@type":"ListItem","position":1,"name":"Portada","item":"https:\/\/riberasalud.com\/cepovisa\/"},{"@type":"ListItem","position":2,"name":"Formaci\u00f3n profesional","item":"https:\/\/riberasalud.com\/cepovisa\/formacion-profesional\/"},{"@type":"ListItem","position":3,"name":"Alumnado","item":"https:\/\/riberasalud.com\/cepovisa\/formacion-profesional\/alumnado\/"},{"@type":"ListItem","position":4,"name":"Profesorado"}]},{"@type":"WebSite","@id":"https:\/\/riberasalud.com\/cepovisa\/#website","url":"https:\/\/riberasalud.com\/cepovisa\/","name":"Cepovisa","description":"","publisher":{"@id":"https:\/\/riberasalud.com\/cepovisa\/#organization"},"potentialAction":[{"@type":"SearchAction","target":{"@type":"EntryPoint","urlTemplate":"https:\/\/riberasalud.com\/cepovisa\/?s={search_term_string}"},"query-input":{"@type":"PropertyValueSpecification","valueRequired":true,"valueName":"search_term_string"}}],"inLanguage":"es"},{"@type":"Organization","@id":"https:\/\/riberasalud.com\/cepovisa\/#organization","name":"Cepovisa","url":"https:\/\/riberasalud.com\/cepovisa\/","logo":{"@type":"ImageObject","inLanguage":"es","@id":"https:\/\/riberasalud.com\/cepovisa\/#\/schema\/logo\/image\/","url":"https:\/\/riberasalud.com\/cepovisa\/wp-content\/uploads\/2024\/08\/cropped-FORMACIONPROFESIONAL-cepivsa-logo.png","contentUrl":"https:\/\/riberasalud.com\/cepovisa\/wp-content\/uploads\/2024\/08\/cropped-FORMACIONPROFESIONAL-cepivsa-logo.png","width":847,"height":94,"caption":"Cepovisa"},"image":{"@id":"https:\/\/riberasalud.com\/cepovisa\/#\/schema\/logo\/image\/"}}]}},"_links":{"self":[{"href":"https:\/\/riberasalud.com\/cepovisa\/wp-json\/wp\/v2\/pages\/584","targetHints":{"allow":["GET"]}}],"collection":[{"href":"https:\/\/riberasalud.com\/cepovisa\/wp-json\/wp\/v2\/pages"}],"about":[{"href":"https:\/\/riberasalud.com\/cepovisa\/wp-json\/wp\/v2\/types\/page"}],"author":[{"embeddable":true,"href":"https:\/\/riberasalud.com\/cepovisa\/wp-json\/wp\/v2\/users\/1"}],"replies":[{"embeddable":true,"href":"https:\/\/riberasalud.com\/cepovisa\/wp-json\/wp\/v2\/comments?post=584"}],"version-history":[{"count":19,"href":"https:\/\/riberasalud.com\/cepovisa\/wp-json\/wp\/v2\/pages\/584\/revisions"}],"predecessor-version":[{"id":5635,"href":"https:\/\/riberasalud.com\/cepovisa\/wp-json\/wp\/v2\/pages\/584\/revisions\/5635"}],"up":[{"embeddable":true,"href":"https:\/\/riberasalud.com\/cepovisa\/wp-json\/wp\/v2\/pages\/533"}],"wp:attachment":[{"href":"https:\/\/riberasalud.com\/cepovisa\/wp-json\/wp\/v2\/media?parent=584"}],"curies":[{"name":"wp","href":"https:\/\/api.w.org\/{rel}","templated":true}]}}