{"id":580,"date":"2022-05-12T14:34:16","date_gmt":"2022-05-12T14:34:16","guid":{"rendered":"https:\/\/riberasalud.com\/cepovisa\/?page_id=580"},"modified":"2026-03-10T11:03:12","modified_gmt":"2026-03-10T11:03:12","slug":"calendario-academico","status":"publish","type":"page","link":"https:\/\/riberasalud.com\/cepovisa\/escuela-universitaria\/docencia\/calendario-academico\/","title":{"rendered":"Calendario acad\u00e9mico"},"content":{"rendered":"\n<div class=\"wp-block-group bannersolotexto\"><div class=\"wp-block-group__inner-container is-layout-flow wp-block-group-is-layout-flow\">\n<h1 class=\"wp-block-heading\">Calendario acad\u00e9mico<\/h1>\n\n\n\n<p>Conoce nuestro calendario acad\u00e9mico<\/p>\n<\/div><\/div>\n\n\n\n<div class=\"wp-block-group\"><div class=\"wp-block-group__inner-container is-layout-flow wp-block-group-is-layout-flow\">\n<h2 class=\"wp-block-heading\">Calendario acad\u00e9mico 2025-2026<\/h2>\n\n\n\n<p>INICIO DE LAS CLASES:<br>La actividad acad\u00e9mica se inicia el d\u00eda 08\/09\/2025 para todos los cursos, seg\u00fan el horario establecido, <strong>excepto para 1\u00ba curso, que tendr\u00e1n una presentaci\u00f3n el d\u00eda 04 de septiembre a las 11:00 h. en la Escuela<\/strong>, en el aula 11.<br><\/p>\n\n\n\n<p>&nbsp;<\/p>\n\n\n\n<figure class=\"wp-block-image size-large\"><img loading=\"lazy\" decoding=\"async\" width=\"1024\" height=\"724\" src=\"https:\/\/riberasalud.com\/cepovisa\/wp-content\/uploads\/2026\/03\/CALENDARIO-25-26-DEF-1024x724.jpg\" alt=\"Calendario 25\/26\" class=\"wp-image-10334\" srcset=\"https:\/\/riberasalud.com\/cepovisa\/wp-content\/uploads\/2026\/03\/CALENDARIO-25-26-DEF-1024x724.jpg 1024w, https:\/\/riberasalud.com\/cepovisa\/wp-content\/uploads\/2026\/03\/CALENDARIO-25-26-DEF-300x212.jpg 300w, https:\/\/riberasalud.com\/cepovisa\/wp-content\/uploads\/2026\/03\/CALENDARIO-25-26-DEF-768x543.jpg 768w, https:\/\/riberasalud.com\/cepovisa\/wp-content\/uploads\/2026\/03\/CALENDARIO-25-26-DEF-1536x1086.jpg 1536w, https:\/\/riberasalud.com\/cepovisa\/wp-content\/uploads\/2026\/03\/CALENDARIO-25-26-DEF-2048x1448.jpg 2048w\" sizes=\"auto, (max-width: 1024px) 100vw, 1024px\" \/><\/figure>\n\n\n\n<p>Consulta <a href=\"https:\/\/riberasalud.com\/cepovisa\/wp-content\/uploads\/2026\/03\/CALENDARIO-25-26-DEF.-MARZO.pdf\" target=\"_blank\" rel=\"noreferrer noopener\">aqu\u00ed<\/a>.<\/p>\n<\/div><\/div>\n\n\n\n<p><\/p>\n","protected":false},"excerpt":{"rendered":"<p>Calendario acad\u00e9mico Conoce nuestro calendario acad\u00e9mico Calendario acad\u00e9mico 2025-2026 INICIO DE LAS CLASES:La actividad acad\u00e9mica se inicia el d\u00eda 08\/09\/2025 para todos los cursos, seg\u00fan el horario establecido, excepto para 1\u00ba curso, que tendr\u00e1n una presentaci\u00f3n el d\u00eda 04 de septiembre a las 11:00 h. en la Escuela, en el aula 11. &nbsp; Consulta aqu\u00ed.<\/p>\n","protected":false},"author":1,"featured_media":0,"parent":487,"menu_order":0,"comment_status":"closed","ping_status":"closed","template":"","meta":{"_mi_skip_tracking":false,"footnotes":""},"class_list":["post-580","page","type-page","status-publish"],"yoast_head":"<!-- This site is optimized with the Yoast SEO plugin v26.6 - https:\/\/yoast.com\/wordpress\/plugins\/seo\/ -->\n<title>Calendario acad\u00e9mico - Cepovisa<\/title>\n<meta name=\"description\" content=\"Calendario acad\u00e9mico Conoce nuestro calendario acad\u00e9mico Calendario acad\u00e9mico 2025-2026 INICIO DE LAS CLASES:La actividad acad\u00e9mica se inicia el d\u00eda\" \/>\n<meta name=\"robots\" content=\"index, follow, max-snippet:-1, max-image-preview:large, max-video-preview:-1\" \/>\n<link rel=\"canonical\" href=\"https:\/\/riberasalud.com\/cepovisa\/escuela-universitaria\/docencia\/calendario-academico\/\" \/>\n<meta property=\"og:locale\" content=\"es_ES\" \/>\n<meta property=\"og:type\" content=\"article\" \/>\n<meta property=\"og:title\" content=\"Calendario acad\u00e9mico - Cepovisa\" \/>\n<meta property=\"og:description\" content=\"Calendario acad\u00e9mico Conoce nuestro calendario acad\u00e9mico Calendario acad\u00e9mico 2025-2026 INICIO DE LAS CLASES:La actividad acad\u00e9mica se inicia el d\u00eda\" \/>\n<meta property=\"og:url\" content=\"https:\/\/riberasalud.com\/cepovisa\/escuela-universitaria\/docencia\/calendario-academico\/\" \/>\n<meta property=\"og:site_name\" content=\"Cepovisa\" \/>\n<meta property=\"article:modified_time\" content=\"2026-03-10T11:03:12+00:00\" \/>\n<meta property=\"og:image\" content=\"https:\/\/riberasalud.com\/cepovisa\/wp-content\/uploads\/2026\/03\/CALENDARIO-25-26-DEF-scaled.jpg\" \/>\n\t<meta property=\"og:image:width\" content=\"2560\" \/>\n\t<meta property=\"og:image:height\" content=\"1810\" \/>\n\t<meta property=\"og:image:type\" content=\"image\/jpeg\" \/>\n<meta name=\"twitter:card\" content=\"summary_large_image\" \/>\n<meta name=\"twitter:label1\" content=\"Tiempo de lectura\" \/>\n\t<meta name=\"twitter:data1\" content=\"1 minuto\" \/>\n<script type=\"application\/ld+json\" class=\"yoast-schema-graph\">{\"@context\":\"https:\/\/schema.org\",\"@graph\":[{\"@type\":\"WebPage\",\"@id\":\"https:\/\/riberasalud.com\/cepovisa\/escuela-universitaria\/docencia\/calendario-academico\/\",\"url\":\"https:\/\/riberasalud.com\/cepovisa\/escuela-universitaria\/docencia\/calendario-academico\/\",\"name\":\"Calendario acad\u00e9mico - Cepovisa\",\"isPartOf\":{\"@id\":\"https:\/\/riberasalud.com\/cepovisa\/#website\"},\"primaryImageOfPage\":{\"@id\":\"https:\/\/riberasalud.com\/cepovisa\/escuela-universitaria\/docencia\/calendario-academico\/#primaryimage\"},\"image\":{\"@id\":\"https:\/\/riberasalud.com\/cepovisa\/escuela-universitaria\/docencia\/calendario-academico\/#primaryimage\"},\"thumbnailUrl\":\"https:\/\/riberasalud.com\/cepovisa\/wp-content\/uploads\/2026\/03\/CALENDARIO-25-26-DEF-1024x724.jpg\",\"datePublished\":\"2022-05-12T14:34:16+00:00\",\"dateModified\":\"2026-03-10T11:03:12+00:00\",\"description\":\"Calendario acad\u00e9mico Conoce nuestro calendario acad\u00e9mico Calendario acad\u00e9mico 2025-2026 INICIO DE LAS CLASES:La actividad acad\u00e9mica se inicia el d\u00eda\",\"breadcrumb\":{\"@id\":\"https:\/\/riberasalud.com\/cepovisa\/escuela-universitaria\/docencia\/calendario-academico\/#breadcrumb\"},\"inLanguage\":\"es\",\"potentialAction\":[{\"@type\":\"ReadAction\",\"target\":[\"https:\/\/riberasalud.com\/cepovisa\/escuela-universitaria\/docencia\/calendario-academico\/\"]}]},{\"@type\":\"ImageObject\",\"inLanguage\":\"es\",\"@id\":\"https:\/\/riberasalud.com\/cepovisa\/escuela-universitaria\/docencia\/calendario-academico\/#primaryimage\",\"url\":\"https:\/\/riberasalud.com\/cepovisa\/wp-content\/uploads\/2026\/03\/CALENDARIO-25-26-DEF-scaled.jpg\",\"contentUrl\":\"https:\/\/riberasalud.com\/cepovisa\/wp-content\/uploads\/2026\/03\/CALENDARIO-25-26-DEF-scaled.jpg\",\"width\":2560,\"height\":1810,\"caption\":\"Calendario 25\/26\"},{\"@type\":\"BreadcrumbList\",\"@id\":\"https:\/\/riberasalud.com\/cepovisa\/escuela-universitaria\/docencia\/calendario-academico\/#breadcrumb\",\"itemListElement\":[{\"@type\":\"ListItem\",\"position\":1,\"name\":\"Portada\",\"item\":\"https:\/\/riberasalud.com\/cepovisa\/\"},{\"@type\":\"ListItem\",\"position\":2,\"name\":\"Escuela Universitaria de enfermer\u00eda\",\"item\":\"https:\/\/riberasalud.com\/cepovisa\/escuela-universitaria\/\"},{\"@type\":\"ListItem\",\"position\":3,\"name\":\"Docencia\",\"item\":\"https:\/\/riberasalud.com\/cepovisa\/escuela-universitaria\/docencia\/\"},{\"@type\":\"ListItem\",\"position\":4,\"name\":\"Calendario acad\u00e9mico\"}]},{\"@type\":\"WebSite\",\"@id\":\"https:\/\/riberasalud.com\/cepovisa\/#website\",\"url\":\"https:\/\/riberasalud.com\/cepovisa\/\",\"name\":\"Cepovisa\",\"description\":\"\",\"publisher\":{\"@id\":\"https:\/\/riberasalud.com\/cepovisa\/#organization\"},\"potentialAction\":[{\"@type\":\"SearchAction\",\"target\":{\"@type\":\"EntryPoint\",\"urlTemplate\":\"https:\/\/riberasalud.com\/cepovisa\/?s={search_term_string}\"},\"query-input\":{\"@type\":\"PropertyValueSpecification\",\"valueRequired\":true,\"valueName\":\"search_term_string\"}}],\"inLanguage\":\"es\"},{\"@type\":\"Organization\",\"@id\":\"https:\/\/riberasalud.com\/cepovisa\/#organization\",\"name\":\"Cepovisa\",\"url\":\"https:\/\/riberasalud.com\/cepovisa\/\",\"logo\":{\"@type\":\"ImageObject\",\"inLanguage\":\"es\",\"@id\":\"https:\/\/riberasalud.com\/cepovisa\/#\/schema\/logo\/image\/\",\"url\":\"https:\/\/riberasalud.com\/cepovisa\/wp-content\/uploads\/2024\/08\/cropped-FORMACIONPROFESIONAL-cepivsa-logo.png\",\"contentUrl\":\"https:\/\/riberasalud.com\/cepovisa\/wp-content\/uploads\/2024\/08\/cropped-FORMACIONPROFESIONAL-cepivsa-logo.png\",\"width\":847,\"height\":94,\"caption\":\"Cepovisa\"},\"image\":{\"@id\":\"https:\/\/riberasalud.com\/cepovisa\/#\/schema\/logo\/image\/\"}}]}<\/script>\n<!-- \/ Yoast SEO plugin. -->","yoast_head_json":{"title":"Calendario acad\u00e9mico - Cepovisa","description":"Calendario acad\u00e9mico Conoce nuestro calendario acad\u00e9mico Calendario acad\u00e9mico 2025-2026 INICIO DE LAS CLASES:La actividad acad\u00e9mica se inicia el d\u00eda","robots":{"index":"index","follow":"follow","max-snippet":"max-snippet:-1","max-image-preview":"max-image-preview:large","max-video-preview":"max-video-preview:-1"},"canonical":"https:\/\/riberasalud.com\/cepovisa\/escuela-universitaria\/docencia\/calendario-academico\/","og_locale":"es_ES","og_type":"article","og_title":"Calendario acad\u00e9mico - Cepovisa","og_description":"Calendario acad\u00e9mico Conoce nuestro calendario acad\u00e9mico Calendario acad\u00e9mico 2025-2026 INICIO DE LAS CLASES:La actividad acad\u00e9mica se inicia el d\u00eda","og_url":"https:\/\/riberasalud.com\/cepovisa\/escuela-universitaria\/docencia\/calendario-academico\/","og_site_name":"Cepovisa","article_modified_time":"2026-03-10T11:03:12+00:00","og_image":[{"width":2560,"height":1810,"url":"https:\/\/riberasalud.com\/cepovisa\/wp-content\/uploads\/2026\/03\/CALENDARIO-25-26-DEF-scaled.jpg","type":"image\/jpeg"}],"twitter_card":"summary_large_image","twitter_misc":{"Tiempo de lectura":"1 minuto"},"schema":{"@context":"https:\/\/schema.org","@graph":[{"@type":"WebPage","@id":"https:\/\/riberasalud.com\/cepovisa\/escuela-universitaria\/docencia\/calendario-academico\/","url":"https:\/\/riberasalud.com\/cepovisa\/escuela-universitaria\/docencia\/calendario-academico\/","name":"Calendario acad\u00e9mico - Cepovisa","isPartOf":{"@id":"https:\/\/riberasalud.com\/cepovisa\/#website"},"primaryImageOfPage":{"@id":"https:\/\/riberasalud.com\/cepovisa\/escuela-universitaria\/docencia\/calendario-academico\/#primaryimage"},"image":{"@id":"https:\/\/riberasalud.com\/cepovisa\/escuela-universitaria\/docencia\/calendario-academico\/#primaryimage"},"thumbnailUrl":"https:\/\/riberasalud.com\/cepovisa\/wp-content\/uploads\/2026\/03\/CALENDARIO-25-26-DEF-1024x724.jpg","datePublished":"2022-05-12T14:34:16+00:00","dateModified":"2026-03-10T11:03:12+00:00","description":"Calendario acad\u00e9mico Conoce nuestro calendario acad\u00e9mico Calendario acad\u00e9mico 2025-2026 INICIO DE LAS CLASES:La actividad acad\u00e9mica se inicia el d\u00eda","breadcrumb":{"@id":"https:\/\/riberasalud.com\/cepovisa\/escuela-universitaria\/docencia\/calendario-academico\/#breadcrumb"},"inLanguage":"es","potentialAction":[{"@type":"ReadAction","target":["https:\/\/riberasalud.com\/cepovisa\/escuela-universitaria\/docencia\/calendario-academico\/"]}]},{"@type":"ImageObject","inLanguage":"es","@id":"https:\/\/riberasalud.com\/cepovisa\/escuela-universitaria\/docencia\/calendario-academico\/#primaryimage","url":"https:\/\/riberasalud.com\/cepovisa\/wp-content\/uploads\/2026\/03\/CALENDARIO-25-26-DEF-scaled.jpg","contentUrl":"https:\/\/riberasalud.com\/cepovisa\/wp-content\/uploads\/2026\/03\/CALENDARIO-25-26-DEF-scaled.jpg","width":2560,"height":1810,"caption":"Calendario 25\/26"},{"@type":"BreadcrumbList","@id":"https:\/\/riberasalud.com\/cepovisa\/escuela-universitaria\/docencia\/calendario-academico\/#breadcrumb","itemListElement":[{"@type":"ListItem","position":1,"name":"Portada","item":"https:\/\/riberasalud.com\/cepovisa\/"},{"@type":"ListItem","position":2,"name":"Escuela Universitaria de enfermer\u00eda","item":"https:\/\/riberasalud.com\/cepovisa\/escuela-universitaria\/"},{"@type":"ListItem","position":3,"name":"Docencia","item":"https:\/\/riberasalud.com\/cepovisa\/escuela-universitaria\/docencia\/"},{"@type":"ListItem","position":4,"name":"Calendario acad\u00e9mico"}]},{"@type":"WebSite","@id":"https:\/\/riberasalud.com\/cepovisa\/#website","url":"https:\/\/riberasalud.com\/cepovisa\/","name":"Cepovisa","description":"","publisher":{"@id":"https:\/\/riberasalud.com\/cepovisa\/#organization"},"potentialAction":[{"@type":"SearchAction","target":{"@type":"EntryPoint","urlTemplate":"https:\/\/riberasalud.com\/cepovisa\/?s={search_term_string}"},"query-input":{"@type":"PropertyValueSpecification","valueRequired":true,"valueName":"search_term_string"}}],"inLanguage":"es"},{"@type":"Organization","@id":"https:\/\/riberasalud.com\/cepovisa\/#organization","name":"Cepovisa","url":"https:\/\/riberasalud.com\/cepovisa\/","logo":{"@type":"ImageObject","inLanguage":"es","@id":"https:\/\/riberasalud.com\/cepovisa\/#\/schema\/logo\/image\/","url":"https:\/\/riberasalud.com\/cepovisa\/wp-content\/uploads\/2024\/08\/cropped-FORMACIONPROFESIONAL-cepivsa-logo.png","contentUrl":"https:\/\/riberasalud.com\/cepovisa\/wp-content\/uploads\/2024\/08\/cropped-FORMACIONPROFESIONAL-cepivsa-logo.png","width":847,"height":94,"caption":"Cepovisa"},"image":{"@id":"https:\/\/riberasalud.com\/cepovisa\/#\/schema\/logo\/image\/"}}]}},"_links":{"self":[{"href":"https:\/\/riberasalud.com\/cepovisa\/wp-json\/wp\/v2\/pages\/580","targetHints":{"allow":["GET"]}}],"collection":[{"href":"https:\/\/riberasalud.com\/cepovisa\/wp-json\/wp\/v2\/pages"}],"about":[{"href":"https:\/\/riberasalud.com\/cepovisa\/wp-json\/wp\/v2\/types\/page"}],"author":[{"embeddable":true,"href":"https:\/\/riberasalud.com\/cepovisa\/wp-json\/wp\/v2\/users\/1"}],"replies":[{"embeddable":true,"href":"https:\/\/riberasalud.com\/cepovisa\/wp-json\/wp\/v2\/comments?post=580"}],"version-history":[{"count":23,"href":"https:\/\/riberasalud.com\/cepovisa\/wp-json\/wp\/v2\/pages\/580\/revisions"}],"predecessor-version":[{"id":10335,"href":"https:\/\/riberasalud.com\/cepovisa\/wp-json\/wp\/v2\/pages\/580\/revisions\/10335"}],"up":[{"embeddable":true,"href":"https:\/\/riberasalud.com\/cepovisa\/wp-json\/wp\/v2\/pages\/487"}],"wp:attachment":[{"href":"https:\/\/riberasalud.com\/cepovisa\/wp-json\/wp\/v2\/media?parent=580"}],"curies":[{"name":"wp","href":"https:\/\/api.w.org\/{rel}","templated":true}]}}