{"id":5725,"date":"2023-11-08T09:19:12","date_gmt":"2023-11-08T09:19:12","guid":{"rendered":"https:\/\/www.riberasalud.com\/cepovisa\/?page_id=5725"},"modified":"2026-01-26T16:19:58","modified_gmt":"2026-01-26T16:19:58","slug":"premios-a-la-excelencia-academica","status":"publish","type":"page","link":"https:\/\/riberasalud.com\/cepovisa\/premios-a-la-excelencia-academica\/","title":{"rendered":"Premios a la excelencia acad\u00e9mica"},"content":{"rendered":"\n<div class=\"wp-block-group bannersolotexto\"><div class=\"wp-block-group__inner-container is-layout-flow wp-block-group-is-layout-flow\">\n<h1 class=\"wp-block-heading\">Premios a la excelencia acad\u00e9mica<\/h1>\n\n\n\n<p>Curso 2025\/2026<\/p>\n<\/div><\/div>\n\n\n\n<div class=\"wp-block-group\"><div class=\"wp-block-group__inner-container is-layout-flow wp-block-group-is-layout-flow\">\n<p>En el <strong>Centro de Estudios Povisa <\/strong>creemos firmemente en la b\u00fasqueda incansable de la excelencia acad\u00e9mica. Nuestro compromiso con la educaci\u00f3n de calidad es evidente en cada aspecto de nuestra instituci\u00f3n. Valoramos el esfuerzo, la dedicaci\u00f3n y el talento de nuestros estudiantes, y como reconocimiento a su trabajo, otorgamos&nbsp;los <strong>Premios a la Excelencia Acad\u00e9mica<\/strong>, que celebran los logros sobresalientes en diferentes disciplinas del sector sanitario.<\/p>\n\n\n\n<p>Nuestra misi\u00f3n es inspirar y educar a nuestros estudiantes para que alcancen sus metas acad\u00e9micas y profesionales, y para fomentar un ambiente de aprendizaje que promueva la excelencia en cada paso del camino.&nbsp;<\/p>\n\n\n\n<p>Creemos que el reconocimiento y la recompensa de los logros acad\u00e9micos destacados, son fundamentales para motivar a nuestros estudiantes a superarse constantemente.<\/p>\n\n\n\n<p class=\"has-text-color has-large-font-size\" style=\"color:#d71029\"><strong>La excelencia es<\/strong> humildad, trabajo, constancia, esfuerzo y pasi\u00f3n<\/p>\n\n\n\n<p>Te invitamos a participar y descubrir c\u00f3mo el <strong>Centro de Estudios Povisa <\/strong>est\u00e1 comprometido en nutrir la excelencia acad\u00e9mica y en celebrar los \u00e9xitos de nuestros estudiantes.<\/p>\n\n\n\n<p>Juntos, forjamos un camino hacia un futuro brillante y prometedor. <strong>Es tu oportunidad.<\/strong><\/p>\n<\/div><\/div>\n\n\n\n<div class=\"wp-block-group hasbackgroundnaranja\"><div class=\"wp-block-group__inner-container is-layout-flow wp-block-group-is-layout-flow\">\n<h2 class=\"wp-block-heading has-text-align-center\"><strong>Premios y requisitos de participaci\u00f3n<\/strong><\/h2>\n\n\n\n<div class=\"wp-block-columns is-layout-flex wp-container-core-columns-is-layout-9d6595d7 wp-block-columns-is-layout-flex\">\n<div class=\"wp-block-column is-layout-flow wp-block-column-is-layout-flow\"><div class=\"wp-block-image\">\n<figure class=\"aligncenter size-full is-resized\"><img loading=\"lazy\" decoding=\"async\" width=\"150\" height=\"150\" src=\"https:\/\/www.riberasalud.com\/cepovisa\/wp-content\/uploads\/2023\/11\/premio1_Mesa-de-trabajo-1.png\" alt=\"\" class=\"wp-image-5757\" style=\"object-fit:cover;width:80px;height:80px\"\/><\/figure>\n<\/div>\n\n\n<div style=\"height:15px\" aria-hidden=\"true\" class=\"wp-block-spacer\"><\/div>\n\n\n\n<p class=\"has-text-align-center has-text-color\" style=\"color:#d71029;font-size:22px\">III Premio Cepovisa a la excelencia en los <strong>ciclos formativos de grado superior\u00a0<\/strong><\/p>\n\n\n\n<p class=\"has-text-align-center\">El Centro de Estudios Povisa convoca&nbsp;<strong>2 premios a la excelencia acad\u00e9mica<\/strong>, con el objeto de dar un reconocimiento p\u00fablico a los m\u00e9ritos basados en el esfuerzo y en el trabajo<\/p>\n\n\n\n<div class=\"wp-block-buttons is-content-justification-center is-layout-flex wp-container-core-buttons-is-layout-16018d1d wp-block-buttons-is-layout-flex\">\n<div class=\"wp-block-button\"><a class=\"wp-block-button__link has-background wp-element-button\" href=\"https:\/\/www.riberasalud.com\/cepovisa\/premios-a-la-excelencia-academica\/premio-cepovisa-a-la-excelencia-en-los-ciclos-formativos-de-grado-superior\/\" style=\"background-color:#d71029\">\u2193<\/a><\/div>\n<\/div>\n<\/div>\n\n\n\n<div class=\"wp-block-column is-layout-flow wp-block-column-is-layout-flow\"><div class=\"wp-block-image\">\n<figure class=\"aligncenter size-full is-resized\"><img loading=\"lazy\" decoding=\"async\" width=\"150\" height=\"150\" src=\"https:\/\/www.riberasalud.com\/cepovisa\/wp-content\/uploads\/2023\/11\/premio1_Mesa-de-trabajo-1.png\" alt=\"\" class=\"wp-image-5757\" style=\"object-fit:cover;width:80px;height:80px\"\/><\/figure>\n<\/div>\n\n\n<div style=\"height:15px\" aria-hidden=\"true\" class=\"wp-block-spacer\"><\/div>\n\n\n\n<p class=\"has-text-align-center has-text-color\" style=\"color:#d71029;font-size:22px\">III Premio Cepovisa a la excelencia en el <strong>ciclo cuidados auxiliares de enfermer\u00eda<\/strong><\/p>\n\n\n\n<p class=\"has-text-align-center\">El&nbsp;<em>Centro de Estudios Povisa&nbsp;<\/em>convoca<strong>&nbsp;3 premios a la excelencia acad\u00e9mica<\/strong>, con el objeto de dar un reconocimiento p\u00fablico a los m\u00e9ritos, basados en el esfuerzo y en el trabajo,<\/p>\n\n\n\n<div class=\"wp-block-buttons is-content-justification-center is-layout-flex wp-container-core-buttons-is-layout-16018d1d wp-block-buttons-is-layout-flex\">\n<div class=\"wp-block-button\"><a class=\"wp-block-button__link has-background wp-element-button\" href=\"https:\/\/www.riberasalud.com\/cepovisa\/escuela-universitaria\/premio-cepovisa-a-la-excelencia-en-el-ciclo-cuidados-auxiliares-de-enfermeria\/\" style=\"background-color:#d71029\">\u2193<\/a><\/div>\n<\/div>\n<\/div>\n\n\n\n<div class=\"wp-block-column is-layout-flow wp-block-column-is-layout-flow\"><div class=\"wp-block-image\">\n<figure class=\"aligncenter size-full is-resized\"><img loading=\"lazy\" decoding=\"async\" width=\"150\" height=\"150\" src=\"https:\/\/www.riberasalud.com\/cepovisa\/wp-content\/uploads\/2023\/11\/premio1_Mesa-de-trabajo-1.png\" alt=\"\" class=\"wp-image-5757\" style=\"object-fit:cover;width:80px;height:80px\"\/><\/figure>\n<\/div>\n\n\n<div style=\"height:15px\" aria-hidden=\"true\" class=\"wp-block-spacer\"><\/div>\n\n\n\n<p class=\"has-text-align-center has-text-color\" style=\"color:#d71029;font-size:22px\">III Premio Cepovisa al <strong>mejor trabajo de fin de grado de Enfermer\u00eda<\/strong><br><\/p>\n\n\n\n<p class=\"has-text-align-center\">\u00a0La Escuela Universitaria de Enfermer\u00eda Povisa convoca\u00a0<strong>2 premios a los mejores TFG<\/strong>\u00a0del curso 2025\/2026.\u00a0<br><br><\/p>\n\n\n\n<div class=\"wp-block-buttons is-content-justification-center is-layout-flex wp-container-core-buttons-is-layout-16018d1d wp-block-buttons-is-layout-flex\">\n<div class=\"wp-block-button\"><a class=\"wp-block-button__link has-background wp-element-button\" href=\"https:\/\/www.riberasalud.com\/cepovisa\/premios-a-la-excelencia-academica\/premio-cepovisa-al-mejor-trabajo-de-fin-de-grado-de-enfermeria\/\" style=\"background-color:#d71029\">\u2193<\/a><\/div>\n<\/div>\n<\/div>\n<\/div>\n<\/div><\/div>\n","protected":false},"excerpt":{"rendered":"<p>Premios a la excelencia acad\u00e9mica Curso 2025\/2026 En el Centro de Estudios Povisa creemos firmemente en la b\u00fasqueda incansable de la excelencia acad\u00e9mica. Nuestro compromiso con la educaci\u00f3n de calidad es evidente en cada aspecto de nuestra instituci\u00f3n. Valoramos el esfuerzo, la dedicaci\u00f3n y el talento de nuestros estudiantes, y como reconocimiento a su trabajo, &#8230; <a title=\"Premios a la excelencia acad\u00e9mica\" class=\"read-more\" href=\"https:\/\/riberasalud.com\/cepovisa\/premios-a-la-excelencia-academica\/\" aria-label=\"Leer m\u00e1s sobre Premios a la excelencia acad\u00e9mica\">Leer m\u00e1s<\/a><\/p>\n","protected":false},"author":2,"featured_media":0,"parent":0,"menu_order":0,"comment_status":"closed","ping_status":"closed","template":"","meta":{"_mi_skip_tracking":false,"footnotes":""},"class_list":["post-5725","page","type-page","status-publish"],"yoast_head":"<!-- This site is optimized with the Yoast SEO plugin v26.6 - https:\/\/yoast.com\/wordpress\/plugins\/seo\/ -->\n<title>Premios a la excelencia acad\u00e9mica - Cepovisa<\/title>\n<meta name=\"description\" content=\"Premios a la excelencia acad\u00e9mica Curso 2025\/2026 En el Centro de Estudios Povisa creemos firmemente en la b\u00fasqueda incansable de la excelencia acad\u00e9mica.\" \/>\n<meta name=\"robots\" content=\"index, follow, max-snippet:-1, max-image-preview:large, max-video-preview:-1\" \/>\n<link rel=\"canonical\" href=\"https:\/\/riberasalud.com\/cepovisa\/premios-a-la-excelencia-academica\/\" \/>\n<meta property=\"og:locale\" content=\"es_ES\" \/>\n<meta property=\"og:type\" content=\"article\" \/>\n<meta property=\"og:title\" content=\"Premios a la excelencia acad\u00e9mica - Cepovisa\" \/>\n<meta property=\"og:description\" content=\"Premios a la excelencia acad\u00e9mica Curso 2025\/2026 En el Centro de Estudios Povisa creemos firmemente en la b\u00fasqueda incansable de la excelencia acad\u00e9mica.\" \/>\n<meta property=\"og:url\" content=\"https:\/\/riberasalud.com\/cepovisa\/premios-a-la-excelencia-academica\/\" \/>\n<meta property=\"og:site_name\" content=\"Cepovisa\" \/>\n<meta property=\"article:modified_time\" content=\"2026-01-26T16:19:58+00:00\" \/>\n<meta property=\"og:image\" content=\"https:\/\/riberasalud.com\/cepovisa\/wp-content\/uploads\/2023\/11\/premio1_Mesa-de-trabajo-1.png\" \/>\n\t<meta property=\"og:image:width\" content=\"150\" \/>\n\t<meta property=\"og:image:height\" content=\"150\" \/>\n\t<meta property=\"og:image:type\" content=\"image\/png\" \/>\n<meta name=\"twitter:card\" content=\"summary_large_image\" \/>\n<meta name=\"twitter:label1\" content=\"Tiempo de lectura\" \/>\n\t<meta name=\"twitter:data1\" content=\"2 minutos\" \/>\n<script type=\"application\/ld+json\" class=\"yoast-schema-graph\">{\"@context\":\"https:\/\/schema.org\",\"@graph\":[{\"@type\":\"WebPage\",\"@id\":\"https:\/\/riberasalud.com\/cepovisa\/premios-a-la-excelencia-academica\/\",\"url\":\"https:\/\/riberasalud.com\/cepovisa\/premios-a-la-excelencia-academica\/\",\"name\":\"Premios a la excelencia acad\u00e9mica - Cepovisa\",\"isPartOf\":{\"@id\":\"https:\/\/riberasalud.com\/cepovisa\/#website\"},\"primaryImageOfPage\":{\"@id\":\"https:\/\/riberasalud.com\/cepovisa\/premios-a-la-excelencia-academica\/#primaryimage\"},\"image\":{\"@id\":\"https:\/\/riberasalud.com\/cepovisa\/premios-a-la-excelencia-academica\/#primaryimage\"},\"thumbnailUrl\":\"https:\/\/www.riberasalud.com\/cepovisa\/wp-content\/uploads\/2023\/11\/premio1_Mesa-de-trabajo-1.png\",\"datePublished\":\"2023-11-08T09:19:12+00:00\",\"dateModified\":\"2026-01-26T16:19:58+00:00\",\"description\":\"Premios a la excelencia acad\u00e9mica Curso 2025\/2026 En el Centro de Estudios Povisa creemos firmemente en la b\u00fasqueda incansable de la excelencia acad\u00e9mica.\",\"breadcrumb\":{\"@id\":\"https:\/\/riberasalud.com\/cepovisa\/premios-a-la-excelencia-academica\/#breadcrumb\"},\"inLanguage\":\"es\",\"potentialAction\":[{\"@type\":\"ReadAction\",\"target\":[\"https:\/\/riberasalud.com\/cepovisa\/premios-a-la-excelencia-academica\/\"]}]},{\"@type\":\"ImageObject\",\"inLanguage\":\"es\",\"@id\":\"https:\/\/riberasalud.com\/cepovisa\/premios-a-la-excelencia-academica\/#primaryimage\",\"url\":\"https:\/\/www.riberasalud.com\/cepovisa\/wp-content\/uploads\/2023\/11\/premio1_Mesa-de-trabajo-1.png\",\"contentUrl\":\"https:\/\/www.riberasalud.com\/cepovisa\/wp-content\/uploads\/2023\/11\/premio1_Mesa-de-trabajo-1.png\"},{\"@type\":\"BreadcrumbList\",\"@id\":\"https:\/\/riberasalud.com\/cepovisa\/premios-a-la-excelencia-academica\/#breadcrumb\",\"itemListElement\":[{\"@type\":\"ListItem\",\"position\":1,\"name\":\"Portada\",\"item\":\"https:\/\/riberasalud.com\/cepovisa\/\"},{\"@type\":\"ListItem\",\"position\":2,\"name\":\"Premios a la excelencia acad\u00e9mica\"}]},{\"@type\":\"WebSite\",\"@id\":\"https:\/\/riberasalud.com\/cepovisa\/#website\",\"url\":\"https:\/\/riberasalud.com\/cepovisa\/\",\"name\":\"Cepovisa\",\"description\":\"\",\"publisher\":{\"@id\":\"https:\/\/riberasalud.com\/cepovisa\/#organization\"},\"potentialAction\":[{\"@type\":\"SearchAction\",\"target\":{\"@type\":\"EntryPoint\",\"urlTemplate\":\"https:\/\/riberasalud.com\/cepovisa\/?s={search_term_string}\"},\"query-input\":{\"@type\":\"PropertyValueSpecification\",\"valueRequired\":true,\"valueName\":\"search_term_string\"}}],\"inLanguage\":\"es\"},{\"@type\":\"Organization\",\"@id\":\"https:\/\/riberasalud.com\/cepovisa\/#organization\",\"name\":\"Cepovisa\",\"url\":\"https:\/\/riberasalud.com\/cepovisa\/\",\"logo\":{\"@type\":\"ImageObject\",\"inLanguage\":\"es\",\"@id\":\"https:\/\/riberasalud.com\/cepovisa\/#\/schema\/logo\/image\/\",\"url\":\"https:\/\/riberasalud.com\/cepovisa\/wp-content\/uploads\/2024\/08\/cropped-FORMACIONPROFESIONAL-cepivsa-logo.png\",\"contentUrl\":\"https:\/\/riberasalud.com\/cepovisa\/wp-content\/uploads\/2024\/08\/cropped-FORMACIONPROFESIONAL-cepivsa-logo.png\",\"width\":847,\"height\":94,\"caption\":\"Cepovisa\"},\"image\":{\"@id\":\"https:\/\/riberasalud.com\/cepovisa\/#\/schema\/logo\/image\/\"}}]}<\/script>\n<!-- \/ Yoast SEO plugin. -->","yoast_head_json":{"title":"Premios a la excelencia acad\u00e9mica - Cepovisa","description":"Premios a la excelencia acad\u00e9mica Curso 2025\/2026 En el Centro de Estudios Povisa creemos firmemente en la b\u00fasqueda incansable de la excelencia acad\u00e9mica.","robots":{"index":"index","follow":"follow","max-snippet":"max-snippet:-1","max-image-preview":"max-image-preview:large","max-video-preview":"max-video-preview:-1"},"canonical":"https:\/\/riberasalud.com\/cepovisa\/premios-a-la-excelencia-academica\/","og_locale":"es_ES","og_type":"article","og_title":"Premios a la excelencia acad\u00e9mica - Cepovisa","og_description":"Premios a la excelencia acad\u00e9mica Curso 2025\/2026 En el Centro de Estudios Povisa creemos firmemente en la b\u00fasqueda incansable de la excelencia acad\u00e9mica.","og_url":"https:\/\/riberasalud.com\/cepovisa\/premios-a-la-excelencia-academica\/","og_site_name":"Cepovisa","article_modified_time":"2026-01-26T16:19:58+00:00","og_image":[{"width":150,"height":150,"url":"https:\/\/riberasalud.com\/cepovisa\/wp-content\/uploads\/2023\/11\/premio1_Mesa-de-trabajo-1.png","type":"image\/png"}],"twitter_card":"summary_large_image","twitter_misc":{"Tiempo de lectura":"2 minutos"},"schema":{"@context":"https:\/\/schema.org","@graph":[{"@type":"WebPage","@id":"https:\/\/riberasalud.com\/cepovisa\/premios-a-la-excelencia-academica\/","url":"https:\/\/riberasalud.com\/cepovisa\/premios-a-la-excelencia-academica\/","name":"Premios a la excelencia acad\u00e9mica - Cepovisa","isPartOf":{"@id":"https:\/\/riberasalud.com\/cepovisa\/#website"},"primaryImageOfPage":{"@id":"https:\/\/riberasalud.com\/cepovisa\/premios-a-la-excelencia-academica\/#primaryimage"},"image":{"@id":"https:\/\/riberasalud.com\/cepovisa\/premios-a-la-excelencia-academica\/#primaryimage"},"thumbnailUrl":"https:\/\/www.riberasalud.com\/cepovisa\/wp-content\/uploads\/2023\/11\/premio1_Mesa-de-trabajo-1.png","datePublished":"2023-11-08T09:19:12+00:00","dateModified":"2026-01-26T16:19:58+00:00","description":"Premios a la excelencia acad\u00e9mica Curso 2025\/2026 En el Centro de Estudios Povisa creemos firmemente en la b\u00fasqueda incansable de la excelencia acad\u00e9mica.","breadcrumb":{"@id":"https:\/\/riberasalud.com\/cepovisa\/premios-a-la-excelencia-academica\/#breadcrumb"},"inLanguage":"es","potentialAction":[{"@type":"ReadAction","target":["https:\/\/riberasalud.com\/cepovisa\/premios-a-la-excelencia-academica\/"]}]},{"@type":"ImageObject","inLanguage":"es","@id":"https:\/\/riberasalud.com\/cepovisa\/premios-a-la-excelencia-academica\/#primaryimage","url":"https:\/\/www.riberasalud.com\/cepovisa\/wp-content\/uploads\/2023\/11\/premio1_Mesa-de-trabajo-1.png","contentUrl":"https:\/\/www.riberasalud.com\/cepovisa\/wp-content\/uploads\/2023\/11\/premio1_Mesa-de-trabajo-1.png"},{"@type":"BreadcrumbList","@id":"https:\/\/riberasalud.com\/cepovisa\/premios-a-la-excelencia-academica\/#breadcrumb","itemListElement":[{"@type":"ListItem","position":1,"name":"Portada","item":"https:\/\/riberasalud.com\/cepovisa\/"},{"@type":"ListItem","position":2,"name":"Premios a la excelencia acad\u00e9mica"}]},{"@type":"WebSite","@id":"https:\/\/riberasalud.com\/cepovisa\/#website","url":"https:\/\/riberasalud.com\/cepovisa\/","name":"Cepovisa","description":"","publisher":{"@id":"https:\/\/riberasalud.com\/cepovisa\/#organization"},"potentialAction":[{"@type":"SearchAction","target":{"@type":"EntryPoint","urlTemplate":"https:\/\/riberasalud.com\/cepovisa\/?s={search_term_string}"},"query-input":{"@type":"PropertyValueSpecification","valueRequired":true,"valueName":"search_term_string"}}],"inLanguage":"es"},{"@type":"Organization","@id":"https:\/\/riberasalud.com\/cepovisa\/#organization","name":"Cepovisa","url":"https:\/\/riberasalud.com\/cepovisa\/","logo":{"@type":"ImageObject","inLanguage":"es","@id":"https:\/\/riberasalud.com\/cepovisa\/#\/schema\/logo\/image\/","url":"https:\/\/riberasalud.com\/cepovisa\/wp-content\/uploads\/2024\/08\/cropped-FORMACIONPROFESIONAL-cepivsa-logo.png","contentUrl":"https:\/\/riberasalud.com\/cepovisa\/wp-content\/uploads\/2024\/08\/cropped-FORMACIONPROFESIONAL-cepivsa-logo.png","width":847,"height":94,"caption":"Cepovisa"},"image":{"@id":"https:\/\/riberasalud.com\/cepovisa\/#\/schema\/logo\/image\/"}}]}},"_links":{"self":[{"href":"https:\/\/riberasalud.com\/cepovisa\/wp-json\/wp\/v2\/pages\/5725","targetHints":{"allow":["GET"]}}],"collection":[{"href":"https:\/\/riberasalud.com\/cepovisa\/wp-json\/wp\/v2\/pages"}],"about":[{"href":"https:\/\/riberasalud.com\/cepovisa\/wp-json\/wp\/v2\/types\/page"}],"author":[{"embeddable":true,"href":"https:\/\/riberasalud.com\/cepovisa\/wp-json\/wp\/v2\/users\/2"}],"replies":[{"embeddable":true,"href":"https:\/\/riberasalud.com\/cepovisa\/wp-json\/wp\/v2\/comments?post=5725"}],"version-history":[{"count":41,"href":"https:\/\/riberasalud.com\/cepovisa\/wp-json\/wp\/v2\/pages\/5725\/revisions"}],"predecessor-version":[{"id":10319,"href":"https:\/\/riberasalud.com\/cepovisa\/wp-json\/wp\/v2\/pages\/5725\/revisions\/10319"}],"wp:attachment":[{"href":"https:\/\/riberasalud.com\/cepovisa\/wp-json\/wp\/v2\/media?parent=5725"}],"curies":[{"name":"wp","href":"https:\/\/api.w.org\/{rel}","templated":true}]}}