{"id":5721,"date":"2023-11-08T09:07:23","date_gmt":"2023-11-08T09:07:23","guid":{"rendered":"https:\/\/www.riberasalud.com\/cepovisa\/?page_id=5721"},"modified":"2026-01-26T16:24:31","modified_gmt":"2026-01-26T16:24:31","slug":"premio-cepovisa-a-la-excelencia-en-el-ciclo-cuidados-auxiliares-de-enfermeria","status":"publish","type":"page","link":"https:\/\/riberasalud.com\/cepovisa\/premios-a-la-excelencia-academica\/premio-cepovisa-a-la-excelencia-en-el-ciclo-cuidados-auxiliares-de-enfermeria\/","title":{"rendered":"Premio Cepovisa a la excelencia en el ciclo cuidados auxiliares de enfermer\u00eda"},"content":{"rendered":"\n<div class=\"wp-block-group bannersolotexto\"><div class=\"wp-block-group__inner-container is-layout-flow wp-block-group-is-layout-flow\">\n<h1 class=\"wp-block-heading\">Premio Cepovisa a la excelencia en el ciclo cuidados auxiliares de enfermer\u00eda<\/h1>\n\n\n\n<p>Bases del curso 2025\/2026<\/p>\n<\/div><\/div>\n\n\n\n<div class=\"wp-block-group\"><div class=\"wp-block-group__inner-container is-layout-flow wp-block-group-is-layout-flow\">\n<h3 class=\"wp-block-heading\"><strong>Objeto<\/strong><\/h3>\n\n\n\n<p><br>El <em>Centro de Estudios Povisa<\/em> convoca <strong>3 premios a la excelencia acad\u00e9mica<\/strong>, con el objeto de dar un reconocimiento p\u00fablico a los m\u00e9ritos, basados en el esfuerzo y en el trabajo, de las personas que finalizaron los estudios de formaci\u00f3n profesional de grado medio del ciclo <em>Cuidados auxiliares de enfermer\u00eda<\/em>, con un excelente rendimiento acad\u00e9mico.<\/p>\n\n\n\n<p><br>Merecer\u00e1 un especial reconocimiento aquel alumnado que por la dedicaci\u00f3n y esfuerzo demostrados a lo largo del ciclo han superado sus dificultades, bien de tipo personal, educativas y\/o del entorno familiar y sociocultural.<\/p>\n\n\n\n<h3 class=\"wp-block-heading\"><strong>Premios<\/strong> <\/h3>\n\n\n\n<p>3 contratos en el Hospital Ribera POVISA, con una carta de recomendaci\u00f3n.<\/p>\n\n\n\n<h3 class=\"wp-block-heading\"><strong>Requisitos<\/strong><\/h3>\n\n\n\n<p><br>&#8211; La selecci\u00f3n se realizar\u00e1 entre el alumnado de CEPOVISA que haya finalizado sus estudios del CFGM en el curso 2025\/26.<br>&#8211; Haber obtenido una calificaci\u00f3n final del ciclo formativo igual o superior a 8,50, en los t\u00e9rminos establecidos en la normativa vigente.<br>&#8211; Haber obtenido una valoraci\u00f3n positiva del tutor de la FCT de la empresa y de CEPOVISA<br>&#8211; Los premios ser\u00e1n entregados en el acto de fin de curso de los CFGM. <br>&#8211; La decisi\u00f3n del jurado ser\u00e1 inapelable y podr\u00e1 declarar desierto el premio. <br>&#8211; El jurado estar\u00e1 compuesto, como presidente, por el director de CEPOVISA, el jefe de Recursos humanos del Hospital Rivera Povisa y tres docentes de los ciclos impartidos en el centro. <br>&#8211; En lo no dispuesto en estas bases, el jurado resolver\u00e1 lo que proceda.\u00a0<\/p>\n\n\n\n<div style=\"height:30px\" aria-hidden=\"true\" class=\"wp-block-spacer\"><\/div>\n\n\n\n<div class=\"wp-block-columns is-layout-flex wp-container-core-columns-is-layout-9d6595d7 wp-block-columns-is-layout-flex\">\n<div class=\"wp-block-column is-layout-flow wp-block-column-is-layout-flow\"><\/div>\n\n\n\n<div class=\"wp-block-column is-layout-flow wp-block-column-is-layout-flow\">\n<div class=\"wp-block-buttons is-layout-flex wp-block-buttons-is-layout-flex\"><\/div>\n\n\n\n<div class=\"wp-block-buttons is-layout-flex wp-block-buttons-is-layout-flex\"><\/div>\n<\/div>\n<\/div>\n<\/div><\/div>\n","protected":false},"excerpt":{"rendered":"<p>Premio Cepovisa a la excelencia en el ciclo cuidados auxiliares de enfermer\u00eda Bases del curso 2025\/2026 Objeto El Centro de Estudios Povisa convoca 3 premios a la excelencia acad\u00e9mica, con el objeto de dar un reconocimiento p\u00fablico a los m\u00e9ritos, basados en el esfuerzo y en el trabajo, de las personas que finalizaron los estudios &#8230; <a title=\"Premio Cepovisa a la excelencia en el ciclo cuidados auxiliares de enfermer\u00eda\" class=\"read-more\" href=\"https:\/\/riberasalud.com\/cepovisa\/premios-a-la-excelencia-academica\/premio-cepovisa-a-la-excelencia-en-el-ciclo-cuidados-auxiliares-de-enfermeria\/\" aria-label=\"Leer m\u00e1s sobre Premio Cepovisa a la excelencia en el ciclo cuidados auxiliares de enfermer\u00eda\">Leer m\u00e1s<\/a><\/p>\n","protected":false},"author":2,"featured_media":0,"parent":5725,"menu_order":0,"comment_status":"closed","ping_status":"closed","template":"","meta":{"_mi_skip_tracking":false,"footnotes":""},"class_list":["post-5721","page","type-page","status-publish"],"yoast_head":"<!-- This site is optimized with the Yoast SEO plugin v26.6 - https:\/\/yoast.com\/wordpress\/plugins\/seo\/ -->\n<title>Premio Cepovisa a la excelencia en el ciclo cuidados auxiliares de enfermer\u00eda - Cepovisa<\/title>\n<meta name=\"description\" content=\"Premio Cepovisa a la excelencia en el ciclo cuidados auxiliares de enfermer\u00eda Bases del curso 2025\/2026 Objeto El Centro de Estudios Povisa convoca 3\" \/>\n<meta name=\"robots\" content=\"index, follow, max-snippet:-1, max-image-preview:large, max-video-preview:-1\" \/>\n<link rel=\"canonical\" href=\"https:\/\/riberasalud.com\/cepovisa\/premios-a-la-excelencia-academica\/premio-cepovisa-a-la-excelencia-en-el-ciclo-cuidados-auxiliares-de-enfermeria\/\" \/>\n<meta property=\"og:locale\" content=\"es_ES\" \/>\n<meta property=\"og:type\" content=\"article\" \/>\n<meta property=\"og:title\" content=\"Premio Cepovisa a la excelencia en el ciclo cuidados auxiliares de enfermer\u00eda - Cepovisa\" \/>\n<meta property=\"og:description\" content=\"Premio Cepovisa a la excelencia en el ciclo cuidados auxiliares de enfermer\u00eda Bases del curso 2025\/2026 Objeto El Centro de Estudios Povisa convoca 3\" \/>\n<meta property=\"og:url\" content=\"https:\/\/riberasalud.com\/cepovisa\/premios-a-la-excelencia-academica\/premio-cepovisa-a-la-excelencia-en-el-ciclo-cuidados-auxiliares-de-enfermeria\/\" \/>\n<meta property=\"og:site_name\" content=\"Cepovisa\" \/>\n<meta property=\"article:modified_time\" content=\"2026-01-26T16:24:31+00:00\" \/>\n<meta name=\"twitter:card\" content=\"summary_large_image\" \/>\n<meta name=\"twitter:label1\" content=\"Tiempo de lectura\" \/>\n\t<meta name=\"twitter:data1\" content=\"2 minutos\" \/>\n<script type=\"application\/ld+json\" class=\"yoast-schema-graph\">{\"@context\":\"https:\/\/schema.org\",\"@graph\":[{\"@type\":\"WebPage\",\"@id\":\"https:\/\/riberasalud.com\/cepovisa\/premios-a-la-excelencia-academica\/premio-cepovisa-a-la-excelencia-en-el-ciclo-cuidados-auxiliares-de-enfermeria\/\",\"url\":\"https:\/\/riberasalud.com\/cepovisa\/premios-a-la-excelencia-academica\/premio-cepovisa-a-la-excelencia-en-el-ciclo-cuidados-auxiliares-de-enfermeria\/\",\"name\":\"Premio Cepovisa a la excelencia en el ciclo cuidados auxiliares de enfermer\u00eda - Cepovisa\",\"isPartOf\":{\"@id\":\"https:\/\/riberasalud.com\/cepovisa\/#website\"},\"datePublished\":\"2023-11-08T09:07:23+00:00\",\"dateModified\":\"2026-01-26T16:24:31+00:00\",\"description\":\"Premio Cepovisa a la excelencia en el ciclo cuidados auxiliares de enfermer\u00eda Bases del curso 2025\/2026 Objeto El Centro de Estudios Povisa convoca 3\",\"breadcrumb\":{\"@id\":\"https:\/\/riberasalud.com\/cepovisa\/premios-a-la-excelencia-academica\/premio-cepovisa-a-la-excelencia-en-el-ciclo-cuidados-auxiliares-de-enfermeria\/#breadcrumb\"},\"inLanguage\":\"es\",\"potentialAction\":[{\"@type\":\"ReadAction\",\"target\":[\"https:\/\/riberasalud.com\/cepovisa\/premios-a-la-excelencia-academica\/premio-cepovisa-a-la-excelencia-en-el-ciclo-cuidados-auxiliares-de-enfermeria\/\"]}]},{\"@type\":\"BreadcrumbList\",\"@id\":\"https:\/\/riberasalud.com\/cepovisa\/premios-a-la-excelencia-academica\/premio-cepovisa-a-la-excelencia-en-el-ciclo-cuidados-auxiliares-de-enfermeria\/#breadcrumb\",\"itemListElement\":[{\"@type\":\"ListItem\",\"position\":1,\"name\":\"Portada\",\"item\":\"https:\/\/riberasalud.com\/cepovisa\/\"},{\"@type\":\"ListItem\",\"position\":2,\"name\":\"Premios a la excelencia acad\u00e9mica\",\"item\":\"https:\/\/riberasalud.com\/cepovisa\/premios-a-la-excelencia-academica\/\"},{\"@type\":\"ListItem\",\"position\":3,\"name\":\"Premio Cepovisa a la excelencia en el ciclo cuidados auxiliares de enfermer\u00eda\"}]},{\"@type\":\"WebSite\",\"@id\":\"https:\/\/riberasalud.com\/cepovisa\/#website\",\"url\":\"https:\/\/riberasalud.com\/cepovisa\/\",\"name\":\"Cepovisa\",\"description\":\"\",\"publisher\":{\"@id\":\"https:\/\/riberasalud.com\/cepovisa\/#organization\"},\"potentialAction\":[{\"@type\":\"SearchAction\",\"target\":{\"@type\":\"EntryPoint\",\"urlTemplate\":\"https:\/\/riberasalud.com\/cepovisa\/?s={search_term_string}\"},\"query-input\":{\"@type\":\"PropertyValueSpecification\",\"valueRequired\":true,\"valueName\":\"search_term_string\"}}],\"inLanguage\":\"es\"},{\"@type\":\"Organization\",\"@id\":\"https:\/\/riberasalud.com\/cepovisa\/#organization\",\"name\":\"Cepovisa\",\"url\":\"https:\/\/riberasalud.com\/cepovisa\/\",\"logo\":{\"@type\":\"ImageObject\",\"inLanguage\":\"es\",\"@id\":\"https:\/\/riberasalud.com\/cepovisa\/#\/schema\/logo\/image\/\",\"url\":\"https:\/\/riberasalud.com\/cepovisa\/wp-content\/uploads\/2024\/08\/cropped-FORMACIONPROFESIONAL-cepivsa-logo.png\",\"contentUrl\":\"https:\/\/riberasalud.com\/cepovisa\/wp-content\/uploads\/2024\/08\/cropped-FORMACIONPROFESIONAL-cepivsa-logo.png\",\"width\":847,\"height\":94,\"caption\":\"Cepovisa\"},\"image\":{\"@id\":\"https:\/\/riberasalud.com\/cepovisa\/#\/schema\/logo\/image\/\"}}]}<\/script>\n<!-- \/ Yoast SEO plugin. -->","yoast_head_json":{"title":"Premio Cepovisa a la excelencia en el ciclo cuidados auxiliares de enfermer\u00eda - Cepovisa","description":"Premio Cepovisa a la excelencia en el ciclo cuidados auxiliares de enfermer\u00eda Bases del curso 2025\/2026 Objeto El Centro de Estudios Povisa convoca 3","robots":{"index":"index","follow":"follow","max-snippet":"max-snippet:-1","max-image-preview":"max-image-preview:large","max-video-preview":"max-video-preview:-1"},"canonical":"https:\/\/riberasalud.com\/cepovisa\/premios-a-la-excelencia-academica\/premio-cepovisa-a-la-excelencia-en-el-ciclo-cuidados-auxiliares-de-enfermeria\/","og_locale":"es_ES","og_type":"article","og_title":"Premio Cepovisa a la excelencia en el ciclo cuidados auxiliares de enfermer\u00eda - Cepovisa","og_description":"Premio Cepovisa a la excelencia en el ciclo cuidados auxiliares de enfermer\u00eda Bases del curso 2025\/2026 Objeto El Centro de Estudios Povisa convoca 3","og_url":"https:\/\/riberasalud.com\/cepovisa\/premios-a-la-excelencia-academica\/premio-cepovisa-a-la-excelencia-en-el-ciclo-cuidados-auxiliares-de-enfermeria\/","og_site_name":"Cepovisa","article_modified_time":"2026-01-26T16:24:31+00:00","twitter_card":"summary_large_image","twitter_misc":{"Tiempo de lectura":"2 minutos"},"schema":{"@context":"https:\/\/schema.org","@graph":[{"@type":"WebPage","@id":"https:\/\/riberasalud.com\/cepovisa\/premios-a-la-excelencia-academica\/premio-cepovisa-a-la-excelencia-en-el-ciclo-cuidados-auxiliares-de-enfermeria\/","url":"https:\/\/riberasalud.com\/cepovisa\/premios-a-la-excelencia-academica\/premio-cepovisa-a-la-excelencia-en-el-ciclo-cuidados-auxiliares-de-enfermeria\/","name":"Premio Cepovisa a la excelencia en el ciclo cuidados auxiliares de enfermer\u00eda - Cepovisa","isPartOf":{"@id":"https:\/\/riberasalud.com\/cepovisa\/#website"},"datePublished":"2023-11-08T09:07:23+00:00","dateModified":"2026-01-26T16:24:31+00:00","description":"Premio Cepovisa a la excelencia en el ciclo cuidados auxiliares de enfermer\u00eda Bases del curso 2025\/2026 Objeto El Centro de Estudios Povisa convoca 3","breadcrumb":{"@id":"https:\/\/riberasalud.com\/cepovisa\/premios-a-la-excelencia-academica\/premio-cepovisa-a-la-excelencia-en-el-ciclo-cuidados-auxiliares-de-enfermeria\/#breadcrumb"},"inLanguage":"es","potentialAction":[{"@type":"ReadAction","target":["https:\/\/riberasalud.com\/cepovisa\/premios-a-la-excelencia-academica\/premio-cepovisa-a-la-excelencia-en-el-ciclo-cuidados-auxiliares-de-enfermeria\/"]}]},{"@type":"BreadcrumbList","@id":"https:\/\/riberasalud.com\/cepovisa\/premios-a-la-excelencia-academica\/premio-cepovisa-a-la-excelencia-en-el-ciclo-cuidados-auxiliares-de-enfermeria\/#breadcrumb","itemListElement":[{"@type":"ListItem","position":1,"name":"Portada","item":"https:\/\/riberasalud.com\/cepovisa\/"},{"@type":"ListItem","position":2,"name":"Premios a la excelencia acad\u00e9mica","item":"https:\/\/riberasalud.com\/cepovisa\/premios-a-la-excelencia-academica\/"},{"@type":"ListItem","position":3,"name":"Premio Cepovisa a la excelencia en el ciclo cuidados auxiliares de enfermer\u00eda"}]},{"@type":"WebSite","@id":"https:\/\/riberasalud.com\/cepovisa\/#website","url":"https:\/\/riberasalud.com\/cepovisa\/","name":"Cepovisa","description":"","publisher":{"@id":"https:\/\/riberasalud.com\/cepovisa\/#organization"},"potentialAction":[{"@type":"SearchAction","target":{"@type":"EntryPoint","urlTemplate":"https:\/\/riberasalud.com\/cepovisa\/?s={search_term_string}"},"query-input":{"@type":"PropertyValueSpecification","valueRequired":true,"valueName":"search_term_string"}}],"inLanguage":"es"},{"@type":"Organization","@id":"https:\/\/riberasalud.com\/cepovisa\/#organization","name":"Cepovisa","url":"https:\/\/riberasalud.com\/cepovisa\/","logo":{"@type":"ImageObject","inLanguage":"es","@id":"https:\/\/riberasalud.com\/cepovisa\/#\/schema\/logo\/image\/","url":"https:\/\/riberasalud.com\/cepovisa\/wp-content\/uploads\/2024\/08\/cropped-FORMACIONPROFESIONAL-cepivsa-logo.png","contentUrl":"https:\/\/riberasalud.com\/cepovisa\/wp-content\/uploads\/2024\/08\/cropped-FORMACIONPROFESIONAL-cepivsa-logo.png","width":847,"height":94,"caption":"Cepovisa"},"image":{"@id":"https:\/\/riberasalud.com\/cepovisa\/#\/schema\/logo\/image\/"}}]}},"_links":{"self":[{"href":"https:\/\/riberasalud.com\/cepovisa\/wp-json\/wp\/v2\/pages\/5721","targetHints":{"allow":["GET"]}}],"collection":[{"href":"https:\/\/riberasalud.com\/cepovisa\/wp-json\/wp\/v2\/pages"}],"about":[{"href":"https:\/\/riberasalud.com\/cepovisa\/wp-json\/wp\/v2\/types\/page"}],"author":[{"embeddable":true,"href":"https:\/\/riberasalud.com\/cepovisa\/wp-json\/wp\/v2\/users\/2"}],"replies":[{"embeddable":true,"href":"https:\/\/riberasalud.com\/cepovisa\/wp-json\/wp\/v2\/comments?post=5721"}],"version-history":[{"count":4,"href":"https:\/\/riberasalud.com\/cepovisa\/wp-json\/wp\/v2\/pages\/5721\/revisions"}],"predecessor-version":[{"id":10322,"href":"https:\/\/riberasalud.com\/cepovisa\/wp-json\/wp\/v2\/pages\/5721\/revisions\/10322"}],"up":[{"embeddable":true,"href":"https:\/\/riberasalud.com\/cepovisa\/wp-json\/wp\/v2\/pages\/5725"}],"wp:attachment":[{"href":"https:\/\/riberasalud.com\/cepovisa\/wp-json\/wp\/v2\/media?parent=5721"}],"curies":[{"name":"wp","href":"https:\/\/api.w.org\/{rel}","templated":true}]}}