{"id":552,"date":"2022-05-12T13:47:46","date_gmt":"2022-05-12T13:47:46","guid":{"rendered":"https:\/\/riberasalud.com\/cepovisa\/?page_id=552"},"modified":"2025-08-27T13:15:03","modified_gmt":"2025-08-27T13:15:03","slug":"grado-en-enfermeria","status":"publish","type":"page","link":"https:\/\/riberasalud.com\/cepovisa\/escuela-universitaria\/grado-en-enfermeria\/","title":{"rendered":"Grado en Enfermer\u00eda"},"content":{"rendered":"\n<div class=\"wp-block-group bannersolotexto\"><div class=\"wp-block-group__inner-container is-layout-flow wp-block-group-is-layout-flow\">\n<h1 class=\"wp-block-heading\">Titulaci\u00f3n: Grado en Enfermer\u00eda<\/h1>\n\n\n\n<p>Conoce nuestra oferta para el Grado de Enfermer\u00eda<\/p>\n<\/div><\/div>\n\n\n\n<div class=\"wp-block-group\"><div class=\"wp-block-group__inner-container is-layout-flow wp-block-group-is-layout-flow\">\n<figure class=\"wp-block-image size-full fotoredonda\"><img loading=\"lazy\" decoding=\"async\" width=\"1920\" height=\"420\" src=\"https:\/\/riberasalud.com\/cepovisa\/wp-content\/uploads\/2022\/05\/doctor-working-in-hospital-healthcare-and-medical-service.jpg\" alt=\"grado en enfermeria\" class=\"wp-image-617\" srcset=\"https:\/\/riberasalud.com\/cepovisa\/wp-content\/uploads\/2022\/05\/doctor-working-in-hospital-healthcare-and-medical-service.jpg 1920w, https:\/\/riberasalud.com\/cepovisa\/wp-content\/uploads\/2022\/05\/doctor-working-in-hospital-healthcare-and-medical-service-300x66.jpg 300w, https:\/\/riberasalud.com\/cepovisa\/wp-content\/uploads\/2022\/05\/doctor-working-in-hospital-healthcare-and-medical-service-1024x224.jpg 1024w, https:\/\/riberasalud.com\/cepovisa\/wp-content\/uploads\/2022\/05\/doctor-working-in-hospital-healthcare-and-medical-service-768x168.jpg 768w, https:\/\/riberasalud.com\/cepovisa\/wp-content\/uploads\/2022\/05\/doctor-working-in-hospital-healthcare-and-medical-service-1536x336.jpg 1536w\" sizes=\"auto, (max-width: 1920px) 100vw, 1920px\" \/><\/figure>\n\n\n\n<div style=\"height:20px\" aria-hidden=\"true\" class=\"wp-block-spacer\"><\/div>\n\n\n\n<p>El <strong>Grado en Enfermer\u00eda<\/strong> pertenece a la rama de conocimiento de <strong>Ciencias de la Salud<\/strong> y se desarrolla para formar a enfermeros\/as responsables de cuidados generales en todos los \u00e1mbitos de los servicios sanitarios y en aquellos espacios que, aunque no sean del \u00e1mbito hospitalario, exijan la presencia de Graduados\/as en Enfermer\u00eda.<\/p>\n\n\n\n<p>Enfermer\u00eda es una profesi\u00f3n regulada, es decir aquella cuya actividad profesional est\u00e1 subordinada a disposiciones legales y a la posesi\u00f3n de una determinada cualificaci\u00f3n profesional, por lo que el Grado en Enfermer\u00eda capacita para el ejercicio de la profesi\u00f3n de Enfermer\u00eda, basado en la ORDEN CIN\/2134\/2008, de 3 de julio, que establece los requisitos para la verificaci\u00f3n de los t\u00edtulos universitarios oficiales que habiliten para el ejercicio de la profesi\u00f3n de Enfermer\u00eda.<\/p>\n\n\n\n<p>El T\u00edtulo se ha planificado una formaci\u00f3n <strong>total de 240 cr\u00e9ditos ECTS, dividida en ocho cuatrimestres<\/strong>, con una duraci\u00f3n de <strong>cuatro a\u00f1os lectivos<\/strong> y con un tipo de ense\u00f1anza de car\u00e1cter <strong>presencial<\/strong>.<\/p>\n\n\n\n<p>N\u00famero de <strong>plazas m\u00e1ximas de nuevo ingreso ofertadas en el primer curso<\/strong> de implantaci\u00f3n por modalidad de ense\u00f1anza: <strong>70 plazas.<\/strong><\/p>\n\n\n\n<p><strong>Lenguas<\/strong> empleadas en el proceso formativo: <strong>Castellano y Gallego<\/strong>.<\/p>\n\n\n\n<h2 class=\"wp-block-heading\">INGRESO Y ADMISI\u00d3N<\/h2>\n\n\n\n<p>No se establecen pruebas adicionales para el acceso al t\u00edtulo de Grado en <strong>Enfermer\u00eda<\/strong>, ateni\u00e9ndose \u00fanicamente a lo establecido por la <strong><a href=\"http:\/\/ciug.gal\/\" target=\"_blank\" rel=\"noreferrer noopener\">CIUG<\/a> <\/strong>y por la normativa vigente de&nbsp;<a href=\"https:\/\/www.uvigo.gal\/es\/estudiar\/acceder\/acceso-grados\" target=\"_blank\" rel=\"noreferrer noopener\"><strong>Universidad de Vigo.<\/strong><\/a><\/p>\n\n\n\n<h2 class=\"wp-block-heading\">PLAN DEL GRADO DE ENFERMER\u00cdA<\/h2>\n\n\n\n<ul class=\"wp-block-list\">\n<li><a href=\"https:\/\/www.uvigo.gal\/sites\/uvigo.gal\/files\/contents\/paragraph-file\/2024-05\/Memoria_grao_enfermar%C3%ADa_RD822_23042024.pdf\" target=\"_blank\" rel=\"noreferrer noopener\">Memoria vigente del Grado de Enfermer\u00eda<\/a><\/li>\n\n\n\n<li><a href=\"https:\/\/riberasalud.com\/cepovisa\/wp-content\/uploads\/2022\/05\/Memoria-vigente-GradoEnfermeria-Universidad-de-Vigo.pdf\" target=\"_blank\" rel=\"noreferrer noopener\">Memoria a extinguir<\/a><\/li>\n<\/ul>\n\n\n\n<p class=\"ocultarambos\">La distribuci\u00f3n por <strong>materias<\/strong> en los <strong>cuatro cursos<\/strong> queda reflejada en las siguientes tablas:<em><br><\/em><\/p>\n\n\n\n<figure class=\"wp-block-table ocultarambos\"><table><thead><tr><th>Asignaturas<\/th><th>Cr\u00e9ditos ECTS<\/th><th>Curso<\/th><\/tr><\/thead><tbody><tr><td>CIENCIAS PSICOSOCIALES<\/td><td>9<\/td><td rowspan=\"8\">&nbsp;&nbsp;&nbsp;&nbsp;1\u00ba&nbsp;<\/td><\/tr><tr><td>FUNDAMENTOS DE ENFERMER\u00cdA<\/td><td>9<\/td><\/tr><tr><td>ANATOM\u00cdA<\/td><td>9<\/td><\/tr><tr><td>FISIOLOG\u00cdA<\/td><td>9<\/td><\/tr><tr><td>BIOQU\u00cdMICA<\/td><td>6<\/td><\/tr><tr><td>BIOESTAD\u00cdTICA Y TIC<\/td><td>6<\/td><\/tr><tr><td>ENFERMER\u00cdA COMUNITARIA I<\/td><td>6<\/td><\/tr><tr><td>INGL\u00c9S<\/td><td>6<\/td><\/tr><tr><td>PR\u00c1CTICAS CL\u00cdNICAS I<\/td><td>9<\/td><td rowspan=\"8\">&nbsp;&nbsp;&nbsp;&nbsp;2\u00ba&nbsp;<\/td><\/tr><tr><td>GESTI\u00d3N DE ENFERMER\u00cdA<\/td><td>6<\/td><\/tr><tr><td>ENFERMER\u00cdA COMUNITARIA II<\/td><td>9<\/td><\/tr><tr><td>FARMACOLOG\u00cdA Y DIET\u00c9TICA<\/td><td>9<\/td><\/tr><tr><td>BIO\u00c9TICA Y LEGISLACI\u00d3N SANITARIA<\/td><td>6<\/td><\/tr><tr><td>INTRODUCCI\u00d3N A LA ENFERMER\u00cdA CL\u00cdNICA<\/td><td>6<\/td><\/tr><tr><td>ENFERMER\u00cdA CL\u00cdNICA I<\/td><td>9<\/td><\/tr><tr><td>ENFERMER\u00cdA CL\u00cdNICA II<\/td><td>6<\/td><\/tr><tr><td>PR\u00c1CTICAS CL\u00cdNICAS II<\/td><td>15<\/td><td rowspan=\"6\">&nbsp;&nbsp;&nbsp;3\u00ba&nbsp;<\/td><\/tr><tr><td>ENFERMER\u00cdA CL\u00cdNICA III<\/td><td>6<\/td><\/tr><tr><td>PR\u00c1CTICAS CL\u00cdNICAS III<\/td><td>18<\/td><\/tr><tr><td>ENFERMER\u00cdA&nbsp; MATERNO INFANTIL&nbsp;<\/td><td>9<\/td><\/tr><tr><td>ENFERMER\u00cdA GERI\u00c1TRICA Y CUIDADOS PALIATIVOS<\/td><td>6<\/td><\/tr><tr><td>ENFERMER\u00cfA EN SALUD MENTAL<\/td><td>6<\/td><\/tr><tr><td>MATERIAS OPTATIVAS<\/td><td>12<\/td><td rowspan=\"4\">&nbsp;&nbsp;4\u00ba&nbsp;<\/td><\/tr><tr><td>PR\u00c1CTICAS CL\u00cdNICAS IV<\/td><td>18<\/td><\/tr><tr><td>PR\u00c1CTICAS CL\u00cdNICAS V<\/td><td>18<\/td><\/tr><tr><td>TRABAJ O FIN DE GRADO<\/td><td>12<\/td><\/tr><\/tbody><\/table><\/figure>\n\n\n\n<h2 class=\"wp-block-heading\">METODOLOG\u00cdAS DOCENTES<\/h2>\n\n\n\n<p>La <strong>metodolog\u00eda<\/strong> docente a nivel general var\u00eda seg\u00fan el tipo de materia a impartir.<\/p>\n\n\n\n<ul class=\"wp-block-list\">\n<li>Clase expositivas.<\/li>\n\n\n\n<li>Sesiones en sala de demostraciones. Talleres.<\/li>\n\n\n\n<li>Estudios de casos, an\u00e1lisis diagn\u00f3sticos, aprendizaje basado en problemas.<\/li>\n\n\n\n<li>Trabajos individuales y grupales relacionados con los contenidos de la materia.<\/li>\n\n\n\n<li>Resoluci\u00f3n de problemas.<\/li>\n\n\n\n<li>Manejo de la tecnolog\u00eda de la informaci\u00f3n y la comunicaci\u00f3n.<\/li>\n<\/ul>\n\n\n\n<p>Tanto el tipo de metodolog\u00eda como el sistema de evaluaci\u00f3n de todas las materias est\u00e1n perfectamente dise\u00f1ados en la <strong>Gu\u00edas Docnet<\/strong>. Dichas gu\u00edas se renuevan curso a curso.<\/p>\n\n\n\n<h2 class=\"wp-block-heading\">COMPETENCIAS DEL GRADO EN ENFERMER\u00cdA<\/h2>\n\n\n\n<p>Las competencias que el\/la estudiante del <strong>Grado en Enfermer\u00eda<\/strong> debe alcanzar al t\u00e9rmino de sus estudios se refieren a&nbsp; competencias b\u00e1sicas&nbsp; y generales, competencias transversales, competencias espec\u00edficas; condici\u00f3n indispensable para lograr un pleno desarrollo personal, social y profesional.<\/p>\n\n\n\n<h2 class=\"wp-block-heading\">PERFIL DE INGRESO RECOMENDADO<\/h2>\n\n\n\n<p>Se recomienda una actitud de <strong>ayuda a las personas <\/strong>y una visi\u00f3n integral capaz de relacionar y relacionarse con todas las dimensiones del ser humano. Adem\u00e1s, deber\u00eda demostrar una <strong>adecuada disposici\u00f3n para el trabajo en equipo<\/strong>, el estudio continuado, reflexivo y cr\u00edtico, la capacidad de adaptaci\u00f3n continua al cambio y el manejo de situaciones con gran carga f\u00edsica y emocional. Igualmente se requiere responsabilidad, equilibrio, madurez personal y buena salud.<\/p>\n\n\n\n<h2 class=\"wp-block-heading ocultarambos\">APOYO Y SEGUIMIENTO<\/h2>\n\n\n\n<p class=\"ocultarambos\">El estudiante matriculado cuenta con un sistema de apoyo y seguimiento, primeramente a trav\u00e9s de la <a href=\"http:\/\/www.uvigo.es\" target=\"_blank\" rel=\"noreferrer noopener\">Universidad de Vigo<\/a>&nbsp;y mediante el <strong>Plan de Acci\u00f3n Tutorial (PATEUE)<\/strong> del Centro.<\/p>\n\n\n\n<p class=\"ocultarambos\">Esta titulaci\u00f3n posibilita el acceso al segundo y tercer grado de desarrollo acad\u00e9mico (M\u00e1ster y Doctorado) y a las especialidades especificas de la titulaci\u00f3n definidas por el Ministerio de Sanidad.<\/p>\n\n\n\n<p class=\"ocultarambos\"><a href=\"https:\/\/riberasalud.com\/cepovisa\/wp-content\/uploads\/2022\/05\/Memoria-vigente-GradoEnfermeria-Universidad-de-Vigo.pdf\" target=\"_blank\" rel=\"noreferrer noopener\">MEMORIA T\u00cdTULO DE GRADUADO EN ENFERMER\u00cdA<\/a><\/p>\n<\/div><\/div>\n\n\n\n<p><\/p>\n","protected":false},"excerpt":{"rendered":"<p>Titulaci\u00f3n: Grado en Enfermer\u00eda Conoce nuestra oferta para el Grado de Enfermer\u00eda El Grado en Enfermer\u00eda pertenece a la rama de conocimiento de Ciencias de la Salud y se desarrolla para formar a enfermeros\/as responsables de cuidados generales en todos los \u00e1mbitos de los servicios sanitarios y en aquellos espacios que, aunque no sean del &#8230; <a title=\"Grado en Enfermer\u00eda\" class=\"read-more\" href=\"https:\/\/riberasalud.com\/cepovisa\/escuela-universitaria\/grado-en-enfermeria\/\" aria-label=\"Leer m\u00e1s sobre Grado en Enfermer\u00eda\">Leer m\u00e1s<\/a><\/p>\n","protected":false},"author":1,"featured_media":0,"parent":665,"menu_order":0,"comment_status":"closed","ping_status":"closed","template":"","meta":{"_mi_skip_tracking":false,"footnotes":""},"class_list":["post-552","page","type-page","status-publish"],"yoast_head":"<!-- This site is optimized with the Yoast SEO plugin v26.6 - https:\/\/yoast.com\/wordpress\/plugins\/seo\/ -->\n<title>Grado en enfermer\u00eda- Cepovisa<\/title>\n<meta name=\"description\" content=\"Estudia enfermer\u00eda. Obt\u00e9n el t\u00edtulo de grado de enfermer\u00eda en Cepovisa y trabaja en lugares como hospitales o centros de salud.\" \/>\n<meta name=\"robots\" content=\"index, follow, max-snippet:-1, max-image-preview:large, max-video-preview:-1\" \/>\n<link rel=\"canonical\" href=\"https:\/\/riberasalud.com\/cepovisa\/escuela-universitaria\/grado-en-enfermeria\/\" \/>\n<meta property=\"og:locale\" content=\"es_ES\" \/>\n<meta property=\"og:type\" content=\"article\" \/>\n<meta property=\"og:title\" content=\"Grado en enfermer\u00eda- Cepovisa\" \/>\n<meta property=\"og:description\" content=\"Estudia enfermer\u00eda. Obt\u00e9n el t\u00edtulo de grado de enfermer\u00eda en Cepovisa y trabaja en lugares como hospitales o centros de salud.\" \/>\n<meta property=\"og:url\" content=\"https:\/\/riberasalud.com\/cepovisa\/escuela-universitaria\/grado-en-enfermeria\/\" \/>\n<meta property=\"og:site_name\" content=\"Cepovisa\" \/>\n<meta property=\"article:modified_time\" content=\"2025-08-27T13:15:03+00:00\" \/>\n<meta property=\"og:image\" content=\"https:\/\/riberasalud.com\/cepovisa\/wp-content\/uploads\/2022\/05\/doctor-working-in-hospital-healthcare-and-medical-service.jpg\" \/>\n<meta name=\"twitter:card\" content=\"summary_large_image\" \/>\n<meta name=\"twitter:label1\" content=\"Tiempo de lectura\" \/>\n\t<meta name=\"twitter:data1\" content=\"4 minutos\" \/>\n<script type=\"application\/ld+json\" class=\"yoast-schema-graph\">{\"@context\":\"https:\/\/schema.org\",\"@graph\":[{\"@type\":\"WebPage\",\"@id\":\"https:\/\/riberasalud.com\/cepovisa\/escuela-universitaria\/grado-en-enfermeria\/\",\"url\":\"https:\/\/riberasalud.com\/cepovisa\/escuela-universitaria\/grado-en-enfermeria\/\",\"name\":\"Grado en enfermer\u00eda- Cepovisa\",\"isPartOf\":{\"@id\":\"https:\/\/riberasalud.com\/cepovisa\/#website\"},\"primaryImageOfPage\":{\"@id\":\"https:\/\/riberasalud.com\/cepovisa\/escuela-universitaria\/grado-en-enfermeria\/#primaryimage\"},\"image\":{\"@id\":\"https:\/\/riberasalud.com\/cepovisa\/escuela-universitaria\/grado-en-enfermeria\/#primaryimage\"},\"thumbnailUrl\":\"https:\/\/riberasalud.com\/cepovisa\/wp-content\/uploads\/2022\/05\/doctor-working-in-hospital-healthcare-and-medical-service.jpg\",\"datePublished\":\"2022-05-12T13:47:46+00:00\",\"dateModified\":\"2025-08-27T13:15:03+00:00\",\"description\":\"Estudia enfermer\u00eda. Obt\u00e9n el t\u00edtulo de grado de enfermer\u00eda en Cepovisa y trabaja en lugares como hospitales o centros de salud.\",\"breadcrumb\":{\"@id\":\"https:\/\/riberasalud.com\/cepovisa\/escuela-universitaria\/grado-en-enfermeria\/#breadcrumb\"},\"inLanguage\":\"es\",\"potentialAction\":[{\"@type\":\"ReadAction\",\"target\":[\"https:\/\/riberasalud.com\/cepovisa\/escuela-universitaria\/grado-en-enfermeria\/\"]}]},{\"@type\":\"ImageObject\",\"inLanguage\":\"es\",\"@id\":\"https:\/\/riberasalud.com\/cepovisa\/escuela-universitaria\/grado-en-enfermeria\/#primaryimage\",\"url\":\"https:\/\/riberasalud.com\/cepovisa\/wp-content\/uploads\/2022\/05\/doctor-working-in-hospital-healthcare-and-medical-service.jpg\",\"contentUrl\":\"https:\/\/riberasalud.com\/cepovisa\/wp-content\/uploads\/2022\/05\/doctor-working-in-hospital-healthcare-and-medical-service.jpg\",\"width\":1920,\"height\":420,\"caption\":\"Doctor working in hospital. Healthcare and medical service.\"},{\"@type\":\"BreadcrumbList\",\"@id\":\"https:\/\/riberasalud.com\/cepovisa\/escuela-universitaria\/grado-en-enfermeria\/#breadcrumb\",\"itemListElement\":[{\"@type\":\"ListItem\",\"position\":1,\"name\":\"Portada\",\"item\":\"https:\/\/riberasalud.com\/cepovisa\/\"},{\"@type\":\"ListItem\",\"position\":2,\"name\":\"Escuela Universitaria de enfermer\u00eda\",\"item\":\"https:\/\/riberasalud.com\/cepovisa\/escuela-universitaria\/\"},{\"@type\":\"ListItem\",\"position\":3,\"name\":\"Grado en Enfermer\u00eda\"}]},{\"@type\":\"WebSite\",\"@id\":\"https:\/\/riberasalud.com\/cepovisa\/#website\",\"url\":\"https:\/\/riberasalud.com\/cepovisa\/\",\"name\":\"Cepovisa\",\"description\":\"\",\"publisher\":{\"@id\":\"https:\/\/riberasalud.com\/cepovisa\/#organization\"},\"potentialAction\":[{\"@type\":\"SearchAction\",\"target\":{\"@type\":\"EntryPoint\",\"urlTemplate\":\"https:\/\/riberasalud.com\/cepovisa\/?s={search_term_string}\"},\"query-input\":{\"@type\":\"PropertyValueSpecification\",\"valueRequired\":true,\"valueName\":\"search_term_string\"}}],\"inLanguage\":\"es\"},{\"@type\":\"Organization\",\"@id\":\"https:\/\/riberasalud.com\/cepovisa\/#organization\",\"name\":\"Cepovisa\",\"url\":\"https:\/\/riberasalud.com\/cepovisa\/\",\"logo\":{\"@type\":\"ImageObject\",\"inLanguage\":\"es\",\"@id\":\"https:\/\/riberasalud.com\/cepovisa\/#\/schema\/logo\/image\/\",\"url\":\"https:\/\/riberasalud.com\/cepovisa\/wp-content\/uploads\/2024\/08\/cropped-FORMACIONPROFESIONAL-cepivsa-logo.png\",\"contentUrl\":\"https:\/\/riberasalud.com\/cepovisa\/wp-content\/uploads\/2024\/08\/cropped-FORMACIONPROFESIONAL-cepivsa-logo.png\",\"width\":847,\"height\":94,\"caption\":\"Cepovisa\"},\"image\":{\"@id\":\"https:\/\/riberasalud.com\/cepovisa\/#\/schema\/logo\/image\/\"}}]}<\/script>\n<!-- \/ Yoast SEO plugin. -->","yoast_head_json":{"title":"Grado en enfermer\u00eda- Cepovisa","description":"Estudia enfermer\u00eda. Obt\u00e9n el t\u00edtulo de grado de enfermer\u00eda en Cepovisa y trabaja en lugares como hospitales o centros de salud.","robots":{"index":"index","follow":"follow","max-snippet":"max-snippet:-1","max-image-preview":"max-image-preview:large","max-video-preview":"max-video-preview:-1"},"canonical":"https:\/\/riberasalud.com\/cepovisa\/escuela-universitaria\/grado-en-enfermeria\/","og_locale":"es_ES","og_type":"article","og_title":"Grado en enfermer\u00eda- Cepovisa","og_description":"Estudia enfermer\u00eda. Obt\u00e9n el t\u00edtulo de grado de enfermer\u00eda en Cepovisa y trabaja en lugares como hospitales o centros de salud.","og_url":"https:\/\/riberasalud.com\/cepovisa\/escuela-universitaria\/grado-en-enfermeria\/","og_site_name":"Cepovisa","article_modified_time":"2025-08-27T13:15:03+00:00","og_image":[{"url":"https:\/\/riberasalud.com\/cepovisa\/wp-content\/uploads\/2022\/05\/doctor-working-in-hospital-healthcare-and-medical-service.jpg","type":"","width":"","height":""}],"twitter_card":"summary_large_image","twitter_misc":{"Tiempo de lectura":"4 minutos"},"schema":{"@context":"https:\/\/schema.org","@graph":[{"@type":"WebPage","@id":"https:\/\/riberasalud.com\/cepovisa\/escuela-universitaria\/grado-en-enfermeria\/","url":"https:\/\/riberasalud.com\/cepovisa\/escuela-universitaria\/grado-en-enfermeria\/","name":"Grado en enfermer\u00eda- Cepovisa","isPartOf":{"@id":"https:\/\/riberasalud.com\/cepovisa\/#website"},"primaryImageOfPage":{"@id":"https:\/\/riberasalud.com\/cepovisa\/escuela-universitaria\/grado-en-enfermeria\/#primaryimage"},"image":{"@id":"https:\/\/riberasalud.com\/cepovisa\/escuela-universitaria\/grado-en-enfermeria\/#primaryimage"},"thumbnailUrl":"https:\/\/riberasalud.com\/cepovisa\/wp-content\/uploads\/2022\/05\/doctor-working-in-hospital-healthcare-and-medical-service.jpg","datePublished":"2022-05-12T13:47:46+00:00","dateModified":"2025-08-27T13:15:03+00:00","description":"Estudia enfermer\u00eda. Obt\u00e9n el t\u00edtulo de grado de enfermer\u00eda en Cepovisa y trabaja en lugares como hospitales o centros de salud.","breadcrumb":{"@id":"https:\/\/riberasalud.com\/cepovisa\/escuela-universitaria\/grado-en-enfermeria\/#breadcrumb"},"inLanguage":"es","potentialAction":[{"@type":"ReadAction","target":["https:\/\/riberasalud.com\/cepovisa\/escuela-universitaria\/grado-en-enfermeria\/"]}]},{"@type":"ImageObject","inLanguage":"es","@id":"https:\/\/riberasalud.com\/cepovisa\/escuela-universitaria\/grado-en-enfermeria\/#primaryimage","url":"https:\/\/riberasalud.com\/cepovisa\/wp-content\/uploads\/2022\/05\/doctor-working-in-hospital-healthcare-and-medical-service.jpg","contentUrl":"https:\/\/riberasalud.com\/cepovisa\/wp-content\/uploads\/2022\/05\/doctor-working-in-hospital-healthcare-and-medical-service.jpg","width":1920,"height":420,"caption":"Doctor working in hospital. Healthcare and medical service."},{"@type":"BreadcrumbList","@id":"https:\/\/riberasalud.com\/cepovisa\/escuela-universitaria\/grado-en-enfermeria\/#breadcrumb","itemListElement":[{"@type":"ListItem","position":1,"name":"Portada","item":"https:\/\/riberasalud.com\/cepovisa\/"},{"@type":"ListItem","position":2,"name":"Escuela Universitaria de enfermer\u00eda","item":"https:\/\/riberasalud.com\/cepovisa\/escuela-universitaria\/"},{"@type":"ListItem","position":3,"name":"Grado en Enfermer\u00eda"}]},{"@type":"WebSite","@id":"https:\/\/riberasalud.com\/cepovisa\/#website","url":"https:\/\/riberasalud.com\/cepovisa\/","name":"Cepovisa","description":"","publisher":{"@id":"https:\/\/riberasalud.com\/cepovisa\/#organization"},"potentialAction":[{"@type":"SearchAction","target":{"@type":"EntryPoint","urlTemplate":"https:\/\/riberasalud.com\/cepovisa\/?s={search_term_string}"},"query-input":{"@type":"PropertyValueSpecification","valueRequired":true,"valueName":"search_term_string"}}],"inLanguage":"es"},{"@type":"Organization","@id":"https:\/\/riberasalud.com\/cepovisa\/#organization","name":"Cepovisa","url":"https:\/\/riberasalud.com\/cepovisa\/","logo":{"@type":"ImageObject","inLanguage":"es","@id":"https:\/\/riberasalud.com\/cepovisa\/#\/schema\/logo\/image\/","url":"https:\/\/riberasalud.com\/cepovisa\/wp-content\/uploads\/2024\/08\/cropped-FORMACIONPROFESIONAL-cepivsa-logo.png","contentUrl":"https:\/\/riberasalud.com\/cepovisa\/wp-content\/uploads\/2024\/08\/cropped-FORMACIONPROFESIONAL-cepivsa-logo.png","width":847,"height":94,"caption":"Cepovisa"},"image":{"@id":"https:\/\/riberasalud.com\/cepovisa\/#\/schema\/logo\/image\/"}}]}},"_links":{"self":[{"href":"https:\/\/riberasalud.com\/cepovisa\/wp-json\/wp\/v2\/pages\/552","targetHints":{"allow":["GET"]}}],"collection":[{"href":"https:\/\/riberasalud.com\/cepovisa\/wp-json\/wp\/v2\/pages"}],"about":[{"href":"https:\/\/riberasalud.com\/cepovisa\/wp-json\/wp\/v2\/types\/page"}],"author":[{"embeddable":true,"href":"https:\/\/riberasalud.com\/cepovisa\/wp-json\/wp\/v2\/users\/1"}],"replies":[{"embeddable":true,"href":"https:\/\/riberasalud.com\/cepovisa\/wp-json\/wp\/v2\/comments?post=552"}],"version-history":[{"count":23,"href":"https:\/\/riberasalud.com\/cepovisa\/wp-json\/wp\/v2\/pages\/552\/revisions"}],"predecessor-version":[{"id":9994,"href":"https:\/\/riberasalud.com\/cepovisa\/wp-json\/wp\/v2\/pages\/552\/revisions\/9994"}],"up":[{"embeddable":true,"href":"https:\/\/riberasalud.com\/cepovisa\/wp-json\/wp\/v2\/pages\/665"}],"wp:attachment":[{"href":"https:\/\/riberasalud.com\/cepovisa\/wp-json\/wp\/v2\/media?parent=552"}],"curies":[{"name":"wp","href":"https:\/\/api.w.org\/{rel}","templated":true}]}}