{"id":534,"date":"2022-05-12T13:25:07","date_gmt":"2022-05-12T13:25:07","guid":{"rendered":"https:\/\/riberasalud.com\/cepovisa\/?page_id=534"},"modified":"2025-05-05T10:16:17","modified_gmt":"2025-05-05T10:16:17","slug":"docencia","status":"publish","type":"page","link":"https:\/\/riberasalud.com\/cepovisa\/formacion-profesional\/docencia\/","title":{"rendered":"Docencia"},"content":{"rendered":"\n<div class=\"wp-block-group bannersolotexto\"><div class=\"wp-block-group__inner-container is-layout-flow wp-block-group-is-layout-flow\">\n<h1 class=\"wp-block-heading\">Docencia<\/h1>\n\n\n\n<p>Conoce nuestra oferta formativa<\/p>\n<\/div><\/div>\n\n\n\n<div class=\"wp-block-group\"><div class=\"wp-block-group__inner-container is-layout-flow wp-block-group-is-layout-flow\">\n<figure class=\"wp-block-image size-large is-resized fotoredonda\"><img loading=\"lazy\" decoding=\"async\" width=\"1024\" height=\"224\" src=\"https:\/\/riberasalud.com\/cepovisa\/wp-content\/uploads\/2022\/07\/Nuevo-proyecto2-1024x224.png\" alt=\"\" class=\"wp-image-4958\" style=\"width:1920px\" srcset=\"https:\/\/riberasalud.com\/cepovisa\/wp-content\/uploads\/2022\/07\/Nuevo-proyecto2-1024x224.png 1024w, https:\/\/riberasalud.com\/cepovisa\/wp-content\/uploads\/2022\/07\/Nuevo-proyecto2-300x66.png 300w, https:\/\/riberasalud.com\/cepovisa\/wp-content\/uploads\/2022\/07\/Nuevo-proyecto2-768x168.png 768w, https:\/\/riberasalud.com\/cepovisa\/wp-content\/uploads\/2022\/07\/Nuevo-proyecto2-1536x336.png 1536w, https:\/\/riberasalud.com\/cepovisa\/wp-content\/uploads\/2022\/07\/Nuevo-proyecto2.png 1920w\" sizes=\"auto, (max-width: 1024px) 100vw, 1024px\" \/><\/figure>\n\n\n\n<div style=\"height:20px\" aria-hidden=\"true\" class=\"wp-block-spacer\"><\/div>\n\n\n\n<h2 class=\"wp-block-heading\">GRADO SUPERIOR<\/h2>\n\n\n\n<div class=\"bloqueacordeon\">\n<div class=\"accordion\" style=\"width:100%\"><span class=\"tituloaccordion\">T\u00e9cnico Superior en Anatom\u00eda Patol\u00f3gica y Citodiagn\u00f3stico<\/span><span class=\"plus\">+<\/span><\/div>\n<div class=\"panel\" style=\"display:none\">\n  <p><strong>\u00bfQu\u00e9 se aprende a hacer?:<\/strong> Procesar muestras histol\u00f3gicas y citol\u00f3gicas, seleccionar y hacer la aproximaci\u00f3n diagn\u00f3stica de citolog\u00edas ginecol\u00f3gicas y generales; colaborar en la realizaci\u00f3n de necropsias cl\u00ednicas y forenses, de manera que sirvan como soporte al diagn\u00f3stico cl\u00ednico o m\u00e9dico-legal, organizando y programando el trabajo y cumpliendo criterios de calidad del servicio y de optimizaci\u00f3n de recursos, bajo la supervisi\u00f3n facultativa correspondiente.<\/p>\n<p class=\"sabermas\"><a href=\"https:\/\/riberasalud.com\/cepovisa\/formacion-profesional\/grado-superior\/anatomia-patologica-y-citodiagnostico\/\">Saber m\u00e1s del grado presencial<\/a>&nbsp;&nbsp;<a href=\"https:\/\/www.riberasalud.com\/cepovisa\/tecnico-superior-de-fp-en-anatomia-patologica-y-citodiagnostico-a-distancia\/\">Saber m\u00e1s del grado a distancia<\/a><\/p> \n<p class=\"sabermas\"><a href=\"http:\/\/www.edu.xunta.gal\/portal\/sites\/web\/files\/20160718_curriculo_anatomia.pdf\">Diario Oficial de Galicia<\/a><\/p>\n\n<\/div>\n\n<div class=\"accordion\" style=\"width:100%\"><span class=\"tituloaccordion\">T\u00e9cnico Superior en Imagen para el Diagn\u00f3stico y Medicina Nuclear<\/span><span class=\"plus\">+<\/span><\/div>\n<div class=\"panel\" style=\"display:none\">\n  <p><strong>\u00bfQu\u00e9 se aprende a hacer?:<\/strong> Obtener registros gr\u00e1ficos, morfol\u00f3gicos o funcionales del cuerpo humano, con fines diagn\u00f3sticos o terap\u00e9uticos a partir de la prescripci\u00f3n facultativa, utilizando equipamientos de diagn\u00f3stico por imagen y de medicina nuclear, y asistiendo al paciente durante su estancia en la unidad, aplicando los protocolos de radioprotecci\u00f3n y de garant\u00eda de calidad, as\u00ed como los establecidos en la unidad asistencial.<\/p>\n<p class=\"sabermas\"><a href=\"https:\/\/riberasalud.com\/cepovisa\/formacion-profesional\/grado-superior\/imagen-diagnostico-medicina-nuclear\/\">Saber m\u00e1s del grado presencial<\/a>&nbsp;&nbsp;<a href=\"https:\/\/www.riberasalud.com\/cepovisa\/tecnico-superior-en-imagen-para-el-diagnostico-y-medicina-nuclear-a-distancia\/\">Saber m\u00e1s del grado a distancia<\/a><\/p> \n<\/div>\n\n<div class=\"accordion\" style=\"width:100%\"><span class=\"tituloaccordion\">T\u00e9cnico Superior en Radioterapia y Dosimetr\u00eda<\/span><span class=\"plus\">+<\/span><\/div>\n<div class=\"panel\" style=\"display:none\">\n  <p><strong>\u00bfQu\u00e9 se aprende a hacer?:<\/strong> Aplicar tratamientos con radiaciones ionizantes bajo prescripci\u00f3n m\u00e9dica; utilizar equipamientos provistos de fuentes encapsuladas o productores de radiaciones aplicando las normas de radioprotecci\u00f3n generales y espec\u00edficas, asistiendo al paciente durante su estancia en la unidad, as\u00ed como realizar procedimientos de protecci\u00f3n radiol\u00f3gica hospitalaria, siguiendo normas de garant\u00eda de calidad y los protocolos establecidos en la unidad asistencial.<\/p>\n<p class=\"sabermas\"><a href=\"https:\/\/riberasalud.com\/cepovisa\/formacion-profesional\/grado-superior\/radioterapia-dosimetria\/\">Saber m\u00e1s del grado presencial<\/a>&nbsp;&nbsp;<a href=\"https:\/\/www.riberasalud.com\/cepovisa\/tecnico-superior-en-radioterapia-y-dosimetria-a-distancia\/\">Saber m\u00e1s del grado a distancia<\/a><\/p> \n            \n<\/div>\n\n\n<\/div>\n\n<script>\nfunction open() {var acc = document.getElementsByClassName(\"accordion\");\nvar i;\n\nfor (i = 0; i < acc.length; i++) {\n  acc[i].addEventListener(\"click\", function() {\n    var panel = this.nextElementSibling;\n    if (panel.style.display === \"block\") {document.getElementsByClassName('active')[0].getElementsByClassName('plus')[0].innerHTML=\"+\" ;}\n    this.classList.toggle(\"active\");\n\n    if (panel.style.display === \"block\") {\n      panel.style.display = \"none\";\n\n    } else {\n      panel.style.display = \"block\";\ndocument.getElementsByClassName('active')[0].getElementsByClassName('plus')[0].innerHTML=\"-\" ;\n    }\n  });\n}}\n<\/script>\n\n\n\n<h2 class=\"wp-block-heading\">GRADO MEDIO<\/h2>\n\n\n\n<div class=\"bloqueacordeon\">\n<div class=\"accordion\" style=\"width:100%\"><span class=\"tituloaccordion\">Cuidados Auxiliares de Enfermer\u00eda<\/span><span class=\"plus\">+<\/span><\/div>\n<div class=\"panel\" style=\"display:none\">\n  <p><strong>Perfil profesional del t\u00edtulo:<\/strong> Proporcionar cuidados auxiliares al paciente\/cliente y actuar sobre las condiciones sanitarias de su entorno, como miembro de un equipo de enfermer\u00eda en los centros sanitarios de atenci\u00f3n especializada, atenci\u00f3n primaria, centros geri\u00e1tricos, de salud buco-dental, atenci\u00f3n a domicilio, etc.<\/p>\n<p class=\"sabermas\"><a href=\"https:\/\/riberasalud.com\/cepovisa\/formacion-profesional\/grado-superior\/cuidados-auxiliares-enfermeria\/\">Saber m\u00e1s del grado presencial<\/a>&nbsp;&nbsp;<a href=\"https:\/\/www.riberasalud.com\/cepovisa\/tecnico-auxiliar-en-cuidados-de-enfermeria-a-distancia\/\">Saber m\u00e1s del grado a distancia<\/a><\/p> \n\n<\/div>\n<script type=\"text\/javascript\">\nopen();\n<\/script>\n<\/div><\/div>\n\n\n\n<p><\/p>\n","protected":false},"excerpt":{"rendered":"<p>Docencia Conoce nuestra oferta formativa GRADO SUPERIOR T\u00e9cnico Superior en Anatom\u00eda Patol\u00f3gica y Citodiagn\u00f3stico+ \u00bfQu\u00e9 se aprende a hacer?: Procesar muestras histol\u00f3gicas y citol\u00f3gicas, seleccionar y hacer la aproximaci\u00f3n diagn\u00f3stica de citolog\u00edas ginecol\u00f3gicas y generales; colaborar en la realizaci\u00f3n de necropsias cl\u00ednicas y forenses, de manera que sirvan como soporte al diagn\u00f3stico cl\u00ednico o m\u00e9dico-legal, &#8230; <a title=\"Docencia\" class=\"read-more\" href=\"https:\/\/riberasalud.com\/cepovisa\/formacion-profesional\/docencia\/\" aria-label=\"Leer m\u00e1s sobre Docencia\">Leer m\u00e1s<\/a><\/p>\n","protected":false},"author":1,"featured_media":0,"parent":531,"menu_order":0,"comment_status":"closed","ping_status":"closed","template":"","meta":{"_mi_skip_tracking":false,"footnotes":""},"class_list":["post-534","page","type-page","status-publish"],"yoast_head":"<!-- This site is optimized with the Yoast SEO plugin v26.6 - https:\/\/yoast.com\/wordpress\/plugins\/seo\/ -->\n<title>Docencia - Cepovisa<\/title>\n<meta name=\"description\" content=\"Docencia Conoce nuestra oferta formativa GRADO SUPERIOR T\u00e9cnico Superior en Anatom\u00eda Patol\u00f3gica y Citodiagn\u00f3stico+ \u00bfQu\u00e9 se aprende a hacer?: Procesar\" \/>\n<meta name=\"robots\" content=\"index, follow, max-snippet:-1, max-image-preview:large, max-video-preview:-1\" \/>\n<link rel=\"canonical\" href=\"https:\/\/riberasalud.com\/cepovisa\/formacion-profesional\/docencia\/\" \/>\n<meta property=\"og:locale\" content=\"es_ES\" \/>\n<meta property=\"og:type\" content=\"article\" \/>\n<meta property=\"og:title\" content=\"Docencia - Cepovisa\" \/>\n<meta property=\"og:description\" content=\"Docencia Conoce nuestra oferta formativa GRADO SUPERIOR T\u00e9cnico Superior en Anatom\u00eda Patol\u00f3gica y Citodiagn\u00f3stico+ \u00bfQu\u00e9 se aprende a hacer?: Procesar\" \/>\n<meta property=\"og:url\" content=\"https:\/\/riberasalud.com\/cepovisa\/formacion-profesional\/docencia\/\" \/>\n<meta property=\"og:site_name\" content=\"Cepovisa\" \/>\n<meta property=\"article:modified_time\" content=\"2025-05-05T10:16:17+00:00\" \/>\n<meta property=\"og:image\" content=\"https:\/\/riberasalud.com\/cepovisa\/wp-content\/uploads\/2022\/07\/Nuevo-proyecto2-1024x224.png\" \/>\n<meta name=\"twitter:card\" content=\"summary_large_image\" \/>\n<meta name=\"twitter:label1\" content=\"Tiempo de lectura\" \/>\n\t<meta name=\"twitter:data1\" content=\"2 minutos\" \/>\n<script type=\"application\/ld+json\" class=\"yoast-schema-graph\">{\"@context\":\"https:\/\/schema.org\",\"@graph\":[{\"@type\":\"WebPage\",\"@id\":\"https:\/\/riberasalud.com\/cepovisa\/formacion-profesional\/docencia\/\",\"url\":\"https:\/\/riberasalud.com\/cepovisa\/formacion-profesional\/docencia\/\",\"name\":\"Docencia - Cepovisa\",\"isPartOf\":{\"@id\":\"https:\/\/riberasalud.com\/cepovisa\/#website\"},\"primaryImageOfPage\":{\"@id\":\"https:\/\/riberasalud.com\/cepovisa\/formacion-profesional\/docencia\/#primaryimage\"},\"image\":{\"@id\":\"https:\/\/riberasalud.com\/cepovisa\/formacion-profesional\/docencia\/#primaryimage\"},\"thumbnailUrl\":\"https:\/\/riberasalud.com\/cepovisa\/wp-content\/uploads\/2022\/07\/Nuevo-proyecto2-1024x224.png\",\"datePublished\":\"2022-05-12T13:25:07+00:00\",\"dateModified\":\"2025-05-05T10:16:17+00:00\",\"description\":\"Docencia Conoce nuestra oferta formativa GRADO SUPERIOR T\u00e9cnico Superior en Anatom\u00eda Patol\u00f3gica y Citodiagn\u00f3stico+ \u00bfQu\u00e9 se aprende a hacer?: Procesar\",\"breadcrumb\":{\"@id\":\"https:\/\/riberasalud.com\/cepovisa\/formacion-profesional\/docencia\/#breadcrumb\"},\"inLanguage\":\"es\",\"potentialAction\":[{\"@type\":\"ReadAction\",\"target\":[\"https:\/\/riberasalud.com\/cepovisa\/formacion-profesional\/docencia\/\"]}]},{\"@type\":\"ImageObject\",\"inLanguage\":\"es\",\"@id\":\"https:\/\/riberasalud.com\/cepovisa\/formacion-profesional\/docencia\/#primaryimage\",\"url\":\"https:\/\/riberasalud.com\/cepovisa\/wp-content\/uploads\/2022\/07\/Nuevo-proyecto2-1024x224.png\",\"contentUrl\":\"https:\/\/riberasalud.com\/cepovisa\/wp-content\/uploads\/2022\/07\/Nuevo-proyecto2-1024x224.png\"},{\"@type\":\"BreadcrumbList\",\"@id\":\"https:\/\/riberasalud.com\/cepovisa\/formacion-profesional\/docencia\/#breadcrumb\",\"itemListElement\":[{\"@type\":\"ListItem\",\"position\":1,\"name\":\"Portada\",\"item\":\"https:\/\/riberasalud.com\/cepovisa\/\"},{\"@type\":\"ListItem\",\"position\":2,\"name\":\"Formaci\u00f3n profesional\",\"item\":\"https:\/\/riberasalud.com\/cepovisa\/formacion-profesional\/\"},{\"@type\":\"ListItem\",\"position\":3,\"name\":\"Docencia\"}]},{\"@type\":\"WebSite\",\"@id\":\"https:\/\/riberasalud.com\/cepovisa\/#website\",\"url\":\"https:\/\/riberasalud.com\/cepovisa\/\",\"name\":\"Cepovisa\",\"description\":\"\",\"publisher\":{\"@id\":\"https:\/\/riberasalud.com\/cepovisa\/#organization\"},\"potentialAction\":[{\"@type\":\"SearchAction\",\"target\":{\"@type\":\"EntryPoint\",\"urlTemplate\":\"https:\/\/riberasalud.com\/cepovisa\/?s={search_term_string}\"},\"query-input\":{\"@type\":\"PropertyValueSpecification\",\"valueRequired\":true,\"valueName\":\"search_term_string\"}}],\"inLanguage\":\"es\"},{\"@type\":\"Organization\",\"@id\":\"https:\/\/riberasalud.com\/cepovisa\/#organization\",\"name\":\"Cepovisa\",\"url\":\"https:\/\/riberasalud.com\/cepovisa\/\",\"logo\":{\"@type\":\"ImageObject\",\"inLanguage\":\"es\",\"@id\":\"https:\/\/riberasalud.com\/cepovisa\/#\/schema\/logo\/image\/\",\"url\":\"https:\/\/riberasalud.com\/cepovisa\/wp-content\/uploads\/2024\/08\/cropped-FORMACIONPROFESIONAL-cepivsa-logo.png\",\"contentUrl\":\"https:\/\/riberasalud.com\/cepovisa\/wp-content\/uploads\/2024\/08\/cropped-FORMACIONPROFESIONAL-cepivsa-logo.png\",\"width\":847,\"height\":94,\"caption\":\"Cepovisa\"},\"image\":{\"@id\":\"https:\/\/riberasalud.com\/cepovisa\/#\/schema\/logo\/image\/\"}}]}<\/script>\n<!-- \/ Yoast SEO plugin. -->","yoast_head_json":{"title":"Docencia - Cepovisa","description":"Docencia Conoce nuestra oferta formativa GRADO SUPERIOR T\u00e9cnico Superior en Anatom\u00eda Patol\u00f3gica y Citodiagn\u00f3stico+ \u00bfQu\u00e9 se aprende a hacer?: Procesar","robots":{"index":"index","follow":"follow","max-snippet":"max-snippet:-1","max-image-preview":"max-image-preview:large","max-video-preview":"max-video-preview:-1"},"canonical":"https:\/\/riberasalud.com\/cepovisa\/formacion-profesional\/docencia\/","og_locale":"es_ES","og_type":"article","og_title":"Docencia - Cepovisa","og_description":"Docencia Conoce nuestra oferta formativa GRADO SUPERIOR T\u00e9cnico Superior en Anatom\u00eda Patol\u00f3gica y Citodiagn\u00f3stico+ \u00bfQu\u00e9 se aprende a hacer?: Procesar","og_url":"https:\/\/riberasalud.com\/cepovisa\/formacion-profesional\/docencia\/","og_site_name":"Cepovisa","article_modified_time":"2025-05-05T10:16:17+00:00","og_image":[{"url":"https:\/\/riberasalud.com\/cepovisa\/wp-content\/uploads\/2022\/07\/Nuevo-proyecto2-1024x224.png","type":"","width":"","height":""}],"twitter_card":"summary_large_image","twitter_misc":{"Tiempo de lectura":"2 minutos"},"schema":{"@context":"https:\/\/schema.org","@graph":[{"@type":"WebPage","@id":"https:\/\/riberasalud.com\/cepovisa\/formacion-profesional\/docencia\/","url":"https:\/\/riberasalud.com\/cepovisa\/formacion-profesional\/docencia\/","name":"Docencia - Cepovisa","isPartOf":{"@id":"https:\/\/riberasalud.com\/cepovisa\/#website"},"primaryImageOfPage":{"@id":"https:\/\/riberasalud.com\/cepovisa\/formacion-profesional\/docencia\/#primaryimage"},"image":{"@id":"https:\/\/riberasalud.com\/cepovisa\/formacion-profesional\/docencia\/#primaryimage"},"thumbnailUrl":"https:\/\/riberasalud.com\/cepovisa\/wp-content\/uploads\/2022\/07\/Nuevo-proyecto2-1024x224.png","datePublished":"2022-05-12T13:25:07+00:00","dateModified":"2025-05-05T10:16:17+00:00","description":"Docencia Conoce nuestra oferta formativa GRADO SUPERIOR T\u00e9cnico Superior en Anatom\u00eda Patol\u00f3gica y Citodiagn\u00f3stico+ \u00bfQu\u00e9 se aprende a hacer?: Procesar","breadcrumb":{"@id":"https:\/\/riberasalud.com\/cepovisa\/formacion-profesional\/docencia\/#breadcrumb"},"inLanguage":"es","potentialAction":[{"@type":"ReadAction","target":["https:\/\/riberasalud.com\/cepovisa\/formacion-profesional\/docencia\/"]}]},{"@type":"ImageObject","inLanguage":"es","@id":"https:\/\/riberasalud.com\/cepovisa\/formacion-profesional\/docencia\/#primaryimage","url":"https:\/\/riberasalud.com\/cepovisa\/wp-content\/uploads\/2022\/07\/Nuevo-proyecto2-1024x224.png","contentUrl":"https:\/\/riberasalud.com\/cepovisa\/wp-content\/uploads\/2022\/07\/Nuevo-proyecto2-1024x224.png"},{"@type":"BreadcrumbList","@id":"https:\/\/riberasalud.com\/cepovisa\/formacion-profesional\/docencia\/#breadcrumb","itemListElement":[{"@type":"ListItem","position":1,"name":"Portada","item":"https:\/\/riberasalud.com\/cepovisa\/"},{"@type":"ListItem","position":2,"name":"Formaci\u00f3n profesional","item":"https:\/\/riberasalud.com\/cepovisa\/formacion-profesional\/"},{"@type":"ListItem","position":3,"name":"Docencia"}]},{"@type":"WebSite","@id":"https:\/\/riberasalud.com\/cepovisa\/#website","url":"https:\/\/riberasalud.com\/cepovisa\/","name":"Cepovisa","description":"","publisher":{"@id":"https:\/\/riberasalud.com\/cepovisa\/#organization"},"potentialAction":[{"@type":"SearchAction","target":{"@type":"EntryPoint","urlTemplate":"https:\/\/riberasalud.com\/cepovisa\/?s={search_term_string}"},"query-input":{"@type":"PropertyValueSpecification","valueRequired":true,"valueName":"search_term_string"}}],"inLanguage":"es"},{"@type":"Organization","@id":"https:\/\/riberasalud.com\/cepovisa\/#organization","name":"Cepovisa","url":"https:\/\/riberasalud.com\/cepovisa\/","logo":{"@type":"ImageObject","inLanguage":"es","@id":"https:\/\/riberasalud.com\/cepovisa\/#\/schema\/logo\/image\/","url":"https:\/\/riberasalud.com\/cepovisa\/wp-content\/uploads\/2024\/08\/cropped-FORMACIONPROFESIONAL-cepivsa-logo.png","contentUrl":"https:\/\/riberasalud.com\/cepovisa\/wp-content\/uploads\/2024\/08\/cropped-FORMACIONPROFESIONAL-cepivsa-logo.png","width":847,"height":94,"caption":"Cepovisa"},"image":{"@id":"https:\/\/riberasalud.com\/cepovisa\/#\/schema\/logo\/image\/"}}]}},"_links":{"self":[{"href":"https:\/\/riberasalud.com\/cepovisa\/wp-json\/wp\/v2\/pages\/534","targetHints":{"allow":["GET"]}}],"collection":[{"href":"https:\/\/riberasalud.com\/cepovisa\/wp-json\/wp\/v2\/pages"}],"about":[{"href":"https:\/\/riberasalud.com\/cepovisa\/wp-json\/wp\/v2\/types\/page"}],"author":[{"embeddable":true,"href":"https:\/\/riberasalud.com\/cepovisa\/wp-json\/wp\/v2\/users\/1"}],"replies":[{"embeddable":true,"href":"https:\/\/riberasalud.com\/cepovisa\/wp-json\/wp\/v2\/comments?post=534"}],"version-history":[{"count":26,"href":"https:\/\/riberasalud.com\/cepovisa\/wp-json\/wp\/v2\/pages\/534\/revisions"}],"predecessor-version":[{"id":9697,"href":"https:\/\/riberasalud.com\/cepovisa\/wp-json\/wp\/v2\/pages\/534\/revisions\/9697"}],"up":[{"embeddable":true,"href":"https:\/\/riberasalud.com\/cepovisa\/wp-json\/wp\/v2\/pages\/531"}],"wp:attachment":[{"href":"https:\/\/riberasalud.com\/cepovisa\/wp-json\/wp\/v2\/media?parent=534"}],"curies":[{"name":"wp","href":"https:\/\/api.w.org\/{rel}","templated":true}]}}