{"id":5325,"date":"2023-03-27T16:18:19","date_gmt":"2023-03-27T16:18:19","guid":{"rendered":"https:\/\/riberasalud.com\/cepovisa\/?page_id=5325"},"modified":"2023-03-27T16:18:21","modified_gmt":"2023-03-27T16:18:21","slug":"unidad-de-igualdad","status":"publish","type":"page","link":"https:\/\/riberasalud.com\/cepovisa\/escuela-universitaria\/unidad-de-igualdad\/","title":{"rendered":"Unidad de igualdad"},"content":{"rendered":"\n<div class=\"wp-block-group bannersolotexto\"><div class=\"wp-block-group__inner-container is-layout-flow wp-block-group-is-layout-flow\">\n<h1 class=\"wp-block-heading\">Unidad de igualdad<\/h1>\n\n\n\n<p>Favorece la cultura del respeto, la igualdad y la inclusi\u00f3n<\/p>\n<\/div><\/div>\n\n\n\n<div class=\"wp-block-group\"><div class=\"wp-block-group__inner-container is-layout-flow wp-block-group-is-layout-flow\">\n<p>Nuestra escuela, siguiendo las directrices de la UVigo, tiene como prioridad,\u00a0 favorecer la cultura del respeto, la igualdad y la inclusi\u00f3n, garantizando que todas las personas que forman nuestra comunidad puedan desarrollar su actividad acad\u00e9mica y laboral con dignidad y en un espacio libre de violencia de g\u00e9nero y de m\u00e1ximo respeto de los derechos humanos.<\/p>\n\n\n\n<div style=\"height:30px\" aria-hidden=\"true\" class=\"wp-block-spacer\"><\/div>\n\n\n\n<div class=\"wp-block-columns is-layout-flex wp-container-core-columns-is-layout-9d6595d7 wp-block-columns-is-layout-flex\">\n<div class=\"wp-block-column is-layout-flow wp-block-column-is-layout-flow\">\n<figure class=\"wp-block-image size-full fotoredonda fotopeque\"><img loading=\"lazy\" decoding=\"async\" width=\"800\" height=\"700\" src=\"https:\/\/riberasalud.com\/cepovisa\/wp-content\/uploads\/2023\/03\/primer-plano-diversas-personas-uniendo-sus-manos.jpg\" alt=\"diversidad\" class=\"wp-image-5326\" srcset=\"https:\/\/riberasalud.com\/cepovisa\/wp-content\/uploads\/2023\/03\/primer-plano-diversas-personas-uniendo-sus-manos.jpg 800w, https:\/\/riberasalud.com\/cepovisa\/wp-content\/uploads\/2023\/03\/primer-plano-diversas-personas-uniendo-sus-manos-300x263.jpg 300w, https:\/\/riberasalud.com\/cepovisa\/wp-content\/uploads\/2023\/03\/primer-plano-diversas-personas-uniendo-sus-manos-768x672.jpg 768w\" sizes=\"auto, (max-width: 800px) 100vw, 800px\" \/><figcaption class=\"wp-element-caption\">Closeup of diverse people joining their hands<\/figcaption><\/figure>\n<\/div>\n\n\n\n<div class=\"wp-block-column is-layout-flow wp-block-column-is-layout-flow\">\n<h2 class=\"has-text-align-left wp-block-heading\">Enlace de igualdad del centro: Mar\u00eda Gir\u00e1ldez Miranda<\/h2>\n\n\n\n<div class=\"wp-block-buttons is-layout-flex wp-block-buttons-is-layout-flex\">\n<div class=\"wp-block-button\"><a class=\"wp-block-button__link has-background wp-element-button\" href=\"https:\/\/www.uvigo.gal\/es\/campus\/igualdad\" style=\"background-color:#d71029\">Ver m\u00e1s<\/a><\/div>\n<\/div>\n\n\n\n<h2 class=\"has-text-align-left wp-block-heading\">Manual de lenguaje inclusiva<\/h2>\n\n\n\n<div class=\"wp-block-buttons is-layout-flex wp-block-buttons-is-layout-flex\">\n<div class=\"wp-block-button\"><a class=\"wp-block-button__link has-background wp-element-button\" href=\"https:\/\/www.uvigo.gal\/sites\/uvigo.gal\/files\/contents\/paragraph-file\/2018-05\/Manual_con_portada_para_web%20(1)_3.pdf\" style=\"background-color:#d71029\">Descargar aqu\u00ed<\/a><\/div>\n<\/div>\n<\/div>\n<\/div>\n<\/div><\/div>\n","protected":false},"excerpt":{"rendered":"<p>Unidad de igualdad Favorece la cultura del respeto, la igualdad y la inclusi\u00f3n Nuestra escuela, siguiendo las directrices de la UVigo, tiene como prioridad,\u00a0 favorecer la cultura del respeto, la igualdad y la inclusi\u00f3n, garantizando que todas las personas que forman nuestra comunidad puedan desarrollar su actividad acad\u00e9mica y laboral con dignidad y en un &#8230; <a title=\"Unidad de igualdad\" class=\"read-more\" href=\"https:\/\/riberasalud.com\/cepovisa\/escuela-universitaria\/unidad-de-igualdad\/\" aria-label=\"Leer m\u00e1s sobre Unidad de igualdad\">Leer m\u00e1s<\/a><\/p>\n","protected":false},"author":2,"featured_media":0,"parent":665,"menu_order":0,"comment_status":"closed","ping_status":"closed","template":"","meta":{"_mi_skip_tracking":false,"footnotes":""},"class_list":["post-5325","page","type-page","status-publish"],"yoast_head":"<!-- This site is optimized with the Yoast SEO plugin v26.6 - https:\/\/yoast.com\/wordpress\/plugins\/seo\/ -->\n<title>Unidad de igualdad - Cepovisa<\/title>\n<meta name=\"description\" content=\"Unidad de igualdad Favorece la cultura del respeto, la igualdad y la inclusi\u00f3n Nuestra escuela, siguiendo las directrices de la UVigo, tiene como\" \/>\n<meta name=\"robots\" content=\"index, follow, max-snippet:-1, max-image-preview:large, max-video-preview:-1\" \/>\n<link rel=\"canonical\" href=\"https:\/\/riberasalud.com\/cepovisa\/escuela-universitaria\/unidad-de-igualdad\/\" \/>\n<meta property=\"og:locale\" content=\"es_ES\" \/>\n<meta property=\"og:type\" content=\"article\" \/>\n<meta property=\"og:title\" content=\"Unidad de igualdad - Cepovisa\" \/>\n<meta property=\"og:description\" content=\"Unidad de igualdad Favorece la cultura del respeto, la igualdad y la inclusi\u00f3n Nuestra escuela, siguiendo las directrices de la UVigo, tiene como\" \/>\n<meta property=\"og:url\" content=\"https:\/\/riberasalud.com\/cepovisa\/escuela-universitaria\/unidad-de-igualdad\/\" \/>\n<meta property=\"og:site_name\" content=\"Cepovisa\" \/>\n<meta property=\"article:modified_time\" content=\"2023-03-27T16:18:21+00:00\" \/>\n<meta property=\"og:image\" content=\"https:\/\/riberasalud.com\/cepovisa\/wp-content\/uploads\/2023\/03\/primer-plano-diversas-personas-uniendo-sus-manos.jpg\" \/>\n<meta name=\"twitter:card\" content=\"summary_large_image\" \/>\n<meta name=\"twitter:label1\" content=\"Tiempo de lectura\" \/>\n\t<meta name=\"twitter:data1\" content=\"1 minuto\" \/>\n<script type=\"application\/ld+json\" class=\"yoast-schema-graph\">{\"@context\":\"https:\/\/schema.org\",\"@graph\":[{\"@type\":\"WebPage\",\"@id\":\"https:\/\/riberasalud.com\/cepovisa\/escuela-universitaria\/unidad-de-igualdad\/\",\"url\":\"https:\/\/riberasalud.com\/cepovisa\/escuela-universitaria\/unidad-de-igualdad\/\",\"name\":\"Unidad de igualdad - Cepovisa\",\"isPartOf\":{\"@id\":\"https:\/\/riberasalud.com\/cepovisa\/#website\"},\"primaryImageOfPage\":{\"@id\":\"https:\/\/riberasalud.com\/cepovisa\/escuela-universitaria\/unidad-de-igualdad\/#primaryimage\"},\"image\":{\"@id\":\"https:\/\/riberasalud.com\/cepovisa\/escuela-universitaria\/unidad-de-igualdad\/#primaryimage\"},\"thumbnailUrl\":\"https:\/\/riberasalud.com\/cepovisa\/wp-content\/uploads\/2023\/03\/primer-plano-diversas-personas-uniendo-sus-manos.jpg\",\"datePublished\":\"2023-03-27T16:18:19+00:00\",\"dateModified\":\"2023-03-27T16:18:21+00:00\",\"description\":\"Unidad de igualdad Favorece la cultura del respeto, la igualdad y la inclusi\u00f3n Nuestra escuela, siguiendo las directrices de la UVigo, tiene como\",\"breadcrumb\":{\"@id\":\"https:\/\/riberasalud.com\/cepovisa\/escuela-universitaria\/unidad-de-igualdad\/#breadcrumb\"},\"inLanguage\":\"es\",\"potentialAction\":[{\"@type\":\"ReadAction\",\"target\":[\"https:\/\/riberasalud.com\/cepovisa\/escuela-universitaria\/unidad-de-igualdad\/\"]}]},{\"@type\":\"ImageObject\",\"inLanguage\":\"es\",\"@id\":\"https:\/\/riberasalud.com\/cepovisa\/escuela-universitaria\/unidad-de-igualdad\/#primaryimage\",\"url\":\"https:\/\/riberasalud.com\/cepovisa\/wp-content\/uploads\/2023\/03\/primer-plano-diversas-personas-uniendo-sus-manos.jpg\",\"contentUrl\":\"https:\/\/riberasalud.com\/cepovisa\/wp-content\/uploads\/2023\/03\/primer-plano-diversas-personas-uniendo-sus-manos.jpg\",\"width\":800,\"height\":700,\"caption\":\"Closeup of diverse people joining their hands\"},{\"@type\":\"BreadcrumbList\",\"@id\":\"https:\/\/riberasalud.com\/cepovisa\/escuela-universitaria\/unidad-de-igualdad\/#breadcrumb\",\"itemListElement\":[{\"@type\":\"ListItem\",\"position\":1,\"name\":\"Portada\",\"item\":\"https:\/\/riberasalud.com\/cepovisa\/\"},{\"@type\":\"ListItem\",\"position\":2,\"name\":\"Escuela Universitaria de enfermer\u00eda\",\"item\":\"https:\/\/riberasalud.com\/cepovisa\/escuela-universitaria\/\"},{\"@type\":\"ListItem\",\"position\":3,\"name\":\"Unidad de igualdad\"}]},{\"@type\":\"WebSite\",\"@id\":\"https:\/\/riberasalud.com\/cepovisa\/#website\",\"url\":\"https:\/\/riberasalud.com\/cepovisa\/\",\"name\":\"Cepovisa\",\"description\":\"\",\"publisher\":{\"@id\":\"https:\/\/riberasalud.com\/cepovisa\/#organization\"},\"potentialAction\":[{\"@type\":\"SearchAction\",\"target\":{\"@type\":\"EntryPoint\",\"urlTemplate\":\"https:\/\/riberasalud.com\/cepovisa\/?s={search_term_string}\"},\"query-input\":{\"@type\":\"PropertyValueSpecification\",\"valueRequired\":true,\"valueName\":\"search_term_string\"}}],\"inLanguage\":\"es\"},{\"@type\":\"Organization\",\"@id\":\"https:\/\/riberasalud.com\/cepovisa\/#organization\",\"name\":\"Cepovisa\",\"url\":\"https:\/\/riberasalud.com\/cepovisa\/\",\"logo\":{\"@type\":\"ImageObject\",\"inLanguage\":\"es\",\"@id\":\"https:\/\/riberasalud.com\/cepovisa\/#\/schema\/logo\/image\/\",\"url\":\"https:\/\/riberasalud.com\/cepovisa\/wp-content\/uploads\/2024\/08\/cropped-FORMACIONPROFESIONAL-cepivsa-logo.png\",\"contentUrl\":\"https:\/\/riberasalud.com\/cepovisa\/wp-content\/uploads\/2024\/08\/cropped-FORMACIONPROFESIONAL-cepivsa-logo.png\",\"width\":847,\"height\":94,\"caption\":\"Cepovisa\"},\"image\":{\"@id\":\"https:\/\/riberasalud.com\/cepovisa\/#\/schema\/logo\/image\/\"}}]}<\/script>\n<!-- \/ Yoast SEO plugin. -->","yoast_head_json":{"title":"Unidad de igualdad - Cepovisa","description":"Unidad de igualdad Favorece la cultura del respeto, la igualdad y la inclusi\u00f3n Nuestra escuela, siguiendo las directrices de la UVigo, tiene como","robots":{"index":"index","follow":"follow","max-snippet":"max-snippet:-1","max-image-preview":"max-image-preview:large","max-video-preview":"max-video-preview:-1"},"canonical":"https:\/\/riberasalud.com\/cepovisa\/escuela-universitaria\/unidad-de-igualdad\/","og_locale":"es_ES","og_type":"article","og_title":"Unidad de igualdad - Cepovisa","og_description":"Unidad de igualdad Favorece la cultura del respeto, la igualdad y la inclusi\u00f3n Nuestra escuela, siguiendo las directrices de la UVigo, tiene como","og_url":"https:\/\/riberasalud.com\/cepovisa\/escuela-universitaria\/unidad-de-igualdad\/","og_site_name":"Cepovisa","article_modified_time":"2023-03-27T16:18:21+00:00","og_image":[{"url":"https:\/\/riberasalud.com\/cepovisa\/wp-content\/uploads\/2023\/03\/primer-plano-diversas-personas-uniendo-sus-manos.jpg","type":"","width":"","height":""}],"twitter_card":"summary_large_image","twitter_misc":{"Tiempo de lectura":"1 minuto"},"schema":{"@context":"https:\/\/schema.org","@graph":[{"@type":"WebPage","@id":"https:\/\/riberasalud.com\/cepovisa\/escuela-universitaria\/unidad-de-igualdad\/","url":"https:\/\/riberasalud.com\/cepovisa\/escuela-universitaria\/unidad-de-igualdad\/","name":"Unidad de igualdad - Cepovisa","isPartOf":{"@id":"https:\/\/riberasalud.com\/cepovisa\/#website"},"primaryImageOfPage":{"@id":"https:\/\/riberasalud.com\/cepovisa\/escuela-universitaria\/unidad-de-igualdad\/#primaryimage"},"image":{"@id":"https:\/\/riberasalud.com\/cepovisa\/escuela-universitaria\/unidad-de-igualdad\/#primaryimage"},"thumbnailUrl":"https:\/\/riberasalud.com\/cepovisa\/wp-content\/uploads\/2023\/03\/primer-plano-diversas-personas-uniendo-sus-manos.jpg","datePublished":"2023-03-27T16:18:19+00:00","dateModified":"2023-03-27T16:18:21+00:00","description":"Unidad de igualdad Favorece la cultura del respeto, la igualdad y la inclusi\u00f3n Nuestra escuela, siguiendo las directrices de la UVigo, tiene como","breadcrumb":{"@id":"https:\/\/riberasalud.com\/cepovisa\/escuela-universitaria\/unidad-de-igualdad\/#breadcrumb"},"inLanguage":"es","potentialAction":[{"@type":"ReadAction","target":["https:\/\/riberasalud.com\/cepovisa\/escuela-universitaria\/unidad-de-igualdad\/"]}]},{"@type":"ImageObject","inLanguage":"es","@id":"https:\/\/riberasalud.com\/cepovisa\/escuela-universitaria\/unidad-de-igualdad\/#primaryimage","url":"https:\/\/riberasalud.com\/cepovisa\/wp-content\/uploads\/2023\/03\/primer-plano-diversas-personas-uniendo-sus-manos.jpg","contentUrl":"https:\/\/riberasalud.com\/cepovisa\/wp-content\/uploads\/2023\/03\/primer-plano-diversas-personas-uniendo-sus-manos.jpg","width":800,"height":700,"caption":"Closeup of diverse people joining their hands"},{"@type":"BreadcrumbList","@id":"https:\/\/riberasalud.com\/cepovisa\/escuela-universitaria\/unidad-de-igualdad\/#breadcrumb","itemListElement":[{"@type":"ListItem","position":1,"name":"Portada","item":"https:\/\/riberasalud.com\/cepovisa\/"},{"@type":"ListItem","position":2,"name":"Escuela Universitaria de enfermer\u00eda","item":"https:\/\/riberasalud.com\/cepovisa\/escuela-universitaria\/"},{"@type":"ListItem","position":3,"name":"Unidad de igualdad"}]},{"@type":"WebSite","@id":"https:\/\/riberasalud.com\/cepovisa\/#website","url":"https:\/\/riberasalud.com\/cepovisa\/","name":"Cepovisa","description":"","publisher":{"@id":"https:\/\/riberasalud.com\/cepovisa\/#organization"},"potentialAction":[{"@type":"SearchAction","target":{"@type":"EntryPoint","urlTemplate":"https:\/\/riberasalud.com\/cepovisa\/?s={search_term_string}"},"query-input":{"@type":"PropertyValueSpecification","valueRequired":true,"valueName":"search_term_string"}}],"inLanguage":"es"},{"@type":"Organization","@id":"https:\/\/riberasalud.com\/cepovisa\/#organization","name":"Cepovisa","url":"https:\/\/riberasalud.com\/cepovisa\/","logo":{"@type":"ImageObject","inLanguage":"es","@id":"https:\/\/riberasalud.com\/cepovisa\/#\/schema\/logo\/image\/","url":"https:\/\/riberasalud.com\/cepovisa\/wp-content\/uploads\/2024\/08\/cropped-FORMACIONPROFESIONAL-cepivsa-logo.png","contentUrl":"https:\/\/riberasalud.com\/cepovisa\/wp-content\/uploads\/2024\/08\/cropped-FORMACIONPROFESIONAL-cepivsa-logo.png","width":847,"height":94,"caption":"Cepovisa"},"image":{"@id":"https:\/\/riberasalud.com\/cepovisa\/#\/schema\/logo\/image\/"}}]}},"_links":{"self":[{"href":"https:\/\/riberasalud.com\/cepovisa\/wp-json\/wp\/v2\/pages\/5325","targetHints":{"allow":["GET"]}}],"collection":[{"href":"https:\/\/riberasalud.com\/cepovisa\/wp-json\/wp\/v2\/pages"}],"about":[{"href":"https:\/\/riberasalud.com\/cepovisa\/wp-json\/wp\/v2\/types\/page"}],"author":[{"embeddable":true,"href":"https:\/\/riberasalud.com\/cepovisa\/wp-json\/wp\/v2\/users\/2"}],"replies":[{"embeddable":true,"href":"https:\/\/riberasalud.com\/cepovisa\/wp-json\/wp\/v2\/comments?post=5325"}],"version-history":[{"count":1,"href":"https:\/\/riberasalud.com\/cepovisa\/wp-json\/wp\/v2\/pages\/5325\/revisions"}],"predecessor-version":[{"id":5327,"href":"https:\/\/riberasalud.com\/cepovisa\/wp-json\/wp\/v2\/pages\/5325\/revisions\/5327"}],"up":[{"embeddable":true,"href":"https:\/\/riberasalud.com\/cepovisa\/wp-json\/wp\/v2\/pages\/665"}],"wp:attachment":[{"href":"https:\/\/riberasalud.com\/cepovisa\/wp-json\/wp\/v2\/media?parent=5325"}],"curies":[{"name":"wp","href":"https:\/\/api.w.org\/{rel}","templated":true}]}}