{"id":531,"date":"2022-05-12T13:24:53","date_gmt":"2022-05-12T13:24:53","guid":{"rendered":"https:\/\/riberasalud.com\/cepovisa\/?page_id=531"},"modified":"2025-05-05T09:42:37","modified_gmt":"2025-05-05T09:42:37","slug":"formacion-profesional","status":"publish","type":"page","link":"https:\/\/riberasalud.com\/cepovisa\/formacion-profesional\/","title":{"rendered":"Formaci\u00f3n profesional"},"content":{"rendered":"\n<div class=\"wp-block-group bannersolotexto\"><div class=\"wp-block-group__inner-container is-layout-flow wp-block-group-is-layout-flow\">\n<h1 class=\"wp-block-heading\">Formaci\u00f3n profesional<\/h1>\n\n\n\n<p>Conoce nuestra oferta formativa<\/p>\n<\/div><\/div>\n\n\n\n<div class=\"wp-block-cover bannermatriculate ocultarambos\"><img loading=\"lazy\" decoding=\"async\" width=\"1920\" height=\"463\" class=\"wp-block-cover__image-background wp-image-5943\" alt=\"Jornadas y Congresos\" src=\"https:\/\/www.riberasalud.com\/cepovisa\/wp-content\/uploads\/2024\/03\/portada-jornadas-y-congresos4.jpg\" data-object-fit=\"cover\" srcset=\"https:\/\/riberasalud.com\/cepovisa\/wp-content\/uploads\/2024\/03\/portada-jornadas-y-congresos4.jpg 1920w, https:\/\/riberasalud.com\/cepovisa\/wp-content\/uploads\/2024\/03\/portada-jornadas-y-congresos4-300x72.jpg 300w, https:\/\/riberasalud.com\/cepovisa\/wp-content\/uploads\/2024\/03\/portada-jornadas-y-congresos4-1024x247.jpg 1024w, https:\/\/riberasalud.com\/cepovisa\/wp-content\/uploads\/2024\/03\/portada-jornadas-y-congresos4-768x185.jpg 768w, https:\/\/riberasalud.com\/cepovisa\/wp-content\/uploads\/2024\/03\/portada-jornadas-y-congresos4-1536x370.jpg 1536w\" sizes=\"auto, (max-width: 1920px) 100vw, 1920px\" \/><span aria-hidden=\"true\" class=\"wp-block-cover__background has-background-dim\" style=\"background-color:#5a5b62\"><\/span><div class=\"wp-block-cover__inner-container is-layout-constrained wp-block-cover-is-layout-constrained\">\n<div class=\"wp-block-group\"><div class=\"wp-block-group__inner-container is-layout-constrained wp-block-group-is-layout-constrained\">\n<p class=\"has-text-align-left has-large-font-size\"><strong>Proceso de prematriculaci\u00f3n de ciclos formativos<br><\/strong>puedes realizar tu preinscripci\u00f3n hasta el 28 de junio<\/p>\n\n\n\n<p>\u00a1No pierdas la oportunidad de formarte en una de las mejores escuelas sanitarias!<\/p>\n\n\n\n<p class=\"enlacevertodas\"><a href=\"https:\/\/www.riberasalud.com\/cepovisa\/formacion-profesional\/proceso-de-matriculacion-de-ciclos-formativos\/\">\u00a1Matric\u00falate ya!<\/a><\/p>\n<\/div><\/div>\n<\/div><\/div>\n\n\n\n<div class=\"wp-block-group\"><div class=\"wp-block-group__inner-container is-layout-flow wp-block-group-is-layout-flow\">\n<div class=\"wp-block-columns is-layout-flex wp-container-core-columns-is-layout-9d6595d7 wp-block-columns-is-layout-flex\">\n<div class=\"wp-block-column is-layout-flow wp-block-column-is-layout-flow\" style=\"flex-basis:50%\">\n<ul class=\"wp-block-list is-style-default\">\n<li><a href=\"https:\/\/riberasalud.com\/cepovisa\/formacion-profesional\/presentacion-cursos\/\">Presentaci\u00f3n<\/a><\/li>\n\n\n\n<li><a href=\"https:\/\/riberasalud.com\/cepovisa\/formacion-profesional\/alumnado\/\">Alumnado<\/a>\n<ul class=\"wp-block-list\">\n<li><a href=\"https:\/\/www.riberasalud.com\/cepovisa\/wp-content\/uploads\/2024\/10\/Calendario-escolar-1.pdf\">Calendario Curso<\/a><\/li>\n\n\n\n<li><a href=\"https:\/\/riberasalud.com\/cepovisa\/formacion-profesional\/alumnado\/horarios\/\">Horarios<\/a><\/li>\n\n\n\n<li><a href=\"https:\/\/www.riberasalud.com\/cepovisa\/wp-content\/uploads\/2024\/10\/20240909_Guia_alumnado-1.pdf\">Gu\u00eda del alumnado<\/a><\/li>\n\n\n\n<li class=\"ocultarambos\"><a href=\"https:\/\/riberasalud.com\/cepovisa\/formacion-profesional\/alumnado\/examenes\/\">Exam<\/a><a data-type=\"URL\" data-id=\"https:\/\/riberasalud.com\/cepovisa\/wp-content\/uploads\/2022\/07\/CALENDARIO-EXAMENES-CURSO-2022-2023-1.pdf\" href=\"https:\/\/riberasalud.com\/cepovisa\/wp-content\/uploads\/2022\/07\/CALENDARIO-EXAMENES-CURSO-2022-2023-1.pdf\">e<\/a><a href=\"https:\/\/riberasalud.com\/cepovisa\/formacion-profesional\/alumnado\/examenes\/\">nes<\/a><\/li>\n<\/ul>\n<\/li>\n<\/ul>\n<\/div>\n\n\n\n<div class=\"wp-block-column is-layout-flow wp-block-column-is-layout-flow\" style=\"flex-basis:50%\">\n<ul class=\"wp-block-list is-style-default\">\n<li><a href=\"https:\/\/riberasalud.com\/cepovisa\/formacion-profesional\/docencia\/\">Docencia<\/a>\n<ul class=\"wp-block-list\">\n<li><a href=\"https:\/\/riberasalud.com\/cepovisa\/formacion-profesional\/grado-superior\/anatomia-patologica-y-citodiagnostico\/\">T\u00e9cnico Superior en Anatom\u00eda Patol\u00f3gica y Citodiagn\u00f3stico <strong>presencial<\/strong><\/a> \/<br><a href=\"https:\/\/www.riberasalud.com\/cepovisa\/tecnico-superior-de-fp-en-anatomia-patologica-y-citodiagnostico-a-distancia\/\" target=\"_blank\" rel=\"noreferrer noopener\">T\u00e9cnico Superior en Anatom\u00eda Patol\u00f3gica y Citodiagn\u00f3stico <strong>a distancia<\/strong><\/a><\/li>\n\n\n\n<li><a href=\"https:\/\/riberasalud.com\/cepovisa\/formacion-profesional\/grado-superior\/imagen-diagnostico-medicina-nuclear\/\">T\u00e9cnico Superior en Imagen para el Diagn\u00f3stico y Medicina Nuclear <strong>presencial<\/strong><\/a> \/ <a href=\"https:\/\/www.riberasalud.com\/cepovisa\/tecnico-superior-en-imagen-para-el-diagnostico-y-medicina-nuclear-a-distancia\/\">T\u00e9cnico Superior en Imagen para el Diagn\u00f3stico y Medicina Nuclear <strong>a distancia<\/strong><\/a><\/li>\n\n\n\n<li><a href=\"https:\/\/riberasalud.com\/cepovisa\/formacion-profesional\/grado-superior\/radioterapia-dosimetria\/\">T\u00e9cnico Superior en Radioterapia y Dosimetr\u00eda<strong> presencial<\/strong><\/a> \/ <br><a href=\"https:\/\/www.riberasalud.com\/cepovisa\/tecnico-superior-en-radioterapia-y-dosimetria-a-distancia\/\">T\u00e9cnico Superior en Radioterapia y Dosimetr\u00eda <strong>a distancia<\/strong><\/a><\/li>\n\n\n\n<li><a href=\"https:\/\/riberasalud.com\/cepovisa\/formacion-profesional\/grado-superior\/cuidados-auxiliares-enfermeria\/\">T\u00e9cnico Auxiliar en Cuidados de Enfermer\u00eda <strong>presencial<\/strong><\/a> \/ <br><a href=\"https:\/\/www.riberasalud.com\/cepovisa\/tecnico-auxiliar-en-cuidados-de-enfermeria-a-distancia\/\">T\u00e9cnico Auxiliar en Cuidados de Enfermer\u00eda<strong> a distancia<\/strong><\/a><a href=\"https:\/\/riberasalud.com\/cepovisa\/formacion-profesional\/grado-superior\/cuidados-auxiliares-enfermeria\/\"><\/a><\/li>\n<\/ul>\n<\/li>\n\n\n\n<li><a href=\"https:\/\/riberasalud.com\/cepovisa\/formacion-profesional\/normativa-cursos\/\">Normativa<\/a><\/li>\n\n\n\n<li><a href=\"https:\/\/riberasalud.com\/cepovisa\/formacion-profesional\/formacion\/\">Formaci\u00f3n<\/a><\/li>\n<\/ul>\n<\/div>\n<\/div>\n<\/div><\/div>\n\n\n\n<div class=\"wp-block-group\"><div class=\"wp-block-group__inner-container is-layout-flow wp-block-group-is-layout-flow\"><\/div><\/div>\n","protected":false},"excerpt":{"rendered":"<p>Formaci\u00f3n profesional Conoce nuestra oferta formativa<\/p>\n","protected":false},"author":1,"featured_media":0,"parent":0,"menu_order":0,"comment_status":"closed","ping_status":"closed","template":"","meta":{"_mi_skip_tracking":false,"footnotes":""},"class_list":["post-531","page","type-page","status-publish"],"yoast_head":"<!-- This site is optimized with the Yoast SEO plugin v26.6 - https:\/\/yoast.com\/wordpress\/plugins\/seo\/ -->\n<title>Formaci\u00f3n profesional sanitaria - Cepovisa<\/title>\n<meta name=\"description\" content=\"Descubre la formaci\u00f3n profesional sanitaria Cepovisa donde podr\u00e1s aprender de los mejores docentes y en las mejores instalaciones\" \/>\n<meta name=\"robots\" content=\"index, follow, max-snippet:-1, max-image-preview:large, max-video-preview:-1\" \/>\n<link rel=\"canonical\" href=\"https:\/\/riberasalud.com\/cepovisa\/formacion-profesional\/\" \/>\n<meta property=\"og:locale\" content=\"es_ES\" \/>\n<meta property=\"og:type\" content=\"article\" \/>\n<meta property=\"og:title\" content=\"Formaci\u00f3n profesional sanitaria - Cepovisa\" \/>\n<meta property=\"og:description\" content=\"Descubre la formaci\u00f3n profesional sanitaria Cepovisa donde podr\u00e1s aprender de los mejores docentes y en las mejores instalaciones\" \/>\n<meta property=\"og:url\" content=\"https:\/\/riberasalud.com\/cepovisa\/formacion-profesional\/\" \/>\n<meta property=\"og:site_name\" content=\"Cepovisa\" \/>\n<meta property=\"article:modified_time\" content=\"2025-05-05T09:42:37+00:00\" \/>\n<meta property=\"og:image\" content=\"https:\/\/www.riberasalud.com\/cepovisa\/wp-content\/uploads\/2024\/03\/portada-jornadas-y-congresos4.jpg\" \/>\n<meta name=\"twitter:card\" content=\"summary_large_image\" \/>\n<meta name=\"twitter:label1\" content=\"Tiempo de lectura\" \/>\n\t<meta name=\"twitter:data1\" content=\"1 minuto\" \/>\n<script type=\"application\/ld+json\" class=\"yoast-schema-graph\">{\"@context\":\"https:\/\/schema.org\",\"@graph\":[{\"@type\":\"WebPage\",\"@id\":\"https:\/\/riberasalud.com\/cepovisa\/formacion-profesional\/\",\"url\":\"https:\/\/riberasalud.com\/cepovisa\/formacion-profesional\/\",\"name\":\"Formaci\u00f3n profesional sanitaria - Cepovisa\",\"isPartOf\":{\"@id\":\"https:\/\/riberasalud.com\/cepovisa\/#website\"},\"primaryImageOfPage\":{\"@id\":\"https:\/\/riberasalud.com\/cepovisa\/formacion-profesional\/#primaryimage\"},\"image\":{\"@id\":\"https:\/\/riberasalud.com\/cepovisa\/formacion-profesional\/#primaryimage\"},\"thumbnailUrl\":\"https:\/\/www.riberasalud.com\/cepovisa\/wp-content\/uploads\/2024\/03\/portada-jornadas-y-congresos4.jpg\",\"datePublished\":\"2022-05-12T13:24:53+00:00\",\"dateModified\":\"2025-05-05T09:42:37+00:00\",\"description\":\"Descubre la formaci\u00f3n profesional sanitaria Cepovisa donde podr\u00e1s aprender de los mejores docentes y en las mejores instalaciones\",\"breadcrumb\":{\"@id\":\"https:\/\/riberasalud.com\/cepovisa\/formacion-profesional\/#breadcrumb\"},\"inLanguage\":\"es\",\"potentialAction\":[{\"@type\":\"ReadAction\",\"target\":[\"https:\/\/riberasalud.com\/cepovisa\/formacion-profesional\/\"]}]},{\"@type\":\"ImageObject\",\"inLanguage\":\"es\",\"@id\":\"https:\/\/riberasalud.com\/cepovisa\/formacion-profesional\/#primaryimage\",\"url\":\"https:\/\/www.riberasalud.com\/cepovisa\/wp-content\/uploads\/2024\/03\/portada-jornadas-y-congresos4.jpg\",\"contentUrl\":\"https:\/\/www.riberasalud.com\/cepovisa\/wp-content\/uploads\/2024\/03\/portada-jornadas-y-congresos4.jpg\"},{\"@type\":\"BreadcrumbList\",\"@id\":\"https:\/\/riberasalud.com\/cepovisa\/formacion-profesional\/#breadcrumb\",\"itemListElement\":[{\"@type\":\"ListItem\",\"position\":1,\"name\":\"Portada\",\"item\":\"https:\/\/riberasalud.com\/cepovisa\/\"},{\"@type\":\"ListItem\",\"position\":2,\"name\":\"Formaci\u00f3n profesional\"}]},{\"@type\":\"WebSite\",\"@id\":\"https:\/\/riberasalud.com\/cepovisa\/#website\",\"url\":\"https:\/\/riberasalud.com\/cepovisa\/\",\"name\":\"Cepovisa\",\"description\":\"\",\"publisher\":{\"@id\":\"https:\/\/riberasalud.com\/cepovisa\/#organization\"},\"potentialAction\":[{\"@type\":\"SearchAction\",\"target\":{\"@type\":\"EntryPoint\",\"urlTemplate\":\"https:\/\/riberasalud.com\/cepovisa\/?s={search_term_string}\"},\"query-input\":{\"@type\":\"PropertyValueSpecification\",\"valueRequired\":true,\"valueName\":\"search_term_string\"}}],\"inLanguage\":\"es\"},{\"@type\":\"Organization\",\"@id\":\"https:\/\/riberasalud.com\/cepovisa\/#organization\",\"name\":\"Cepovisa\",\"url\":\"https:\/\/riberasalud.com\/cepovisa\/\",\"logo\":{\"@type\":\"ImageObject\",\"inLanguage\":\"es\",\"@id\":\"https:\/\/riberasalud.com\/cepovisa\/#\/schema\/logo\/image\/\",\"url\":\"https:\/\/riberasalud.com\/cepovisa\/wp-content\/uploads\/2024\/08\/cropped-FORMACIONPROFESIONAL-cepivsa-logo.png\",\"contentUrl\":\"https:\/\/riberasalud.com\/cepovisa\/wp-content\/uploads\/2024\/08\/cropped-FORMACIONPROFESIONAL-cepivsa-logo.png\",\"width\":847,\"height\":94,\"caption\":\"Cepovisa\"},\"image\":{\"@id\":\"https:\/\/riberasalud.com\/cepovisa\/#\/schema\/logo\/image\/\"}}]}<\/script>\n<!-- \/ Yoast SEO plugin. -->","yoast_head_json":{"title":"Formaci\u00f3n profesional sanitaria - Cepovisa","description":"Descubre la formaci\u00f3n profesional sanitaria Cepovisa donde podr\u00e1s aprender de los mejores docentes y en las mejores instalaciones","robots":{"index":"index","follow":"follow","max-snippet":"max-snippet:-1","max-image-preview":"max-image-preview:large","max-video-preview":"max-video-preview:-1"},"canonical":"https:\/\/riberasalud.com\/cepovisa\/formacion-profesional\/","og_locale":"es_ES","og_type":"article","og_title":"Formaci\u00f3n profesional sanitaria - Cepovisa","og_description":"Descubre la formaci\u00f3n profesional sanitaria Cepovisa donde podr\u00e1s aprender de los mejores docentes y en las mejores instalaciones","og_url":"https:\/\/riberasalud.com\/cepovisa\/formacion-profesional\/","og_site_name":"Cepovisa","article_modified_time":"2025-05-05T09:42:37+00:00","og_image":[{"url":"https:\/\/www.riberasalud.com\/cepovisa\/wp-content\/uploads\/2024\/03\/portada-jornadas-y-congresos4.jpg","type":"","width":"","height":""}],"twitter_card":"summary_large_image","twitter_misc":{"Tiempo de lectura":"1 minuto"},"schema":{"@context":"https:\/\/schema.org","@graph":[{"@type":"WebPage","@id":"https:\/\/riberasalud.com\/cepovisa\/formacion-profesional\/","url":"https:\/\/riberasalud.com\/cepovisa\/formacion-profesional\/","name":"Formaci\u00f3n profesional sanitaria - Cepovisa","isPartOf":{"@id":"https:\/\/riberasalud.com\/cepovisa\/#website"},"primaryImageOfPage":{"@id":"https:\/\/riberasalud.com\/cepovisa\/formacion-profesional\/#primaryimage"},"image":{"@id":"https:\/\/riberasalud.com\/cepovisa\/formacion-profesional\/#primaryimage"},"thumbnailUrl":"https:\/\/www.riberasalud.com\/cepovisa\/wp-content\/uploads\/2024\/03\/portada-jornadas-y-congresos4.jpg","datePublished":"2022-05-12T13:24:53+00:00","dateModified":"2025-05-05T09:42:37+00:00","description":"Descubre la formaci\u00f3n profesional sanitaria Cepovisa donde podr\u00e1s aprender de los mejores docentes y en las mejores instalaciones","breadcrumb":{"@id":"https:\/\/riberasalud.com\/cepovisa\/formacion-profesional\/#breadcrumb"},"inLanguage":"es","potentialAction":[{"@type":"ReadAction","target":["https:\/\/riberasalud.com\/cepovisa\/formacion-profesional\/"]}]},{"@type":"ImageObject","inLanguage":"es","@id":"https:\/\/riberasalud.com\/cepovisa\/formacion-profesional\/#primaryimage","url":"https:\/\/www.riberasalud.com\/cepovisa\/wp-content\/uploads\/2024\/03\/portada-jornadas-y-congresos4.jpg","contentUrl":"https:\/\/www.riberasalud.com\/cepovisa\/wp-content\/uploads\/2024\/03\/portada-jornadas-y-congresos4.jpg"},{"@type":"BreadcrumbList","@id":"https:\/\/riberasalud.com\/cepovisa\/formacion-profesional\/#breadcrumb","itemListElement":[{"@type":"ListItem","position":1,"name":"Portada","item":"https:\/\/riberasalud.com\/cepovisa\/"},{"@type":"ListItem","position":2,"name":"Formaci\u00f3n profesional"}]},{"@type":"WebSite","@id":"https:\/\/riberasalud.com\/cepovisa\/#website","url":"https:\/\/riberasalud.com\/cepovisa\/","name":"Cepovisa","description":"","publisher":{"@id":"https:\/\/riberasalud.com\/cepovisa\/#organization"},"potentialAction":[{"@type":"SearchAction","target":{"@type":"EntryPoint","urlTemplate":"https:\/\/riberasalud.com\/cepovisa\/?s={search_term_string}"},"query-input":{"@type":"PropertyValueSpecification","valueRequired":true,"valueName":"search_term_string"}}],"inLanguage":"es"},{"@type":"Organization","@id":"https:\/\/riberasalud.com\/cepovisa\/#organization","name":"Cepovisa","url":"https:\/\/riberasalud.com\/cepovisa\/","logo":{"@type":"ImageObject","inLanguage":"es","@id":"https:\/\/riberasalud.com\/cepovisa\/#\/schema\/logo\/image\/","url":"https:\/\/riberasalud.com\/cepovisa\/wp-content\/uploads\/2024\/08\/cropped-FORMACIONPROFESIONAL-cepivsa-logo.png","contentUrl":"https:\/\/riberasalud.com\/cepovisa\/wp-content\/uploads\/2024\/08\/cropped-FORMACIONPROFESIONAL-cepivsa-logo.png","width":847,"height":94,"caption":"Cepovisa"},"image":{"@id":"https:\/\/riberasalud.com\/cepovisa\/#\/schema\/logo\/image\/"}}]}},"_links":{"self":[{"href":"https:\/\/riberasalud.com\/cepovisa\/wp-json\/wp\/v2\/pages\/531","targetHints":{"allow":["GET"]}}],"collection":[{"href":"https:\/\/riberasalud.com\/cepovisa\/wp-json\/wp\/v2\/pages"}],"about":[{"href":"https:\/\/riberasalud.com\/cepovisa\/wp-json\/wp\/v2\/types\/page"}],"author":[{"embeddable":true,"href":"https:\/\/riberasalud.com\/cepovisa\/wp-json\/wp\/v2\/users\/1"}],"replies":[{"embeddable":true,"href":"https:\/\/riberasalud.com\/cepovisa\/wp-json\/wp\/v2\/comments?post=531"}],"version-history":[{"count":36,"href":"https:\/\/riberasalud.com\/cepovisa\/wp-json\/wp\/v2\/pages\/531\/revisions"}],"predecessor-version":[{"id":9680,"href":"https:\/\/riberasalud.com\/cepovisa\/wp-json\/wp\/v2\/pages\/531\/revisions\/9680"}],"wp:attachment":[{"href":"https:\/\/riberasalud.com\/cepovisa\/wp-json\/wp\/v2\/media?parent=531"}],"curies":[{"name":"wp","href":"https:\/\/api.w.org\/{rel}","templated":true}]}}