{"id":5057,"date":"2022-09-09T08:33:36","date_gmt":"2022-09-09T08:33:36","guid":{"rendered":"https:\/\/riberasalud.com\/cepovisa\/?page_id=5057"},"modified":"2023-10-18T14:26:44","modified_gmt":"2023-10-18T14:26:44","slug":"politica-de-proteccion-de-datos","status":"publish","type":"page","link":"https:\/\/riberasalud.com\/cepovisa\/politica-de-proteccion-de-datos\/","title":{"rendered":"Pol\u00edtica de protecci\u00f3n de datos"},"content":{"rendered":"\n<div class=\"wp-block-group hasbackgroundnaranja sliderlinea\"><div class=\"wp-block-group__inner-container is-layout-flow wp-block-group-is-layout-flow\">\n<h1 class=\"wp-block-heading\">Pol\u00edtica de protecci\u00f3n de datos<\/h1>\n<\/div><\/div>\n\n\n\n<div class=\"wp-block-group\"><div class=\"wp-block-group__inner-container is-layout-flow wp-block-group-is-layout-flow\">\n<p>En cumplimiento del Reglamento UE 2016\/679 General de Protecci\u00f3n de Datos, (en adelante, \u201cRGPD\u201d) y la Ley Org\u00e1nica 3\/2018 de 5 de diciembre de Protecci\u00f3n de Datos Personales y garant\u00eda de los derechos digitales (en adelante \u201cLOPDGDD\u201d), por medio de la presente se informa al usuario sobre la forma en la que el Hospital Povisa, S.A. recaba y trata los datos de car\u00e1cter personal de los usuarios a trav\u00e9s de la p\u00e1gina web&nbsp; <a href=\"https:\/\/riberasalud.com\/cepovisa\/\">https:\/\/riberasalud.com\/cepovisa\/<\/a> (en adelante, el \u201cSitio web\u201d).<\/p>\n\n\n\n<p><strong>1. IDENTIFICACI\u00d3N DEL RESPONSABLE DEL TRATAMIENTO&nbsp;<\/strong><\/p>\n\n\n\n<p>El Responsable del Tratamiento de los datos personales es Hospital Povisa S.A., (en adelante, \u201cCENTRO DE ESTUDIOS POVISA o CEPOVISA\u201d) con CIF A-36.606.788 y domicilio social C\/ Salamanca, 5, 36211 Vigo, Pontevedra (Espa\u00f1a).<\/p>\n\n\n\n<p>El tel\u00e9fono de contacto es +34 986 471 755 y la direcci\u00f3n de correo electr\u00f3nico <a href=\"mailto:secretaria@cepovisa.es\">secretaria@cepovisa.es<\/a>&nbsp;<\/p>\n\n\n\n<p>Para cualquier cuesti\u00f3n relacionada con la presente pol\u00edtica de privacidad, el usuario podr\u00e1 ponerse en contacto con el delegado de protecci\u00f3n de datos del Hospital Povisa, S.A. enviando un email a <a href=\"mailto:dpd@povisa.net\">dpd@povisa.net<\/a>.&nbsp;<\/p>\n\n\n\n<p>Sin perjuicio de lo anterior, respecto al tratamiento relativo a la gesti\u00f3n del env\u00edo de newsletters, el responsable del tratamiento es RIBERA SALUD, S.A.U., con CIF A-03681186 y domicilio social en Avenida Cortes Valencianas, n\u00famero 58, Edificio Sorolla Center, 46015 Valencia (Espa\u00f1a).\u00a0<\/p>\n\n\n\n<p><strong>2. FINES DEL TRATAMIENTO DE DATOS Y BASES LEGITIMADORAS DEL TRATAMIENTO.&nbsp;<\/strong><\/p>\n\n\n\n<p>A trav\u00e9s de la p\u00e1gina web se podr\u00e1n tratar sus datos identificativos y de contacto con las siguientes finalidades y con sus respectivas bases jur\u00eddicas de dichos tratamientos:&nbsp;<\/p>\n\n\n\n<ul class=\"wp-block-list\">\n<li>Poder atender las solicitudes de contacto y enviadas a trav\u00e9s de los canales puestos a su disposici\u00f3n en el Sitio web (email, tel\u00e9fono, formulario de contacto) en base a la ejecuci\u00f3n de la relaci\u00f3n precontractual con el usuario.&nbsp;<\/li>\n<\/ul>\n\n\n\n<p>Asimismo, le informamos que Ribera Salud, S.A.U., previa obtenci\u00f3n del consentimiento por parte de los interesados, gestionar\u00e1 las suscripciones de los usuarios a la <em>newsletter\/<\/em>bolet\u00edn informativoenviando comunicaciones comerciales electr\u00f3nicas sobre los servicios.\u00a0<\/p>\n\n\n\n<p>Sin perjuicio del deber de informaci\u00f3n en el momento de la recogida de los datos, la informaci\u00f3n de contacto podr\u00e1 ser utilizada adem\u00e1s, para el env\u00edo de informaci\u00f3n a sus titulares sobre servicios y actividades del centro, realizaci\u00f3n de encuestas sobre la calidad del servicio y cualquiera otra que pueda resultar de su inter\u00e9s, incluso a trav\u00e9s de medios electr\u00f3nicos en base al inter\u00e9s leg\u00edtimo.&nbsp;<\/p>\n\n\n\n<p><strong>3. DESTINATARIOS DE LOS DATOS PERSONALES<\/strong><\/p>\n\n\n\n<p><strong>3.1.Comunicaci\u00f3n de los datos a terceros.&nbsp;<\/strong><\/p>\n\n\n\n<p>Salvo obligaci\u00f3n legal no se comunicar\u00e1n los datos personales recabados a trav\u00e9s de la web a terceros.&nbsp;<\/p>\n\n\n\n<p><strong>3.2.Encargados del tratamiento<\/strong><\/p>\n\n\n\n<p>El tratamiento de los datos de los usuarios podr\u00e1 ser realizado por prestadores de servicios id\u00f3neos, contratados por CEPOVISA. Dichos prestadores de servicios \u00fanicamente tratar\u00e1n los datos para las finalidades establecidas por CEPOVISA, entre ellas para la gesti\u00f3n del env\u00edo de las comunicaciones comerciales electr\u00f3nicas.&nbsp;<\/p>\n\n\n\n<p><strong>4. TRANSFERENCIAS INTERNACIONALES DE DATOS&nbsp;<\/strong><\/p>\n\n\n\n<p>CEPOVISA realizar\u00e1 el tratamiento de los datos del usuario integralmente en el territorio de la Uni\u00f3n Europea, por lo que no prev\u00e9 realizar ninguna transferencia internacional de datos<\/p>\n\n\n\n<p><strong>5. PLAZO DE CONSERVACI\u00d3N.&nbsp;<\/strong><\/p>\n\n\n\n<p>CEPOVISA conservar\u00e1 los datos personales de los usuarios durante el tiempo necesario para la realizaci\u00f3n de la finalidad para la cual son tratados o hasta que el interesado solicite la supresi\u00f3n de sus datos personales, y en todo caso, durante el plazo necesario para el cumplimiento de las correspondientes obligaciones legales.&nbsp;<\/p>\n\n\n\n<p>Asimismo, respecto al tratamiento relativo al env\u00edo de comunicaciones comerciales electr\u00f3nicas, los datos de los usuarios que hayan consentido la recepci\u00f3n se conservar\u00e1n hasta que el usuario solicite la baja de dicha recepci\u00f3n, siguiendo las instrucciones que encontrar\u00e1 al pie de cada correo electr\u00f3nico.&nbsp;<\/p>\n\n\n\n<p><strong>6. EJERCICIO DE DERECHOS EN MATERIA DE PROTECCI\u00d3N DE DATOS.<\/strong><\/p>\n\n\n\n<p>En cualquier momento, el usuario podr\u00e1 ejercer sus derechos de acceso, rectificaci\u00f3n, supresi\u00f3n, oposici\u00f3n, limitaci\u00f3n y portabilidad de sus datos, enviando su petici\u00f3n por escrito a la siguiente direcci\u00f3n de correo electr\u00f3nico <a href=\"mailto:dpd@povisa.net\">dpd@povisa.net<\/a>, o por correo postal a la siguiente direcci\u00f3n, C\/ Salamanca, 5, 36211 Vigo, Pontevedra (Espa\u00f1a), bajo el asunto de referencia: \u201cProtecci\u00f3n de Datos\u201d, indicando el derecho\/s que desea ejercitar.&nbsp;<\/p>\n\n\n\n<p>Asimismo, se informa al usuario que en caso de considerar que no se ha satisfecho el ejercicio de sus derechos, podr\u00e1 ponerse en contacto con el delegado de protecci\u00f3n de datos de CEPOVISA enviando su petici\u00f3n a la direcci\u00f3n de correo electr\u00f3nico <a href=\"mailto:dpd@povisa.net\">dpd@povisa.net<\/a> o presentar una reclamaci\u00f3n ante la Agencia Espa\u00f1ola de Protecci\u00f3n de Datos. M\u00e1s informaci\u00f3n en <a href=\"http:\/\/www.aepd.es\">www.aepd.es<\/a>.&nbsp;<\/p>\n\n\n\n<p><strong>\u00daltima actualizaci\u00f3n: octubre&nbsp; 2022<\/strong><\/p>\n<\/div><\/div>\n","protected":false},"excerpt":{"rendered":"<p>Pol\u00edtica de protecci\u00f3n de datos En cumplimiento del Reglamento UE 2016\/679 General de Protecci\u00f3n de Datos, (en adelante, \u201cRGPD\u201d) y la Ley Org\u00e1nica 3\/2018 de 5 de diciembre de Protecci\u00f3n de Datos Personales y garant\u00eda de los derechos digitales (en adelante \u201cLOPDGDD\u201d), por medio de la presente se informa al usuario sobre la forma en &#8230; <a title=\"Pol\u00edtica de protecci\u00f3n de datos\" class=\"read-more\" href=\"https:\/\/riberasalud.com\/cepovisa\/politica-de-proteccion-de-datos\/\" aria-label=\"Leer m\u00e1s sobre Pol\u00edtica de protecci\u00f3n de datos\">Leer m\u00e1s<\/a><\/p>\n","protected":false},"author":1,"featured_media":0,"parent":0,"menu_order":0,"comment_status":"closed","ping_status":"closed","template":"","meta":{"_mi_skip_tracking":false,"footnotes":""},"class_list":["post-5057","page","type-page","status-publish"],"yoast_head":"<!-- This site is optimized with the Yoast SEO plugin v26.6 - https:\/\/yoast.com\/wordpress\/plugins\/seo\/ -->\n<title>Pol\u00edtica de protecci\u00f3n de datos - Cepovisa<\/title>\n<meta name=\"description\" content=\"Pol\u00edtica de protecci\u00f3n de datos En cumplimiento del Reglamento UE 2016\/679 General de Protecci\u00f3n de Datos, (en adelante, \u201cRGPD\u201d) y la Ley Org\u00e1nica 3\/2018\" \/>\n<meta name=\"robots\" content=\"noindex, follow\" \/>\n<meta property=\"og:locale\" content=\"es_ES\" \/>\n<meta property=\"og:type\" content=\"article\" \/>\n<meta property=\"og:title\" content=\"Pol\u00edtica de protecci\u00f3n de datos - Cepovisa\" \/>\n<meta property=\"og:description\" content=\"Pol\u00edtica de protecci\u00f3n de datos En cumplimiento del Reglamento UE 2016\/679 General de Protecci\u00f3n de Datos, (en adelante, \u201cRGPD\u201d) y la Ley Org\u00e1nica 3\/2018\" \/>\n<meta property=\"og:url\" content=\"https:\/\/riberasalud.com\/cepovisa\/politica-de-proteccion-de-datos\/\" \/>\n<meta property=\"og:site_name\" content=\"Cepovisa\" \/>\n<meta property=\"article:modified_time\" content=\"2023-10-18T14:26:44+00:00\" \/>\n<meta name=\"twitter:card\" content=\"summary_large_image\" \/>\n<meta name=\"twitter:label1\" content=\"Tiempo de lectura\" \/>\n\t<meta name=\"twitter:data1\" content=\"4 minutos\" \/>\n<script type=\"application\/ld+json\" class=\"yoast-schema-graph\">{\"@context\":\"https:\/\/schema.org\",\"@graph\":[{\"@type\":\"WebPage\",\"@id\":\"https:\/\/riberasalud.com\/cepovisa\/politica-de-proteccion-de-datos\/\",\"url\":\"https:\/\/riberasalud.com\/cepovisa\/politica-de-proteccion-de-datos\/\",\"name\":\"Pol\u00edtica de protecci\u00f3n de datos - Cepovisa\",\"isPartOf\":{\"@id\":\"https:\/\/riberasalud.com\/cepovisa\/#website\"},\"datePublished\":\"2022-09-09T08:33:36+00:00\",\"dateModified\":\"2023-10-18T14:26:44+00:00\",\"description\":\"Pol\u00edtica de protecci\u00f3n de datos En cumplimiento del Reglamento UE 2016\/679 General de Protecci\u00f3n de Datos, (en adelante, \u201cRGPD\u201d) y la Ley Org\u00e1nica 3\/2018\",\"breadcrumb\":{\"@id\":\"https:\/\/riberasalud.com\/cepovisa\/politica-de-proteccion-de-datos\/#breadcrumb\"},\"inLanguage\":\"es\",\"potentialAction\":[{\"@type\":\"ReadAction\",\"target\":[\"https:\/\/riberasalud.com\/cepovisa\/politica-de-proteccion-de-datos\/\"]}]},{\"@type\":\"BreadcrumbList\",\"@id\":\"https:\/\/riberasalud.com\/cepovisa\/politica-de-proteccion-de-datos\/#breadcrumb\",\"itemListElement\":[{\"@type\":\"ListItem\",\"position\":1,\"name\":\"Portada\",\"item\":\"https:\/\/riberasalud.com\/cepovisa\/\"},{\"@type\":\"ListItem\",\"position\":2,\"name\":\"Pol\u00edtica de protecci\u00f3n de datos\"}]},{\"@type\":\"WebSite\",\"@id\":\"https:\/\/riberasalud.com\/cepovisa\/#website\",\"url\":\"https:\/\/riberasalud.com\/cepovisa\/\",\"name\":\"Cepovisa\",\"description\":\"\",\"publisher\":{\"@id\":\"https:\/\/riberasalud.com\/cepovisa\/#organization\"},\"potentialAction\":[{\"@type\":\"SearchAction\",\"target\":{\"@type\":\"EntryPoint\",\"urlTemplate\":\"https:\/\/riberasalud.com\/cepovisa\/?s={search_term_string}\"},\"query-input\":{\"@type\":\"PropertyValueSpecification\",\"valueRequired\":true,\"valueName\":\"search_term_string\"}}],\"inLanguage\":\"es\"},{\"@type\":\"Organization\",\"@id\":\"https:\/\/riberasalud.com\/cepovisa\/#organization\",\"name\":\"Cepovisa\",\"url\":\"https:\/\/riberasalud.com\/cepovisa\/\",\"logo\":{\"@type\":\"ImageObject\",\"inLanguage\":\"es\",\"@id\":\"https:\/\/riberasalud.com\/cepovisa\/#\/schema\/logo\/image\/\",\"url\":\"https:\/\/riberasalud.com\/cepovisa\/wp-content\/uploads\/2024\/08\/cropped-FORMACIONPROFESIONAL-cepivsa-logo.png\",\"contentUrl\":\"https:\/\/riberasalud.com\/cepovisa\/wp-content\/uploads\/2024\/08\/cropped-FORMACIONPROFESIONAL-cepivsa-logo.png\",\"width\":847,\"height\":94,\"caption\":\"Cepovisa\"},\"image\":{\"@id\":\"https:\/\/riberasalud.com\/cepovisa\/#\/schema\/logo\/image\/\"}}]}<\/script>\n<!-- \/ Yoast SEO plugin. -->","yoast_head_json":{"title":"Pol\u00edtica de protecci\u00f3n de datos - Cepovisa","description":"Pol\u00edtica de protecci\u00f3n de datos En cumplimiento del Reglamento UE 2016\/679 General de Protecci\u00f3n de Datos, (en adelante, \u201cRGPD\u201d) y la Ley Org\u00e1nica 3\/2018","robots":{"index":"noindex","follow":"follow"},"og_locale":"es_ES","og_type":"article","og_title":"Pol\u00edtica de protecci\u00f3n de datos - Cepovisa","og_description":"Pol\u00edtica de protecci\u00f3n de datos En cumplimiento del Reglamento UE 2016\/679 General de Protecci\u00f3n de Datos, (en adelante, \u201cRGPD\u201d) y la Ley Org\u00e1nica 3\/2018","og_url":"https:\/\/riberasalud.com\/cepovisa\/politica-de-proteccion-de-datos\/","og_site_name":"Cepovisa","article_modified_time":"2023-10-18T14:26:44+00:00","twitter_card":"summary_large_image","twitter_misc":{"Tiempo de lectura":"4 minutos"},"schema":{"@context":"https:\/\/schema.org","@graph":[{"@type":"WebPage","@id":"https:\/\/riberasalud.com\/cepovisa\/politica-de-proteccion-de-datos\/","url":"https:\/\/riberasalud.com\/cepovisa\/politica-de-proteccion-de-datos\/","name":"Pol\u00edtica de protecci\u00f3n de datos - Cepovisa","isPartOf":{"@id":"https:\/\/riberasalud.com\/cepovisa\/#website"},"datePublished":"2022-09-09T08:33:36+00:00","dateModified":"2023-10-18T14:26:44+00:00","description":"Pol\u00edtica de protecci\u00f3n de datos En cumplimiento del Reglamento UE 2016\/679 General de Protecci\u00f3n de Datos, (en adelante, \u201cRGPD\u201d) y la Ley Org\u00e1nica 3\/2018","breadcrumb":{"@id":"https:\/\/riberasalud.com\/cepovisa\/politica-de-proteccion-de-datos\/#breadcrumb"},"inLanguage":"es","potentialAction":[{"@type":"ReadAction","target":["https:\/\/riberasalud.com\/cepovisa\/politica-de-proteccion-de-datos\/"]}]},{"@type":"BreadcrumbList","@id":"https:\/\/riberasalud.com\/cepovisa\/politica-de-proteccion-de-datos\/#breadcrumb","itemListElement":[{"@type":"ListItem","position":1,"name":"Portada","item":"https:\/\/riberasalud.com\/cepovisa\/"},{"@type":"ListItem","position":2,"name":"Pol\u00edtica de protecci\u00f3n de datos"}]},{"@type":"WebSite","@id":"https:\/\/riberasalud.com\/cepovisa\/#website","url":"https:\/\/riberasalud.com\/cepovisa\/","name":"Cepovisa","description":"","publisher":{"@id":"https:\/\/riberasalud.com\/cepovisa\/#organization"},"potentialAction":[{"@type":"SearchAction","target":{"@type":"EntryPoint","urlTemplate":"https:\/\/riberasalud.com\/cepovisa\/?s={search_term_string}"},"query-input":{"@type":"PropertyValueSpecification","valueRequired":true,"valueName":"search_term_string"}}],"inLanguage":"es"},{"@type":"Organization","@id":"https:\/\/riberasalud.com\/cepovisa\/#organization","name":"Cepovisa","url":"https:\/\/riberasalud.com\/cepovisa\/","logo":{"@type":"ImageObject","inLanguage":"es","@id":"https:\/\/riberasalud.com\/cepovisa\/#\/schema\/logo\/image\/","url":"https:\/\/riberasalud.com\/cepovisa\/wp-content\/uploads\/2024\/08\/cropped-FORMACIONPROFESIONAL-cepivsa-logo.png","contentUrl":"https:\/\/riberasalud.com\/cepovisa\/wp-content\/uploads\/2024\/08\/cropped-FORMACIONPROFESIONAL-cepivsa-logo.png","width":847,"height":94,"caption":"Cepovisa"},"image":{"@id":"https:\/\/riberasalud.com\/cepovisa\/#\/schema\/logo\/image\/"}}]}},"_links":{"self":[{"href":"https:\/\/riberasalud.com\/cepovisa\/wp-json\/wp\/v2\/pages\/5057","targetHints":{"allow":["GET"]}}],"collection":[{"href":"https:\/\/riberasalud.com\/cepovisa\/wp-json\/wp\/v2\/pages"}],"about":[{"href":"https:\/\/riberasalud.com\/cepovisa\/wp-json\/wp\/v2\/types\/page"}],"author":[{"embeddable":true,"href":"https:\/\/riberasalud.com\/cepovisa\/wp-json\/wp\/v2\/users\/1"}],"replies":[{"embeddable":true,"href":"https:\/\/riberasalud.com\/cepovisa\/wp-json\/wp\/v2\/comments?post=5057"}],"version-history":[{"count":3,"href":"https:\/\/riberasalud.com\/cepovisa\/wp-json\/wp\/v2\/pages\/5057\/revisions"}],"predecessor-version":[{"id":5692,"href":"https:\/\/riberasalud.com\/cepovisa\/wp-json\/wp\/v2\/pages\/5057\/revisions\/5692"}],"wp:attachment":[{"href":"https:\/\/riberasalud.com\/cepovisa\/wp-json\/wp\/v2\/media?parent=5057"}],"curies":[{"name":"wp","href":"https:\/\/api.w.org\/{rel}","templated":true}]}}