{"id":487,"date":"2022-05-12T12:52:25","date_gmt":"2022-05-12T12:52:25","guid":{"rendered":"https:\/\/riberasalud.com\/cepovisa\/?page_id=487"},"modified":"2025-08-11T11:58:37","modified_gmt":"2025-08-11T11:58:37","slug":"docencia","status":"publish","type":"page","link":"https:\/\/riberasalud.com\/cepovisa\/escuela-universitaria\/docencia\/","title":{"rendered":"Docencia"},"content":{"rendered":"\n<div class=\"wp-block-group bannersolotexto\"><div class=\"wp-block-group__inner-container is-layout-flow wp-block-group-is-layout-flow\">\n<h1 class=\"wp-block-heading\">Docencia<\/h1>\n\n\n\n<p>Conoce nuestra oferta formativa<\/p>\n<\/div><\/div>\n\n\n\n<div class=\"wp-block-group\"><div class=\"wp-block-group__inner-container is-layout-flow wp-block-group-is-layout-flow\">\n<figure class=\"wp-block-image size-full is-resized fotoredonda\"><img loading=\"lazy\" decoding=\"async\" width=\"1024\" height=\"298\" src=\"https:\/\/www.riberasalud.com\/cepovisa\/wp-content\/uploads\/2023\/09\/docencia-oferta-formativa-banner.jpg\" alt=\"\" class=\"wp-image-5658\" style=\"object-fit:cover;width:1920px;height:320px\" srcset=\"https:\/\/riberasalud.com\/cepovisa\/wp-content\/uploads\/2023\/09\/docencia-oferta-formativa-banner.jpg 1024w, https:\/\/riberasalud.com\/cepovisa\/wp-content\/uploads\/2023\/09\/docencia-oferta-formativa-banner-300x87.jpg 300w, https:\/\/riberasalud.com\/cepovisa\/wp-content\/uploads\/2023\/09\/docencia-oferta-formativa-banner-768x224.jpg 768w\" sizes=\"auto, (max-width: 1024px) 100vw, 1024px\" \/><\/figure>\n\n\n\n<div style=\"height:30px\" aria-hidden=\"true\" class=\"wp-block-spacer\"><\/div>\n\n\n\n<div class=\"wp-block-buttons modulobotones is-content-justification-center is-layout-flex wp-container-core-buttons-is-layout-16018d1d wp-block-buttons-is-layout-flex\">\n<div class=\"wp-block-button\"><a class=\"wp-block-button__link wp-element-button\" href=\"https:\/\/riberasalud.com\/cepovisa\/escuela-universitaria\/grado-en-enfermeria\/\">Grado en Enfermer\u00eda<\/a><\/div>\n\n\n\n<div class=\"wp-block-button\"><a class=\"wp-block-button__link wp-element-button\" href=\"https:\/\/riberasalud.com\/cepovisa\/escuela-universitaria\/docencia\/calendario-academico\/\">Calendario acad\u00e9mico<\/a><\/div>\n\n\n\n<div class=\"wp-block-button\"><a class=\"wp-block-button__link wp-element-button\" href=\"https:\/\/riberasalud.com\/cepovisa\/escuela-universitaria\/docencia\/profesorado\/\">Profesorado<\/a><\/div>\n\n\n\n<div class=\"wp-block-button\"><a class=\"wp-block-button__link wp-element-button\" href=\"https:\/\/riberasalud.com\/cepovisa\/escuela-universitaria\/docencia\/guias-docentes\/\">Gu\u00edas docentes<\/a><\/div>\n\n\n\n<div class=\"wp-block-button\"><a class=\"wp-block-button__link wp-element-button\" href=\"https:\/\/riberasalud.com\/cepovisa\/escuela-universitaria\/docencia\/horarios\/\">Horarios<\/a><\/div>\n\n\n\n<div class=\"wp-block-button\"><a class=\"wp-block-button__link wp-element-button\" href=\"https:\/\/riberasalud.com\/cepovisa\/escuela-universitaria\/docencia\/examenes\/\">Ex\u00e1menes<\/a><\/div>\n\n\n\n<div class=\"wp-block-button\"><a class=\"wp-block-button__link wp-element-button\" href=\"https:\/\/riberasalud.com\/cepovisa\/escuela-universitaria\/docencia\/tfg\/\">TFG<\/a><\/div>\n<\/div>\n\n\n\n<div style=\"height:30px\" aria-hidden=\"true\" class=\"wp-block-spacer\"><\/div>\n\n\n\n<h2 class=\"wp-block-heading\">Inicio de las clases<\/h2>\n\n\n\n<p>La actividad acad\u00e9mica se inicia el d\u00eda 08\/09\/2025 para todos los cursos, seg\u00fan el horario establecido.<\/p>\n<\/div><\/div>\n\n\n\n<p><\/p>\n","protected":false},"excerpt":{"rendered":"<p>Docencia Conoce nuestra oferta formativa Inicio de las clases La actividad acad\u00e9mica se inicia el d\u00eda 08\/09\/2025 para todos los cursos, seg\u00fan el horario establecido.<\/p>\n","protected":false},"author":1,"featured_media":0,"parent":665,"menu_order":0,"comment_status":"closed","ping_status":"closed","template":"","meta":{"_mi_skip_tracking":false,"footnotes":""},"class_list":["post-487","page","type-page","status-publish"],"yoast_head":"<!-- This site is optimized with the Yoast SEO plugin v26.6 - https:\/\/yoast.com\/wordpress\/plugins\/seo\/ -->\n<title>Docencia - Cepovisa<\/title>\n<meta name=\"description\" content=\"Docencia Conoce nuestra oferta formativa Grado en Enfermer\u00eda Calendario acad\u00e9mico Profesorado Gu\u00edas docentes Horarios Ex\u00e1menes TFG Inicio de las clases La\" \/>\n<meta name=\"robots\" content=\"index, follow, max-snippet:-1, max-image-preview:large, max-video-preview:-1\" \/>\n<link rel=\"canonical\" href=\"https:\/\/riberasalud.com\/cepovisa\/escuela-universitaria\/docencia\/\" \/>\n<meta property=\"og:locale\" content=\"es_ES\" \/>\n<meta property=\"og:type\" content=\"article\" \/>\n<meta property=\"og:title\" content=\"Docencia - Cepovisa\" \/>\n<meta property=\"og:description\" content=\"Docencia Conoce nuestra oferta formativa Grado en Enfermer\u00eda Calendario acad\u00e9mico Profesorado Gu\u00edas docentes Horarios Ex\u00e1menes TFG Inicio de las clases La\" \/>\n<meta property=\"og:url\" content=\"https:\/\/riberasalud.com\/cepovisa\/escuela-universitaria\/docencia\/\" \/>\n<meta property=\"og:site_name\" content=\"Cepovisa\" \/>\n<meta property=\"article:modified_time\" content=\"2025-08-11T11:58:37+00:00\" \/>\n<meta property=\"og:image\" content=\"https:\/\/www.riberasalud.com\/cepovisa\/wp-content\/uploads\/2023\/09\/docencia-oferta-formativa-banner.jpg\" \/>\n<meta name=\"twitter:card\" content=\"summary_large_image\" \/>\n<meta name=\"twitter:label1\" content=\"Tiempo de lectura\" \/>\n\t<meta name=\"twitter:data1\" content=\"1 minuto\" \/>\n<script type=\"application\/ld+json\" class=\"yoast-schema-graph\">{\"@context\":\"https:\/\/schema.org\",\"@graph\":[{\"@type\":\"WebPage\",\"@id\":\"https:\/\/riberasalud.com\/cepovisa\/escuela-universitaria\/docencia\/\",\"url\":\"https:\/\/riberasalud.com\/cepovisa\/escuela-universitaria\/docencia\/\",\"name\":\"Docencia - Cepovisa\",\"isPartOf\":{\"@id\":\"https:\/\/riberasalud.com\/cepovisa\/#website\"},\"primaryImageOfPage\":{\"@id\":\"https:\/\/riberasalud.com\/cepovisa\/escuela-universitaria\/docencia\/#primaryimage\"},\"image\":{\"@id\":\"https:\/\/riberasalud.com\/cepovisa\/escuela-universitaria\/docencia\/#primaryimage\"},\"thumbnailUrl\":\"https:\/\/www.riberasalud.com\/cepovisa\/wp-content\/uploads\/2023\/09\/docencia-oferta-formativa-banner.jpg\",\"datePublished\":\"2022-05-12T12:52:25+00:00\",\"dateModified\":\"2025-08-11T11:58:37+00:00\",\"description\":\"Docencia Conoce nuestra oferta formativa Grado en Enfermer\u00eda Calendario acad\u00e9mico Profesorado Gu\u00edas docentes Horarios Ex\u00e1menes TFG Inicio de las clases La\",\"breadcrumb\":{\"@id\":\"https:\/\/riberasalud.com\/cepovisa\/escuela-universitaria\/docencia\/#breadcrumb\"},\"inLanguage\":\"es\",\"potentialAction\":[{\"@type\":\"ReadAction\",\"target\":[\"https:\/\/riberasalud.com\/cepovisa\/escuela-universitaria\/docencia\/\"]}]},{\"@type\":\"ImageObject\",\"inLanguage\":\"es\",\"@id\":\"https:\/\/riberasalud.com\/cepovisa\/escuela-universitaria\/docencia\/#primaryimage\",\"url\":\"https:\/\/www.riberasalud.com\/cepovisa\/wp-content\/uploads\/2023\/09\/docencia-oferta-formativa-banner.jpg\",\"contentUrl\":\"https:\/\/www.riberasalud.com\/cepovisa\/wp-content\/uploads\/2023\/09\/docencia-oferta-formativa-banner.jpg\"},{\"@type\":\"BreadcrumbList\",\"@id\":\"https:\/\/riberasalud.com\/cepovisa\/escuela-universitaria\/docencia\/#breadcrumb\",\"itemListElement\":[{\"@type\":\"ListItem\",\"position\":1,\"name\":\"Portada\",\"item\":\"https:\/\/riberasalud.com\/cepovisa\/\"},{\"@type\":\"ListItem\",\"position\":2,\"name\":\"Escuela Universitaria de enfermer\u00eda\",\"item\":\"https:\/\/riberasalud.com\/cepovisa\/escuela-universitaria\/\"},{\"@type\":\"ListItem\",\"position\":3,\"name\":\"Docencia\"}]},{\"@type\":\"WebSite\",\"@id\":\"https:\/\/riberasalud.com\/cepovisa\/#website\",\"url\":\"https:\/\/riberasalud.com\/cepovisa\/\",\"name\":\"Cepovisa\",\"description\":\"\",\"publisher\":{\"@id\":\"https:\/\/riberasalud.com\/cepovisa\/#organization\"},\"potentialAction\":[{\"@type\":\"SearchAction\",\"target\":{\"@type\":\"EntryPoint\",\"urlTemplate\":\"https:\/\/riberasalud.com\/cepovisa\/?s={search_term_string}\"},\"query-input\":{\"@type\":\"PropertyValueSpecification\",\"valueRequired\":true,\"valueName\":\"search_term_string\"}}],\"inLanguage\":\"es\"},{\"@type\":\"Organization\",\"@id\":\"https:\/\/riberasalud.com\/cepovisa\/#organization\",\"name\":\"Cepovisa\",\"url\":\"https:\/\/riberasalud.com\/cepovisa\/\",\"logo\":{\"@type\":\"ImageObject\",\"inLanguage\":\"es\",\"@id\":\"https:\/\/riberasalud.com\/cepovisa\/#\/schema\/logo\/image\/\",\"url\":\"https:\/\/riberasalud.com\/cepovisa\/wp-content\/uploads\/2024\/08\/cropped-FORMACIONPROFESIONAL-cepivsa-logo.png\",\"contentUrl\":\"https:\/\/riberasalud.com\/cepovisa\/wp-content\/uploads\/2024\/08\/cropped-FORMACIONPROFESIONAL-cepivsa-logo.png\",\"width\":847,\"height\":94,\"caption\":\"Cepovisa\"},\"image\":{\"@id\":\"https:\/\/riberasalud.com\/cepovisa\/#\/schema\/logo\/image\/\"}}]}<\/script>\n<!-- \/ Yoast SEO plugin. -->","yoast_head_json":{"title":"Docencia - Cepovisa","description":"Docencia Conoce nuestra oferta formativa Grado en Enfermer\u00eda Calendario acad\u00e9mico Profesorado Gu\u00edas docentes Horarios Ex\u00e1menes TFG Inicio de las clases La","robots":{"index":"index","follow":"follow","max-snippet":"max-snippet:-1","max-image-preview":"max-image-preview:large","max-video-preview":"max-video-preview:-1"},"canonical":"https:\/\/riberasalud.com\/cepovisa\/escuela-universitaria\/docencia\/","og_locale":"es_ES","og_type":"article","og_title":"Docencia - Cepovisa","og_description":"Docencia Conoce nuestra oferta formativa Grado en Enfermer\u00eda Calendario acad\u00e9mico Profesorado Gu\u00edas docentes Horarios Ex\u00e1menes TFG Inicio de las clases La","og_url":"https:\/\/riberasalud.com\/cepovisa\/escuela-universitaria\/docencia\/","og_site_name":"Cepovisa","article_modified_time":"2025-08-11T11:58:37+00:00","og_image":[{"url":"https:\/\/www.riberasalud.com\/cepovisa\/wp-content\/uploads\/2023\/09\/docencia-oferta-formativa-banner.jpg","type":"","width":"","height":""}],"twitter_card":"summary_large_image","twitter_misc":{"Tiempo de lectura":"1 minuto"},"schema":{"@context":"https:\/\/schema.org","@graph":[{"@type":"WebPage","@id":"https:\/\/riberasalud.com\/cepovisa\/escuela-universitaria\/docencia\/","url":"https:\/\/riberasalud.com\/cepovisa\/escuela-universitaria\/docencia\/","name":"Docencia - Cepovisa","isPartOf":{"@id":"https:\/\/riberasalud.com\/cepovisa\/#website"},"primaryImageOfPage":{"@id":"https:\/\/riberasalud.com\/cepovisa\/escuela-universitaria\/docencia\/#primaryimage"},"image":{"@id":"https:\/\/riberasalud.com\/cepovisa\/escuela-universitaria\/docencia\/#primaryimage"},"thumbnailUrl":"https:\/\/www.riberasalud.com\/cepovisa\/wp-content\/uploads\/2023\/09\/docencia-oferta-formativa-banner.jpg","datePublished":"2022-05-12T12:52:25+00:00","dateModified":"2025-08-11T11:58:37+00:00","description":"Docencia Conoce nuestra oferta formativa Grado en Enfermer\u00eda Calendario acad\u00e9mico Profesorado Gu\u00edas docentes Horarios Ex\u00e1menes TFG Inicio de las clases La","breadcrumb":{"@id":"https:\/\/riberasalud.com\/cepovisa\/escuela-universitaria\/docencia\/#breadcrumb"},"inLanguage":"es","potentialAction":[{"@type":"ReadAction","target":["https:\/\/riberasalud.com\/cepovisa\/escuela-universitaria\/docencia\/"]}]},{"@type":"ImageObject","inLanguage":"es","@id":"https:\/\/riberasalud.com\/cepovisa\/escuela-universitaria\/docencia\/#primaryimage","url":"https:\/\/www.riberasalud.com\/cepovisa\/wp-content\/uploads\/2023\/09\/docencia-oferta-formativa-banner.jpg","contentUrl":"https:\/\/www.riberasalud.com\/cepovisa\/wp-content\/uploads\/2023\/09\/docencia-oferta-formativa-banner.jpg"},{"@type":"BreadcrumbList","@id":"https:\/\/riberasalud.com\/cepovisa\/escuela-universitaria\/docencia\/#breadcrumb","itemListElement":[{"@type":"ListItem","position":1,"name":"Portada","item":"https:\/\/riberasalud.com\/cepovisa\/"},{"@type":"ListItem","position":2,"name":"Escuela Universitaria de enfermer\u00eda","item":"https:\/\/riberasalud.com\/cepovisa\/escuela-universitaria\/"},{"@type":"ListItem","position":3,"name":"Docencia"}]},{"@type":"WebSite","@id":"https:\/\/riberasalud.com\/cepovisa\/#website","url":"https:\/\/riberasalud.com\/cepovisa\/","name":"Cepovisa","description":"","publisher":{"@id":"https:\/\/riberasalud.com\/cepovisa\/#organization"},"potentialAction":[{"@type":"SearchAction","target":{"@type":"EntryPoint","urlTemplate":"https:\/\/riberasalud.com\/cepovisa\/?s={search_term_string}"},"query-input":{"@type":"PropertyValueSpecification","valueRequired":true,"valueName":"search_term_string"}}],"inLanguage":"es"},{"@type":"Organization","@id":"https:\/\/riberasalud.com\/cepovisa\/#organization","name":"Cepovisa","url":"https:\/\/riberasalud.com\/cepovisa\/","logo":{"@type":"ImageObject","inLanguage":"es","@id":"https:\/\/riberasalud.com\/cepovisa\/#\/schema\/logo\/image\/","url":"https:\/\/riberasalud.com\/cepovisa\/wp-content\/uploads\/2024\/08\/cropped-FORMACIONPROFESIONAL-cepivsa-logo.png","contentUrl":"https:\/\/riberasalud.com\/cepovisa\/wp-content\/uploads\/2024\/08\/cropped-FORMACIONPROFESIONAL-cepivsa-logo.png","width":847,"height":94,"caption":"Cepovisa"},"image":{"@id":"https:\/\/riberasalud.com\/cepovisa\/#\/schema\/logo\/image\/"}}]}},"_links":{"self":[{"href":"https:\/\/riberasalud.com\/cepovisa\/wp-json\/wp\/v2\/pages\/487","targetHints":{"allow":["GET"]}}],"collection":[{"href":"https:\/\/riberasalud.com\/cepovisa\/wp-json\/wp\/v2\/pages"}],"about":[{"href":"https:\/\/riberasalud.com\/cepovisa\/wp-json\/wp\/v2\/types\/page"}],"author":[{"embeddable":true,"href":"https:\/\/riberasalud.com\/cepovisa\/wp-json\/wp\/v2\/users\/1"}],"replies":[{"embeddable":true,"href":"https:\/\/riberasalud.com\/cepovisa\/wp-json\/wp\/v2\/comments?post=487"}],"version-history":[{"count":35,"href":"https:\/\/riberasalud.com\/cepovisa\/wp-json\/wp\/v2\/pages\/487\/revisions"}],"predecessor-version":[{"id":9957,"href":"https:\/\/riberasalud.com\/cepovisa\/wp-json\/wp\/v2\/pages\/487\/revisions\/9957"}],"up":[{"embeddable":true,"href":"https:\/\/riberasalud.com\/cepovisa\/wp-json\/wp\/v2\/pages\/665"}],"wp:attachment":[{"href":"https:\/\/riberasalud.com\/cepovisa\/wp-json\/wp\/v2\/media?parent=487"}],"curies":[{"name":"wp","href":"https:\/\/api.w.org\/{rel}","templated":true}]}}