{"id":4826,"date":"2022-07-14T07:23:15","date_gmt":"2022-07-14T07:23:15","guid":{"rendered":"https:\/\/riberasalud.com\/cepovisa\/?page_id=4826"},"modified":"2022-07-18T10:29:16","modified_gmt":"2022-07-18T10:29:16","slug":"normativa-cursos","status":"publish","type":"page","link":"https:\/\/riberasalud.com\/cepovisa\/formacion-profesional\/normativa-cursos\/","title":{"rendered":"Normativa"},"content":{"rendered":"\n<div class=\"wp-block-group bannersolotexto\"><div class=\"wp-block-group__inner-container is-layout-flow wp-block-group-is-layout-flow\">\n<h1 class=\"wp-block-heading\">Normativa<\/h1>\n\n\n\n<p>Normativas por las que se rige el centro<\/p>\n<\/div><\/div>\n\n\n\n<div class=\"wp-block-group\"><div class=\"wp-block-group__inner-container is-layout-flow wp-block-group-is-layout-flow\">\n<figure class=\"wp-block-image size-large is-resized fotoredonda\"><img loading=\"lazy\" decoding=\"async\" src=\"https:\/\/riberasalud.com\/cepovisa\/wp-content\/uploads\/2022\/07\/Nuevo-proyecto4-1024x224.png\" alt=\"\" class=\"wp-image-4956\" width=\"1920\" height=\"420\" srcset=\"https:\/\/riberasalud.com\/cepovisa\/wp-content\/uploads\/2022\/07\/Nuevo-proyecto4-1024x224.png 1024w, https:\/\/riberasalud.com\/cepovisa\/wp-content\/uploads\/2022\/07\/Nuevo-proyecto4-300x66.png 300w, https:\/\/riberasalud.com\/cepovisa\/wp-content\/uploads\/2022\/07\/Nuevo-proyecto4-768x168.png 768w, https:\/\/riberasalud.com\/cepovisa\/wp-content\/uploads\/2022\/07\/Nuevo-proyecto4-1536x336.png 1536w, https:\/\/riberasalud.com\/cepovisa\/wp-content\/uploads\/2022\/07\/Nuevo-proyecto4.png 1920w\" sizes=\"auto, (max-width: 1920px) 100vw, 1920px\" \/><\/figure>\n\n\n\n<h2 class=\"wp-block-heading\"><strong>Normativa auton\u00f3mica<\/strong><\/h2>\n\n\n\n<p>No men\u00fa lateral esquerdo ord\u00e9nase por tem\u00e1tica, a normativa auton\u00f3mica relacionada coas ensinanzas de formaci\u00f3n profesional.<\/p>\n\n\n\n<h2 class=\"wp-block-heading\"><strong><strong>Normativa estatal<\/strong><\/strong><\/h2>\n\n\n\n<h3 class=\"wp-block-heading\"><strong><strong><strong>Leis org\u00e1nicas<\/strong><\/strong><\/strong><\/h3>\n\n\n\n<figure class=\"wp-block-table\"><table><tbody><tr><td><a href=\"https:\/\/www.boe.es\/boe\/dias\/2022\/04\/01\/pdfs\/BOE-A-2022-5139.pdf\">Lei Org\u00e1nica 3\/2022, do 31 de marzo, de ordenaci\u00f3n e integraci\u00f3n da Formaci\u00f3n Profesional<\/a><\/td><td><a href=\"https:\/\/www.boe.es\/boe\/dias\/2022\/04\/01\/pdfs\/BOE-A-2022-5139.pdf\" target=\"_blank\" rel=\"noreferrer noopener\"><\/a><\/td><\/tr><tr><td><a href=\"https:\/\/www.boe.es\/buscar\/act.php?id=BOE-A-2006-7899\">Lei Org\u00e1nica 2\/2006, do 3 de maio, de educaci\u00f3n<\/a><\/td><td><a href=\"https:\/\/www.boe.es\/buscar\/act.php?id=BOE-A-2006-7899\" target=\"_blank\" rel=\"noreferrer noopener\"><\/a><\/td><\/tr><tr><td><a href=\"https:\/\/www.boe.es\/buscar\/act.php?id=BOE-A-2020-17264\">Lei Org\u00e1nica 3\/2020, do 29 de decembro, pola que se modifica a Lei org\u00e1nica 2\/2006, do 3 de maio, de Educaci\u00f3n<\/a><\/td><td><a href=\"https:\/\/www.boe.es\/buscar\/act.php?id=BOE-A-2020-17264\" target=\"_blank\" rel=\"noreferrer noopener\"><\/a><\/td><\/tr><tr><td><a href=\"https:\/\/www.boe.es\/buscar\/act.php?id=BOE-A-2011-4551\">Lei Org\u00e1nica 4\/2011, do 11 de marzo, complementaria da Lei de econom\u00eda sustentable, pola que se modifican as leis org\u00e1nicas 5\/2002, do 19 de xu\u00f1o, das cualificaci\u00f3ns e da formaci\u00f3n profesional, 2\/2006, do 3 de maio, de educaci\u00f3n, e 6\/1985, do 1 de xullo, do poder xudicial<\/a><\/td><td><a href=\"https:\/\/www.boe.es\/buscar\/act.php?id=BOE-A-2011-4551\" target=\"_blank\" rel=\"noreferrer noopener\"><\/a><\/td><\/tr><tr><td><a href=\"https:\/\/www.boe.es\/buscar\/act.php?%20id=BOE-A-2011-4117\">Lei 2\/2011, do 4 de marzo, de econom\u00eda sustentable<\/a><\/td><td><a href=\"https:\/\/www.boe.es\/buscar\/act.php?%20id=BOE-A-2011-4117\" target=\"_blank\" rel=\"noreferrer noopener\"><\/a><\/td><\/tr><tr><td><a href=\"https:\/\/www.boe.es\/buscar\/act.php?id=BOE-A-2002-12018\">Lei Org\u00e1nica 5\/2002, do 19 de xu\u00f1o, das cualificaci\u00f3ns e da formaci\u00f3n profesional<\/a><\/td><td><a href=\"https:\/\/www.boe.es\/buscar\/act.php?id=BOE-A-2002-12018\" target=\"_blank\" rel=\"noreferrer noopener\"><\/a><\/td><\/tr><tr><td><a href=\"https:\/\/www.boe.es\/buscar\/act.php?id=BOE-A-1985-12978\">Lei Org\u00e1nica 8\/1985, do 3 de xullo, reguladora do dereito \u00e1 educaci\u00f3n<\/a><\/td><td><a href=\"https:\/\/www.boe.es\/buscar\/act.php?id=BOE-A-1985-12978\" target=\"_blank\" rel=\"noreferrer noopener\"><\/a><\/td><\/tr><\/tbody><\/table><\/figure>\n\n\n\n<h3 class=\"wp-block-heading\"><strong><strong><strong><strong>Reais decretos<\/strong><\/strong><\/strong><\/strong><\/h3>\n\n\n\n<figure class=\"wp-block-table\"><table><tbody><tr><td><a href=\"https:\/\/www.boe.es\/buscar\/act.php?id=BOE-A-2011-13118\">Real Decreto 1147\/2011, do 29 de xullo, polo que se establece a ordenaci\u00f3n xeral da formaci\u00f3n profesional do sistema educativo<\/a><\/td><td><a href=\"https:\/\/www.boe.es\/buscar\/act.php?id=BOE-A-2011-13118\" target=\"_blank\" rel=\"noreferrer noopener\"><\/a><\/td><\/tr><tr><td><a href=\"https:\/\/www.boe.es\/buscar\/act.php?id=BOE-A-2014-2360\">Real Decreto 127\/2014, do 28 de febreiro, polo que se regulan aspectos espec\u00edficos da formaci\u00f3n profesional b\u00e1sica das ensinanzas de formaci\u00f3n profesional do sistema educativo, se aproban catorce t\u00edtulos profesionais b\u00e1sicos, se fixan os seus curr\u00edculos b\u00e1sicos e se modifica o Real decreto 1850\/2009, do 4 de decembro, sobre expedici\u00f3n de t\u00edtulos acad\u00e9micos e profesionais correspondentes \u00e1s ensinanzas establecidas na Lei org\u00e1nica 2\/2006, do 3 de maio, de educaci\u00f3n<\/a><\/td><td><a href=\"https:\/\/www.boe.es\/buscar\/act.php?id=BOE-A-2014-2360\" target=\"_blank\" rel=\"noreferrer noopener\"><\/a><\/td><\/tr><tr><td><a href=\"https:\/\/www.boe.es\/buscar\/act.php?id=BOE-A-2012-13846\">Real Decreto 1529\/2012, do 8 de novembro, polo que se desenvolve o contrato para a formaci\u00f3n e a aprendizaxe e se establecen as bases da formaci\u00f3n profesional dual<\/a><\/td><td><a href=\"https:\/\/www.boe.es\/buscar\/act.php?id=BOE-A-2012-13846\" target=\"_blank\" rel=\"noreferrer noopener\"><\/a><\/td><\/tr><tr><td><a href=\"https:\/\/www.boe.es\/buscar\/act.php?id=BOE-A-2009-13781\">Real Decreto 1224\/2009, do 17 de xullo, de reco\u00f1ecemento das competencias profesionais adquiridas por experiencia laboral<\/a><\/td><td><a href=\"https:\/\/www.boe.es\/buscar\/act.php?id=BOE-A-2009-13781\" target=\"_blank\" rel=\"noreferrer noopener\"><\/a><\/td><\/tr><tr><td><a href=\"https:\/\/www.boe.es\/buscar\/act.php?id=BOE-A-2020-17274\">Real Decreto 1085\/2020, do 9 de decembro, polo que se establecen as validaci\u00f3ns de m\u00f3dulos profesionais de t\u00edtulos de Formaci\u00f3n Profesional do sistema educativo espa\u00f1ol e as medidas para a s\u00faa aplicaci\u00f3n e se modifica o Real decreto 1147\/2011, do 29 de xullo, polo que se establece a ordenaci\u00f3n xeral da Formaci\u00f3n Profesional do sistema educativo<\/a><\/td><td><a href=\"https:\/\/www.boe.es\/buscar\/act.php?id=BOE-A-2020-17274\" target=\"_blank\" rel=\"noreferrer noopener\"><\/a><\/td><\/tr><tr><td><a href=\"https:\/\/www.boe.es\/diario_boe\/txt.php?id=BOE-A-2022-9846\">Real Decreto 393\/2022, do 24 de maio, polo que se establece o Curso de especializaci\u00f3n de Formaci\u00f3n Profesional de Grao Superior en Aeronaves pilotadas de forma remota-Drons e f\u00edxanse os aspectos b\u00e1sicos do curr\u00edculo, e se modifican o Real Decreto 1445\/2018, do 14 de decembro, polo que se establece o t\u00edtulo de T\u00e9cnico Superior en mantemento aeromec\u00e1nico de avi\u00f3ns con motor de turbina e se fixan os aspectos b\u00e1sicos do curr\u00edculo, e o Real Decreto 1085\/2020, do 9 de decembro, polo que se establecen validaci\u00f3ns de m\u00f3dulos profesionais dos t\u00edtulos de Formaci\u00f3n Profesional do sistema educativo espa\u00f1ol e as medidas para a s\u00faa aplicaci\u00f3n, e se modifica o Real Decreto 1147\/2011, do 29 de xullo, polo que se establece a ordenaci\u00f3n xeral da formaci\u00f3n profesional do sistema educativo<\/a><\/td><\/tr><\/tbody><\/table><\/figure>\n\n\n\n<h3 class=\"wp-block-heading\"><strong><strong><strong><strong><strong>Outra normativa<\/strong><\/strong><\/strong><\/strong><\/strong><\/h3>\n\n\n\n<figure class=\"wp-block-table\"><table><tbody><tr><td><a href=\"http:\/\/www.todofp.es\/profesores\/normativa\/legislacion.html\">Ligaz\u00f3n ao portal do Ministerio de Educaci\u00f3n e Formaci\u00f3n Profesional, todofp.es, onde se recolle outra normativa relacionada coa formaci\u00f3n profesional<\/a><\/td><td><a href=\"http:\/\/www.todofp.es\/profesores\/normativa\/legislacion.html\" target=\"_blank\" rel=\"noreferrer noopener\"><\/a><\/td><\/tr><tr><td><a href=\"http:\/\/www.todofp.es\/profesores\/normativa\/legislacion\/normativa-estatal\/profesorado-fp.html\">Ligaz\u00f3n ao portal do Ministerio de Educaci\u00f3n e Formaci\u00f3n Profesional, todofp.es, onde se recolle normativa relacionada co acceso \u00e1 funci\u00f3n docente<\/a><\/td><\/tr><\/tbody><\/table><\/figure>\n\n\n\n<div class=\"wp-block-buttons is-layout-flex wp-block-buttons-is-layout-flex\">\n<div class=\"wp-block-button\"><a class=\"wp-block-button__link\" href=\"https:\/\/edu.xunta.gal\/fp\/normativa\">M\u00e1s informaci\u00f3n<\/a><\/div>\n<\/div>\n\n\n\n<div class=\"wp-block-columns columnanomarginbottom is-layout-flex wp-container-core-columns-is-layout-9d6595d7 wp-block-columns-is-layout-flex\"><\/div>\n<\/div><\/div>\n\n\n\n<p><\/p>\n","protected":false},"excerpt":{"rendered":"<p>Normativa Normativas por las que se rige el centro Normativa auton\u00f3mica No men\u00fa lateral esquerdo ord\u00e9nase por tem\u00e1tica, a normativa auton\u00f3mica relacionada coas ensinanzas de formaci\u00f3n profesional. Normativa estatal Leis org\u00e1nicas Lei Org\u00e1nica 3\/2022, do 31 de marzo, de ordenaci\u00f3n e integraci\u00f3n da Formaci\u00f3n Profesional Lei Org\u00e1nica 2\/2006, do 3 de maio, de educaci\u00f3n Lei &#8230; <a title=\"Normativa\" class=\"read-more\" href=\"https:\/\/riberasalud.com\/cepovisa\/formacion-profesional\/normativa-cursos\/\" aria-label=\"Leer m\u00e1s sobre Normativa\">Leer m\u00e1s<\/a><\/p>\n","protected":false},"author":2,"featured_media":0,"parent":531,"menu_order":0,"comment_status":"closed","ping_status":"closed","template":"","meta":{"_mi_skip_tracking":false,"footnotes":""},"class_list":["post-4826","page","type-page","status-publish"],"yoast_head":"<!-- This site is optimized with the Yoast SEO plugin v26.6 - https:\/\/yoast.com\/wordpress\/plugins\/seo\/ -->\n<title>Normativa - Cepovisa<\/title>\n<meta name=\"description\" content=\"Normativa Normativas por las que se rige el centro Normativa auton\u00f3mica No men\u00fa lateral esquerdo ord\u00e9nase por tem\u00e1tica, a normativa auton\u00f3mica relacionada\" \/>\n<meta name=\"robots\" content=\"index, follow, max-snippet:-1, max-image-preview:large, max-video-preview:-1\" \/>\n<link rel=\"canonical\" href=\"https:\/\/riberasalud.com\/cepovisa\/formacion-profesional\/normativa-cursos\/\" \/>\n<meta property=\"og:locale\" content=\"es_ES\" \/>\n<meta property=\"og:type\" content=\"article\" \/>\n<meta property=\"og:title\" content=\"Normativa - Cepovisa\" \/>\n<meta property=\"og:description\" content=\"Normativa Normativas por las que se rige el centro Normativa auton\u00f3mica No men\u00fa lateral esquerdo ord\u00e9nase por tem\u00e1tica, a normativa auton\u00f3mica relacionada\" \/>\n<meta property=\"og:url\" content=\"https:\/\/riberasalud.com\/cepovisa\/formacion-profesional\/normativa-cursos\/\" \/>\n<meta property=\"og:site_name\" content=\"Cepovisa\" \/>\n<meta property=\"article:modified_time\" content=\"2022-07-18T10:29:16+00:00\" \/>\n<meta property=\"og:image\" content=\"https:\/\/riberasalud.com\/cepovisa\/wp-content\/uploads\/2022\/07\/Nuevo-proyecto4-1024x224.png\" \/>\n<meta name=\"twitter:card\" content=\"summary_large_image\" \/>\n<meta name=\"twitter:label1\" content=\"Tiempo de lectura\" \/>\n\t<meta name=\"twitter:data1\" content=\"3 minutos\" \/>\n<script type=\"application\/ld+json\" class=\"yoast-schema-graph\">{\"@context\":\"https:\/\/schema.org\",\"@graph\":[{\"@type\":\"WebPage\",\"@id\":\"https:\/\/riberasalud.com\/cepovisa\/formacion-profesional\/normativa-cursos\/\",\"url\":\"https:\/\/riberasalud.com\/cepovisa\/formacion-profesional\/normativa-cursos\/\",\"name\":\"Normativa - Cepovisa\",\"isPartOf\":{\"@id\":\"https:\/\/riberasalud.com\/cepovisa\/#website\"},\"primaryImageOfPage\":{\"@id\":\"https:\/\/riberasalud.com\/cepovisa\/formacion-profesional\/normativa-cursos\/#primaryimage\"},\"image\":{\"@id\":\"https:\/\/riberasalud.com\/cepovisa\/formacion-profesional\/normativa-cursos\/#primaryimage\"},\"thumbnailUrl\":\"https:\/\/riberasalud.com\/cepovisa\/wp-content\/uploads\/2022\/07\/Nuevo-proyecto4-1024x224.png\",\"datePublished\":\"2022-07-14T07:23:15+00:00\",\"dateModified\":\"2022-07-18T10:29:16+00:00\",\"description\":\"Normativa Normativas por las que se rige el centro Normativa auton\u00f3mica No men\u00fa lateral esquerdo ord\u00e9nase por tem\u00e1tica, a normativa auton\u00f3mica relacionada\",\"breadcrumb\":{\"@id\":\"https:\/\/riberasalud.com\/cepovisa\/formacion-profesional\/normativa-cursos\/#breadcrumb\"},\"inLanguage\":\"es\",\"potentialAction\":[{\"@type\":\"ReadAction\",\"target\":[\"https:\/\/riberasalud.com\/cepovisa\/formacion-profesional\/normativa-cursos\/\"]}]},{\"@type\":\"ImageObject\",\"inLanguage\":\"es\",\"@id\":\"https:\/\/riberasalud.com\/cepovisa\/formacion-profesional\/normativa-cursos\/#primaryimage\",\"url\":\"https:\/\/riberasalud.com\/cepovisa\/wp-content\/uploads\/2022\/07\/Nuevo-proyecto4-1024x224.png\",\"contentUrl\":\"https:\/\/riberasalud.com\/cepovisa\/wp-content\/uploads\/2022\/07\/Nuevo-proyecto4-1024x224.png\"},{\"@type\":\"BreadcrumbList\",\"@id\":\"https:\/\/riberasalud.com\/cepovisa\/formacion-profesional\/normativa-cursos\/#breadcrumb\",\"itemListElement\":[{\"@type\":\"ListItem\",\"position\":1,\"name\":\"Portada\",\"item\":\"https:\/\/riberasalud.com\/cepovisa\/\"},{\"@type\":\"ListItem\",\"position\":2,\"name\":\"Formaci\u00f3n profesional\",\"item\":\"https:\/\/riberasalud.com\/cepovisa\/formacion-profesional\/\"},{\"@type\":\"ListItem\",\"position\":3,\"name\":\"Normativa\"}]},{\"@type\":\"WebSite\",\"@id\":\"https:\/\/riberasalud.com\/cepovisa\/#website\",\"url\":\"https:\/\/riberasalud.com\/cepovisa\/\",\"name\":\"Cepovisa\",\"description\":\"\",\"publisher\":{\"@id\":\"https:\/\/riberasalud.com\/cepovisa\/#organization\"},\"potentialAction\":[{\"@type\":\"SearchAction\",\"target\":{\"@type\":\"EntryPoint\",\"urlTemplate\":\"https:\/\/riberasalud.com\/cepovisa\/?s={search_term_string}\"},\"query-input\":{\"@type\":\"PropertyValueSpecification\",\"valueRequired\":true,\"valueName\":\"search_term_string\"}}],\"inLanguage\":\"es\"},{\"@type\":\"Organization\",\"@id\":\"https:\/\/riberasalud.com\/cepovisa\/#organization\",\"name\":\"Cepovisa\",\"url\":\"https:\/\/riberasalud.com\/cepovisa\/\",\"logo\":{\"@type\":\"ImageObject\",\"inLanguage\":\"es\",\"@id\":\"https:\/\/riberasalud.com\/cepovisa\/#\/schema\/logo\/image\/\",\"url\":\"https:\/\/riberasalud.com\/cepovisa\/wp-content\/uploads\/2024\/08\/cropped-FORMACIONPROFESIONAL-cepivsa-logo.png\",\"contentUrl\":\"https:\/\/riberasalud.com\/cepovisa\/wp-content\/uploads\/2024\/08\/cropped-FORMACIONPROFESIONAL-cepivsa-logo.png\",\"width\":847,\"height\":94,\"caption\":\"Cepovisa\"},\"image\":{\"@id\":\"https:\/\/riberasalud.com\/cepovisa\/#\/schema\/logo\/image\/\"}}]}<\/script>\n<!-- \/ Yoast SEO plugin. -->","yoast_head_json":{"title":"Normativa - Cepovisa","description":"Normativa Normativas por las que se rige el centro Normativa auton\u00f3mica No men\u00fa lateral esquerdo ord\u00e9nase por tem\u00e1tica, a normativa auton\u00f3mica relacionada","robots":{"index":"index","follow":"follow","max-snippet":"max-snippet:-1","max-image-preview":"max-image-preview:large","max-video-preview":"max-video-preview:-1"},"canonical":"https:\/\/riberasalud.com\/cepovisa\/formacion-profesional\/normativa-cursos\/","og_locale":"es_ES","og_type":"article","og_title":"Normativa - Cepovisa","og_description":"Normativa Normativas por las que se rige el centro Normativa auton\u00f3mica No men\u00fa lateral esquerdo ord\u00e9nase por tem\u00e1tica, a normativa auton\u00f3mica relacionada","og_url":"https:\/\/riberasalud.com\/cepovisa\/formacion-profesional\/normativa-cursos\/","og_site_name":"Cepovisa","article_modified_time":"2022-07-18T10:29:16+00:00","og_image":[{"url":"https:\/\/riberasalud.com\/cepovisa\/wp-content\/uploads\/2022\/07\/Nuevo-proyecto4-1024x224.png","type":"","width":"","height":""}],"twitter_card":"summary_large_image","twitter_misc":{"Tiempo de lectura":"3 minutos"},"schema":{"@context":"https:\/\/schema.org","@graph":[{"@type":"WebPage","@id":"https:\/\/riberasalud.com\/cepovisa\/formacion-profesional\/normativa-cursos\/","url":"https:\/\/riberasalud.com\/cepovisa\/formacion-profesional\/normativa-cursos\/","name":"Normativa - Cepovisa","isPartOf":{"@id":"https:\/\/riberasalud.com\/cepovisa\/#website"},"primaryImageOfPage":{"@id":"https:\/\/riberasalud.com\/cepovisa\/formacion-profesional\/normativa-cursos\/#primaryimage"},"image":{"@id":"https:\/\/riberasalud.com\/cepovisa\/formacion-profesional\/normativa-cursos\/#primaryimage"},"thumbnailUrl":"https:\/\/riberasalud.com\/cepovisa\/wp-content\/uploads\/2022\/07\/Nuevo-proyecto4-1024x224.png","datePublished":"2022-07-14T07:23:15+00:00","dateModified":"2022-07-18T10:29:16+00:00","description":"Normativa Normativas por las que se rige el centro Normativa auton\u00f3mica No men\u00fa lateral esquerdo ord\u00e9nase por tem\u00e1tica, a normativa auton\u00f3mica relacionada","breadcrumb":{"@id":"https:\/\/riberasalud.com\/cepovisa\/formacion-profesional\/normativa-cursos\/#breadcrumb"},"inLanguage":"es","potentialAction":[{"@type":"ReadAction","target":["https:\/\/riberasalud.com\/cepovisa\/formacion-profesional\/normativa-cursos\/"]}]},{"@type":"ImageObject","inLanguage":"es","@id":"https:\/\/riberasalud.com\/cepovisa\/formacion-profesional\/normativa-cursos\/#primaryimage","url":"https:\/\/riberasalud.com\/cepovisa\/wp-content\/uploads\/2022\/07\/Nuevo-proyecto4-1024x224.png","contentUrl":"https:\/\/riberasalud.com\/cepovisa\/wp-content\/uploads\/2022\/07\/Nuevo-proyecto4-1024x224.png"},{"@type":"BreadcrumbList","@id":"https:\/\/riberasalud.com\/cepovisa\/formacion-profesional\/normativa-cursos\/#breadcrumb","itemListElement":[{"@type":"ListItem","position":1,"name":"Portada","item":"https:\/\/riberasalud.com\/cepovisa\/"},{"@type":"ListItem","position":2,"name":"Formaci\u00f3n profesional","item":"https:\/\/riberasalud.com\/cepovisa\/formacion-profesional\/"},{"@type":"ListItem","position":3,"name":"Normativa"}]},{"@type":"WebSite","@id":"https:\/\/riberasalud.com\/cepovisa\/#website","url":"https:\/\/riberasalud.com\/cepovisa\/","name":"Cepovisa","description":"","publisher":{"@id":"https:\/\/riberasalud.com\/cepovisa\/#organization"},"potentialAction":[{"@type":"SearchAction","target":{"@type":"EntryPoint","urlTemplate":"https:\/\/riberasalud.com\/cepovisa\/?s={search_term_string}"},"query-input":{"@type":"PropertyValueSpecification","valueRequired":true,"valueName":"search_term_string"}}],"inLanguage":"es"},{"@type":"Organization","@id":"https:\/\/riberasalud.com\/cepovisa\/#organization","name":"Cepovisa","url":"https:\/\/riberasalud.com\/cepovisa\/","logo":{"@type":"ImageObject","inLanguage":"es","@id":"https:\/\/riberasalud.com\/cepovisa\/#\/schema\/logo\/image\/","url":"https:\/\/riberasalud.com\/cepovisa\/wp-content\/uploads\/2024\/08\/cropped-FORMACIONPROFESIONAL-cepivsa-logo.png","contentUrl":"https:\/\/riberasalud.com\/cepovisa\/wp-content\/uploads\/2024\/08\/cropped-FORMACIONPROFESIONAL-cepivsa-logo.png","width":847,"height":94,"caption":"Cepovisa"},"image":{"@id":"https:\/\/riberasalud.com\/cepovisa\/#\/schema\/logo\/image\/"}}]}},"_links":{"self":[{"href":"https:\/\/riberasalud.com\/cepovisa\/wp-json\/wp\/v2\/pages\/4826","targetHints":{"allow":["GET"]}}],"collection":[{"href":"https:\/\/riberasalud.com\/cepovisa\/wp-json\/wp\/v2\/pages"}],"about":[{"href":"https:\/\/riberasalud.com\/cepovisa\/wp-json\/wp\/v2\/types\/page"}],"author":[{"embeddable":true,"href":"https:\/\/riberasalud.com\/cepovisa\/wp-json\/wp\/v2\/users\/2"}],"replies":[{"embeddable":true,"href":"https:\/\/riberasalud.com\/cepovisa\/wp-json\/wp\/v2\/comments?post=4826"}],"version-history":[{"count":3,"href":"https:\/\/riberasalud.com\/cepovisa\/wp-json\/wp\/v2\/pages\/4826\/revisions"}],"predecessor-version":[{"id":4968,"href":"https:\/\/riberasalud.com\/cepovisa\/wp-json\/wp\/v2\/pages\/4826\/revisions\/4968"}],"up":[{"embeddable":true,"href":"https:\/\/riberasalud.com\/cepovisa\/wp-json\/wp\/v2\/pages\/531"}],"wp:attachment":[{"href":"https:\/\/riberasalud.com\/cepovisa\/wp-json\/wp\/v2\/media?parent=4826"}],"curies":[{"name":"wp","href":"https:\/\/api.w.org\/{rel}","templated":true}]}}