{"id":4821,"date":"2022-07-14T07:10:51","date_gmt":"2022-07-14T07:10:51","guid":{"rendered":"https:\/\/riberasalud.com\/cepovisa\/?page_id=4821"},"modified":"2022-07-15T10:31:05","modified_gmt":"2022-07-15T10:31:05","slug":"enlaces-de-interes","status":"publish","type":"page","link":"https:\/\/riberasalud.com\/cepovisa\/formacion-profesional\/alumnado\/enlaces-de-interes\/","title":{"rendered":"Enlaces de inter\u00e9s"},"content":{"rendered":"\n<div class=\"wp-block-group bannersolotexto\"><div class=\"wp-block-group__inner-container is-layout-flow wp-block-group-is-layout-flow\">\n<h1 class=\"wp-block-heading\">Enlaces de inter\u00e9s<\/h1>\n<\/div><\/div>\n\n\n\n<div class=\"wp-block-group\"><div class=\"wp-block-group__inner-container is-layout-flow wp-block-group-is-layout-flow\">\n<p>Instituto RICARDO MELLA: <a href=\"http:\/\/www.edu.xunta.gal\/centros\/iesricardomella\/\">http:\/\/www.edu.xunta.gal\/centros\/iesricardomella\/<\/a><\/p>\n\n\n\n<p>Sociedade Galega de Radiolox\u00eda: <a href=\"https:\/\/radioloxiagalega.es\/\">https:\/\/radioloxiagalega.es\/<\/a><\/p>\n\n\n\n<p>Consejo de Seguridad Nuclear: <a href=\"https:\/\/www.csn.es\/home\">https:\/\/www.csn.es\/home<\/a><\/p>\n\n\n\n<p>Sociedad Espa\u00f1ola de Protecci\u00f3n Radiol\u00f3gica: <a href=\"https:\/\/www.sepr.es\/\">https:\/\/www.sepr.es\/<\/a><\/p>\n\n\n\n<p>Sociedad Espa\u00f1ola de F\u00edsica M\u00e9dica: <a href=\"https:\/\/sefm.es\/\">https:\/\/sefm.es\/<\/a><\/p>\n\n\n\n<p>Organismo Internacional de Energ\u00eda At\u00f3mica: <a href=\"https:\/\/www.iaea.org\/es\">https:\/\/www.iaea.org\/es<\/a><\/p>\n\n\n\n<p>Sociedad Espa\u00f1ola de Oncolog\u00eda M\u00e9dica: <a href=\"https:\/\/seom.org\/\">https:\/\/seom.org\/<\/a><\/p>\n\n\n\n<p>Sociedad Espa\u00f1ola de Oncolog\u00eda Radioter\u00e1pica:&nbsp; <a href=\"https:\/\/seor.es\/\">https:\/\/seor.es\/<\/a><\/p>\n\n\n\n<p>Sociedad Espa\u00f1ola de Radiol\u00f3gica M\u00e9dica: <a href=\"https:\/\/seram.es\/\">https:\/\/seram.es\/<\/a><\/p>\n\n\n\n<p>Sociedad Espa\u00f1ola de Anatom\u00eda Patol\u00f3gica: <a href=\"https:\/\/www.seap.es\/\">https:\/\/www.seap.es\/<\/a><\/p>\n\n\n\n<p>Sociedad Espa\u00f1ola T\u00e9cnicos de Anatom\u00eda Patol\u00f3gica: <a href=\"https:\/\/www.seap.es\/teaps\">https:\/\/www.seap.es\/teaps<\/a><\/p>\n\n\n\n<p>Asociaci\u00f3n de T\u00e9cnicos Superiores Sanitarios de Galicia: <a href=\"https:\/\/www.atessga.org\/es\/inicio.html\">https:\/\/www.atessga.org\/es\/inicio.html<\/a>&nbsp;<\/p>\n<\/div><\/div>\n\n\n\n<p><\/p>\n","protected":false},"excerpt":{"rendered":"<p>Enlaces de inter\u00e9s Instituto RICARDO MELLA: http:\/\/www.edu.xunta.gal\/centros\/iesricardomella\/ Sociedade Galega de Radiolox\u00eda: https:\/\/radioloxiagalega.es\/ Consejo de Seguridad Nuclear: https:\/\/www.csn.es\/home Sociedad Espa\u00f1ola de Protecci\u00f3n Radiol\u00f3gica: https:\/\/www.sepr.es\/ Sociedad Espa\u00f1ola de F\u00edsica M\u00e9dica: https:\/\/sefm.es\/ Organismo Internacional de Energ\u00eda At\u00f3mica: https:\/\/www.iaea.org\/es Sociedad Espa\u00f1ola de Oncolog\u00eda M\u00e9dica: https:\/\/seom.org\/ Sociedad Espa\u00f1ola de Oncolog\u00eda Radioter\u00e1pica:&nbsp; https:\/\/seor.es\/ Sociedad Espa\u00f1ola de Radiol\u00f3gica M\u00e9dica: https:\/\/seram.es\/ Sociedad Espa\u00f1ola &#8230; <a title=\"Enlaces de inter\u00e9s\" class=\"read-more\" href=\"https:\/\/riberasalud.com\/cepovisa\/formacion-profesional\/alumnado\/enlaces-de-interes\/\" aria-label=\"Leer m\u00e1s sobre Enlaces de inter\u00e9s\">Leer m\u00e1s<\/a><\/p>\n","protected":false},"author":2,"featured_media":0,"parent":533,"menu_order":0,"comment_status":"closed","ping_status":"closed","template":"","meta":{"_mi_skip_tracking":false,"footnotes":""},"class_list":["post-4821","page","type-page","status-publish"],"yoast_head":"<!-- This site is optimized with the Yoast SEO plugin v26.6 - https:\/\/yoast.com\/wordpress\/plugins\/seo\/ -->\n<title>Enlaces de inter\u00e9s - Cepovisa<\/title>\n<meta name=\"description\" content=\"Enlaces de inter\u00e9s Instituto RICARDO MELLA: http:\/\/www.edu.xunta.gal\/centros\/iesricardomella\/ Sociedade Galega de Radiolox\u00eda: https:\/\/radioloxiagalega.es\/\" \/>\n<meta name=\"robots\" content=\"index, follow, max-snippet:-1, max-image-preview:large, max-video-preview:-1\" \/>\n<link rel=\"canonical\" href=\"https:\/\/riberasalud.com\/cepovisa\/formacion-profesional\/alumnado\/enlaces-de-interes\/\" \/>\n<meta property=\"og:locale\" content=\"es_ES\" \/>\n<meta property=\"og:type\" content=\"article\" \/>\n<meta property=\"og:title\" content=\"Enlaces de inter\u00e9s - Cepovisa\" \/>\n<meta property=\"og:description\" content=\"Enlaces de inter\u00e9s Instituto RICARDO MELLA: http:\/\/www.edu.xunta.gal\/centros\/iesricardomella\/ Sociedade Galega de Radiolox\u00eda: https:\/\/radioloxiagalega.es\/\" \/>\n<meta property=\"og:url\" content=\"https:\/\/riberasalud.com\/cepovisa\/formacion-profesional\/alumnado\/enlaces-de-interes\/\" \/>\n<meta property=\"og:site_name\" content=\"Cepovisa\" \/>\n<meta property=\"article:modified_time\" content=\"2022-07-15T10:31:05+00:00\" \/>\n<meta name=\"twitter:card\" content=\"summary_large_image\" \/>\n<meta name=\"twitter:label1\" content=\"Tiempo de lectura\" \/>\n\t<meta name=\"twitter:data1\" content=\"1 minuto\" \/>\n<script type=\"application\/ld+json\" class=\"yoast-schema-graph\">{\"@context\":\"https:\/\/schema.org\",\"@graph\":[{\"@type\":\"WebPage\",\"@id\":\"https:\/\/riberasalud.com\/cepovisa\/formacion-profesional\/alumnado\/enlaces-de-interes\/\",\"url\":\"https:\/\/riberasalud.com\/cepovisa\/formacion-profesional\/alumnado\/enlaces-de-interes\/\",\"name\":\"Enlaces de inter\u00e9s - Cepovisa\",\"isPartOf\":{\"@id\":\"https:\/\/riberasalud.com\/cepovisa\/#website\"},\"datePublished\":\"2022-07-14T07:10:51+00:00\",\"dateModified\":\"2022-07-15T10:31:05+00:00\",\"description\":\"Enlaces de inter\u00e9s Instituto RICARDO MELLA: http:\/\/www.edu.xunta.gal\/centros\/iesricardomella\/ Sociedade Galega de Radiolox\u00eda: https:\/\/radioloxiagalega.es\/\",\"breadcrumb\":{\"@id\":\"https:\/\/riberasalud.com\/cepovisa\/formacion-profesional\/alumnado\/enlaces-de-interes\/#breadcrumb\"},\"inLanguage\":\"es\",\"potentialAction\":[{\"@type\":\"ReadAction\",\"target\":[\"https:\/\/riberasalud.com\/cepovisa\/formacion-profesional\/alumnado\/enlaces-de-interes\/\"]}]},{\"@type\":\"BreadcrumbList\",\"@id\":\"https:\/\/riberasalud.com\/cepovisa\/formacion-profesional\/alumnado\/enlaces-de-interes\/#breadcrumb\",\"itemListElement\":[{\"@type\":\"ListItem\",\"position\":1,\"name\":\"Portada\",\"item\":\"https:\/\/riberasalud.com\/cepovisa\/\"},{\"@type\":\"ListItem\",\"position\":2,\"name\":\"Formaci\u00f3n profesional\",\"item\":\"https:\/\/riberasalud.com\/cepovisa\/formacion-profesional\/\"},{\"@type\":\"ListItem\",\"position\":3,\"name\":\"Alumnado\",\"item\":\"https:\/\/riberasalud.com\/cepovisa\/formacion-profesional\/alumnado\/\"},{\"@type\":\"ListItem\",\"position\":4,\"name\":\"Enlaces de inter\u00e9s\"}]},{\"@type\":\"WebSite\",\"@id\":\"https:\/\/riberasalud.com\/cepovisa\/#website\",\"url\":\"https:\/\/riberasalud.com\/cepovisa\/\",\"name\":\"Cepovisa\",\"description\":\"\",\"publisher\":{\"@id\":\"https:\/\/riberasalud.com\/cepovisa\/#organization\"},\"potentialAction\":[{\"@type\":\"SearchAction\",\"target\":{\"@type\":\"EntryPoint\",\"urlTemplate\":\"https:\/\/riberasalud.com\/cepovisa\/?s={search_term_string}\"},\"query-input\":{\"@type\":\"PropertyValueSpecification\",\"valueRequired\":true,\"valueName\":\"search_term_string\"}}],\"inLanguage\":\"es\"},{\"@type\":\"Organization\",\"@id\":\"https:\/\/riberasalud.com\/cepovisa\/#organization\",\"name\":\"Cepovisa\",\"url\":\"https:\/\/riberasalud.com\/cepovisa\/\",\"logo\":{\"@type\":\"ImageObject\",\"inLanguage\":\"es\",\"@id\":\"https:\/\/riberasalud.com\/cepovisa\/#\/schema\/logo\/image\/\",\"url\":\"https:\/\/riberasalud.com\/cepovisa\/wp-content\/uploads\/2024\/08\/cropped-FORMACIONPROFESIONAL-cepivsa-logo.png\",\"contentUrl\":\"https:\/\/riberasalud.com\/cepovisa\/wp-content\/uploads\/2024\/08\/cropped-FORMACIONPROFESIONAL-cepivsa-logo.png\",\"width\":847,\"height\":94,\"caption\":\"Cepovisa\"},\"image\":{\"@id\":\"https:\/\/riberasalud.com\/cepovisa\/#\/schema\/logo\/image\/\"}}]}<\/script>\n<!-- \/ Yoast SEO plugin. -->","yoast_head_json":{"title":"Enlaces de inter\u00e9s - Cepovisa","description":"Enlaces de inter\u00e9s Instituto RICARDO MELLA: http:\/\/www.edu.xunta.gal\/centros\/iesricardomella\/ Sociedade Galega de Radiolox\u00eda: https:\/\/radioloxiagalega.es\/","robots":{"index":"index","follow":"follow","max-snippet":"max-snippet:-1","max-image-preview":"max-image-preview:large","max-video-preview":"max-video-preview:-1"},"canonical":"https:\/\/riberasalud.com\/cepovisa\/formacion-profesional\/alumnado\/enlaces-de-interes\/","og_locale":"es_ES","og_type":"article","og_title":"Enlaces de inter\u00e9s - Cepovisa","og_description":"Enlaces de inter\u00e9s Instituto RICARDO MELLA: http:\/\/www.edu.xunta.gal\/centros\/iesricardomella\/ Sociedade Galega de Radiolox\u00eda: https:\/\/radioloxiagalega.es\/","og_url":"https:\/\/riberasalud.com\/cepovisa\/formacion-profesional\/alumnado\/enlaces-de-interes\/","og_site_name":"Cepovisa","article_modified_time":"2022-07-15T10:31:05+00:00","twitter_card":"summary_large_image","twitter_misc":{"Tiempo de lectura":"1 minuto"},"schema":{"@context":"https:\/\/schema.org","@graph":[{"@type":"WebPage","@id":"https:\/\/riberasalud.com\/cepovisa\/formacion-profesional\/alumnado\/enlaces-de-interes\/","url":"https:\/\/riberasalud.com\/cepovisa\/formacion-profesional\/alumnado\/enlaces-de-interes\/","name":"Enlaces de inter\u00e9s - Cepovisa","isPartOf":{"@id":"https:\/\/riberasalud.com\/cepovisa\/#website"},"datePublished":"2022-07-14T07:10:51+00:00","dateModified":"2022-07-15T10:31:05+00:00","description":"Enlaces de inter\u00e9s Instituto RICARDO MELLA: http:\/\/www.edu.xunta.gal\/centros\/iesricardomella\/ Sociedade Galega de Radiolox\u00eda: https:\/\/radioloxiagalega.es\/","breadcrumb":{"@id":"https:\/\/riberasalud.com\/cepovisa\/formacion-profesional\/alumnado\/enlaces-de-interes\/#breadcrumb"},"inLanguage":"es","potentialAction":[{"@type":"ReadAction","target":["https:\/\/riberasalud.com\/cepovisa\/formacion-profesional\/alumnado\/enlaces-de-interes\/"]}]},{"@type":"BreadcrumbList","@id":"https:\/\/riberasalud.com\/cepovisa\/formacion-profesional\/alumnado\/enlaces-de-interes\/#breadcrumb","itemListElement":[{"@type":"ListItem","position":1,"name":"Portada","item":"https:\/\/riberasalud.com\/cepovisa\/"},{"@type":"ListItem","position":2,"name":"Formaci\u00f3n profesional","item":"https:\/\/riberasalud.com\/cepovisa\/formacion-profesional\/"},{"@type":"ListItem","position":3,"name":"Alumnado","item":"https:\/\/riberasalud.com\/cepovisa\/formacion-profesional\/alumnado\/"},{"@type":"ListItem","position":4,"name":"Enlaces de inter\u00e9s"}]},{"@type":"WebSite","@id":"https:\/\/riberasalud.com\/cepovisa\/#website","url":"https:\/\/riberasalud.com\/cepovisa\/","name":"Cepovisa","description":"","publisher":{"@id":"https:\/\/riberasalud.com\/cepovisa\/#organization"},"potentialAction":[{"@type":"SearchAction","target":{"@type":"EntryPoint","urlTemplate":"https:\/\/riberasalud.com\/cepovisa\/?s={search_term_string}"},"query-input":{"@type":"PropertyValueSpecification","valueRequired":true,"valueName":"search_term_string"}}],"inLanguage":"es"},{"@type":"Organization","@id":"https:\/\/riberasalud.com\/cepovisa\/#organization","name":"Cepovisa","url":"https:\/\/riberasalud.com\/cepovisa\/","logo":{"@type":"ImageObject","inLanguage":"es","@id":"https:\/\/riberasalud.com\/cepovisa\/#\/schema\/logo\/image\/","url":"https:\/\/riberasalud.com\/cepovisa\/wp-content\/uploads\/2024\/08\/cropped-FORMACIONPROFESIONAL-cepivsa-logo.png","contentUrl":"https:\/\/riberasalud.com\/cepovisa\/wp-content\/uploads\/2024\/08\/cropped-FORMACIONPROFESIONAL-cepivsa-logo.png","width":847,"height":94,"caption":"Cepovisa"},"image":{"@id":"https:\/\/riberasalud.com\/cepovisa\/#\/schema\/logo\/image\/"}}]}},"_links":{"self":[{"href":"https:\/\/riberasalud.com\/cepovisa\/wp-json\/wp\/v2\/pages\/4821","targetHints":{"allow":["GET"]}}],"collection":[{"href":"https:\/\/riberasalud.com\/cepovisa\/wp-json\/wp\/v2\/pages"}],"about":[{"href":"https:\/\/riberasalud.com\/cepovisa\/wp-json\/wp\/v2\/types\/page"}],"author":[{"embeddable":true,"href":"https:\/\/riberasalud.com\/cepovisa\/wp-json\/wp\/v2\/users\/2"}],"replies":[{"embeddable":true,"href":"https:\/\/riberasalud.com\/cepovisa\/wp-json\/wp\/v2\/comments?post=4821"}],"version-history":[{"count":2,"href":"https:\/\/riberasalud.com\/cepovisa\/wp-json\/wp\/v2\/pages\/4821\/revisions"}],"predecessor-version":[{"id":4878,"href":"https:\/\/riberasalud.com\/cepovisa\/wp-json\/wp\/v2\/pages\/4821\/revisions\/4878"}],"up":[{"embeddable":true,"href":"https:\/\/riberasalud.com\/cepovisa\/wp-json\/wp\/v2\/pages\/533"}],"wp:attachment":[{"href":"https:\/\/riberasalud.com\/cepovisa\/wp-json\/wp\/v2\/media?parent=4821"}],"curies":[{"name":"wp","href":"https:\/\/api.w.org\/{rel}","templated":true}]}}