{"id":329,"date":"2022-05-12T08:13:26","date_gmt":"2022-05-12T08:13:26","guid":{"rendered":"https:\/\/riberasalud.com\/cepovisa\/?page_id=329"},"modified":"2024-07-26T09:44:56","modified_gmt":"2024-07-26T09:44:56","slug":"nuestro-centro","status":"publish","type":"page","link":"https:\/\/riberasalud.com\/cepovisa\/escuela-universitaria-de-enfermeria\/nuestro-centro\/","title":{"rendered":"Nuestro centro"},"content":{"rendered":"\n<div class=\"wp-block-group bannersolotexto\"><div class=\"wp-block-group__inner-container is-layout-flow wp-block-group-is-layout-flow\">\n<h1 class=\"wp-block-heading\">Historia<\/h1>\n\n\n\n<p>Desde 1991 formando profesionales de Enfermer\u00eda<\/p>\n<\/div><\/div>\n\n\n\n<div class=\"wp-block-group\"><div class=\"wp-block-group__inner-container is-layout-flow wp-block-group-is-layout-flow\">\n<figure class=\"wp-block-image size-full fotoredonda\"><img loading=\"lazy\" decoding=\"async\" width=\"1920\" height=\"420\" src=\"https:\/\/riberasalud.com\/cepovisa\/wp-content\/uploads\/2022\/05\/Centro-Estudios-Povisa-edit.jpg\" alt=\"\" class=\"wp-image-385\" srcset=\"https:\/\/riberasalud.com\/cepovisa\/wp-content\/uploads\/2022\/05\/Centro-Estudios-Povisa-edit.jpg 1920w, https:\/\/riberasalud.com\/cepovisa\/wp-content\/uploads\/2022\/05\/Centro-Estudios-Povisa-edit-300x66.jpg 300w, https:\/\/riberasalud.com\/cepovisa\/wp-content\/uploads\/2022\/05\/Centro-Estudios-Povisa-edit-1024x224.jpg 1024w, https:\/\/riberasalud.com\/cepovisa\/wp-content\/uploads\/2022\/05\/Centro-Estudios-Povisa-edit-768x168.jpg 768w, https:\/\/riberasalud.com\/cepovisa\/wp-content\/uploads\/2022\/05\/Centro-Estudios-Povisa-edit-1536x336.jpg 1536w\" sizes=\"auto, (max-width: 1920px) 100vw, 1920px\" \/><\/figure>\n\n\n\n<h2 class=\"wp-block-heading has-text-align-left\">Nuestro Centro<\/h2>\n\n\n\n<h3 class=\"wp-block-heading\">Centro Estudios Povisa<\/h3>\n\n\n\n<div class=\"wp-block-columns is-layout-flex wp-container-core-columns-is-layout-9d6595d7 wp-block-columns-is-layout-flex\">\n<div class=\"wp-block-column is-layout-flow wp-block-column-is-layout-flow\">\n<p>La <a data-type=\"page\" data-id=\"665\" href=\"https:\/\/riberasalud.com\/cepovisa\/escuela-universitaria\/\" target=\"_blank\" rel=\"noreferrer noopener\"><strong>Escuela Universitaria de Enfermer\u00eda<\/strong><\/a> de Povisa, adscrita a la Universidad de Vigo, naci\u00f3 oficialmente en el a\u00f1o 1991, bajo el patronazgo del <a href=\"https:\/\/riberasalud.com\/povisa\/\"><strong>Hospital&nbsp;Povisa<\/strong><\/a> con la idea de desarrollar una funci\u00f3n docente que consideraba adecuada y beneficiosa para un centro de sus caracter\u00edsticas, formando profesionales de Enfermer\u00eda que cuando terminaran sus estudios, pudieran pasar a formar parte de la Divisi\u00f3n de Enfermer\u00eda del Hospital, extendiendo en la actualidad dicha filosof\u00eda a todos los estamentos sanitarios tanto espa\u00f1oles como extranjeros.<\/p>\n\n\n\n<p>En el a\u00f1o 2002 se comienza la construcci\u00f3n de un nuevo edificio, bajo el nombre de&nbsp;<strong>Centro Estudios Povisa<\/strong>, situado en la calle Romil 75-77, pr\u00f3ximo al hospital, de aproximadamente 3.000 m2 de superficie, distribuidos en 4 plantas.<\/p>\n\n\n\n<p>Desde el curso 2002\/2003, el&nbsp;<strong>Centro Estudios Povisa<\/strong> contin\u00faa con la formaci\u00f3n de Grado en <strong>Enfermer\u00eda<\/strong> y Ciclos formativos de grado medio y grado superior.<\/p>\n\n\n\n<p>La filosof\u00eda del&nbsp;<strong>Centro Estudios Povisa<\/strong>&nbsp;es formar profesionales capaces de ejercer las funciones espec\u00edficas de cada una de las titulaciones que imparte, as\u00ed como fomentar el trabajo mediante la colaboraci\u00f3n con otros profesionales de la salud y llegar a conseguir objetivos comunes.<\/p>\n<\/div>\n\n\n\n<div class=\"wp-block-column is-layout-flow wp-block-column-is-layout-flow\">\n<p>Y para llegar a esta meta, la&nbsp;<strong>formaci\u00f3n<\/strong>&nbsp;del alumnado se apoya en tres pilares fundamentales:&nbsp;El&nbsp;<strong>desarrollo de clases te\u00f3rico-pr\u00e1cticas<\/strong>&nbsp;enfocadas a la resoluci\u00f3n de problemas, impartidas por especialistas en cada una de las materias, el&nbsp;<strong>fomento de la aplicaci\u00f3n pr\u00e1ctica de los conceptos te\u00f3ricos<\/strong>, mediante la evaluaci\u00f3n continuada del alumno por medio de tutor\u00edas, lo que tiene especial inter\u00e9s sobre todo en los cr\u00e9ditos pr\u00e1cticos cl\u00ednicos,&nbsp;<strong>evaluaci\u00f3n que se realiza en colaboraci\u00f3n con los profesionales<\/strong>&nbsp;de las diferentes unidades en donde el alumno realiza estos cr\u00e9ditos.<\/p>\n\n\n\n<p>Adem\u00e1s en colaboraci\u00f3n con la Universidad se realizan diversos Cursos Postgrado:&nbsp;<strong>M\u00e1ster y Especialistas, Cursos de Formaci\u00f3n, etc.<\/strong>&nbsp;Adem\u00e1s el Centro organiza tambi\u00e9n cursos para otros colectivos, como el Concello de Vigo, la Confederaci\u00f3n de Empresarios, Asociaciones, etc.. y organiza y participa con la Direcci\u00f3n de Enfermer\u00eda de Povisa en la formaci\u00f3n continuada del personal del hospital.<\/p>\n<\/div>\n<\/div>\n<\/div><\/div>\n\n\n\n<p><\/p>\n","protected":false},"excerpt":{"rendered":"<p>Historia Desde 1991 formando profesionales de Enfermer\u00eda Nuestro Centro Centro Estudios Povisa La Escuela Universitaria de Enfermer\u00eda de Povisa, adscrita a la Universidad de Vigo, naci\u00f3 oficialmente en el a\u00f1o 1991, bajo el patronazgo del Hospital&nbsp;Povisa con la idea de desarrollar una funci\u00f3n docente que consideraba adecuada y beneficiosa para un centro de sus caracter\u00edsticas, &#8230; <a title=\"Nuestro centro\" class=\"read-more\" href=\"https:\/\/riberasalud.com\/cepovisa\/escuela-universitaria-de-enfermeria\/nuestro-centro\/\" aria-label=\"Leer m\u00e1s sobre Nuestro centro\">Leer m\u00e1s<\/a><\/p>\n","protected":false},"author":1,"featured_media":0,"parent":6296,"menu_order":0,"comment_status":"closed","ping_status":"closed","template":"","meta":{"_mi_skip_tracking":false,"footnotes":""},"class_list":["post-329","page","type-page","status-publish"],"yoast_head":"<!-- This site is optimized with the Yoast SEO plugin v26.6 - https:\/\/yoast.com\/wordpress\/plugins\/seo\/ -->\n<title>Descubre el Centro Estudios Povisa - Cepovisa<\/title>\n<meta name=\"description\" content=\"Desde 1991 dedicados a la formaci\u00f3n sanitaria con m\u00e1s de 1.300 alumnos graduados. El centro est\u00e1 adscrito a la Universidad de Vigo\" \/>\n<meta name=\"robots\" content=\"index, follow, max-snippet:-1, max-image-preview:large, max-video-preview:-1\" \/>\n<link rel=\"canonical\" href=\"https:\/\/riberasalud.com\/cepovisa\/escuela-universitaria-de-enfermeria\/nuestro-centro\/\" \/>\n<meta property=\"og:locale\" content=\"es_ES\" \/>\n<meta property=\"og:type\" content=\"article\" \/>\n<meta property=\"og:title\" content=\"Descubre el Centro Estudios Povisa - Cepovisa\" \/>\n<meta property=\"og:description\" content=\"Desde 1991 dedicados a la formaci\u00f3n sanitaria con m\u00e1s de 1.300 alumnos graduados. El centro est\u00e1 adscrito a la Universidad de Vigo\" \/>\n<meta property=\"og:url\" content=\"https:\/\/riberasalud.com\/cepovisa\/escuela-universitaria-de-enfermeria\/nuestro-centro\/\" \/>\n<meta property=\"og:site_name\" content=\"Cepovisa\" \/>\n<meta property=\"article:modified_time\" content=\"2024-07-26T09:44:56+00:00\" \/>\n<meta property=\"og:image\" content=\"https:\/\/riberasalud.com\/cepovisa\/wp-content\/uploads\/2022\/05\/Centro-Estudios-Povisa-edit.jpg\" \/>\n<meta name=\"twitter:card\" content=\"summary_large_image\" \/>\n<meta name=\"twitter:label1\" content=\"Tiempo de lectura\" \/>\n\t<meta name=\"twitter:data1\" content=\"2 minutos\" \/>\n<script type=\"application\/ld+json\" class=\"yoast-schema-graph\">{\"@context\":\"https:\/\/schema.org\",\"@graph\":[{\"@type\":\"WebPage\",\"@id\":\"https:\/\/riberasalud.com\/cepovisa\/escuela-universitaria-de-enfermeria\/nuestro-centro\/\",\"url\":\"https:\/\/riberasalud.com\/cepovisa\/escuela-universitaria-de-enfermeria\/nuestro-centro\/\",\"name\":\"Descubre el Centro Estudios Povisa - Cepovisa\",\"isPartOf\":{\"@id\":\"https:\/\/riberasalud.com\/cepovisa\/#website\"},\"primaryImageOfPage\":{\"@id\":\"https:\/\/riberasalud.com\/cepovisa\/escuela-universitaria-de-enfermeria\/nuestro-centro\/#primaryimage\"},\"image\":{\"@id\":\"https:\/\/riberasalud.com\/cepovisa\/escuela-universitaria-de-enfermeria\/nuestro-centro\/#primaryimage\"},\"thumbnailUrl\":\"https:\/\/riberasalud.com\/cepovisa\/wp-content\/uploads\/2022\/05\/Centro-Estudios-Povisa-edit.jpg\",\"datePublished\":\"2022-05-12T08:13:26+00:00\",\"dateModified\":\"2024-07-26T09:44:56+00:00\",\"description\":\"Desde 1991 dedicados a la formaci\u00f3n sanitaria con m\u00e1s de 1.300 alumnos graduados. El centro est\u00e1 adscrito a la Universidad de Vigo\",\"breadcrumb\":{\"@id\":\"https:\/\/riberasalud.com\/cepovisa\/escuela-universitaria-de-enfermeria\/nuestro-centro\/#breadcrumb\"},\"inLanguage\":\"es\",\"potentialAction\":[{\"@type\":\"ReadAction\",\"target\":[\"https:\/\/riberasalud.com\/cepovisa\/escuela-universitaria-de-enfermeria\/nuestro-centro\/\"]}]},{\"@type\":\"ImageObject\",\"inLanguage\":\"es\",\"@id\":\"https:\/\/riberasalud.com\/cepovisa\/escuela-universitaria-de-enfermeria\/nuestro-centro\/#primaryimage\",\"url\":\"https:\/\/riberasalud.com\/cepovisa\/wp-content\/uploads\/2022\/05\/Centro-Estudios-Povisa-edit.jpg\",\"contentUrl\":\"https:\/\/riberasalud.com\/cepovisa\/wp-content\/uploads\/2022\/05\/Centro-Estudios-Povisa-edit.jpg\",\"width\":1920,\"height\":420},{\"@type\":\"BreadcrumbList\",\"@id\":\"https:\/\/riberasalud.com\/cepovisa\/escuela-universitaria-de-enfermeria\/nuestro-centro\/#breadcrumb\",\"itemListElement\":[{\"@type\":\"ListItem\",\"position\":1,\"name\":\"Portada\",\"item\":\"https:\/\/riberasalud.com\/cepovisa\/\"},{\"@type\":\"ListItem\",\"position\":2,\"name\":\"Escuela Universitaria de Enfermer\u00eda\",\"item\":\"https:\/\/riberasalud.com\/cepovisa\/escuela-universitaria-de-enfermeria\/\"},{\"@type\":\"ListItem\",\"position\":3,\"name\":\"Nuestro centro\"}]},{\"@type\":\"WebSite\",\"@id\":\"https:\/\/riberasalud.com\/cepovisa\/#website\",\"url\":\"https:\/\/riberasalud.com\/cepovisa\/\",\"name\":\"Cepovisa\",\"description\":\"\",\"publisher\":{\"@id\":\"https:\/\/riberasalud.com\/cepovisa\/#organization\"},\"potentialAction\":[{\"@type\":\"SearchAction\",\"target\":{\"@type\":\"EntryPoint\",\"urlTemplate\":\"https:\/\/riberasalud.com\/cepovisa\/?s={search_term_string}\"},\"query-input\":{\"@type\":\"PropertyValueSpecification\",\"valueRequired\":true,\"valueName\":\"search_term_string\"}}],\"inLanguage\":\"es\"},{\"@type\":\"Organization\",\"@id\":\"https:\/\/riberasalud.com\/cepovisa\/#organization\",\"name\":\"Cepovisa\",\"url\":\"https:\/\/riberasalud.com\/cepovisa\/\",\"logo\":{\"@type\":\"ImageObject\",\"inLanguage\":\"es\",\"@id\":\"https:\/\/riberasalud.com\/cepovisa\/#\/schema\/logo\/image\/\",\"url\":\"https:\/\/riberasalud.com\/cepovisa\/wp-content\/uploads\/2024\/08\/cropped-FORMACIONPROFESIONAL-cepivsa-logo.png\",\"contentUrl\":\"https:\/\/riberasalud.com\/cepovisa\/wp-content\/uploads\/2024\/08\/cropped-FORMACIONPROFESIONAL-cepivsa-logo.png\",\"width\":847,\"height\":94,\"caption\":\"Cepovisa\"},\"image\":{\"@id\":\"https:\/\/riberasalud.com\/cepovisa\/#\/schema\/logo\/image\/\"}}]}<\/script>\n<!-- \/ Yoast SEO plugin. -->","yoast_head_json":{"title":"Descubre el Centro Estudios Povisa - Cepovisa","description":"Desde 1991 dedicados a la formaci\u00f3n sanitaria con m\u00e1s de 1.300 alumnos graduados. El centro est\u00e1 adscrito a la Universidad de Vigo","robots":{"index":"index","follow":"follow","max-snippet":"max-snippet:-1","max-image-preview":"max-image-preview:large","max-video-preview":"max-video-preview:-1"},"canonical":"https:\/\/riberasalud.com\/cepovisa\/escuela-universitaria-de-enfermeria\/nuestro-centro\/","og_locale":"es_ES","og_type":"article","og_title":"Descubre el Centro Estudios Povisa - Cepovisa","og_description":"Desde 1991 dedicados a la formaci\u00f3n sanitaria con m\u00e1s de 1.300 alumnos graduados. El centro est\u00e1 adscrito a la Universidad de Vigo","og_url":"https:\/\/riberasalud.com\/cepovisa\/escuela-universitaria-de-enfermeria\/nuestro-centro\/","og_site_name":"Cepovisa","article_modified_time":"2024-07-26T09:44:56+00:00","og_image":[{"url":"https:\/\/riberasalud.com\/cepovisa\/wp-content\/uploads\/2022\/05\/Centro-Estudios-Povisa-edit.jpg","type":"","width":"","height":""}],"twitter_card":"summary_large_image","twitter_misc":{"Tiempo de lectura":"2 minutos"},"schema":{"@context":"https:\/\/schema.org","@graph":[{"@type":"WebPage","@id":"https:\/\/riberasalud.com\/cepovisa\/escuela-universitaria-de-enfermeria\/nuestro-centro\/","url":"https:\/\/riberasalud.com\/cepovisa\/escuela-universitaria-de-enfermeria\/nuestro-centro\/","name":"Descubre el Centro Estudios Povisa - Cepovisa","isPartOf":{"@id":"https:\/\/riberasalud.com\/cepovisa\/#website"},"primaryImageOfPage":{"@id":"https:\/\/riberasalud.com\/cepovisa\/escuela-universitaria-de-enfermeria\/nuestro-centro\/#primaryimage"},"image":{"@id":"https:\/\/riberasalud.com\/cepovisa\/escuela-universitaria-de-enfermeria\/nuestro-centro\/#primaryimage"},"thumbnailUrl":"https:\/\/riberasalud.com\/cepovisa\/wp-content\/uploads\/2022\/05\/Centro-Estudios-Povisa-edit.jpg","datePublished":"2022-05-12T08:13:26+00:00","dateModified":"2024-07-26T09:44:56+00:00","description":"Desde 1991 dedicados a la formaci\u00f3n sanitaria con m\u00e1s de 1.300 alumnos graduados. El centro est\u00e1 adscrito a la Universidad de Vigo","breadcrumb":{"@id":"https:\/\/riberasalud.com\/cepovisa\/escuela-universitaria-de-enfermeria\/nuestro-centro\/#breadcrumb"},"inLanguage":"es","potentialAction":[{"@type":"ReadAction","target":["https:\/\/riberasalud.com\/cepovisa\/escuela-universitaria-de-enfermeria\/nuestro-centro\/"]}]},{"@type":"ImageObject","inLanguage":"es","@id":"https:\/\/riberasalud.com\/cepovisa\/escuela-universitaria-de-enfermeria\/nuestro-centro\/#primaryimage","url":"https:\/\/riberasalud.com\/cepovisa\/wp-content\/uploads\/2022\/05\/Centro-Estudios-Povisa-edit.jpg","contentUrl":"https:\/\/riberasalud.com\/cepovisa\/wp-content\/uploads\/2022\/05\/Centro-Estudios-Povisa-edit.jpg","width":1920,"height":420},{"@type":"BreadcrumbList","@id":"https:\/\/riberasalud.com\/cepovisa\/escuela-universitaria-de-enfermeria\/nuestro-centro\/#breadcrumb","itemListElement":[{"@type":"ListItem","position":1,"name":"Portada","item":"https:\/\/riberasalud.com\/cepovisa\/"},{"@type":"ListItem","position":2,"name":"Escuela Universitaria de Enfermer\u00eda","item":"https:\/\/riberasalud.com\/cepovisa\/escuela-universitaria-de-enfermeria\/"},{"@type":"ListItem","position":3,"name":"Nuestro centro"}]},{"@type":"WebSite","@id":"https:\/\/riberasalud.com\/cepovisa\/#website","url":"https:\/\/riberasalud.com\/cepovisa\/","name":"Cepovisa","description":"","publisher":{"@id":"https:\/\/riberasalud.com\/cepovisa\/#organization"},"potentialAction":[{"@type":"SearchAction","target":{"@type":"EntryPoint","urlTemplate":"https:\/\/riberasalud.com\/cepovisa\/?s={search_term_string}"},"query-input":{"@type":"PropertyValueSpecification","valueRequired":true,"valueName":"search_term_string"}}],"inLanguage":"es"},{"@type":"Organization","@id":"https:\/\/riberasalud.com\/cepovisa\/#organization","name":"Cepovisa","url":"https:\/\/riberasalud.com\/cepovisa\/","logo":{"@type":"ImageObject","inLanguage":"es","@id":"https:\/\/riberasalud.com\/cepovisa\/#\/schema\/logo\/image\/","url":"https:\/\/riberasalud.com\/cepovisa\/wp-content\/uploads\/2024\/08\/cropped-FORMACIONPROFESIONAL-cepivsa-logo.png","contentUrl":"https:\/\/riberasalud.com\/cepovisa\/wp-content\/uploads\/2024\/08\/cropped-FORMACIONPROFESIONAL-cepivsa-logo.png","width":847,"height":94,"caption":"Cepovisa"},"image":{"@id":"https:\/\/riberasalud.com\/cepovisa\/#\/schema\/logo\/image\/"}}]}},"_links":{"self":[{"href":"https:\/\/riberasalud.com\/cepovisa\/wp-json\/wp\/v2\/pages\/329","targetHints":{"allow":["GET"]}}],"collection":[{"href":"https:\/\/riberasalud.com\/cepovisa\/wp-json\/wp\/v2\/pages"}],"about":[{"href":"https:\/\/riberasalud.com\/cepovisa\/wp-json\/wp\/v2\/types\/page"}],"author":[{"embeddable":true,"href":"https:\/\/riberasalud.com\/cepovisa\/wp-json\/wp\/v2\/users\/1"}],"replies":[{"embeddable":true,"href":"https:\/\/riberasalud.com\/cepovisa\/wp-json\/wp\/v2\/comments?post=329"}],"version-history":[{"count":17,"href":"https:\/\/riberasalud.com\/cepovisa\/wp-json\/wp\/v2\/pages\/329\/revisions"}],"predecessor-version":[{"id":6323,"href":"https:\/\/riberasalud.com\/cepovisa\/wp-json\/wp\/v2\/pages\/329\/revisions\/6323"}],"up":[{"embeddable":true,"href":"https:\/\/riberasalud.com\/cepovisa\/wp-json\/wp\/v2\/pages\/6296"}],"wp:attachment":[{"href":"https:\/\/riberasalud.com\/cepovisa\/wp-json\/wp\/v2\/media?parent=329"}],"curies":[{"name":"wp","href":"https:\/\/api.w.org\/{rel}","templated":true}]}}