{"id":199,"date":"2022-05-12T06:01:43","date_gmt":"2022-05-12T06:01:43","guid":{"rendered":"https:\/\/riberasalud.com\/cepovisa\/?page_id=199"},"modified":"2024-02-28T15:50:52","modified_gmt":"2024-02-28T15:50:52","slug":"calidad","status":"publish","type":"page","link":"https:\/\/riberasalud.com\/cepovisa\/escuela-universitaria\/calidad\/","title":{"rendered":"Calidad"},"content":{"rendered":"\n<div class=\"wp-block-group bannersolotexto\"><div class=\"wp-block-group__inner-container is-layout-flow wp-block-group-is-layout-flow\">\n<h1 class=\"wp-block-heading\">Calidad<\/h1>\n\n\n\n<p>Sistema para la evaluaci\u00f3n, seguimiento y mejora de la calidad de nuestra oferta formativa.<\/p>\n<\/div><\/div>\n\n\n\n<div class=\"wp-block-group\"><div class=\"wp-block-group__inner-container is-layout-flow wp-block-group-is-layout-flow\">\n<div class=\"bloqueacordeon\">\n<div class=\"accordion\" style=\"width:100%\"><span class=\"tituloaccordion\">Pol\u00edtica y Objetivos<\/span><span class=\"plus\">+<\/span><\/div>\n<div class=\"panel\" style=\"display:none\">\n  <p>La pol\u00edtica de calidad del centro deriva de la importancia que tiene consolidar una cultura de calidad en el \u00e1mbito universitario, de su consideraci\u00f3n como un factor determinante para conseguir la satisfacci\u00f3n de las expectativas formativas de sus egresadas y egresados y su reconocimiento en los \u00e1mbitos acad\u00e9micos, profesionales y sociales en que se integran. Para eso existe el compromiso de emplear todos los recursos humanos y materiales disponibles dentro del cumplimiento de la normativa vigente y en coherencia con los criterios y con las directrices establecidas <\/p>\n<p class=\"sabermas\"><a href=\"https:\/\/riberasalud.com\/cepovisa\/escuela-universitaria\/calidad\/politica-y-objetivos\/\">Saber m\u00e1s<\/a><\/p>\n<\/div>\n\n<div class=\"accordion\" style=\"width:100%\"><span class=\"tituloaccordion\">Procedimientos\n<\/span><span class=\"plus\">+<\/span><\/div>\n<div class=\"panel\" style=\"display:none\">\n  <p>Los procedimientos desarrollan y complementan el Manual de Calidad y pueden incluir documentos anexos.<\/p>\n<p class=\"sabermas\"><a href=\"https:\/\/riberasalud.com\/cepovisa\/escuela-universitaria\/calidad\/procedimientos\/\">Saber m\u00e1s<\/a><\/p>\n<\/div>\n\n<div class=\"accordion\" style=\"width:100%\"><span class=\"tituloaccordion\">Competencias de la titulaci\u00f3n\n<\/span><span class=\"plus\">+<\/span><\/div>\n<div class=\"panel\" style=\"display:none\">\n  <p>Conoce las competencias b\u00e1sicas, generales, transversales y espec\u00edficas de <u>nuestra titulaci\u00f3n.<\/u><\/p>\n<p class=\"sabermas\"><a href=\"https:\/\/riberasalud.com\/cepovisa\/escuela-universitaria\/calidad\/competencias-de-la-titulacion\/\">Saber m\u00e1s<\/a><\/p>\n<\/div>\n\n<div class=\"accordion\" style=\"width:100%\"><span class=\"tituloaccordion\">Seguimiento de T\u00edtulo\n<\/span><span class=\"plus\">+<\/span><\/div>\n<div class=\"panel\" style=\"display:none\">\n  <p>Revisa los informes de seguimiento de nuestra titulaci\u00f3n.<\/p>\n<p class=\"sabermas\"><a href=\"https:\/\/riberasalud.com\/cepovisa\/escuela-universitaria\/calidad\/seguimiento-de-titulos\/\">Saber m\u00e1s<\/a><\/p>\n<\/div>\n\n<div class=\"accordion\" style=\"width:100%\"><span class=\"tituloaccordion\">Evoluci\u00f3n resultados encuestas de satisfacci\u00f3n: grupos de inter\u00e9s\n<\/span><span class=\"plus\">+<\/span><\/div>\n\n<div class=\"panel\" style=\"display:none\">\n  <p>Conoce los resultados de las encuestas de satisfacci\u00f3n de nuestro alumnado.<\/p>\n<p class=\"sabermas\"><a href=\"https:\/\/secretaria.uvigo.gal\/uv\/web\/transparencia\/grupo\/show\/5\/28\">Saber m\u00e1s<\/a><\/p>\n<\/div>\n\n<\/div>\n\n<script>\nvar acc = document.getElementsByClassName(\"accordion\");\nvar i;\n\nfor (i = 0; i < acc.length; i++) {\n  acc[i].addEventListener(\"click\", function() {\n    var panel = this.nextElementSibling;\n    if (panel.style.display === \"block\") {document.getElementsByClassName('active')[0].getElementsByClassName('plus')[0].innerHTML=\"+\" ;}\n    this.classList.toggle(\"active\");\n\n    if (panel.style.display === \"block\") {\n      panel.style.display = \"none\";\n\n    } else {\n      panel.style.display = \"block\";\ndocument.getElementsByClassName('active')[0].getElementsByClassName('plus')[0].innerHTML=\"-\" ;\n    }\n  });\n}\n<\/script>\n\n\n\n<p><strong>El&nbsp;Real Decreto 822\/2021,&nbsp;<\/strong>de 28 del septiembre,&nbsp;por el que se establece la ordenaci\u00f3n de las ense\u00f1anzas universitarias oficiales, exige, para la verificaci\u00f3n y acreditaci\u00f3n de un t\u00edtulo, la incorporaci\u00f3n de un sistema de garant\u00eda interno para la evaluaci\u00f3n, seguimiento y mejora de la calidad de la oferta formativa.<br>Con el objetivo de cumplir con este requerimiento, <strong>la Escuela Universitaria de Enfermer\u00eda de Povisa dise\u00f1\u00f3 un Sistema de Garant\u00eda Interna de Calidad (SGIC) <\/strong>en colaboraci\u00f3n con el \u00c1rea de Calidad de la Universidad de Vigo.<\/p>\n\n\n\n<div class=\"wp-block-columns is-layout-flex wp-container-core-columns-is-layout-9d6595d7 wp-block-columns-is-layout-flex\">\n<div class=\"wp-block-column is-layout-flow wp-block-column-is-layout-flow\">\n<figure class=\"wp-block-image size-full fotoredonda fotopeque\"><img loading=\"lazy\" decoding=\"async\" width=\"670\" height=\"370\" src=\"https:\/\/riberasalud.com\/cepovisa\/wp-content\/uploads\/2022\/05\/physician-noting-down-symptoms-of-patient.jpg\" alt=\"\" class=\"wp-image-324\" srcset=\"https:\/\/riberasalud.com\/cepovisa\/wp-content\/uploads\/2022\/05\/physician-noting-down-symptoms-of-patient.jpg 670w, https:\/\/riberasalud.com\/cepovisa\/wp-content\/uploads\/2022\/05\/physician-noting-down-symptoms-of-patient-300x166.jpg 300w\" sizes=\"auto, (max-width: 670px) 100vw, 670px\" \/><\/figure>\n<\/div>\n\n\n\n<div class=\"wp-block-column is-layout-flow wp-block-column-is-layout-flow\">\n<h2 class=\"wp-block-heading has-text-align-left\">Sistema de Garant\u00eda Interna de Calidad<\/h2>\n\n\n\n<p>Desde el curso 2009\/10, y siguiendo las instrucciones emanadas del Plan Bolonia, se implantan los estudios de Grado en Enfermer\u00eda. La Escuela se caracteriza por su dinamismo y su constante esp\u00edritu de superaci\u00f3n para facilitar la adaptaci\u00f3n a los nuevos planes de estudios y controles de calidad de la universidad y de los diferentes organismos, (ANECA, ACSUG) creados al efecto.<\/p>\n\n\n\n<p>Para ello, se incentiva la aplicaci\u00f3n pr\u00e1ctica de los conceptos te\u00f3ricos y la evaluaci\u00f3n continuada del alumno por medio de tutor\u00edas, prestando especial inter\u00e9s a la evaluaci\u00f3n de los cr\u00e9ditos pr\u00e1cticos cl\u00ednicos a trav\u00e9s de un seguimiento individualizado por los profesores y profesionales sanitarios.<\/p>\n<\/div>\n<\/div>\n\n\n\n<h2 class=\"wp-block-heading has-text-align-left\">Objetivos y principios de la escuela: misi\u00f3n y visi\u00f3n<\/h2>\n\n\n\n<div class=\"wp-block-columns columnanomarginmobile is-layout-flex wp-container-core-columns-is-layout-9d6595d7 wp-block-columns-is-layout-flex\">\n<div class=\"wp-block-column is-vertically-aligned-top is-layout-flow wp-block-column-is-layout-flow\">\n<h3 class=\"wp-block-heading\">Misi\u00f3n<\/h3>\n\n\n\n<p>La misi\u00f3n de la Escuela Universitaria de Enfermer\u00eda Ribera Povisa de Vigo es alcanzar una excelencia acad\u00e9mica, a trav\u00e9s de una investigaci\u00f3n innovadora que pueda contribuir a la mejora de la calidad de vida de las personas y su entorno socioecon\u00f3mico. Se pretende que el alumnado pueda alcanzar las competencias y habilidades necesarias para el ejercicio de la profesi\u00f3n de la enfermer\u00eda y comportarse de modo \u00e9tico y con responsabilidad social como profesional, as\u00ed como contribuir a la mejora de la investigaci\u00f3n y la difusi\u00f3n y transferencia de resultados bajo criterios \u00f3ptimos de excelencia.<\/p>\n<\/div>\n\n\n\n<div class=\"wp-block-column is-layout-flow wp-block-column-is-layout-flow\">\n<figure class=\"wp-block-image size-full fotoredonda fotopeque\"><img loading=\"lazy\" decoding=\"async\" width=\"670\" height=\"370\" src=\"https:\/\/riberasalud.com\/cepovisa\/wp-content\/uploads\/2022\/05\/female-psychologist-consulting-patient-at-the-desk-in-hospital.jpg\" alt=\"\" class=\"wp-image-325\" srcset=\"https:\/\/riberasalud.com\/cepovisa\/wp-content\/uploads\/2022\/05\/female-psychologist-consulting-patient-at-the-desk-in-hospital.jpg 670w, https:\/\/riberasalud.com\/cepovisa\/wp-content\/uploads\/2022\/05\/female-psychologist-consulting-patient-at-the-desk-in-hospital-300x166.jpg 300w\" sizes=\"auto, (max-width: 670px) 100vw, 670px\" \/><\/figure>\n<\/div>\n<\/div>\n\n\n\n<div class=\"wp-block-columns columnanomarginmobile is-layout-flex wp-container-core-columns-is-layout-9d6595d7 wp-block-columns-is-layout-flex\">\n<div class=\"wp-block-column is-layout-flow wp-block-column-is-layout-flow\">\n<h3 class=\"wp-block-heading\">Visi\u00f3n<\/h3>\n\n\n\n<p>La EUE Ribera Povisa es una instituci\u00f3n adscrita a la UVigo, aut\u00f3noma, abierta al entorno que promueve la igualdad, la pluralidad, la accesibilidad, la sostenibilidad, la transparencia, el progreso econ\u00f3mico y el bienestar social de Galicia. De acuerdo con el Plan estrat\u00e9gico de la UVigo 2021-2026, la escuela persigue este reto mediante una ense\u00f1anza y una investigaci\u00f3n de calidad con las que contribuir a la creaci\u00f3n y a la transferencia del conocimiento al tejido socioecon\u00f3mico y empresarial, a la formaci\u00f3n integral de las personas, al desarrollo, a la innovaci\u00f3n y al crecimiento intelectual de la sociedad pluricultural y pluriling\u00fce en la que se injiere. Pretende ser una escuela, en paralelo con la UVigo, caracterizada por un gobierno transparente y participativo, centrada en la satisfacci\u00f3n integral del estudiantado y del personal, en la captaci\u00f3n de talento y en un mayor grado de reconocimiento en el \u00e1mbito de las ciencias de la salud y, en particular, de la enfermer\u00eda.<\/p>\n<\/div>\n\n\n\n<div class=\"wp-block-column is-layout-flow wp-block-column-is-layout-flow\">\n<figure class=\"wp-block-image size-full fotoredonda fotopeque\"><img loading=\"lazy\" decoding=\"async\" width=\"670\" height=\"370\" src=\"https:\/\/riberasalud.com\/cepovisa\/wp-content\/uploads\/2022\/05\/male-hispanic-workers-technology-camera-1.jpg\" alt=\"\" class=\"wp-image-326\" srcset=\"https:\/\/riberasalud.com\/cepovisa\/wp-content\/uploads\/2022\/05\/male-hispanic-workers-technology-camera-1.jpg 670w, https:\/\/riberasalud.com\/cepovisa\/wp-content\/uploads\/2022\/05\/male-hispanic-workers-technology-camera-1-300x166.jpg 300w\" sizes=\"auto, (max-width: 670px) 100vw, 670px\" \/><\/figure>\n<\/div>\n<\/div>\n\n\n\n<h2 class=\"wp-block-heading has-text-align-left\">Quejas, sugerencias y felicitaciones<\/h2>\n\n\n\n<p>Pincha <a href=\"https:\/\/secretaria.uvigo.gal\/uv\/web\/qsp\/qsp\/formulario_inicio\">aqu\u00ed<\/a><\/p>\n<\/div><\/div>\n\n\n\n<div class=\"wp-block-group has-background\" style=\"background-color:#fde8de\"><div class=\"wp-block-group__inner-container is-layout-flow wp-block-group-is-layout-flow\">\n<div class=\"wp-block-columns columnanomargin is-layout-flex wp-container-core-columns-is-layout-9d6595d7 wp-block-columns-is-layout-flex\">\n<div class=\"wp-block-column is-vertically-aligned-top is-layout-flow wp-block-column-is-layout-flow\"><div class=\"wp-block-image\">\n<figure class=\"aligncenter size-full is-resized\"><img loading=\"lazy\" decoding=\"async\" width=\"437\" height=\"140\" src=\"https:\/\/riberasalud.com\/cepovisa\/wp-content\/uploads\/2022\/05\/BANNER_Vigo_2017-01-copia.png\" alt=\"\" class=\"wp-image-287\" style=\"width:328px;height:105px\" srcset=\"https:\/\/riberasalud.com\/cepovisa\/wp-content\/uploads\/2022\/05\/BANNER_Vigo_2017-01-copia.png 437w, https:\/\/riberasalud.com\/cepovisa\/wp-content\/uploads\/2022\/05\/BANNER_Vigo_2017-01-copia-300x96.png 300w\" sizes=\"auto, (max-width: 437px) 100vw, 437px\" \/><\/figure>\n<\/div><\/div>\n\n\n\n<div class=\"wp-block-column is-layout-flow wp-block-column-is-layout-flow\">\n<h3 class=\"wp-block-heading\">Documentos de calidad<\/h3>\n\n\n\n<div class=\"wp-block-columns columnanomargin is-layout-flex wp-container-core-columns-is-layout-9d6595d7 wp-block-columns-is-layout-flex\">\n<div class=\"wp-block-column is-layout-flow wp-block-column-is-layout-flow\">\n<p><a href=\"https:\/\/www.riberasalud.com\/cepovisa\/wp-content\/uploads\/2024\/02\/IF-acreditacion-enfermeria-2.pdf\">Informe de acreditaci\u00f3n a\u00f1o 2016 - 2017<\/a><\/p>\n\n\n\n<p><a href=\"https:\/\/riberasalud.com\/cepovisa\/wp-content\/uploads\/2022\/05\/Fides-Audit-povisa-1.pdf\">Programa FIDES - AUDIT<\/a><\/p>\n\n\n\n<p><a href=\"https:\/\/secretaria.uvigo.gal\/uv\/web\/transparencia\/?_locale=gl\">Resultados de los indicadores que integran el SGIC<\/a><\/p>\n<\/div>\n\n\n\n<div class=\"wp-block-column is-layout-flow wp-block-column-is-layout-flow\">\n<p>Planes de mejora<\/p>\n\n\n\n<p><a href=\"https:\/\/www.riberasalud.com\/cepovisa\/wp-content\/uploads\/2024\/02\/Manual-de-Calidad-Centro-202-EUE-POVISA_-NOVIEMBRE_signed.pdf\">Manual del Sistema Interno de Calidad<\/a><\/p>\n\n\n\n<p><a href=\"https:\/\/www.uvigo.gal\/campus\/igualdade\">Unidad de igualdad de la Universidad de Vigo<\/a><\/p>\n\n\n\n<p><a href=\"https:\/\/www.riberasalud.com\/cepovisa\/wp-content\/uploads\/2024\/02\/PROGRAMA_ESTRATEGICO_EUE_POVISA_signed.pdf\">Programa Estrat\u00e9gico<\/a><\/p>\n<\/div>\n<\/div>\n<\/div>\n<\/div>\n<\/div><\/div>\n","protected":false},"excerpt":{"rendered":"<p>Calidad Sistema para la evaluaci\u00f3n, seguimiento y mejora de la calidad de nuestra oferta formativa. Pol\u00edtica y Objetivos+ La pol\u00edtica de calidad del centro deriva de la importancia que tiene consolidar una cultura de calidad en el \u00e1mbito universitario, de su consideraci\u00f3n como un factor determinante para conseguir la satisfacci\u00f3n de las expectativas formativas de &#8230; <a title=\"Calidad\" class=\"read-more\" href=\"https:\/\/riberasalud.com\/cepovisa\/escuela-universitaria\/calidad\/\" aria-label=\"Leer m\u00e1s sobre Calidad\">Leer m\u00e1s<\/a><\/p>\n","protected":false},"author":1,"featured_media":0,"parent":665,"menu_order":0,"comment_status":"closed","ping_status":"closed","template":"","meta":{"_mi_skip_tracking":false,"footnotes":""},"class_list":["post-199","page","type-page","status-publish"],"yoast_head":"<!-- This site is optimized with the Yoast SEO plugin v26.6 - https:\/\/yoast.com\/wordpress\/plugins\/seo\/ -->\n<title>Calidad - Cepovisa<\/title>\n<meta name=\"description\" content=\"Calidad Sistema para la evaluaci\u00f3n, seguimiento y mejora de la calidad de nuestra oferta formativa. Pol\u00edtica y Objetivos+ La pol\u00edtica de calidad del\" \/>\n<meta name=\"robots\" content=\"index, follow, max-snippet:-1, max-image-preview:large, max-video-preview:-1\" \/>\n<link rel=\"canonical\" href=\"https:\/\/riberasalud.com\/cepovisa\/escuela-universitaria\/calidad\/\" \/>\n<meta property=\"og:locale\" content=\"es_ES\" \/>\n<meta property=\"og:type\" content=\"article\" \/>\n<meta property=\"og:title\" content=\"Calidad - Cepovisa\" \/>\n<meta property=\"og:description\" content=\"Calidad Sistema para la evaluaci\u00f3n, seguimiento y mejora de la calidad de nuestra oferta formativa. Pol\u00edtica y Objetivos+ La pol\u00edtica de calidad del\" \/>\n<meta property=\"og:url\" content=\"https:\/\/riberasalud.com\/cepovisa\/escuela-universitaria\/calidad\/\" \/>\n<meta property=\"og:site_name\" content=\"Cepovisa\" \/>\n<meta property=\"article:modified_time\" content=\"2024-02-28T15:50:52+00:00\" \/>\n<meta property=\"og:image\" content=\"https:\/\/riberasalud.com\/cepovisa\/wp-content\/uploads\/2022\/05\/physician-noting-down-symptoms-of-patient.jpg\" \/>\n<meta name=\"twitter:card\" content=\"summary_large_image\" \/>\n<meta name=\"twitter:label1\" content=\"Tiempo de lectura\" \/>\n\t<meta name=\"twitter:data1\" content=\"4 minutos\" \/>\n<script type=\"application\/ld+json\" class=\"yoast-schema-graph\">{\"@context\":\"https:\/\/schema.org\",\"@graph\":[{\"@type\":\"WebPage\",\"@id\":\"https:\/\/riberasalud.com\/cepovisa\/escuela-universitaria\/calidad\/\",\"url\":\"https:\/\/riberasalud.com\/cepovisa\/escuela-universitaria\/calidad\/\",\"name\":\"Calidad - Cepovisa\",\"isPartOf\":{\"@id\":\"https:\/\/riberasalud.com\/cepovisa\/#website\"},\"primaryImageOfPage\":{\"@id\":\"https:\/\/riberasalud.com\/cepovisa\/escuela-universitaria\/calidad\/#primaryimage\"},\"image\":{\"@id\":\"https:\/\/riberasalud.com\/cepovisa\/escuela-universitaria\/calidad\/#primaryimage\"},\"thumbnailUrl\":\"https:\/\/riberasalud.com\/cepovisa\/wp-content\/uploads\/2022\/05\/physician-noting-down-symptoms-of-patient.jpg\",\"datePublished\":\"2022-05-12T06:01:43+00:00\",\"dateModified\":\"2024-02-28T15:50:52+00:00\",\"description\":\"Calidad Sistema para la evaluaci\u00f3n, seguimiento y mejora de la calidad de nuestra oferta formativa. Pol\u00edtica y Objetivos+ La pol\u00edtica de calidad del\",\"breadcrumb\":{\"@id\":\"https:\/\/riberasalud.com\/cepovisa\/escuela-universitaria\/calidad\/#breadcrumb\"},\"inLanguage\":\"es\",\"potentialAction\":[{\"@type\":\"ReadAction\",\"target\":[\"https:\/\/riberasalud.com\/cepovisa\/escuela-universitaria\/calidad\/\"]}]},{\"@type\":\"ImageObject\",\"inLanguage\":\"es\",\"@id\":\"https:\/\/riberasalud.com\/cepovisa\/escuela-universitaria\/calidad\/#primaryimage\",\"url\":\"https:\/\/riberasalud.com\/cepovisa\/wp-content\/uploads\/2022\/05\/physician-noting-down-symptoms-of-patient.jpg\",\"contentUrl\":\"https:\/\/riberasalud.com\/cepovisa\/wp-content\/uploads\/2022\/05\/physician-noting-down-symptoms-of-patient.jpg\",\"width\":670,\"height\":370},{\"@type\":\"BreadcrumbList\",\"@id\":\"https:\/\/riberasalud.com\/cepovisa\/escuela-universitaria\/calidad\/#breadcrumb\",\"itemListElement\":[{\"@type\":\"ListItem\",\"position\":1,\"name\":\"Portada\",\"item\":\"https:\/\/riberasalud.com\/cepovisa\/\"},{\"@type\":\"ListItem\",\"position\":2,\"name\":\"Escuela Universitaria de enfermer\u00eda\",\"item\":\"https:\/\/riberasalud.com\/cepovisa\/escuela-universitaria\/\"},{\"@type\":\"ListItem\",\"position\":3,\"name\":\"Calidad\"}]},{\"@type\":\"WebSite\",\"@id\":\"https:\/\/riberasalud.com\/cepovisa\/#website\",\"url\":\"https:\/\/riberasalud.com\/cepovisa\/\",\"name\":\"Cepovisa\",\"description\":\"\",\"publisher\":{\"@id\":\"https:\/\/riberasalud.com\/cepovisa\/#organization\"},\"potentialAction\":[{\"@type\":\"SearchAction\",\"target\":{\"@type\":\"EntryPoint\",\"urlTemplate\":\"https:\/\/riberasalud.com\/cepovisa\/?s={search_term_string}\"},\"query-input\":{\"@type\":\"PropertyValueSpecification\",\"valueRequired\":true,\"valueName\":\"search_term_string\"}}],\"inLanguage\":\"es\"},{\"@type\":\"Organization\",\"@id\":\"https:\/\/riberasalud.com\/cepovisa\/#organization\",\"name\":\"Cepovisa\",\"url\":\"https:\/\/riberasalud.com\/cepovisa\/\",\"logo\":{\"@type\":\"ImageObject\",\"inLanguage\":\"es\",\"@id\":\"https:\/\/riberasalud.com\/cepovisa\/#\/schema\/logo\/image\/\",\"url\":\"https:\/\/riberasalud.com\/cepovisa\/wp-content\/uploads\/2024\/08\/cropped-FORMACIONPROFESIONAL-cepivsa-logo.png\",\"contentUrl\":\"https:\/\/riberasalud.com\/cepovisa\/wp-content\/uploads\/2024\/08\/cropped-FORMACIONPROFESIONAL-cepivsa-logo.png\",\"width\":847,\"height\":94,\"caption\":\"Cepovisa\"},\"image\":{\"@id\":\"https:\/\/riberasalud.com\/cepovisa\/#\/schema\/logo\/image\/\"}}]}<\/script>\n<!-- \/ Yoast SEO plugin. -->","yoast_head_json":{"title":"Calidad - Cepovisa","description":"Calidad Sistema para la evaluaci\u00f3n, seguimiento y mejora de la calidad de nuestra oferta formativa. Pol\u00edtica y Objetivos+ La pol\u00edtica de calidad del","robots":{"index":"index","follow":"follow","max-snippet":"max-snippet:-1","max-image-preview":"max-image-preview:large","max-video-preview":"max-video-preview:-1"},"canonical":"https:\/\/riberasalud.com\/cepovisa\/escuela-universitaria\/calidad\/","og_locale":"es_ES","og_type":"article","og_title":"Calidad - Cepovisa","og_description":"Calidad Sistema para la evaluaci\u00f3n, seguimiento y mejora de la calidad de nuestra oferta formativa. Pol\u00edtica y Objetivos+ La pol\u00edtica de calidad del","og_url":"https:\/\/riberasalud.com\/cepovisa\/escuela-universitaria\/calidad\/","og_site_name":"Cepovisa","article_modified_time":"2024-02-28T15:50:52+00:00","og_image":[{"url":"https:\/\/riberasalud.com\/cepovisa\/wp-content\/uploads\/2022\/05\/physician-noting-down-symptoms-of-patient.jpg","type":"","width":"","height":""}],"twitter_card":"summary_large_image","twitter_misc":{"Tiempo de lectura":"4 minutos"},"schema":{"@context":"https:\/\/schema.org","@graph":[{"@type":"WebPage","@id":"https:\/\/riberasalud.com\/cepovisa\/escuela-universitaria\/calidad\/","url":"https:\/\/riberasalud.com\/cepovisa\/escuela-universitaria\/calidad\/","name":"Calidad - Cepovisa","isPartOf":{"@id":"https:\/\/riberasalud.com\/cepovisa\/#website"},"primaryImageOfPage":{"@id":"https:\/\/riberasalud.com\/cepovisa\/escuela-universitaria\/calidad\/#primaryimage"},"image":{"@id":"https:\/\/riberasalud.com\/cepovisa\/escuela-universitaria\/calidad\/#primaryimage"},"thumbnailUrl":"https:\/\/riberasalud.com\/cepovisa\/wp-content\/uploads\/2022\/05\/physician-noting-down-symptoms-of-patient.jpg","datePublished":"2022-05-12T06:01:43+00:00","dateModified":"2024-02-28T15:50:52+00:00","description":"Calidad Sistema para la evaluaci\u00f3n, seguimiento y mejora de la calidad de nuestra oferta formativa. Pol\u00edtica y Objetivos+ La pol\u00edtica de calidad del","breadcrumb":{"@id":"https:\/\/riberasalud.com\/cepovisa\/escuela-universitaria\/calidad\/#breadcrumb"},"inLanguage":"es","potentialAction":[{"@type":"ReadAction","target":["https:\/\/riberasalud.com\/cepovisa\/escuela-universitaria\/calidad\/"]}]},{"@type":"ImageObject","inLanguage":"es","@id":"https:\/\/riberasalud.com\/cepovisa\/escuela-universitaria\/calidad\/#primaryimage","url":"https:\/\/riberasalud.com\/cepovisa\/wp-content\/uploads\/2022\/05\/physician-noting-down-symptoms-of-patient.jpg","contentUrl":"https:\/\/riberasalud.com\/cepovisa\/wp-content\/uploads\/2022\/05\/physician-noting-down-symptoms-of-patient.jpg","width":670,"height":370},{"@type":"BreadcrumbList","@id":"https:\/\/riberasalud.com\/cepovisa\/escuela-universitaria\/calidad\/#breadcrumb","itemListElement":[{"@type":"ListItem","position":1,"name":"Portada","item":"https:\/\/riberasalud.com\/cepovisa\/"},{"@type":"ListItem","position":2,"name":"Escuela Universitaria de enfermer\u00eda","item":"https:\/\/riberasalud.com\/cepovisa\/escuela-universitaria\/"},{"@type":"ListItem","position":3,"name":"Calidad"}]},{"@type":"WebSite","@id":"https:\/\/riberasalud.com\/cepovisa\/#website","url":"https:\/\/riberasalud.com\/cepovisa\/","name":"Cepovisa","description":"","publisher":{"@id":"https:\/\/riberasalud.com\/cepovisa\/#organization"},"potentialAction":[{"@type":"SearchAction","target":{"@type":"EntryPoint","urlTemplate":"https:\/\/riberasalud.com\/cepovisa\/?s={search_term_string}"},"query-input":{"@type":"PropertyValueSpecification","valueRequired":true,"valueName":"search_term_string"}}],"inLanguage":"es"},{"@type":"Organization","@id":"https:\/\/riberasalud.com\/cepovisa\/#organization","name":"Cepovisa","url":"https:\/\/riberasalud.com\/cepovisa\/","logo":{"@type":"ImageObject","inLanguage":"es","@id":"https:\/\/riberasalud.com\/cepovisa\/#\/schema\/logo\/image\/","url":"https:\/\/riberasalud.com\/cepovisa\/wp-content\/uploads\/2024\/08\/cropped-FORMACIONPROFESIONAL-cepivsa-logo.png","contentUrl":"https:\/\/riberasalud.com\/cepovisa\/wp-content\/uploads\/2024\/08\/cropped-FORMACIONPROFESIONAL-cepivsa-logo.png","width":847,"height":94,"caption":"Cepovisa"},"image":{"@id":"https:\/\/riberasalud.com\/cepovisa\/#\/schema\/logo\/image\/"}}]}},"_links":{"self":[{"href":"https:\/\/riberasalud.com\/cepovisa\/wp-json\/wp\/v2\/pages\/199","targetHints":{"allow":["GET"]}}],"collection":[{"href":"https:\/\/riberasalud.com\/cepovisa\/wp-json\/wp\/v2\/pages"}],"about":[{"href":"https:\/\/riberasalud.com\/cepovisa\/wp-json\/wp\/v2\/types\/page"}],"author":[{"embeddable":true,"href":"https:\/\/riberasalud.com\/cepovisa\/wp-json\/wp\/v2\/users\/1"}],"replies":[{"embeddable":true,"href":"https:\/\/riberasalud.com\/cepovisa\/wp-json\/wp\/v2\/comments?post=199"}],"version-history":[{"count":95,"href":"https:\/\/riberasalud.com\/cepovisa\/wp-json\/wp\/v2\/pages\/199\/revisions"}],"predecessor-version":[{"id":5885,"href":"https:\/\/riberasalud.com\/cepovisa\/wp-json\/wp\/v2\/pages\/199\/revisions\/5885"}],"up":[{"embeddable":true,"href":"https:\/\/riberasalud.com\/cepovisa\/wp-json\/wp\/v2\/pages\/665"}],"wp:attachment":[{"href":"https:\/\/riberasalud.com\/cepovisa\/wp-json\/wp\/v2\/media?parent=199"}],"curies":[{"name":"wp","href":"https:\/\/api.w.org\/{rel}","templated":true}]}}