{"id":1057,"date":"2022-07-11T07:27:17","date_gmt":"2022-07-11T07:27:17","guid":{"rendered":"https:\/\/riberasalud.com\/cepovisa\/?page_id=1057"},"modified":"2022-07-11T07:27:17","modified_gmt":"2022-07-11T07:27:17","slug":"salidas-profesionales","status":"publish","type":"page","link":"https:\/\/riberasalud.com\/cepovisa\/escuela-universitaria\/alumnado\/salidas-profesionales\/","title":{"rendered":"Salidas profesionales"},"content":{"rendered":"\n<div class=\"wp-block-group bannersolotexto\"><div class=\"wp-block-group__inner-container is-layout-flow wp-block-group-is-layout-flow\">\n<h1 class=\"wp-block-heading\">Salidas profesionales<\/h1>\n<\/div><\/div>\n\n\n\n<div class=\"wp-block-group\"><div class=\"wp-block-group__inner-container is-layout-flow wp-block-group-is-layout-flow\">\n<h2 class=\"wp-block-heading\"><strong>Especialidades de enfermer\u00eda (EIR)<\/strong><\/h2>\n\n\n\n<p>Es una oposici\u00f3n a nivel nacional, que deben superar las enfermeras\/os&nbsp;para<br>acceder a una plaza de especialista en formaci\u00f3n de 2 a\u00f1os en el SNS en Espa\u00f1a.&nbsp;<\/p>\n\n\n\n<p>Para m\u00e1s informaci\u00f3n:\u00a0 <a href=\"https:\/\/fse.mscbs.gob.es\/fseweb\/view\/index.xhtml\">aqu\u00ed<\/a><\/p>\n\n\n\n<p>Las especialidades a las que se puede optar mediante v\u00eda EIR se enumeran a continuaci\u00f3n, con el acceso a los programas formativos de cada una de ellas: :<\/p>\n\n\n\n<ul class=\"wp-block-list\"><li><a href=\"https:\/\/www.enfermeriacomunitaria.org\/web\/attachments\/article\/96\/BOE-A-2010-10364_EFyC.pdf\">Enfermer\u00eda Familiar y comunitaria<\/a><\/li><li><a href=\"https:\/\/www.boe.es\/eli\/es\/o\/2009\/05\/06\/sas1348\">Enfermer\u00eda del trabajo<\/a><\/li><li><a href=\"https:\/\/www.boe.es\/eli\/es\/o\/2011\/05\/11\/spi1356\">Enfermer\u00eda Salud Mental<\/a><\/li><li><a href=\"https:\/\/www.boe.es\/eli\/es\/o\/2009\/11\/13\/sas3225\">Enfermer\u00eda geri\u00e1trica<\/a><\/li><li><a href=\"https:\/\/www.boe.es\/eli\/es\/o\/2009\/05\/06\/sas1349\">Enfermer\u00eda Obst\u00e9trico- Ginecol\u00f3gica<\/a><\/li><li><a href=\"https:\/\/www.boe.es\/eli\/es\/o\/2010\/06\/17\/sas1730\">Enfermer\u00eda Pedi\u00e1trica<\/a><\/li><\/ul>\n\n\n\n<h2 class=\"wp-block-heading\"><strong>Salidas profesionales<\/strong><\/h2>\n\n\n\n<p>La enfermer\u00eda es una profesi\u00f3n que puede desarrollar diferentes caminos profesionales y en el que la formaci\u00f3n continuada, es un pilar fundamental, para conseguir la m\u00e1xima profesionalidad en el d\u00eda a d\u00eda.<\/p>\n\n\n\n<p>A continuaci\u00f3n, se muestra una breve descripci\u00f3n de distintas salidas profesionales y enlaces de inter\u00e9s, para profundizar en cada una.<\/p>\n\n\n\n<ul class=\"wp-block-list\"><li><strong>Enfermer\u00eda militar<\/strong>: Permite a las Graduadas\/os en enfermer\u00eda, formar parte del Cuerpo Militar de Sanidad, dentro de las Fuerzas Armadas espa\u00f1olas. Para acceder se debe superar un examen tipo concurso- oposici\u00f3n.\u00a0M\u00e1s informaci\u00f3n <a href=\"https:\/\/reclutamiento.defensa.gob.es\/pdf\/folletos-defensa\/ofi-con\/ENFERMERIA.pdf\">aqu\u00ed<\/a><\/li><li><strong>Enfermer\u00eda penitenciaria<\/strong>: Dentro de los centros penitenciarios existe un equipo sanitario, que realiza actividades de prevenci\u00f3n y promoci\u00f3n de la salud, as\u00ed como,\u00a0 actividad asistencial, a aguda y cr\u00f3nica. M\u00e1s informaci\u00f3n <a href=\"https:\/\/www.sesp.es\/sesp\/T95\/portada\/inicio\">aqu\u00ed<\/a><\/li><li><strong>Enfermer\u00eda Urgencias\/Emergencias\/ Cat\u00e1strofes<\/strong>: En cualquier evento multitudinario, se cuenta con un equipo sanitario preparado para atender tanto a personas de forma individual, como en accidentes de m\u00faltiples v\u00edctimas que puedan surgir. Para poder trabajar como tal, se precisa formaci\u00f3n espec\u00edfica en urgencias y emergencias. En el siguiente enlace se accede a la <a href=\"https:\/\/www.semes.org\/home\/enfermeria\/\">p\u00e1gina de la SEMES<\/a>.<\/li><\/ul>\n\n\n\n<ul class=\"wp-block-list\"><li><strong>Enfermer\u00eda de gesti\u00f3n<\/strong>: Enfermer\u00eda, debe participar en el \u00e1mbito de la gesti\u00f3n y ser part\u00edcipe tanto de pol\u00edticas sanitarias como de direcci\u00f3n de equipos, calidad y gesti\u00f3n docente. Existen diferentes opciones de formaci\u00f3n continuada en este \u00e1mbito, desde cursos de experto a m\u00e1sters.\u00a0En el siguiente enlace, se accede a la ANDE (Asociaci\u00f3n Nacional de Directivos de Enfermer\u00eda) <a href=\"https:\/\/www.ande.org\/\">https:\/\/www.ande.org\/<\/a><\/li><\/ul>\n\n\n\n<ul class=\"wp-block-list\"><li><strong>Enfermera investigadora<\/strong>: La investigaci\u00f3n es la base para el avance de la profesi\u00f3n enfermera. El doctorado aportar\u00e1 la formaci\u00f3n y el acceso tanto al mundo de la investigaci\u00f3n, como al de la docencia universitaria.\u00a0En el siguiente enlace se explican los requisitos necesarios de<a href=\"https:\/\/www.consejogeneralenfermeria.org\/tercer-ciclo\/requisitos-de-acceso-al-doctorado\"> acceso al doctorado<\/a>.<\/li><\/ul>\n\n\n\n<ul class=\"wp-block-list\"><li><strong>Enfermer\u00eda en \u00e1mbito docente<\/strong>: Existen m\u00faltiples niveles en el que la enfermer\u00eda puede y debe aportar su cuerpo de conocimientos. Estos van desde la ense\u00f1anza b\u00e1sica, hasta la formaci\u00f3n profesional y formaci\u00f3n continuada, entre otros. Existe el m\u00e1ster de profesorado que aporta la formaci\u00f3n y titulaci\u00f3n necesaria para adquirir competencias espec\u00edficas en docencia.\u00a0En el siguiente enlace se <a href=\"http:\/\/mpe.uvigo.es\/es\/\">accede al master ofertado desde la Uvigo.<\/a> <\/li><li><strong>Enfermer\u00eda escolar<\/strong>: Existen muchos centro escolares en los que existe la figura de la enfermera escolar. Sus funciones van,\u00a0 desde la prevenci\u00f3n y la formaci\u00f3n, hasta\u00a0 la actuaci\u00f3n en urgencias y emergencias que puedan surgir. En el siguiente enlace se muestra<a href=\"https:\/\/www.consejogeneralenfermeria.org\/observatorio-nacional\/observatorio-nacional-de-enfermeria-escolar\"> informaci\u00f3n y v\u00edas de acceso establecidas<\/a>.<\/li><\/ul>\n\n\n\n<p><\/p>\n<\/div><\/div>\n","protected":false},"excerpt":{"rendered":"<p>Salidas profesionales Especialidades de enfermer\u00eda (EIR) Es una oposici\u00f3n a nivel nacional, que deben superar las enfermeras\/os&nbsp;paraacceder a una plaza de especialista en formaci\u00f3n de 2 a\u00f1os en el SNS en Espa\u00f1a.&nbsp; Para m\u00e1s informaci\u00f3n:\u00a0 aqu\u00ed Las especialidades a las que se puede optar mediante v\u00eda EIR se enumeran a continuaci\u00f3n, con el acceso a &#8230; <a title=\"Salidas profesionales\" class=\"read-more\" href=\"https:\/\/riberasalud.com\/cepovisa\/escuela-universitaria\/alumnado\/salidas-profesionales\/\" aria-label=\"Leer m\u00e1s sobre Salidas profesionales\">Leer m\u00e1s<\/a><\/p>\n","protected":false},"author":2,"featured_media":0,"parent":521,"menu_order":0,"comment_status":"closed","ping_status":"closed","template":"","meta":{"_mi_skip_tracking":false,"footnotes":""},"class_list":["post-1057","page","type-page","status-publish"],"yoast_head":"<!-- This site is optimized with the Yoast SEO plugin v26.6 - https:\/\/yoast.com\/wordpress\/plugins\/seo\/ -->\n<title>Salidas profesionales - Cepovisa<\/title>\n<meta name=\"description\" content=\"Salidas profesionales Especialidades de enfermer\u00eda (EIR) Es una oposici\u00f3n a nivel nacional, que deben superar las enfermeras\/os&nbsp;paraacceder a una\" \/>\n<meta name=\"robots\" content=\"index, follow, max-snippet:-1, max-image-preview:large, max-video-preview:-1\" \/>\n<link rel=\"canonical\" href=\"https:\/\/riberasalud.com\/cepovisa\/escuela-universitaria\/alumnado\/salidas-profesionales\/\" \/>\n<meta property=\"og:locale\" content=\"es_ES\" \/>\n<meta property=\"og:type\" content=\"article\" \/>\n<meta property=\"og:title\" content=\"Salidas profesionales - Cepovisa\" \/>\n<meta property=\"og:description\" content=\"Salidas profesionales Especialidades de enfermer\u00eda (EIR) Es una oposici\u00f3n a nivel nacional, que deben superar las enfermeras\/os&nbsp;paraacceder a una\" \/>\n<meta property=\"og:url\" content=\"https:\/\/riberasalud.com\/cepovisa\/escuela-universitaria\/alumnado\/salidas-profesionales\/\" \/>\n<meta property=\"og:site_name\" content=\"Cepovisa\" \/>\n<meta name=\"twitter:card\" content=\"summary_large_image\" \/>\n<meta name=\"twitter:label1\" content=\"Tiempo de lectura\" \/>\n\t<meta name=\"twitter:data1\" content=\"3 minutos\" \/>\n<script type=\"application\/ld+json\" class=\"yoast-schema-graph\">{\"@context\":\"https:\/\/schema.org\",\"@graph\":[{\"@type\":\"WebPage\",\"@id\":\"https:\/\/riberasalud.com\/cepovisa\/escuela-universitaria\/alumnado\/salidas-profesionales\/\",\"url\":\"https:\/\/riberasalud.com\/cepovisa\/escuela-universitaria\/alumnado\/salidas-profesionales\/\",\"name\":\"Salidas profesionales - Cepovisa\",\"isPartOf\":{\"@id\":\"https:\/\/riberasalud.com\/cepovisa\/#website\"},\"datePublished\":\"2022-07-11T07:27:17+00:00\",\"description\":\"Salidas profesionales Especialidades de enfermer\u00eda (EIR) Es una oposici\u00f3n a nivel nacional, que deben superar las enfermeras\/os&nbsp;paraacceder a una\",\"breadcrumb\":{\"@id\":\"https:\/\/riberasalud.com\/cepovisa\/escuela-universitaria\/alumnado\/salidas-profesionales\/#breadcrumb\"},\"inLanguage\":\"es\",\"potentialAction\":[{\"@type\":\"ReadAction\",\"target\":[\"https:\/\/riberasalud.com\/cepovisa\/escuela-universitaria\/alumnado\/salidas-profesionales\/\"]}]},{\"@type\":\"BreadcrumbList\",\"@id\":\"https:\/\/riberasalud.com\/cepovisa\/escuela-universitaria\/alumnado\/salidas-profesionales\/#breadcrumb\",\"itemListElement\":[{\"@type\":\"ListItem\",\"position\":1,\"name\":\"Portada\",\"item\":\"https:\/\/riberasalud.com\/cepovisa\/\"},{\"@type\":\"ListItem\",\"position\":2,\"name\":\"Escuela Universitaria de enfermer\u00eda\",\"item\":\"https:\/\/riberasalud.com\/cepovisa\/escuela-universitaria\/\"},{\"@type\":\"ListItem\",\"position\":3,\"name\":\"Alumnado\",\"item\":\"https:\/\/riberasalud.com\/cepovisa\/escuela-universitaria\/alumnado\/\"},{\"@type\":\"ListItem\",\"position\":4,\"name\":\"Salidas profesionales\"}]},{\"@type\":\"WebSite\",\"@id\":\"https:\/\/riberasalud.com\/cepovisa\/#website\",\"url\":\"https:\/\/riberasalud.com\/cepovisa\/\",\"name\":\"Cepovisa\",\"description\":\"\",\"publisher\":{\"@id\":\"https:\/\/riberasalud.com\/cepovisa\/#organization\"},\"potentialAction\":[{\"@type\":\"SearchAction\",\"target\":{\"@type\":\"EntryPoint\",\"urlTemplate\":\"https:\/\/riberasalud.com\/cepovisa\/?s={search_term_string}\"},\"query-input\":{\"@type\":\"PropertyValueSpecification\",\"valueRequired\":true,\"valueName\":\"search_term_string\"}}],\"inLanguage\":\"es\"},{\"@type\":\"Organization\",\"@id\":\"https:\/\/riberasalud.com\/cepovisa\/#organization\",\"name\":\"Cepovisa\",\"url\":\"https:\/\/riberasalud.com\/cepovisa\/\",\"logo\":{\"@type\":\"ImageObject\",\"inLanguage\":\"es\",\"@id\":\"https:\/\/riberasalud.com\/cepovisa\/#\/schema\/logo\/image\/\",\"url\":\"https:\/\/riberasalud.com\/cepovisa\/wp-content\/uploads\/2024\/08\/cropped-FORMACIONPROFESIONAL-cepivsa-logo.png\",\"contentUrl\":\"https:\/\/riberasalud.com\/cepovisa\/wp-content\/uploads\/2024\/08\/cropped-FORMACIONPROFESIONAL-cepivsa-logo.png\",\"width\":847,\"height\":94,\"caption\":\"Cepovisa\"},\"image\":{\"@id\":\"https:\/\/riberasalud.com\/cepovisa\/#\/schema\/logo\/image\/\"}}]}<\/script>\n<!-- \/ Yoast SEO plugin. -->","yoast_head_json":{"title":"Salidas profesionales - Cepovisa","description":"Salidas profesionales Especialidades de enfermer\u00eda (EIR) Es una oposici\u00f3n a nivel nacional, que deben superar las enfermeras\/os&nbsp;paraacceder a una","robots":{"index":"index","follow":"follow","max-snippet":"max-snippet:-1","max-image-preview":"max-image-preview:large","max-video-preview":"max-video-preview:-1"},"canonical":"https:\/\/riberasalud.com\/cepovisa\/escuela-universitaria\/alumnado\/salidas-profesionales\/","og_locale":"es_ES","og_type":"article","og_title":"Salidas profesionales - Cepovisa","og_description":"Salidas profesionales Especialidades de enfermer\u00eda (EIR) Es una oposici\u00f3n a nivel nacional, que deben superar las enfermeras\/os&nbsp;paraacceder a una","og_url":"https:\/\/riberasalud.com\/cepovisa\/escuela-universitaria\/alumnado\/salidas-profesionales\/","og_site_name":"Cepovisa","twitter_card":"summary_large_image","twitter_misc":{"Tiempo de lectura":"3 minutos"},"schema":{"@context":"https:\/\/schema.org","@graph":[{"@type":"WebPage","@id":"https:\/\/riberasalud.com\/cepovisa\/escuela-universitaria\/alumnado\/salidas-profesionales\/","url":"https:\/\/riberasalud.com\/cepovisa\/escuela-universitaria\/alumnado\/salidas-profesionales\/","name":"Salidas profesionales - Cepovisa","isPartOf":{"@id":"https:\/\/riberasalud.com\/cepovisa\/#website"},"datePublished":"2022-07-11T07:27:17+00:00","description":"Salidas profesionales Especialidades de enfermer\u00eda (EIR) Es una oposici\u00f3n a nivel nacional, que deben superar las enfermeras\/os&nbsp;paraacceder a una","breadcrumb":{"@id":"https:\/\/riberasalud.com\/cepovisa\/escuela-universitaria\/alumnado\/salidas-profesionales\/#breadcrumb"},"inLanguage":"es","potentialAction":[{"@type":"ReadAction","target":["https:\/\/riberasalud.com\/cepovisa\/escuela-universitaria\/alumnado\/salidas-profesionales\/"]}]},{"@type":"BreadcrumbList","@id":"https:\/\/riberasalud.com\/cepovisa\/escuela-universitaria\/alumnado\/salidas-profesionales\/#breadcrumb","itemListElement":[{"@type":"ListItem","position":1,"name":"Portada","item":"https:\/\/riberasalud.com\/cepovisa\/"},{"@type":"ListItem","position":2,"name":"Escuela Universitaria de enfermer\u00eda","item":"https:\/\/riberasalud.com\/cepovisa\/escuela-universitaria\/"},{"@type":"ListItem","position":3,"name":"Alumnado","item":"https:\/\/riberasalud.com\/cepovisa\/escuela-universitaria\/alumnado\/"},{"@type":"ListItem","position":4,"name":"Salidas profesionales"}]},{"@type":"WebSite","@id":"https:\/\/riberasalud.com\/cepovisa\/#website","url":"https:\/\/riberasalud.com\/cepovisa\/","name":"Cepovisa","description":"","publisher":{"@id":"https:\/\/riberasalud.com\/cepovisa\/#organization"},"potentialAction":[{"@type":"SearchAction","target":{"@type":"EntryPoint","urlTemplate":"https:\/\/riberasalud.com\/cepovisa\/?s={search_term_string}"},"query-input":{"@type":"PropertyValueSpecification","valueRequired":true,"valueName":"search_term_string"}}],"inLanguage":"es"},{"@type":"Organization","@id":"https:\/\/riberasalud.com\/cepovisa\/#organization","name":"Cepovisa","url":"https:\/\/riberasalud.com\/cepovisa\/","logo":{"@type":"ImageObject","inLanguage":"es","@id":"https:\/\/riberasalud.com\/cepovisa\/#\/schema\/logo\/image\/","url":"https:\/\/riberasalud.com\/cepovisa\/wp-content\/uploads\/2024\/08\/cropped-FORMACIONPROFESIONAL-cepivsa-logo.png","contentUrl":"https:\/\/riberasalud.com\/cepovisa\/wp-content\/uploads\/2024\/08\/cropped-FORMACIONPROFESIONAL-cepivsa-logo.png","width":847,"height":94,"caption":"Cepovisa"},"image":{"@id":"https:\/\/riberasalud.com\/cepovisa\/#\/schema\/logo\/image\/"}}]}},"_links":{"self":[{"href":"https:\/\/riberasalud.com\/cepovisa\/wp-json\/wp\/v2\/pages\/1057","targetHints":{"allow":["GET"]}}],"collection":[{"href":"https:\/\/riberasalud.com\/cepovisa\/wp-json\/wp\/v2\/pages"}],"about":[{"href":"https:\/\/riberasalud.com\/cepovisa\/wp-json\/wp\/v2\/types\/page"}],"author":[{"embeddable":true,"href":"https:\/\/riberasalud.com\/cepovisa\/wp-json\/wp\/v2\/users\/2"}],"replies":[{"embeddable":true,"href":"https:\/\/riberasalud.com\/cepovisa\/wp-json\/wp\/v2\/comments?post=1057"}],"version-history":[{"count":1,"href":"https:\/\/riberasalud.com\/cepovisa\/wp-json\/wp\/v2\/pages\/1057\/revisions"}],"predecessor-version":[{"id":1058,"href":"https:\/\/riberasalud.com\/cepovisa\/wp-json\/wp\/v2\/pages\/1057\/revisions\/1058"}],"up":[{"embeddable":true,"href":"https:\/\/riberasalud.com\/cepovisa\/wp-json\/wp\/v2\/pages\/521"}],"wp:attachment":[{"href":"https:\/\/riberasalud.com\/cepovisa\/wp-json\/wp\/v2\/media?parent=1057"}],"curies":[{"name":"wp","href":"https:\/\/api.w.org\/{rel}","templated":true}]}}