{"id":10345,"date":"2026-03-27T12:04:28","date_gmt":"2026-03-27T12:04:28","guid":{"rendered":"https:\/\/riberasalud.com\/cepovisa\/?page_id=10345"},"modified":"2026-04-07T07:24:07","modified_gmt":"2026-04-07T07:24:07","slug":"cursos-microcredenciales","status":"publish","type":"page","link":"https:\/\/riberasalud.com\/cepovisa\/cursos-microcredenciales\/","title":{"rendered":"Cursos microcredenciales"},"content":{"rendered":"\n<div class=\"wp-block-group slidermicrocredenciales\"><div class=\"wp-block-group__inner-container is-layout-flow wp-block-group-is-layout-flow\">\n<div class=\"wp-block-columns is-layout-flex wp-container-core-columns-is-layout-9d6595d7 wp-block-columns-is-layout-flex\">\n<div class=\"wp-block-column is-vertically-aligned-center is-layout-flow wp-block-column-is-layout-flow\">\n<h1 class=\"wp-block-heading\">Cursos microcredenciales<\/h1>\n\n\n\n<p>Consulta la agenda para descubrir cursos que complementan tu formaci\u00f3n<\/p>\n<\/div>\n\n\n\n<div class=\"wp-block-column columnaformulario onlydesktop is-layout-flow wp-block-column-is-layout-flow\">\n<div style=\"height:206px\" aria-hidden=\"true\" class=\"wp-block-spacer ocultarmovil\"><\/div>\n<\/div>\n<\/div>\n<\/div><\/div>\n\n\n\n<div class=\"wp-block-group\"><div class=\"wp-block-group__inner-container is-layout-flow wp-block-group-is-layout-flow\">\n<p>Los cursos de microcredenciales son formaciones breves, pr\u00e1cticas y especializadas orientadas a la adquisici\u00f3n de competencias concretas, adaptadas a las demandas actuales del entorno profesional. Se caracterizan por su flexibilidad, estructura modular y posibilidad de combinarse entre s\u00ed para construir itinerarios formativos personalizados. Est\u00e1n dirigidos a estudiantes que desean actualizar sus conocimientos, mejorar su empleabilidad o adquirir nuevas habilidades. <\/p>\n\n\n\n<p>Estos cursos se alinean con las necesidades reales del mercado laboral, facilitando una formaci\u00f3n accesible, adaptable y orientada a la pr\u00e1ctica.<\/p>\n\n\n\n<div style=\"height:40px\" aria-hidden=\"true\" class=\"wp-block-spacer\"><\/div>\n\n\n\n<h2 class=\"wp-block-heading has-text-align-center\">Agenda de cursos<\/h2>\n\n\n\n<div style=\"height:15px\" aria-hidden=\"true\" class=\"wp-block-spacer\"><\/div>\n\n\n\n<div class=\"wp-block-columns is-layout-flex wp-container-core-columns-is-layout-9d6595d7 wp-block-columns-is-layout-flex\">\n<div class=\"wp-block-column bannersolotexto bloquejornadadestacado has-background is-layout-flow wp-block-column-is-layout-flow\" style=\"background-color:#f2f2f2\">\n<figure class=\"wp-block-image size-full fotoredonda\"><img loading=\"lazy\" decoding=\"async\" width=\"600\" height=\"318\" src=\"https:\/\/riberasalud.com\/cepovisa\/wp-content\/uploads\/2026\/03\/3Introduccion-a-las-emergencias-y-los-servicios-de-emergencia.jpg\" alt=\"Introducci\u00f3n a las emergencias y los servicios de emergencia\" class=\"wp-image-10374\" srcset=\"https:\/\/riberasalud.com\/cepovisa\/wp-content\/uploads\/2026\/03\/3Introduccion-a-las-emergencias-y-los-servicios-de-emergencia.jpg 600w, https:\/\/riberasalud.com\/cepovisa\/wp-content\/uploads\/2026\/03\/3Introduccion-a-las-emergencias-y-los-servicios-de-emergencia-300x159.jpg 300w\" sizes=\"auto, (max-width: 600px) 100vw, 600px\" \/><\/figure>\n\n\n\n<div style=\"height:18px\" aria-hidden=\"true\" class=\"wp-block-spacer\"><\/div>\n\n\n\n<h3 class=\"wp-block-heading has-contrast-color has-text-color has-link-color wp-elements-0a1e55f459f15afe4fb486b288d85103\" style=\"font-size:24px\"><strong>Introducci\u00f3n a las emergencias y los servicios de emergencia<\/strong><\/h3>\n\n\n\n<p class=\"has-text-color has-link-color wp-elements-c566b79cff88e95b8db7863502f9558e\" style=\"color:#d71029\">INSCRIPCI\u00d3N 27\/03\/2026 \u2013 09\/04\/2026<br>MATR\u00cdCULA 10\/04\/2026 \u2013 12\/04\/2026<\/p>\n\n\n\n<p><strong>Inicio del curso: <\/strong>14 de abril de 2026<br><strong>Fin del curso: <\/strong>15 de mayo de 2026<br><strong>Cr\u00e9ditos:<\/strong> 3.0 ECTS<br><strong>Modalidad: <\/strong>Semipresencial<\/p>\n\n\n\n<p>Curso pr\u00e1ctico e introductorio que te prepara para actuar en situaciones de urgencias y emergencias. Aprende a reconocer casos graves, realizar valoraciones iniciales y comprender el trabajo en equipo sanitario, complementando tu formaci\u00f3n acad\u00e9mica.<\/p>\n\n\n\n<p><a href=\"https:\/\/cpfp.uvigo.gal\/gl\/estudos\/titulos-propios\/id1301-1\/\" target=\"_blank\" rel=\"noreferrer noopener\"><strong>M\u00e1s informaci\u00f3n \u2192<\/strong><\/a><\/p>\n\n\n\n<div style=\"height:18px\" aria-hidden=\"true\" class=\"wp-block-spacer\"><\/div>\n<\/div>\n\n\n\n<div class=\"wp-block-column bannersolotexto bloquejornadadestacado has-background is-layout-flow wp-block-column-is-layout-flow\" style=\"background-color:#f2f2f2\">\n<figure class=\"wp-block-image size-full fotoredonda\"><img loading=\"lazy\" decoding=\"async\" width=\"600\" height=\"318\" src=\"https:\/\/riberasalud.com\/cepovisa\/wp-content\/uploads\/2026\/03\/Abordaje-al-paciente-critico.jpg\" alt=\"Abordaje al paciente cr\u00edtico\" class=\"wp-image-10376\" srcset=\"https:\/\/riberasalud.com\/cepovisa\/wp-content\/uploads\/2026\/03\/Abordaje-al-paciente-critico.jpg 600w, https:\/\/riberasalud.com\/cepovisa\/wp-content\/uploads\/2026\/03\/Abordaje-al-paciente-critico-300x159.jpg 300w\" sizes=\"auto, (max-width: 600px) 100vw, 600px\" \/><\/figure>\n\n\n\n<div style=\"height:18px\" aria-hidden=\"true\" class=\"wp-block-spacer\"><\/div>\n\n\n\n<h3 class=\"wp-block-heading has-contrast-color has-text-color has-link-color wp-elements-1226c905126aa94c357e9576d5174074\" style=\"font-size:24px\"><strong>Abordaje al paciente cr\u00edtico<\/strong><\/h3>\n\n\n\n<p class=\"has-text-color has-link-color wp-elements-30ca45be0feface7b3d3e12e58a4c222\" style=\"color:#d71029\">INSCRIPCI\u00d3N 27\/03\/2026 \u2013 09\/04\/2026<br>MATR\u00cdCULA 10\/04\/2026 \u2013 13\/04\/2026<\/p>\n\n\n\n<p><strong>Inicio del curso: <\/strong>15 de abril de 2026<br><strong>Fin del curso: <\/strong>27 de mayo de 2026<br><strong>Cr\u00e9ditos:<\/strong> 4.0 ECTS<br><strong>Modalidad: <\/strong>Presencial<\/p>\n\n\n\n<p>Formaci\u00f3n en el manejo del paciente cr\u00edtico, combinando conocimientos fisiopatol\u00f3gicos con pr\u00e1cticas actuales. Desarrollar\u00e1s competencias en monitorizaci\u00f3n, detecci\u00f3n de situaciones graves y actuaci\u00f3n en UCI basada en protocolos. Incluye el abordaje de patolog\u00edas frecuentes y el uso de t\u00e9cnicas especializadas clave.<\/p>\n\n\n\n<div style=\"height:10px\" aria-hidden=\"true\" class=\"wp-block-spacer onlydesktop\"><\/div>\n\n\n\n<p><a href=\"https:\/\/share.google\/NoaT9ETFMQiWDukRJ\" target=\"_blank\" rel=\"noreferrer noopener\"><strong>M\u00e1s informaci\u00f3n \u2192<\/strong><\/a><\/p>\n\n\n\n<div style=\"height:18px\" aria-hidden=\"true\" class=\"wp-block-spacer\"><\/div>\n<\/div>\n<\/div>\n<\/div><\/div>\n","protected":false},"excerpt":{"rendered":"<p>Cursos microcredenciales Consulta la agenda para descubrir cursos que complementan tu formaci\u00f3n Los cursos de microcredenciales son formaciones breves, pr\u00e1cticas y especializadas orientadas a la adquisici\u00f3n de competencias concretas, adaptadas a las demandas actuales del entorno profesional. Se caracterizan por su flexibilidad, estructura modular y posibilidad de combinarse entre s\u00ed para construir itinerarios formativos personalizados. &#8230; <a title=\"Cursos microcredenciales\" class=\"read-more\" href=\"https:\/\/riberasalud.com\/cepovisa\/cursos-microcredenciales\/\" aria-label=\"Leer m\u00e1s sobre Cursos microcredenciales\">Leer m\u00e1s<\/a><\/p>\n","protected":false},"author":5,"featured_media":0,"parent":0,"menu_order":0,"comment_status":"closed","ping_status":"closed","template":"","meta":{"_mi_skip_tracking":false,"footnotes":""},"class_list":["post-10345","page","type-page","status-publish"],"yoast_head":"<!-- This site is optimized with the Yoast SEO plugin v26.6 - https:\/\/yoast.com\/wordpress\/plugins\/seo\/ -->\n<title>Cursos microcredenciales - Cepovisa<\/title>\n<meta name=\"description\" content=\"Estos cursos se alinean con las necesidades reales del mercado laboral, facilitando una formaci\u00f3n adaptable y orientada a la pr\u00e1ctica.\" \/>\n<meta name=\"robots\" content=\"index, follow, max-snippet:-1, max-image-preview:large, max-video-preview:-1\" \/>\n<link rel=\"canonical\" href=\"https:\/\/riberasalud.com\/cepovisa\/cursos-microcredenciales\/\" \/>\n<meta property=\"og:locale\" content=\"es_ES\" \/>\n<meta property=\"og:type\" content=\"article\" \/>\n<meta property=\"og:title\" content=\"Cursos microcredenciales - Cepovisa\" \/>\n<meta property=\"og:description\" content=\"Estos cursos se alinean con las necesidades reales del mercado laboral, facilitando una formaci\u00f3n adaptable y orientada a la pr\u00e1ctica.\" \/>\n<meta property=\"og:url\" content=\"https:\/\/riberasalud.com\/cepovisa\/cursos-microcredenciales\/\" \/>\n<meta property=\"og:site_name\" content=\"Cepovisa\" \/>\n<meta property=\"article:modified_time\" content=\"2026-04-07T07:24:07+00:00\" \/>\n<meta property=\"og:image\" content=\"https:\/\/riberasalud.com\/cepovisa\/wp-content\/uploads\/2026\/03\/3Introduccion-a-las-emergencias-y-los-servicios-de-emergencia.jpg\" \/>\n\t<meta property=\"og:image:width\" content=\"600\" \/>\n\t<meta property=\"og:image:height\" content=\"318\" \/>\n\t<meta property=\"og:image:type\" content=\"image\/jpeg\" \/>\n<meta name=\"twitter:card\" content=\"summary_large_image\" \/>\n<meta name=\"twitter:label1\" content=\"Tiempo de lectura\" \/>\n\t<meta name=\"twitter:data1\" content=\"2 minutos\" \/>\n<script type=\"application\/ld+json\" class=\"yoast-schema-graph\">{\"@context\":\"https:\/\/schema.org\",\"@graph\":[{\"@type\":\"WebPage\",\"@id\":\"https:\/\/riberasalud.com\/cepovisa\/cursos-microcredenciales\/\",\"url\":\"https:\/\/riberasalud.com\/cepovisa\/cursos-microcredenciales\/\",\"name\":\"Cursos microcredenciales - Cepovisa\",\"isPartOf\":{\"@id\":\"https:\/\/riberasalud.com\/cepovisa\/#website\"},\"primaryImageOfPage\":{\"@id\":\"https:\/\/riberasalud.com\/cepovisa\/cursos-microcredenciales\/#primaryimage\"},\"image\":{\"@id\":\"https:\/\/riberasalud.com\/cepovisa\/cursos-microcredenciales\/#primaryimage\"},\"thumbnailUrl\":\"https:\/\/riberasalud.com\/cepovisa\/wp-content\/uploads\/2026\/03\/3Introduccion-a-las-emergencias-y-los-servicios-de-emergencia.jpg\",\"datePublished\":\"2026-03-27T12:04:28+00:00\",\"dateModified\":\"2026-04-07T07:24:07+00:00\",\"description\":\"Estos cursos se alinean con las necesidades reales del mercado laboral, facilitando una formaci\u00f3n adaptable y orientada a la pr\u00e1ctica.\",\"breadcrumb\":{\"@id\":\"https:\/\/riberasalud.com\/cepovisa\/cursos-microcredenciales\/#breadcrumb\"},\"inLanguage\":\"es\",\"potentialAction\":[{\"@type\":\"ReadAction\",\"target\":[\"https:\/\/riberasalud.com\/cepovisa\/cursos-microcredenciales\/\"]}]},{\"@type\":\"ImageObject\",\"inLanguage\":\"es\",\"@id\":\"https:\/\/riberasalud.com\/cepovisa\/cursos-microcredenciales\/#primaryimage\",\"url\":\"https:\/\/riberasalud.com\/cepovisa\/wp-content\/uploads\/2026\/03\/3Introduccion-a-las-emergencias-y-los-servicios-de-emergencia.jpg\",\"contentUrl\":\"https:\/\/riberasalud.com\/cepovisa\/wp-content\/uploads\/2026\/03\/3Introduccion-a-las-emergencias-y-los-servicios-de-emergencia.jpg\",\"width\":600,\"height\":318,\"caption\":\"Introducci\u00f3n a las emergencias y los servicios de emergencia\"},{\"@type\":\"BreadcrumbList\",\"@id\":\"https:\/\/riberasalud.com\/cepovisa\/cursos-microcredenciales\/#breadcrumb\",\"itemListElement\":[{\"@type\":\"ListItem\",\"position\":1,\"name\":\"Portada\",\"item\":\"https:\/\/riberasalud.com\/cepovisa\/\"},{\"@type\":\"ListItem\",\"position\":2,\"name\":\"Cursos microcredenciales\"}]},{\"@type\":\"WebSite\",\"@id\":\"https:\/\/riberasalud.com\/cepovisa\/#website\",\"url\":\"https:\/\/riberasalud.com\/cepovisa\/\",\"name\":\"Cepovisa\",\"description\":\"\",\"publisher\":{\"@id\":\"https:\/\/riberasalud.com\/cepovisa\/#organization\"},\"potentialAction\":[{\"@type\":\"SearchAction\",\"target\":{\"@type\":\"EntryPoint\",\"urlTemplate\":\"https:\/\/riberasalud.com\/cepovisa\/?s={search_term_string}\"},\"query-input\":{\"@type\":\"PropertyValueSpecification\",\"valueRequired\":true,\"valueName\":\"search_term_string\"}}],\"inLanguage\":\"es\"},{\"@type\":\"Organization\",\"@id\":\"https:\/\/riberasalud.com\/cepovisa\/#organization\",\"name\":\"Cepovisa\",\"url\":\"https:\/\/riberasalud.com\/cepovisa\/\",\"logo\":{\"@type\":\"ImageObject\",\"inLanguage\":\"es\",\"@id\":\"https:\/\/riberasalud.com\/cepovisa\/#\/schema\/logo\/image\/\",\"url\":\"https:\/\/riberasalud.com\/cepovisa\/wp-content\/uploads\/2024\/08\/cropped-FORMACIONPROFESIONAL-cepivsa-logo.png\",\"contentUrl\":\"https:\/\/riberasalud.com\/cepovisa\/wp-content\/uploads\/2024\/08\/cropped-FORMACIONPROFESIONAL-cepivsa-logo.png\",\"width\":847,\"height\":94,\"caption\":\"Cepovisa\"},\"image\":{\"@id\":\"https:\/\/riberasalud.com\/cepovisa\/#\/schema\/logo\/image\/\"}}]}<\/script>\n<!-- \/ Yoast SEO plugin. -->","yoast_head_json":{"title":"Cursos microcredenciales - Cepovisa","description":"Estos cursos se alinean con las necesidades reales del mercado laboral, facilitando una formaci\u00f3n adaptable y orientada a la pr\u00e1ctica.","robots":{"index":"index","follow":"follow","max-snippet":"max-snippet:-1","max-image-preview":"max-image-preview:large","max-video-preview":"max-video-preview:-1"},"canonical":"https:\/\/riberasalud.com\/cepovisa\/cursos-microcredenciales\/","og_locale":"es_ES","og_type":"article","og_title":"Cursos microcredenciales - Cepovisa","og_description":"Estos cursos se alinean con las necesidades reales del mercado laboral, facilitando una formaci\u00f3n adaptable y orientada a la pr\u00e1ctica.","og_url":"https:\/\/riberasalud.com\/cepovisa\/cursos-microcredenciales\/","og_site_name":"Cepovisa","article_modified_time":"2026-04-07T07:24:07+00:00","og_image":[{"width":600,"height":318,"url":"https:\/\/riberasalud.com\/cepovisa\/wp-content\/uploads\/2026\/03\/3Introduccion-a-las-emergencias-y-los-servicios-de-emergencia.jpg","type":"image\/jpeg"}],"twitter_card":"summary_large_image","twitter_misc":{"Tiempo de lectura":"2 minutos"},"schema":{"@context":"https:\/\/schema.org","@graph":[{"@type":"WebPage","@id":"https:\/\/riberasalud.com\/cepovisa\/cursos-microcredenciales\/","url":"https:\/\/riberasalud.com\/cepovisa\/cursos-microcredenciales\/","name":"Cursos microcredenciales - Cepovisa","isPartOf":{"@id":"https:\/\/riberasalud.com\/cepovisa\/#website"},"primaryImageOfPage":{"@id":"https:\/\/riberasalud.com\/cepovisa\/cursos-microcredenciales\/#primaryimage"},"image":{"@id":"https:\/\/riberasalud.com\/cepovisa\/cursos-microcredenciales\/#primaryimage"},"thumbnailUrl":"https:\/\/riberasalud.com\/cepovisa\/wp-content\/uploads\/2026\/03\/3Introduccion-a-las-emergencias-y-los-servicios-de-emergencia.jpg","datePublished":"2026-03-27T12:04:28+00:00","dateModified":"2026-04-07T07:24:07+00:00","description":"Estos cursos se alinean con las necesidades reales del mercado laboral, facilitando una formaci\u00f3n adaptable y orientada a la pr\u00e1ctica.","breadcrumb":{"@id":"https:\/\/riberasalud.com\/cepovisa\/cursos-microcredenciales\/#breadcrumb"},"inLanguage":"es","potentialAction":[{"@type":"ReadAction","target":["https:\/\/riberasalud.com\/cepovisa\/cursos-microcredenciales\/"]}]},{"@type":"ImageObject","inLanguage":"es","@id":"https:\/\/riberasalud.com\/cepovisa\/cursos-microcredenciales\/#primaryimage","url":"https:\/\/riberasalud.com\/cepovisa\/wp-content\/uploads\/2026\/03\/3Introduccion-a-las-emergencias-y-los-servicios-de-emergencia.jpg","contentUrl":"https:\/\/riberasalud.com\/cepovisa\/wp-content\/uploads\/2026\/03\/3Introduccion-a-las-emergencias-y-los-servicios-de-emergencia.jpg","width":600,"height":318,"caption":"Introducci\u00f3n a las emergencias y los servicios de emergencia"},{"@type":"BreadcrumbList","@id":"https:\/\/riberasalud.com\/cepovisa\/cursos-microcredenciales\/#breadcrumb","itemListElement":[{"@type":"ListItem","position":1,"name":"Portada","item":"https:\/\/riberasalud.com\/cepovisa\/"},{"@type":"ListItem","position":2,"name":"Cursos microcredenciales"}]},{"@type":"WebSite","@id":"https:\/\/riberasalud.com\/cepovisa\/#website","url":"https:\/\/riberasalud.com\/cepovisa\/","name":"Cepovisa","description":"","publisher":{"@id":"https:\/\/riberasalud.com\/cepovisa\/#organization"},"potentialAction":[{"@type":"SearchAction","target":{"@type":"EntryPoint","urlTemplate":"https:\/\/riberasalud.com\/cepovisa\/?s={search_term_string}"},"query-input":{"@type":"PropertyValueSpecification","valueRequired":true,"valueName":"search_term_string"}}],"inLanguage":"es"},{"@type":"Organization","@id":"https:\/\/riberasalud.com\/cepovisa\/#organization","name":"Cepovisa","url":"https:\/\/riberasalud.com\/cepovisa\/","logo":{"@type":"ImageObject","inLanguage":"es","@id":"https:\/\/riberasalud.com\/cepovisa\/#\/schema\/logo\/image\/","url":"https:\/\/riberasalud.com\/cepovisa\/wp-content\/uploads\/2024\/08\/cropped-FORMACIONPROFESIONAL-cepivsa-logo.png","contentUrl":"https:\/\/riberasalud.com\/cepovisa\/wp-content\/uploads\/2024\/08\/cropped-FORMACIONPROFESIONAL-cepivsa-logo.png","width":847,"height":94,"caption":"Cepovisa"},"image":{"@id":"https:\/\/riberasalud.com\/cepovisa\/#\/schema\/logo\/image\/"}}]}},"_links":{"self":[{"href":"https:\/\/riberasalud.com\/cepovisa\/wp-json\/wp\/v2\/pages\/10345","targetHints":{"allow":["GET"]}}],"collection":[{"href":"https:\/\/riberasalud.com\/cepovisa\/wp-json\/wp\/v2\/pages"}],"about":[{"href":"https:\/\/riberasalud.com\/cepovisa\/wp-json\/wp\/v2\/types\/page"}],"author":[{"embeddable":true,"href":"https:\/\/riberasalud.com\/cepovisa\/wp-json\/wp\/v2\/users\/5"}],"replies":[{"embeddable":true,"href":"https:\/\/riberasalud.com\/cepovisa\/wp-json\/wp\/v2\/comments?post=10345"}],"version-history":[{"count":52,"href":"https:\/\/riberasalud.com\/cepovisa\/wp-json\/wp\/v2\/pages\/10345\/revisions"}],"predecessor-version":[{"id":10422,"href":"https:\/\/riberasalud.com\/cepovisa\/wp-json\/wp\/v2\/pages\/10345\/revisions\/10422"}],"wp:attachment":[{"href":"https:\/\/riberasalud.com\/cepovisa\/wp-json\/wp\/v2\/media?parent=10345"}],"curies":[{"name":"wp","href":"https:\/\/api.w.org\/{rel}","templated":true}]}}