{"id":1028,"date":"2022-06-29T13:03:22","date_gmt":"2022-06-29T13:03:22","guid":{"rendered":"https:\/\/riberasalud.com\/cepovisa\/?page_id=1028"},"modified":"2025-08-18T12:34:52","modified_gmt":"2025-08-18T12:34:52","slug":"presentacion","status":"publish","type":"page","link":"https:\/\/riberasalud.com\/cepovisa\/escuela-universitaria\/presentacion\/","title":{"rendered":"Presentaci\u00f3n"},"content":{"rendered":"\n<div class=\"wp-block-group bannersolotexto\"><div class=\"wp-block-group__inner-container is-layout-flow wp-block-group-is-layout-flow\">\n<h1 class=\"wp-block-heading\">Presentaci\u00f3n<\/h1>\n\n\n\n<p>Nuestra escuela de Enfermeria<\/p>\n<\/div><\/div>\n\n\n\n<div class=\"wp-block-group\"><div class=\"wp-block-group__inner-container is-layout-flow wp-block-group-is-layout-flow\">\n<figure class=\"wp-block-image size-large fotoredonda\"><img loading=\"lazy\" decoding=\"async\" width=\"1024\" height=\"224\" src=\"https:\/\/riberasalud.com\/cepovisa\/wp-content\/uploads\/2022\/07\/banner-3-1024x224.png\" alt=\"\" class=\"wp-image-4939\" srcset=\"https:\/\/riberasalud.com\/cepovisa\/wp-content\/uploads\/2022\/07\/banner-3-1024x224.png 1024w, https:\/\/riberasalud.com\/cepovisa\/wp-content\/uploads\/2022\/07\/banner-3-300x66.png 300w, https:\/\/riberasalud.com\/cepovisa\/wp-content\/uploads\/2022\/07\/banner-3-768x168.png 768w, https:\/\/riberasalud.com\/cepovisa\/wp-content\/uploads\/2022\/07\/banner-3.png 1536w\" sizes=\"auto, (max-width: 1024px) 100vw, 1024px\" \/><\/figure>\n\n\n\n<div style=\"height:20px\" aria-hidden=\"true\" class=\"wp-block-spacer\"><\/div>\n\n\n\n<p><strong>RESPONSABLE DE TITULACI\u00d3N<\/strong><\/p>\n\n\n\n<p>Mar\u00eda Gir\u00e1ldez Miranda &nbsp; <a href=\"mailto:subdireccion@cepovisa.com\">subdireccion@cepovisa.com<\/a><\/p>\n\n\n\n<p><strong><strong>COORDINADOR\/A T\u00cdTULO&nbsp;<\/strong><\/strong><\/p>\n\n\n\n<p>Mar\u00eda Gir\u00e1ldez Miranda &nbsp; <a href=\"mailto:subdireccion@cepovisa.com\">subdireccion@cepovisa.com<\/a><\/p>\n\n\n\n<div class=\"wp-block-columns columnanomarginbottom is-layout-flex wp-container-core-columns-is-layout-9d6595d7 wp-block-columns-is-layout-flex\">\n<div class=\"wp-block-column is-layout-flow wp-block-column-is-layout-flow\">\n<h3 class=\"wp-block-heading has-text-align-left\"><strong> <\/strong><\/h3>\n\n\n\n<h3 class=\"wp-block-heading has-text-align-left\"><strong>DESCRIPCI\u00d3N DEL T\u00cdTULO<\/strong><\/h3>\n\n\n\n<ul class=\"wp-block-list\">\n<li><a href=\"https:\/\/riberasalud.com\/cepovisa\/wp-content\/uploads\/2022\/06\/PDF-1_-Descripcio\u0301n-ti\u0301tulo.pdf\">Descargar aqu\u00ed<\/a><\/li>\n<\/ul>\n<\/div>\n\n\n\n<div class=\"wp-block-column is-layout-flow wp-block-column-is-layout-flow\">\n<h3 class=\"wp-block-heading has-text-align-left\"><strong>MEMORIA VIGENTE<\/strong><\/h3>\n\n\n\n<ul class=\"wp-block-list\">\n<li><a href=\"https:\/\/www.riberasalud.com\/cepovisa\/wp-content\/uploads\/2025\/08\/Memoria_definitiva_Ministerio_Enfermaria_2025.pdf\" target=\"_blank\" rel=\"noreferrer noopener\">Descargar aqu\u00ed<\/a><\/li>\n\n\n\n<li><a href=\"https:\/\/riberasalud.com\/cepovisa\/wp-content\/uploads\/2022\/06\/PDF-2-Memoria_final_GradoEnfermeria.pdf\">Memoria plan de estudios en extinci\u00f3n<\/a><\/li>\n<\/ul>\n<\/div>\n<\/div>\n\n\n\n<div class=\"wp-block-columns columnanomarginbottom is-layout-flex wp-container-core-columns-is-layout-9d6595d7 wp-block-columns-is-layout-flex\">\n<div class=\"wp-block-column is-layout-flow wp-block-column-is-layout-flow\">\n<h3 class=\"wp-block-heading has-text-align-left\"><strong>JUSTIFICACI\u00d3N DEL T\u00cdTULO<\/strong><\/h3>\n\n\n\n<ul class=\"wp-block-list\">\n<li><a href=\"https:\/\/riberasalud.com\/cepovisa\/wp-content\/uploads\/2022\/06\/PDF-3-JUSTIFICACIO\u0301N-Ti\u0301tulo.pdf\">Descargar aqu\u00ed<\/a><\/li>\n<\/ul>\n<\/div>\n\n\n\n<div class=\"wp-block-column is-layout-flow wp-block-column-is-layout-flow\">\n<h3 class=\"wp-block-heading has-text-align-left\"><strong>ACCESO Y ADMISI\u00d3N<\/strong><\/h3>\n\n\n\n<ul class=\"wp-block-list\">\n<li><a href=\"https:\/\/ciug.gal\/gal\">Comisi\u00f3n interuniversitaria de Galicia&nbsp;<\/a><\/li>\n\n\n\n<li><a href=\"https:\/\/www.uvigo.gal\/\">Informaci\u00f3n de apoio ao estudantado <\/a><\/li>\n\n\n\n<li><a href=\"https:\/\/www.uvigo.gal\/estudar\/xestions-estudantes\/matriculate\/matricula-graos\">Matr\u00edcula&nbsp;<\/a><\/li>\n\n\n\n<li>Oferta plazas Curso 2023\/ 2024 (80 plazas para 1\u00ba curso y 6 traslados)&nbsp; <\/li>\n<\/ul>\n\n\n\n<p><\/p>\n\n\n\n<ul class=\"wp-block-list\">\n<li><a href=\"http:\/\/captacion.uvigo.es\/gl\/por-ambito\/ciencias-da-saude\/\">Notas de acceso&nbsp; <\/a><\/li>\n\n\n\n<li><a href=\"https:\/\/ciug.gal\/gal\">Calendario de preinscripci\u00f3n<\/a><\/li>\n<\/ul>\n\n\n\n<p><\/p>\n\n\n\n<p>&nbsp; &nbsp;<\/p>\n<\/div>\n<\/div>\n\n\n\n<div class=\"wp-block-columns columnanomarginbottom is-layout-flex wp-container-core-columns-is-layout-9d6595d7 wp-block-columns-is-layout-flex\">\n<div class=\"wp-block-column is-layout-flow wp-block-column-is-layout-flow\"><\/div>\n<\/div>\n<\/div><\/div>\n\n\n\n<p><\/p>\n","protected":false},"excerpt":{"rendered":"<p>Presentaci\u00f3n Nuestra escuela de Enfermeria RESPONSABLE DE TITULACI\u00d3N Mar\u00eda Gir\u00e1ldez Miranda &nbsp; subdireccion@cepovisa.com COORDINADOR\/A T\u00cdTULO&nbsp; Mar\u00eda Gir\u00e1ldez Miranda &nbsp; subdireccion@cepovisa.com DESCRIPCI\u00d3N DEL T\u00cdTULO MEMORIA VIGENTE JUSTIFICACI\u00d3N DEL T\u00cdTULO ACCESO Y ADMISI\u00d3N &nbsp; &nbsp;<\/p>\n","protected":false},"author":2,"featured_media":0,"parent":665,"menu_order":0,"comment_status":"closed","ping_status":"closed","template":"","meta":{"_mi_skip_tracking":false,"footnotes":""},"class_list":["post-1028","page","type-page","status-publish"],"yoast_head":"<!-- This site is optimized with the Yoast SEO plugin v26.6 - https:\/\/yoast.com\/wordpress\/plugins\/seo\/ -->\n<title>Presentaci\u00f3n - Cepovisa<\/title>\n<meta name=\"description\" content=\"Presentaci\u00f3n Nuestra escuela de Enfermeria RESPONSABLE DE TITULACI\u00d3N Mar\u00eda Gir\u00e1ldez Miranda &nbsp; subdireccion@cepovisa.com COORDINADOR\/A T\u00cdTULO&nbsp;\" \/>\n<meta name=\"robots\" content=\"index, follow, max-snippet:-1, max-image-preview:large, max-video-preview:-1\" \/>\n<link rel=\"canonical\" href=\"https:\/\/riberasalud.com\/cepovisa\/escuela-universitaria\/presentacion\/\" \/>\n<meta property=\"og:locale\" content=\"es_ES\" \/>\n<meta property=\"og:type\" content=\"article\" \/>\n<meta property=\"og:title\" content=\"Presentaci\u00f3n - Cepovisa\" \/>\n<meta property=\"og:description\" content=\"Presentaci\u00f3n Nuestra escuela de Enfermeria RESPONSABLE DE TITULACI\u00d3N Mar\u00eda Gir\u00e1ldez Miranda &nbsp; subdireccion@cepovisa.com COORDINADOR\/A T\u00cdTULO&nbsp;\" \/>\n<meta property=\"og:url\" content=\"https:\/\/riberasalud.com\/cepovisa\/escuela-universitaria\/presentacion\/\" \/>\n<meta property=\"og:site_name\" content=\"Cepovisa\" \/>\n<meta property=\"article:modified_time\" content=\"2025-08-18T12:34:52+00:00\" \/>\n<meta property=\"og:image\" content=\"https:\/\/riberasalud.com\/cepovisa\/wp-content\/uploads\/2022\/07\/banner-3-1024x224.png\" \/>\n<meta name=\"twitter:card\" content=\"summary_large_image\" \/>\n<meta name=\"twitter:label1\" content=\"Tiempo de lectura\" \/>\n\t<meta name=\"twitter:data1\" content=\"1 minuto\" \/>\n<script type=\"application\/ld+json\" class=\"yoast-schema-graph\">{\"@context\":\"https:\/\/schema.org\",\"@graph\":[{\"@type\":\"WebPage\",\"@id\":\"https:\/\/riberasalud.com\/cepovisa\/escuela-universitaria\/presentacion\/\",\"url\":\"https:\/\/riberasalud.com\/cepovisa\/escuela-universitaria\/presentacion\/\",\"name\":\"Presentaci\u00f3n - Cepovisa\",\"isPartOf\":{\"@id\":\"https:\/\/riberasalud.com\/cepovisa\/#website\"},\"primaryImageOfPage\":{\"@id\":\"https:\/\/riberasalud.com\/cepovisa\/escuela-universitaria\/presentacion\/#primaryimage\"},\"image\":{\"@id\":\"https:\/\/riberasalud.com\/cepovisa\/escuela-universitaria\/presentacion\/#primaryimage\"},\"thumbnailUrl\":\"https:\/\/riberasalud.com\/cepovisa\/wp-content\/uploads\/2022\/07\/banner-3-1024x224.png\",\"datePublished\":\"2022-06-29T13:03:22+00:00\",\"dateModified\":\"2025-08-18T12:34:52+00:00\",\"description\":\"Presentaci\u00f3n Nuestra escuela de Enfermeria RESPONSABLE DE TITULACI\u00d3N Mar\u00eda Gir\u00e1ldez Miranda &nbsp; subdireccion@cepovisa.com COORDINADOR\/A T\u00cdTULO&nbsp;\",\"breadcrumb\":{\"@id\":\"https:\/\/riberasalud.com\/cepovisa\/escuela-universitaria\/presentacion\/#breadcrumb\"},\"inLanguage\":\"es\",\"potentialAction\":[{\"@type\":\"ReadAction\",\"target\":[\"https:\/\/riberasalud.com\/cepovisa\/escuela-universitaria\/presentacion\/\"]}]},{\"@type\":\"ImageObject\",\"inLanguage\":\"es\",\"@id\":\"https:\/\/riberasalud.com\/cepovisa\/escuela-universitaria\/presentacion\/#primaryimage\",\"url\":\"https:\/\/riberasalud.com\/cepovisa\/wp-content\/uploads\/2022\/07\/banner-3.png\",\"contentUrl\":\"https:\/\/riberasalud.com\/cepovisa\/wp-content\/uploads\/2022\/07\/banner-3.png\",\"width\":1536,\"height\":336},{\"@type\":\"BreadcrumbList\",\"@id\":\"https:\/\/riberasalud.com\/cepovisa\/escuela-universitaria\/presentacion\/#breadcrumb\",\"itemListElement\":[{\"@type\":\"ListItem\",\"position\":1,\"name\":\"Portada\",\"item\":\"https:\/\/riberasalud.com\/cepovisa\/\"},{\"@type\":\"ListItem\",\"position\":2,\"name\":\"Escuela Universitaria de enfermer\u00eda\",\"item\":\"https:\/\/riberasalud.com\/cepovisa\/escuela-universitaria\/\"},{\"@type\":\"ListItem\",\"position\":3,\"name\":\"Presentaci\u00f3n\"}]},{\"@type\":\"WebSite\",\"@id\":\"https:\/\/riberasalud.com\/cepovisa\/#website\",\"url\":\"https:\/\/riberasalud.com\/cepovisa\/\",\"name\":\"Cepovisa\",\"description\":\"\",\"publisher\":{\"@id\":\"https:\/\/riberasalud.com\/cepovisa\/#organization\"},\"potentialAction\":[{\"@type\":\"SearchAction\",\"target\":{\"@type\":\"EntryPoint\",\"urlTemplate\":\"https:\/\/riberasalud.com\/cepovisa\/?s={search_term_string}\"},\"query-input\":{\"@type\":\"PropertyValueSpecification\",\"valueRequired\":true,\"valueName\":\"search_term_string\"}}],\"inLanguage\":\"es\"},{\"@type\":\"Organization\",\"@id\":\"https:\/\/riberasalud.com\/cepovisa\/#organization\",\"name\":\"Cepovisa\",\"url\":\"https:\/\/riberasalud.com\/cepovisa\/\",\"logo\":{\"@type\":\"ImageObject\",\"inLanguage\":\"es\",\"@id\":\"https:\/\/riberasalud.com\/cepovisa\/#\/schema\/logo\/image\/\",\"url\":\"https:\/\/riberasalud.com\/cepovisa\/wp-content\/uploads\/2024\/08\/cropped-FORMACIONPROFESIONAL-cepivsa-logo.png\",\"contentUrl\":\"https:\/\/riberasalud.com\/cepovisa\/wp-content\/uploads\/2024\/08\/cropped-FORMACIONPROFESIONAL-cepivsa-logo.png\",\"width\":847,\"height\":94,\"caption\":\"Cepovisa\"},\"image\":{\"@id\":\"https:\/\/riberasalud.com\/cepovisa\/#\/schema\/logo\/image\/\"}}]}<\/script>\n<!-- \/ Yoast SEO plugin. -->","yoast_head_json":{"title":"Presentaci\u00f3n - Cepovisa","description":"Presentaci\u00f3n Nuestra escuela de Enfermeria RESPONSABLE DE TITULACI\u00d3N Mar\u00eda Gir\u00e1ldez Miranda &nbsp; subdireccion@cepovisa.com COORDINADOR\/A T\u00cdTULO&nbsp;","robots":{"index":"index","follow":"follow","max-snippet":"max-snippet:-1","max-image-preview":"max-image-preview:large","max-video-preview":"max-video-preview:-1"},"canonical":"https:\/\/riberasalud.com\/cepovisa\/escuela-universitaria\/presentacion\/","og_locale":"es_ES","og_type":"article","og_title":"Presentaci\u00f3n - Cepovisa","og_description":"Presentaci\u00f3n Nuestra escuela de Enfermeria RESPONSABLE DE TITULACI\u00d3N Mar\u00eda Gir\u00e1ldez Miranda &nbsp; subdireccion@cepovisa.com COORDINADOR\/A T\u00cdTULO&nbsp;","og_url":"https:\/\/riberasalud.com\/cepovisa\/escuela-universitaria\/presentacion\/","og_site_name":"Cepovisa","article_modified_time":"2025-08-18T12:34:52+00:00","og_image":[{"url":"https:\/\/riberasalud.com\/cepovisa\/wp-content\/uploads\/2022\/07\/banner-3-1024x224.png","type":"","width":"","height":""}],"twitter_card":"summary_large_image","twitter_misc":{"Tiempo de lectura":"1 minuto"},"schema":{"@context":"https:\/\/schema.org","@graph":[{"@type":"WebPage","@id":"https:\/\/riberasalud.com\/cepovisa\/escuela-universitaria\/presentacion\/","url":"https:\/\/riberasalud.com\/cepovisa\/escuela-universitaria\/presentacion\/","name":"Presentaci\u00f3n - Cepovisa","isPartOf":{"@id":"https:\/\/riberasalud.com\/cepovisa\/#website"},"primaryImageOfPage":{"@id":"https:\/\/riberasalud.com\/cepovisa\/escuela-universitaria\/presentacion\/#primaryimage"},"image":{"@id":"https:\/\/riberasalud.com\/cepovisa\/escuela-universitaria\/presentacion\/#primaryimage"},"thumbnailUrl":"https:\/\/riberasalud.com\/cepovisa\/wp-content\/uploads\/2022\/07\/banner-3-1024x224.png","datePublished":"2022-06-29T13:03:22+00:00","dateModified":"2025-08-18T12:34:52+00:00","description":"Presentaci\u00f3n Nuestra escuela de Enfermeria RESPONSABLE DE TITULACI\u00d3N Mar\u00eda Gir\u00e1ldez Miranda &nbsp; subdireccion@cepovisa.com COORDINADOR\/A T\u00cdTULO&nbsp;","breadcrumb":{"@id":"https:\/\/riberasalud.com\/cepovisa\/escuela-universitaria\/presentacion\/#breadcrumb"},"inLanguage":"es","potentialAction":[{"@type":"ReadAction","target":["https:\/\/riberasalud.com\/cepovisa\/escuela-universitaria\/presentacion\/"]}]},{"@type":"ImageObject","inLanguage":"es","@id":"https:\/\/riberasalud.com\/cepovisa\/escuela-universitaria\/presentacion\/#primaryimage","url":"https:\/\/riberasalud.com\/cepovisa\/wp-content\/uploads\/2022\/07\/banner-3.png","contentUrl":"https:\/\/riberasalud.com\/cepovisa\/wp-content\/uploads\/2022\/07\/banner-3.png","width":1536,"height":336},{"@type":"BreadcrumbList","@id":"https:\/\/riberasalud.com\/cepovisa\/escuela-universitaria\/presentacion\/#breadcrumb","itemListElement":[{"@type":"ListItem","position":1,"name":"Portada","item":"https:\/\/riberasalud.com\/cepovisa\/"},{"@type":"ListItem","position":2,"name":"Escuela Universitaria de enfermer\u00eda","item":"https:\/\/riberasalud.com\/cepovisa\/escuela-universitaria\/"},{"@type":"ListItem","position":3,"name":"Presentaci\u00f3n"}]},{"@type":"WebSite","@id":"https:\/\/riberasalud.com\/cepovisa\/#website","url":"https:\/\/riberasalud.com\/cepovisa\/","name":"Cepovisa","description":"","publisher":{"@id":"https:\/\/riberasalud.com\/cepovisa\/#organization"},"potentialAction":[{"@type":"SearchAction","target":{"@type":"EntryPoint","urlTemplate":"https:\/\/riberasalud.com\/cepovisa\/?s={search_term_string}"},"query-input":{"@type":"PropertyValueSpecification","valueRequired":true,"valueName":"search_term_string"}}],"inLanguage":"es"},{"@type":"Organization","@id":"https:\/\/riberasalud.com\/cepovisa\/#organization","name":"Cepovisa","url":"https:\/\/riberasalud.com\/cepovisa\/","logo":{"@type":"ImageObject","inLanguage":"es","@id":"https:\/\/riberasalud.com\/cepovisa\/#\/schema\/logo\/image\/","url":"https:\/\/riberasalud.com\/cepovisa\/wp-content\/uploads\/2024\/08\/cropped-FORMACIONPROFESIONAL-cepivsa-logo.png","contentUrl":"https:\/\/riberasalud.com\/cepovisa\/wp-content\/uploads\/2024\/08\/cropped-FORMACIONPROFESIONAL-cepivsa-logo.png","width":847,"height":94,"caption":"Cepovisa"},"image":{"@id":"https:\/\/riberasalud.com\/cepovisa\/#\/schema\/logo\/image\/"}}]}},"_links":{"self":[{"href":"https:\/\/riberasalud.com\/cepovisa\/wp-json\/wp\/v2\/pages\/1028","targetHints":{"allow":["GET"]}}],"collection":[{"href":"https:\/\/riberasalud.com\/cepovisa\/wp-json\/wp\/v2\/pages"}],"about":[{"href":"https:\/\/riberasalud.com\/cepovisa\/wp-json\/wp\/v2\/types\/page"}],"author":[{"embeddable":true,"href":"https:\/\/riberasalud.com\/cepovisa\/wp-json\/wp\/v2\/users\/2"}],"replies":[{"embeddable":true,"href":"https:\/\/riberasalud.com\/cepovisa\/wp-json\/wp\/v2\/comments?post=1028"}],"version-history":[{"count":10,"href":"https:\/\/riberasalud.com\/cepovisa\/wp-json\/wp\/v2\/pages\/1028\/revisions"}],"predecessor-version":[{"id":9979,"href":"https:\/\/riberasalud.com\/cepovisa\/wp-json\/wp\/v2\/pages\/1028\/revisions\/9979"}],"up":[{"embeddable":true,"href":"https:\/\/riberasalud.com\/cepovisa\/wp-json\/wp\/v2\/pages\/665"}],"wp:attachment":[{"href":"https:\/\/riberasalud.com\/cepovisa\/wp-json\/wp\/v2\/media?parent=1028"}],"curies":[{"name":"wp","href":"https:\/\/api.w.org\/{rel}","templated":true}]}}