{"id":9943,"date":"2024-12-03T10:07:33","date_gmt":"2024-12-03T09:07:33","guid":{"rendered":"https:\/\/riberasalud.com\/cardiosalus\/?page_id=9943"},"modified":"2024-12-03T13:07:38","modified_gmt":"2024-12-03T12:07:38","slug":"terminos-y-condiciones","status":"publish","type":"page","link":"https:\/\/riberasalud.com\/cardiosalus\/terminos-y-condiciones\/","title":{"rendered":"T\u00c9RMINOS Y CONDICIONES"},"content":{"rendered":"\n<div class=\"wp-block-group hasbackgroundnaranja sliderlinea\"><div class=\"wp-block-group__inner-container is-layout-flow wp-block-group-is-layout-flow\">\n<p>SOMOS RIBERA CARDIOSALUS<\/p>\n\n\n\n<h1 class=\"wp-block-heading\">T\u00c9RMINOS Y CONDICIONES DE CONTRATACI\u00d3N<\/h1>\n<\/div><\/div>\n\n\n\n<div class=\"wp-block-group\"><div class=\"wp-block-group__inner-container is-layout-flow wp-block-group-is-layout-flow\">\n<p>El presente documento contiene los t\u00e9rminos y condiciones de compra de los servicios que DIETA Y SALUD CARDIOVASCULAR, S.L., (en adelante CARDIOSALUS), con CIF n\u00ba B73641656 y domicilio social en Calle Manresa, n\u00famero 1, 2\u00ba A, Edificio Elyos, 30004 Murcia (Espa\u00f1a), ofrece a trav\u00e9s del sitio web <a href=\"https:\/\/riberasalud.com\/cardiosalus\/regala-salud\/\">https:\/\/riberasalud.com\/cardiosalus\/regala-salud\/<\/a>, incluyendo las condiciones generales de la contrataci\u00f3n, as\u00ed como la informaci\u00f3n precontractual, contractual y postcontractual, por lo que le recomendamos que las lea atentamente antes de iniciar el proceso de compra.<\/p>\n\n\n\n<h2 class=\"wp-block-heading\" style=\"font-size:18px\"><strong>1. ASPECTOS GENERALES<\/strong><\/h2>\n\n\n\n<p>Los presentes t\u00e9rminos y condiciones est\u00e1n redactados en castellano y est\u00e1n puestos a disposici\u00f3n del usuario de forma permanente en el sitio web.<\/p>\n\n\n\n<p>La p\u00e1gina web va dirigida a mayores de 18 a\u00f1os por lo que el usuario declara ser mayor de edad, sin perjuicio de que para la prestaci\u00f3n del servicio respecto de beneficiarios menores de edad el padre, madre o tutor del menor deber\u00e1 introducir los datos de \u00e9ste, declarando ostentar dicha condici\u00f3n respecto del menor.<\/p>\n\n\n\n<p>CARDIOSALUS se reserva el derecho a modificar las presentes condiciones de contrataci\u00f3n y el contenido de la Web para adaptarlas al cumplimiento de la normativa que resulte de aplicaci\u00f3n, remitiendo un correo electr\u00f3nico a los usuarios para informarles de las actualizaciones.<\/p>\n\n\n\n<h2 class=\"wp-block-heading\" style=\"font-size:18px\"><strong>2. INFORMACI\u00d3N GENERAL DEL BONO \u201cCHEQUEO CARDIOVASCULAR DEPORTIVO\u201d<\/strong><\/h2>\n\n\n\n<p>CARDIOSALUS ofrece a trav\u00e9s de este sitio web la posibilidad de adquirir el Bono \u201cChequeo Cardiovascular Deportivo\u201d que permite al usuario que adquiere el bono o a la persona designada como beneficiaria del bono, realizarse un chequeo cardiovascular deportivo con los equipos especializados de profesionales deportivos de CARDIOSALUS y en las instalaciones de Ribera Cardiosalus Sport.<\/p>\n\n\n\n<p>Los profesionales de salud que prestan los servicios adquiridos est\u00e1n sujetos en todo momento al respeto y observancia del C\u00f3digo Deontol\u00f3gico y del C\u00f3digo \u00c9tico de Grupo Ribera.<\/p>\n\n\n\n<p>Una vez adquirido el Bono \u201cChequeo Cardiovascular Deportivo\u201d el mismo podr\u00e1 canjearse hasta el pr\u00f3ximo 31 de diciembre de 2025. El Bono \u201cChequeo Cardiovascular Deportivo\u201d se podr\u00e1 utilizar en el siguiente centro perteneciente a Grupo Ribera:<\/p>\n\n\n\n<ul class=\"wp-block-list\">\n<li><strong>Ribera Cardiosalus Sport<\/strong>, situada en la Senda de Granada n\u00ba 166, junto a Club Deportivo Olimpic Club, 30110, Murcia<\/li>\n<\/ul>\n\n\n\n<h2 class=\"wp-block-heading\" style=\"font-size:18px\"><strong>3. PROCESO DE COMPRA DEL BONO \u201cCHEQUEO CARDIOVASCULAR DEPORTIVO\u201d<\/strong><\/h2>\n\n\n\n<p><strong>3.1 Formulario de recogida de datos y beneficiario del chequeo cardiovascular deportivo<\/strong><\/p>\n\n\n\n<p>Para la adquisici\u00f3n del Bono \u201cCheque Cardiovascular Deportivo\u201d es necesario que el usuario rellene el formulario de registro habilitado al efecto, facilitando sus datos identificativos (nombre, apellidos) y de contacto (email y tel\u00e9fono).<\/p>\n\n\n\n<p>Adicionalmente, el usuario deber\u00e1 indicar si el Bono \u201cCheque Cardiovascular Deportivo\u201d que desea adquirir es para regalar.<\/p>\n\n\n\n<ul class=\"wp-block-list\">\n<li>En caso de que marque la opci\u00f3n NO, los datos introducidos en el formulario anterior ser\u00e1n considerados como los de la persona beneficiaria del servicio.<\/li>\n\n\n\n<li>En caso de que marque la opci\u00f3n SI, deber\u00e1 introducir los datos identificativos (nombre y apellidos) de la persona que disfrutar\u00e1 de los servicios del Bono \u201cCheque Cardiovascular Deportivo\u201d. Esta persona tendr\u00e1 la condici\u00f3n de beneficiaria del servicio.<\/li>\n<\/ul>\n\n\n\n<p><strong>3.2 Proceso de compra del Bono<\/strong><\/p>\n\n\n\n<p>Una vez enviada la informaci\u00f3n anterior, el usuario recibir\u00e1 en su email un correo electr\u00f3nico en el cual se recordar\u00e1 a t\u00edtulo informativo el procedimiento para finalizar el proceso de compra del Bono \u201cCheque Cardiovascular Deportivo\u201d. Este procedimiento es el siguiente:<\/p>\n\n\n\n<ol class=\"wp-block-list\">\n<li>Realiza el pago del coste del Bono \u201cCheque Cardiovascular Deportivo\u201d a trav\u00e9s de una transferencia bancaria con el concepto \u201cRegala Salud\u201d seguido de tu nombre y apellidos en el siguiente n\u00famero de cuenta: IBAN ES91 2100 7838 6302 00018465<\/li>\n\n\n\n<li>Env\u00eda el comprobante de pago a <a href=\"mailto:gestion@cardiosalud.com\">gestion@cardiosalud.com<\/a><\/li>\n\n\n\n<li>Una vez nos env\u00edes el comprobante de pago, recibir\u00e1s en tu email tu Bono \u201cCheque Cardiovascular Deportivo\u201d en formato digital en el plazo m\u00e1ximo de 72 horas.<\/li>\n<\/ol>\n\n\n\n<h2 class=\"wp-block-heading\" style=\"font-size:18px\"><strong>4. COMO CANJEAR TU BONO \u201cCHEQUEO CARDIOVASCULAR DEPORTIVO\u201d<\/strong><\/h2>\n\n\n\n<p><strong>4.1 Reserva tu cita<\/strong><\/p>\n\n\n\n<p>Podr\u00e1 reservar su cita para disfrutar de los servicios del Bono \u201cChequeo Cardiovascular Deportivo\u201d por cualquiera de las siguientes v\u00edas:<\/p>\n\n\n\n<ul class=\"wp-block-list\">\n<li><strong>Por v\u00eda telef\u00f3nica<\/strong>:<\/li>\n<\/ul>\n\n\n\n<p><strong>Si desea canjearlo en el centro Ribera Cardiosalus Sport, <\/strong>llamando al +34 968 96 96 92.<\/p>\n\n\n\n<p>Nuestros profesionales de admisi\u00f3n le atender\u00e1n para gestionar su cita sanitaria correspondiente al servicio contratado, acordando con usted la fecha en la que se realizar\u00e1. Durante la llamada, deber\u00e1 indicar que es usuario o beneficiario del Bono \u201cCheque Cardiovascular Deportivo\u201d.<\/p>\n\n\n\n<ul class=\"wp-block-list\">\n<li><strong>Presencialmente:<\/strong><\/li>\n<\/ul>\n\n\n\n<p><strong>Si desea canjearlo en el centro Ribera Cardiosalus Sport, <\/strong>acudiendo a los mostradores de atenci\u00f3n al p\u00fablico del centro ubicado en la Senda de Granada n.\u00ba 166, junto a Club Deportivo Olimpic Club, 30110, Murcia<\/p>\n\n\n\n<p>Nuestros profesionales de admisi\u00f3n le atender\u00e1n para gestionar su cita sanitaria correspondiente al servicio contratado, acordando con usted la fecha en la que se realizar\u00e1. Para poder gestionar su cita, deber\u00e1 presentar en formato digital o impreso el Bono \u201cCheque Cardiovascular Deportivo\u201d obtenido al finalizar el proceso de compra, as\u00ed como el documento identificativo que permita comprobar que usted es el usuario que ha adquirido el bono o el beneficiario del mismo.<\/p>\n\n\n\n<p><strong>4.2 Canjea tu Bono<\/strong><\/p>\n\n\n\n<p>Para canjear tu Bono \u201cChequeo Cardiovascular Deportivo\u201d acude a la cita programada provisto con tu Bono \u201cChequeo Cardiovascular Deportivo\u201d en formato digital o impreso y de tu DNI o documento acreditativo. Recuerda que en caso de que seas el beneficiario de un Bono adquirido por otro usuario, es necesario comprobar los datos de dicho usuario mediante una copia de su DNI o documento acreditativo, por lo que deber\u00e1s aportarlo.<\/p>\n\n\n\n<p>Nuestros profesionales de admisi\u00f3n gestionar\u00e1n tus datos a la llegada para que de esta forma puedas disfrutar de los servicios contratados a trav\u00e9s del Bono \u201cCheque Cardiovascular Deportivo\u201d.<\/p>\n\n\n\n<h2 class=\"wp-block-heading\" style=\"font-size:18px\"><strong>5. DERECHO DE DESISTIMIENTO DE LA CONTRATACI\u00d3N DEL SERVICIO<\/strong><\/h2>\n\n\n\n<p>De conformidad con lo dispuesto en la normativa de consumidores, el usuario acepta que pierde su derecho de desistimiento en el momento en el que el servicio comienza a ejecutarse. No obstante, y siempre que el servicio no haya comenzado a ser prestado al beneficiario, \u00e9ste podr\u00e1 desistir en el plazo de 14 d\u00edas desde la adquisici\u00f3n del mismo. Para ejercer el derecho de desistimiento, el usuario podr\u00e1 emplear el formulario de desistimiento al que puede acceder <a href=\"https:\/\/riberasalud.com\/cardiosalus\/wp-content\/uploads\/2024\/12\/desestimiento-cardiosalus.docx\">a trav\u00e9s del siguiente enlace<\/a>,&nbsp;o bien, podr\u00e1 dirigir un correo electr\u00f3nico a <a href=\"mailto:gestion@cardiosalus.com\">gestion@cardiosalus.com<\/a> en el que habr\u00e1 de indicar los datos del servicio contratado y el n\u00famero de referencia del pedido.<\/p>\n\n\n\n<h2 class=\"wp-block-heading\" style=\"font-size:18px\"><strong>6. CANCELACI\u00d3N DE CITA<\/strong><\/h2>\n\n\n\n<p>El paciente podr\u00e1 cancelar la cita comunic\u00e1ndolo con al menos 48h de antelaci\u00f3n al correo electr\u00f3nico <a href=\"mailto:gestion@cardiosalus.com\">gestion@cardiosalus.com<\/a> El centro en el que usted iba a recibir los servicios contratados gestionar\u00e1 la cancelaci\u00f3n para buscar nuevo hueco atendiendo a la disponibilidad del centro para la prestaci\u00f3n del servicio. Si el usuario cancela con una anterioridad menor a la indicada, perder\u00e1 el derecho a cita y no se le reembolsar\u00e1 el importe abonado, debiendo adquirir una cita nueva.<\/p>\n\n\n\n<h2 class=\"wp-block-heading\" style=\"font-size:18px\"><strong>7. OBLIGACIONES DEL USUARIO<\/strong><\/h2>\n\n\n\n<p>El usuario garantiza la autenticidad y veracidad de todos aquellos datos que comunique como consecuencia de la cumplimentaci\u00f3n de los formularios incluidos en la web y\/o llamadas por los profesionales de CARDIOSALUS. De igual forma, ser\u00e1 responsabilidad del usuario el mantener toda la informaci\u00f3n facilitada permanentemente actualizada de forma que responda, en cada momento, a su situaci\u00f3n real.<\/p>\n\n\n\n<p>En todo caso, el usuario ser\u00e1 el \u00fanico responsable de las manifestaciones falsas o inexactas que realice y de los perjuicios que cause a CARDIOSALUS o a terceros por la informaci\u00f3n que facilite.<\/p>\n\n\n\n<p>Asimismo, el usuario ser\u00e1 el \u00fanico responsable de seguir correctamente los tratamientos pautados por los profesionales de salud.<\/p>\n\n\n\n<h2 class=\"wp-block-heading\" style=\"font-size:18px\"><strong>8. EXENCI\u00d3N DE RESPONSABILIDAD<\/strong><\/h2>\n\n\n\n<p>CARDIOSALUS no asume ninguna responsabilidad por falta de informaci\u00f3n o informaci\u00f3n inveraz o inexacta manifestada por los usuarios en la prestaci\u00f3n de los servicios.<\/p>\n\n\n\n<p>Los servicios del Bono \u201cChequeo Cardiovascular Deportivo\u201d no sustituyen a los servicios de urgencias hospitalarias o ambulatorias ni a otros servicios sanitarios y\/o sociosanitarios que pueda requerir el usuario por lo que si el usuario precisa de estos deber\u00e1 dirigirse al centro correspondiente o llamar al n\u00famero de emergencias.<\/p>\n\n\n\n<p>Los profesionales de salud de CARDIOSALUS que prestan los servicios sanitarios contratadas a trav\u00e9s del Bono \u201cCheque Cardiovascular Deportivo\u201d no se hacen responsables de que los usuarios no sigan de forma correcta las indicaciones m\u00e9dicas realizadas durante la asistencia sanitaria o que hagan un mal uso de las mismas.<\/p>\n\n\n\n<p>Los profesionales de salud de CARDIOSALUS prestan los servicios en cumplimiento de las normas deontol\u00f3gicas y de la praxis m\u00e9dica de cada caso. No obstante, esto no impide al usuario poder acudir a otro profesional para recibir una segunda o sucesivas opiniones si lo considera oportuno.<\/p>\n\n\n\n<h2 class=\"wp-block-heading\" style=\"font-size:18px\"><strong>9. OTRAS CONSIDERACIONES<\/strong><\/h2>\n\n\n\n<p>CARDIOSALUS se reserva el derecho a interrumpir temporalmente la oferta de los servicios por necesidades de mejora, reparaci\u00f3n o sustituci\u00f3n de los medios t\u00e9cnicos utilizados para la prestaci\u00f3n de los mismos.<\/p>\n\n\n\n<p>CARDIOSALUS, tambi\u00e9n se reserva el derecho a interrumpir temporalmente la oferta de los servicios cuando el usuario incumpla las presentes condiciones generales o especialmente est\u00e9 cometiendo alg\u00fan tipo de conducta il\u00edcita.<\/p>\n\n\n\n<p>La interrupci\u00f3n de la prestaci\u00f3n de los servicios por las causas anteriormente indicadas no dar\u00e1 lugar, en ning\u00fan caso a una indemnizaci\u00f3n al usuario.<\/p>\n\n\n\n<h2 class=\"wp-block-heading\" style=\"font-size:18px\"><strong>10. PROTECCI\u00d3N DE DATOS<\/strong><\/h2>\n\n\n\n<p>Para la prestaci\u00f3n de los servicios por los profesionales de salud es necesario el tratamiento de sus datos de car\u00e1cter personal, incluidos datos de salud, as\u00ed como los datos de menores facilitados por el padre, madre o tutor cuando el beneficiario del servicio es un menor de edad.<\/p>\n\n\n\n<p>Puede consultar toda la informaci\u00f3n relativa al tratamiento de sus datos personales a trav\u00e9s de esta web en la <a href=\"https:\/\/riberasalud.com\/cardiosalus\/politica-de-privacidad\/\">POL\u00cdTICA DE PRIVACIDAD.<\/a><\/p>\n\n\n\n<h2 class=\"wp-block-heading\" style=\"font-size:18px\"><strong>11. LEY APLICABLE Y JURISDICCI\u00d3N<\/strong><\/h2>\n\n\n\n<p>Las presentes condiciones generales se rigen por la Ley 34\/2002, de 11 de julio, de Servicios de la Sociedad de la Informaci\u00f3n y el Comercio Electr\u00f3nico y por el Real Decreto Legislativo 1\/2007, de 16 de noviembre, por el que se aprueba el texto refundido de la Ley General para la Defensa de los Consumidores y Usuarios y otras leyes complementarias y por el C\u00f3digo de Deontolog\u00eda M\u00e9dica de Espa\u00f1a, por los Informes que publique el Consejo General de Colegios Oficiales M\u00e9dicos, Ley 41\/2002, de 14 de noviembre, b\u00e1sica reguladora de la autonom\u00eda del paciente y derechos y obligaciones en materia de informaci\u00f3n y documentaci\u00f3n cl\u00ednica.<\/p>\n\n\n\n<p>Cualquier controversia que pudiera derivarse del acceso o la utilizaci\u00f3n de este web site ser\u00e1 de competencia de los juzgados y tribunales del domicilio del usuario en caso de que este ostente la condici\u00f3n de consumidor. Asimismo, seg\u00fan lo establecido&nbsp; La Ley 7\/2017, de 2 de noviembre, que traspone la Directiva 2013\/11\/UE relativa a la resoluci\u00f3n alternativa de litigios en materia de consumo, si lo desea el usuario en caso de controversia podr\u00e1 acudir a la \u201cPlataforma de Resoluci\u00f3n a fin de promover una soluci\u00f3n amistosa de los mismos y a los que se puede acceder a trav\u00e9s de este enlace <a href=\"https:\/\/ec.europa.eu\/consumers\/odr\/main\/index.cfm?event=main.home2.show&amp;lng=ES\">https:\/\/ec.europa.eu\/consumers\/odr\/main\/index.cfm?event=main.home2.show&amp;lng=ES<\/a><\/p>\n\n\n\n<p class=\"has-contrast-2-color has-text-color has-link-color wp-elements-974469b26cfa125e864731c2e6abf386\"><br><em>Diciembre 2024<\/em><\/p>\n<\/div><\/div>\n","protected":false},"excerpt":{"rendered":"<p>SOMOS RIBERA CARDIOSALUS T\u00c9RMINOS Y CONDICIONES DE CONTRATACI\u00d3N El presente documento contiene los t\u00e9rminos y condiciones de compra de los servicios que DIETA Y SALUD CARDIOVASCULAR, S.L., (en adelante CARDIOSALUS), con CIF n\u00ba B73641656 y domicilio social en Calle Manresa, n\u00famero 1, 2\u00ba A, Edificio Elyos, 30004 Murcia (Espa\u00f1a), ofrece a trav\u00e9s del sitio web &#8230; <a title=\"T\u00c9RMINOS Y CONDICIONES\" class=\"read-more\" href=\"https:\/\/riberasalud.com\/cardiosalus\/terminos-y-condiciones\/\" aria-label=\"Leer m\u00e1s sobre T\u00c9RMINOS Y CONDICIONES\">Leer m\u00e1s<\/a><\/p>\n","protected":false},"author":1,"featured_media":0,"parent":0,"menu_order":0,"comment_status":"closed","ping_status":"closed","template":"","meta":{"_monsterinsights_skip_tracking":false,"_monsterinsights_sitenote_active":false,"_monsterinsights_sitenote_note":"","_monsterinsights_sitenote_category":0,"_glsr_average":0,"_glsr_ranking":0,"_glsr_reviews":0,"footnotes":""},"class_list":["post-9943","page","type-page","status-publish"],"yoast_head":"<!-- This site is optimized with the Yoast SEO plugin v26.6 - https:\/\/yoast.com\/wordpress\/plugins\/seo\/ -->\n<title>T\u00c9RMINOS Y CONDICIONES - Ribera Cardiosalus<\/title>\n<meta name=\"robots\" content=\"index, follow, max-snippet:-1, max-image-preview:large, max-video-preview:-1\" \/>\n<link rel=\"canonical\" href=\"https:\/\/riberasalud.com\/cardiosalus\/terminos-y-condiciones\/\" \/>\n<meta property=\"og:locale\" content=\"es_ES\" \/>\n<meta property=\"og:type\" content=\"article\" \/>\n<meta property=\"og:title\" content=\"T\u00c9RMINOS Y CONDICIONES - Ribera Cardiosalus\" \/>\n<meta property=\"og:description\" content=\"SOMOS RIBERA CARDIOSALUS T\u00c9RMINOS Y CONDICIONES DE CONTRATACI\u00d3N El presente documento contiene los t\u00e9rminos y condiciones de compra de los servicios que DIETA Y SALUD CARDIOVASCULAR, S.L., (en adelante CARDIOSALUS), con CIF n\u00ba B73641656 y domicilio social en Calle Manresa, n\u00famero 1, 2\u00ba A, Edificio Elyos, 30004 Murcia (Espa\u00f1a), ofrece a trav\u00e9s del sitio web ... Leer m\u00e1s\" \/>\n<meta property=\"og:url\" content=\"https:\/\/riberasalud.com\/cardiosalus\/terminos-y-condiciones\/\" \/>\n<meta property=\"og:site_name\" content=\"Ribera Cardiosalus\" \/>\n<meta property=\"article:modified_time\" content=\"2024-12-03T12:07:38+00:00\" \/>\n<meta name=\"twitter:card\" content=\"summary_large_image\" \/>\n<meta name=\"twitter:label1\" content=\"Tiempo de lectura\" \/>\n\t<meta name=\"twitter:data1\" content=\"9 minutos\" \/>\n<script type=\"application\/ld+json\" class=\"yoast-schema-graph\">{\"@context\":\"https:\/\/schema.org\",\"@graph\":[{\"@type\":\"WebPage\",\"@id\":\"https:\/\/riberasalud.com\/cardiosalus\/terminos-y-condiciones\/\",\"url\":\"https:\/\/riberasalud.com\/cardiosalus\/terminos-y-condiciones\/\",\"name\":\"T\u00c9RMINOS Y CONDICIONES - Ribera Cardiosalus\",\"isPartOf\":{\"@id\":\"https:\/\/riberasalud.com\/cardiosalus\/#website\"},\"datePublished\":\"2024-12-03T09:07:33+00:00\",\"dateModified\":\"2024-12-03T12:07:38+00:00\",\"breadcrumb\":{\"@id\":\"https:\/\/riberasalud.com\/cardiosalus\/terminos-y-condiciones\/#breadcrumb\"},\"inLanguage\":\"es\",\"potentialAction\":[{\"@type\":\"ReadAction\",\"target\":[\"https:\/\/riberasalud.com\/cardiosalus\/terminos-y-condiciones\/\"]}]},{\"@type\":\"BreadcrumbList\",\"@id\":\"https:\/\/riberasalud.com\/cardiosalus\/terminos-y-condiciones\/#breadcrumb\",\"itemListElement\":[{\"@type\":\"ListItem\",\"position\":1,\"name\":\"Portada\",\"item\":\"https:\/\/riberasalud.com\/cardiosalus\/\"},{\"@type\":\"ListItem\",\"position\":2,\"name\":\"T\u00c9RMINOS Y CONDICIONES\"}]},{\"@type\":\"WebSite\",\"@id\":\"https:\/\/riberasalud.com\/cardiosalus\/#website\",\"url\":\"https:\/\/riberasalud.com\/cardiosalus\/\",\"name\":\"Ribera Cardiosalus\",\"description\":\"\",\"publisher\":{\"@id\":\"https:\/\/riberasalud.com\/cardiosalus\/#organization\"},\"potentialAction\":[{\"@type\":\"SearchAction\",\"target\":{\"@type\":\"EntryPoint\",\"urlTemplate\":\"https:\/\/riberasalud.com\/cardiosalus\/?s={search_term_string}\"},\"query-input\":{\"@type\":\"PropertyValueSpecification\",\"valueRequired\":true,\"valueName\":\"search_term_string\"}}],\"inLanguage\":\"es\"},{\"@type\":\"Organization\",\"@id\":\"https:\/\/riberasalud.com\/cardiosalus\/#organization\",\"name\":\"Ribera Cardiosalus\",\"url\":\"https:\/\/riberasalud.com\/cardiosalus\/\",\"logo\":{\"@type\":\"ImageObject\",\"inLanguage\":\"es\",\"@id\":\"https:\/\/riberasalud.com\/cardiosalus\/#\/schema\/logo\/image\/\",\"url\":\"https:\/\/riberasalud.com\/cardiosalus\/wp-content\/uploads\/2024\/05\/cropped-Logo-ribera-cardiosalus-4.png\",\"contentUrl\":\"https:\/\/riberasalud.com\/cardiosalus\/wp-content\/uploads\/2024\/05\/cropped-Logo-ribera-cardiosalus-4.png\",\"width\":1361,\"height\":272,\"caption\":\"Ribera Cardiosalus\"},\"image\":{\"@id\":\"https:\/\/riberasalud.com\/cardiosalus\/#\/schema\/logo\/image\/\"}}]}<\/script>\n<!-- \/ Yoast SEO plugin. -->","yoast_head_json":{"title":"T\u00c9RMINOS Y CONDICIONES - Ribera Cardiosalus","robots":{"index":"index","follow":"follow","max-snippet":"max-snippet:-1","max-image-preview":"max-image-preview:large","max-video-preview":"max-video-preview:-1"},"canonical":"https:\/\/riberasalud.com\/cardiosalus\/terminos-y-condiciones\/","og_locale":"es_ES","og_type":"article","og_title":"T\u00c9RMINOS Y CONDICIONES - Ribera Cardiosalus","og_description":"SOMOS RIBERA CARDIOSALUS T\u00c9RMINOS Y CONDICIONES DE CONTRATACI\u00d3N El presente documento contiene los t\u00e9rminos y condiciones de compra de los servicios que DIETA Y SALUD CARDIOVASCULAR, S.L., (en adelante CARDIOSALUS), con CIF n\u00ba B73641656 y domicilio social en Calle Manresa, n\u00famero 1, 2\u00ba A, Edificio Elyos, 30004 Murcia (Espa\u00f1a), ofrece a trav\u00e9s del sitio web ... Leer m\u00e1s","og_url":"https:\/\/riberasalud.com\/cardiosalus\/terminos-y-condiciones\/","og_site_name":"Ribera Cardiosalus","article_modified_time":"2024-12-03T12:07:38+00:00","twitter_card":"summary_large_image","twitter_misc":{"Tiempo de lectura":"9 minutos"},"schema":{"@context":"https:\/\/schema.org","@graph":[{"@type":"WebPage","@id":"https:\/\/riberasalud.com\/cardiosalus\/terminos-y-condiciones\/","url":"https:\/\/riberasalud.com\/cardiosalus\/terminos-y-condiciones\/","name":"T\u00c9RMINOS Y CONDICIONES - Ribera Cardiosalus","isPartOf":{"@id":"https:\/\/riberasalud.com\/cardiosalus\/#website"},"datePublished":"2024-12-03T09:07:33+00:00","dateModified":"2024-12-03T12:07:38+00:00","breadcrumb":{"@id":"https:\/\/riberasalud.com\/cardiosalus\/terminos-y-condiciones\/#breadcrumb"},"inLanguage":"es","potentialAction":[{"@type":"ReadAction","target":["https:\/\/riberasalud.com\/cardiosalus\/terminos-y-condiciones\/"]}]},{"@type":"BreadcrumbList","@id":"https:\/\/riberasalud.com\/cardiosalus\/terminos-y-condiciones\/#breadcrumb","itemListElement":[{"@type":"ListItem","position":1,"name":"Portada","item":"https:\/\/riberasalud.com\/cardiosalus\/"},{"@type":"ListItem","position":2,"name":"T\u00c9RMINOS Y CONDICIONES"}]},{"@type":"WebSite","@id":"https:\/\/riberasalud.com\/cardiosalus\/#website","url":"https:\/\/riberasalud.com\/cardiosalus\/","name":"Ribera Cardiosalus","description":"","publisher":{"@id":"https:\/\/riberasalud.com\/cardiosalus\/#organization"},"potentialAction":[{"@type":"SearchAction","target":{"@type":"EntryPoint","urlTemplate":"https:\/\/riberasalud.com\/cardiosalus\/?s={search_term_string}"},"query-input":{"@type":"PropertyValueSpecification","valueRequired":true,"valueName":"search_term_string"}}],"inLanguage":"es"},{"@type":"Organization","@id":"https:\/\/riberasalud.com\/cardiosalus\/#organization","name":"Ribera Cardiosalus","url":"https:\/\/riberasalud.com\/cardiosalus\/","logo":{"@type":"ImageObject","inLanguage":"es","@id":"https:\/\/riberasalud.com\/cardiosalus\/#\/schema\/logo\/image\/","url":"https:\/\/riberasalud.com\/cardiosalus\/wp-content\/uploads\/2024\/05\/cropped-Logo-ribera-cardiosalus-4.png","contentUrl":"https:\/\/riberasalud.com\/cardiosalus\/wp-content\/uploads\/2024\/05\/cropped-Logo-ribera-cardiosalus-4.png","width":1361,"height":272,"caption":"Ribera Cardiosalus"},"image":{"@id":"https:\/\/riberasalud.com\/cardiosalus\/#\/schema\/logo\/image\/"}}]}},"_links":{"self":[{"href":"https:\/\/riberasalud.com\/cardiosalus\/wp-json\/wp\/v2\/pages\/9943","targetHints":{"allow":["GET"]}}],"collection":[{"href":"https:\/\/riberasalud.com\/cardiosalus\/wp-json\/wp\/v2\/pages"}],"about":[{"href":"https:\/\/riberasalud.com\/cardiosalus\/wp-json\/wp\/v2\/types\/page"}],"author":[{"embeddable":true,"href":"https:\/\/riberasalud.com\/cardiosalus\/wp-json\/wp\/v2\/users\/1"}],"replies":[{"embeddable":true,"href":"https:\/\/riberasalud.com\/cardiosalus\/wp-json\/wp\/v2\/comments?post=9943"}],"version-history":[{"count":16,"href":"https:\/\/riberasalud.com\/cardiosalus\/wp-json\/wp\/v2\/pages\/9943\/revisions"}],"predecessor-version":[{"id":10036,"href":"https:\/\/riberasalud.com\/cardiosalus\/wp-json\/wp\/v2\/pages\/9943\/revisions\/10036"}],"wp:attachment":[{"href":"https:\/\/riberasalud.com\/cardiosalus\/wp-json\/wp\/v2\/media?parent=9943"}],"curies":[{"name":"wp","href":"https:\/\/api.w.org\/{rel}","templated":true}]}}