{"id":9257,"date":"2024-11-20T15:10:28","date_gmt":"2024-11-20T14:10:28","guid":{"rendered":"https:\/\/riberasalud.com\/cardiosalus\/?page_id=9257"},"modified":"2024-11-20T15:15:27","modified_gmt":"2024-11-20T14:15:27","slug":"cardiosalus-en-medios","status":"publish","type":"page","link":"https:\/\/riberasalud.com\/cardiosalus\/cardiosalus-en-medios\/","title":{"rendered":"Cardiosalus en medios"},"content":{"rendered":"\n<div class=\"wp-block-group hasbackgroundnaranja sliderlinea\"><div class=\"wp-block-group__inner-container is-layout-flow wp-block-group-is-layout-flow\">\n<p>MEDIOS<\/p>\n\n\n\n<h1 class=\"wp-block-heading\">Cardiosalus en medios<\/h1>\n<\/div><\/div>\n\n\n\n<div class=\"wp-block-group entradasall\"><div class=\"wp-block-group__inner-container is-layout-flow wp-block-group-is-layout-flow\">\n<div class=\"gb-grid-wrapper gb-grid-wrapper-9924ca22 gb-query-loop-wrapper\">\n<div class=\"gb-grid-column gb-grid-column-c553d014 gb-query-loop-item post-9267 post type-post status-publish format-standard has-post-thumbnail hentry category-cardiosalus-en-medios tag-deportistas tag-jornada-salud-y-deporte tag-pacientes\"><div class=\"gb-container gb-container-c553d014\"><div class=\"gb-inside-container\">\n<h2 class=\"gb-headline gb-headline-ea9d3ad1 gb-headline-text\"><a href=\"https:\/\/riberasalud.com\/cardiosalus\/blog\/la-clinica-ribera-cardiosalus-celebra-con-exito-su-i-jornada-salud-y-deporte-con-deportistas-de-elite-profesionales-y-pacientes\/\">La cl\u00ednica Ribera Cardiosalus celebra con \u00e9xito su I Jornada Salud y Deporte con deportistas de \u00e9lite, profesionales y pacientes\u00a0<\/a><\/h2>\n\n<p class=\"gb-headline gb-headline-ce4a0c4f gb-headline-text\"><time class=\"entry-date published\" datetime=\"2024-11-20T15:39:47+01:00\">20 de noviembre de 2024<\/time><\/p>\n\n<div class=\"gb-headline gb-headline-aefdd253 gb-headline-text\">Ribera Cardiosalus, perteneciente al grupo sanitario Ribera, celebr\u00f3 en el d\u00eda de ayer su I Jornada sobre Salud y Deporte bajo el lema \u00abPrevenci\u00f3n, Recuperaci\u00f3n y Rendimiento. Un Enfoque Multidisciplinar\u00bb. Este evento reuni\u00f3 a destacados expertos en deporte y salud para abordar de manera integral temas cruciales relacionados con la prevenci\u00f3n de lesiones, los m\u00e9todos &#8230; <a title=\"La cl\u00ednica Ribera Cardiosalus celebra con \u00e9xito su I Jornada Salud y Deporte con deportistas de \u00e9lite, profesionales y pacientes\u00a0\" class=\"read-more\" href=\"https:\/\/riberasalud.com\/cardiosalus\/blog\/la-clinica-ribera-cardiosalus-celebra-con-exito-su-i-jornada-salud-y-deporte-con-deportistas-de-elite-profesionales-y-pacientes\/\" aria-label=\"Leer m\u00e1s sobre La cl\u00ednica Ribera Cardiosalus celebra con \u00e9xito su I Jornada Salud y Deporte con deportistas de \u00e9lite, profesionales y pacientes\u00a0\">Leer m\u00e1s<\/a><\/div>\n<\/div><\/div><\/div>\n<\/div>\n\n<div class=\"gb-button-wrapper gb-button-wrapper-8abdd544 gb-query-loop-pagination\">\n\n\n\n\n\n<\/div>\n<\/div><\/div>\n","protected":false},"excerpt":{"rendered":"<p>MEDIOS Cardiosalus en medios<\/p>\n","protected":false},"author":1,"featured_media":0,"parent":0,"menu_order":0,"comment_status":"closed","ping_status":"closed","template":"","meta":{"_monsterinsights_skip_tracking":false,"_monsterinsights_sitenote_active":false,"_monsterinsights_sitenote_note":"","_monsterinsights_sitenote_category":0,"_glsr_average":0,"_glsr_ranking":0,"_glsr_reviews":0,"footnotes":""},"class_list":["post-9257","page","type-page","status-publish"],"yoast_head":"<!-- This site is optimized with the Yoast SEO plugin v26.6 - https:\/\/yoast.com\/wordpress\/plugins\/seo\/ -->\n<title>Cardiosalus en medios - Ribera Cardiosalus<\/title>\n<meta name=\"robots\" content=\"index, follow, max-snippet:-1, max-image-preview:large, max-video-preview:-1\" \/>\n<link rel=\"canonical\" href=\"https:\/\/riberasalud.com\/cardiosalus\/cardiosalus-en-medios\/\" \/>\n<meta property=\"og:locale\" content=\"es_ES\" \/>\n<meta property=\"og:type\" content=\"article\" \/>\n<meta property=\"og:title\" content=\"Cardiosalus en medios - Ribera Cardiosalus\" \/>\n<meta property=\"og:description\" content=\"MEDIOS Cardiosalus en medios\" \/>\n<meta property=\"og:url\" content=\"https:\/\/riberasalud.com\/cardiosalus\/cardiosalus-en-medios\/\" \/>\n<meta property=\"og:site_name\" content=\"Ribera Cardiosalus\" \/>\n<meta property=\"article:modified_time\" content=\"2024-11-20T14:15:27+00:00\" \/>\n<meta name=\"twitter:card\" content=\"summary_large_image\" \/>\n<meta name=\"twitter:label1\" content=\"Tiempo de lectura\" \/>\n\t<meta name=\"twitter:data1\" content=\"1 minuto\" \/>\n<script type=\"application\/ld+json\" class=\"yoast-schema-graph\">{\"@context\":\"https:\/\/schema.org\",\"@graph\":[{\"@type\":\"WebPage\",\"@id\":\"https:\/\/riberasalud.com\/cardiosalus\/cardiosalus-en-medios\/\",\"url\":\"https:\/\/riberasalud.com\/cardiosalus\/cardiosalus-en-medios\/\",\"name\":\"Cardiosalus en medios - Ribera Cardiosalus\",\"isPartOf\":{\"@id\":\"https:\/\/riberasalud.com\/cardiosalus\/#website\"},\"datePublished\":\"2024-11-20T14:10:28+00:00\",\"dateModified\":\"2024-11-20T14:15:27+00:00\",\"breadcrumb\":{\"@id\":\"https:\/\/riberasalud.com\/cardiosalus\/cardiosalus-en-medios\/#breadcrumb\"},\"inLanguage\":\"es\",\"potentialAction\":[{\"@type\":\"ReadAction\",\"target\":[\"https:\/\/riberasalud.com\/cardiosalus\/cardiosalus-en-medios\/\"]}]},{\"@type\":\"BreadcrumbList\",\"@id\":\"https:\/\/riberasalud.com\/cardiosalus\/cardiosalus-en-medios\/#breadcrumb\",\"itemListElement\":[{\"@type\":\"ListItem\",\"position\":1,\"name\":\"Portada\",\"item\":\"https:\/\/riberasalud.com\/cardiosalus\/\"},{\"@type\":\"ListItem\",\"position\":2,\"name\":\"Cardiosalus en medios\"}]},{\"@type\":\"WebSite\",\"@id\":\"https:\/\/riberasalud.com\/cardiosalus\/#website\",\"url\":\"https:\/\/riberasalud.com\/cardiosalus\/\",\"name\":\"Ribera Cardiosalus\",\"description\":\"\",\"publisher\":{\"@id\":\"https:\/\/riberasalud.com\/cardiosalus\/#organization\"},\"potentialAction\":[{\"@type\":\"SearchAction\",\"target\":{\"@type\":\"EntryPoint\",\"urlTemplate\":\"https:\/\/riberasalud.com\/cardiosalus\/?s={search_term_string}\"},\"query-input\":{\"@type\":\"PropertyValueSpecification\",\"valueRequired\":true,\"valueName\":\"search_term_string\"}}],\"inLanguage\":\"es\"},{\"@type\":\"Organization\",\"@id\":\"https:\/\/riberasalud.com\/cardiosalus\/#organization\",\"name\":\"Ribera Cardiosalus\",\"url\":\"https:\/\/riberasalud.com\/cardiosalus\/\",\"logo\":{\"@type\":\"ImageObject\",\"inLanguage\":\"es\",\"@id\":\"https:\/\/riberasalud.com\/cardiosalus\/#\/schema\/logo\/image\/\",\"url\":\"https:\/\/riberasalud.com\/cardiosalus\/wp-content\/uploads\/2024\/05\/cropped-Logo-ribera-cardiosalus-4.png\",\"contentUrl\":\"https:\/\/riberasalud.com\/cardiosalus\/wp-content\/uploads\/2024\/05\/cropped-Logo-ribera-cardiosalus-4.png\",\"width\":1361,\"height\":272,\"caption\":\"Ribera Cardiosalus\"},\"image\":{\"@id\":\"https:\/\/riberasalud.com\/cardiosalus\/#\/schema\/logo\/image\/\"}}]}<\/script>\n<!-- \/ Yoast SEO plugin. -->","yoast_head_json":{"title":"Cardiosalus en medios - Ribera Cardiosalus","robots":{"index":"index","follow":"follow","max-snippet":"max-snippet:-1","max-image-preview":"max-image-preview:large","max-video-preview":"max-video-preview:-1"},"canonical":"https:\/\/riberasalud.com\/cardiosalus\/cardiosalus-en-medios\/","og_locale":"es_ES","og_type":"article","og_title":"Cardiosalus en medios - Ribera Cardiosalus","og_description":"MEDIOS Cardiosalus en medios","og_url":"https:\/\/riberasalud.com\/cardiosalus\/cardiosalus-en-medios\/","og_site_name":"Ribera Cardiosalus","article_modified_time":"2024-11-20T14:15:27+00:00","twitter_card":"summary_large_image","twitter_misc":{"Tiempo de lectura":"1 minuto"},"schema":{"@context":"https:\/\/schema.org","@graph":[{"@type":"WebPage","@id":"https:\/\/riberasalud.com\/cardiosalus\/cardiosalus-en-medios\/","url":"https:\/\/riberasalud.com\/cardiosalus\/cardiosalus-en-medios\/","name":"Cardiosalus en medios - Ribera Cardiosalus","isPartOf":{"@id":"https:\/\/riberasalud.com\/cardiosalus\/#website"},"datePublished":"2024-11-20T14:10:28+00:00","dateModified":"2024-11-20T14:15:27+00:00","breadcrumb":{"@id":"https:\/\/riberasalud.com\/cardiosalus\/cardiosalus-en-medios\/#breadcrumb"},"inLanguage":"es","potentialAction":[{"@type":"ReadAction","target":["https:\/\/riberasalud.com\/cardiosalus\/cardiosalus-en-medios\/"]}]},{"@type":"BreadcrumbList","@id":"https:\/\/riberasalud.com\/cardiosalus\/cardiosalus-en-medios\/#breadcrumb","itemListElement":[{"@type":"ListItem","position":1,"name":"Portada","item":"https:\/\/riberasalud.com\/cardiosalus\/"},{"@type":"ListItem","position":2,"name":"Cardiosalus en medios"}]},{"@type":"WebSite","@id":"https:\/\/riberasalud.com\/cardiosalus\/#website","url":"https:\/\/riberasalud.com\/cardiosalus\/","name":"Ribera Cardiosalus","description":"","publisher":{"@id":"https:\/\/riberasalud.com\/cardiosalus\/#organization"},"potentialAction":[{"@type":"SearchAction","target":{"@type":"EntryPoint","urlTemplate":"https:\/\/riberasalud.com\/cardiosalus\/?s={search_term_string}"},"query-input":{"@type":"PropertyValueSpecification","valueRequired":true,"valueName":"search_term_string"}}],"inLanguage":"es"},{"@type":"Organization","@id":"https:\/\/riberasalud.com\/cardiosalus\/#organization","name":"Ribera Cardiosalus","url":"https:\/\/riberasalud.com\/cardiosalus\/","logo":{"@type":"ImageObject","inLanguage":"es","@id":"https:\/\/riberasalud.com\/cardiosalus\/#\/schema\/logo\/image\/","url":"https:\/\/riberasalud.com\/cardiosalus\/wp-content\/uploads\/2024\/05\/cropped-Logo-ribera-cardiosalus-4.png","contentUrl":"https:\/\/riberasalud.com\/cardiosalus\/wp-content\/uploads\/2024\/05\/cropped-Logo-ribera-cardiosalus-4.png","width":1361,"height":272,"caption":"Ribera Cardiosalus"},"image":{"@id":"https:\/\/riberasalud.com\/cardiosalus\/#\/schema\/logo\/image\/"}}]}},"_links":{"self":[{"href":"https:\/\/riberasalud.com\/cardiosalus\/wp-json\/wp\/v2\/pages\/9257","targetHints":{"allow":["GET"]}}],"collection":[{"href":"https:\/\/riberasalud.com\/cardiosalus\/wp-json\/wp\/v2\/pages"}],"about":[{"href":"https:\/\/riberasalud.com\/cardiosalus\/wp-json\/wp\/v2\/types\/page"}],"author":[{"embeddable":true,"href":"https:\/\/riberasalud.com\/cardiosalus\/wp-json\/wp\/v2\/users\/1"}],"replies":[{"embeddable":true,"href":"https:\/\/riberasalud.com\/cardiosalus\/wp-json\/wp\/v2\/comments?post=9257"}],"version-history":[{"count":4,"href":"https:\/\/riberasalud.com\/cardiosalus\/wp-json\/wp\/v2\/pages\/9257\/revisions"}],"predecessor-version":[{"id":9264,"href":"https:\/\/riberasalud.com\/cardiosalus\/wp-json\/wp\/v2\/pages\/9257\/revisions\/9264"}],"wp:attachment":[{"href":"https:\/\/riberasalud.com\/cardiosalus\/wp-json\/wp\/v2\/media?parent=9257"}],"curies":[{"name":"wp","href":"https:\/\/api.w.org\/{rel}","templated":true}]}}