{"id":8645,"date":"2024-07-04T10:29:47","date_gmt":"2024-07-04T08:29:47","guid":{"rendered":"https:\/\/riberasalud.com\/cardiosalus\/?page_id=8645"},"modified":"2025-10-01T13:45:40","modified_gmt":"2025-10-01T11:45:40","slug":"promociones","status":"publish","type":"page","link":"https:\/\/riberasalud.com\/cardiosalus\/promociones\/","title":{"rendered":"Promociones"},"content":{"rendered":"\n<div class=\"wp-block-group hasbackgroundnaranja sliderlinea\"><div class=\"wp-block-group__inner-container is-layout-flow wp-block-group-is-layout-flow\">\n<p>RIBERA CARDIOSALUS<\/p>\n\n\n\n<h1 class=\"wp-block-heading\">Promociones<\/h1>\n<\/div><\/div>\n\n\n\n<div style=\"height:30px\" aria-hidden=\"true\" class=\"wp-block-spacer\"><\/div>\n\n\n\n<div class=\"wp-block-group\"><div class=\"wp-block-group__inner-container is-layout-flow wp-block-group-is-layout-flow\">\n<div class=\"wp-block-columns b is-layout-flex wp-container-core-columns-is-layout-9d6595d7 wp-block-columns-is-layout-flex\">\n<div class=\"wp-block-column is-layout-flow wp-block-column-is-layout-flow\">\n<h2 class=\"wp-block-heading\" id=\"como\">Nutrici\u00f3n y nutrici\u00f3n deportiva<\/h2>\n\n\n\n<div style=\"height:5px\" aria-hidden=\"true\" class=\"wp-block-spacer\"><\/div>\n\n\n\n<p class=\"has-text-color has-link-color wp-elements-fda2713da3b30a6ef9898447d9dfcef9\" style=\"color:#d71029;font-size:16px\">NUTRICI\u00d3N<\/p>\n\n\n\n<p style=\"font-size:20px\"><strong>Consulta informativa de nutrici\u00f3n GRATUITA<\/strong><\/p>\n\n\n\n<figure class=\"wp-block-image size-full is-resized\"><a href=\"https:\/\/riberasalud.com\/cardiosalus\/endocrinologia-y-nutricion\/\"><img loading=\"lazy\" decoding=\"async\" width=\"551\" height=\"267\" src=\"https:\/\/riberasalud.com\/cardiosalus\/wp-content\/uploads\/2025\/05\/Promo-Cardiosalus-Nutricion-2.png\" alt=\"Promoci\u00f3n de nutrici\u00f3n en Ribera Cardiosalus\" class=\"wp-image-11308\" style=\"width:350px\" srcset=\"https:\/\/riberasalud.com\/cardiosalus\/wp-content\/uploads\/2025\/05\/Promo-Cardiosalus-Nutricion-2.png 551w, https:\/\/riberasalud.com\/cardiosalus\/wp-content\/uploads\/2025\/05\/Promo-Cardiosalus-Nutricion-2-300x145.png 300w\" sizes=\"auto, (max-width: 551px) 100vw, 551px\" \/><\/a><\/figure>\n\n\n\n<div style=\"height:15px\" aria-hidden=\"true\" class=\"wp-block-spacer\"><\/div>\n\n\n\n<p class=\"has-text-color has-link-color wp-elements-9e054107246c64bc2d1c76243c12ec97\" style=\"color:#d71029;font-size:16px\">NUTRICI\u00d3N DEPORTIVA<\/p>\n\n\n\n<figure class=\"wp-block-image size-full is-resized\"><a href=\"https:\/\/riberasalud.com\/cardiosalus\/nutricion-deportiva\/\"><img loading=\"lazy\" decoding=\"async\" width=\"551\" height=\"267\" src=\"https:\/\/riberasalud.com\/cardiosalus\/wp-content\/uploads\/2025\/05\/Promo-Cardiosalus-Nutricion-3.png\" alt=\"Descuento de nutrici\u00f3n en Ribera Cardiosalus\" class=\"wp-image-11310\" style=\"width:350px\" srcset=\"https:\/\/riberasalud.com\/cardiosalus\/wp-content\/uploads\/2025\/05\/Promo-Cardiosalus-Nutricion-3.png 551w, https:\/\/riberasalud.com\/cardiosalus\/wp-content\/uploads\/2025\/05\/Promo-Cardiosalus-Nutricion-3-300x145.png 300w\" sizes=\"auto, (max-width: 551px) 100vw, 551px\" \/><\/a><\/figure>\n<\/div>\n\n\n\n<div class=\"wp-block-column is-layout-flow wp-block-column-is-layout-flow\">\n<h2 class=\"wp-block-heading\" id=\"como\">Fisioterapia<\/h2>\n\n\n\n<p style=\"font-size:20px\"><strong>\u00a1Ahora! 20% de Dto. en tu primer tratamiento<\/strong><\/p>\n\n\n<div class=\"wp-block-image\">\n<figure class=\"alignleft size-full is-resized\"><a href=\"https:\/\/riberasalud.com\/cardiosalus\/fisioterapia\/\"><img loading=\"lazy\" decoding=\"async\" width=\"551\" height=\"267\" src=\"https:\/\/riberasalud.com\/cardiosalus\/wp-content\/uploads\/2025\/05\/Promo-Cardiosalus-Fisioterapia.png\" alt=\"Descuento de fisioterapia en Ribera Cardiosalus\" class=\"wp-image-11309\" style=\"width:350px\" srcset=\"https:\/\/riberasalud.com\/cardiosalus\/wp-content\/uploads\/2025\/05\/Promo-Cardiosalus-Fisioterapia.png 551w, https:\/\/riberasalud.com\/cardiosalus\/wp-content\/uploads\/2025\/05\/Promo-Cardiosalus-Fisioterapia-300x145.png 300w\" sizes=\"auto, (max-width: 551px) 100vw, 551px\" \/><\/a><\/figure>\n<\/div><\/div>\n<\/div>\n<\/div><\/div>\n\n\n\n<div class=\"wp-block-group modulopildorahorizontal modulopildoraroja\"><div class=\"wp-block-group__inner-container is-layout-constrained wp-block-group-is-layout-constrained\">\n<p class=\"has-text-color has-link-color wp-elements-ea71bf9a2436f6512d0be21218f88702\" style=\"color:#d71029;font-size:28px\"><strong>Otros descuentos y promociones<\/strong><\/p>\n\n\n\n<div style=\"height:15px\" aria-hidden=\"true\" class=\"wp-block-spacer\"><\/div>\n\n\n\n<div class=\"wp-block-columns is-layout-flex wp-container-core-columns-is-layout-9d6595d7 wp-block-columns-is-layout-flex\">\n<div class=\"wp-block-column is-layout-flow wp-block-column-is-layout-flow\">\n<figure class=\"wp-block-image size-full\"><img loading=\"lazy\" decoding=\"async\" width=\"1200\" height=\"800\" src=\"https:\/\/riberasalud.com\/cardiosalus\/wp-content\/uploads\/2024\/12\/Promo-Regala-Chequeo-Cardiovascular-para-Deportistas.jpg\" alt=\"\" class=\"wp-image-9953\" srcset=\"https:\/\/riberasalud.com\/cardiosalus\/wp-content\/uploads\/2024\/12\/Promo-Regala-Chequeo-Cardiovascular-para-Deportistas.jpg 1200w, https:\/\/riberasalud.com\/cardiosalus\/wp-content\/uploads\/2024\/12\/Promo-Regala-Chequeo-Cardiovascular-para-Deportistas-300x200.jpg 300w, https:\/\/riberasalud.com\/cardiosalus\/wp-content\/uploads\/2024\/12\/Promo-Regala-Chequeo-Cardiovascular-para-Deportistas-1024x683.jpg 1024w, https:\/\/riberasalud.com\/cardiosalus\/wp-content\/uploads\/2024\/12\/Promo-Regala-Chequeo-Cardiovascular-para-Deportistas-768x512.jpg 768w\" sizes=\"auto, (max-width: 1200px) 100vw, 1200px\" \/><\/figure>\n<\/div>\n\n\n\n<div class=\"wp-block-column is-vertically-aligned-center is-layout-flow wp-block-column-is-layout-flow\">\n<h2 class=\"wp-block-heading\"><strong>Regala Salud<\/strong><\/h2>\n\n\n\n<h3 class=\"wp-block-heading\" style=\"font-size:25px\"><em>Chequeo Cardiovascular para Deportistas<\/em><\/h3>\n\n\n\n<p style=\"font-size:13px\">El regalo perfecto para quienes priorizan su bienestar mientras practican deporte de forma segura<\/p>\n\n\n\n<div class=\"wp-block-buttons is-layout-flex wp-block-buttons-is-layout-flex\">\n<div class=\"wp-block-button is-style-fill\"><a class=\"wp-block-button__link has-base-3-background-color has-text-color has-background has-link-color wp-element-button\" href=\"https:\/\/riberasalud.com\/cardiosalus\/regala-salud\/\" style=\"border-radius:45px;color:#d71029\">\u00a1Consigue el BONO REGALO!<\/a><\/div>\n<\/div>\n<\/div>\n<\/div>\n<\/div><\/div>\n\n\n\n<div class=\"wp-block-group modulopildorahorizontal modulopildoraroja\"><div class=\"wp-block-group__inner-container is-layout-constrained wp-block-group-is-layout-constrained\">\n<div class=\"wp-block-columns is-layout-flex wp-container-core-columns-is-layout-9d6595d7 wp-block-columns-is-layout-flex\">\n<div class=\"wp-block-column is-layout-flow wp-block-column-is-layout-flow\">\n<figure class=\"wp-block-image size-full\"><img loading=\"lazy\" decoding=\"async\" width=\"1200\" height=\"800\" src=\"https:\/\/riberasalud.com\/cardiosalus\/wp-content\/uploads\/2024\/07\/reconocimiento-medico-deportivo-promo-25.jpg\" alt=\"Reconocimiento m\u00e9dico deportivo promo\" class=\"wp-image-8308\" srcset=\"https:\/\/riberasalud.com\/cardiosalus\/wp-content\/uploads\/2024\/07\/reconocimiento-medico-deportivo-promo-25.jpg 1200w, https:\/\/riberasalud.com\/cardiosalus\/wp-content\/uploads\/2024\/07\/reconocimiento-medico-deportivo-promo-25-300x200.jpg 300w, https:\/\/riberasalud.com\/cardiosalus\/wp-content\/uploads\/2024\/07\/reconocimiento-medico-deportivo-promo-25-1024x683.jpg 1024w, https:\/\/riberasalud.com\/cardiosalus\/wp-content\/uploads\/2024\/07\/reconocimiento-medico-deportivo-promo-25-768x512.jpg 768w\" sizes=\"auto, (max-width: 1200px) 100vw, 1200px\" \/><\/figure>\n<\/div>\n\n\n\n<div class=\"wp-block-column is-vertically-aligned-center is-layout-flow wp-block-column-is-layout-flow\">\n<h2 class=\"wp-block-heading\"><strong>Reconocimientos m\u00e9dicos deportivos<\/strong><\/h2>\n\n\n\n<p class=\"lessmargin\" style=\"font-size:25px\"><em>Realizados por cardi\u00f3logos<\/em><\/p>\n\n\n\n<div style=\"height:10px\" aria-hidden=\"true\" class=\"wp-block-spacer\"><\/div>\n\n\n\n<div class=\"wp-block-columns modulopildoraroja2 is-layout-flex wp-container-core-columns-is-layout-9d6595d7 wp-block-columns-is-layout-flex\">\n<div class=\"wp-block-column lineredright is-layout-flow wp-block-column-is-layout-flow\" style=\"flex-basis:175px\">\n<div style=\"height:40px\" aria-hidden=\"true\" class=\"wp-block-spacer onlydesktop\"><\/div>\n\n\n\n<p style=\"font-size:66px\"><strong>26\u20ac<\/strong><\/p>\n<\/div>\n\n\n\n<div class=\"wp-block-column is-layout-flow wp-block-column-is-layout-flow\">\n<p style=\"font-size:20px\"><strong>Incluye<\/strong>:<\/p>\n\n\n\n<p style=\"font-size:16px\">Electrocardiograma<br>Certificado oficial federativo<br>Valoraci\u00f3n m\u00e9dica<\/p>\n<\/div>\n<\/div>\n\n\n\n<div style=\"height:10px\" aria-hidden=\"true\" class=\"wp-block-spacer\"><\/div>\n\n\n\n<p style=\"font-size:13px\">Estudio realizado tanto en cl\u00ednica Ribera Cardiosalus como en las instalaciones de los clubes o federaci\u00f3n<\/p>\n<\/div>\n<\/div>\n<\/div><\/div>\n\n\n\n<div class=\"wp-block-group bannerpromo ocultarambos\"><div class=\"wp-block-group__inner-container is-layout-constrained wp-block-group-is-layout-constrained\">\n<div id=\"porquelegirnos\" class=\"wp-block-group bannersrojolanding borderedondo\"><div class=\"wp-block-group__inner-container is-layout-constrained wp-block-group-is-layout-constrained\">\n<div class=\"wp-block-columns alignwide is-layout-flex wp-container-core-columns-is-layout-9d6595d7 wp-block-columns-is-layout-flex\">\n<div class=\"wp-block-column is-vertically-aligned-center columnafirst is-layout-flow wp-block-column-is-layout-flow\" style=\"flex-basis:40%\">\n<p>NUTRICI\u00d3N<\/p>\n\n\n\n<p style=\"font-size:20px\"><strong>Nutrici\u00f3n y nutrici\u00f3n deportiva<\/strong><\/p>\n\n\n\n<p>Consulta informativa de nutrici\u00f3n GRATUITA<\/p>\n\n\n\n<p class=\"bannerrojoparrafo bottomargin\" style=\"font-size:34px\"><em>Bono de 3 sesiones de nutrici\u00f3n por solo 75 \u20ac<\/em><\/p>\n\n\n\n<h1 class=\"wp-block-heading has-text-align-left has-large-font-size\"><strong>100\u20ac<\/strong><\/h1>\n\n\n\n<div class=\"wp-block-columns columnactalandingnutri is-layout-flex wp-container-core-columns-is-layout-9d6595d7 wp-block-columns-is-layout-flex\">\n<div class=\"wp-block-column cta2landingnutri is-layout-flow wp-block-column-is-layout-flow\">\n<p class=\"ctalandingnutri\" style=\"font-size:16px\"><a href=\"#descargaapp\">\u00a1Me interesa!<\/a><\/p>\n<\/div>\n<\/div>\n<\/div>\n\n\n\n<div class=\"wp-block-column is-layout-flow wp-block-column-is-layout-flow\">\n<div class=\"wp-block-cover is-light\"><img loading=\"lazy\" decoding=\"async\" width=\"2560\" height=\"1707\" class=\"wp-block-cover__image-background wp-image-8709\" alt=\"\" src=\"https:\/\/riberasalud.com\/cardiosalus\/wp-content\/uploads\/2024\/07\/nutricion-en-Ribera-Cardiosalus-scaled.jpg\" data-object-fit=\"cover\" srcset=\"https:\/\/riberasalud.com\/cardiosalus\/wp-content\/uploads\/2024\/07\/nutricion-en-Ribera-Cardiosalus-scaled.jpg 2560w, https:\/\/riberasalud.com\/cardiosalus\/wp-content\/uploads\/2024\/07\/nutricion-en-Ribera-Cardiosalus-300x200.jpg 300w, https:\/\/riberasalud.com\/cardiosalus\/wp-content\/uploads\/2024\/07\/nutricion-en-Ribera-Cardiosalus-1024x683.jpg 1024w, https:\/\/riberasalud.com\/cardiosalus\/wp-content\/uploads\/2024\/07\/nutricion-en-Ribera-Cardiosalus-768x512.jpg 768w, https:\/\/riberasalud.com\/cardiosalus\/wp-content\/uploads\/2024\/07\/nutricion-en-Ribera-Cardiosalus-1536x1024.jpg 1536w, https:\/\/riberasalud.com\/cardiosalus\/wp-content\/uploads\/2024\/07\/nutricion-en-Ribera-Cardiosalus-2048x1365.jpg 2048w\" sizes=\"auto, (max-width: 2560px) 100vw, 2560px\" \/><span aria-hidden=\"true\" class=\"wp-block-cover__background has-background-dim-0 has-background-dim\" style=\"background-color:#d7d3d1\"><\/span><div class=\"wp-block-cover__inner-container is-layout-constrained wp-block-cover-is-layout-constrained\">\n<p class=\"has-text-align-center has-large-font-size\"><\/p>\n<\/div><\/div>\n<\/div>\n<\/div>\n<\/div><\/div>\n<\/div><\/div>\n\n\n\n<div class=\"wp-block-group ocultarambos\"><div class=\"wp-block-group__inner-container is-layout-flow wp-block-group-is-layout-flow\">\n<h2 class=\"wp-block-heading\" id=\"como\"><strong>Nutrici\u00f3n<\/strong><\/h2>\n\n\n\n<div class=\"wp-block-columns b is-layout-flex wp-container-core-columns-is-layout-9d6595d7 wp-block-columns-is-layout-flex\">\n<div class=\"wp-block-column is-layout-flow wp-block-column-is-layout-flow\">\n<p style=\"font-size:20px\"><strong>Consultas personalizadas<\/strong><\/p>\n\n\n\n<p>Acceso a sesiones con nuestros nutricionistas expertos que te guiar\u00e1n en la creaci\u00f3n de un plan de alimentaci\u00f3n adaptado a tus necesidades<\/p>\n\n\n<div class=\"wp-block-image\">\n<figure class=\"alignleft size-full is-resized\"><img loading=\"lazy\" decoding=\"async\" width=\"551\" height=\"267\" src=\"https:\/\/riberasalud.com\/cardiosalus\/wp-content\/uploads\/2024\/07\/promo-nutricion-2-1.png\" alt=\"\" class=\"wp-image-8635\" style=\"width:400px\" srcset=\"https:\/\/riberasalud.com\/cardiosalus\/wp-content\/uploads\/2024\/07\/promo-nutricion-2-1.png 551w, https:\/\/riberasalud.com\/cardiosalus\/wp-content\/uploads\/2024\/07\/promo-nutricion-2-1-300x145.png 300w\" sizes=\"auto, (max-width: 551px) 100vw, 551px\" \/><\/figure>\n<\/div><\/div>\n\n\n\n<div class=\"wp-block-column is-layout-flow wp-block-column-is-layout-flow\">\n<p style=\"font-size:20px\"><strong>Seguimiento continuo<\/strong><\/p>\n\n\n\n<p>Revisi\u00f3n y ajuste regular de tu plan nutricional para asegurar tu progreso.<\/p>\n\n\n\n<div style=\"height:20px\" aria-hidden=\"true\" class=\"wp-block-spacer onlydesktop\"><\/div>\n\n\n<div class=\"wp-block-image\">\n<figure class=\"alignleft size-full is-resized\"><img loading=\"lazy\" decoding=\"async\" width=\"551\" height=\"267\" src=\"https:\/\/riberasalud.com\/cardiosalus\/wp-content\/uploads\/2024\/07\/promo-nutricion-1-1.png\" alt=\"\" class=\"wp-image-8637\" style=\"width:400px\" srcset=\"https:\/\/riberasalud.com\/cardiosalus\/wp-content\/uploads\/2024\/07\/promo-nutricion-1-1.png 551w, https:\/\/riberasalud.com\/cardiosalus\/wp-content\/uploads\/2024\/07\/promo-nutricion-1-1-300x145.png 300w\" sizes=\"auto, (max-width: 551px) 100vw, 551px\" \/><\/figure>\n<\/div><\/div>\n<\/div>\n\n\n\n<div style=\"height:30px\" aria-hidden=\"true\" class=\"wp-block-spacer\"><\/div>\n\n\n\n<h2 class=\"wp-block-heading\" id=\"como\"><strong>M\u00e1s descuentos y promociones<\/strong><\/h2>\n\n\n\n<p>Lorem ipsum<\/p>\n<\/div><\/div>\n\n\n\n<div style=\"height:20px\" aria-hidden=\"true\" class=\"wp-block-spacer\"><\/div>\n","protected":false},"excerpt":{"rendered":"<p>RIBERA CARDIOSALUS Promociones Nutrici\u00f3n y nutrici\u00f3n deportiva NUTRICI\u00d3N Consulta informativa de nutrici\u00f3n GRATUITA NUTRICI\u00d3N DEPORTIVA Fisioterapia \u00a1Ahora! 20% de Dto. en tu primer tratamiento Otros descuentos y promociones Regala Salud Chequeo Cardiovascular para Deportistas El regalo perfecto para quienes priorizan su bienestar mientras practican deporte de forma segura Reconocimientos m\u00e9dicos deportivos Realizados por cardi\u00f3logos 26\u20ac &#8230; <a title=\"Promociones\" class=\"read-more\" href=\"https:\/\/riberasalud.com\/cardiosalus\/promociones\/\" aria-label=\"Leer m\u00e1s sobre Promociones\">Leer m\u00e1s<\/a><\/p>\n","protected":false},"author":2,"featured_media":0,"parent":0,"menu_order":0,"comment_status":"closed","ping_status":"closed","template":"","meta":{"_monsterinsights_skip_tracking":false,"_monsterinsights_sitenote_active":false,"_monsterinsights_sitenote_note":"","_monsterinsights_sitenote_category":0,"_glsr_average":0,"_glsr_ranking":0,"_glsr_reviews":0,"footnotes":""},"class_list":["post-8645","page","type-page","status-publish"],"yoast_head":"<!-- This site is optimized with the Yoast SEO plugin v26.6 - https:\/\/yoast.com\/wordpress\/plugins\/seo\/ -->\n<title>Promociones - Ribera Cardiosalus<\/title>\n<meta name=\"description\" content=\"En Ribera Cardiosalus unimos la calidad humana y profesional con el compromiso de ofrecer al paciente una atenci\u00f3n excelente\" \/>\n<meta name=\"robots\" content=\"index, follow, max-snippet:-1, max-image-preview:large, max-video-preview:-1\" \/>\n<link rel=\"canonical\" href=\"https:\/\/riberasalud.com\/cardiosalus\/promociones\/\" \/>\n<meta property=\"og:locale\" content=\"es_ES\" \/>\n<meta property=\"og:type\" content=\"article\" \/>\n<meta property=\"og:title\" content=\"Promociones - Ribera Cardiosalus\" \/>\n<meta property=\"og:description\" content=\"En Ribera Cardiosalus unimos la calidad humana y profesional con el compromiso de ofrecer al paciente una atenci\u00f3n excelente\" \/>\n<meta property=\"og:url\" content=\"https:\/\/riberasalud.com\/cardiosalus\/promociones\/\" \/>\n<meta property=\"og:site_name\" content=\"Ribera Cardiosalus\" \/>\n<meta property=\"article:modified_time\" content=\"2025-10-01T11:45:40+00:00\" \/>\n<meta property=\"og:image\" content=\"https:\/\/riberasalud.com\/cardiosalus\/wp-content\/uploads\/2024\/04\/Cardiosalus.jpg\" \/>\n\t<meta property=\"og:image:width\" content=\"1024\" \/>\n\t<meta property=\"og:image:height\" content=\"576\" \/>\n\t<meta property=\"og:image:type\" content=\"image\/jpeg\" \/>\n<meta name=\"twitter:card\" content=\"summary_large_image\" \/>\n<meta name=\"twitter:label1\" content=\"Tiempo de lectura\" \/>\n\t<meta name=\"twitter:data1\" content=\"3 minutos\" \/>\n<script type=\"application\/ld+json\" class=\"yoast-schema-graph\">{\"@context\":\"https:\/\/schema.org\",\"@graph\":[{\"@type\":\"WebPage\",\"@id\":\"https:\/\/riberasalud.com\/cardiosalus\/promociones\/\",\"url\":\"https:\/\/riberasalud.com\/cardiosalus\/promociones\/\",\"name\":\"Promociones - Ribera Cardiosalus\",\"isPartOf\":{\"@id\":\"https:\/\/riberasalud.com\/cardiosalus\/#website\"},\"primaryImageOfPage\":{\"@id\":\"https:\/\/riberasalud.com\/cardiosalus\/promociones\/#primaryimage\"},\"image\":{\"@id\":\"https:\/\/riberasalud.com\/cardiosalus\/promociones\/#primaryimage\"},\"thumbnailUrl\":\"https:\/\/riberasalud.com\/cardiosalus\/wp-content\/uploads\/2025\/05\/Promo-Cardiosalus-Nutricion-2.png\",\"datePublished\":\"2024-07-04T08:29:47+00:00\",\"dateModified\":\"2025-10-01T11:45:40+00:00\",\"description\":\"En Ribera Cardiosalus unimos la calidad humana y profesional con el compromiso de ofrecer al paciente una atenci\u00f3n excelente\",\"breadcrumb\":{\"@id\":\"https:\/\/riberasalud.com\/cardiosalus\/promociones\/#breadcrumb\"},\"inLanguage\":\"es\",\"potentialAction\":[{\"@type\":\"ReadAction\",\"target\":[\"https:\/\/riberasalud.com\/cardiosalus\/promociones\/\"]}]},{\"@type\":\"ImageObject\",\"inLanguage\":\"es\",\"@id\":\"https:\/\/riberasalud.com\/cardiosalus\/promociones\/#primaryimage\",\"url\":\"https:\/\/riberasalud.com\/cardiosalus\/wp-content\/uploads\/2025\/05\/Promo-Cardiosalus-Nutricion-2.png\",\"contentUrl\":\"https:\/\/riberasalud.com\/cardiosalus\/wp-content\/uploads\/2025\/05\/Promo-Cardiosalus-Nutricion-2.png\",\"width\":551,\"height\":267,\"caption\":\"Promoci\u00f3n de nutrici\u00f3n en Ribera Cardiosalus\"},{\"@type\":\"BreadcrumbList\",\"@id\":\"https:\/\/riberasalud.com\/cardiosalus\/promociones\/#breadcrumb\",\"itemListElement\":[{\"@type\":\"ListItem\",\"position\":1,\"name\":\"Portada\",\"item\":\"https:\/\/riberasalud.com\/cardiosalus\/\"},{\"@type\":\"ListItem\",\"position\":2,\"name\":\"Promociones\"}]},{\"@type\":\"WebSite\",\"@id\":\"https:\/\/riberasalud.com\/cardiosalus\/#website\",\"url\":\"https:\/\/riberasalud.com\/cardiosalus\/\",\"name\":\"Ribera Cardiosalus\",\"description\":\"\",\"publisher\":{\"@id\":\"https:\/\/riberasalud.com\/cardiosalus\/#organization\"},\"potentialAction\":[{\"@type\":\"SearchAction\",\"target\":{\"@type\":\"EntryPoint\",\"urlTemplate\":\"https:\/\/riberasalud.com\/cardiosalus\/?s={search_term_string}\"},\"query-input\":{\"@type\":\"PropertyValueSpecification\",\"valueRequired\":true,\"valueName\":\"search_term_string\"}}],\"inLanguage\":\"es\"},{\"@type\":\"Organization\",\"@id\":\"https:\/\/riberasalud.com\/cardiosalus\/#organization\",\"name\":\"Ribera Cardiosalus\",\"url\":\"https:\/\/riberasalud.com\/cardiosalus\/\",\"logo\":{\"@type\":\"ImageObject\",\"inLanguage\":\"es\",\"@id\":\"https:\/\/riberasalud.com\/cardiosalus\/#\/schema\/logo\/image\/\",\"url\":\"https:\/\/riberasalud.com\/cardiosalus\/wp-content\/uploads\/2024\/05\/cropped-Logo-ribera-cardiosalus-4.png\",\"contentUrl\":\"https:\/\/riberasalud.com\/cardiosalus\/wp-content\/uploads\/2024\/05\/cropped-Logo-ribera-cardiosalus-4.png\",\"width\":1361,\"height\":272,\"caption\":\"Ribera Cardiosalus\"},\"image\":{\"@id\":\"https:\/\/riberasalud.com\/cardiosalus\/#\/schema\/logo\/image\/\"}}]}<\/script>\n<!-- \/ Yoast SEO plugin. -->","yoast_head_json":{"title":"Promociones - Ribera Cardiosalus","description":"En Ribera Cardiosalus unimos la calidad humana y profesional con el compromiso de ofrecer al paciente una atenci\u00f3n excelente","robots":{"index":"index","follow":"follow","max-snippet":"max-snippet:-1","max-image-preview":"max-image-preview:large","max-video-preview":"max-video-preview:-1"},"canonical":"https:\/\/riberasalud.com\/cardiosalus\/promociones\/","og_locale":"es_ES","og_type":"article","og_title":"Promociones - Ribera Cardiosalus","og_description":"En Ribera Cardiosalus unimos la calidad humana y profesional con el compromiso de ofrecer al paciente una atenci\u00f3n excelente","og_url":"https:\/\/riberasalud.com\/cardiosalus\/promociones\/","og_site_name":"Ribera Cardiosalus","article_modified_time":"2025-10-01T11:45:40+00:00","og_image":[{"width":1024,"height":576,"url":"https:\/\/riberasalud.com\/cardiosalus\/wp-content\/uploads\/2024\/04\/Cardiosalus.jpg","type":"image\/jpeg"}],"twitter_card":"summary_large_image","twitter_misc":{"Tiempo de lectura":"3 minutos"},"schema":{"@context":"https:\/\/schema.org","@graph":[{"@type":"WebPage","@id":"https:\/\/riberasalud.com\/cardiosalus\/promociones\/","url":"https:\/\/riberasalud.com\/cardiosalus\/promociones\/","name":"Promociones - Ribera Cardiosalus","isPartOf":{"@id":"https:\/\/riberasalud.com\/cardiosalus\/#website"},"primaryImageOfPage":{"@id":"https:\/\/riberasalud.com\/cardiosalus\/promociones\/#primaryimage"},"image":{"@id":"https:\/\/riberasalud.com\/cardiosalus\/promociones\/#primaryimage"},"thumbnailUrl":"https:\/\/riberasalud.com\/cardiosalus\/wp-content\/uploads\/2025\/05\/Promo-Cardiosalus-Nutricion-2.png","datePublished":"2024-07-04T08:29:47+00:00","dateModified":"2025-10-01T11:45:40+00:00","description":"En Ribera Cardiosalus unimos la calidad humana y profesional con el compromiso de ofrecer al paciente una atenci\u00f3n excelente","breadcrumb":{"@id":"https:\/\/riberasalud.com\/cardiosalus\/promociones\/#breadcrumb"},"inLanguage":"es","potentialAction":[{"@type":"ReadAction","target":["https:\/\/riberasalud.com\/cardiosalus\/promociones\/"]}]},{"@type":"ImageObject","inLanguage":"es","@id":"https:\/\/riberasalud.com\/cardiosalus\/promociones\/#primaryimage","url":"https:\/\/riberasalud.com\/cardiosalus\/wp-content\/uploads\/2025\/05\/Promo-Cardiosalus-Nutricion-2.png","contentUrl":"https:\/\/riberasalud.com\/cardiosalus\/wp-content\/uploads\/2025\/05\/Promo-Cardiosalus-Nutricion-2.png","width":551,"height":267,"caption":"Promoci\u00f3n de nutrici\u00f3n en Ribera Cardiosalus"},{"@type":"BreadcrumbList","@id":"https:\/\/riberasalud.com\/cardiosalus\/promociones\/#breadcrumb","itemListElement":[{"@type":"ListItem","position":1,"name":"Portada","item":"https:\/\/riberasalud.com\/cardiosalus\/"},{"@type":"ListItem","position":2,"name":"Promociones"}]},{"@type":"WebSite","@id":"https:\/\/riberasalud.com\/cardiosalus\/#website","url":"https:\/\/riberasalud.com\/cardiosalus\/","name":"Ribera Cardiosalus","description":"","publisher":{"@id":"https:\/\/riberasalud.com\/cardiosalus\/#organization"},"potentialAction":[{"@type":"SearchAction","target":{"@type":"EntryPoint","urlTemplate":"https:\/\/riberasalud.com\/cardiosalus\/?s={search_term_string}"},"query-input":{"@type":"PropertyValueSpecification","valueRequired":true,"valueName":"search_term_string"}}],"inLanguage":"es"},{"@type":"Organization","@id":"https:\/\/riberasalud.com\/cardiosalus\/#organization","name":"Ribera Cardiosalus","url":"https:\/\/riberasalud.com\/cardiosalus\/","logo":{"@type":"ImageObject","inLanguage":"es","@id":"https:\/\/riberasalud.com\/cardiosalus\/#\/schema\/logo\/image\/","url":"https:\/\/riberasalud.com\/cardiosalus\/wp-content\/uploads\/2024\/05\/cropped-Logo-ribera-cardiosalus-4.png","contentUrl":"https:\/\/riberasalud.com\/cardiosalus\/wp-content\/uploads\/2024\/05\/cropped-Logo-ribera-cardiosalus-4.png","width":1361,"height":272,"caption":"Ribera Cardiosalus"},"image":{"@id":"https:\/\/riberasalud.com\/cardiosalus\/#\/schema\/logo\/image\/"}}]}},"_links":{"self":[{"href":"https:\/\/riberasalud.com\/cardiosalus\/wp-json\/wp\/v2\/pages\/8645","targetHints":{"allow":["GET"]}}],"collection":[{"href":"https:\/\/riberasalud.com\/cardiosalus\/wp-json\/wp\/v2\/pages"}],"about":[{"href":"https:\/\/riberasalud.com\/cardiosalus\/wp-json\/wp\/v2\/types\/page"}],"author":[{"embeddable":true,"href":"https:\/\/riberasalud.com\/cardiosalus\/wp-json\/wp\/v2\/users\/2"}],"replies":[{"embeddable":true,"href":"https:\/\/riberasalud.com\/cardiosalus\/wp-json\/wp\/v2\/comments?post=8645"}],"version-history":[{"count":99,"href":"https:\/\/riberasalud.com\/cardiosalus\/wp-json\/wp\/v2\/pages\/8645\/revisions"}],"predecessor-version":[{"id":11553,"href":"https:\/\/riberasalud.com\/cardiosalus\/wp-json\/wp\/v2\/pages\/8645\/revisions\/11553"}],"wp:attachment":[{"href":"https:\/\/riberasalud.com\/cardiosalus\/wp-json\/wp\/v2\/media?parent=8645"}],"curies":[{"name":"wp","href":"https:\/\/api.w.org\/{rel}","templated":true}]}}