{"id":8123,"date":"2024-05-03T14:38:08","date_gmt":"2024-05-03T12:38:08","guid":{"rendered":"https:\/\/riberasalud.com\/cardiosalus\/?page_id=8123"},"modified":"2024-05-03T14:43:19","modified_gmt":"2024-05-03T12:43:19","slug":"politica-de-cookies","status":"publish","type":"page","link":"https:\/\/riberasalud.com\/cardiosalus\/politica-de-cookies\/","title":{"rendered":"POL\u00cdTICA DE COOKIES"},"content":{"rendered":"\n<div class=\"wp-block-group hasbackgroundnaranja sliderlinea\"><div class=\"wp-block-group__inner-container is-layout-flow wp-block-group-is-layout-flow\">\n<p>SOMOS RIBERA CARDIOSALUS<\/p>\n\n\n\n<h1 class=\"wp-block-heading\">POL\u00cdTICA DE COOKIES<\/h1>\n<\/div><\/div>\n\n\n\n<div class=\"wp-block-group\"><div class=\"wp-block-group__inner-container is-layout-flow wp-block-group-is-layout-flow\">\n<p><strong>POL\u00cdTICA DE COOKIES<\/strong><\/p>\n\n\n\n<p>RIBERA SALUD, S.A.U. (en adelante, \u201cRIBERA SALUD\u201d) le informa que este sitio web utiliza cookies. A continuaci\u00f3n, el usuario encontrar\u00e1 informaci\u00f3n detallada sobre las cookies que son instaladas en la p\u00e1gina web.<\/p>\n\n\n\n<ol class=\"wp-block-list\">\n<li><strong>\u00bfQU\u00c9 SON LAS COOKIES?<\/strong><\/li>\n<\/ol>\n\n\n\n<p>Se considera cookies a cualquier tipo de archivo o dispositivo que se descarga en el equipo terminal de un usuario con la finalidad de almacenar datos que podr\u00e1n ser actualizados y recuperados por la entidad responsable de su instalaci\u00f3n. Se ubican en el disco duro del ordenador del Usuario, que archivan informaci\u00f3n sobre el uso que se realiza de un determinado Sitio Web. Las cookies solamente pueden ser le\u00eddas por el servidor que las coloc\u00f3 y no pueden ejecutar ning\u00fan programa o virus.<\/p>\n\n\n\n<ol class=\"wp-block-list\">\n<li><strong>\u00bfQU\u00c9 TIPO DE COOKIES SE UTILIZAN EN ESTA P\u00c1GINA WEB?<\/strong><\/li>\n<\/ol>\n\n\n\n<p>Respecto a la&nbsp;finalidad de las cookies, en esta web utilizamos las siguientes:<\/p>\n\n\n\n<ul class=\"wp-block-list\">\n<li><strong>Cookies t\u00e9cnicas estrictamente necesarias:\u00a0<\/strong>Se tratan de cookies necesarias para el correcto funcionamiento de la web, as\u00ed como entre otros, guardar el identificador de sesi\u00f3n del usuario.<\/li>\n<\/ul>\n\n\n\n<ul class=\"wp-block-list\">\n<li><strong>Cookies de an\u00e1lisis:<\/strong>\u00a0Son aqu\u00e9llas que permiten al responsable de las mismas, el seguimiento y an\u00e1lisis del comportamiento de los usuarios de los sitios web a los que est\u00e1n vinculadas. La informaci\u00f3n recogida mediante este tipo de cookies se utiliza en la medici\u00f3n de la actividad de los sitios web, aplicaci\u00f3n o plataforma y para la elaboraci\u00f3n de perfiles de navegaci\u00f3n de los usuarios de dichos sitios.<\/li>\n<\/ul>\n\n\n\n<ul class=\"wp-block-list\">\n<li><strong>Cookies de publicidad comportamental:<\/strong>\u00a0son aquellas que almacenan informaci\u00f3n del comportamiento de los usuarios y que permiten desarrollar un perfil espec\u00edfico para mostrar publicidad en funci\u00f3n de los intereses y preferencias del interesado.<\/li>\n<\/ul>\n\n\n\n<p>Asimismo, en cuanto a la&nbsp;entidad que gestiona las cookies, esta p\u00e1gina web utiliza<strong>&nbsp;cookies de<\/strong>&nbsp;<strong>terceros<\/strong>, entendidas como aquellas que se env\u00edan al terminal del usuario desde un equipo o dominio que no es gestionado por el editor sino por otra entidad que trata los datos obtenidos a trav\u00e9s de las cookies.<\/p>\n\n\n\n<p>En el apartado tercero (III) de la presente Pol\u00edtica de cookies bajo el t\u00edtulo \u201cInformaci\u00f3n sobre terceros\u201d podr\u00e1 encontrar m\u00e1s informaci\u00f3n sobre dichos terceros.<\/p>\n\n\n\n<p>Respecto al&nbsp;plazo de tiempo que permanecen activadas, en esta web utilizamos las siguientes:<\/p>\n\n\n\n<ul class=\"wp-block-list\">\n<li><strong>Cookies de sesi\u00f3n<\/strong>: Son aquellas dise\u00f1adas para recabar y almacenar datos mientras el usuario accede a una p\u00e1gina web y desaparecen al cerrar el navegador.<\/li>\n<\/ul>\n\n\n\n<ul class=\"wp-block-list\">\n<li><strong>Cookies persistentes<\/strong>: son aquellas en las que los datos siguen almacenados en el terminal y que pueden ser accedidos durante un periodo definido por el responsable de la cookie que puede ir de varios minutos a varios a\u00f1os.<\/li>\n<\/ul>\n\n\n\n<p>En la tabla que se muestra a continuaci\u00f3n encontrar\u00e1 informaci\u00f3n completa sobre las cookies utilizadas y descargadas en nuestra p\u00e1gina web.<\/p>\n\n\n\n<figure class=\"wp-block-table\"><table><thead><tr><th>Funci\u00f3n<\/th><th>Cookie Id<\/th><th>Duraci\u00f3n<\/th><th>Procedencia<\/th><th>Descripci\u00f3n<\/th><th>Transferencias internacionales de datos<\/th><\/tr><\/thead><tbody><tr><td>Necesaria<\/td><td>cookieyes-consent<\/td><td>1 a\u00f1o<\/td><td>De terceros: CookieYes<\/td><td>CookieYes establece esta cookie para recordar las preferencias de consentimiento de los usuarios, de modo que se respeten sus preferencias en las siguientes visitas a este sitio. No recoge ni almacena ninguna informaci\u00f3n personal sobre los visitantes del sitio.<\/td><td>Si. UK<\/td><\/tr><tr><td>Necesaria<\/td><td>wpEmojiSettingsSupports<\/td><td>sesi\u00f3n<\/td><td>De terceros: WordPress<\/td><td>WordPress establece esta cookie cuando un usuario interact\u00faa con emojis en un sitio de WordPress. Ayuda a determinar si el navegador del usuario puede mostrar emojis correctamente.<\/td><td>Si. EEUU<\/td><\/tr><tr><td>Necesaria<\/td><td>cookielawinfo-checkbox-necessary<\/td><td>1 a\u00f1o<\/td><td>De terceros: CookieYes<\/td><td>Establecida por el plugin GDPR Cookie Consent, esta cookie registra el consentimiento del usuario para las cookies de la categor\u00eda \u201cNecesario\u201d.<\/td><td>Si. UK<\/td><\/tr><tr><td>Necesaria<\/td><td>cookielawinfo-checkbox-functional<\/td><td>1 a\u00f1o<\/td><td>De terceros: CookieYes<\/td><td>El plugin GDPR Cookie Consent establece la cookie para registrar el consentimiento del usuario para las cookies de la categor\u00eda \u201cFuncional\u201d.<\/td><td>Si. UK<\/td><\/tr><tr><td>Necesaria<\/td><td>cookielawinfo-checkbox-analytics<\/td><td>1 a\u00f1o<\/td><td>De terceros: CookieYes<\/td><td>Establecida por el plugin GDPR Cookie Consent, esta cookie registra el consentimiento del usuario para las cookies de la categor\u00eda \u201cAnal\u00edticas\u201d.<\/td><td>Si. UK<\/td><\/tr><tr><td>Necesaria<\/td><td>cookielawinfo-checkbox-advertisement<\/td><td>1 a\u00f1o<\/td><td>De terceros: CookieYes<\/td><td>Establecida por el plugin GDPR Cookie Consent, esta cookie registra el consentimiento del usuario para las cookies de la categor\u00eda \u201cPublicidad\u201d.<\/td><td>Si. UK<\/td><\/tr><tr><td>Necesaria<\/td><td>cookielawinfo-checkbox-others<\/td><td>1 a\u00f1o<\/td><td>De terceros: CookieYes<\/td><td>Establecida por el plugin GDPR Cookie Consent, esta cookie almacena el consentimiento del usuario para las cookies de la categor\u00eda \u201cOtros\u201d.<\/td><td>Si. UK<\/td><\/tr><tr><td>Necesaria<\/td><td>_GRECAPTCHA<\/td><td>6 meses<\/td><td>De terceros: Google<\/td><td>Esta cookie la establece el servicio recaptcha de Google para identificar bots y proteger el sitio web contra ataques de spam maliciosos.<\/td><td>Si. EEUU<\/td><\/tr><tr><td>Necesaria<\/td><td>rc::a<\/td><td>sesi\u00f3n<\/td><td>De terceros: Google<\/td><td>Esta cookie la establece el servicio recaptcha de Google para identificar bots y proteger el sitio web contra ataques de spam maliciosos.<\/td><td>Si. EEUU<\/td><\/tr><tr><td>Necesaria<\/td><td>rc::f<\/td><td>sesi\u00f3n<\/td><td>De terceros: Google<\/td><td>Esta cookie la establece el servicio recaptcha de Google para identificar bots y proteger el sitio web contra ataques de spam maliciosos.<\/td><td>Si. EEUU<\/td><\/tr><tr><td>Necesaria<\/td><td>rc::c<\/td><td>sesi\u00f3n<\/td><td>De terceros: Google<\/td><td>Esta cookie la establece el servicio recaptcha de Google para identificar bots y proteger el sitio web contra ataques de spam maliciosos.<\/td><td>Si. EEUU<\/td><\/tr><tr><td>Necesaria<\/td><td>rc::b<\/td><td>sesi\u00f3n<\/td><td>De terceros: Google<\/td><td>Esta cookie la establece el servicio recaptcha de Google para identificar bots y proteger el sitio web contra ataques de spam maliciosos.<\/td><td>Si. EEUU<\/td><\/tr><tr><td>Necesaria<\/td><td>XSRF-TOKEN<\/td><td>2 meses<\/td><td>De terceros: Wix<\/td><td>Wix establece esta cookie por motivos de seguridad.<\/td><td><\/td><\/tr><tr><td>Funcional<\/td><td>yt-remote-device-id<\/td><td>Nunca<\/td><td>De terceros: Youtube<\/td><td>YouTube establece esta cookie para almacenar las preferencias de v\u00eddeo del usuario que utiliza los v\u00eddeos incrustados de YouTube.<\/td><td>Si. EEUU<\/td><\/tr><tr><td>Funcional<\/td><td>ytidb::LAST_RESULT_ENTRY_KEY<\/td><td>Nunca<\/td><td>De terceros: Youtube<\/td><td>YouTube utiliza la cookie ytidb::LAST_RESULT_ENTRY_KEY para almacenar la \u00faltima entrada de resultados de b\u00fasqueda en la que hizo clic el usuario. Esta informaci\u00f3n se utiliza para mejorar la experiencia del usuario proporcionando resultados de b\u00fasqueda m\u00e1s relevantes en el futuro.<\/td><td>Si. EEUU<\/td><\/tr><tr><td>Funcional<\/td><td>yt-player-headers-readable<\/td><td>Nunca<\/td><td>De terceros: Youtube<\/td><td>YouTube utiliza la cookie legible yt-player-headers para almacenar las preferencias del usuario relacionadas con la reproducci\u00f3n y la interfaz del v\u00eddeo, mejorando la experiencia de visualizaci\u00f3n del usuario.<\/td><td>Si. EEUU<\/td><\/tr><tr><td>Funcional<\/td><td>yt-remote-connected-devices<\/td><td>Nunca<\/td><td>De terceros: Youtube<\/td><td>YouTube establece esta cookie para almacenar las preferencias de v\u00eddeo del usuario que utiliza los v\u00eddeos incrustados de YouTube.<\/td><td>Si. EEUU<\/td><\/tr><tr><td>Funcional<\/td><td>yt-player-bandwidth<\/td><td>Nunca<\/td><td>De terceros: Youtube<\/td><td>La cookie yt-player-bandwidth se utiliza para almacenar las preferencias y configuraciones del reproductor de video del usuario, particularmente relacionadas con el ancho de banda y la calidad de transmisi\u00f3n en YouTube.<\/td><td>Si. EEUU<\/td><\/tr><tr><td>Funcional<\/td><td>yt-remote-session-app<\/td><td>sesi\u00f3n<\/td><td>De terceros: Youtube<\/td><td>YouTube utiliza la cookie yt-remote-session-app para almacenar las preferencias del usuario e informaci\u00f3n sobre la interfaz del reproductor de v\u00eddeo integrado de YouTube.<\/td><td>Si. EEUU<\/td><\/tr><tr><td>Funcional<\/td><td>yt-remote-cast-installed<\/td><td>sesi\u00f3n<\/td><td>De terceros: Youtube<\/td><td>La cookie instalada por yt-remote-cast se utiliza para almacenar las preferencias del reproductor de video del usuario utilizando videos incrustados de YouTube.<\/td><td>Si. EEUU<\/td><\/tr><tr><td>Funcional<\/td><td>yt-remote-session-name<\/td><td>sesi\u00f3n<\/td><td>De terceros: Youtube<\/td><td>YouTube utiliza la cookie yt-remote-session-name para almacenar las preferencias del reproductor de video del usuario utilizando videos incrustados de YouTube.<\/td><td>Si. EEUU<\/td><\/tr><tr><td>Funcional<\/td><td>yt-remote-cast-available<\/td><td>sesi\u00f3n<\/td><td>De terceros: Youtube<\/td><td>La cookie yt-remote-cast-available se utiliza para almacenar las preferencias del usuario con respecto a si la transmisi\u00f3n est\u00e1 disponible en su reproductor de video de YouTube.<\/td><td>Si. EEUU<\/td><\/tr><tr><td>Funcional<\/td><td>yt-remote-fast-check-period<\/td><td>sesi\u00f3n<\/td><td>De terceros: Youtube<\/td><td>YouTube utiliza la cookie yt-remote-fast-check-period para almacenar las preferencias del reproductor de video del usuario para videos incrustados de YouTube.<\/td><td>Si. EEUU<\/td><\/tr><tr><td>Anal\u00edtica<\/td><td>_ga*_<\/td><td>1 a\u00f1o 1 mes 4 d\u00edas<\/td><td>De terceros: Google Analytics<\/td><td>Google Analytics configura esta cookie para almacenar y contar las visitas a la p\u00e1gina.<\/td><td>Si. EEUU<\/td><\/tr><tr><td>Anal\u00edtica<\/td><td>_ga<\/td><td>1 a\u00f1o 1 mes 4 d\u00edas<\/td><td>De terceros: Google Analytics<\/td><td>Google Analytics establece esta cookie para calcular los datos de los visitantes, de las sesiones y de las campa\u00f1as y para hacer un seguimiento del uso del sitio para el informe de an\u00e1lisis del sitio. La cookie almacena la informaci\u00f3n de forma an\u00f3nima y asigna un n\u00famero generado aleatoriamente para reconocer a los visitantes \u00fanicos.<\/td><td>Si. EEUU<\/td><\/tr><tr><td>Anal\u00edtica<\/td><td>_gid<\/td><td>1 d\u00eda<\/td><td>De terceros: Google Analytics<\/td><td>Google Analytics establece esta cookie para almacenar informaci\u00f3n sobre el uso que hacen los visitantes de un sitio web, al tiempo que crea un informe anal\u00edtico sobre el rendimiento del sitio. Algunos de los datos recogidos incluyen el n\u00famero de visitantes, su origen y las p\u00e1ginas que visitan de forma an\u00f3nima.<\/td><td>Si. EEUU<\/td><\/tr><tr><td>Anal\u00edtica<\/td><td>_gat_gtag_UA_*<\/td><td>1 minuto<\/td><td>De terceros: Google Analytics<\/td><td>Google Analytics configura esta cookie para almacenar una identificaci\u00f3n de usuario \u00fanica.<\/td><td>Si. EEUU<\/td><\/tr><tr><td>Anal\u00edtica<\/td><td>_gcl_au<\/td><td>3 meses<\/td><td>De terceros: Google Tag Manager<\/td><td>Google Tag Manager establece la cookie para experimentar la eficacia publicitaria de los sitios web que utilizan sus servicios.<\/td><td>Si. EEUU<\/td><\/tr><tr><td>Anal\u00edtica<\/td><td>_fbp<\/td><td>3 meses<\/td><td>De terceros: Facebook<\/td><td>Facebook establece esta cookie para mostrar anuncios en Facebook o en una plataforma digital con publicidad de Facebook despu\u00e9s de visitar el sitio web.<\/td><td>Si. EEUU<\/td><\/tr><tr><td>Anuncio<\/td><td>YSC<\/td><td>sesi\u00f3n<\/td><td>De terceros: Youtube<\/td><td>Youtube establece esta cookie para hacer un seguimiento de las visualizaciones de los v\u00eddeos incrustados en las p\u00e1ginas de Youtube.<\/td><td>Si. EEUU<\/td><\/tr><tr><td>Anuncio<\/td><td>VISITOR_INFO1_LIVE<\/td><td>6 meses<\/td><td>De terceros: Youtube<\/td><td>YouTube establece esta cookie para medir el ancho de banda y determinar si el usuario recibe la nueva o la antigua interfaz del reproductor.<\/td><td>Si. EEUU<\/td><\/tr><tr><td>Anuncio<\/td><td>VISITOR_PRIVACY_METADATA<\/td><td>6 meses<\/td><td>De terceros: Youtube<\/td><td>YouTube configura esta cookie para almacenar el estado de consentimiento de cookies del usuario para el dominio actual.<\/td><td>Si. EEUU<\/td><\/tr><tr><td>Anuncio<\/td><td>yt.innertube::requests<\/td><td>Nunca<\/td><td>De terceros: Youtube<\/td><td>YouTube establece esta cookie para registrar un ID \u00fanico para almacenar datos sobre los v\u00eddeos de YouTube que el usuario ha visto.<\/td><td>Si. EEUU<\/td><\/tr><tr><td>Anuncio<\/td><td>yt.innertube::nextId<\/td><td>Nunca<\/td><td>De terceros: Youtube<\/td><td>YouTube establece esta cookie para registrar un ID \u00fanico para almacenar datos sobre los v\u00eddeos de YouTube que el usuario ha visto.<\/td><td>Si. EEUU<\/td><\/tr><\/tbody><\/table><\/figure>\n\n\n\n<ul class=\"wp-block-list\">\n<li><strong>Informaci\u00f3n sobre terceros.<\/strong><\/li>\n<\/ul>\n\n\n\n<p>El usuario puede obtener informaci\u00f3n completa sobre los terceros, as\u00ed como en su caso de las transferencias a terceros pa\u00edses que puedan llevar a cabo los terceros, a trav\u00e9s de los enlaces a sus p\u00e1ginas web detalladas a continuaci\u00f3n. El usuario por medio de los enlaces, podr\u00e1 consultar las correspondientes pol\u00edticas de protecci\u00f3n de datos y cookies de dichos terceros.<\/p>\n\n\n\n<ul class=\"wp-block-list\">\n<li>WordPress:\u00a0<a href=\"https:\/\/es.wordpress.com\/\">https:\/\/es.wordpress.com\/<\/a><\/li>\n<\/ul>\n\n\n\n<ul class=\"wp-block-list\">\n<li>Google Analytics:<a href=\"https:\/\/analytics.google.com\/analytics\/web\/provision\/#\/provision\">https:\/\/analytics.google.com\/analytics\/web\/provision\/#\/provision<\/a><\/li>\n<\/ul>\n\n\n\n<ul class=\"wp-block-list\">\n<li>Google:\u00a0<a href=\"http:\/\/www.google.com\/\">google.com<\/a><\/li>\n<\/ul>\n\n\n\n<ul class=\"wp-block-list\">\n<li>Facebook:\u00a0<a href=\"http:\/\/www.facebook.com\/\">facebook.com<\/a><\/li>\n<\/ul>\n\n\n\n<p>Asimismo, informamos a los usuarios que la informaci\u00f3n obtenida a trav\u00e9s de las cookies gestionadas por terceros es transferida a EEUU y que dicho pa\u00eds de destino es un tercer pa\u00eds que, actualmente, no ofrece un nivel de protecci\u00f3n adecuado en el sentido del Reglamento General de Protecci\u00f3n de Datos europeo (\u201cRGPD\u201d o \u201cReglamento (UE) 2016\/679\u201d).<\/p>\n\n\n\n<p>Igualmente, le comunicamos que RIBERA SALUD no puede controlar ni se hace responsable del contenido y veracidad de los t\u00e9rminos y condiciones y las pol\u00edticas de privacidad de terceros, as\u00ed como de aquella informaci\u00f3n que el tercero no ofrezca en castellano. Asimismo, tampoco se hace responsable del correcto funcionamiento de los enlaces facilitados a las correspondientes p\u00e1ginas webs.<\/p>\n\n\n\n<ol class=\"wp-block-list\">\n<li><strong>\u00a0Configuraci\u00f3n, desactivaci\u00f3n y eliminaci\u00f3n de cookies.<\/strong><\/li>\n<\/ol>\n\n\n\n<p>Para configurar o desactivar las cookies se puede acceder a nuestro panel de configuraci\u00f3n&nbsp;aqu\u00ed&nbsp;.<\/p>\n\n\n\n<p>Asimismo, tenga en cuenta que, si acepta las cookies de terceros, deber\u00e1 eliminarlas desde las opciones del navegador o desde el sistema ofrecido por el propio tercero.<\/p>\n\n\n\n<ol class=\"wp-block-list\">\n<li><strong>Actualizaci\u00f3n de Pol\u00edtica de cookies.<\/strong><\/li>\n<\/ol>\n\n\n\n<p>Esta Pol\u00edtica de Cookies puede variar en funci\u00f3n de nuevas exigencias legislativas, reglamentarias, o con la finalidad de adaptar dicha pol\u00edtica a las instrucciones dictadas por la Agencia Espa\u00f1ola de Protecci\u00f3n de Datos.<\/p>\n\n\n\n<p>Por \u00faltimo, si el usuario desea obtener informaci\u00f3n en materia de protecci\u00f3n de datos, le recomendamos que consulte nuestra&nbsp;<a href=\"https:\/\/www.riberasalud.com\/politica-de-privacidad\/\"><u>Pol\u00edtica de Protecci\u00f3n de Datos<\/u><\/a>.<\/p>\n\n\n\n<p>\u00daltima actualizaci\u00f3n:&nbsp;&nbsp; octubre de 2020.<\/p>\n<\/div><\/div>\n","protected":false},"excerpt":{"rendered":"<p>SOMOS RIBERA CARDIOSALUS POL\u00cdTICA DE COOKIES POL\u00cdTICA DE COOKIES RIBERA SALUD, S.A.U. (en adelante, \u201cRIBERA SALUD\u201d) le informa que este sitio web utiliza cookies. A continuaci\u00f3n, el usuario encontrar\u00e1 informaci\u00f3n detallada sobre las cookies que son instaladas en la p\u00e1gina web. Se considera cookies a cualquier tipo de archivo o dispositivo que se descarga en &#8230; <a title=\"POL\u00cdTICA DE COOKIES\" class=\"read-more\" href=\"https:\/\/riberasalud.com\/cardiosalus\/politica-de-cookies\/\" aria-label=\"Leer m\u00e1s sobre POL\u00cdTICA DE COOKIES\">Leer m\u00e1s<\/a><\/p>\n","protected":false},"author":1,"featured_media":0,"parent":0,"menu_order":0,"comment_status":"closed","ping_status":"closed","template":"","meta":{"_monsterinsights_skip_tracking":false,"_monsterinsights_sitenote_active":false,"_monsterinsights_sitenote_note":"","_monsterinsights_sitenote_category":0,"_glsr_average":0,"_glsr_ranking":0,"_glsr_reviews":0,"footnotes":""},"class_list":["post-8123","page","type-page","status-publish"],"yoast_head":"<!-- This site is optimized with the Yoast SEO plugin v26.6 - https:\/\/yoast.com\/wordpress\/plugins\/seo\/ -->\n<title>POL\u00cdTICA DE COOKIES - Ribera Cardiosalus<\/title>\n<meta name=\"robots\" content=\"index, follow, max-snippet:-1, max-image-preview:large, max-video-preview:-1\" \/>\n<link rel=\"canonical\" href=\"https:\/\/riberasalud.com\/cardiosalus\/politica-de-cookies\/\" \/>\n<meta property=\"og:locale\" content=\"es_ES\" \/>\n<meta property=\"og:type\" content=\"article\" \/>\n<meta property=\"og:title\" content=\"POL\u00cdTICA DE COOKIES - Ribera Cardiosalus\" \/>\n<meta property=\"og:description\" content=\"SOMOS RIBERA CARDIOSALUS POL\u00cdTICA DE COOKIES POL\u00cdTICA DE COOKIES RIBERA SALUD, S.A.U. (en adelante, \u201cRIBERA SALUD\u201d) le informa que este sitio web utiliza cookies. A continuaci\u00f3n, el usuario encontrar\u00e1 informaci\u00f3n detallada sobre las cookies que son instaladas en la p\u00e1gina web. Se considera cookies a cualquier tipo de archivo o dispositivo que se descarga en ... Leer m\u00e1s\" \/>\n<meta property=\"og:url\" content=\"https:\/\/riberasalud.com\/cardiosalus\/politica-de-cookies\/\" \/>\n<meta property=\"og:site_name\" content=\"Ribera Cardiosalus\" \/>\n<meta property=\"article:modified_time\" content=\"2024-05-03T12:43:19+00:00\" \/>\n<meta name=\"twitter:card\" content=\"summary_large_image\" \/>\n<meta name=\"twitter:label1\" content=\"Tiempo de lectura\" \/>\n\t<meta name=\"twitter:data1\" content=\"10 minutos\" \/>\n<script type=\"application\/ld+json\" class=\"yoast-schema-graph\">{\"@context\":\"https:\/\/schema.org\",\"@graph\":[{\"@type\":\"WebPage\",\"@id\":\"https:\/\/riberasalud.com\/cardiosalus\/politica-de-cookies\/\",\"url\":\"https:\/\/riberasalud.com\/cardiosalus\/politica-de-cookies\/\",\"name\":\"POL\u00cdTICA DE COOKIES - Ribera Cardiosalus\",\"isPartOf\":{\"@id\":\"https:\/\/riberasalud.com\/cardiosalus\/#website\"},\"datePublished\":\"2024-05-03T12:38:08+00:00\",\"dateModified\":\"2024-05-03T12:43:19+00:00\",\"breadcrumb\":{\"@id\":\"https:\/\/riberasalud.com\/cardiosalus\/politica-de-cookies\/#breadcrumb\"},\"inLanguage\":\"es\",\"potentialAction\":[{\"@type\":\"ReadAction\",\"target\":[\"https:\/\/riberasalud.com\/cardiosalus\/politica-de-cookies\/\"]}]},{\"@type\":\"BreadcrumbList\",\"@id\":\"https:\/\/riberasalud.com\/cardiosalus\/politica-de-cookies\/#breadcrumb\",\"itemListElement\":[{\"@type\":\"ListItem\",\"position\":1,\"name\":\"Portada\",\"item\":\"https:\/\/riberasalud.com\/cardiosalus\/\"},{\"@type\":\"ListItem\",\"position\":2,\"name\":\"POL\u00cdTICA DE COOKIES\"}]},{\"@type\":\"WebSite\",\"@id\":\"https:\/\/riberasalud.com\/cardiosalus\/#website\",\"url\":\"https:\/\/riberasalud.com\/cardiosalus\/\",\"name\":\"Ribera Cardiosalus\",\"description\":\"\",\"publisher\":{\"@id\":\"https:\/\/riberasalud.com\/cardiosalus\/#organization\"},\"potentialAction\":[{\"@type\":\"SearchAction\",\"target\":{\"@type\":\"EntryPoint\",\"urlTemplate\":\"https:\/\/riberasalud.com\/cardiosalus\/?s={search_term_string}\"},\"query-input\":{\"@type\":\"PropertyValueSpecification\",\"valueRequired\":true,\"valueName\":\"search_term_string\"}}],\"inLanguage\":\"es\"},{\"@type\":\"Organization\",\"@id\":\"https:\/\/riberasalud.com\/cardiosalus\/#organization\",\"name\":\"Ribera Cardiosalus\",\"url\":\"https:\/\/riberasalud.com\/cardiosalus\/\",\"logo\":{\"@type\":\"ImageObject\",\"inLanguage\":\"es\",\"@id\":\"https:\/\/riberasalud.com\/cardiosalus\/#\/schema\/logo\/image\/\",\"url\":\"https:\/\/riberasalud.com\/cardiosalus\/wp-content\/uploads\/2024\/05\/cropped-Logo-ribera-cardiosalus-4.png\",\"contentUrl\":\"https:\/\/riberasalud.com\/cardiosalus\/wp-content\/uploads\/2024\/05\/cropped-Logo-ribera-cardiosalus-4.png\",\"width\":1361,\"height\":272,\"caption\":\"Ribera Cardiosalus\"},\"image\":{\"@id\":\"https:\/\/riberasalud.com\/cardiosalus\/#\/schema\/logo\/image\/\"}}]}<\/script>\n<!-- \/ Yoast SEO plugin. -->","yoast_head_json":{"title":"POL\u00cdTICA DE COOKIES - Ribera Cardiosalus","robots":{"index":"index","follow":"follow","max-snippet":"max-snippet:-1","max-image-preview":"max-image-preview:large","max-video-preview":"max-video-preview:-1"},"canonical":"https:\/\/riberasalud.com\/cardiosalus\/politica-de-cookies\/","og_locale":"es_ES","og_type":"article","og_title":"POL\u00cdTICA DE COOKIES - Ribera Cardiosalus","og_description":"SOMOS RIBERA CARDIOSALUS POL\u00cdTICA DE COOKIES POL\u00cdTICA DE COOKIES RIBERA SALUD, S.A.U. (en adelante, \u201cRIBERA SALUD\u201d) le informa que este sitio web utiliza cookies. A continuaci\u00f3n, el usuario encontrar\u00e1 informaci\u00f3n detallada sobre las cookies que son instaladas en la p\u00e1gina web. Se considera cookies a cualquier tipo de archivo o dispositivo que se descarga en ... Leer m\u00e1s","og_url":"https:\/\/riberasalud.com\/cardiosalus\/politica-de-cookies\/","og_site_name":"Ribera Cardiosalus","article_modified_time":"2024-05-03T12:43:19+00:00","twitter_card":"summary_large_image","twitter_misc":{"Tiempo de lectura":"10 minutos"},"schema":{"@context":"https:\/\/schema.org","@graph":[{"@type":"WebPage","@id":"https:\/\/riberasalud.com\/cardiosalus\/politica-de-cookies\/","url":"https:\/\/riberasalud.com\/cardiosalus\/politica-de-cookies\/","name":"POL\u00cdTICA DE COOKIES - Ribera Cardiosalus","isPartOf":{"@id":"https:\/\/riberasalud.com\/cardiosalus\/#website"},"datePublished":"2024-05-03T12:38:08+00:00","dateModified":"2024-05-03T12:43:19+00:00","breadcrumb":{"@id":"https:\/\/riberasalud.com\/cardiosalus\/politica-de-cookies\/#breadcrumb"},"inLanguage":"es","potentialAction":[{"@type":"ReadAction","target":["https:\/\/riberasalud.com\/cardiosalus\/politica-de-cookies\/"]}]},{"@type":"BreadcrumbList","@id":"https:\/\/riberasalud.com\/cardiosalus\/politica-de-cookies\/#breadcrumb","itemListElement":[{"@type":"ListItem","position":1,"name":"Portada","item":"https:\/\/riberasalud.com\/cardiosalus\/"},{"@type":"ListItem","position":2,"name":"POL\u00cdTICA DE COOKIES"}]},{"@type":"WebSite","@id":"https:\/\/riberasalud.com\/cardiosalus\/#website","url":"https:\/\/riberasalud.com\/cardiosalus\/","name":"Ribera Cardiosalus","description":"","publisher":{"@id":"https:\/\/riberasalud.com\/cardiosalus\/#organization"},"potentialAction":[{"@type":"SearchAction","target":{"@type":"EntryPoint","urlTemplate":"https:\/\/riberasalud.com\/cardiosalus\/?s={search_term_string}"},"query-input":{"@type":"PropertyValueSpecification","valueRequired":true,"valueName":"search_term_string"}}],"inLanguage":"es"},{"@type":"Organization","@id":"https:\/\/riberasalud.com\/cardiosalus\/#organization","name":"Ribera Cardiosalus","url":"https:\/\/riberasalud.com\/cardiosalus\/","logo":{"@type":"ImageObject","inLanguage":"es","@id":"https:\/\/riberasalud.com\/cardiosalus\/#\/schema\/logo\/image\/","url":"https:\/\/riberasalud.com\/cardiosalus\/wp-content\/uploads\/2024\/05\/cropped-Logo-ribera-cardiosalus-4.png","contentUrl":"https:\/\/riberasalud.com\/cardiosalus\/wp-content\/uploads\/2024\/05\/cropped-Logo-ribera-cardiosalus-4.png","width":1361,"height":272,"caption":"Ribera Cardiosalus"},"image":{"@id":"https:\/\/riberasalud.com\/cardiosalus\/#\/schema\/logo\/image\/"}}]}},"_links":{"self":[{"href":"https:\/\/riberasalud.com\/cardiosalus\/wp-json\/wp\/v2\/pages\/8123","targetHints":{"allow":["GET"]}}],"collection":[{"href":"https:\/\/riberasalud.com\/cardiosalus\/wp-json\/wp\/v2\/pages"}],"about":[{"href":"https:\/\/riberasalud.com\/cardiosalus\/wp-json\/wp\/v2\/types\/page"}],"author":[{"embeddable":true,"href":"https:\/\/riberasalud.com\/cardiosalus\/wp-json\/wp\/v2\/users\/1"}],"replies":[{"embeddable":true,"href":"https:\/\/riberasalud.com\/cardiosalus\/wp-json\/wp\/v2\/comments?post=8123"}],"version-history":[{"count":4,"href":"https:\/\/riberasalud.com\/cardiosalus\/wp-json\/wp\/v2\/pages\/8123\/revisions"}],"predecessor-version":[{"id":8142,"href":"https:\/\/riberasalud.com\/cardiosalus\/wp-json\/wp\/v2\/pages\/8123\/revisions\/8142"}],"wp:attachment":[{"href":"https:\/\/riberasalud.com\/cardiosalus\/wp-json\/wp\/v2\/media?parent=8123"}],"curies":[{"name":"wp","href":"https:\/\/api.w.org\/{rel}","templated":true}]}}