{"id":6201,"date":"2024-03-27T15:22:29","date_gmt":"2024-03-27T14:22:29","guid":{"rendered":"https:\/\/riberasalud.com\/cardiosalussport\/?page_id=903"},"modified":"2024-05-03T13:32:39","modified_gmt":"2024-05-03T11:32:39","slug":"nutricion-deportiva-online","status":"publish","type":"page","link":"https:\/\/riberasalud.com\/cardiosalus\/nutricion-deportiva-online\/","title":{"rendered":"Nutrici\u00f3n deportiva online"},"content":{"rendered":"\n<div id=\"porquelegirnos\" class=\"wp-block-group bannersrojolanding\"><div class=\"wp-block-group__inner-container is-layout-constrained wp-block-group-is-layout-constrained\">\n<div class=\"wp-block-columns alignwide is-layout-flex wp-container-core-columns-is-layout-9d6595d7 wp-block-columns-is-layout-flex\">\n<div class=\"wp-block-column is-vertically-aligned-center columnafirst is-layout-flow wp-block-column-is-layout-flow\">\n<p>SOMOS RIBERA CARDIOSALUS<\/p>\n\n\n\n<h1 class=\"wp-block-heading has-text-align-left has-large-font-size\"><strong>Nutrici\u00f3n Deportiva Online<\/strong><\/h1>\n\n\n\n<p style=\"font-size:34px\">\u00bfEst\u00e1s listo?<\/p>\n\n\n\n<p>Alimentaci\u00f3n totalmente adaptada a tus objetivos y retos personales de la mano de los mejores nutricionistas.<\/p>\n\n\n\n<div class=\"wp-block-columns columnactalandingnutri is-layout-flex wp-container-core-columns-is-layout-9d6595d7 wp-block-columns-is-layout-flex\">\n<div class=\"wp-block-column ctalandingnutri ocultarambos is-layout-flow wp-block-column-is-layout-flow\" style=\"flex-basis:90px\">\n<p class=\"ctalandingnutri ocultarambos\" style=\"font-size:16px\"><a href=\"https:\/\/wa.me\/34601416019\" data-type=\"link\" data-id=\"https:\/\/wa.me\/34601416019\">\u00a1Empieza ya!<\/a><\/p>\n<\/div>\n\n\n\n<div class=\"wp-block-column cta2landingnutri is-layout-flow wp-block-column-is-layout-flow\">\n<p class=\"ctalandingnutri\" style=\"font-size:16px\"><a href=\"https:\/\/wa.me\/34601416019\" data-type=\"link\" data-id=\"https:\/\/wa.me\/34601416019\">Solicitar informaci\u00f3n<\/a><\/p>\n<\/div>\n\n\n\n<div class=\"wp-block-column cta2landingnutri is-layout-flow wp-block-column-is-layout-flow\"><\/div>\n<\/div>\n<\/div>\n\n\n\n<div class=\"wp-block-column is-layout-flow wp-block-column-is-layout-flow\">\n<div class=\"wp-block-cover is-light\"><span aria-hidden=\"true\" class=\"wp-block-cover__background has-background-dim-0 has-background-dim\"><\/span><img loading=\"lazy\" decoding=\"async\" width=\"942\" height=\"650\" class=\"wp-block-cover__image-background wp-image-6491\" alt=\"\" src=\"https:\/\/riberasalud.com\/cardiosalus\/wp-content\/uploads\/2024\/03\/Servicio-de-Nutricion-Deportiva-Online-4.jpg\" data-object-fit=\"cover\" srcset=\"https:\/\/riberasalud.com\/cardiosalus\/wp-content\/uploads\/2024\/03\/Servicio-de-Nutricion-Deportiva-Online-4.jpg 942w, https:\/\/riberasalud.com\/cardiosalus\/wp-content\/uploads\/2024\/03\/Servicio-de-Nutricion-Deportiva-Online-4-300x207.jpg 300w, https:\/\/riberasalud.com\/cardiosalus\/wp-content\/uploads\/2024\/03\/Servicio-de-Nutricion-Deportiva-Online-4-768x530.jpg 768w\" sizes=\"auto, (max-width: 942px) 100vw, 942px\" \/><div class=\"wp-block-cover__inner-container is-layout-constrained wp-block-cover-is-layout-constrained\">\n<p class=\"has-text-align-center has-large-font-size\"><\/p>\n<\/div><\/div>\n<\/div>\n<\/div>\n<\/div><\/div>\n\n\n\n<div class=\"wp-block-group ventajaslandingnutri anclasservicioslanding\"><div class=\"wp-block-group__inner-container is-layout-constrained wp-block-group-is-layout-constrained\">\n<div class=\"wp-block-columns is-layout-flex wp-container-core-columns-is-layout-9d6595d7 wp-block-columns-is-layout-flex\">\n<div class=\"wp-block-column is-layout-flow wp-block-column-is-layout-flow\"><div class=\"wp-block-image\">\n<figure class=\"aligncenter size-full\"><img loading=\"lazy\" decoding=\"async\" width=\"150\" height=\"150\" src=\"https:\/\/riberasalud.com\/cardiosalus\/wp-content\/uploads\/2024\/04\/icon-emocion-cs02.png\" alt=\"\" class=\"wp-image-6713\"\/><\/figure>\n<\/div>\n\n\n<h3 class=\"wp-block-heading has-text-align-center titulo\">Dieta 100% PERSONALIZADA<\/h3>\n\n\n\n<p class=\"has-text-align-center subtitulo\">Planificaci\u00f3n diet\u00e9tica adaptada seg\u00fan tus gustos y objetivos<\/p>\n<\/div>\n\n\n\n<div class=\"wp-block-column is-layout-flow wp-block-column-is-layout-flow\"><div class=\"wp-block-image\">\n<figure class=\"aligncenter size-full\"><img loading=\"lazy\" decoding=\"async\" width=\"150\" height=\"150\" src=\"https:\/\/riberasalud.com\/cardiosalus\/wp-content\/uploads\/2024\/03\/iconos-cs-04-1.png\" alt=\"\" class=\"wp-image-726\"\/><\/figure>\n<\/div>\n\n\n<h3 class=\"wp-block-heading has-text-align-center titulo\">Presencial \/ Videoconferencia<\/h3>\n\n\n\n<p class=\"has-text-align-center subtitulo\">Consulta de forma presencial u online<\/p>\n<\/div>\n\n\n\n<div class=\"wp-block-column is-layout-flow wp-block-column-is-layout-flow\"><div class=\"wp-block-image\">\n<figure class=\"aligncenter size-full\"><img loading=\"lazy\" decoding=\"async\" width=\"150\" height=\"150\" src=\"https:\/\/riberasalud.com\/cardiosalus\/wp-content\/uploads\/2024\/03\/iconos-03-2.png\" alt=\"\" class=\"wp-image-355\"\/><\/figure>\n<\/div>\n\n\n<h3 class=\"wp-block-heading has-text-align-center titulo\">Recomendaciones<\/h3>\n\n\n\n<p class=\"has-text-align-center subtitulo\">Lista de compra, alimentos intercambiables, recetas, suplementaci\u00f3n y m\u00e1s<\/p>\n<\/div>\n<\/div>\n\n\n\n<div class=\"wp-block-columns is-layout-flex wp-container-core-columns-is-layout-9d6595d7 wp-block-columns-is-layout-flex\">\n<div class=\"wp-block-column is-layout-flow wp-block-column-is-layout-flow\"><div class=\"wp-block-image\">\n<figure class=\"aligncenter size-full\"><img loading=\"lazy\" decoding=\"async\" width=\"150\" height=\"150\" src=\"https:\/\/riberasalud.com\/cardiosalus\/wp-content\/uploads\/2024\/03\/ribera_iconos_Estetica-02.png\" alt=\"\" class=\"wp-image-323\"\/><\/figure>\n<\/div>\n\n\n<h3 class=\"wp-block-heading has-text-align-center titulo\">Resoluci\u00f3n de DUDAS<\/h3>\n\n\n\n<p class=\"has-text-align-center subtitulo\">Resoluci\u00f3n de dudas via Whatsapp y\/o e-mail<\/p>\n<\/div>\n\n\n\n<div class=\"wp-block-column is-layout-flow wp-block-column-is-layout-flow\"><div class=\"wp-block-image\">\n<figure class=\"aligncenter size-full\"><img loading=\"lazy\" decoding=\"async\" width=\"150\" height=\"150\" src=\"https:\/\/riberasalud.com\/cardiosalus\/wp-content\/uploads\/2024\/03\/ribera_iconos_Estetica-05.png\" alt=\"\" class=\"wp-image-321\"\/><\/figure>\n<\/div>\n\n\n<h3 class=\"wp-block-heading has-text-align-center titulo\">Informes de evoluci\u00f3n<\/h3>\n\n\n\n<p class=\"has-text-align-center subtitulo\">Informes periodicos para ver la evoluci\u00f3n<\/p>\n<\/div>\n\n\n\n<div class=\"wp-block-column is-layout-flow wp-block-column-is-layout-flow\"><div class=\"wp-block-image\">\n<figure class=\"aligncenter size-full\"><img loading=\"lazy\" decoding=\"async\" width=\"150\" height=\"150\" src=\"https:\/\/riberasalud.com\/cardiosalus\/wp-content\/uploads\/2024\/03\/icon-cs05.png\" alt=\"\" class=\"wp-image-722\"\/><\/figure>\n<\/div>\n\n\n<h3 class=\"wp-block-heading has-text-align-center titulo\">Educaci\u00f3n nutricional<\/h3>\n\n\n\n<p class=\"has-text-align-center subtitulo\">Aprende a comer para poder ser aut\u00f3nomo en el futuro y consigas tus objetivos<\/p>\n<\/div>\n<\/div>\n<\/div><\/div>\n\n\n\n<div class=\"wp-block-group queincluyelandingnutri\"><div class=\"wp-block-group__inner-container is-layout-constrained wp-block-group-is-layout-constrained\">\n<h2 class=\"wp-block-heading\">\u00bfQu\u00e9 incluye cada servicio?<\/h2>\n\n\n\n<div class=\"wp-block-columns is-layout-flex wp-container-core-columns-is-layout-9d6595d7 wp-block-columns-is-layout-flex\">\n<div class=\"wp-block-column is-layout-flow wp-block-column-is-layout-flow\">\n<h3 class=\"wp-block-heading\">1\u00aa consulta<\/h3>\n\n\n\n<p>Se realizar\u00e1 una entrevista, valoraci\u00f3n de la composici\u00f3n corporal, entre otros. De esta manera conseguiremos conocer tus gustos, h\u00e1bitos y estilo de vida para as\u00ed poder elaborar un plan adaptado a ti y con objetivos alcanzables.<\/p>\n\n\n\n<i class=\"fa-regular fa-clock\"><\/i> <span class=\"italic\">Duraci\u00f3n estimada 45-60min<\/span><br>\n\n\n\n<i class=\"fa-regular fa-clock\"><\/i> <span class=\"italic\">Entrega plan nutricional 24\/72h<\/span>\n\n\n\n<div style=\"height:26px\" aria-hidden=\"true\" class=\"wp-block-spacer\"><\/div>\n\n\n\n<h3 class=\"wp-block-heading\">Revisiones<\/h3>\n\n\n\n<p>Cada 15 d\u00edas se revisar\u00e1 la evoluci\u00f3n obtenida. Se realizar\u00e1n los ajustes necesarios en el plan, resoluci\u00f3n de dudas, establecimiento de nuevos objetivos si fuera necesirio y m\u00e1s.<\/p>\n\n\n\n<i class=\"fa-regular fa-clock\"><\/i> <span class=\"italic\">Duraci\u00f3n estimada 25-30min<\/span><br>\n\n\n\n<i class=\"fa-regular fa-clock\"><\/i> <span class=\"italic\">Entrega plan nutricional 24\/72h<\/span>\n\n\n\n<div style=\"height:18px\" aria-hidden=\"true\" class=\"wp-block-spacer\"><\/div>\n\n\n\n<div class=\"wp-block-buttons is-layout-flex wp-block-buttons-is-layout-flex\">\n<div class=\"wp-block-button is-style-fill ocultarambos\"><a class=\"wp-block-button__link has-background wp-element-button\" href=\"https:\/\/wa.me\/34601416019\" style=\"background-color:#d71029\">\u00a1Empieza ya!<\/a><\/div>\n\n\n\n<div class=\"wp-block-button is-style-outline is-style-outline--1\"><a class=\"wp-block-button__link has-base-3-background-color has-text-color has-background has-link-color wp-element-button\" href=\"https:\/\/wa.me\/34601416019\" style=\"color:#d71029\">Solicitar informaci\u00f3n<\/a><\/div>\n<\/div>\n<\/div>\n\n\n\n<div class=\"wp-block-column is-layout-flow wp-block-column-is-layout-flow\"><div class=\"wp-block-image\">\n<figure class=\"aligncenter size-full is-resized\"><img loading=\"lazy\" decoding=\"async\" width=\"1400\" height=\"1657\" src=\"https:\/\/riberasalud.com\/cardiosalus\/wp-content\/uploads\/2024\/04\/chica-pidiendo-cita-en-en-la-pp-de-cardiosalus-2.jpg\" alt=\"\" class=\"wp-image-7067\" style=\"width:381px;height:auto\" srcset=\"https:\/\/riberasalud.com\/cardiosalus\/wp-content\/uploads\/2024\/04\/chica-pidiendo-cita-en-en-la-pp-de-cardiosalus-2.jpg 1400w, https:\/\/riberasalud.com\/cardiosalus\/wp-content\/uploads\/2024\/04\/chica-pidiendo-cita-en-en-la-pp-de-cardiosalus-2-253x300.jpg 253w, https:\/\/riberasalud.com\/cardiosalus\/wp-content\/uploads\/2024\/04\/chica-pidiendo-cita-en-en-la-pp-de-cardiosalus-2-865x1024.jpg 865w, https:\/\/riberasalud.com\/cardiosalus\/wp-content\/uploads\/2024\/04\/chica-pidiendo-cita-en-en-la-pp-de-cardiosalus-2-768x909.jpg 768w, https:\/\/riberasalud.com\/cardiosalus\/wp-content\/uploads\/2024\/04\/chica-pidiendo-cita-en-en-la-pp-de-cardiosalus-2-1298x1536.jpg 1298w\" sizes=\"auto, (max-width: 1400px) 100vw, 1400px\" \/><\/figure>\n<\/div><\/div>\n<\/div>\n<\/div><\/div>\n","protected":false},"excerpt":{"rendered":"<p>SOMOS RIBERA CARDIOSALUS Nutrici\u00f3n Deportiva Online \u00bfEst\u00e1s listo? Alimentaci\u00f3n totalmente adaptada a tus objetivos y retos personales de la mano de los mejores nutricionistas. \u00a1Empieza ya! Solicitar informaci\u00f3n Dieta 100% PERSONALIZADA Planificaci\u00f3n diet\u00e9tica adaptada seg\u00fan tus gustos y objetivos Presencial \/ Videoconferencia Consulta de forma presencial u online Recomendaciones Lista de compra, alimentos intercambiables, recetas, &#8230; <a title=\"Nutrici\u00f3n deportiva online\" class=\"read-more\" href=\"https:\/\/riberasalud.com\/cardiosalus\/nutricion-deportiva-online\/\" aria-label=\"Leer m\u00e1s sobre Nutrici\u00f3n deportiva online\">Leer m\u00e1s<\/a><\/p>\n","protected":false},"author":1,"featured_media":0,"parent":0,"menu_order":0,"comment_status":"closed","ping_status":"closed","template":"","meta":{"_monsterinsights_skip_tracking":false,"_monsterinsights_sitenote_active":false,"_monsterinsights_sitenote_note":"","_monsterinsights_sitenote_category":0,"_glsr_average":0,"_glsr_ranking":0,"_glsr_reviews":0,"footnotes":""},"class_list":["post-6201","page","type-page","status-publish"],"yoast_head":"<!-- This site is optimized with the Yoast SEO plugin v26.6 - https:\/\/yoast.com\/wordpress\/plugins\/seo\/ -->\n<title>Nutrici\u00f3n deportiva online - Ribera Cardiosalus<\/title>\n<meta name=\"robots\" content=\"index, follow, max-snippet:-1, max-image-preview:large, max-video-preview:-1\" \/>\n<link rel=\"canonical\" href=\"https:\/\/riberasalud.com\/cardiosalus\/nutricion-deportiva-online\/\" \/>\n<meta property=\"og:locale\" content=\"es_ES\" \/>\n<meta property=\"og:type\" content=\"article\" \/>\n<meta property=\"og:title\" content=\"Nutrici\u00f3n deportiva online - Ribera Cardiosalus\" \/>\n<meta property=\"og:description\" content=\"SOMOS RIBERA CARDIOSALUS Nutrici\u00f3n Deportiva Online \u00bfEst\u00e1s listo? Alimentaci\u00f3n totalmente adaptada a tus objetivos y retos personales de la mano de los mejores nutricionistas. \u00a1Empieza ya! Solicitar informaci\u00f3n Dieta 100% PERSONALIZADA Planificaci\u00f3n diet\u00e9tica adaptada seg\u00fan tus gustos y objetivos Presencial \/ Videoconferencia Consulta de forma presencial u online Recomendaciones Lista de compra, alimentos intercambiables, recetas, ... Leer m\u00e1s\" \/>\n<meta property=\"og:url\" content=\"https:\/\/riberasalud.com\/cardiosalus\/nutricion-deportiva-online\/\" \/>\n<meta property=\"og:site_name\" content=\"Ribera Cardiosalus\" \/>\n<meta property=\"article:modified_time\" content=\"2024-05-03T11:32:39+00:00\" \/>\n<meta property=\"og:image\" content=\"https:\/\/riberasalud.com\/cardiosalus\/wp-content\/uploads\/2024\/03\/Servicio-de-Nutricion-Deportiva-Online-4.jpg\" \/>\n<meta name=\"twitter:card\" content=\"summary_large_image\" \/>\n<meta name=\"twitter:label1\" content=\"Tiempo de lectura\" \/>\n\t<meta name=\"twitter:data1\" content=\"1 minuto\" \/>\n<script type=\"application\/ld+json\" class=\"yoast-schema-graph\">{\"@context\":\"https:\/\/schema.org\",\"@graph\":[{\"@type\":\"WebPage\",\"@id\":\"https:\/\/riberasalud.com\/cardiosalus\/nutricion-deportiva-online\/\",\"url\":\"https:\/\/riberasalud.com\/cardiosalus\/nutricion-deportiva-online\/\",\"name\":\"Nutrici\u00f3n deportiva online - Ribera Cardiosalus\",\"isPartOf\":{\"@id\":\"https:\/\/riberasalud.com\/cardiosalus\/#website\"},\"primaryImageOfPage\":{\"@id\":\"https:\/\/riberasalud.com\/cardiosalus\/nutricion-deportiva-online\/#primaryimage\"},\"image\":{\"@id\":\"https:\/\/riberasalud.com\/cardiosalus\/nutricion-deportiva-online\/#primaryimage\"},\"thumbnailUrl\":\"https:\/\/riberasalud.com\/cardiosalus\/wp-content\/uploads\/2024\/03\/Servicio-de-Nutricion-Deportiva-Online-4.jpg\",\"datePublished\":\"2024-03-27T14:22:29+00:00\",\"dateModified\":\"2024-05-03T11:32:39+00:00\",\"breadcrumb\":{\"@id\":\"https:\/\/riberasalud.com\/cardiosalus\/nutricion-deportiva-online\/#breadcrumb\"},\"inLanguage\":\"es\",\"potentialAction\":[{\"@type\":\"ReadAction\",\"target\":[\"https:\/\/riberasalud.com\/cardiosalus\/nutricion-deportiva-online\/\"]}]},{\"@type\":\"ImageObject\",\"inLanguage\":\"es\",\"@id\":\"https:\/\/riberasalud.com\/cardiosalus\/nutricion-deportiva-online\/#primaryimage\",\"url\":\"https:\/\/riberasalud.com\/cardiosalus\/wp-content\/uploads\/2024\/03\/Servicio-de-Nutricion-Deportiva-Online-4.jpg\",\"contentUrl\":\"https:\/\/riberasalud.com\/cardiosalus\/wp-content\/uploads\/2024\/03\/Servicio-de-Nutricion-Deportiva-Online-4.jpg\",\"width\":942,\"height\":650},{\"@type\":\"BreadcrumbList\",\"@id\":\"https:\/\/riberasalud.com\/cardiosalus\/nutricion-deportiva-online\/#breadcrumb\",\"itemListElement\":[{\"@type\":\"ListItem\",\"position\":1,\"name\":\"Portada\",\"item\":\"https:\/\/riberasalud.com\/cardiosalus\/\"},{\"@type\":\"ListItem\",\"position\":2,\"name\":\"Nutrici\u00f3n deportiva online\"}]},{\"@type\":\"WebSite\",\"@id\":\"https:\/\/riberasalud.com\/cardiosalus\/#website\",\"url\":\"https:\/\/riberasalud.com\/cardiosalus\/\",\"name\":\"Ribera Cardiosalus\",\"description\":\"\",\"publisher\":{\"@id\":\"https:\/\/riberasalud.com\/cardiosalus\/#organization\"},\"potentialAction\":[{\"@type\":\"SearchAction\",\"target\":{\"@type\":\"EntryPoint\",\"urlTemplate\":\"https:\/\/riberasalud.com\/cardiosalus\/?s={search_term_string}\"},\"query-input\":{\"@type\":\"PropertyValueSpecification\",\"valueRequired\":true,\"valueName\":\"search_term_string\"}}],\"inLanguage\":\"es\"},{\"@type\":\"Organization\",\"@id\":\"https:\/\/riberasalud.com\/cardiosalus\/#organization\",\"name\":\"Ribera Cardiosalus\",\"url\":\"https:\/\/riberasalud.com\/cardiosalus\/\",\"logo\":{\"@type\":\"ImageObject\",\"inLanguage\":\"es\",\"@id\":\"https:\/\/riberasalud.com\/cardiosalus\/#\/schema\/logo\/image\/\",\"url\":\"https:\/\/riberasalud.com\/cardiosalus\/wp-content\/uploads\/2024\/05\/cropped-Logo-ribera-cardiosalus-4.png\",\"contentUrl\":\"https:\/\/riberasalud.com\/cardiosalus\/wp-content\/uploads\/2024\/05\/cropped-Logo-ribera-cardiosalus-4.png\",\"width\":1361,\"height\":272,\"caption\":\"Ribera Cardiosalus\"},\"image\":{\"@id\":\"https:\/\/riberasalud.com\/cardiosalus\/#\/schema\/logo\/image\/\"}}]}<\/script>\n<!-- \/ Yoast SEO plugin. -->","yoast_head_json":{"title":"Nutrici\u00f3n deportiva online - Ribera Cardiosalus","robots":{"index":"index","follow":"follow","max-snippet":"max-snippet:-1","max-image-preview":"max-image-preview:large","max-video-preview":"max-video-preview:-1"},"canonical":"https:\/\/riberasalud.com\/cardiosalus\/nutricion-deportiva-online\/","og_locale":"es_ES","og_type":"article","og_title":"Nutrici\u00f3n deportiva online - Ribera Cardiosalus","og_description":"SOMOS RIBERA CARDIOSALUS Nutrici\u00f3n Deportiva Online \u00bfEst\u00e1s listo? Alimentaci\u00f3n totalmente adaptada a tus objetivos y retos personales de la mano de los mejores nutricionistas. \u00a1Empieza ya! Solicitar informaci\u00f3n Dieta 100% PERSONALIZADA Planificaci\u00f3n diet\u00e9tica adaptada seg\u00fan tus gustos y objetivos Presencial \/ Videoconferencia Consulta de forma presencial u online Recomendaciones Lista de compra, alimentos intercambiables, recetas, ... Leer m\u00e1s","og_url":"https:\/\/riberasalud.com\/cardiosalus\/nutricion-deportiva-online\/","og_site_name":"Ribera Cardiosalus","article_modified_time":"2024-05-03T11:32:39+00:00","og_image":[{"url":"https:\/\/riberasalud.com\/cardiosalus\/wp-content\/uploads\/2024\/03\/Servicio-de-Nutricion-Deportiva-Online-4.jpg","type":"","width":"","height":""}],"twitter_card":"summary_large_image","twitter_misc":{"Tiempo de lectura":"1 minuto"},"schema":{"@context":"https:\/\/schema.org","@graph":[{"@type":"WebPage","@id":"https:\/\/riberasalud.com\/cardiosalus\/nutricion-deportiva-online\/","url":"https:\/\/riberasalud.com\/cardiosalus\/nutricion-deportiva-online\/","name":"Nutrici\u00f3n deportiva online - Ribera Cardiosalus","isPartOf":{"@id":"https:\/\/riberasalud.com\/cardiosalus\/#website"},"primaryImageOfPage":{"@id":"https:\/\/riberasalud.com\/cardiosalus\/nutricion-deportiva-online\/#primaryimage"},"image":{"@id":"https:\/\/riberasalud.com\/cardiosalus\/nutricion-deportiva-online\/#primaryimage"},"thumbnailUrl":"https:\/\/riberasalud.com\/cardiosalus\/wp-content\/uploads\/2024\/03\/Servicio-de-Nutricion-Deportiva-Online-4.jpg","datePublished":"2024-03-27T14:22:29+00:00","dateModified":"2024-05-03T11:32:39+00:00","breadcrumb":{"@id":"https:\/\/riberasalud.com\/cardiosalus\/nutricion-deportiva-online\/#breadcrumb"},"inLanguage":"es","potentialAction":[{"@type":"ReadAction","target":["https:\/\/riberasalud.com\/cardiosalus\/nutricion-deportiva-online\/"]}]},{"@type":"ImageObject","inLanguage":"es","@id":"https:\/\/riberasalud.com\/cardiosalus\/nutricion-deportiva-online\/#primaryimage","url":"https:\/\/riberasalud.com\/cardiosalus\/wp-content\/uploads\/2024\/03\/Servicio-de-Nutricion-Deportiva-Online-4.jpg","contentUrl":"https:\/\/riberasalud.com\/cardiosalus\/wp-content\/uploads\/2024\/03\/Servicio-de-Nutricion-Deportiva-Online-4.jpg","width":942,"height":650},{"@type":"BreadcrumbList","@id":"https:\/\/riberasalud.com\/cardiosalus\/nutricion-deportiva-online\/#breadcrumb","itemListElement":[{"@type":"ListItem","position":1,"name":"Portada","item":"https:\/\/riberasalud.com\/cardiosalus\/"},{"@type":"ListItem","position":2,"name":"Nutrici\u00f3n deportiva online"}]},{"@type":"WebSite","@id":"https:\/\/riberasalud.com\/cardiosalus\/#website","url":"https:\/\/riberasalud.com\/cardiosalus\/","name":"Ribera Cardiosalus","description":"","publisher":{"@id":"https:\/\/riberasalud.com\/cardiosalus\/#organization"},"potentialAction":[{"@type":"SearchAction","target":{"@type":"EntryPoint","urlTemplate":"https:\/\/riberasalud.com\/cardiosalus\/?s={search_term_string}"},"query-input":{"@type":"PropertyValueSpecification","valueRequired":true,"valueName":"search_term_string"}}],"inLanguage":"es"},{"@type":"Organization","@id":"https:\/\/riberasalud.com\/cardiosalus\/#organization","name":"Ribera Cardiosalus","url":"https:\/\/riberasalud.com\/cardiosalus\/","logo":{"@type":"ImageObject","inLanguage":"es","@id":"https:\/\/riberasalud.com\/cardiosalus\/#\/schema\/logo\/image\/","url":"https:\/\/riberasalud.com\/cardiosalus\/wp-content\/uploads\/2024\/05\/cropped-Logo-ribera-cardiosalus-4.png","contentUrl":"https:\/\/riberasalud.com\/cardiosalus\/wp-content\/uploads\/2024\/05\/cropped-Logo-ribera-cardiosalus-4.png","width":1361,"height":272,"caption":"Ribera Cardiosalus"},"image":{"@id":"https:\/\/riberasalud.com\/cardiosalus\/#\/schema\/logo\/image\/"}}]}},"_links":{"self":[{"href":"https:\/\/riberasalud.com\/cardiosalus\/wp-json\/wp\/v2\/pages\/6201","targetHints":{"allow":["GET"]}}],"collection":[{"href":"https:\/\/riberasalud.com\/cardiosalus\/wp-json\/wp\/v2\/pages"}],"about":[{"href":"https:\/\/riberasalud.com\/cardiosalus\/wp-json\/wp\/v2\/types\/page"}],"author":[{"embeddable":true,"href":"https:\/\/riberasalud.com\/cardiosalus\/wp-json\/wp\/v2\/users\/1"}],"replies":[{"embeddable":true,"href":"https:\/\/riberasalud.com\/cardiosalus\/wp-json\/wp\/v2\/comments?post=6201"}],"version-history":[{"count":127,"href":"https:\/\/riberasalud.com\/cardiosalus\/wp-json\/wp\/v2\/pages\/6201\/revisions"}],"predecessor-version":[{"id":8083,"href":"https:\/\/riberasalud.com\/cardiosalus\/wp-json\/wp\/v2\/pages\/6201\/revisions\/8083"}],"wp:attachment":[{"href":"https:\/\/riberasalud.com\/cardiosalus\/wp-json\/wp\/v2\/media?parent=6201"}],"curies":[{"name":"wp","href":"https:\/\/api.w.org\/{rel}","templated":true}]}}