{"id":1000,"date":"2024-03-27T09:09:06","date_gmt":"2024-03-27T08:09:06","guid":{"rendered":"https:\/\/riberasalud.com\/cardiosalus\/?page_id=1000"},"modified":"2025-10-29T12:42:33","modified_gmt":"2025-10-29T11:42:33","slug":"contacto","status":"publish","type":"page","link":"https:\/\/riberasalud.com\/cardiosalus\/contacto\/","title":{"rendered":"Contacto"},"content":{"rendered":"\n<div class=\"wp-block-group hasbackgroundnaranja sliderlinea\"><div class=\"wp-block-group__inner-container is-layout-flow wp-block-group-is-layout-flow\">\n<p>SOMOS RIBERA CARDIOSALUS<\/p>\n\n\n\n<h1 class=\"wp-block-heading\">Contacto<\/h1>\n<\/div><\/div>\n\n\n\n<div class=\"wp-block-group dondeestamossport\"><div class=\"wp-block-group__inner-container is-layout-constrained wp-block-group-is-layout-constrained\">\n<div class=\"wp-block-columns onlydesktop is-layout-flex wp-container-core-columns-is-layout-9d6595d7 wp-block-columns-is-layout-flex\">\n<div class=\"wp-block-column bannerrgris contacto is-layout-flow wp-block-column-is-layout-flow\" style=\"flex-basis:50%\">\n<iframe src=\"https:\/\/www.google.com\/maps\/embed?pb=!1m18!1m12!1m3!1d3144.5833434685073!2d-1.1341937241643496!3d37.98685187193273!2m3!1f0!2f0!3f0!3m2!1i1024!2i768!4f13.1!3m3!1m2!1s0xd63821c67b8969f%3A0x32282c52f04c736f!2sPl.%20Sta.%20Gertrudis%2C%208%2C%2030001%20Murcia!5e0!3m2!1ses!2ses!4v1732695241011!5m2!1ses!2ses\" width=\"600\" height=\"350\" style=\"border:0;\" allowfullscreen=\"\" loading=\"lazy\" referrerpolicy=\"no-referrer-when-downgrade\"><\/iframe>\n\n\n\n<h2 class=\"wp-block-heading\" style=\"font-size:26px\">Ribera Cardiosalus<\/h2>\n\n\n\n<p><strong>Plaza Santa Gertrudis, 8<\/strong><br>30001 Murcia<\/p>\n\n\n\n<p><strong>Horario de atenci\u00f3n<\/strong><br>Consultar en cl\u00ednica<\/p>\n\n\n\n<p><strong>Email<\/strong><br><a href=\"mailto:info@cardiosalus.com\" data-type=\"mailto\" data-id=\"mailto:info@cardiosalus.com\">info@cardiosalus.com<\/a><\/p>\n\n\n\n<p><strong>Tel\u00e9fono<\/strong><br><a href=\"tel:968969690\" data-type=\"tel\" data-id=\"tel:968969690\">968 96 96 90 \/ 968 96 96 92<\/a><\/p>\n\n\n\n<p><strong>WhatsApp<br><\/strong><a href=\"https:\/\/wa.link\/22itvz\" target=\"_blank\" rel=\"noreferrer noopener\">601 41 60 19<\/a><\/p>\n<\/div>\n\n\n\n<div class=\"wp-block-column bannerrgris contacto is-layout-flow wp-block-column-is-layout-flow\" style=\"flex-basis:50%\">\n<iframe src=\"https:\/\/www.google.com\/maps\/embed?pb=!1m18!1m12!1m3!1d3143.5447394720577!2d-1.1285649228304666!3d38.01107819851066!2m3!1f0!2f0!3f0!3m2!1i1024!2i768!4f13.1!3m3!1m2!1s0xd63823207757d39%3A0xa9a35273690dc754!2sCl%C3%ADnica%20Cardiosalus%20Sport!5e0!3m2!1ses!2ses!4v1711097236867!5m2!1ses!2ses\" width=\"600\" height=\"350\" style=\"border:0;\" allowfullscreen=\"\" loading=\"lazy\" referrerpolicy=\"no-referrer-when-downgrade\"><\/iframe>\n\n\n\n<h2 class=\"wp-block-heading\" style=\"font-size:26px\">Ribera Cardiosalus Sport<\/h2>\n\n\n\n<p><strong>Senda de Granada n\u00ba 166<\/strong><br>Junto al Club Deportivo Olimpic Club. 30110, Murcia<\/p>\n\n\n\n<p><strong>Horario de atenci\u00f3n<\/strong><br>Consultar en cl\u00ednica<\/p>\n\n\n\n<p><strong>Email<\/strong><br><a href=\"mailto:info@cardiosalussport.com\">info@cardiosalussport.com<\/a><\/p>\n\n\n\n<p><strong>Tel\u00e9fono<\/strong><br><a data-type=\"tel\" data-id=\"tel:968969692\" href=\"tel:968969692\">968 96 96 92<\/a><\/p>\n<\/div>\n\n\n\n<div class=\"wp-block-column bannerrgris contacto is-layout-flow wp-block-column-is-layout-flow\" style=\"flex-basis:50%\">\n<iframe src=\"https:\/\/www.google.com\/maps\/embed?pb=!1m18!1m12!1m3!1d50441.83360747052!2d-0.8509588962772506!3d37.79907084043209!2m3!1f0!2f0!3f0!3m2!1i1024!2i768!4f13.1!3m3!1m2!1s0xd630fb4f5bd2037%3A0x19af46e4b28fbed!2sCentro%20M%C3%A9dico%20Ribera%20Mar%20Menor%20Pinatar!5e0!3m2!1ses!2ses!4v1721296570754!5m2!1ses!2ses\" width=\"600\" height=\"350\" style=\"border:0;\" allowfullscreen=\"\" loading=\"lazy\" referrerpolicy=\"no-referrer-when-downgrade\"><\/iframe>\n\n\n\n<h2 class=\"wp-block-heading\" style=\"font-size:26px\">Ribera Mar Menor Pinatar<\/h2>\n\n\n\n<p><strong>C\/Emilio Castelar, 108<\/strong>, <br>30740, San Pedro del Pinatar<\/p>\n\n\n\n<p><strong>Horario de atenci\u00f3n<\/strong><br>L a V de 08:30h \u2013 20:30h<\/p>\n\n\n\n<p><strong>Email<\/strong><br><a href=\"mailto:marmenor.sanpedro@riberacare.com\">marmenor.sanpedro@riberacare.com<\/a><\/p>\n\n\n\n<p><strong>Tel\u00e9fono<\/strong><br><a href=\"tel:968181200\">968 18 12 00<\/a><\/p>\n<\/div>\n<\/div>\n\n\n\n<div class=\"wp-block-columns onlymobile is-layout-flex wp-container-core-columns-is-layout-9d6595d7 wp-block-columns-is-layout-flex\">\n<div class=\"wp-block-column bannerrgris contacto is-layout-flow wp-block-column-is-layout-flow\" style=\"flex-basis:50%\">\n<h2 class=\"wp-block-heading\">Ribera Cardiosalus<\/h2>\n\n\n\n<p><strong>Calle Manresa, 1. Segunda planta<\/strong><br>Edificio Elyos. 30004 Murcia<\/p>\n\n\n\n<p><strong>Horario de atenci\u00f3n<\/strong><br>Consultar en cl\u00ednica<\/p>\n\n\n\n<p><strong>Email<\/strong><br><a href=\"mailto:info@cardiosalus.com\" data-type=\"mailto\" data-id=\"mailto:info@cardiosalus.com\">info@cardiosalus.com<\/a><\/p>\n\n\n\n<p><strong>Tel\u00e9fono<\/strong><br><a href=\"tel:968969690\" data-type=\"tel\" data-id=\"tel:968969690\">968 96 96 90 \/ 968 96 96 92<\/a><\/p>\n\n\n\n<p><strong>WhatsApp<br><\/strong><a href=\"https:\/\/wa.link\/22itvz\" target=\"_blank\" rel=\"noreferrer noopener\">601 41 60 19<\/a><\/p>\n\n\n\n<div style=\"height:10px\" aria-hidden=\"true\" class=\"wp-block-spacer\"><\/div>\n\n\n\n<iframe src=\"https:\/\/www.google.com\/maps\/embed?pb=!1m18!1m12!1m3!1d12576.24436165425!2d-1.139480780312994!3d37.99903551004973!2m3!1f0!2f0!3f0!3m2!1i1024!2i768!4f13.1!3m3!1m2!1s0xd63821c4fe4adb3%3A0xf5ef6afc25a855bf!2sCl%C3%ADnica%20Cardiosalus!5e0!3m2!1ses!2ses!4v1711526934545!5m2!1ses!2ses\" width=\"600\" height=\"450\" style=\"border:0;\" allowfullscreen=\"\" loading=\"lazy\" referrerpolicy=\"no-referrer-when-downgrade\"><\/iframe>\n<\/div>\n\n\n\n<div class=\"wp-block-column bannerrgris contacto is-layout-flow wp-block-column-is-layout-flow\" style=\"flex-basis:50%\">\n<h2 class=\"wp-block-heading\">Ribera Cardiosalus<\/h2>\n\n\n\n<p><strong>Plaza Santa Gertrudis, 8<\/strong><br>30001 Murcia<\/p>\n\n\n\n<p><strong>Horario de atenci\u00f3n<\/strong><br>Consultar en cl\u00ednica<\/p>\n\n\n\n<p><strong>Email<\/strong><br><a href=\"mailto:info@cardiosalus.com\" data-type=\"mailto\" data-id=\"mailto:info@cardiosalus.com\">info@cardiosalus.com<\/a><\/p>\n\n\n\n<p><strong>Tel\u00e9fono<\/strong><br><a href=\"tel:968969690\" data-type=\"tel\" data-id=\"tel:968969690\">968 96 96 90 \/ 968 96 96 92<\/a><\/p>\n\n\n\n<p><strong>WhatsApp<br><\/strong><a href=\"https:\/\/wa.link\/22itvz\" target=\"_blank\" rel=\"noreferrer noopener\">601 41 60 19<\/a><\/p>\n\n\n\n<div style=\"height:10px\" aria-hidden=\"true\" class=\"wp-block-spacer\"><\/div>\n\n\n\n<iframe src=\"https:\/\/www.google.com\/maps\/embed?pb=!1m18!1m12!1m3!1d3144.5833434685073!2d-1.1341937241643496!3d37.98685187193273!2m3!1f0!2f0!3f0!3m2!1i1024!2i768!4f13.1!3m3!1m2!1s0xd63821c67b8969f%3A0x32282c52f04c736f!2sPl.%20Sta.%20Gertrudis%2C%208%2C%2030001%20Murcia!5e0!3m2!1ses!2ses!4v1732695241011!5m2!1ses!2ses\" width=\"600\" height=\"350\" style=\"border:0;\" allowfullscreen=\"\" loading=\"lazy\" referrerpolicy=\"no-referrer-when-downgrade\"><\/iframe>\n<\/div>\n\n\n\n<div class=\"wp-block-column bannerrgris contacto is-layout-flow wp-block-column-is-layout-flow\" style=\"flex-basis:50%\">\n<h2 class=\"wp-block-heading\">Ribera Cardiosalus Sport<\/h2>\n\n\n\n<p><strong>Senda de Granada n\u00ba 166<\/strong><br>Junto al Club Deportivo Olimpic Club. 30110, Murcia<\/p>\n\n\n\n<p><strong>Horario de atenci\u00f3n<\/strong><br>Consultar en cl\u00ednica<\/p>\n\n\n\n<p><strong>Email<\/strong><br><a href=\"mailto:info@cardiosalussport.com\">info@cardiosalussport.com<\/a><\/p>\n\n\n\n<p><strong>Tel\u00e9fono<\/strong><br><a href=\"tel:968969692\" data-type=\"tel\" data-id=\"tel:968969692\">968969692<\/a><\/p>\n\n\n\n<div style=\"height:10px\" aria-hidden=\"true\" class=\"wp-block-spacer\"><\/div>\n\n\n\n<iframe src=\"https:\/\/www.google.com\/maps\/embed?pb=!1m18!1m12!1m3!1d3143.5447394720577!2d-1.1285649228304666!3d38.01107819851066!2m3!1f0!2f0!3f0!3m2!1i1024!2i768!4f13.1!3m3!1m2!1s0xd63823207757d39%3A0xa9a35273690dc754!2sCl%C3%ADnica%20Cardiosalus%20Sport!5e0!3m2!1ses!2ses!4v1711097236867!5m2!1ses!2ses\" width=\"600\" height=\"450\" style=\"border:0;\" allowfullscreen=\"\" loading=\"lazy\" referrerpolicy=\"no-referrer-when-downgrade\"><\/iframe>\n<\/div>\n\n\n\n<div class=\"wp-block-column bannerrgris contacto is-layout-flow wp-block-column-is-layout-flow\" style=\"flex-basis:50%\">\n<h2 class=\"wp-block-heading\">Ribera Mar Menor Pinatar<\/h2>\n\n\n\n<p><strong>C\/Emilio Castelar, 108<\/strong>, <br>30740, San Pedro del Pinatar<\/p>\n\n\n\n<p><strong>Horario de atenci\u00f3n<\/strong><br>L a V de 08:30h \u2013 20:30h<\/p>\n\n\n\n<p><strong>Email<\/strong><br><a href=\"mailto:marmenor.sanpedro@riberacare.com\">marmenor.sanpedro@riberacare.com<\/a><\/p>\n\n\n\n<p><strong>Tel\u00e9fono<\/strong><br><a href=\"tel:968181200\">968 18 12 00<\/a><\/p>\n\n\n\n<div style=\"height:10px\" aria-hidden=\"true\" class=\"wp-block-spacer\"><\/div>\n\n\n\n<iframe src=\"https:\/\/www.google.com\/maps\/embed?pb=!1m18!1m12!1m3!1d50441.83360747052!2d-0.8509588962772506!3d37.79907084043209!2m3!1f0!2f0!3f0!3m2!1i1024!2i768!4f13.1!3m3!1m2!1s0xd630fb4f5bd2037%3A0x19af46e4b28fbed!2sCentro%20M%C3%A9dico%20Ribera%20Mar%20Menor%20Pinatar!5e0!3m2!1ses!2ses!4v1721296570754!5m2!1ses!2ses\" width=\"600\" height=\"450\" style=\"border:0;\" allowfullscreen=\"\" loading=\"lazy\" referrerpolicy=\"no-referrer-when-downgrade\"><\/iframe>\n<\/div>\n<\/div>\n<\/div><\/div>\n","protected":false},"excerpt":{"rendered":"<p>SOMOS RIBERA CARDIOSALUS Contacto Ribera Cardiosalus Plaza Santa Gertrudis, 830001 Murcia Horario de atenci\u00f3nConsultar en cl\u00ednica Emailinfo@cardiosalus.com Tel\u00e9fono968 96 96 90 \/ 968 96 96 92 WhatsApp601 41 60 19 Ribera Cardiosalus Sport Senda de Granada n\u00ba 166Junto al Club Deportivo Olimpic Club. 30110, Murcia Horario de atenci\u00f3nConsultar en cl\u00ednica Emailinfo@cardiosalussport.com Tel\u00e9fono968 96 96 92 &#8230; <a title=\"Contacto\" class=\"read-more\" href=\"https:\/\/riberasalud.com\/cardiosalus\/contacto\/\" aria-label=\"Leer m\u00e1s sobre Contacto\">Leer m\u00e1s<\/a><\/p>\n","protected":false},"author":1,"featured_media":0,"parent":0,"menu_order":0,"comment_status":"closed","ping_status":"closed","template":"","meta":{"_monsterinsights_skip_tracking":false,"_monsterinsights_sitenote_active":false,"_monsterinsights_sitenote_note":"","_monsterinsights_sitenote_category":0,"_glsr_average":0,"_glsr_ranking":0,"_glsr_reviews":0,"footnotes":""},"class_list":["post-1000","page","type-page","status-publish"],"yoast_head":"<!-- This site is optimized with the Yoast SEO plugin v26.6 - https:\/\/yoast.com\/wordpress\/plugins\/seo\/ -->\n<title>Contacto - Ribera Cardiosalus<\/title>\n<meta name=\"robots\" content=\"index, follow, max-snippet:-1, max-image-preview:large, max-video-preview:-1\" \/>\n<link rel=\"canonical\" href=\"https:\/\/riberasalud.com\/cardiosalus\/contacto\/\" \/>\n<meta property=\"og:locale\" content=\"es_ES\" \/>\n<meta property=\"og:type\" content=\"article\" \/>\n<meta property=\"og:title\" content=\"Contacto - Ribera Cardiosalus\" \/>\n<meta property=\"og:description\" content=\"SOMOS RIBERA CARDIOSALUS Contacto Ribera Cardiosalus Plaza Santa Gertrudis, 830001 Murcia Horario de atenci\u00f3nConsultar en cl\u00ednica Emailinfo@cardiosalus.com Tel\u00e9fono968 96 96 90 \/ 968 96 96 92 WhatsApp601 41 60 19 Ribera Cardiosalus Sport Senda de Granada n\u00ba 166Junto al Club Deportivo Olimpic Club. 30110, Murcia Horario de atenci\u00f3nConsultar en cl\u00ednica Emailinfo@cardiosalussport.com Tel\u00e9fono968 96 96 92 ... Leer m\u00e1s\" \/>\n<meta property=\"og:url\" content=\"https:\/\/riberasalud.com\/cardiosalus\/contacto\/\" \/>\n<meta property=\"og:site_name\" content=\"Ribera Cardiosalus\" \/>\n<meta property=\"article:modified_time\" content=\"2025-10-29T11:42:33+00:00\" \/>\n<meta name=\"twitter:card\" content=\"summary_large_image\" \/>\n<meta name=\"twitter:label1\" content=\"Tiempo de lectura\" \/>\n\t<meta name=\"twitter:data1\" content=\"2 minutos\" \/>\n<script type=\"application\/ld+json\" class=\"yoast-schema-graph\">{\"@context\":\"https:\/\/schema.org\",\"@graph\":[{\"@type\":\"WebPage\",\"@id\":\"https:\/\/riberasalud.com\/cardiosalus\/contacto\/\",\"url\":\"https:\/\/riberasalud.com\/cardiosalus\/contacto\/\",\"name\":\"Contacto - Ribera Cardiosalus\",\"isPartOf\":{\"@id\":\"https:\/\/riberasalud.com\/cardiosalus\/#website\"},\"datePublished\":\"2024-03-27T08:09:06+00:00\",\"dateModified\":\"2025-10-29T11:42:33+00:00\",\"breadcrumb\":{\"@id\":\"https:\/\/riberasalud.com\/cardiosalus\/contacto\/#breadcrumb\"},\"inLanguage\":\"es\",\"potentialAction\":[{\"@type\":\"ReadAction\",\"target\":[\"https:\/\/riberasalud.com\/cardiosalus\/contacto\/\"]}]},{\"@type\":\"BreadcrumbList\",\"@id\":\"https:\/\/riberasalud.com\/cardiosalus\/contacto\/#breadcrumb\",\"itemListElement\":[{\"@type\":\"ListItem\",\"position\":1,\"name\":\"Portada\",\"item\":\"https:\/\/riberasalud.com\/cardiosalus\/\"},{\"@type\":\"ListItem\",\"position\":2,\"name\":\"Contacto\"}]},{\"@type\":\"WebSite\",\"@id\":\"https:\/\/riberasalud.com\/cardiosalus\/#website\",\"url\":\"https:\/\/riberasalud.com\/cardiosalus\/\",\"name\":\"Ribera Cardiosalus\",\"description\":\"\",\"publisher\":{\"@id\":\"https:\/\/riberasalud.com\/cardiosalus\/#organization\"},\"potentialAction\":[{\"@type\":\"SearchAction\",\"target\":{\"@type\":\"EntryPoint\",\"urlTemplate\":\"https:\/\/riberasalud.com\/cardiosalus\/?s={search_term_string}\"},\"query-input\":{\"@type\":\"PropertyValueSpecification\",\"valueRequired\":true,\"valueName\":\"search_term_string\"}}],\"inLanguage\":\"es\"},{\"@type\":\"Organization\",\"@id\":\"https:\/\/riberasalud.com\/cardiosalus\/#organization\",\"name\":\"Ribera Cardiosalus\",\"url\":\"https:\/\/riberasalud.com\/cardiosalus\/\",\"logo\":{\"@type\":\"ImageObject\",\"inLanguage\":\"es\",\"@id\":\"https:\/\/riberasalud.com\/cardiosalus\/#\/schema\/logo\/image\/\",\"url\":\"https:\/\/riberasalud.com\/cardiosalus\/wp-content\/uploads\/2024\/05\/cropped-Logo-ribera-cardiosalus-4.png\",\"contentUrl\":\"https:\/\/riberasalud.com\/cardiosalus\/wp-content\/uploads\/2024\/05\/cropped-Logo-ribera-cardiosalus-4.png\",\"width\":1361,\"height\":272,\"caption\":\"Ribera Cardiosalus\"},\"image\":{\"@id\":\"https:\/\/riberasalud.com\/cardiosalus\/#\/schema\/logo\/image\/\"}}]}<\/script>\n<!-- \/ Yoast SEO plugin. -->","yoast_head_json":{"title":"Contacto - Ribera Cardiosalus","robots":{"index":"index","follow":"follow","max-snippet":"max-snippet:-1","max-image-preview":"max-image-preview:large","max-video-preview":"max-video-preview:-1"},"canonical":"https:\/\/riberasalud.com\/cardiosalus\/contacto\/","og_locale":"es_ES","og_type":"article","og_title":"Contacto - Ribera Cardiosalus","og_description":"SOMOS RIBERA CARDIOSALUS Contacto Ribera Cardiosalus Plaza Santa Gertrudis, 830001 Murcia Horario de atenci\u00f3nConsultar en cl\u00ednica Emailinfo@cardiosalus.com Tel\u00e9fono968 96 96 90 \/ 968 96 96 92 WhatsApp601 41 60 19 Ribera Cardiosalus Sport Senda de Granada n\u00ba 166Junto al Club Deportivo Olimpic Club. 30110, Murcia Horario de atenci\u00f3nConsultar en cl\u00ednica Emailinfo@cardiosalussport.com Tel\u00e9fono968 96 96 92 ... Leer m\u00e1s","og_url":"https:\/\/riberasalud.com\/cardiosalus\/contacto\/","og_site_name":"Ribera Cardiosalus","article_modified_time":"2025-10-29T11:42:33+00:00","twitter_card":"summary_large_image","twitter_misc":{"Tiempo de lectura":"2 minutos"},"schema":{"@context":"https:\/\/schema.org","@graph":[{"@type":"WebPage","@id":"https:\/\/riberasalud.com\/cardiosalus\/contacto\/","url":"https:\/\/riberasalud.com\/cardiosalus\/contacto\/","name":"Contacto - Ribera Cardiosalus","isPartOf":{"@id":"https:\/\/riberasalud.com\/cardiosalus\/#website"},"datePublished":"2024-03-27T08:09:06+00:00","dateModified":"2025-10-29T11:42:33+00:00","breadcrumb":{"@id":"https:\/\/riberasalud.com\/cardiosalus\/contacto\/#breadcrumb"},"inLanguage":"es","potentialAction":[{"@type":"ReadAction","target":["https:\/\/riberasalud.com\/cardiosalus\/contacto\/"]}]},{"@type":"BreadcrumbList","@id":"https:\/\/riberasalud.com\/cardiosalus\/contacto\/#breadcrumb","itemListElement":[{"@type":"ListItem","position":1,"name":"Portada","item":"https:\/\/riberasalud.com\/cardiosalus\/"},{"@type":"ListItem","position":2,"name":"Contacto"}]},{"@type":"WebSite","@id":"https:\/\/riberasalud.com\/cardiosalus\/#website","url":"https:\/\/riberasalud.com\/cardiosalus\/","name":"Ribera Cardiosalus","description":"","publisher":{"@id":"https:\/\/riberasalud.com\/cardiosalus\/#organization"},"potentialAction":[{"@type":"SearchAction","target":{"@type":"EntryPoint","urlTemplate":"https:\/\/riberasalud.com\/cardiosalus\/?s={search_term_string}"},"query-input":{"@type":"PropertyValueSpecification","valueRequired":true,"valueName":"search_term_string"}}],"inLanguage":"es"},{"@type":"Organization","@id":"https:\/\/riberasalud.com\/cardiosalus\/#organization","name":"Ribera Cardiosalus","url":"https:\/\/riberasalud.com\/cardiosalus\/","logo":{"@type":"ImageObject","inLanguage":"es","@id":"https:\/\/riberasalud.com\/cardiosalus\/#\/schema\/logo\/image\/","url":"https:\/\/riberasalud.com\/cardiosalus\/wp-content\/uploads\/2024\/05\/cropped-Logo-ribera-cardiosalus-4.png","contentUrl":"https:\/\/riberasalud.com\/cardiosalus\/wp-content\/uploads\/2024\/05\/cropped-Logo-ribera-cardiosalus-4.png","width":1361,"height":272,"caption":"Ribera Cardiosalus"},"image":{"@id":"https:\/\/riberasalud.com\/cardiosalus\/#\/schema\/logo\/image\/"}}]}},"_links":{"self":[{"href":"https:\/\/riberasalud.com\/cardiosalus\/wp-json\/wp\/v2\/pages\/1000","targetHints":{"allow":["GET"]}}],"collection":[{"href":"https:\/\/riberasalud.com\/cardiosalus\/wp-json\/wp\/v2\/pages"}],"about":[{"href":"https:\/\/riberasalud.com\/cardiosalus\/wp-json\/wp\/v2\/types\/page"}],"author":[{"embeddable":true,"href":"https:\/\/riberasalud.com\/cardiosalus\/wp-json\/wp\/v2\/users\/1"}],"replies":[{"embeddable":true,"href":"https:\/\/riberasalud.com\/cardiosalus\/wp-json\/wp\/v2\/comments?post=1000"}],"version-history":[{"count":52,"href":"https:\/\/riberasalud.com\/cardiosalus\/wp-json\/wp\/v2\/pages\/1000\/revisions"}],"predecessor-version":[{"id":11605,"href":"https:\/\/riberasalud.com\/cardiosalus\/wp-json\/wp\/v2\/pages\/1000\/revisions\/11605"}],"wp:attachment":[{"href":"https:\/\/riberasalud.com\/cardiosalus\/wp-json\/wp\/v2\/media?parent=1000"}],"curies":[{"name":"wp","href":"https:\/\/api.w.org\/{rel}","templated":true}]}}