{"id":10562,"date":"2022-09-07T06:40:48","date_gmt":"2022-09-07T06:40:48","guid":{"rendered":"https:\/\/riberasalud.com\/blog-de-salud\/?page_id=10562"},"modified":"2022-09-08T11:47:11","modified_gmt":"2022-09-08T11:47:11","slug":"quienes-somos","status":"publish","type":"page","link":"https:\/\/riberasalud.com\/blog-de-salud\/quienes-somos\/","title":{"rendered":"Quienes somos"},"content":{"rendered":"\n<div class=\"wp-block-group hasbackgroundnaranja sliderlinea\"><div class=\"wp-block-group__inner-container is-layout-flow wp-block-group-is-layout-flow\">\n<p>SOMOS GRUPO RIBERA<\/p>\n\n\n\n<h1 class=\"wp-block-heading\">Qui\u00e9nes somos<\/h1>\n<\/div><\/div>\n\n\n\n<div class=\"wp-block-group\"><div class=\"wp-block-group__inner-container is-layout-flow wp-block-group-is-layout-flow\">\n<p>Los contenidos de este blog est\u00e1n avalados por profesionales del grupo&nbsp;<a href=\"http:\/\/www.riberasalud.com\" target=\"_blank\" rel=\"noreferrer noopener\">Ribera Salud<\/a>. En este espacio encontrar\u00e1s informaci\u00f3n relacionada con la promoci\u00f3n de la salud y la prevenci\u00f3n de la enfermedad.<\/p>\n\n\n\n<p>Nuestro blog m\u00e1s saludable forma parte del proyecto Yo Salud, portal interactivo que permite acceder de una forma f\u00e1cil y c\u00f3moda, a toda la informaci\u00f3n relacionada con tu salud y tu bienestar. Adem\u00e1s, desde el \u00e1rea de gesti\u00f3n personal, podr\u00e1s consultar tus citas, resultados de pruebas o visualizar tus informes cl\u00ednicos de manera \u00e1gil y sencilla, desde cualquier dispositivo, evitando desplazamientos innecesarios al centro m\u00e9dico.<\/p>\n\n\n\n<p>CONOCE M\u00c1S SOBRE <a href=\"https:\/\/www.riberasalud.com\/yo-salud\/\" data-type=\"URL\" data-id=\"https:\/\/www.riberasalud.com\/yo-salud\/\" target=\"_blank\" rel=\"noreferrer noopener\"><strong>YO SALUD<\/strong><\/a>.<\/p>\n<\/div><\/div>\n","protected":false},"excerpt":{"rendered":"<p>SOMOS GRUPO RIBERA Qui\u00e9nes somos Los contenidos de este blog &#8230; <a title=\"Quienes somos\" class=\"read-more\" href=\"https:\/\/riberasalud.com\/blog-de-salud\/quienes-somos\/\" aria-label=\"Leer m\u00e1s sobre Quienes somos\">Leer m\u00e1s<\/a><\/p>\n","protected":false},"author":1,"featured_media":0,"parent":0,"menu_order":0,"comment_status":"closed","ping_status":"open","template":"","meta":{"_mi_skip_tracking":false,"footnotes":""},"class_list":["post-10562","page","type-page","status-publish"],"yoast_head":"<!-- This site is optimized with the Yoast SEO plugin v26.9 - https:\/\/yoast.com\/product\/yoast-seo-wordpress\/ -->\n<title>Quienes somos - Blog de Salud<\/title>\n<meta name=\"robots\" content=\"index, follow, max-snippet:-1, max-image-preview:large, max-video-preview:-1\" \/>\n<link rel=\"canonical\" href=\"https:\/\/riberasalud.com\/blog-de-salud\/quienes-somos\/\" \/>\n<meta property=\"og:locale\" content=\"es_ES\" \/>\n<meta property=\"og:type\" content=\"article\" \/>\n<meta property=\"og:title\" content=\"Quienes somos - Blog de Salud\" \/>\n<meta property=\"og:description\" content=\"SOMOS GRUPO RIBERA Qui\u00e9nes somos Los contenidos de este blog ... Leer m\u00e1s\" \/>\n<meta property=\"og:url\" content=\"https:\/\/riberasalud.com\/blog-de-salud\/quienes-somos\/\" \/>\n<meta property=\"og:site_name\" content=\"Blog de Salud\" \/>\n<meta property=\"article:modified_time\" content=\"2022-09-08T11:47:11+00:00\" \/>\n<meta name=\"twitter:card\" content=\"summary_large_image\" \/>\n<meta name=\"twitter:label1\" content=\"Tiempo de lectura\" \/>\n\t<meta name=\"twitter:data1\" content=\"1 minuto\" \/>\n<script type=\"application\/ld+json\" class=\"yoast-schema-graph\">{\"@context\":\"https:\/\/schema.org\",\"@graph\":[{\"@type\":\"WebPage\",\"@id\":\"https:\/\/riberasalud.com\/blog-de-salud\/quienes-somos\/\",\"url\":\"https:\/\/riberasalud.com\/blog-de-salud\/quienes-somos\/\",\"name\":\"Quienes somos - Blog de Salud\",\"isPartOf\":{\"@id\":\"https:\/\/riberasalud.com\/blog-de-salud\/#website\"},\"datePublished\":\"2022-09-07T06:40:48+00:00\",\"dateModified\":\"2022-09-08T11:47:11+00:00\",\"breadcrumb\":{\"@id\":\"https:\/\/riberasalud.com\/blog-de-salud\/quienes-somos\/#breadcrumb\"},\"inLanguage\":\"es\",\"potentialAction\":[{\"@type\":\"ReadAction\",\"target\":[\"https:\/\/riberasalud.com\/blog-de-salud\/quienes-somos\/\"]}]},{\"@type\":\"BreadcrumbList\",\"@id\":\"https:\/\/riberasalud.com\/blog-de-salud\/quienes-somos\/#breadcrumb\",\"itemListElement\":[{\"@type\":\"ListItem\",\"position\":1,\"name\":\"Portada\",\"item\":\"https:\/\/riberasalud.com\/blog-de-salud\/\"},{\"@type\":\"ListItem\",\"position\":2,\"name\":\"Quienes somos\"}]},{\"@type\":\"WebSite\",\"@id\":\"https:\/\/riberasalud.com\/blog-de-salud\/#website\",\"url\":\"https:\/\/riberasalud.com\/blog-de-salud\/\",\"name\":\"Blog de Salud\",\"description\":\"Grupo Ribera\",\"publisher\":{\"@id\":\"https:\/\/riberasalud.com\/blog-de-salud\/#organization\"},\"potentialAction\":[{\"@type\":\"SearchAction\",\"target\":{\"@type\":\"EntryPoint\",\"urlTemplate\":\"https:\/\/riberasalud.com\/blog-de-salud\/?s={search_term_string}\"},\"query-input\":{\"@type\":\"PropertyValueSpecification\",\"valueRequired\":true,\"valueName\":\"search_term_string\"}}],\"inLanguage\":\"es\"},{\"@type\":\"Organization\",\"@id\":\"https:\/\/riberasalud.com\/blog-de-salud\/#organization\",\"name\":\"Blog de Salud\",\"url\":\"https:\/\/riberasalud.com\/blog-de-salud\/\",\"logo\":{\"@type\":\"ImageObject\",\"inLanguage\":\"es\",\"@id\":\"https:\/\/riberasalud.com\/blog-de-salud\/#\/schema\/logo\/image\/\",\"url\":\"https:\/\/riberasalud.com\/blog-de-salud\/wp-content\/uploads\/2022\/09\/cropped-Logotipo-Red-qgbhgk.png\",\"contentUrl\":\"https:\/\/riberasalud.com\/blog-de-salud\/wp-content\/uploads\/2022\/09\/cropped-Logotipo-Red-qgbhgk.png\",\"width\":5001,\"height\":1976,\"caption\":\"Blog de Salud\"},\"image\":{\"@id\":\"https:\/\/riberasalud.com\/blog-de-salud\/#\/schema\/logo\/image\/\"}}]}<\/script>\n<!-- \/ Yoast SEO plugin. -->","yoast_head_json":{"title":"Quienes somos - Blog de Salud","robots":{"index":"index","follow":"follow","max-snippet":"max-snippet:-1","max-image-preview":"max-image-preview:large","max-video-preview":"max-video-preview:-1"},"canonical":"https:\/\/riberasalud.com\/blog-de-salud\/quienes-somos\/","og_locale":"es_ES","og_type":"article","og_title":"Quienes somos - Blog de Salud","og_description":"SOMOS GRUPO RIBERA Qui\u00e9nes somos Los contenidos de este blog ... Leer m\u00e1s","og_url":"https:\/\/riberasalud.com\/blog-de-salud\/quienes-somos\/","og_site_name":"Blog de Salud","article_modified_time":"2022-09-08T11:47:11+00:00","twitter_card":"summary_large_image","twitter_misc":{"Tiempo de lectura":"1 minuto"},"schema":{"@context":"https:\/\/schema.org","@graph":[{"@type":"WebPage","@id":"https:\/\/riberasalud.com\/blog-de-salud\/quienes-somos\/","url":"https:\/\/riberasalud.com\/blog-de-salud\/quienes-somos\/","name":"Quienes somos - Blog de Salud","isPartOf":{"@id":"https:\/\/riberasalud.com\/blog-de-salud\/#website"},"datePublished":"2022-09-07T06:40:48+00:00","dateModified":"2022-09-08T11:47:11+00:00","breadcrumb":{"@id":"https:\/\/riberasalud.com\/blog-de-salud\/quienes-somos\/#breadcrumb"},"inLanguage":"es","potentialAction":[{"@type":"ReadAction","target":["https:\/\/riberasalud.com\/blog-de-salud\/quienes-somos\/"]}]},{"@type":"BreadcrumbList","@id":"https:\/\/riberasalud.com\/blog-de-salud\/quienes-somos\/#breadcrumb","itemListElement":[{"@type":"ListItem","position":1,"name":"Portada","item":"https:\/\/riberasalud.com\/blog-de-salud\/"},{"@type":"ListItem","position":2,"name":"Quienes somos"}]},{"@type":"WebSite","@id":"https:\/\/riberasalud.com\/blog-de-salud\/#website","url":"https:\/\/riberasalud.com\/blog-de-salud\/","name":"Blog de Salud","description":"Grupo Ribera","publisher":{"@id":"https:\/\/riberasalud.com\/blog-de-salud\/#organization"},"potentialAction":[{"@type":"SearchAction","target":{"@type":"EntryPoint","urlTemplate":"https:\/\/riberasalud.com\/blog-de-salud\/?s={search_term_string}"},"query-input":{"@type":"PropertyValueSpecification","valueRequired":true,"valueName":"search_term_string"}}],"inLanguage":"es"},{"@type":"Organization","@id":"https:\/\/riberasalud.com\/blog-de-salud\/#organization","name":"Blog de Salud","url":"https:\/\/riberasalud.com\/blog-de-salud\/","logo":{"@type":"ImageObject","inLanguage":"es","@id":"https:\/\/riberasalud.com\/blog-de-salud\/#\/schema\/logo\/image\/","url":"https:\/\/riberasalud.com\/blog-de-salud\/wp-content\/uploads\/2022\/09\/cropped-Logotipo-Red-qgbhgk.png","contentUrl":"https:\/\/riberasalud.com\/blog-de-salud\/wp-content\/uploads\/2022\/09\/cropped-Logotipo-Red-qgbhgk.png","width":5001,"height":1976,"caption":"Blog de Salud"},"image":{"@id":"https:\/\/riberasalud.com\/blog-de-salud\/#\/schema\/logo\/image\/"}}]}},"_links":{"self":[{"href":"https:\/\/riberasalud.com\/blog-de-salud\/wp-json\/wp\/v2\/pages\/10562","targetHints":{"allow":["GET"]}}],"collection":[{"href":"https:\/\/riberasalud.com\/blog-de-salud\/wp-json\/wp\/v2\/pages"}],"about":[{"href":"https:\/\/riberasalud.com\/blog-de-salud\/wp-json\/wp\/v2\/types\/page"}],"author":[{"embeddable":true,"href":"https:\/\/riberasalud.com\/blog-de-salud\/wp-json\/wp\/v2\/users\/1"}],"replies":[{"embeddable":true,"href":"https:\/\/riberasalud.com\/blog-de-salud\/wp-json\/wp\/v2\/comments?post=10562"}],"version-history":[{"count":4,"href":"https:\/\/riberasalud.com\/blog-de-salud\/wp-json\/wp\/v2\/pages\/10562\/revisions"}],"predecessor-version":[{"id":10657,"href":"https:\/\/riberasalud.com\/blog-de-salud\/wp-json\/wp\/v2\/pages\/10562\/revisions\/10657"}],"wp:attachment":[{"href":"https:\/\/riberasalud.com\/blog-de-salud\/wp-json\/wp\/v2\/media?parent=10562"}],"curies":[{"name":"wp","href":"https:\/\/api.w.org\/{rel}","templated":true}]}}