{"id":85,"date":"2021-06-21T06:53:27","date_gmt":"2021-06-21T06:53:27","guid":{"rendered":"https:\/\/riberasalud.com\/b2b\/?page_id=85"},"modified":"2025-05-23T10:47:45","modified_gmt":"2025-05-23T10:47:45","slug":"codigo-etico","status":"publish","type":"page","link":"https:\/\/riberasalud.com\/b2b\/codigo-etico\/","title":{"rendered":"C\u00f3digo \u00e9tico"},"content":{"rendered":"\n<div class=\"wp-block-group backgroundbanner\"><div class=\"wp-block-group__inner-container is-layout-flow wp-block-group-is-layout-flow\">\n<p class=\"has-text-align-center\" style=\"font-size:40px\"><span style=\"color: #4b4a4a;\" class=\"ugb-highlight\">C\u00f3digo \u00e9tico<\/span><\/p>\n<\/div><\/div>\n\n\n\n<div class=\"wp-block-group\"><div class=\"wp-block-group__inner-container is-layout-flow wp-block-group-is-layout-flow\">\n<p class=\"has-text-align-center\" style=\"font-size:25px\"><strong>SANIDAD<\/strong><\/p>\n\n\n\n<p class=\"has-text-align-center\" style=\"font-size:20px\"><strong>Trabajamos por una Sanidad sostenible y responsable<\/strong><\/p>\n\n\n\n<p class=\"has-text-align-center\"><strong>La filosof\u00eda empresarial de b2b salud se basa en criterios de Responsabilidad Empresarial<\/strong><\/p>\n\n\n\n<p class=\"has-text-align-center\" style=\"font-size:13px\">Nuestro compromiso con los clientes se sustenta en una colaboraci\u00f3n leal y duradera a trav\u00e9s de las buenas pr\u00e1cticas empresariales. Trabajamos con un programa de Compliance en la organizaci\u00f3n, y no existe en nuestro grupo tolerancia ni compromiso hacia conductas que puedan suponer incumplimientos normativos, pr\u00e1cticas corruptas o cualquier otra forma de delincuencia, faltas de \u00e9tica o malas conductas profesionales.<\/p>\n\n\n\n<p class=\"has-text-align-center\"><a href=\"https:\/\/www.riberasalud.com\/wp-content\/uploads\/2025\/05\/CODIGO-ETICO-RIBERA-CAST-2025.pdf\" data-type=\"URL\" data-id=\"https:\/\/www.riberasalud.com\/wp-content\/uploads\/2021\/07\/CODIGO-ETICO-RIBERA-ESP.pdf\" target=\"_blank\" rel=\"noreferrer noopener\">Ir al c\u00f3digo \u00e9tico \u2192<\/a><\/p>\n<\/div><\/div>\n","protected":false},"excerpt":{"rendered":"<p>C\u00f3digo \u00e9tico SANIDAD Trabajamos por una Sanidad sostenible y responsable La filosof\u00eda empresarial de b2b salud se basa en criterios de Responsabilidad Empresarial Nuestro compromiso con los clientes se sustenta en una colaboraci\u00f3n leal y duradera a trav\u00e9s de las buenas pr\u00e1cticas empresariales. Trabajamos con un programa de Compliance en la organizaci\u00f3n, y no existe &#8230; <a title=\"C\u00f3digo \u00e9tico\" class=\"read-more\" href=\"https:\/\/riberasalud.com\/b2b\/codigo-etico\/\" aria-label=\"Leer m\u00e1s sobre C\u00f3digo \u00e9tico\">Leer m\u00e1s<\/a><\/p>\n","protected":false},"author":1,"featured_media":0,"parent":0,"menu_order":0,"comment_status":"closed","ping_status":"closed","template":"","meta":{"_coblocks_attr":"","_coblocks_dimensions":"","_coblocks_responsive_height":"","_coblocks_accordion_ie_support":"","_uag_custom_page_level_css":"","_monsterinsights_skip_tracking":false,"_monsterinsights_sitenote_active":false,"_monsterinsights_sitenote_note":"","_monsterinsights_sitenote_category":0,"_themeisle_gutenberg_block_has_review":false,"footnotes":""},"class_list":["post-85","page","type-page","status-publish"],"featured_image_urls_v2":{"full":"","thumbnail":"","medium":"","medium_large":"","large":"","1536x1536":"","2048x2048":""},"post_excerpt_stackable_v2":"<p>C\u00f3digo \u00e9tico SANIDAD Trabajamos por una Sanidad sostenible y responsable La filosof\u00eda empresarial de b2b salud se basa en criterios de Responsabilidad Empresarial Nuestro compromiso con los clientes se sustenta en una colaboraci\u00f3n leal y duradera a trav\u00e9s de las buenas pr\u00e1cticas empresariales. Trabajamos con un programa de Compliance en la organizaci\u00f3n, y no existe en nuestro grupo tolerancia ni compromiso hacia conductas que puedan suponer incumplimientos normativos, pr\u00e1cticas corruptas o cualquier otra forma de delincuencia, faltas de \u00e9tica o malas conductas profesionales. Ir al c\u00f3digo \u00e9tico \u2192<\/p>\n","category_list_v2":"","author_info_v2":{"name":"jorge@quois.com","url":"https:\/\/riberasalud.com\/b2b\/author\/jorgequois-com\/"},"comments_num_v2":"0 comentarios","pbg_featured_image_src":{"full":false,"thumbnail":false,"medium":false,"medium_large":false,"large":false,"1536x1536":false,"2048x2048":false},"pbg_author_info":{"display_name":"jorge@quois.com","author_link":"https:\/\/riberasalud.com\/b2b\/author\/jorgequois-com\/","author_img":"<img alt='jorge@quois.com' src='https:\/\/secure.gravatar.com\/avatar\/bca8cccf11ce6757dcdec6ce293d120c16d33c83aeb423357cce3f49f3abae94?s=128&#038;d=mm&#038;r=g' srcset='https:\/\/secure.gravatar.com\/avatar\/bca8cccf11ce6757dcdec6ce293d120c16d33c83aeb423357cce3f49f3abae94?s=256&#038;d=mm&#038;r=g 2x' class='avatar avatar-128 photo' height='128' width='128' loading='lazy' decoding='async'\/>"},"pbg_comment_info":" No Comments","pbg_excerpt":"C\u00f3digo \u00e9tico SANIDAD Trabajamos por una Sanidad sostenible y responsable La filosof\u00eda empresarial de b2b salud se basa en criterios de Responsabilidad Empresarial Nuestro compromiso con los clientes se sustenta en una colaboraci\u00f3n leal y duradera a trav\u00e9s de las buenas pr\u00e1cticas empresariales. Trabajamos con un programa de Compliance en la organizaci\u00f3n, y no existe&hellip;","uagb_featured_image_src":{"full":false,"thumbnail":false,"medium":false,"medium_large":false,"large":false,"1536x1536":false,"2048x2048":false},"uagb_author_info":{"display_name":"jorge@quois.com","author_link":"https:\/\/riberasalud.com\/b2b\/author\/jorgequois-com\/"},"uagb_comment_info":0,"uagb_excerpt":"C\u00f3digo \u00e9tico SANIDAD Trabajamos por una Sanidad sostenible y responsable La filosof\u00eda empresarial de b2b salud se basa en criterios de Responsabilidad Empresarial Nuestro compromiso con los clientes se sustenta en una colaboraci\u00f3n leal y duradera a trav\u00e9s de las buenas pr\u00e1cticas empresariales. Trabajamos con un programa de Compliance en la organizaci\u00f3n, y no existe&hellip;","_links":{"self":[{"href":"https:\/\/riberasalud.com\/b2b\/wp-json\/wp\/v2\/pages\/85","targetHints":{"allow":["GET"]}}],"collection":[{"href":"https:\/\/riberasalud.com\/b2b\/wp-json\/wp\/v2\/pages"}],"about":[{"href":"https:\/\/riberasalud.com\/b2b\/wp-json\/wp\/v2\/types\/page"}],"author":[{"embeddable":true,"href":"https:\/\/riberasalud.com\/b2b\/wp-json\/wp\/v2\/users\/1"}],"replies":[{"embeddable":true,"href":"https:\/\/riberasalud.com\/b2b\/wp-json\/wp\/v2\/comments?post=85"}],"version-history":[{"count":5,"href":"https:\/\/riberasalud.com\/b2b\/wp-json\/wp\/v2\/pages\/85\/revisions"}],"predecessor-version":[{"id":1918,"href":"https:\/\/riberasalud.com\/b2b\/wp-json\/wp\/v2\/pages\/85\/revisions\/1918"}],"wp:attachment":[{"href":"https:\/\/riberasalud.com\/b2b\/wp-json\/wp\/v2\/media?parent=85"}],"curies":[{"name":"wp","href":"https:\/\/api.w.org\/{rel}","templated":true}]}}