{"id":69,"date":"2021-06-21T06:45:28","date_gmt":"2021-06-21T06:45:28","guid":{"rendered":"https:\/\/riberasalud.com\/b2b\/?page_id=69"},"modified":"2021-11-24T19:03:18","modified_gmt":"2021-11-24T19:03:18","slug":"por-que-elegirnos","status":"publish","type":"page","link":"https:\/\/riberasalud.com\/b2b\/por-que-elegirnos\/","title":{"rendered":"Empleo"},"content":{"rendered":"\n<div class=\"wp-block-group backgroundbanner\"><div class=\"wp-block-group__inner-container is-layout-flow wp-block-group-is-layout-flow\">\n<p class=\"has-text-align-center\" style=\"font-size:40px\"><span style=\"color: #4b4a4a;\" class=\"ugb-highlight\">Por qu\u00e9 elegirnos<\/span><\/p>\n<\/div><\/div>\n\n\n\n<div class=\"wp-block-group\"><div class=\"wp-block-group__inner-container is-layout-flow wp-block-group-is-layout-flow\">\n<div class=\"wp-block-columns is-layout-flex wp-container-core-columns-is-layout-9d6595d7 wp-block-columns-is-layout-flex\">\n<div class=\"wp-block-column is-layout-flow wp-block-column-is-layout-flow\">\n<figure class=\"wp-block-image size-large fotoredonda\"><img loading=\"lazy\" decoding=\"async\" width=\"1024\" height=\"683\" src=\"https:\/\/riberasalud.com\/b2b\/wp-content\/uploads\/2021\/06\/hospital-834152_1920-1024x683.jpg\" alt=\"\" class=\"wp-image-72\" srcset=\"https:\/\/riberasalud.com\/b2b\/wp-content\/uploads\/2021\/06\/hospital-834152_1920-1024x683.jpg 1024w, https:\/\/riberasalud.com\/b2b\/wp-content\/uploads\/2021\/06\/hospital-834152_1920-300x200.jpg 300w, https:\/\/riberasalud.com\/b2b\/wp-content\/uploads\/2021\/06\/hospital-834152_1920-768x512.jpg 768w, https:\/\/riberasalud.com\/b2b\/wp-content\/uploads\/2021\/06\/hospital-834152_1920-1536x1024.jpg 1536w, https:\/\/riberasalud.com\/b2b\/wp-content\/uploads\/2021\/06\/hospital-834152_1920.jpg 1920w\" sizes=\"auto, (max-width: 1024px) 100vw, 1024px\" \/><\/figure>\n\n\n\n<p>SOLUCIONES INNOVADORAS<\/p>\n\n\n\n<p style=\"font-size:13px\">Nuestro conocimiento, especializacio\u0301n y experiencia nos permiten disen\u0303ar soluciones a la medida de nuestros clientes. Soluciones viables, contrastables, probadas y avaladas por la profesionalizacio\u0301n y la experiencia desarrollada, a lo largo de m\u00e1s de 20 a\u00f1os, en nuestros centros.<\/p>\n\n\n\n<p style=\"font-size:13px\">Apostamos por el desarrollo tecnol\u00f3gico y la innovaci\u00f3n orientada a la mejora continua de procesos, productos y servicios.<\/p>\n<\/div>\n\n\n\n<div class=\"wp-block-column is-layout-flow wp-block-column-is-layout-flow\">\n<figure class=\"wp-block-image size-large fotoredonda\"><img loading=\"lazy\" decoding=\"async\" width=\"1024\" height=\"683\" src=\"https:\/\/riberasalud.com\/b2b\/wp-content\/uploads\/2021\/06\/paciente-original-2-1024x683.jpg\" alt=\"\" class=\"wp-image-71\" srcset=\"https:\/\/riberasalud.com\/b2b\/wp-content\/uploads\/2021\/06\/paciente-original-2-1024x683.jpg 1024w, https:\/\/riberasalud.com\/b2b\/wp-content\/uploads\/2021\/06\/paciente-original-2-300x200.jpg 300w, https:\/\/riberasalud.com\/b2b\/wp-content\/uploads\/2021\/06\/paciente-original-2-768x512.jpg 768w, https:\/\/riberasalud.com\/b2b\/wp-content\/uploads\/2021\/06\/paciente-original-2-1536x1024.jpg 1536w, https:\/\/riberasalud.com\/b2b\/wp-content\/uploads\/2021\/06\/paciente-original-2.jpg 1920w\" sizes=\"auto, (max-width: 1024px) 100vw, 1024px\" \/><\/figure>\n\n\n\n<p>EL VALOR DE LA EXPERIENCIA<\/p>\n\n\n\n<p style=\"font-size:13px\">Ma\u0301s de 6.000 profesionales reciben a diario nuestra ayuda. Ribera b2b suma a su trayectoria en gestio\u0301n sanitaria, la experiencia del grupo sanitario Ribera, grupo empresarial fundado en 1997, especializado en la gesti\u00f3n de proyectos innovadores en salud. Su vocaci\u00f3n es trasformar la manera de trabajar e innovar en la gesti\u00f3n sanitaria para mejorar la salud y bienestar de la poblaci\u00f3n. Adem\u00e1s, ha desarrollado un modelo de gesti\u00f3n que aporta valor a la sociedad y contribuye a la sostenibilidad de los sistemas sanitarios, que se estudia c\u00f3mo caso de \u00e9xito en reconocidas universidades internacionales como Harvard Business School o Berkeley.<\/p>\n\n\n\n<p style=\"font-size:13px\">El grupo sanitario Ribera representa un modelo de salud responsable que trabaja hoy para la Sanidad de ma\u00f1ana.<\/p>\n<\/div>\n<\/div>\n<\/div><\/div>\n\n\n\n<div class=\"wp-block-group\"><div class=\"wp-block-group__inner-container is-layout-flow wp-block-group-is-layout-flow\">\n<div class=\"wp-block-columns is-layout-flex wp-container-core-columns-is-layout-9d6595d7 wp-block-columns-is-layout-flex\">\n<div class=\"wp-block-column is-layout-flow wp-block-column-is-layout-flow\">\n<figure class=\"wp-block-image size-large fotoredonda\"><img loading=\"lazy\" decoding=\"async\" width=\"1024\" height=\"683\" src=\"https:\/\/riberasalud.com\/b2b\/wp-content\/uploads\/2021\/06\/somosJOINT-1024x683.jpg\" alt=\"\" class=\"wp-image-73\" srcset=\"https:\/\/riberasalud.com\/b2b\/wp-content\/uploads\/2021\/06\/somosJOINT-1024x683.jpg 1024w, https:\/\/riberasalud.com\/b2b\/wp-content\/uploads\/2021\/06\/somosJOINT-300x200.jpg 300w, https:\/\/riberasalud.com\/b2b\/wp-content\/uploads\/2021\/06\/somosJOINT-768x512.jpg 768w, https:\/\/riberasalud.com\/b2b\/wp-content\/uploads\/2021\/06\/somosJOINT.jpg 1254w\" sizes=\"auto, (max-width: 1024px) 100vw, 1024px\" \/><\/figure>\n<\/div>\n\n\n\n<div class=\"wp-block-column is-layout-flow wp-block-column-is-layout-flow\">\n<p>Por la capacidad de <strong><span style=\"color: #d11728;\" class=\"ugb-highlight\">negociar <\/span><\/strong>grandes vol\u00famenes de compras y servicios.<\/p>\n\n\n\n<p>Por la mayor <strong><span style=\"color: #d11728;\" class=\"ugb-highlight\">eficiencia <\/span><\/strong>interna que se traduce en el ahorro de tiempo y en el ahorro del gasto.<\/p>\n\n\n\n<p>Por la <strong><span style=\"color: #d11728;\" class=\"ugb-highlight\">especializaci\u00f3n <\/span><\/strong>de nuestro personal.<\/p>\n\n\n\n<p>Por la <strong><span style=\"color: #d11728;\" class=\"ugb-highlight\">pol\u00edtica de gesti\u00f3n y calidad<\/span><\/strong>, acreditada por AENOR seg\u00fan la norma UNE-EN ISO 9001.<\/p>\n\n\n\n<p>Por la <span style=\"color: #d11728;\" class=\"ugb-highlight\"><strong>profesionalizaci\u00f3n <\/strong>y <strong>transparencia <\/strong><\/span>en la relaci\u00f3n con todos los proveedores y agentes involucrados.<\/p>\n<\/div>\n<\/div>\n<\/div><\/div>\n","protected":false},"excerpt":{"rendered":"<p>Por qu\u00e9 elegirnos SOLUCIONES INNOVADORAS Nuestro conocimiento, especializacio\u0301n y experiencia nos permiten disen\u0303ar soluciones a la medida de nuestros clientes. Soluciones viables, contrastables, probadas y avaladas por la profesionalizacio\u0301n y la experiencia desarrollada, a lo largo de m\u00e1s de 20 a\u00f1os, en nuestros centros. Apostamos por el desarrollo tecnol\u00f3gico y la innovaci\u00f3n orientada a la &#8230; <a title=\"Empleo\" class=\"read-more\" href=\"https:\/\/riberasalud.com\/b2b\/por-que-elegirnos\/\" aria-label=\"Leer m\u00e1s sobre Empleo\">Leer m\u00e1s<\/a><\/p>\n","protected":false},"author":1,"featured_media":0,"parent":0,"menu_order":0,"comment_status":"closed","ping_status":"closed","template":"","meta":{"_coblocks_attr":"","_coblocks_dimensions":"","_coblocks_responsive_height":"","_coblocks_accordion_ie_support":"","_uag_custom_page_level_css":"","_monsterinsights_skip_tracking":false,"_monsterinsights_sitenote_active":false,"_monsterinsights_sitenote_note":"","_monsterinsights_sitenote_category":0,"_themeisle_gutenberg_block_has_review":false,"footnotes":""},"class_list":["post-69","page","type-page","status-publish"],"featured_image_urls_v2":{"full":"","thumbnail":"","medium":"","medium_large":"","large":"","1536x1536":"","2048x2048":""},"post_excerpt_stackable_v2":"<p>Por qu\u00e9 elegirnos SOLUCIONES INNOVADORAS Nuestro conocimiento, especializacio\u0301n y experiencia nos permiten disen\u0303ar soluciones a la medida de nuestros clientes. Soluciones viables, contrastables, probadas y avaladas por la profesionalizacio\u0301n y la experiencia desarrollada, a lo largo de m\u00e1s de 20 a\u00f1os, en nuestros centros. Apostamos por el desarrollo tecnol\u00f3gico y la innovaci\u00f3n orientada a la mejora continua de procesos, productos y servicios. EL VALOR DE LA EXPERIENCIA Ma\u0301s de 6.000 profesionales reciben a diario nuestra ayuda. Ribera b2b suma a su trayectoria en gestio\u0301n sanitaria, la experiencia del grupo sanitario Ribera, grupo empresarial fundado en 1997, especializado en la gesti\u00f3n&hellip;<\/p>\n","category_list_v2":"","author_info_v2":{"name":"jorge@quois.com","url":"https:\/\/riberasalud.com\/b2b\/author\/jorgequois-com\/"},"comments_num_v2":"0 comentarios","pbg_featured_image_src":{"full":false,"thumbnail":false,"medium":false,"medium_large":false,"large":false,"1536x1536":false,"2048x2048":false},"pbg_author_info":{"display_name":"jorge@quois.com","author_link":"https:\/\/riberasalud.com\/b2b\/author\/jorgequois-com\/","author_img":"<img alt='jorge@quois.com' src='https:\/\/secure.gravatar.com\/avatar\/bca8cccf11ce6757dcdec6ce293d120c16d33c83aeb423357cce3f49f3abae94?s=128&#038;d=mm&#038;r=g' srcset='https:\/\/secure.gravatar.com\/avatar\/bca8cccf11ce6757dcdec6ce293d120c16d33c83aeb423357cce3f49f3abae94?s=256&#038;d=mm&#038;r=g 2x' class='avatar avatar-128 photo' height='128' width='128' loading='lazy' decoding='async'\/>"},"pbg_comment_info":" No Comments","pbg_excerpt":"Por qu\u00e9 elegirnos SOLUCIONES INNOVADORAS Nuestro conocimiento, especializacio\u0301n y experiencia nos permiten disen\u0303ar soluciones a la medida de nuestros clientes. Soluciones viables, contrastables, probadas y avaladas por la profesionalizacio\u0301n y la experiencia desarrollada, a lo largo de m\u00e1s de 20 a\u00f1os, en nuestros centros. Apostamos por el desarrollo tecnol\u00f3gico y la innovaci\u00f3n orientada a la&hellip;","uagb_featured_image_src":{"full":false,"thumbnail":false,"medium":false,"medium_large":false,"large":false,"1536x1536":false,"2048x2048":false},"uagb_author_info":{"display_name":"jorge@quois.com","author_link":"https:\/\/riberasalud.com\/b2b\/author\/jorgequois-com\/"},"uagb_comment_info":0,"uagb_excerpt":"Por qu\u00e9 elegirnos SOLUCIONES INNOVADORAS Nuestro conocimiento, especializacio\u0301n y experiencia nos permiten disen\u0303ar soluciones a la medida de nuestros clientes. Soluciones viables, contrastables, probadas y avaladas por la profesionalizacio\u0301n y la experiencia desarrollada, a lo largo de m\u00e1s de 20 a\u00f1os, en nuestros centros. Apostamos por el desarrollo tecnol\u00f3gico y la innovaci\u00f3n orientada a la&hellip;","_links":{"self":[{"href":"https:\/\/riberasalud.com\/b2b\/wp-json\/wp\/v2\/pages\/69","targetHints":{"allow":["GET"]}}],"collection":[{"href":"https:\/\/riberasalud.com\/b2b\/wp-json\/wp\/v2\/pages"}],"about":[{"href":"https:\/\/riberasalud.com\/b2b\/wp-json\/wp\/v2\/types\/page"}],"author":[{"embeddable":true,"href":"https:\/\/riberasalud.com\/b2b\/wp-json\/wp\/v2\/users\/1"}],"replies":[{"embeddable":true,"href":"https:\/\/riberasalud.com\/b2b\/wp-json\/wp\/v2\/comments?post=69"}],"version-history":[{"count":5,"href":"https:\/\/riberasalud.com\/b2b\/wp-json\/wp\/v2\/pages\/69\/revisions"}],"predecessor-version":[{"id":1736,"href":"https:\/\/riberasalud.com\/b2b\/wp-json\/wp\/v2\/pages\/69\/revisions\/1736"}],"wp:attachment":[{"href":"https:\/\/riberasalud.com\/b2b\/wp-json\/wp\/v2\/media?parent=69"}],"curies":[{"name":"wp","href":"https:\/\/api.w.org\/{rel}","templated":true}]}}