{"id":46,"date":"2021-06-21T06:36:01","date_gmt":"2021-06-21T06:36:01","guid":{"rendered":"https:\/\/riberasalud.com\/b2b\/?page_id=46"},"modified":"2021-06-21T06:44:08","modified_gmt":"2021-06-21T06:44:08","slug":"inversiones-equipamiento","status":"publish","type":"page","link":"https:\/\/riberasalud.com\/b2b\/inversiones-equipamiento\/","title":{"rendered":"Inversiones y equipamiento"},"content":{"rendered":"\n<div class=\"wp-block-group backgroundbanner\"><div class=\"wp-block-group__inner-container is-layout-flow wp-block-group-is-layout-flow\">\n<p class=\"has-text-align-center\" style=\"font-size:40px\"><span style=\"color: #4b4a4a;\" class=\"ugb-highlight\">Inversiones y equipamiento<\/span><\/p>\n<\/div><\/div>\n\n\n\n<div class=\"wp-block-group hasbackgroundmio\"><div class=\"wp-block-group__inner-container is-layout-flow wp-block-group-is-layout-flow\">\n<p style=\"font-size:13px\"><strong>\u00bfTienes que implementar un nuevo servicio sanitario, y necesitas complementar la informaci\u00f3n disponible para ayudarte a tomar la mejor decisi\u00f3n?<\/strong><\/p>\n\n\n\n<p style=\"font-size:13px\"><strong>\u00bfQuieres comparar diferentes opciones de equipamiento en base a unas necesidades asistenciales concretas?<\/strong><\/p>\n\n\n\n<p style=\"font-size:13px\"><strong>\u00bfNecesitas orientaci\u00f3n t\u00e9cnica para la implantaci\u00f3n de un equipo complejo?<\/strong><\/p>\n<\/div><\/div>\n\n\n\n<div class=\"wp-block-group\"><div class=\"wp-block-group__inner-container is-layout-flow wp-block-group-is-layout-flow\">\n<div class=\"wp-block-columns is-layout-flex wp-container-core-columns-is-layout-9d6595d7 wp-block-columns-is-layout-flex\">\n<div class=\"wp-block-column is-layout-flow wp-block-column-is-layout-flow\">\n<p style=\"font-size:13px\">En b2b salud desarrollamos todas las actividades relacionadas con el equipamiento necesario para la realizaci\u00f3n de la actividad sanitaria, desde planes de equipamiento integral de edificios complejos, hasta propuestas concretas que respondan a las necesidades reales del cliente. Te acompa\u00f1amos a lo largo de todo el proceso, con la garant\u00eda de que las instalaciones cumplan los requisitos exigibles en materia de inspecci\u00f3n de acuerdo a la normativa vigente.<\/p>\n<\/div>\n\n\n\n<div class=\"wp-block-column is-layout-flow wp-block-column-is-layout-flow\" style=\"flex-basis:30%\">\n<figure class=\"wp-block-image size-large fotoredonda\"><img loading=\"lazy\" decoding=\"async\" width=\"565\" height=\"547\" src=\"https:\/\/riberasalud.com\/b2b\/wp-content\/uploads\/2021\/06\/tablet.jpg\" alt=\"\" class=\"wp-image-52\" srcset=\"https:\/\/riberasalud.com\/b2b\/wp-content\/uploads\/2021\/06\/tablet.jpg 565w, https:\/\/riberasalud.com\/b2b\/wp-content\/uploads\/2021\/06\/tablet-300x290.jpg 300w\" sizes=\"auto, (max-width: 565px) 100vw, 565px\" \/><\/figure>\n<\/div>\n<\/div>\n<\/div><\/div>\n\n\n\n<div class=\"wp-block-group hasbackgroundmio\"><div class=\"wp-block-group__inner-container is-layout-flow wp-block-group-is-layout-flow\">\n<h2 class=\"wp-block-heading\"><strong>Nuestro trabajo en esta \u00e1rea incluye los siguientes servicios:<\/strong><\/h2>\n\n\n\n<ul class=\"is-style-default wp-block-list\" style=\"font-size:13px\"><li>Estudios de consultor\u00eda para el an\u00e1lisis de innovaci\u00f3n y mejoras en equipamiento sanitario.<\/li><li>Elaboraci\u00f3n de pliegos.<\/li><li>An\u00e1lisis de posibles proveedores.<\/li><li>Comparaci\u00f3n de ofertas t\u00e9cnicas y econ\u00f3micas. Propuestas de soluciones adaptables en el tiempo. Estudio del coste total de operaci\u00f3n de equipos (mantenimiento asociado, consumo energ\u00e9tico, coste fungible asociado, sustituciones, etc).<\/li><li>Negociaci\u00f3n de la compra. Recepci\u00f3n de equipo.<\/li><li>Adecuaci\u00f3n del entorno para la instalaci\u00f3n del equipamiento. Coordinaci\u00f3n de agentes intervinientes, y seguimiento y control de la instalaci\u00f3n y puesta en marcha.<\/li><\/ul>\n<\/div><\/div>\n","protected":false},"excerpt":{"rendered":"<p>Inversiones y equipamiento \u00bfTienes que implementar un nuevo servicio sanitario, y necesitas complementar la informaci\u00f3n disponible para ayudarte a tomar la mejor decisi\u00f3n? \u00bfQuieres comparar diferentes opciones de equipamiento en base a unas necesidades asistenciales concretas? \u00bfNecesitas orientaci\u00f3n t\u00e9cnica para la implantaci\u00f3n de un equipo complejo? En b2b salud desarrollamos todas las actividades relacionadas con &#8230; <a title=\"Inversiones y equipamiento\" class=\"read-more\" href=\"https:\/\/riberasalud.com\/b2b\/inversiones-equipamiento\/\" aria-label=\"Leer m\u00e1s sobre Inversiones y equipamiento\">Leer m\u00e1s<\/a><\/p>\n","protected":false},"author":1,"featured_media":0,"parent":0,"menu_order":0,"comment_status":"closed","ping_status":"closed","template":"","meta":{"_coblocks_attr":"","_coblocks_dimensions":"","_coblocks_responsive_height":"","_coblocks_accordion_ie_support":"","_uag_custom_page_level_css":"","_monsterinsights_skip_tracking":false,"_monsterinsights_sitenote_active":false,"_monsterinsights_sitenote_note":"","_monsterinsights_sitenote_category":0,"_themeisle_gutenberg_block_has_review":false,"footnotes":""},"class_list":["post-46","page","type-page","status-publish"],"featured_image_urls_v2":{"full":"","thumbnail":"","medium":"","medium_large":"","large":"","1536x1536":"","2048x2048":""},"post_excerpt_stackable_v2":"<p>Inversiones y equipamiento \u00bfTienes que implementar un nuevo servicio sanitario, y necesitas complementar la informaci\u00f3n disponible para ayudarte a tomar la mejor decisi\u00f3n? \u00bfQuieres comparar diferentes opciones de equipamiento en base a unas necesidades asistenciales concretas? \u00bfNecesitas orientaci\u00f3n t\u00e9cnica para la implantaci\u00f3n de un equipo complejo? En b2b salud desarrollamos todas las actividades relacionadas con el equipamiento necesario para la realizaci\u00f3n de la actividad sanitaria, desde planes de equipamiento integral de edificios complejos, hasta propuestas concretas que respondan a las necesidades reales del cliente. Te acompa\u00f1amos a lo largo de todo el proceso, con la garant\u00eda de que las instalaciones&hellip;<\/p>\n","category_list_v2":"","author_info_v2":{"name":"jorge@quois.com","url":"https:\/\/riberasalud.com\/b2b\/author\/jorgequois-com\/"},"comments_num_v2":"0 comentarios","pbg_featured_image_src":{"full":false,"thumbnail":false,"medium":false,"medium_large":false,"large":false,"1536x1536":false,"2048x2048":false},"pbg_author_info":{"display_name":"jorge@quois.com","author_link":"https:\/\/riberasalud.com\/b2b\/author\/jorgequois-com\/","author_img":"<img alt='jorge@quois.com' src='https:\/\/secure.gravatar.com\/avatar\/bca8cccf11ce6757dcdec6ce293d120c16d33c83aeb423357cce3f49f3abae94?s=128&#038;d=mm&#038;r=g' srcset='https:\/\/secure.gravatar.com\/avatar\/bca8cccf11ce6757dcdec6ce293d120c16d33c83aeb423357cce3f49f3abae94?s=256&#038;d=mm&#038;r=g 2x' class='avatar avatar-128 photo' height='128' width='128' loading='lazy' decoding='async'\/>"},"pbg_comment_info":" No Comments","pbg_excerpt":"Inversiones y equipamiento \u00bfTienes que implementar un nuevo servicio sanitario, y necesitas complementar la informaci\u00f3n disponible para ayudarte a tomar la mejor decisi\u00f3n? \u00bfQuieres comparar diferentes opciones de equipamiento en base a unas necesidades asistenciales concretas? \u00bfNecesitas orientaci\u00f3n t\u00e9cnica para la implantaci\u00f3n de un equipo complejo? En b2b salud desarrollamos todas las actividades relacionadas con&hellip;","uagb_featured_image_src":{"full":false,"thumbnail":false,"medium":false,"medium_large":false,"large":false,"1536x1536":false,"2048x2048":false},"uagb_author_info":{"display_name":"jorge@quois.com","author_link":"https:\/\/riberasalud.com\/b2b\/author\/jorgequois-com\/"},"uagb_comment_info":0,"uagb_excerpt":"Inversiones y equipamiento \u00bfTienes que implementar un nuevo servicio sanitario, y necesitas complementar la informaci\u00f3n disponible para ayudarte a tomar la mejor decisi\u00f3n? \u00bfQuieres comparar diferentes opciones de equipamiento en base a unas necesidades asistenciales concretas? \u00bfNecesitas orientaci\u00f3n t\u00e9cnica para la implantaci\u00f3n de un equipo complejo? En b2b salud desarrollamos todas las actividades relacionadas con&hellip;","_links":{"self":[{"href":"https:\/\/riberasalud.com\/b2b\/wp-json\/wp\/v2\/pages\/46","targetHints":{"allow":["GET"]}}],"collection":[{"href":"https:\/\/riberasalud.com\/b2b\/wp-json\/wp\/v2\/pages"}],"about":[{"href":"https:\/\/riberasalud.com\/b2b\/wp-json\/wp\/v2\/types\/page"}],"author":[{"embeddable":true,"href":"https:\/\/riberasalud.com\/b2b\/wp-json\/wp\/v2\/users\/1"}],"replies":[{"embeddable":true,"href":"https:\/\/riberasalud.com\/b2b\/wp-json\/wp\/v2\/comments?post=46"}],"version-history":[{"count":4,"href":"https:\/\/riberasalud.com\/b2b\/wp-json\/wp\/v2\/pages\/46\/revisions"}],"predecessor-version":[{"id":63,"href":"https:\/\/riberasalud.com\/b2b\/wp-json\/wp\/v2\/pages\/46\/revisions\/63"}],"wp:attachment":[{"href":"https:\/\/riberasalud.com\/b2b\/wp-json\/wp\/v2\/media?parent=46"}],"curies":[{"name":"wp","href":"https:\/\/api.w.org\/{rel}","templated":true}]}}