{"id":45,"date":"2021-06-21T06:36:00","date_gmt":"2021-06-21T06:36:00","guid":{"rendered":"https:\/\/riberasalud.com\/b2b\/?page_id=45"},"modified":"2021-11-08T14:44:30","modified_gmt":"2021-11-08T14:44:30","slug":"servicios-generales","status":"publish","type":"page","link":"https:\/\/riberasalud.com\/b2b\/servicios-generales\/","title":{"rendered":"Servicios generales"},"content":{"rendered":"\n<div class=\"wp-block-group backgroundbanner\"><div class=\"wp-block-group__inner-container is-layout-flow wp-block-group-is-layout-flow\">\n<p class=\"has-text-align-center\" style=\"font-size:40px\"><span style=\"color: #4b4a4a;\" class=\"ugb-highlight\">Servicios generales<\/span><\/p>\n<\/div><\/div>\n\n\n\n<div class=\"wp-block-group hasbackgroundmio\"><div class=\"wp-block-group__inner-container is-layout-flow wp-block-group-is-layout-flow\">\n<p style=\"font-size:13px\"><strong>\u00bfSabes si el coste de los servicios de hosteler\u00eda, limpieza, o mantenimiento en tu centro est\u00e1 dentro de los par\u00e1metros de mercado?<\/strong><\/p>\n\n\n\n<p style=\"font-size:13px\"><strong>\u00bfEst\u00e1s satisfecho con la calidad del servicio ofrecida?<\/strong><\/p>\n\n\n\n<p style=\"font-size:13px\"><strong>\u00bfNecesitas realizar una contrataci\u00f3n de servicios generales, y no dispones del departamento adecuado para el estudio del mismo?<\/strong><\/p>\n\n\n\n<p style=\"font-size:13px\"><strong>\u00bfTe gustar\u00eda conocer innovadores m\u00e9todos de contrataci\u00f3n y de gesti\u00f3n energ\u00e9tica, que se traduzcan en ahorros de gasto energ\u00e9tico?<\/strong><\/p>\n<\/div><\/div>\n\n\n\n<div class=\"wp-block-group\"><div class=\"wp-block-group__inner-container is-layout-flow wp-block-group-is-layout-flow\">\n<div class=\"wp-block-columns is-layout-flex wp-container-core-columns-is-layout-9d6595d7 wp-block-columns-is-layout-flex\">\n<div class=\"wp-block-column is-layout-flow wp-block-column-is-layout-flow\">\n<p style=\"font-size:13px\">En Ribera b2b, contamos con gran experiencia en la gesti\u00f3n de servicios generales en el entorno sanitario, tanto p\u00fablico como privado, y ofrecemos un asesoramiento integral a las empresas que deseen mejorar su eficiencia y calidad en los servicios generales.<\/p>\n\n\n\n<p style=\"font-size:13px\">Adem\u00e1s, nuestra b\u00fasqueda continua de la eficiencia nos permite disponer de numerosas experiencias de \u00e9xito en los ahorros del gasto energ\u00e9tico, mediante novedosas herramientas tecnol\u00f3gicas y de gesti\u00f3n, validadas y contrastadas en el \u00e1mbito sanitario.<\/p>\n<\/div>\n\n\n\n<div class=\"wp-block-column is-layout-flow wp-block-column-is-layout-flow\" style=\"flex-basis:30%\">\n<figure class=\"wp-block-image size-large fotoredonda\"><img loading=\"lazy\" decoding=\"async\" width=\"1024\" height=\"681\" src=\"https:\/\/riberasalud.com\/b2b\/wp-content\/uploads\/2021\/06\/breakfast-1024x681.jpg\" alt=\"\" class=\"wp-image-53\" srcset=\"https:\/\/riberasalud.com\/b2b\/wp-content\/uploads\/2021\/06\/breakfast-1024x681.jpg 1024w, https:\/\/riberasalud.com\/b2b\/wp-content\/uploads\/2021\/06\/breakfast-300x199.jpg 300w, https:\/\/riberasalud.com\/b2b\/wp-content\/uploads\/2021\/06\/breakfast-768x511.jpg 768w, https:\/\/riberasalud.com\/b2b\/wp-content\/uploads\/2021\/06\/breakfast-1536x1021.jpg 1536w, https:\/\/riberasalud.com\/b2b\/wp-content\/uploads\/2021\/06\/breakfast.jpg 1952w\" sizes=\"auto, (max-width: 1024px) 100vw, 1024px\" \/><\/figure>\n<\/div>\n<\/div>\n<\/div><\/div>\n\n\n\n<div class=\"wp-block-group hasbackgroundmio\"><div class=\"wp-block-group__inner-container is-layout-flow wp-block-group-is-layout-flow\">\n<h2 class=\"wp-block-heading\"><strong>Nuestro trabajo en esta \u00e1rea incluye los siguientes servicios:<\/strong><\/h2>\n\n\n\n<ul class=\"is-style-default wp-block-list\" style=\"font-size:13px\"><li>B\u00fasqueda y negociaci\u00f3n con posibles proveedores. Gesti\u00f3n de la contrataci\u00f3n de los servicios.<\/li><li>Adecuaci\u00f3n del servicio a la actividad del centro. Planificaci\u00f3n de la prestaci\u00f3n.<\/li><li>Consultor\u00eda para estudios globales de prestaci\u00f3n de servicios generales en el \u00e1mbito sanitario. Consultor\u00eda para la eficiencia energ\u00e9tica.<\/li><li>Control de la calidad de la prestaci\u00f3n de los servicios.<\/li><\/ul>\n<\/div><\/div>\n","protected":false},"excerpt":{"rendered":"<p>Servicios generales \u00bfSabes si el coste de los servicios de hosteler\u00eda, limpieza, o mantenimiento en tu centro est\u00e1 dentro de los par\u00e1metros de mercado? \u00bfEst\u00e1s satisfecho con la calidad del servicio ofrecida? \u00bfNecesitas realizar una contrataci\u00f3n de servicios generales, y no dispones del departamento adecuado para el estudio del mismo? \u00bfTe gustar\u00eda conocer innovadores m\u00e9todos &#8230; <a title=\"Servicios generales\" class=\"read-more\" href=\"https:\/\/riberasalud.com\/b2b\/servicios-generales\/\" aria-label=\"Leer m\u00e1s sobre Servicios generales\">Leer m\u00e1s<\/a><\/p>\n","protected":false},"author":1,"featured_media":0,"parent":0,"menu_order":0,"comment_status":"closed","ping_status":"closed","template":"","meta":{"_coblocks_attr":"","_coblocks_dimensions":"","_coblocks_responsive_height":"","_coblocks_accordion_ie_support":"","_uag_custom_page_level_css":"","_monsterinsights_skip_tracking":false,"_monsterinsights_sitenote_active":false,"_monsterinsights_sitenote_note":"","_monsterinsights_sitenote_category":0,"_themeisle_gutenberg_block_has_review":false,"footnotes":""},"class_list":["post-45","page","type-page","status-publish"],"featured_image_urls_v2":{"full":"","thumbnail":"","medium":"","medium_large":"","large":"","1536x1536":"","2048x2048":""},"post_excerpt_stackable_v2":"<p>Servicios generales \u00bfSabes si el coste de los servicios de hosteler\u00eda, limpieza, o mantenimiento en tu centro est\u00e1 dentro de los par\u00e1metros de mercado? \u00bfEst\u00e1s satisfecho con la calidad del servicio ofrecida? \u00bfNecesitas realizar una contrataci\u00f3n de servicios generales, y no dispones del departamento adecuado para el estudio del mismo? \u00bfTe gustar\u00eda conocer innovadores m\u00e9todos de contrataci\u00f3n y de gesti\u00f3n energ\u00e9tica, que se traduzcan en ahorros de gasto energ\u00e9tico? En Ribera b2b, contamos con gran experiencia en la gesti\u00f3n de servicios generales en el entorno sanitario, tanto p\u00fablico como privado, y ofrecemos un asesoramiento integral a las empresas que deseen&hellip;<\/p>\n","category_list_v2":"","author_info_v2":{"name":"jorge@quois.com","url":"https:\/\/riberasalud.com\/b2b\/author\/jorgequois-com\/"},"comments_num_v2":"0 comentarios","pbg_featured_image_src":{"full":false,"thumbnail":false,"medium":false,"medium_large":false,"large":false,"1536x1536":false,"2048x2048":false},"pbg_author_info":{"display_name":"jorge@quois.com","author_link":"https:\/\/riberasalud.com\/b2b\/author\/jorgequois-com\/","author_img":"<img alt='jorge@quois.com' src='https:\/\/secure.gravatar.com\/avatar\/bca8cccf11ce6757dcdec6ce293d120c16d33c83aeb423357cce3f49f3abae94?s=128&#038;d=mm&#038;r=g' srcset='https:\/\/secure.gravatar.com\/avatar\/bca8cccf11ce6757dcdec6ce293d120c16d33c83aeb423357cce3f49f3abae94?s=256&#038;d=mm&#038;r=g 2x' class='avatar avatar-128 photo' height='128' width='128' loading='lazy' decoding='async'\/>"},"pbg_comment_info":" No Comments","pbg_excerpt":"Servicios generales \u00bfSabes si el coste de los servicios de hosteler\u00eda, limpieza, o mantenimiento en tu centro est\u00e1 dentro de los par\u00e1metros de mercado? \u00bfEst\u00e1s satisfecho con la calidad del servicio ofrecida? \u00bfNecesitas realizar una contrataci\u00f3n de servicios generales, y no dispones del departamento adecuado para el estudio del mismo? \u00bfTe gustar\u00eda conocer innovadores m\u00e9todos&hellip;","uagb_featured_image_src":{"full":false,"thumbnail":false,"medium":false,"medium_large":false,"large":false,"1536x1536":false,"2048x2048":false},"uagb_author_info":{"display_name":"jorge@quois.com","author_link":"https:\/\/riberasalud.com\/b2b\/author\/jorgequois-com\/"},"uagb_comment_info":0,"uagb_excerpt":"Servicios generales \u00bfSabes si el coste de los servicios de hosteler\u00eda, limpieza, o mantenimiento en tu centro est\u00e1 dentro de los par\u00e1metros de mercado? \u00bfEst\u00e1s satisfecho con la calidad del servicio ofrecida? \u00bfNecesitas realizar una contrataci\u00f3n de servicios generales, y no dispones del departamento adecuado para el estudio del mismo? \u00bfTe gustar\u00eda conocer innovadores m\u00e9todos&hellip;","_links":{"self":[{"href":"https:\/\/riberasalud.com\/b2b\/wp-json\/wp\/v2\/pages\/45","targetHints":{"allow":["GET"]}}],"collection":[{"href":"https:\/\/riberasalud.com\/b2b\/wp-json\/wp\/v2\/pages"}],"about":[{"href":"https:\/\/riberasalud.com\/b2b\/wp-json\/wp\/v2\/types\/page"}],"author":[{"embeddable":true,"href":"https:\/\/riberasalud.com\/b2b\/wp-json\/wp\/v2\/users\/1"}],"replies":[{"embeddable":true,"href":"https:\/\/riberasalud.com\/b2b\/wp-json\/wp\/v2\/comments?post=45"}],"version-history":[{"count":6,"href":"https:\/\/riberasalud.com\/b2b\/wp-json\/wp\/v2\/pages\/45\/revisions"}],"predecessor-version":[{"id":198,"href":"https:\/\/riberasalud.com\/b2b\/wp-json\/wp\/v2\/pages\/45\/revisions\/198"}],"wp:attachment":[{"href":"https:\/\/riberasalud.com\/b2b\/wp-json\/wp\/v2\/media?parent=45"}],"curies":[{"name":"wp","href":"https:\/\/api.w.org\/{rel}","templated":true}]}}