{"id":44,"date":"2021-06-21T06:36:00","date_gmt":"2021-06-21T06:36:00","guid":{"rendered":"https:\/\/riberasalud.com\/b2b\/?page_id=44"},"modified":"2021-11-08T14:44:31","modified_gmt":"2021-11-08T14:44:31","slug":"material-sanitario","status":"publish","type":"page","link":"https:\/\/riberasalud.com\/b2b\/material-sanitario\/","title":{"rendered":"Material sanitario"},"content":{"rendered":"\n<div class=\"wp-block-group backgroundbanner\"><div class=\"wp-block-group__inner-container is-layout-flow wp-block-group-is-layout-flow\">\n<p class=\"has-text-align-center\" style=\"font-size:40px\"><span style=\"color: #4b4a4a;\" class=\"ugb-highlight\">Material sanitario<\/span><\/p>\n<\/div><\/div>\n\n\n\n<div class=\"wp-block-group hasbackgroundmio\"><div class=\"wp-block-group__inner-container is-layout-flow wp-block-group-is-layout-flow\">\n<p style=\"font-size:13px\"><strong>\u00bfSabes que el 20% del gasto total de las organizaciones sanitarias corresponde a compra de bienes?<\/strong><\/p>\n\n\n\n<p style=\"font-size:13px\"><strong>\u00bfComparas tus precios negociados con otros hospitales, cl\u00ednicas o centros de tu entorno para ver si son competitivos?<\/strong><\/p>\n\n\n\n<p style=\"font-size:13px\"><strong>\u00bfHas identificado qu\u00e9 servicios tienen costes m\u00e1s o menos eficientes en comparaci\u00f3n con otros hospitales, cl\u00ednicas o centros de tu entorno?<\/strong><\/p>\n\n\n\n<p style=\"font-size:13px\"><strong>\u00bfRecibes informaci\u00f3n actualizada sobre los nuevos productos que aparecen diariamente en el mercado?<\/strong><\/p>\n\n\n\n<p style=\"font-size:13px\"><strong>\u00bfTienes el soporte y garanti\u0301a necesarios<\/strong> <strong>para evaluar un nuevo producto en tu centro hospitalario?<\/strong><\/p>\n\n\n\n<p style=\"font-size:13px\"><strong>\u00bfHas comprobado si tu cat\u00e1logo cumple con las normativas vigentes?<\/strong><\/p>\n<\/div><\/div>\n\n\n\n<div class=\"wp-block-group\"><div class=\"wp-block-group__inner-container is-layout-flow wp-block-group-is-layout-flow\">\n<div class=\"wp-block-columns is-layout-flex wp-container-core-columns-is-layout-9d6595d7 wp-block-columns-is-layout-flex\">\n<div class=\"wp-block-column is-layout-flow wp-block-column-is-layout-flow\">\n<p style=\"font-size:13px\">En b2b salud entendemos el proceso de compra de material sanitario no solo como una herramienta de mejora para ser m\u00e1s eficientes, sino tambi\u00e9n como una herramienta de calidad, de garant\u00eda y de seguridad para pacientes y profesionales.<\/p>\n<\/div>\n\n\n\n<div class=\"wp-block-column is-layout-flow wp-block-column-is-layout-flow\" style=\"flex-basis:30%\">\n<figure class=\"wp-block-image size-large fotoredonda\"><img loading=\"lazy\" decoding=\"async\" width=\"1024\" height=\"682\" src=\"https:\/\/riberasalud.com\/b2b\/wp-content\/uploads\/2021\/06\/RPG_0109-1024x682.jpg\" alt=\"\" class=\"wp-image-50\" srcset=\"https:\/\/riberasalud.com\/b2b\/wp-content\/uploads\/2021\/06\/RPG_0109-1024x682.jpg 1024w, https:\/\/riberasalud.com\/b2b\/wp-content\/uploads\/2021\/06\/RPG_0109-300x200.jpg 300w, https:\/\/riberasalud.com\/b2b\/wp-content\/uploads\/2021\/06\/RPG_0109-768x512.jpg 768w, https:\/\/riberasalud.com\/b2b\/wp-content\/uploads\/2021\/06\/RPG_0109-1536x1023.jpg 1536w, https:\/\/riberasalud.com\/b2b\/wp-content\/uploads\/2021\/06\/RPG_0109-2048x1364.jpg 2048w\" sizes=\"auto, (max-width: 1024px) 100vw, 1024px\" \/><\/figure>\n<\/div>\n<\/div>\n<\/div><\/div>\n\n\n\n<div class=\"wp-block-group hasbackgroundmio\"><div class=\"wp-block-group__inner-container is-layout-flow wp-block-group-is-layout-flow\">\n<h2 class=\"wp-block-heading\"><strong>Nuestro trabajo en esta \u00e1rea incluye los siguientes servicios:<\/strong><\/h2>\n\n\n\n<ul class=\"is-style-default wp-block-list\" style=\"font-size:13px\"><li>Definici\u00f3n de un cat\u00e1logo completo de productos que cubra todas las especialidades m\u00e9dicas.<\/li><li>Posibilidad de comparar precios en distintas zonas geogr\u00e1ficas, con grandes grupos de compras tanto p\u00fablicos como privados, asociaci\u00f3n de cl\u00ednicas, compa\u00f1\u00edas de seguros m\u00e9dicos, etc.<\/li><li>B\u00fasqueda de nuevos productos de primera calidad, comercializados por proveedores con experiencia demostrada, que aseguran un suministro del nivel requerido en el sector sanitario, y con la garant\u00eda de cumplimiento de las normativas vigentes.<\/li><li>Revisi\u00f3n de los productos avalada por nuestros profesionales, garantizando sus resultados en la b\u00fasqueda de una mayor eficiencia.<\/li><li>Identificaci\u00f3n de las mejoras pr\u00e1cticas implement\u00e1ndolas en todos nuestros centros.<\/li><\/ul>\n<\/div><\/div>\n","protected":false},"excerpt":{"rendered":"<p>Material sanitario \u00bfSabes que el 20% del gasto total de las organizaciones sanitarias corresponde a compra de bienes? \u00bfComparas tus precios negociados con otros hospitales, cl\u00ednicas o centros de tu entorno para ver si son competitivos? \u00bfHas identificado qu\u00e9 servicios tienen costes m\u00e1s o menos eficientes en comparaci\u00f3n con otros hospitales, cl\u00ednicas o centros de &#8230; <a title=\"Material sanitario\" class=\"read-more\" href=\"https:\/\/riberasalud.com\/b2b\/material-sanitario\/\" aria-label=\"Leer m\u00e1s sobre Material sanitario\">Leer m\u00e1s<\/a><\/p>\n","protected":false},"author":1,"featured_media":0,"parent":0,"menu_order":0,"comment_status":"closed","ping_status":"closed","template":"","meta":{"_coblocks_attr":"","_coblocks_dimensions":"","_coblocks_responsive_height":"","_coblocks_accordion_ie_support":"","_uag_custom_page_level_css":"","_monsterinsights_skip_tracking":false,"_monsterinsights_sitenote_active":false,"_monsterinsights_sitenote_note":"","_monsterinsights_sitenote_category":0,"_themeisle_gutenberg_block_has_review":false,"footnotes":""},"class_list":["post-44","page","type-page","status-publish"],"featured_image_urls_v2":{"full":"","thumbnail":"","medium":"","medium_large":"","large":"","1536x1536":"","2048x2048":""},"post_excerpt_stackable_v2":"<p>Material sanitario \u00bfSabes que el 20% del gasto total de las organizaciones sanitarias corresponde a compra de bienes? \u00bfComparas tus precios negociados con otros hospitales, cl\u00ednicas o centros de tu entorno para ver si son competitivos? \u00bfHas identificado qu\u00e9 servicios tienen costes m\u00e1s o menos eficientes en comparaci\u00f3n con otros hospitales, cl\u00ednicas o centros de tu entorno? \u00bfRecibes informaci\u00f3n actualizada sobre los nuevos productos que aparecen diariamente en el mercado? \u00bfTienes el soporte y garanti\u0301a necesarios para evaluar un nuevo producto en tu centro hospitalario? \u00bfHas comprobado si tu cat\u00e1logo cumple con las normativas vigentes? En b2b salud entendemos el&hellip;<\/p>\n","category_list_v2":"","author_info_v2":{"name":"jorge@quois.com","url":"https:\/\/riberasalud.com\/b2b\/author\/jorgequois-com\/"},"comments_num_v2":"0 comentarios","pbg_featured_image_src":{"full":false,"thumbnail":false,"medium":false,"medium_large":false,"large":false,"1536x1536":false,"2048x2048":false},"pbg_author_info":{"display_name":"jorge@quois.com","author_link":"https:\/\/riberasalud.com\/b2b\/author\/jorgequois-com\/","author_img":"<img alt='jorge@quois.com' src='https:\/\/secure.gravatar.com\/avatar\/bca8cccf11ce6757dcdec6ce293d120c16d33c83aeb423357cce3f49f3abae94?s=128&#038;d=mm&#038;r=g' srcset='https:\/\/secure.gravatar.com\/avatar\/bca8cccf11ce6757dcdec6ce293d120c16d33c83aeb423357cce3f49f3abae94?s=256&#038;d=mm&#038;r=g 2x' class='avatar avatar-128 photo' height='128' width='128' loading='lazy' decoding='async'\/>"},"pbg_comment_info":" No Comments","pbg_excerpt":"Material sanitario \u00bfSabes que el 20% del gasto total de las organizaciones sanitarias corresponde a compra de bienes? \u00bfComparas tus precios negociados con otros hospitales, cl\u00ednicas o centros de tu entorno para ver si son competitivos? \u00bfHas identificado qu\u00e9 servicios tienen costes m\u00e1s o menos eficientes en comparaci\u00f3n con otros hospitales, cl\u00ednicas o centros de&hellip;","uagb_featured_image_src":{"full":false,"thumbnail":false,"medium":false,"medium_large":false,"large":false,"1536x1536":false,"2048x2048":false},"uagb_author_info":{"display_name":"jorge@quois.com","author_link":"https:\/\/riberasalud.com\/b2b\/author\/jorgequois-com\/"},"uagb_comment_info":0,"uagb_excerpt":"Material sanitario \u00bfSabes que el 20% del gasto total de las organizaciones sanitarias corresponde a compra de bienes? \u00bfComparas tus precios negociados con otros hospitales, cl\u00ednicas o centros de tu entorno para ver si son competitivos? \u00bfHas identificado qu\u00e9 servicios tienen costes m\u00e1s o menos eficientes en comparaci\u00f3n con otros hospitales, cl\u00ednicas o centros de&hellip;","_links":{"self":[{"href":"https:\/\/riberasalud.com\/b2b\/wp-json\/wp\/v2\/pages\/44","targetHints":{"allow":["GET"]}}],"collection":[{"href":"https:\/\/riberasalud.com\/b2b\/wp-json\/wp\/v2\/pages"}],"about":[{"href":"https:\/\/riberasalud.com\/b2b\/wp-json\/wp\/v2\/types\/page"}],"author":[{"embeddable":true,"href":"https:\/\/riberasalud.com\/b2b\/wp-json\/wp\/v2\/users\/1"}],"replies":[{"embeddable":true,"href":"https:\/\/riberasalud.com\/b2b\/wp-json\/wp\/v2\/comments?post=44"}],"version-history":[{"count":4,"href":"https:\/\/riberasalud.com\/b2b\/wp-json\/wp\/v2\/pages\/44\/revisions"}],"predecessor-version":[{"id":197,"href":"https:\/\/riberasalud.com\/b2b\/wp-json\/wp\/v2\/pages\/44\/revisions\/197"}],"wp:attachment":[{"href":"https:\/\/riberasalud.com\/b2b\/wp-json\/wp\/v2\/media?parent=44"}],"curies":[{"name":"wp","href":"https:\/\/api.w.org\/{rel}","templated":true}]}}