{"id":36,"date":"2021-06-21T06:34:31","date_gmt":"2021-06-21T06:34:31","guid":{"rendered":"https:\/\/riberasalud.com\/b2b\/?page_id=36"},"modified":"2021-11-08T14:43:21","modified_gmt":"2021-11-08T14:43:21","slug":"productos-servicios","status":"publish","type":"page","link":"https:\/\/riberasalud.com\/b2b\/productos-servicios\/","title":{"rendered":"Consultor\u00eda estrat\u00e9gica"},"content":{"rendered":"\n<div class=\"wp-block-group backgroundbanner\"><div class=\"wp-block-group__inner-container is-layout-flow wp-block-group-is-layout-flow\">\n<p class=\"has-text-align-center\" style=\"font-size:40px\"><span style=\"color: #4b4a4a;\" class=\"ugb-highlight\">Consultor\u00eda estrat\u00e9gica<\/span><\/p>\n<\/div><\/div>\n\n\n\n<div class=\"wp-block-group hasbackgroundmio\"><div class=\"wp-block-group__inner-container is-layout-flow wp-block-group-is-layout-flow\">\n<p style=\"font-size:13px\"><strong>\u00bfSabes en qu\u00e9 situaci\u00f3n se encuentra tu empresa en el mercado?<\/strong><\/p>\n\n\n\n<p style=\"font-size:13px\"><strong>\u00bfNecesitas nuevos mecanismos de negociaci\u00f3n y f\u00f3rmulas de organizaci\u00f3n interna m\u00e1s eficientes?<\/strong><\/p>\n\n\n\n<p style=\"font-size:13px\"><strong>\u00bfTe gustar\u00eda conocer novedosos m\u00e9todos de trabajo que se traduzcan en un ahorro del tiempo y del gasto en tu centro?<\/strong><\/p>\n\n\n\n<p style=\"font-size:13px\"><strong>\u00bfQuieres saber c\u00f3mo incorporar y seleccionar a los mejores profesionales en tu organizaci\u00f3n para construir equipos de trabajo eficientes?<\/strong><\/p>\n\n\n\n<p style=\"font-size:13px\"><strong>\u00bfTe gustar\u00eda incorporar los \u00faltimos avances que nos permite la tecnolog\u00eda para la gesti\u00f3n de personal?<\/strong><\/p>\n\n\n\n<p style=\"font-size:13px\"><strong>\u00bfQuieres mantenerte actualizado con los cambios legislativos en materia laboral?<\/strong><\/p>\n<\/div><\/div>\n\n\n\n<div class=\"wp-block-group\"><div class=\"wp-block-group__inner-container is-layout-flow wp-block-group-is-layout-flow\">\n<div class=\"wp-block-columns is-layout-flex wp-container-core-columns-is-layout-9d6595d7 wp-block-columns-is-layout-flex\">\n<div class=\"wp-block-column is-layout-flow wp-block-column-is-layout-flow\">\n<p style=\"font-size:13px\">En Ribera b2b puedes contar con el asesoramiento de un grupo de profesionales especializados en el sector sanitario, que te hara\u0301 reflexionar sobre tu forma de trabajar, ayuda\u0301ndote a identificar puntos fuertes y cri\u0301ticos para, a partir de los mismos, disen\u0303ar soluciones a tu medida, acompan\u0303a\u0301ndote a lo largo de todo el proceso.<\/p>\n\n\n\n<p style=\"font-size:13px\">El intercambio de conocimientos es ba\u0301sico para el aprendizaje mutuo y asi\u0301 lo entendemos en Ribera b2b. Nuestro servicio de asesoramiento parte del conocimiento y la experiencia desarrollada diariamente, y desde hace m\u00e1s de 20 a\u00f1os, por ma\u0301s de 6.000 profesionales en nuestros hospitales y centros sanitarios, con el espi\u0301ritu de la mejora continua.<\/p>\n<\/div>\n\n\n\n<div class=\"wp-block-column is-layout-flow wp-block-column-is-layout-flow\" style=\"flex-basis:30%\">\n<figure class=\"wp-block-image size-large fotoredonda\"><img loading=\"lazy\" decoding=\"async\" width=\"1024\" height=\"678\" src=\"https:\/\/riberasalud.com\/b2b\/wp-content\/uploads\/2021\/06\/consultoria-1024x678.png\" alt=\"\" class=\"wp-image-38\" srcset=\"https:\/\/riberasalud.com\/b2b\/wp-content\/uploads\/2021\/06\/consultoria-1024x678.png 1024w, https:\/\/riberasalud.com\/b2b\/wp-content\/uploads\/2021\/06\/consultoria-300x199.png 300w, https:\/\/riberasalud.com\/b2b\/wp-content\/uploads\/2021\/06\/consultoria-768x509.png 768w, https:\/\/riberasalud.com\/b2b\/wp-content\/uploads\/2021\/06\/consultoria-1536x1017.png 1536w, https:\/\/riberasalud.com\/b2b\/wp-content\/uploads\/2021\/06\/consultoria.png 1960w\" sizes=\"auto, (max-width: 1024px) 100vw, 1024px\" \/><\/figure>\n<\/div>\n<\/div>\n<\/div><\/div>\n\n\n\n<div class=\"wp-block-group hasbackgroundmio\"><div class=\"wp-block-group__inner-container is-layout-flow wp-block-group-is-layout-flow\">\n<h2 class=\"wp-block-heading\"><strong>Nuestro trabajo en esta \u00e1rea incluye los siguientes servicios:<\/strong><\/h2>\n\n\n\n<ul class=\"is-style-default wp-block-list\" style=\"font-size:13px\"><li>Consultor\u00eda en compras. <\/li><li>Benchmarking del mercado sanitario basado en casos reales.<\/li><li>Consultor\u00eda para estudios globales de prestaci\u00f3n de servicios generales en el \u00e1mbito sanitario.<\/li><li>Cat\u00e1logo de productos. <\/li><li>Asistencia t\u00e9cnica sanitaria (planes funcionales, planes de montaje y puesta en marcha). <\/li><li>Estudios de consultor\u00eda para el an\u00e1lisis de innovaci\u00f3n y mejoras en equipamiento sanitario. Activos fijos. <\/li><li>Log\u00edstica interna y externa. <\/li><li>Gesti\u00f3n y optimizaci\u00f3n de inventario y almacenes (planificaci\u00f3n de la distribuci\u00f3n, gesti\u00f3n de stocks, almacenes secundarios, etc.). <\/li><li>Consultor\u00eda en Sistemas de Informaci\u00f3n. <\/li><li>Consultor\u00eda en Recursos Humanos.<\/li><\/ul>\n<\/div><\/div>\n","protected":false},"excerpt":{"rendered":"<p>Consultor\u00eda estrat\u00e9gica \u00bfSabes en qu\u00e9 situaci\u00f3n se encuentra tu empresa en el mercado? \u00bfNecesitas nuevos mecanismos de negociaci\u00f3n y f\u00f3rmulas de organizaci\u00f3n interna m\u00e1s eficientes? \u00bfTe gustar\u00eda conocer novedosos m\u00e9todos de trabajo que se traduzcan en un ahorro del tiempo y del gasto en tu centro? \u00bfQuieres saber c\u00f3mo incorporar y seleccionar a los mejores &#8230; <a title=\"Consultor\u00eda estrat\u00e9gica\" class=\"read-more\" href=\"https:\/\/riberasalud.com\/b2b\/productos-servicios\/\" aria-label=\"Leer m\u00e1s sobre Consultor\u00eda estrat\u00e9gica\">Leer m\u00e1s<\/a><\/p>\n","protected":false},"author":1,"featured_media":0,"parent":0,"menu_order":0,"comment_status":"closed","ping_status":"closed","template":"","meta":{"_coblocks_attr":"","_coblocks_dimensions":"","_coblocks_responsive_height":"","_coblocks_accordion_ie_support":"","_uag_custom_page_level_css":"","_monsterinsights_skip_tracking":false,"_monsterinsights_sitenote_active":false,"_monsterinsights_sitenote_note":"","_monsterinsights_sitenote_category":0,"_themeisle_gutenberg_block_has_review":false,"footnotes":""},"class_list":["post-36","page","type-page","status-publish"],"featured_image_urls_v2":{"full":"","thumbnail":"","medium":"","medium_large":"","large":"","1536x1536":"","2048x2048":""},"post_excerpt_stackable_v2":"<p>Consultor\u00eda estrat\u00e9gica \u00bfSabes en qu\u00e9 situaci\u00f3n se encuentra tu empresa en el mercado? \u00bfNecesitas nuevos mecanismos de negociaci\u00f3n y f\u00f3rmulas de organizaci\u00f3n interna m\u00e1s eficientes? \u00bfTe gustar\u00eda conocer novedosos m\u00e9todos de trabajo que se traduzcan en un ahorro del tiempo y del gasto en tu centro? \u00bfQuieres saber c\u00f3mo incorporar y seleccionar a los mejores profesionales en tu organizaci\u00f3n para construir equipos de trabajo eficientes? \u00bfTe gustar\u00eda incorporar los \u00faltimos avances que nos permite la tecnolog\u00eda para la gesti\u00f3n de personal? \u00bfQuieres mantenerte actualizado con los cambios legislativos en materia laboral? En Ribera b2b puedes contar con el asesoramiento de&hellip;<\/p>\n","category_list_v2":"","author_info_v2":{"name":"jorge@quois.com","url":"https:\/\/riberasalud.com\/b2b\/author\/jorgequois-com\/"},"comments_num_v2":"0 comentarios","pbg_featured_image_src":{"full":false,"thumbnail":false,"medium":false,"medium_large":false,"large":false,"1536x1536":false,"2048x2048":false},"pbg_author_info":{"display_name":"jorge@quois.com","author_link":"https:\/\/riberasalud.com\/b2b\/author\/jorgequois-com\/","author_img":"<img alt='jorge@quois.com' src='https:\/\/secure.gravatar.com\/avatar\/bca8cccf11ce6757dcdec6ce293d120c16d33c83aeb423357cce3f49f3abae94?s=128&#038;d=mm&#038;r=g' srcset='https:\/\/secure.gravatar.com\/avatar\/bca8cccf11ce6757dcdec6ce293d120c16d33c83aeb423357cce3f49f3abae94?s=256&#038;d=mm&#038;r=g 2x' class='avatar avatar-128 photo' height='128' width='128' loading='lazy' decoding='async'\/>"},"pbg_comment_info":" No Comments","pbg_excerpt":"Consultor\u00eda estrat\u00e9gica \u00bfSabes en qu\u00e9 situaci\u00f3n se encuentra tu empresa en el mercado? \u00bfNecesitas nuevos mecanismos de negociaci\u00f3n y f\u00f3rmulas de organizaci\u00f3n interna m\u00e1s eficientes? \u00bfTe gustar\u00eda conocer novedosos m\u00e9todos de trabajo que se traduzcan en un ahorro del tiempo y del gasto en tu centro? \u00bfQuieres saber c\u00f3mo incorporar y seleccionar a los mejores&hellip;","uagb_featured_image_src":{"full":false,"thumbnail":false,"medium":false,"medium_large":false,"large":false,"1536x1536":false,"2048x2048":false},"uagb_author_info":{"display_name":"jorge@quois.com","author_link":"https:\/\/riberasalud.com\/b2b\/author\/jorgequois-com\/"},"uagb_comment_info":0,"uagb_excerpt":"Consultor\u00eda estrat\u00e9gica \u00bfSabes en qu\u00e9 situaci\u00f3n se encuentra tu empresa en el mercado? \u00bfNecesitas nuevos mecanismos de negociaci\u00f3n y f\u00f3rmulas de organizaci\u00f3n interna m\u00e1s eficientes? \u00bfTe gustar\u00eda conocer novedosos m\u00e9todos de trabajo que se traduzcan en un ahorro del tiempo y del gasto en tu centro? \u00bfQuieres saber c\u00f3mo incorporar y seleccionar a los mejores&hellip;","_links":{"self":[{"href":"https:\/\/riberasalud.com\/b2b\/wp-json\/wp\/v2\/pages\/36","targetHints":{"allow":["GET"]}}],"collection":[{"href":"https:\/\/riberasalud.com\/b2b\/wp-json\/wp\/v2\/pages"}],"about":[{"href":"https:\/\/riberasalud.com\/b2b\/wp-json\/wp\/v2\/types\/page"}],"author":[{"embeddable":true,"href":"https:\/\/riberasalud.com\/b2b\/wp-json\/wp\/v2\/users\/1"}],"replies":[{"embeddable":true,"href":"https:\/\/riberasalud.com\/b2b\/wp-json\/wp\/v2\/comments?post=36"}],"version-history":[{"count":7,"href":"https:\/\/riberasalud.com\/b2b\/wp-json\/wp\/v2\/pages\/36\/revisions"}],"predecessor-version":[{"id":196,"href":"https:\/\/riberasalud.com\/b2b\/wp-json\/wp\/v2\/pages\/36\/revisions\/196"}],"wp:attachment":[{"href":"https:\/\/riberasalud.com\/b2b\/wp-json\/wp\/v2\/media?parent=36"}],"curies":[{"name":"wp","href":"https:\/\/api.w.org\/{rel}","templated":true}]}}