{"id":3,"date":"2021-06-17T07:02:13","date_gmt":"2021-06-17T07:02:13","guid":{"rendered":"https:\/\/riberasalud.com\/b2b\/?page_id=3"},"modified":"2022-10-27T11:55:12","modified_gmt":"2022-10-27T11:55:12","slug":"politica-privacidad","status":"publish","type":"page","link":"https:\/\/riberasalud.com\/b2b\/politica-privacidad\/","title":{"rendered":"Pol\u00edtica de protecci\u00f3n de datos"},"content":{"rendered":"\n<p>En cumplimiento del Reglamento UE 2016\/679 General de Protecci\u00f3n de Datos, (en adelante, \u201cRGPD\u201d) y la Ley Org\u00e1nica 3\/2018 de 5 de diciembre de Protecci\u00f3n de Datos Personales y garant\u00eda de los derechos digitales (en adelante \u201cLOPDGDD\u201d), por medio de la presente se informa al usuario sobre la forma en la que el B2B Salud, S.L. recaba y trata los datos de car\u00e1cter personal de los usuarios a trav\u00e9s de la p\u00e1gina web&nbsp; <a href=\"https:\/\/riberasalud.com\/b2b\/\">https:\/\/riberasalud.com\/b2b\/<\/a> (en adelante, el \u201cSitio web\u201d).<\/p>\n\n\n\n<p>1. <strong>IDENTIFICACI\u00d3N DEL RESPONSABLE DEL TRATAMIENTO&nbsp;<\/strong><\/p>\n\n\n\n<p>El Responsable del Tratamiento de los datos personales es B2B Salud S.L., (en adelante, \u201cB2B Salud\u201d) con CIF A-36.606.788 y domicilio social Avenida Cortes Valencianas, n\u00famero 58, Edificio Sorolla Center, 46015 Valencia (Espa\u00f1a).<\/p>\n\n\n\n<p>El tel\u00e9fono de contacto es +34 963 462 591 y la direcci\u00f3n de correo electr\u00f3nico info@riberasalud.es.<\/p>\n\n\n\n<p>Para cualquier cuesti\u00f3n relacionada con la presente pol\u00edtica de privacidad, el usuario podr\u00e1 ponerse en contacto con el delegado de protecci\u00f3n de datos del B2B Salud, S.L. enviando un email a <a href=\"mailto:dpd@povisa.net\">dpo@riberasalud.es<\/a>.&nbsp;<\/p>\n\n\n\n<p>Sin perjuicio de lo anterior, respecto al tratamiento relativo a la gesti\u00f3n del env\u00edo de newsletters, el responsable del tratamiento es RIBERA SALUD, S.A.U., con CIF A-03681186 y domicilio social en Avenida Cortes Valencianas, n\u00famero 58, Edificio Sorolla Center, 46015 Valencia (Espa\u00f1a).&nbsp;<\/p>\n\n\n\n<p><strong>2. FINES DEL TRATAMIENTO DE DATOS Y BASES LEGITIMADORAS DEL TRATAMIENTO.&nbsp;<\/strong><\/p>\n\n\n\n<p>A trav\u00e9s de la p\u00e1gina web se podr\u00e1n tratar sus datos identificativos y de contacto con las siguientes finalidades y con sus respectivas bases jur\u00eddicas de dichos tratamientos:&nbsp;<\/p>\n\n\n\n<ul class=\"wp-block-list\"><li>Poder atender las solicitudes de contacto y enviadas a trav\u00e9s de los canales puestos a su disposici\u00f3n en el Sitio web en base a la ejecuci\u00f3n de la relaci\u00f3n precontractual con el usuario.&nbsp;<\/li><\/ul>\n\n\n\n<p>Asimismo, le informamos que RIBERA SALUD, S.A.U., previa obtenci\u00f3n del consentimiento por parte de los interesados, gestionar\u00e1 las suscripciones de los usuarios a la <em>newsletter\/<\/em>bolet\u00edn informativoenviando comunicaciones comerciales electr\u00f3nicas sobre los servicios.&nbsp;<\/p>\n\n\n\n<p><strong>3. DESTINATARIOS DE LOS DATOS PERSONALES<\/strong><\/p>\n\n\n\n<p><strong>3.1. Comunicaci\u00f3n de los datos a terceros.&nbsp;<\/strong><\/p>\n\n\n\n<p>Salvo obligaci\u00f3n legal no se comunicar\u00e1n los datos personales recabados a trav\u00e9s de la web a terceros.&nbsp;<\/p>\n\n\n\n<p><strong>3.2.Encargados del tratamiento<\/strong><\/p>\n\n\n\n<p>El tratamiento de los datos de los usuarios podr\u00e1 ser realizado por prestadores de servicios id\u00f3neos, contratados por el B2B Salud. Dichos prestadores de servicios \u00fanicamente tratar\u00e1n los datos para las finalidades establecidas por el B2B Salud, entre ellas para la gesti\u00f3n del env\u00edo de las comunicaciones comerciales electr\u00f3nicas.&nbsp;<\/p>\n\n\n\n<p><strong>4. TRANSFERENCIAS INTERNACIONALES DE DATOS&nbsp;<\/strong><\/p>\n\n\n\n<p>El B2B Salud realizar\u00e1 el tratamiento de los datos del usuario integralmente en el territorio de la Uni\u00f3n Europea, por lo que no prev\u00e9 realizar ninguna transferencia internacional de datos<\/p>\n\n\n\n<p><strong>5. PLAZO DE CONSERVACI\u00d3N.&nbsp;<\/strong><\/p>\n\n\n\n<p>El B2B Salud conservar\u00e1 los datos personales de los usuarios durante el tiempo necesario para la realizaci\u00f3n de la finalidad para la cual son tratados o hasta que el interesado solicite la supresi\u00f3n de sus datos personales, y en todo caso, durante el plazo necesario para el cumplimiento de las correspondientes obligaciones legales.&nbsp;<\/p>\n\n\n\n<p>Asimismo, respecto al tratamiento relativo al env\u00edo de comunicaciones comerciales electr\u00f3nicas, los datos de los usuarios que hayan consentido la recepci\u00f3n se conservar\u00e1n hasta que el usuario solicite la baja de dicha recepci\u00f3n, siguiendo las instrucciones que encontrar\u00e1 al pie de cada correo electr\u00f3nico.&nbsp;<\/p>\n\n\n\n<p><strong>6. EJERCICIO DE DERECHOS EN MATERIA DE PROTECCI\u00d3N DE DATOS.<\/strong><\/p>\n\n\n\n<p>En cualquier momento, el usuario podr\u00e1 ejercer sus derechos de acceso, rectificaci\u00f3n, supresi\u00f3n, oposici\u00f3n, limitaci\u00f3n y portabilidad de sus datos, enviando su petici\u00f3n por escrito a la siguiente direcci\u00f3n de correo electr\u00f3nico <a href=\"mailto:dpd@povisa.net\">dpo@riberasalud.es<\/a>, o por correo postal a la siguiente direcci\u00f3n, Avenida Cortes Valencianas, n\u00famero 58, Edificio Sorolla Center, 46015 Valencia (Espa\u00f1a), bajo el asunto de referencia: \u201cProtecci\u00f3n de Datos\u201d, indicando el derecho\/s que desea ejercitar.&nbsp;<\/p>\n\n\n\n<p>Asimismo, se informa al usuario que en caso de considerar que no se ha satisfecho el ejercicio de sus derechos, podr\u00e1 ponerse en contacto con el delegado de protecci\u00f3n de datos del B2B Salud enviando su petici\u00f3n a la direcci\u00f3n de correo electr\u00f3nico <a href=\"mailto:dpd@povisa.net\">dpo@riberasalud.es<\/a> o presentar una reclamaci\u00f3n ante la Agencia Espa\u00f1ola de Protecci\u00f3n de Datos. M\u00e1s informaci\u00f3n en <a href=\"http:\/\/www.aepd.es\">www.aepd.es<\/a>.&nbsp;<\/p>\n\n\n\n<p><strong>\u00daltima actualizaci\u00f3n: octubre&nbsp; 2022<\/strong><\/p>\n","protected":false},"excerpt":{"rendered":"<p>En cumplimiento del Reglamento UE 2016\/679 General de Protecci\u00f3n de Datos, (en adelante, \u201cRGPD\u201d) y la Ley Org\u00e1nica 3\/2018 de 5 de diciembre de Protecci\u00f3n de Datos Personales y garant\u00eda de los derechos digitales (en adelante \u201cLOPDGDD\u201d), por medio de la presente se informa al usuario sobre la forma en la que el B2B Salud, &#8230; <a title=\"Pol\u00edtica de protecci\u00f3n de datos\" class=\"read-more\" href=\"https:\/\/riberasalud.com\/b2b\/politica-privacidad\/\" aria-label=\"Leer m\u00e1s sobre Pol\u00edtica de protecci\u00f3n de datos\">Leer m\u00e1s<\/a><\/p>\n","protected":false},"author":1,"featured_media":0,"parent":0,"menu_order":0,"comment_status":"closed","ping_status":"open","template":"","meta":{"_coblocks_attr":"","_coblocks_dimensions":"","_coblocks_responsive_height":"","_coblocks_accordion_ie_support":"","_uag_custom_page_level_css":"","_monsterinsights_skip_tracking":false,"_monsterinsights_sitenote_active":false,"_monsterinsights_sitenote_note":"","_monsterinsights_sitenote_category":0,"_themeisle_gutenberg_block_has_review":false,"footnotes":""},"class_list":["post-3","page","type-page","status-publish"],"featured_image_urls_v2":{"full":"","thumbnail":"","medium":"","medium_large":"","large":"","1536x1536":"","2048x2048":""},"post_excerpt_stackable_v2":"<p>En cumplimiento del Reglamento UE 2016\/679 General de Protecci\u00f3n de Datos, (en adelante, \u201cRGPD\u201d) y la Ley Org\u00e1nica 3\/2018 de 5 de diciembre de Protecci\u00f3n de Datos Personales y garant\u00eda de los derechos digitales (en adelante \u201cLOPDGDD\u201d), por medio de la presente se informa al usuario sobre la forma en la que el B2B Salud, S.L. recaba y trata los datos de car\u00e1cter personal de los usuarios a trav\u00e9s de la p\u00e1gina web&nbsp; https:\/\/riberasalud.com\/b2b\/ (en adelante, el \u201cSitio web\u201d). 1. IDENTIFICACI\u00d3N DEL RESPONSABLE DEL TRATAMIENTO&nbsp; El Responsable del Tratamiento de los datos personales es B2B Salud S.L., (en adelante, \u201cB2B&hellip;<\/p>\n","category_list_v2":"","author_info_v2":{"name":"jorge@quois.com","url":"https:\/\/riberasalud.com\/b2b\/author\/jorgequois-com\/"},"comments_num_v2":"0 comentarios","pbg_featured_image_src":{"full":false,"thumbnail":false,"medium":false,"medium_large":false,"large":false,"1536x1536":false,"2048x2048":false},"pbg_author_info":{"display_name":"jorge@quois.com","author_link":"https:\/\/riberasalud.com\/b2b\/author\/jorgequois-com\/","author_img":"<img alt='jorge@quois.com' src='https:\/\/secure.gravatar.com\/avatar\/bca8cccf11ce6757dcdec6ce293d120c16d33c83aeb423357cce3f49f3abae94?s=128&#038;d=mm&#038;r=g' srcset='https:\/\/secure.gravatar.com\/avatar\/bca8cccf11ce6757dcdec6ce293d120c16d33c83aeb423357cce3f49f3abae94?s=256&#038;d=mm&#038;r=g 2x' class='avatar avatar-128 photo' height='128' width='128' loading='lazy' decoding='async'\/>"},"pbg_comment_info":" No Comments","pbg_excerpt":"En cumplimiento del Reglamento UE 2016\/679 General de Protecci\u00f3n de Datos, (en adelante, \u201cRGPD\u201d) y la Ley Org\u00e1nica 3\/2018 de 5 de diciembre de Protecci\u00f3n de Datos Personales y garant\u00eda de los derechos digitales (en adelante \u201cLOPDGDD\u201d), por medio de la presente se informa al usuario sobre la forma en la que el B2B Salud,&hellip;","uagb_featured_image_src":{"full":false,"thumbnail":false,"medium":false,"medium_large":false,"large":false,"1536x1536":false,"2048x2048":false},"uagb_author_info":{"display_name":"jorge@quois.com","author_link":"https:\/\/riberasalud.com\/b2b\/author\/jorgequois-com\/"},"uagb_comment_info":0,"uagb_excerpt":"En cumplimiento del Reglamento UE 2016\/679 General de Protecci\u00f3n de Datos, (en adelante, \u201cRGPD\u201d) y la Ley Org\u00e1nica 3\/2018 de 5 de diciembre de Protecci\u00f3n de Datos Personales y garant\u00eda de los derechos digitales (en adelante \u201cLOPDGDD\u201d), por medio de la presente se informa al usuario sobre la forma en la que el B2B Salud,&hellip;","_links":{"self":[{"href":"https:\/\/riberasalud.com\/b2b\/wp-json\/wp\/v2\/pages\/3","targetHints":{"allow":["GET"]}}],"collection":[{"href":"https:\/\/riberasalud.com\/b2b\/wp-json\/wp\/v2\/pages"}],"about":[{"href":"https:\/\/riberasalud.com\/b2b\/wp-json\/wp\/v2\/types\/page"}],"author":[{"embeddable":true,"href":"https:\/\/riberasalud.com\/b2b\/wp-json\/wp\/v2\/users\/1"}],"replies":[{"embeddable":true,"href":"https:\/\/riberasalud.com\/b2b\/wp-json\/wp\/v2\/comments?post=3"}],"version-history":[{"count":2,"href":"https:\/\/riberasalud.com\/b2b\/wp-json\/wp\/v2\/pages\/3\/revisions"}],"predecessor-version":[{"id":1786,"href":"https:\/\/riberasalud.com\/b2b\/wp-json\/wp\/v2\/pages\/3\/revisions\/1786"}],"wp:attachment":[{"href":"https:\/\/riberasalud.com\/b2b\/wp-json\/wp\/v2\/media?parent=3"}],"curies":[{"name":"wp","href":"https:\/\/api.w.org\/{rel}","templated":true}]}}