{"id":113,"date":"2021-06-21T07:05:20","date_gmt":"2021-06-21T07:05:20","guid":{"rendered":"https:\/\/riberasalud.com\/b2b\/?page_id=113"},"modified":"2024-02-16T12:36:38","modified_gmt":"2024-02-16T12:36:38","slug":"calidad","status":"publish","type":"page","link":"https:\/\/riberasalud.com\/b2b\/calidad\/","title":{"rendered":"Calidad"},"content":{"rendered":"\n<div class=\"wp-block-group backgroundbanner\"><div class=\"wp-block-group__inner-container is-layout-flow wp-block-group-is-layout-flow\">\n<p class=\"has-text-align-center\" style=\"font-size:40px\"><span style=\"color: #4b4a4a;\" class=\"ugb-highlight\">Calidad<\/span><\/p>\n<\/div><\/div>\n\n\n\n<div class=\"wp-block-group\"><div class=\"wp-block-group__inner-container is-layout-flow wp-block-group-is-layout-flow\">\n<div class=\"wp-block-columns is-layout-flex wp-container-core-columns-is-layout-9d6595d7 wp-block-columns-is-layout-flex\">\n<div class=\"wp-block-column is-layout-flow wp-block-column-is-layout-flow\">\n<p style=\"font-size:13px\">Ribera b2b es una plataforma integrada de compras, servicios compartidos y logi\u0301stica fundada en 2010 por el grupo Ribera Salud (hoy grupo sanitario Ribera). Ribera b2b optimiza la gestio\u0301n de recursos de compra y logi\u0301stica, compartiendo la compra de bienes y servicios, negociando estrate\u0301gicamente los precios y las condiciones de aprovisionamiento y suministro de productos me\u0301dico-sanitarios, quiru\u0301rgicos, alta tecnologi\u0301a y otros servicios adquiridos o contratados por los centros sanitarios como telefoni\u0301a, electricidad y servicios generales.<\/p>\n\n\n\n<p style=\"font-size:13px\">Ribera b2b centraliza las compras, agrupa todas las adquisiciones de proveedores de productos sanitarios y no sanitarios de los centros adheridos. As\u00edmismo obtiene sinergias en productos, proveedores y procesos de compra que garantizan el control y la eficacia de la gestio\u0301n de compras, generando un ahorro importante de forma directa en precios de compra, e indirecta a trave\u0301s de las reducciones de coste de gestio\u0301n.<\/p>\n\n\n\n<p style=\"font-size:13px\">Ribera b2b realiza un proceso sistema\u0301tico y continuo de evaluacio\u0301n comparativa de los productos y servicios, con la visio\u0301n de posicionarse en el mercado frente a la competencia. En este sentido, prioriza colaborar con los centros sanitarios en la bu\u0301squeda de la ma\u0301xima eficiencia, para mejorar sus procesos y servicios, optimizando recursos y aumentando su valor. Ribera b2b da servicio a los hospitales participados por el grupo sanitario Ribera y esta\u0301 abierto al resto de operadores y centros sanitarios, con la garanti\u0301a de aplicar las mejores pra\u0301cticas conocidas..<\/p>\n<\/div>\n\n\n\n<div class=\"wp-block-column is-layout-flow wp-block-column-is-layout-flow\">\n<figure class=\"wp-block-image size-full fotoredonda\"><img loading=\"lazy\" decoding=\"async\" width=\"800\" height=\"558\" src=\"https:\/\/riberasalud.com\/b2b\/wp-content\/uploads\/2021\/11\/35-Test-Farmace\u0301uticos-Madrid.jpg\" alt=\"test\" class=\"wp-image-1710\" srcset=\"https:\/\/riberasalud.com\/b2b\/wp-content\/uploads\/2021\/11\/35-Test-Farmace\u0301uticos-Madrid.jpg 800w, https:\/\/riberasalud.com\/b2b\/wp-content\/uploads\/2021\/11\/35-Test-Farmace\u0301uticos-Madrid-300x209.jpg 300w, https:\/\/riberasalud.com\/b2b\/wp-content\/uploads\/2021\/11\/35-Test-Farmace\u0301uticos-Madrid-768x536.jpg 768w\" sizes=\"auto, (max-width: 800px) 100vw, 800px\" \/><\/figure>\n<\/div>\n<\/div>\n\n\n\n<h3 class=\"wp-block-heading\" style=\"font-size:25px\"><strong>Entre los valores que permiten llevar a cabo la misi\u00f3n de la organizaci\u00f3n cabe destacar:<\/strong><\/h3>\n\n\n\n<ul style=\"font-size:13px\" class=\"is-style-default wp-block-list\">\n<li>La apuesta por el desarrollo tecnol\u00f3gico y la innovaci\u00f3n orientada a la mejora continua de los procesos, productos y servicios. El compromiso con proveedores y profesionales en la b\u00fasqueda de la mayor eficiencia. <\/li>\n\n\n\n<li>La transparencia, honestidad, confianza y excelencia en la prestaci\u00f3n de los servicios con un desarrollo de negocio sostenible, basado en criterios de responsabilidad econ\u00f3mica, social y medioambiental. <\/li>\n\n\n\n<li>La vocaci\u00f3n de servicio, basado en la colaboraci\u00f3n leal y duradera, con la garant\u00eda de aplicar las mejores pr\u00e1cticas conocidas al servicio de profesionales, proveedores y gestores. <\/li>\n\n\n\n<li>El incremento de conocimiento y especializaci\u00f3n en beneficio de una mejora calidad para todos los agentes involucrados, estableciendo y revisando objetivos de mejora, y asegurando el cumplimiento de todos los requisitos del servicio, tanto los de cliente, como los legales y reglamentarios que resulten de aplicaci\u00f3n.<\/li>\n<\/ul>\n<\/div><\/div>\n\n\n\n<div class=\"wp-block-group hasbackgroundmio\"><div class=\"wp-block-group__inner-container is-layout-flow wp-block-group-is-layout-flow\">\n<p class=\"has-text-align-center titulo has-text-color\" style=\"color:#d71029;font-size:32px\">Medio Ambiente<\/p>\n\n\n\n<p class=\"has-text-align-center subtitulo\">Comunicaci\u00f3n ambiental a proveedores<\/p>\n\n\n\n<p>En B2B asumimos que un desarrollo sostenible va ligado a la protecci\u00f3n del medioambiente y a la prevenci\u00f3n de la contaminaci\u00f3n, por eso nos comprometemos a incluir nuestra pol\u00edtica ambiental en todas nuestras actividades, conscientes de que la mejora del entorno va en beneficio tambi\u00e9n de la salud de la poblaci\u00f3n.<\/p>\n\n\n\n<p>Los centros con los que trabajamos tienen implantado un sistema de gesti\u00f3n basado en la ISO 14001 (medioambiente) y gestionan sus aspectos ambientales.<br>Solicitamos que nuestros proveedores apuesten por un consumo responsable de recursos (agua, energ\u00eda, productos qu\u00edmicos \u2026), realicen una correcta gesti\u00f3n de los residuos, reduzcan su huella de carbono e intenten minimizar el impacto medioambiental en todos sus procesos.Para nosotros, es un aspecto muy importante que los proveedores cumplan con la normativa de medio ambiente y dispongan de un sistema de gesti\u00f3n ambiental.<\/p>\n<\/div><\/div>\n\n\n\n<div class=\"wp-block-group hasbackgroundmio\"><div class=\"wp-block-group__inner-container is-layout-flow wp-block-group-is-layout-flow\">\n<p class=\"has-text-align-center has-text-color\" style=\"color:#d71029;font-size:24px\">Pol\u00edticas<\/p>\n\n\n\n<p class=\"has-text-align-center\" style=\"font-size:16px\">Para conocer todas las pol\u00edticas<br>Pincha <a href=\"https:\/\/www.riberasalud.com\/corporativo\/politicas\/\">aqu\u00ed<\/a><\/p>\n<\/div><\/div>\n\n\n\n<div class=\"wp-block-group\"><div class=\"wp-block-group__inner-container is-layout-flow wp-block-group-is-layout-flow\">\n<h3 class=\"wp-block-heading has-text-align-center has-text-color\" style=\"color:#d71029;font-size:25px\">Certificaciones<\/h3>\n\n\n\n<div class=\"wp-block-columns is-layout-flex wp-container-core-columns-is-layout-9d6595d7 wp-block-columns-is-layout-flex\">\n<div class=\"wp-block-column is-layout-flow wp-block-column-is-layout-flow\"><div class=\"wp-block-image is-style-default\">\n<figure class=\"aligncenter size-full is-resized\"><img loading=\"lazy\" decoding=\"async\" width=\"400\" height=\"320\" src=\"https:\/\/riberasalud.com\/b2b\/wp-content\/uploads\/2023\/07\/acreditaciones_Mesa-de-trabajo-1.jpg\" alt=\"AENOR ISO 9001\" class=\"wp-image-1838\" style=\"width:234px;height:187px\" srcset=\"https:\/\/riberasalud.com\/b2b\/wp-content\/uploads\/2023\/07\/acreditaciones_Mesa-de-trabajo-1.jpg 400w, https:\/\/riberasalud.com\/b2b\/wp-content\/uploads\/2023\/07\/acreditaciones_Mesa-de-trabajo-1-300x240.jpg 300w\" sizes=\"auto, (max-width: 400px) 100vw, 400px\" \/><\/figure>\n<\/div>\n\n\n<p class=\"has-text-align-center\">AENOR ISO 9001<\/p>\n<\/div>\n\n\n\n<div class=\"wp-block-column is-layout-flow wp-block-column-is-layout-flow\"><\/div>\n\n\n\n<div class=\"wp-block-column is-layout-flow wp-block-column-is-layout-flow\"><\/div>\n<\/div>\n<\/div><\/div>\n","protected":false},"excerpt":{"rendered":"<p>Calidad Ribera b2b es una plataforma integrada de compras, servicios compartidos y logi\u0301stica fundada en 2010 por el grupo Ribera Salud (hoy grupo sanitario Ribera). Ribera b2b optimiza la gestio\u0301n de recursos de compra y logi\u0301stica, compartiendo la compra de bienes y servicios, negociando estrate\u0301gicamente los precios y las condiciones de aprovisionamiento y suministro de &#8230; <a title=\"Calidad\" class=\"read-more\" href=\"https:\/\/riberasalud.com\/b2b\/calidad\/\" aria-label=\"Leer m\u00e1s sobre Calidad\">Leer m\u00e1s<\/a><\/p>\n","protected":false},"author":1,"featured_media":0,"parent":0,"menu_order":0,"comment_status":"closed","ping_status":"closed","template":"","meta":{"_coblocks_attr":"","_coblocks_dimensions":"","_coblocks_responsive_height":"","_coblocks_accordion_ie_support":"","_uag_custom_page_level_css":"","_monsterinsights_skip_tracking":false,"_monsterinsights_sitenote_active":false,"_monsterinsights_sitenote_note":"","_monsterinsights_sitenote_category":0,"_themeisle_gutenberg_block_has_review":false,"footnotes":""},"class_list":["post-113","page","type-page","status-publish"],"featured_image_urls_v2":{"full":"","thumbnail":"","medium":"","medium_large":"","large":"","1536x1536":"","2048x2048":""},"post_excerpt_stackable_v2":"<p>Calidad Ribera b2b es una plataforma integrada de compras, servicios compartidos y logi\u0301stica fundada en 2010 por el grupo Ribera Salud (hoy grupo sanitario Ribera). Ribera b2b optimiza la gestio\u0301n de recursos de compra y logi\u0301stica, compartiendo la compra de bienes y servicios, negociando estrate\u0301gicamente los precios y las condiciones de aprovisionamiento y suministro de productos me\u0301dico-sanitarios, quiru\u0301rgicos, alta tecnologi\u0301a y otros servicios adquiridos o contratados por los centros sanitarios como telefoni\u0301a, electricidad y servicios generales. Ribera b2b centraliza las compras, agrupa todas las adquisiciones de proveedores de productos sanitarios y no sanitarios de los centros adheridos. As\u00edmismo obtiene sinergias&hellip;<\/p>\n","category_list_v2":"","author_info_v2":{"name":"jorge@quois.com","url":"https:\/\/riberasalud.com\/b2b\/author\/jorgequois-com\/"},"comments_num_v2":"0 comentarios","pbg_featured_image_src":{"full":false,"thumbnail":false,"medium":false,"medium_large":false,"large":false,"1536x1536":false,"2048x2048":false},"pbg_author_info":{"display_name":"jorge@quois.com","author_link":"https:\/\/riberasalud.com\/b2b\/author\/jorgequois-com\/","author_img":"<img alt='jorge@quois.com' src='https:\/\/secure.gravatar.com\/avatar\/bca8cccf11ce6757dcdec6ce293d120c16d33c83aeb423357cce3f49f3abae94?s=128&#038;d=mm&#038;r=g' srcset='https:\/\/secure.gravatar.com\/avatar\/bca8cccf11ce6757dcdec6ce293d120c16d33c83aeb423357cce3f49f3abae94?s=256&#038;d=mm&#038;r=g 2x' class='avatar avatar-128 photo' height='128' width='128' loading='lazy' decoding='async'\/>"},"pbg_comment_info":" No Comments","pbg_excerpt":"Calidad Ribera b2b es una plataforma integrada de compras, servicios compartidos y logi\u0301stica fundada en 2010 por el grupo Ribera Salud (hoy grupo sanitario Ribera). Ribera b2b optimiza la gestio\u0301n de recursos de compra y logi\u0301stica, compartiendo la compra de bienes y servicios, negociando estrate\u0301gicamente los precios y las condiciones de aprovisionamiento y suministro de&hellip;","uagb_featured_image_src":{"full":false,"thumbnail":false,"medium":false,"medium_large":false,"large":false,"1536x1536":false,"2048x2048":false},"uagb_author_info":{"display_name":"jorge@quois.com","author_link":"https:\/\/riberasalud.com\/b2b\/author\/jorgequois-com\/"},"uagb_comment_info":0,"uagb_excerpt":"Calidad Ribera b2b es una plataforma integrada de compras, servicios compartidos y logi\u0301stica fundada en 2010 por el grupo Ribera Salud (hoy grupo sanitario Ribera). Ribera b2b optimiza la gestio\u0301n de recursos de compra y logi\u0301stica, compartiendo la compra de bienes y servicios, negociando estrate\u0301gicamente los precios y las condiciones de aprovisionamiento y suministro de&hellip;","_links":{"self":[{"href":"https:\/\/riberasalud.com\/b2b\/wp-json\/wp\/v2\/pages\/113","targetHints":{"allow":["GET"]}}],"collection":[{"href":"https:\/\/riberasalud.com\/b2b\/wp-json\/wp\/v2\/pages"}],"about":[{"href":"https:\/\/riberasalud.com\/b2b\/wp-json\/wp\/v2\/types\/page"}],"author":[{"embeddable":true,"href":"https:\/\/riberasalud.com\/b2b\/wp-json\/wp\/v2\/users\/1"}],"replies":[{"embeddable":true,"href":"https:\/\/riberasalud.com\/b2b\/wp-json\/wp\/v2\/comments?post=113"}],"version-history":[{"count":15,"href":"https:\/\/riberasalud.com\/b2b\/wp-json\/wp\/v2\/pages\/113\/revisions"}],"predecessor-version":[{"id":1876,"href":"https:\/\/riberasalud.com\/b2b\/wp-json\/wp\/v2\/pages\/113\/revisions\/1876"}],"wp:attachment":[{"href":"https:\/\/riberasalud.com\/b2b\/wp-json\/wp\/v2\/media?parent=113"}],"curies":[{"name":"wp","href":"https:\/\/api.w.org\/{rel}","templated":true}]}}