{"id":112,"date":"2021-06-21T07:05:20","date_gmt":"2021-06-21T07:05:20","guid":{"rendered":"https:\/\/riberasalud.com\/b2b\/?page_id=112"},"modified":"2025-07-17T07:53:17","modified_gmt":"2025-07-17T07:53:17","slug":"cifras","status":"publish","type":"page","link":"https:\/\/riberasalud.com\/b2b\/cifras\/","title":{"rendered":"Cifras"},"content":{"rendered":"\n<div class=\"wp-block-group backgroundbanner\"><div class=\"wp-block-group__inner-container is-layout-flow wp-block-group-is-layout-flow\">\n<p class=\"has-text-align-center\" style=\"font-size:40px\"><span style=\"color: #4b4a4a;\" class=\"ugb-highlight\">Nuestras cifras<\/span><\/p>\n<\/div><\/div>\n\n\n\n<div class=\"wp-block-group ticss-90fcb335\"><div class=\"wp-block-group__inner-container is-layout-flow wp-block-group-is-layout-flow\">\n<div class=\"wp-block-columns is-layout-flex wp-container-core-columns-is-layout-9d6595d7 wp-block-columns-is-layout-flex\">\n<div class=\"wp-block-column is-layout-flow wp-block-column-is-layout-flow\" style=\"flex-basis:25%\">\n<div id=\"premium-countup-46ed52\" class=\"wp-block-premium-countup premium-countup__wrap premium-countup-46ed52 false\" style=\"justify-content:center;flex-direction:column;background-color:transparent;box-shadow:0px 0px 0px undefined ;background-image:url('undefined');background-repeat:no-repeat;background-position:top center;background-size:auto;background-attachment:unset;border-style:none;border-width:1px;border-radius:0px\"><div class=\"premium-countup__icon_wrap\" style=\"margin-right:0;margin-left:0;align-self:center\"><img decoding=\"async\" src=\"https:\/\/riberasalud.com\/povisa\/wp-content\/uploads\/2021\/03\/iconos_Mesa-de-trabajo-1-3-150x150.png\" style=\"width:40px;height:40px\"\/><\/div><div class=\"premium-countup__info\" style=\"align-self:center\"><div class=\"premium-countup__desc\"><p class=\"premium-countup__prefix\" style=\"font-family:Muli;margin-right:2px\"><\/p><p class=\"premium-countup__increment\" data-interval=\"1000\" data-delay=\"10\" style=\"font-family:Muli;color:#d11728;font-weight:900\">50<\/p><p class=\"premium-countup__suffix\" style=\"margin-left:2px\"><\/p><\/div><\/div><h3 class=\"premium-countup__title\" style=\"font-family:Muli;margin-top:1px;margin-bottom:1px;color:#d11728;letter-spacing:undefinedpx;font-weight:900;text-transform:none;align-self:center\">millones de negociaci\u00f3n anual en material sanitario<\/h3><\/div>\n<\/div>\n\n\n\n<div class=\"wp-block-column is-layout-flow wp-block-column-is-layout-flow\" style=\"flex-basis:25%\">\n<div id=\"premium-countup-2a981c\" class=\"wp-block-premium-countup premium-countup__wrap premium-countup-2a981c false\" style=\"justify-content:center;flex-direction:column;background-color:transparent;box-shadow:0px 0px 0px undefined ;background-image:url('undefined');background-repeat:no-repeat;background-position:top center;background-size:auto;background-attachment:unset;border-style:none;border-width:1px;border-radius:0px\"><div class=\"premium-countup__icon_wrap\" style=\"margin-right:0;margin-left:0;align-self:center\"><img decoding=\"async\" src=\"https:\/\/riberasalud.com\/povisa\/wp-content\/uploads\/2021\/03\/contadores_Mesa-de-trabajo-1-150x150.png\" style=\"width:40px;height:40px\"\/><\/div><div class=\"premium-countup__info\" style=\"align-self:center\"><div class=\"premium-countup__desc\"><p class=\"premium-countup__prefix\" style=\"font-family:Muli;margin-right:2px\"><\/p><p class=\"premium-countup__increment\" data-interval=\"1000\" data-delay=\"10\" style=\"font-family:Muli;color:#d11728;font-weight:900\">9200<\/p><p class=\"premium-countup__suffix\" style=\"margin-left:2px\"><\/p><\/div><\/div><h3 class=\"premium-countup__title\" style=\"font-family:Muli;margin-top:1px;margin-bottom:1px;color:#d11728;letter-spacing:undefinedpx;font-weight:900;text-transform:none;align-self:center\">profesionales<\/h3><\/div>\n<\/div>\n\n\n\n<div class=\"wp-block-column is-layout-flow wp-block-column-is-layout-flow\" style=\"flex-basis:25%\">\n<div id=\"premium-countup-6e39e0\" class=\"wp-block-premium-countup premium-countup__wrap premium-countup-6e39e0 false\" style=\"justify-content:center;flex-direction:column;background-color:transparent;box-shadow:0px 0px 0px undefined ;background-image:url('undefined');background-repeat:no-repeat;background-position:top center;background-size:auto;background-attachment:unset;border-style:none;border-width:1px;border-radius:0px\"><div class=\"premium-countup__icon_wrap\" style=\"margin-right:0;margin-left:0;align-self:center\"><img decoding=\"async\" src=\"https:\/\/riberasalud.com\/povisa\/wp-content\/uploads\/2021\/03\/contadores-03-150x150.png\" style=\"width:40px;height:40px\"\/><\/div><div class=\"premium-countup__info\" style=\"align-self:center\"><div class=\"premium-countup__desc\"><p class=\"premium-countup__prefix\" style=\"font-family:Muli;margin-right:2px\"><\/p><p class=\"premium-countup__increment\" data-interval=\"1000\" data-delay=\"10\" style=\"font-family:Muli;color:#d11728;font-weight:900\">120<\/p><p class=\"premium-countup__suffix\" style=\"margin-left:2px\"><\/p><\/div><\/div><h3 class=\"premium-countup__title\" style=\"font-family:Muli;margin-top:1px;margin-bottom:1px;color:#d11728;letter-spacing:undefinedpx;font-weight:900;text-transform:none;align-self:center\">proveedores<\/h3><\/div>\n<\/div>\n\n\n\n<div class=\"wp-block-column is-layout-flow wp-block-column-is-layout-flow\" style=\"flex-basis:25%\">\n<div id=\"premium-countup-9e745b\" class=\"wp-block-premium-countup premium-countup__wrap premium-countup-9e745b false\" style=\"justify-content:center;flex-direction:column;background-color:transparent;box-shadow:0px 0px 0px undefined ;background-image:url('undefined');background-repeat:no-repeat;background-position:top center;background-size:auto;background-attachment:unset;border-style:none;border-width:1px;border-radius:0px\"><div class=\"premium-countup__icon_wrap\" style=\"margin-right:0;margin-left:0;align-self:center\"><img decoding=\"async\" src=\"https:\/\/riberasalud.com\/povisa\/wp-content\/uploads\/2021\/03\/iconos_Mesa-de-trabajo-1-3-150x150.png\" style=\"width:40px;height:40px\"\/><\/div><div class=\"premium-countup__info\" style=\"align-self:center\"><div class=\"premium-countup__desc\"><p class=\"premium-countup__prefix\" style=\"font-family:Muli;margin-right:2px\"><\/p><p class=\"premium-countup__increment\" data-interval=\"1000\" data-delay=\"10\" style=\"font-family:Muli;color:#d11728;font-weight:900\">67<\/p><p class=\"premium-countup__suffix\" style=\"margin-left:2px\"><\/p><\/div><\/div><h3 class=\"premium-countup__title\" style=\"font-family:Muli;margin-top:1px;margin-bottom:1px;color:#d11728;letter-spacing:undefinedpx;font-weight:900;text-transform:none;align-self:center\">millones en planes de equipamiento integral<\/h3><\/div>\n<\/div>\n<\/div>\n<\/div><\/div>\n\n\n\n<div class=\"wp-block-group hasbackgroundmio\"><div class=\"wp-block-group__inner-container is-layout-flow wp-block-group-is-layout-flow\">\n<div class=\"wp-block-columns is-layout-flex wp-container-core-columns-is-layout-9d6595d7 wp-block-columns-is-layout-flex\">\n<div class=\"wp-block-column is-layout-flow wp-block-column-is-layout-flow\">\n<h3 class=\"wp-block-heading\" style=\"font-size:25px\"><strong>Ahorros obtenidos anualmente<br>en nuestros centros propios<\/strong><\/h3>\n\n\n\n<p style=\"font-size:13px\"><span style=\"color: #d11728;\" class=\"ugb-highlight\">8%-10% en Material Sanitario<br>3%-5% en Farmacia<br>M\u00e1s de 2M\u20ac de ahorro anual total<\/span><\/p>\n<\/div>\n\n\n\n<div class=\"wp-block-column is-layout-flow wp-block-column-is-layout-flow\">\n<h3 class=\"wp-block-heading\" style=\"font-size:25px\"><strong>Ahorros identificados en<br>los centros externos<\/strong><\/h3>\n\n\n\n<p style=\"font-size:13px\"><span style=\"color: #d11728;\" class=\"ugb-highlight\">10%-20% en Material Sanitario<br>5%-8% en Farmacia<br>380 actualizaciones de referencias en cat\u00e1logo<\/span><\/p>\n<\/div>\n<\/div>\n<\/div><\/div>\n\n\n\n<div class=\"wp-block-group\"><div class=\"wp-block-group__inner-container is-layout-flow wp-block-group-is-layout-flow\">\n<p style=\"font-size:25px\"><strong>Proyectos<\/strong><\/p>\n\n\n\n<div class=\"wp-block-columns is-layout-flex wp-container-core-columns-is-layout-9d6595d7 wp-block-columns-is-layout-flex\">\n<div class=\"wp-block-column is-layout-flow wp-block-column-is-layout-flow\">\n<ul class=\"wp-block-list\">\n<li><em>Hospital del Vinalop\u00f3 y Departamento de Salud (Elche).<\/em><\/li>\n\n\n\n<li><em>Hospital de Torrej\u00f3n (Madrid).<\/em><\/li>\n\n\n\n<li><em>Hospital Povisa (Vigo).<\/em><\/li>\n\n\n\n<li><em>Hospital Cascais (Portugal).<\/em><\/li>\n\n\n\n<li><em>Hospital Polusa (Lugo)<\/em><\/li>\n\n\n\n<li><em>Hospital Juan Cardona (Ferrol)<\/em><\/li>\n\n\n\n<li><em>Hospital de Covadonga (Gij\u00f3n)<\/em><\/li>\n\n\n\n<li><em>Cl\u00ednica Assistens (Coru\u00f1a)<\/em><\/li>\n\n\n\n<li><em>Hospital de Molina (Murcia)<\/em><\/li>\n\n\n\n<li><em>Hospital de Caravaca (Murcia)<\/em><\/li>\n\n\n\n<li><em>Hospital Virgen de la Caridad (Cartagena)<\/em><\/li>\n\n\n\n<li><em>Hospital Perpetuo Socorro (Cartagena)<\/em><\/li>\n\n\n\n<li><em>Hospital Hern\u00e1n Cortes (Zaragoza)<\/em><\/li>\n\n\n\n<li><em>Cl\u00ednica Benidorm<\/em><\/li>\n\n\n\n<li><em>Hospital Universitario de La Ribera y Departamento de Salud (2010-2018).<\/em><\/li>\n\n\n\n<li><em>Hospital de Manises (2010-2013).<\/em><\/li>\n\n\n\n<li><em>Hospital de Denia y Departamento de Salud (2010- 2024).<\/em><\/li>\n\n\n\n<li><em>Hospital de Torrevieja y Departamento de Salud (2010- 2021).<\/em><\/li>\n<\/ul>\n<\/div>\n<\/div>\n<\/div><\/div>\n\n\n\n<div class=\"wp-block-group hasbackgroundmio\"><div class=\"wp-block-group__inner-container is-layout-flow wp-block-group-is-layout-flow\">\n<h3 class=\"wp-block-heading\" style=\"font-size:25px\"><strong>Otros proyectos<\/strong><\/h3>\n\n\n\n<ul style=\"font-size:13px\" class=\"wp-block-list is-style-default\">\n<li>Proyecto de Consultor\u00eda de acompa\u00f1amiento al Plan Integral de Equipamiento del Hospital de Valdecilla (2014).<\/li>\n\n\n\n<li>Direcciones de obras y asesoramiento t\u00e9cnico para la instalaci\u00f3n de equipos de alta tecnolog\u00eda en el Servicio Gallego de Salud y con otros operadores privados.<\/li>\n\n\n\n<li>Direcciones de obras y asesoramiento t\u00e9cnico para la instalaci\u00f3n de equipos especiales (\u00e1rea de esterilizaciones) en los servicios p\u00fablicos de salud de la Comunidad Valenciana y Extremadura.<\/li>\n\n\n\n<li>Proyectos de consultor\u00eda de Planes Funcionales y Planes de Equipamiento y puesta en marcha para la licitaci\u00f3n de concursos p\u00fablicos en diferentes proyectos internacionales p\u00fablicos y privados.<\/li>\n<\/ul>\n\n\n\n<p><\/p>\n<\/div><\/div>\n","protected":false},"excerpt":{"rendered":"<p>Nuestras cifras Ahorros obtenidos anualmenteen nuestros centros propios 8%-10% en Material Sanitario3%-5% en FarmaciaM\u00e1s de 2M\u20ac de ahorro anual total Ahorros identificados enlos centros externos 10%-20% en Material Sanitario5%-8% en Farmacia380 actualizaciones de referencias en cat\u00e1logo Proyectos Otros proyectos<\/p>\n","protected":false},"author":1,"featured_media":0,"parent":0,"menu_order":0,"comment_status":"closed","ping_status":"closed","template":"","meta":{"_coblocks_attr":"","_coblocks_dimensions":"","_coblocks_responsive_height":"","_coblocks_accordion_ie_support":"","_uag_custom_page_level_css":"","_monsterinsights_skip_tracking":false,"_monsterinsights_sitenote_active":false,"_monsterinsights_sitenote_note":"","_monsterinsights_sitenote_category":0,"_themeisle_gutenberg_block_has_review":false,"footnotes":""},"class_list":["post-112","page","type-page","status-publish"],"featured_image_urls_v2":{"full":"","thumbnail":"","medium":"","medium_large":"","large":"","1536x1536":"","2048x2048":""},"post_excerpt_stackable_v2":"<p>Nuestras cifras 50millones de negociaci\u00f3n anual en material sanitario 9200profesionales 120proveedores 67millones en planes de equipamiento integral Ahorros obtenidos anualmenteen nuestros centros propios 8%-10% en Material Sanitario3%-5% en FarmaciaM\u00e1s de 2M\u20ac de ahorro anual total Ahorros identificados enlos centros externos 10%-20% en Material Sanitario5%-8% en Farmacia380 actualizaciones de referencias en cat\u00e1logo Proyectos Hospital del Vinalop\u00f3 y Departamento de Salud (Elche). Hospital de Torrej\u00f3n (Madrid). Hospital Povisa (Vigo). Hospital Cascais (Portugal). Hospital Polusa (Lugo) Hospital Juan Cardona (Ferrol) Hospital de Covadonga (Gij\u00f3n) Cl\u00ednica Assistens (Coru\u00f1a) Hospital de Molina (Murcia) Hospital de Caravaca (Murcia) Hospital Virgen de la Caridad (Cartagena) Hospital Perpetuo&hellip;<\/p>\n","category_list_v2":"","author_info_v2":{"name":"jorge@quois.com","url":"https:\/\/riberasalud.com\/b2b\/author\/jorgequois-com\/"},"comments_num_v2":"0 comentarios","pbg_featured_image_src":{"full":false,"thumbnail":false,"medium":false,"medium_large":false,"large":false,"1536x1536":false,"2048x2048":false},"pbg_author_info":{"display_name":"jorge@quois.com","author_link":"https:\/\/riberasalud.com\/b2b\/author\/jorgequois-com\/","author_img":"<img alt='jorge@quois.com' src='https:\/\/secure.gravatar.com\/avatar\/bca8cccf11ce6757dcdec6ce293d120c16d33c83aeb423357cce3f49f3abae94?s=128&#038;d=mm&#038;r=g' srcset='https:\/\/secure.gravatar.com\/avatar\/bca8cccf11ce6757dcdec6ce293d120c16d33c83aeb423357cce3f49f3abae94?s=256&#038;d=mm&#038;r=g 2x' class='avatar avatar-128 photo' height='128' width='128' loading='lazy' decoding='async'\/>"},"pbg_comment_info":" No Comments","pbg_excerpt":"Nuestras cifras Ahorros obtenidos anualmenteen nuestros centros propios 8%-10% en Material Sanitario3%-5% en FarmaciaM\u00e1s de 2M\u20ac de ahorro anual total Ahorros identificados enlos centros externos 10%-20% en Material Sanitario5%-8% en Farmacia380 actualizaciones de referencias en cat\u00e1logo Proyectos Otros proyectos","uagb_featured_image_src":{"full":false,"thumbnail":false,"medium":false,"medium_large":false,"large":false,"1536x1536":false,"2048x2048":false},"uagb_author_info":{"display_name":"jorge@quois.com","author_link":"https:\/\/riberasalud.com\/b2b\/author\/jorgequois-com\/"},"uagb_comment_info":0,"uagb_excerpt":"Nuestras cifras Ahorros obtenidos anualmenteen nuestros centros propios 8%-10% en Material Sanitario3%-5% en FarmaciaM\u00e1s de 2M\u20ac de ahorro anual total Ahorros identificados enlos centros externos 10%-20% en Material Sanitario5%-8% en Farmacia380 actualizaciones de referencias en cat\u00e1logo Proyectos Otros proyectos","_links":{"self":[{"href":"https:\/\/riberasalud.com\/b2b\/wp-json\/wp\/v2\/pages\/112","targetHints":{"allow":["GET"]}}],"collection":[{"href":"https:\/\/riberasalud.com\/b2b\/wp-json\/wp\/v2\/pages"}],"about":[{"href":"https:\/\/riberasalud.com\/b2b\/wp-json\/wp\/v2\/types\/page"}],"author":[{"embeddable":true,"href":"https:\/\/riberasalud.com\/b2b\/wp-json\/wp\/v2\/users\/1"}],"replies":[{"embeddable":true,"href":"https:\/\/riberasalud.com\/b2b\/wp-json\/wp\/v2\/comments?post=112"}],"version-history":[{"count":20,"href":"https:\/\/riberasalud.com\/b2b\/wp-json\/wp\/v2\/pages\/112\/revisions"}],"predecessor-version":[{"id":1929,"href":"https:\/\/riberasalud.com\/b2b\/wp-json\/wp\/v2\/pages\/112\/revisions\/1929"}],"wp:attachment":[{"href":"https:\/\/riberasalud.com\/b2b\/wp-json\/wp\/v2\/media?parent=112"}],"curies":[{"name":"wp","href":"https:\/\/api.w.org\/{rel}","templated":true}]}}