{"id":66,"date":"2022-09-14T07:15:31","date_gmt":"2022-09-14T07:15:31","guid":{"rendered":"https:\/\/riberasalud.com\/unidad-del-corazon\/?page_id=66"},"modified":"2024-01-31T12:26:24","modified_gmt":"2024-01-31T12:26:24","slug":"libre-eleccion","status":"publish","type":"page","link":"https:\/\/riberasalud.com\/area-del-corazon\/libre-eleccion\/","title":{"rendered":"Libre elecci\u00f3n"},"content":{"rendered":"\n<div class=\"wp-block-group hasbackgroundnaranja sliderlinea\"><div class=\"wp-block-group__inner-container is-layout-flow wp-block-group-is-layout-flow\">\n<p>SOMOS GRUPO SANITARIO RIBERA<\/p>\n\n\n\n<h1 class=\"wp-block-heading\">Libre elecci\u00f3n de hospital<\/h1>\n<\/div><\/div>\n\n\n\n<div class=\"wp-block-group\"><div class=\"wp-block-group__inner-container is-layout-flow wp-block-group-is-layout-flow\">\n<p>La <strong>libre elecci\u00f3n sanitaria <\/strong>garantiza que cualquier ciudadano pueda ser atendido en el hospital de su elecci\u00f3n.<br>Si deseas elegir cualquiera de nuestros hospitales como tu unidad de referencia, te facilitamos a continuaci\u00f3n toda la <strong>informaci\u00f3n <\/strong>necesaria para que puedas tramitar la solicitud desde tu centro de salud u hospital para ser <strong>atendido en nuestros centros sanitarios<\/strong>.<\/p>\n<\/div><\/div>\n\n\n\n<div class=\"wp-block-group gruponomargin\"><div class=\"wp-block-group__inner-container is-layout-flow wp-block-group-is-layout-flow\">\n<div class=\"wp-block-columns columnanomargin is-layout-flex wp-container-core-columns-is-layout-9d6595d7 wp-block-columns-is-layout-flex\">\n<div class=\"wp-block-column first is-layout-flow wp-block-column-is-layout-flow\">\n<figure class=\"wp-block-image size-full fotomodulo\"><img loading=\"lazy\" decoding=\"async\" width=\"736\" height=\"552\" src=\"https:\/\/riberasalud.com\/area-del-corazon\/wp-content\/uploads\/2022\/09\/im5.png\" alt=\"\" class=\"wp-image-179\" srcset=\"https:\/\/riberasalud.com\/area-del-corazon\/wp-content\/uploads\/2022\/09\/im5.png 736w, https:\/\/riberasalud.com\/area-del-corazon\/wp-content\/uploads\/2022\/09\/im5-300x225.png 300w\" sizes=\"auto, (max-width: 736px) 100vw, 736px\" \/><\/figure>\n\n\n\n<div class=\"wp-block-group grupomodulo\"><div class=\"wp-block-group__inner-container is-layout-flow wp-block-group-is-layout-flow\">\n<h3 class=\"wp-block-heading\">Hospital Universitario de Torrej\u00f3n<\/h3>\n\n\n\n<p><strong><strong><strong>\u00bfQuieres que el Hospital Universitario de Torrej\u00f3n sea tu hospital?<\/strong><\/strong><\/strong><\/p>\n\n\n\n<ul class=\"wp-block-list\">\n<li>Aqu\u00ed puedes consultar el proceso para elegir ser atendido en nuestro Hospital Universitario de Torrej\u00f3n tanto si lo solicitas desde tu centro de salud como desde otro hospital <a href=\"https:\/\/www.hospitaldetorrejon.es\/eligenos\">https:\/\/www.hospitaldetorrejon.es\/eligenos<\/a><\/li>\n\n\n\n<li>Si tienes alguna duda sobre el proceso puedes llamarnos al <a href=\"tel:916262600\">608 089 134 <\/a>y te ayudaremos con la tramitaci\u00f3n.<\/li>\n<\/ul>\n<\/div><\/div>\n<\/div>\n\n\n\n<div class=\"wp-block-column first is-layout-flow wp-block-column-is-layout-flow\">\n<figure class=\"wp-block-image size-full fotomodulo\"><img loading=\"lazy\" decoding=\"async\" width=\"736\" height=\"552\" src=\"https:\/\/riberasalud.com\/area-del-corazon\/wp-content\/uploads\/2022\/09\/im14.png\" alt=\"\" class=\"wp-image-196\" srcset=\"https:\/\/riberasalud.com\/area-del-corazon\/wp-content\/uploads\/2022\/09\/im14.png 736w, https:\/\/riberasalud.com\/area-del-corazon\/wp-content\/uploads\/2022\/09\/im14-300x225.png 300w\" sizes=\"auto, (max-width: 736px) 100vw, 736px\" \/><\/figure>\n\n\n\n<div class=\"wp-block-group grupomodulo\"><div class=\"wp-block-group__inner-container is-layout-flow wp-block-group-is-layout-flow\">\n<h3 class=\"wp-block-heading\">Hospital Universitario del Vinalop\u00f3<\/h3>\n\n\n\n<p><strong>\u00bfQuieres que el Hospital Universitario de Vinalop\u00f3 sea tu hospital?<\/strong><\/p>\n\n\n\n<ul class=\"wp-block-list\">\n<li>Consulta todos los requisitos y la documentaci\u00f3n necesaria para tramitar tu solicitud <a href=\"https:\/\/www.vinaloposalud.com\/informacion-pacientes\/informacion-general\/\">https:\/\/www.vinaloposalud.com\/informacion-pacientes\/informacion-general\/<\/a><\/li>\n\n\n\n<li>Si tienes alguna consulta sobre el proceso puedes llamarnos al <a href=\"tel:676699315\">676 699 315 <\/a>y te resolveremos cualquier duda.<\/li>\n<\/ul>\n<\/div><\/div>\n<\/div>\n<\/div>\n\n\n\n<div class=\"wp-block-columns columnanomargin is-layout-flex wp-container-core-columns-is-layout-9d6595d7 wp-block-columns-is-layout-flex\">\n<div class=\"wp-block-column first is-layout-flow wp-block-column-is-layout-flow\">\n<figure class=\"wp-block-image size-large fotomodulo\"><img loading=\"lazy\" decoding=\"async\" width=\"1024\" height=\"768\" src=\"https:\/\/riberasalud.com\/area-del-corazon\/wp-content\/uploads\/2022\/09\/2-1-1024x768.jpg\" alt=\"povisa\" class=\"wp-image-419\" srcset=\"https:\/\/riberasalud.com\/area-del-corazon\/wp-content\/uploads\/2022\/09\/2-1-1024x768.jpg 1024w, https:\/\/riberasalud.com\/area-del-corazon\/wp-content\/uploads\/2022\/09\/2-1-300x225.jpg 300w, https:\/\/riberasalud.com\/area-del-corazon\/wp-content\/uploads\/2022\/09\/2-1-768x576.jpg 768w, https:\/\/riberasalud.com\/area-del-corazon\/wp-content\/uploads\/2022\/09\/2-1.jpg 1066w\" sizes=\"auto, (max-width: 1024px) 100vw, 1024px\" \/><\/figure>\n\n\n\n<div class=\"wp-block-group grupomodulo\"><div class=\"wp-block-group__inner-container is-layout-flow wp-block-group-is-layout-flow\">\n<h3 class=\"wp-block-heading\">Hospital Ribera Povisa<\/h3>\n\n\n\n<p><strong><strong>\u00bfQuieres que el Hospital Ribera Povisa sea tu hospital?<\/strong><\/strong><\/p>\n\n\n\n<ul class=\"wp-block-list\">\n<li>Si quieres que te ayudemos a gestionar el cambio de hospital puedes llamarnos al <a href=\"tel:986110015\">986 110 015<\/a>.<\/li>\n\n\n\n<li>En caso de no ser paciente SERGAS llama al <a href=\"tel:986120000\">986 120 000<\/a>.<\/li>\n<\/ul>\n<\/div><\/div>\n<\/div>\n\n\n\n<div class=\"wp-block-column first is-layout-flow wp-block-column-is-layout-flow\"><\/div>\n<\/div>\n<\/div><\/div>\n","protected":false},"excerpt":{"rendered":"<p>SOMOS GRUPO SANITARIO RIBERA Libre elecci\u00f3n de hospital La libre elecci\u00f3n sanitaria garantiza que cualquier ciudadano pueda ser atendido en el hospital de su elecci\u00f3n.Si deseas elegir cualquiera de nuestros hospitales como tu unidad de referencia, te facilitamos a continuaci\u00f3n toda la informaci\u00f3n necesaria para que puedas tramitar la solicitud desde tu centro de salud &#8230; <a title=\"Libre elecci\u00f3n\" class=\"read-more\" href=\"https:\/\/riberasalud.com\/area-del-corazon\/libre-eleccion\/\" aria-label=\"Leer m\u00e1s sobre Libre elecci\u00f3n\">Leer m\u00e1s<\/a><\/p>\n","protected":false},"author":1,"featured_media":0,"parent":0,"menu_order":0,"comment_status":"closed","ping_status":"closed","template":"","meta":{"_mi_skip_tracking":false,"footnotes":""},"class_list":["post-66","page","type-page","status-publish"],"yoast_head":"<!-- This site is optimized with the Yoast SEO plugin v26.6 - https:\/\/yoast.com\/wordpress\/plugins\/seo\/ -->\n<title>Libre elecci\u00f3n - \u00c1rea del coraz\u00f3n<\/title>\n<meta name=\"robots\" content=\"index, follow, max-snippet:-1, max-image-preview:large, max-video-preview:-1\" \/>\n<link rel=\"canonical\" href=\"https:\/\/riberasalud.com\/area-del-corazon\/libre-eleccion\/\" \/>\n<meta property=\"og:locale\" content=\"es_ES\" \/>\n<meta property=\"og:type\" content=\"article\" \/>\n<meta property=\"og:title\" content=\"Libre elecci\u00f3n - \u00c1rea del coraz\u00f3n\" \/>\n<meta property=\"og:description\" content=\"SOMOS GRUPO SANITARIO RIBERA Libre elecci\u00f3n de hospital La libre elecci\u00f3n sanitaria garantiza que cualquier ciudadano pueda ser atendido en el hospital de su elecci\u00f3n.Si deseas elegir cualquiera de nuestros hospitales como tu unidad de referencia, te facilitamos a continuaci\u00f3n toda la informaci\u00f3n necesaria para que puedas tramitar la solicitud desde tu centro de salud ... Leer m\u00e1s\" \/>\n<meta property=\"og:url\" content=\"https:\/\/riberasalud.com\/area-del-corazon\/libre-eleccion\/\" \/>\n<meta property=\"og:site_name\" content=\"\u00c1rea del coraz\u00f3n\" \/>\n<meta property=\"article:modified_time\" content=\"2024-01-31T12:26:24+00:00\" \/>\n<meta property=\"og:image\" content=\"https:\/\/riberasalud.com\/area-del-corazon\/wp-content\/uploads\/2022\/09\/im5.png\" \/>\n<meta name=\"twitter:card\" content=\"summary_large_image\" \/>\n<meta name=\"twitter:label1\" content=\"Tiempo de lectura\" \/>\n\t<meta name=\"twitter:data1\" content=\"1 minuto\" \/>\n<script type=\"application\/ld+json\" class=\"yoast-schema-graph\">{\"@context\":\"https:\/\/schema.org\",\"@graph\":[{\"@type\":\"WebPage\",\"@id\":\"https:\/\/riberasalud.com\/area-del-corazon\/libre-eleccion\/\",\"url\":\"https:\/\/riberasalud.com\/area-del-corazon\/libre-eleccion\/\",\"name\":\"Libre elecci\u00f3n - \u00c1rea del coraz\u00f3n\",\"isPartOf\":{\"@id\":\"https:\/\/riberasalud.com\/area-del-corazon\/#website\"},\"primaryImageOfPage\":{\"@id\":\"https:\/\/riberasalud.com\/area-del-corazon\/libre-eleccion\/#primaryimage\"},\"image\":{\"@id\":\"https:\/\/riberasalud.com\/area-del-corazon\/libre-eleccion\/#primaryimage\"},\"thumbnailUrl\":\"https:\/\/riberasalud.com\/area-del-corazon\/wp-content\/uploads\/2022\/09\/im5.png\",\"datePublished\":\"2022-09-14T07:15:31+00:00\",\"dateModified\":\"2024-01-31T12:26:24+00:00\",\"breadcrumb\":{\"@id\":\"https:\/\/riberasalud.com\/area-del-corazon\/libre-eleccion\/#breadcrumb\"},\"inLanguage\":\"es\",\"potentialAction\":[{\"@type\":\"ReadAction\",\"target\":[\"https:\/\/riberasalud.com\/area-del-corazon\/libre-eleccion\/\"]}]},{\"@type\":\"ImageObject\",\"inLanguage\":\"es\",\"@id\":\"https:\/\/riberasalud.com\/area-del-corazon\/libre-eleccion\/#primaryimage\",\"url\":\"https:\/\/riberasalud.com\/area-del-corazon\/wp-content\/uploads\/2022\/09\/im5.png\",\"contentUrl\":\"https:\/\/riberasalud.com\/area-del-corazon\/wp-content\/uploads\/2022\/09\/im5.png\"},{\"@type\":\"BreadcrumbList\",\"@id\":\"https:\/\/riberasalud.com\/area-del-corazon\/libre-eleccion\/#breadcrumb\",\"itemListElement\":[{\"@type\":\"ListItem\",\"position\":1,\"name\":\"Portada\",\"item\":\"https:\/\/riberasalud.com\/area-del-corazon\/\"},{\"@type\":\"ListItem\",\"position\":2,\"name\":\"Libre elecci\u00f3n\"}]},{\"@type\":\"WebSite\",\"@id\":\"https:\/\/riberasalud.com\/area-del-corazon\/#website\",\"url\":\"https:\/\/riberasalud.com\/area-del-corazon\/\",\"name\":\"\u00c1rea del coraz\u00f3n\",\"description\":\"\",\"publisher\":{\"@id\":\"https:\/\/riberasalud.com\/area-del-corazon\/#organization\"},\"potentialAction\":[{\"@type\":\"SearchAction\",\"target\":{\"@type\":\"EntryPoint\",\"urlTemplate\":\"https:\/\/riberasalud.com\/area-del-corazon\/?s={search_term_string}\"},\"query-input\":{\"@type\":\"PropertyValueSpecification\",\"valueRequired\":true,\"valueName\":\"search_term_string\"}}],\"inLanguage\":\"es\"},{\"@type\":\"Organization\",\"@id\":\"https:\/\/riberasalud.com\/area-del-corazon\/#organization\",\"name\":\"\u00c1rea del coraz\u00f3n\",\"url\":\"https:\/\/riberasalud.com\/area-del-corazon\/\",\"logo\":{\"@type\":\"ImageObject\",\"inLanguage\":\"es\",\"@id\":\"https:\/\/riberasalud.com\/area-del-corazon\/#\/schema\/logo\/image\/\",\"url\":\"https:\/\/riberasalud.com\/area-del-corazon\/wp-content\/uploads\/2022\/09\/cropped-Logotipo-Red-qgbhgk.png\",\"contentUrl\":\"https:\/\/riberasalud.com\/area-del-corazon\/wp-content\/uploads\/2022\/09\/cropped-Logotipo-Red-qgbhgk.png\",\"width\":5001,\"height\":1976,\"caption\":\"\u00c1rea del coraz\u00f3n\"},\"image\":{\"@id\":\"https:\/\/riberasalud.com\/area-del-corazon\/#\/schema\/logo\/image\/\"}}]}<\/script>\n<!-- \/ Yoast SEO plugin. -->","yoast_head_json":{"title":"Libre elecci\u00f3n - \u00c1rea del coraz\u00f3n","robots":{"index":"index","follow":"follow","max-snippet":"max-snippet:-1","max-image-preview":"max-image-preview:large","max-video-preview":"max-video-preview:-1"},"canonical":"https:\/\/riberasalud.com\/area-del-corazon\/libre-eleccion\/","og_locale":"es_ES","og_type":"article","og_title":"Libre elecci\u00f3n - \u00c1rea del coraz\u00f3n","og_description":"SOMOS GRUPO SANITARIO RIBERA Libre elecci\u00f3n de hospital La libre elecci\u00f3n sanitaria garantiza que cualquier ciudadano pueda ser atendido en el hospital de su elecci\u00f3n.Si deseas elegir cualquiera de nuestros hospitales como tu unidad de referencia, te facilitamos a continuaci\u00f3n toda la informaci\u00f3n necesaria para que puedas tramitar la solicitud desde tu centro de salud ... Leer m\u00e1s","og_url":"https:\/\/riberasalud.com\/area-del-corazon\/libre-eleccion\/","og_site_name":"\u00c1rea del coraz\u00f3n","article_modified_time":"2024-01-31T12:26:24+00:00","og_image":[{"url":"https:\/\/riberasalud.com\/area-del-corazon\/wp-content\/uploads\/2022\/09\/im5.png","type":"","width":"","height":""}],"twitter_card":"summary_large_image","twitter_misc":{"Tiempo de lectura":"1 minuto"},"schema":{"@context":"https:\/\/schema.org","@graph":[{"@type":"WebPage","@id":"https:\/\/riberasalud.com\/area-del-corazon\/libre-eleccion\/","url":"https:\/\/riberasalud.com\/area-del-corazon\/libre-eleccion\/","name":"Libre elecci\u00f3n - \u00c1rea del coraz\u00f3n","isPartOf":{"@id":"https:\/\/riberasalud.com\/area-del-corazon\/#website"},"primaryImageOfPage":{"@id":"https:\/\/riberasalud.com\/area-del-corazon\/libre-eleccion\/#primaryimage"},"image":{"@id":"https:\/\/riberasalud.com\/area-del-corazon\/libre-eleccion\/#primaryimage"},"thumbnailUrl":"https:\/\/riberasalud.com\/area-del-corazon\/wp-content\/uploads\/2022\/09\/im5.png","datePublished":"2022-09-14T07:15:31+00:00","dateModified":"2024-01-31T12:26:24+00:00","breadcrumb":{"@id":"https:\/\/riberasalud.com\/area-del-corazon\/libre-eleccion\/#breadcrumb"},"inLanguage":"es","potentialAction":[{"@type":"ReadAction","target":["https:\/\/riberasalud.com\/area-del-corazon\/libre-eleccion\/"]}]},{"@type":"ImageObject","inLanguage":"es","@id":"https:\/\/riberasalud.com\/area-del-corazon\/libre-eleccion\/#primaryimage","url":"https:\/\/riberasalud.com\/area-del-corazon\/wp-content\/uploads\/2022\/09\/im5.png","contentUrl":"https:\/\/riberasalud.com\/area-del-corazon\/wp-content\/uploads\/2022\/09\/im5.png"},{"@type":"BreadcrumbList","@id":"https:\/\/riberasalud.com\/area-del-corazon\/libre-eleccion\/#breadcrumb","itemListElement":[{"@type":"ListItem","position":1,"name":"Portada","item":"https:\/\/riberasalud.com\/area-del-corazon\/"},{"@type":"ListItem","position":2,"name":"Libre elecci\u00f3n"}]},{"@type":"WebSite","@id":"https:\/\/riberasalud.com\/area-del-corazon\/#website","url":"https:\/\/riberasalud.com\/area-del-corazon\/","name":"\u00c1rea del coraz\u00f3n","description":"","publisher":{"@id":"https:\/\/riberasalud.com\/area-del-corazon\/#organization"},"potentialAction":[{"@type":"SearchAction","target":{"@type":"EntryPoint","urlTemplate":"https:\/\/riberasalud.com\/area-del-corazon\/?s={search_term_string}"},"query-input":{"@type":"PropertyValueSpecification","valueRequired":true,"valueName":"search_term_string"}}],"inLanguage":"es"},{"@type":"Organization","@id":"https:\/\/riberasalud.com\/area-del-corazon\/#organization","name":"\u00c1rea del coraz\u00f3n","url":"https:\/\/riberasalud.com\/area-del-corazon\/","logo":{"@type":"ImageObject","inLanguage":"es","@id":"https:\/\/riberasalud.com\/area-del-corazon\/#\/schema\/logo\/image\/","url":"https:\/\/riberasalud.com\/area-del-corazon\/wp-content\/uploads\/2022\/09\/cropped-Logotipo-Red-qgbhgk.png","contentUrl":"https:\/\/riberasalud.com\/area-del-corazon\/wp-content\/uploads\/2022\/09\/cropped-Logotipo-Red-qgbhgk.png","width":5001,"height":1976,"caption":"\u00c1rea del coraz\u00f3n"},"image":{"@id":"https:\/\/riberasalud.com\/area-del-corazon\/#\/schema\/logo\/image\/"}}]}},"_links":{"self":[{"href":"https:\/\/riberasalud.com\/area-del-corazon\/wp-json\/wp\/v2\/pages\/66","targetHints":{"allow":["GET"]}}],"collection":[{"href":"https:\/\/riberasalud.com\/area-del-corazon\/wp-json\/wp\/v2\/pages"}],"about":[{"href":"https:\/\/riberasalud.com\/area-del-corazon\/wp-json\/wp\/v2\/types\/page"}],"author":[{"embeddable":true,"href":"https:\/\/riberasalud.com\/area-del-corazon\/wp-json\/wp\/v2\/users\/1"}],"replies":[{"embeddable":true,"href":"https:\/\/riberasalud.com\/area-del-corazon\/wp-json\/wp\/v2\/comments?post=66"}],"version-history":[{"count":26,"href":"https:\/\/riberasalud.com\/area-del-corazon\/wp-json\/wp\/v2\/pages\/66\/revisions"}],"predecessor-version":[{"id":879,"href":"https:\/\/riberasalud.com\/area-del-corazon\/wp-json\/wp\/v2\/pages\/66\/revisions\/879"}],"wp:attachment":[{"href":"https:\/\/riberasalud.com\/area-del-corazon\/wp-json\/wp\/v2\/media?parent=66"}],"curies":[{"name":"wp","href":"https:\/\/api.w.org\/{rel}","templated":true}]}}