{"id":33,"date":"2022-09-14T07:00:20","date_gmt":"2022-09-14T07:00:20","guid":{"rendered":"https:\/\/riberasalud.com\/unidad-del-corazon\/?page_id=33"},"modified":"2024-01-31T12:25:57","modified_gmt":"2024-01-31T12:25:57","slug":"donde-estamos","status":"publish","type":"page","link":"https:\/\/riberasalud.com\/area-del-corazon\/donde-estamos\/","title":{"rendered":"D\u00f3nde estamos"},"content":{"rendered":"\n<div class=\"wp-block-group hasbackgroundnaranja sliderlinea\"><div class=\"wp-block-group__inner-container is-layout-flow wp-block-group-is-layout-flow\">\n<p>SOMOS GRUPO SANITARIO RIBERA<\/p>\n\n\n\n<h1 class=\"wp-block-heading\">D\u00f3nde estamos<\/h1>\n<\/div><\/div>\n\n\n\n<div class=\"wp-block-group contacto\"><div class=\"wp-block-group__inner-container is-layout-flow wp-block-group-is-layout-flow\">\n<div class=\"wp-block-columns is-layout-flex wp-container-core-columns-is-layout-9d6595d7 wp-block-columns-is-layout-flex\">\n<div class=\"wp-block-column is-layout-flow wp-block-column-is-layout-flow\" style=\"flex-basis:50%\">\n<iframe class=\"gmap\" src=\"https:\/\/www.google.com\/maps\/embed?pb=!1m18!1m12!1m3!1d3035.459688057552!2d-3.4372016843687487!3d40.46509426062003!2m3!1f0!2f0!3f0!3m2!1i1024!2i768!4f13.1!3m3!1m2!1s0xd423718994d486b%3A0xbbe5759a70d1fdf3!2sHospital%20Universitario%20de%20Torrej%C3%B3n!5e0!3m2!1ses!2ses!4v1663139026553!5m2!1ses!2ses\" style=\"border:0;\" allowfullscreen=\"\" loading=\"lazy\" referrerpolicy=\"no-referrer-when-downgrade\" width=\"600\" height=\"450\"><\/iframe>\n\n\n\n<h3 class=\"wp-block-heading\"><strong>Hospital Universitario de Torrej\u00f3n<\/strong><\/h3>\n\n\n\n<p>Calle Mateo Inurria, s\/n,<br>28850 Torrej\u00f3n de Ardoz, Madrid<br><a href=\"https:\/\/www.hospitaldetorrejon.es\/\">Web<\/a><br>Centralita: <a href=\"tel:966679603\">916 262 600<\/a><br>Email de contacto: <a href=\"mailto:info@torrejonsalud.com\">info@torrejonsalud.com<\/a><br>Si quieres que este sea tu hospital:<br><a href=\"tel:966679603\">608 089 134<\/a><\/p>\n\n\n\n<hr class=\"wp-block-separator has-text-color has-contrast-color has-alpha-channel-opacity has-contrast-background-color has-background is-style-wide\"\/>\n\n\n\n<p>La <strong>Unidad de Cardiolog\u00eda del Hospital Universitario de Torrej\u00f3n <\/strong>ofrece una cobertura completa para los pacientes con dolencias card\u00edacas con el compromiso de sus profesionales por ofrecer una atenci\u00f3n de <strong>m\u00e1xima calidad<\/strong>. Su \u00e1rea del coraz\u00f3n ha sido reconocida como una de las mejores de Espa\u00f1a.<\/p>\n<\/div>\n\n\n\n<div class=\"wp-block-column is-layout-flow wp-block-column-is-layout-flow\" style=\"flex-basis:50%\">\n<iframe class=\"gmap\" src=\"https:\/\/www.google.com\/maps\/embed?pb=!1m18!1m12!1m3!1d3133.0420708760857!2d-0.7182418844167104!3d38.25533029213761!2m3!1f0!2f0!3f0!3m2!1i1024!2i768!4f13.1!3m3!1m2!1s0xd63b0e555555555%3A0xbe55adceec567bf3!2sHospital%20del%20Vinalop%C3%B3!5e0!3m2!1ses!2ses!4v1663139043701!5m2!1ses!2ses\" style=\"border:0;\" allowfullscreen=\"\" loading=\"lazy\" referrerpolicy=\"no-referrer-when-downgrade\" width=\"600\" height=\"450\"><\/iframe>\n\n\n\n<h3 class=\"wp-block-heading\"><strong>Hospital Universitario de Vinalop\u00f3<\/strong><\/h3>\n\n\n\n<p>Carrer Tonico Sansano Mora, 14,<br>03293 Elx, Alicante<br><a href=\"https:\/\/www.vinaloposalud.com\/\">Web<\/a><br>Centralita: <a href=\"tel:966679800\">966 679 800<\/a><br>\u00c1rea del coraz\u00f3n: <a href=\"tel:660518219\">660 518 219<\/a><br>Email de contacto: <a href=\"mailto:info@vinaloposalud.com\">info@vinaloposalud.com<\/a> o <a href=\"mailto:derivacionesagp@vinaloposalud.com\">derivacionesagp@vinaloposalud.com<\/a><br>Si quieres que este sea tu hospital:<br><a href=\"tel:676699315\">676 699 315<\/a><\/p>\n\n\n\n<hr class=\"wp-block-separator has-text-color has-contrast-color has-alpha-channel-opacity has-contrast-background-color has-background is-style-wide\"\/>\n\n\n\n<p>El <strong>Hospital Universitario de Vinalop\u00f3 <\/strong>dispone de un \u00e1rea del coraz\u00f3n de primer nivel, con un enfoque integral de la asistencia, y con una unidad de referencia en <strong>cardiolog\u00eda cl\u00ednica<\/strong>. Su \u00e1rea del coraz\u00f3n ha sido premiada como <strong>una de las mejores unidades cardiol\u00f3gicas de Espa\u00f1a<\/strong>.<\/p>\n<\/div>\n<\/div>\n\n\n\n<div class=\"wp-block-columns is-layout-flex wp-container-core-columns-is-layout-9d6595d7 wp-block-columns-is-layout-flex\">\n<div class=\"wp-block-column is-layout-flow wp-block-column-is-layout-flow\" style=\"flex-basis:50%\">\n<iframe class=\"gmap\" src=\"https:\/\/www.google.com\/maps\/embed?pb=!1m18!1m12!1m3!1d2954.5697167847875!2d-8.72992828432863!3d42.2236401516979!2m3!1f0!2f0!3f0!3m2!1i1024!2i768!4f13.1!3m3!1m2!1s0xd2f620b604b7915%3A0x665511ce07def778!2sHospital%20Ribera%20Povisa!5e0!3m2!1ses!2ses!4v1663139059007!5m2!1ses!2ses\" style=\"border:0;\" allowfullscreen=\"\" loading=\"lazy\" referrerpolicy=\"no-referrer-when-downgrade\" width=\"600\" height=\"450\"><\/iframe>\n\n\n\n<h3 class=\"wp-block-heading\"><strong>Hospital Ribera Povisa<\/strong><\/h3>\n\n\n\n<p>Calle Salamanca, 5. 36211, Vigo (Pontevedra)<br><a href=\"https:\/\/www.riberasalud.com\/povisa\/\">Web<\/a><br>Centralita: <a href=\"tel:986413144\">986 413 144<\/a><br>Citas telef\u00f3nicas privados: <a href=\"tel:986120000\">986 120 000<\/a><br>Email de contacto:&nbsp;<a href=\"mailto:info@povisa.es\">info@povisa.es<\/a><br>Si quieres que este sea tu hospital:<br><a href=\"tel: 986110015\">986 110 015<\/a><\/p>\n\n\n\n<hr class=\"wp-block-separator has-text-color has-contrast-color has-alpha-channel-opacity has-contrast-background-color has-background is-style-wide\"\/>\n\n\n\n<p>El <strong>\u00c1rea del Coraz\u00f3n<\/strong> del <strong>Hospital Ribera Povisa <\/strong>ofrece un servicio integral y la <strong>m\u00e1xima calidad asistencial <\/strong>en el diagn\u00f3stico, tratamiento y prevenci\u00f3n de todas las patolog\u00edas card\u00edacas. El \u00e1rea est\u00e1 formada por un equipo de cardi\u00f3logos y profesionales de <strong>reconocido prestigio nacional e internacional<\/strong>.<\/p>\n<\/div>\n\n\n\n<div class=\"wp-block-column is-layout-flow wp-block-column-is-layout-flow\" style=\"flex-basis:50%\"><\/div>\n<\/div>\n<\/div><\/div>\n","protected":false},"excerpt":{"rendered":"<p>SOMOS GRUPO SANITARIO RIBERA D\u00f3nde estamos Hospital Universitario de Torrej\u00f3n Calle Mateo Inurria, s\/n,28850 Torrej\u00f3n de Ardoz, MadridWebCentralita: 916 262 600Email de contacto: info@torrejonsalud.comSi quieres que este sea tu hospital:608 089 134 La Unidad de Cardiolog\u00eda del Hospital Universitario de Torrej\u00f3n ofrece una cobertura completa para los pacientes con dolencias card\u00edacas con el compromiso de &#8230; <a title=\"D\u00f3nde estamos\" class=\"read-more\" href=\"https:\/\/riberasalud.com\/area-del-corazon\/donde-estamos\/\" aria-label=\"Leer m\u00e1s sobre D\u00f3nde estamos\">Leer m\u00e1s<\/a><\/p>\n","protected":false},"author":1,"featured_media":0,"parent":0,"menu_order":0,"comment_status":"closed","ping_status":"closed","template":"","meta":{"_mi_skip_tracking":false,"footnotes":""},"class_list":["post-33","page","type-page","status-publish"],"yoast_head":"<!-- This site is optimized with the Yoast SEO plugin v26.6 - https:\/\/yoast.com\/wordpress\/plugins\/seo\/ -->\n<title>D\u00f3nde estamos - \u00c1rea del coraz\u00f3n<\/title>\n<meta name=\"robots\" content=\"index, follow, max-snippet:-1, max-image-preview:large, max-video-preview:-1\" \/>\n<link rel=\"canonical\" href=\"https:\/\/riberasalud.com\/area-del-corazon\/donde-estamos\/\" \/>\n<meta property=\"og:locale\" content=\"es_ES\" \/>\n<meta property=\"og:type\" content=\"article\" \/>\n<meta property=\"og:title\" content=\"D\u00f3nde estamos - \u00c1rea del coraz\u00f3n\" \/>\n<meta property=\"og:description\" content=\"SOMOS GRUPO SANITARIO RIBERA D\u00f3nde estamos Hospital Universitario de Torrej\u00f3n Calle Mateo Inurria, s\/n,28850 Torrej\u00f3n de Ardoz, MadridWebCentralita: 916 262 600Email de contacto: info@torrejonsalud.comSi quieres que este sea tu hospital:608 089 134 La Unidad de Cardiolog\u00eda del Hospital Universitario de Torrej\u00f3n ofrece una cobertura completa para los pacientes con dolencias card\u00edacas con el compromiso de ... Leer m\u00e1s\" \/>\n<meta property=\"og:url\" content=\"https:\/\/riberasalud.com\/area-del-corazon\/donde-estamos\/\" \/>\n<meta property=\"og:site_name\" content=\"\u00c1rea del coraz\u00f3n\" \/>\n<meta property=\"article:modified_time\" content=\"2024-01-31T12:25:57+00:00\" \/>\n<meta name=\"twitter:card\" content=\"summary_large_image\" \/>\n<meta name=\"twitter:label1\" content=\"Tiempo de lectura\" \/>\n\t<meta name=\"twitter:data1\" content=\"1 minuto\" \/>\n<script type=\"application\/ld+json\" class=\"yoast-schema-graph\">{\"@context\":\"https:\/\/schema.org\",\"@graph\":[{\"@type\":\"WebPage\",\"@id\":\"https:\/\/riberasalud.com\/area-del-corazon\/donde-estamos\/\",\"url\":\"https:\/\/riberasalud.com\/area-del-corazon\/donde-estamos\/\",\"name\":\"D\u00f3nde estamos - \u00c1rea del coraz\u00f3n\",\"isPartOf\":{\"@id\":\"https:\/\/riberasalud.com\/area-del-corazon\/#website\"},\"datePublished\":\"2022-09-14T07:00:20+00:00\",\"dateModified\":\"2024-01-31T12:25:57+00:00\",\"breadcrumb\":{\"@id\":\"https:\/\/riberasalud.com\/area-del-corazon\/donde-estamos\/#breadcrumb\"},\"inLanguage\":\"es\",\"potentialAction\":[{\"@type\":\"ReadAction\",\"target\":[\"https:\/\/riberasalud.com\/area-del-corazon\/donde-estamos\/\"]}]},{\"@type\":\"BreadcrumbList\",\"@id\":\"https:\/\/riberasalud.com\/area-del-corazon\/donde-estamos\/#breadcrumb\",\"itemListElement\":[{\"@type\":\"ListItem\",\"position\":1,\"name\":\"Portada\",\"item\":\"https:\/\/riberasalud.com\/area-del-corazon\/\"},{\"@type\":\"ListItem\",\"position\":2,\"name\":\"D\u00f3nde estamos\"}]},{\"@type\":\"WebSite\",\"@id\":\"https:\/\/riberasalud.com\/area-del-corazon\/#website\",\"url\":\"https:\/\/riberasalud.com\/area-del-corazon\/\",\"name\":\"\u00c1rea del coraz\u00f3n\",\"description\":\"\",\"publisher\":{\"@id\":\"https:\/\/riberasalud.com\/area-del-corazon\/#organization\"},\"potentialAction\":[{\"@type\":\"SearchAction\",\"target\":{\"@type\":\"EntryPoint\",\"urlTemplate\":\"https:\/\/riberasalud.com\/area-del-corazon\/?s={search_term_string}\"},\"query-input\":{\"@type\":\"PropertyValueSpecification\",\"valueRequired\":true,\"valueName\":\"search_term_string\"}}],\"inLanguage\":\"es\"},{\"@type\":\"Organization\",\"@id\":\"https:\/\/riberasalud.com\/area-del-corazon\/#organization\",\"name\":\"\u00c1rea del coraz\u00f3n\",\"url\":\"https:\/\/riberasalud.com\/area-del-corazon\/\",\"logo\":{\"@type\":\"ImageObject\",\"inLanguage\":\"es\",\"@id\":\"https:\/\/riberasalud.com\/area-del-corazon\/#\/schema\/logo\/image\/\",\"url\":\"https:\/\/riberasalud.com\/area-del-corazon\/wp-content\/uploads\/2022\/09\/cropped-Logotipo-Red-qgbhgk.png\",\"contentUrl\":\"https:\/\/riberasalud.com\/area-del-corazon\/wp-content\/uploads\/2022\/09\/cropped-Logotipo-Red-qgbhgk.png\",\"width\":5001,\"height\":1976,\"caption\":\"\u00c1rea del coraz\u00f3n\"},\"image\":{\"@id\":\"https:\/\/riberasalud.com\/area-del-corazon\/#\/schema\/logo\/image\/\"}}]}<\/script>\n<!-- \/ Yoast SEO plugin. -->","yoast_head_json":{"title":"D\u00f3nde estamos - \u00c1rea del coraz\u00f3n","robots":{"index":"index","follow":"follow","max-snippet":"max-snippet:-1","max-image-preview":"max-image-preview:large","max-video-preview":"max-video-preview:-1"},"canonical":"https:\/\/riberasalud.com\/area-del-corazon\/donde-estamos\/","og_locale":"es_ES","og_type":"article","og_title":"D\u00f3nde estamos - \u00c1rea del coraz\u00f3n","og_description":"SOMOS GRUPO SANITARIO RIBERA D\u00f3nde estamos Hospital Universitario de Torrej\u00f3n Calle Mateo Inurria, s\/n,28850 Torrej\u00f3n de Ardoz, MadridWebCentralita: 916 262 600Email de contacto: info@torrejonsalud.comSi quieres que este sea tu hospital:608 089 134 La Unidad de Cardiolog\u00eda del Hospital Universitario de Torrej\u00f3n ofrece una cobertura completa para los pacientes con dolencias card\u00edacas con el compromiso de ... Leer m\u00e1s","og_url":"https:\/\/riberasalud.com\/area-del-corazon\/donde-estamos\/","og_site_name":"\u00c1rea del coraz\u00f3n","article_modified_time":"2024-01-31T12:25:57+00:00","twitter_card":"summary_large_image","twitter_misc":{"Tiempo de lectura":"1 minuto"},"schema":{"@context":"https:\/\/schema.org","@graph":[{"@type":"WebPage","@id":"https:\/\/riberasalud.com\/area-del-corazon\/donde-estamos\/","url":"https:\/\/riberasalud.com\/area-del-corazon\/donde-estamos\/","name":"D\u00f3nde estamos - \u00c1rea del coraz\u00f3n","isPartOf":{"@id":"https:\/\/riberasalud.com\/area-del-corazon\/#website"},"datePublished":"2022-09-14T07:00:20+00:00","dateModified":"2024-01-31T12:25:57+00:00","breadcrumb":{"@id":"https:\/\/riberasalud.com\/area-del-corazon\/donde-estamos\/#breadcrumb"},"inLanguage":"es","potentialAction":[{"@type":"ReadAction","target":["https:\/\/riberasalud.com\/area-del-corazon\/donde-estamos\/"]}]},{"@type":"BreadcrumbList","@id":"https:\/\/riberasalud.com\/area-del-corazon\/donde-estamos\/#breadcrumb","itemListElement":[{"@type":"ListItem","position":1,"name":"Portada","item":"https:\/\/riberasalud.com\/area-del-corazon\/"},{"@type":"ListItem","position":2,"name":"D\u00f3nde estamos"}]},{"@type":"WebSite","@id":"https:\/\/riberasalud.com\/area-del-corazon\/#website","url":"https:\/\/riberasalud.com\/area-del-corazon\/","name":"\u00c1rea del coraz\u00f3n","description":"","publisher":{"@id":"https:\/\/riberasalud.com\/area-del-corazon\/#organization"},"potentialAction":[{"@type":"SearchAction","target":{"@type":"EntryPoint","urlTemplate":"https:\/\/riberasalud.com\/area-del-corazon\/?s={search_term_string}"},"query-input":{"@type":"PropertyValueSpecification","valueRequired":true,"valueName":"search_term_string"}}],"inLanguage":"es"},{"@type":"Organization","@id":"https:\/\/riberasalud.com\/area-del-corazon\/#organization","name":"\u00c1rea del coraz\u00f3n","url":"https:\/\/riberasalud.com\/area-del-corazon\/","logo":{"@type":"ImageObject","inLanguage":"es","@id":"https:\/\/riberasalud.com\/area-del-corazon\/#\/schema\/logo\/image\/","url":"https:\/\/riberasalud.com\/area-del-corazon\/wp-content\/uploads\/2022\/09\/cropped-Logotipo-Red-qgbhgk.png","contentUrl":"https:\/\/riberasalud.com\/area-del-corazon\/wp-content\/uploads\/2022\/09\/cropped-Logotipo-Red-qgbhgk.png","width":5001,"height":1976,"caption":"\u00c1rea del coraz\u00f3n"},"image":{"@id":"https:\/\/riberasalud.com\/area-del-corazon\/#\/schema\/logo\/image\/"}}]}},"_links":{"self":[{"href":"https:\/\/riberasalud.com\/area-del-corazon\/wp-json\/wp\/v2\/pages\/33","targetHints":{"allow":["GET"]}}],"collection":[{"href":"https:\/\/riberasalud.com\/area-del-corazon\/wp-json\/wp\/v2\/pages"}],"about":[{"href":"https:\/\/riberasalud.com\/area-del-corazon\/wp-json\/wp\/v2\/types\/page"}],"author":[{"embeddable":true,"href":"https:\/\/riberasalud.com\/area-del-corazon\/wp-json\/wp\/v2\/users\/1"}],"replies":[{"embeddable":true,"href":"https:\/\/riberasalud.com\/area-del-corazon\/wp-json\/wp\/v2\/comments?post=33"}],"version-history":[{"count":19,"href":"https:\/\/riberasalud.com\/area-del-corazon\/wp-json\/wp\/v2\/pages\/33\/revisions"}],"predecessor-version":[{"id":878,"href":"https:\/\/riberasalud.com\/area-del-corazon\/wp-json\/wp\/v2\/pages\/33\/revisions\/878"}],"wp:attachment":[{"href":"https:\/\/riberasalud.com\/area-del-corazon\/wp-json\/wp\/v2\/media?parent=33"}],"curies":[{"name":"wp","href":"https:\/\/api.w.org\/{rel}","templated":true}]}}