{"id":14,"date":"2022-09-14T06:41:25","date_gmt":"2022-09-14T06:41:25","guid":{"rendered":"https:\/\/riberasalud.com\/unidad-del-corazon\/?page_id=14"},"modified":"2025-03-20T13:02:49","modified_gmt":"2025-03-20T13:02:49","slug":"quienes-somos","status":"publish","type":"page","link":"https:\/\/riberasalud.com\/area-del-corazon\/quienes-somos\/","title":{"rendered":"Qui\u00e9nes somos"},"content":{"rendered":"\n<div class=\"wp-block-group hasbackgroundnaranja sliderlinea\"><div class=\"wp-block-group__inner-container is-layout-flow wp-block-group-is-layout-flow\">\n<p>SOMOS GRUPO SANITARIO RIBERA<\/p>\n\n\n\n<h1 class=\"wp-block-heading\">Qui\u00e9nes somos<\/h1>\n<\/div><\/div>\n\n\n\n<div class=\"wp-block-group\"><div class=\"wp-block-group__inner-container is-layout-flow wp-block-group-is-layout-flow\">\n<div class=\"wp-block-group\"><div class=\"wp-block-group__inner-container is-layout-flow wp-block-group-is-layout-flow\">\n<p>El comit\u00e9 ejecutivo que coordina la <strong>Red Cardiovascular <\/strong>est\u00e1 conformado por:<\/p>\n\n\n\n<div style=\"height:30px\" aria-hidden=\"true\" class=\"wp-block-spacer\"><\/div>\n\n\n\n<div class=\"wp-block-columns equipoasistencial is-layout-flex wp-container-core-columns-is-layout-9d6595d7 wp-block-columns-is-layout-flex\">\n<div class=\"wp-block-column is-layout-flow wp-block-column-is-layout-flow\">\n<figure class=\"wp-block-image size-full is-resized\"><img loading=\"lazy\" decoding=\"async\" width=\"600\" height=\"600\" src=\"https:\/\/riberasalud.com\/area-del-corazon\/wp-content\/uploads\/2022\/09\/ALBORS-1.jpeg\" alt=\"albors\" class=\"wp-image-430\" style=\"width:150px;height:150px\" srcset=\"https:\/\/riberasalud.com\/area-del-corazon\/wp-content\/uploads\/2022\/09\/ALBORS-1.jpeg 600w, https:\/\/riberasalud.com\/area-del-corazon\/wp-content\/uploads\/2022\/09\/ALBORS-1-300x300.jpeg 300w, https:\/\/riberasalud.com\/area-del-corazon\/wp-content\/uploads\/2022\/09\/ALBORS-1-150x150.jpeg 150w\" sizes=\"auto, (max-width: 600px) 100vw, 600px\" \/><\/figure>\n\n\n\n<p class=\"nombre\"><strong>Dr. Jos\u00e9 Albors Mart\u00edn<\/strong><\/p>\n\n\n\n<p class=\"profesion\">Jefe de Servicio de Cirug\u00eda Card\u00edaca en el Hospital Universitario del Vinalop\u00f3, Elche<\/p>\n\n\n\n<div class=\"bloqueacordeon\">\n<div class=\"accordion cvv\" style=\"width:100%\"><span class=\"tituloaccordion\">Saber m\u00e1s\n<\/span><span class=\"plus\">+<\/span><\/div>\n<div class=\"panel\" style=\"display:none\">\n  <p>Licenciado en Medicina y Cirug\u00eda por la Universidad de Valencia en el a\u00f1o 2003. En el 2010 obtiene la especialidad en Cirug\u00eda Cardiovascular en el Hospital Cl\u00ednico Universitario de Valencia. En marzo de 2011 se incorpora a los Hospitales Universitarios de Vinalop\u00f3 y Torrevieja como m\u00e9dico especialista de Cirug\u00eda Card\u00edaca hasta que en octubre de 2020 se le nombra jefe de servicio de Cirug\u00eda Card\u00edaca del Hospital Universitario del Vinalop\u00f3. Desde 2020 Investigador principal en el Hospital Vinalop\u00f3 del ROMA trial en cirug\u00eda coronaria y en 2022 obtuvo la acreditaci\u00f3n por Harvard Medical School en el Surgical Leadership Program.\n<\/p>\n<\/div>\n\n\n\n\n<\/div>\n<\/div>\n\n\n\n<div class=\"wp-block-column is-layout-flow wp-block-column-is-layout-flow\">\n<figure class=\"wp-block-image size-full is-resized\"><img loading=\"lazy\" decoding=\"async\" width=\"600\" height=\"600\" src=\"https:\/\/riberasalud.com\/area-del-corazon\/wp-content\/uploads\/2022\/09\/CARLOS-DE-DIEGO1.jpeg\" alt=\"carlos de diego\" class=\"wp-image-433\" style=\"width:150px;height:150px\" srcset=\"https:\/\/riberasalud.com\/area-del-corazon\/wp-content\/uploads\/2022\/09\/CARLOS-DE-DIEGO1.jpeg 600w, https:\/\/riberasalud.com\/area-del-corazon\/wp-content\/uploads\/2022\/09\/CARLOS-DE-DIEGO1-300x300.jpeg 300w, https:\/\/riberasalud.com\/area-del-corazon\/wp-content\/uploads\/2022\/09\/CARLOS-DE-DIEGO1-150x150.jpeg 150w\" sizes=\"auto, (max-width: 600px) 100vw, 600px\" \/><\/figure>\n\n\n\n<p class=\"nombre\"><strong>Dr. Carlos De Diego Rus<\/strong><\/p>\n\n\n\n<p class=\"profesion\">Jefe de servicio de Cardiolog\u00eda del Hospital Universitario del Vinalop\u00f3, Elche<\/p>\n\n\n\n<div class=\"bloqueacordeon\">\n<div class=\"accordion cvv\" style=\"width:100%\"><span class=\"tituloaccordion\">Saber m\u00e1s\n<\/span><span class=\"plus\">+<\/span><\/div>\n<div class=\"panel\" style=\"display:none\">\n  <p>Licenciado en la facultad de Medicina de la Universidad Aut\u00f3noma de Madrid y realiz\u00f3 la especializaci\u00f3n en Cardiolog\u00eda en la Universidad Aut\u00f3noma de Madrid Fundaci\u00f3n Jim\u00e9nez-D\u00edaz. Realiz\u00f3 su especializaci\u00f3n en Electrofisiolog\u00eda\/Arritmias en la Universidad de California de Los \u00c1ngeles (UCLA) y en Espa\u00f1a (Madrid). Desde enero de 2018 es jefe de servicio del Hospital Universitario del Vinalop\u00f3.\n<\/p>\n<\/div>\n\n\n\n\n<\/div>\n<\/div>\n\n\n\n<div class=\"wp-block-column is-layout-flow wp-block-column-is-layout-flow\">\n<figure class=\"wp-block-image size-full is-resized\"><img loading=\"lazy\" decoding=\"async\" width=\"600\" height=\"600\" src=\"https:\/\/riberasalud.com\/area-del-corazon\/wp-content\/uploads\/2022\/09\/luis-gonzalez.jpg\" alt=\"luis gonzalez\" class=\"wp-image-521\" style=\"width:150px;height:150px\" srcset=\"https:\/\/riberasalud.com\/area-del-corazon\/wp-content\/uploads\/2022\/09\/luis-gonzalez.jpg 600w, https:\/\/riberasalud.com\/area-del-corazon\/wp-content\/uploads\/2022\/09\/luis-gonzalez-300x300.jpg 300w, https:\/\/riberasalud.com\/area-del-corazon\/wp-content\/uploads\/2022\/09\/luis-gonzalez-150x150.jpg 150w\" sizes=\"auto, (max-width: 600px) 100vw, 600px\" \/><\/figure>\n\n\n\n<p class=\"nombre\"><strong>Dr. Luis Gonz\u00e1lez<\/strong><\/p>\n\n\n\n<p class=\"profesion\">Coordinador de la Unidad de Electrofisiolog\u00eda del Hospital Universitario del Vinalop\u00f3, Elche<\/p>\n\n\n\n<div class=\"bloqueacordeon\">\n<div class=\"accordion cvv\" style=\"width:100%\"><span class=\"tituloaccordion\">Saber m\u00e1s\n<\/span><span class=\"plus\">+<\/span><\/div>\n<div class=\"panel\" style=\"display:none\">\n  <p>Estudi\u00f3 en la Universidad de Sevilla y se especializ\u00f3 en Cardiolog\u00eda en el Hospital Universitario Virgen Macarena de Sevilla. Es M\u00e1ster Oficial de Investigaci\u00f3n Biom\u00e9dica por la Universidad de Sevilla, M\u00e1ster de Postgrado de Formaci\u00f3n en Cuidados Card\u00edacos Agudos de la Sociedad Espa\u00f1ola de Cardiolog\u00eda por la Universidad Cat\u00f3lica San Antonio de Murcia y M\u00e1ster Universitario en Electrofisiolog\u00eda Card\u00edaca Diagn\u00f3stica y Terap\u00e9utica por la Universidad Ceu San Pablo. Realiz\u00f3 el curso de Experto en Fibrilaci\u00f3n Auricular por la Universidad de Santiago de Compostela y cuenta con la Acreditaci\u00f3n Europea en Formaci\u00f3n Espec\u00edfica para la Pr\u00e1ctica en Electrofisiolog\u00eda Cl\u00ednica Card\u00edaca Intervencionista por la Sociedad Europea de Cardiolog\u00eda y la EHRA.\n<\/p>\n<\/div>\n\n\n\n\n<\/div>\n<\/div>\n<\/div>\n\n\n\n<div class=\"wp-block-columns equipoasistencial ocultarambos is-layout-flex wp-container-core-columns-is-layout-9d6595d7 wp-block-columns-is-layout-flex\">\n<div class=\"wp-block-column is-layout-flow wp-block-column-is-layout-flow\">\n<figure class=\"wp-block-image size-large is-resized\"><img loading=\"lazy\" decoding=\"async\" width=\"1024\" height=\"1024\" src=\"https:\/\/riberasalud.com\/area-del-corazon\/wp-content\/uploads\/2022\/09\/Dr.-Castedo-3-scaled-1-1024x1024.jpg\" alt=\"castedo\" class=\"wp-image-437\" style=\"width:150px;height:150px\" srcset=\"https:\/\/riberasalud.com\/area-del-corazon\/wp-content\/uploads\/2022\/09\/Dr.-Castedo-3-scaled-1-1024x1024.jpg 1024w, https:\/\/riberasalud.com\/area-del-corazon\/wp-content\/uploads\/2022\/09\/Dr.-Castedo-3-scaled-1-300x300.jpg 300w, https:\/\/riberasalud.com\/area-del-corazon\/wp-content\/uploads\/2022\/09\/Dr.-Castedo-3-scaled-1-150x150.jpg 150w, https:\/\/riberasalud.com\/area-del-corazon\/wp-content\/uploads\/2022\/09\/Dr.-Castedo-3-scaled-1-768x768.jpg 768w, https:\/\/riberasalud.com\/area-del-corazon\/wp-content\/uploads\/2022\/09\/Dr.-Castedo-3-scaled-1-1536x1536.jpg 1536w, https:\/\/riberasalud.com\/area-del-corazon\/wp-content\/uploads\/2022\/09\/Dr.-Castedo-3-scaled-1.jpg 1594w\" sizes=\"auto, (max-width: 1024px) 100vw, 1024px\" \/><\/figure>\n\n\n\n<p class=\"nombre\"><strong>Dr. Evaristo <\/strong><br><strong>Castedo<\/strong><\/p>\n\n\n\n<p class=\"profesion\">Co-jefe de servicio de Cirug\u00eda Card\u00edaca del Hospital Universitario de Torrej\u00f3n<\/p>\n\n\n\n<div class=\"bloqueacordeon\">\n<div class=\"accordion cvv\" style=\"width:100%\"><span class=\"tituloaccordion\">Saber m\u00e1s\n<\/span><span class=\"plus\">+<\/span><\/div>\n<div class=\"panel\" style=\"display:none\">\n  <p>Cirujano cardiovascular con m\u00e1s de 25 a\u00f1os de experiencia profesional. Licenciado en la Universidad de Navarra, realiz\u00f3 la especialidad en la Cl\u00ednica Puerta de Hierro y es Doctor en Medicina por la Universidad Aut\u00f3noma de Madrid.<br>\nEs miembro Numerario de la Sociedad Espa\u00f1ola de Cirug\u00eda Tor\u00e1cica-Cardiovascular desde junio 2002 hasta la actualidad.<br>\nActualmente es Jefe de Servicio de Cirug\u00eda Card\u00edaca del Hospital Universitario de Torrej\u00f3n, Codirector de la Unidad de Cirug\u00eda Cardiovascular del Hospital Viamed Virgen de la Paloma y Cofounder de Cirug\u00eda Card\u00edaca Madrid.\n<\/p>\n<\/div>\n\n\n\n\n<\/div>\n<\/div>\n\n\n\n<div class=\"wp-block-column is-layout-flow wp-block-column-is-layout-flow\">\n<figure class=\"wp-block-image size-large is-resized\"><img loading=\"lazy\" decoding=\"async\" width=\"1024\" height=\"1024\" src=\"https:\/\/riberasalud.com\/area-del-corazon\/wp-content\/uploads\/2022\/09\/Dra.-Marti\u0301nez-3-copia-1024x1024.jpg\" alt=\"martinez\" class=\"wp-image-485\" style=\"width:150px;height:150px\" srcset=\"https:\/\/riberasalud.com\/area-del-corazon\/wp-content\/uploads\/2022\/09\/Dra.-Marti\u0301nez-3-copia-1024x1024.jpg 1024w, https:\/\/riberasalud.com\/area-del-corazon\/wp-content\/uploads\/2022\/09\/Dra.-Marti\u0301nez-3-copia-300x300.jpg 300w, https:\/\/riberasalud.com\/area-del-corazon\/wp-content\/uploads\/2022\/09\/Dra.-Marti\u0301nez-3-copia-150x150.jpg 150w, https:\/\/riberasalud.com\/area-del-corazon\/wp-content\/uploads\/2022\/09\/Dra.-Marti\u0301nez-3-copia-768x768.jpg 768w, https:\/\/riberasalud.com\/area-del-corazon\/wp-content\/uploads\/2022\/09\/Dra.-Marti\u0301nez-3-copia-1536x1536.jpg 1536w, https:\/\/riberasalud.com\/area-del-corazon\/wp-content\/uploads\/2022\/09\/Dra.-Marti\u0301nez-3-copia-2048x2048.jpg 2048w\" sizes=\"auto, (max-width: 1024px) 100vw, 1024px\" \/><\/figure>\n\n\n\n<p class=\"nombre\"><strong>Dr. Paloma Mart\u00ednez-Cabeza<\/strong><\/p>\n\n\n\n<p class=\"profesion\">Co-jefa de servicio de Cirug\u00eda Card\u00edaca del Hospital Universitario de Torrej\u00f3n<\/p>\n\n\n\n<div class=\"bloqueacordeon\">\n<div class=\"accordion cvv\" style=\"width:100%\"><span class=\"tituloaccordion\">Saber m\u00e1s\n<\/span><span class=\"plus\">+<\/span><\/div>\n<div class=\"panel\" style=\"display:none\">\n  <p>Licenciada en Medicina y Cirug\u00eda, Universidad Complutense de Madrid (2007). Especialista en Cirug\u00eda Cardiovascular, Cl\u00ednica Puerta de Hierro, Madrid (2013). Fellow of the European Board of Cardiothoracic Surgery (FEBCTS), Bruselas (2016).\n<\/p>\n<\/div>\n\n\n\n\n<\/div>\n<\/div>\n\n\n\n<div class=\"wp-block-column is-layout-flow wp-block-column-is-layout-flow\">\n<figure class=\"wp-block-image size-full is-resized\"><img loading=\"lazy\" decoding=\"async\" width=\"348\" height=\"348\" src=\"https:\/\/riberasalud.com\/area-del-corazon\/wp-content\/uploads\/2022\/09\/FOTO-JUAN-CARLOS-ARIAS.jpg\" alt=\"Juan Carlos\" class=\"wp-image-435\" style=\"width:150px;height:150px\" srcset=\"https:\/\/riberasalud.com\/area-del-corazon\/wp-content\/uploads\/2022\/09\/FOTO-JUAN-CARLOS-ARIAS.jpg 348w, https:\/\/riberasalud.com\/area-del-corazon\/wp-content\/uploads\/2022\/09\/FOTO-JUAN-CARLOS-ARIAS-300x300.jpg 300w, https:\/\/riberasalud.com\/area-del-corazon\/wp-content\/uploads\/2022\/09\/FOTO-JUAN-CARLOS-ARIAS-150x150.jpg 150w\" sizes=\"auto, (max-width: 348px) 100vw, 348px\" \/><\/figure>\n\n\n\n<p class=\"nombre\"><strong>Dr. Juan Carlos Arias Casta\u00f1o<\/strong><\/p>\n\n\n\n<p class=\"profesion\">Jefe de servicio de Cardiolog\u00eda del Hospital Ribera Povisa de Vigo<\/p>\n\n\n\n<div class=\"bloqueacordeon\">\n<div class=\"accordion cvv\" style=\"width:100%\"><span class=\"tituloaccordion\">Saber m\u00e1s\n<\/span><span class=\"plus\">+<\/span><\/div>\n<div class=\"panel\" style=\"display:none\">\n  <p>\n    Licenciado en Medicina y Cirug\u00eda por la Universidad de Santiago de Compostela (1988)<br>\n    Especializaci\u00f3n en cardiolog\u00eda en el Hospital Central de Asturias (1994-1999)<br>\n    Facultativo especialista de \u00e1rea en el Complejo Hospitalario de Pontevedra (2000-2007)<br>\n    Jefe de Secci\u00f3n en el servicio de cardiolog\u00eda del Hospital Povisa en Vigo (2007-2012)<br>\n    Jefe de Servicio de Cardiolog\u00eda en el Hospital Povisa en Vigo (2012-actualidad)\n<\/p>\n<\/div>\n\n\n\n\n<\/div>\n<script>\nvar acc = document.getElementsByClassName(\"accordion\");\nvar i;\n\nfor (i = 0; i < acc.length; i++) {\n  acc[i].addEventListener(\"click\", function() {\n    var panel = this.nextElementSibling;\n    if (panel.style.display === \"block\") {document.getElementsByClassName('active')[0].getElementsByClassName('plus')[0].innerHTML=\"+\" ;}\n    this.classList.toggle(\"active\");\n\n    if (panel.style.display === \"block\") {\n      panel.style.display = \"none\";\n\n    } else {\n      panel.style.display = \"block\";\ndocument.getElementsByClassName('active')[0].getElementsByClassName('plus')[0].innerHTML=\"-\" ;\n    }\n  });\n}\n<\/script>\n<\/div>\n\n\n\n<div class=\"wp-block-column is-layout-flow wp-block-column-is-layout-flow\"><\/div>\n<\/div>\n\n\n\n<h2 class=\"wp-block-heading has-text-align-left\" id=\"servicios\">Equipo multidisciplinar<\/h2>\n\n\n\n<p>El <strong>\u00c1rea del Coraz\u00f3n <\/strong>del grupo sanitario <strong>Ribera <\/strong>ofrece a las pacientes un <strong>equipo multidisciplinar <\/strong>de especialistas en Cardiolog\u00eda, Cirug\u00eda Card\u00edaca, Internistas, Anestesi\u00f3logos, Intensivistas, M\u00e9dicos de atenci\u00f3n primaria y del servicio de Urgencias y enfermer\u00eda de estas Unidades. Todos ellos enfocados al <strong>diagn\u00f3stico y abordaje de las patolog\u00edas cardiovasculares<\/strong>.<\/p>\n\n\n\n<p>Los hospitales trabajan en red y los mejores profesionales de todos los centros sanitarios del grupo estudian y valoran cada caso para abordar las mejores opciones cl\u00ednicas para cada paciente.<\/p>\n<\/div><\/div>\n<\/div><\/div>\n","protected":false},"excerpt":{"rendered":"<p>SOMOS GRUPO SANITARIO RIBERA Qui\u00e9nes somos El comit\u00e9 ejecutivo que coordina la Red Cardiovascular est\u00e1 conformado por: Dr. Jos\u00e9 Albors Mart\u00edn Jefe de Servicio de Cirug\u00eda Card\u00edaca en el Hospital Universitario del Vinalop\u00f3, Elche Saber m\u00e1s + Licenciado en Medicina y Cirug\u00eda por la Universidad de Valencia en el a\u00f1o 2003. En el 2010 obtiene &#8230; <a title=\"Qui\u00e9nes somos\" class=\"read-more\" href=\"https:\/\/riberasalud.com\/area-del-corazon\/quienes-somos\/\" aria-label=\"Leer m\u00e1s sobre Qui\u00e9nes somos\">Leer m\u00e1s<\/a><\/p>\n","protected":false},"author":1,"featured_media":0,"parent":0,"menu_order":0,"comment_status":"closed","ping_status":"closed","template":"","meta":{"_mi_skip_tracking":false,"footnotes":""},"class_list":["post-14","page","type-page","status-publish"],"yoast_head":"<!-- This site is optimized with the Yoast SEO plugin v26.6 - https:\/\/yoast.com\/wordpress\/plugins\/seo\/ -->\n<title>Qui\u00e9nes somos - \u00c1rea del coraz\u00f3n<\/title>\n<meta name=\"robots\" content=\"index, follow, max-snippet:-1, max-image-preview:large, max-video-preview:-1\" \/>\n<link rel=\"canonical\" href=\"https:\/\/riberasalud.com\/area-del-corazon\/quienes-somos\/\" \/>\n<meta property=\"og:locale\" content=\"es_ES\" \/>\n<meta property=\"og:type\" content=\"article\" \/>\n<meta property=\"og:title\" content=\"Qui\u00e9nes somos - \u00c1rea del coraz\u00f3n\" \/>\n<meta property=\"og:description\" content=\"SOMOS GRUPO SANITARIO RIBERA Qui\u00e9nes somos El comit\u00e9 ejecutivo que coordina la Red Cardiovascular est\u00e1 conformado por: Dr. Jos\u00e9 Albors Mart\u00edn Jefe de Servicio de Cirug\u00eda Card\u00edaca en el Hospital Universitario del Vinalop\u00f3, Elche Saber m\u00e1s + Licenciado en Medicina y Cirug\u00eda por la Universidad de Valencia en el a\u00f1o 2003. En el 2010 obtiene ... Leer m\u00e1s\" \/>\n<meta property=\"og:url\" content=\"https:\/\/riberasalud.com\/area-del-corazon\/quienes-somos\/\" \/>\n<meta property=\"og:site_name\" content=\"\u00c1rea del coraz\u00f3n\" \/>\n<meta property=\"article:modified_time\" content=\"2025-03-20T13:02:49+00:00\" \/>\n<meta property=\"og:image\" content=\"https:\/\/riberasalud.com\/area-del-corazon\/wp-content\/uploads\/2022\/09\/ALBORS-1.jpeg\" \/>\n<meta name=\"twitter:card\" content=\"summary_large_image\" \/>\n<meta name=\"twitter:label1\" content=\"Tiempo de lectura\" \/>\n\t<meta name=\"twitter:data1\" content=\"5 minutos\" \/>\n<script type=\"application\/ld+json\" class=\"yoast-schema-graph\">{\"@context\":\"https:\/\/schema.org\",\"@graph\":[{\"@type\":\"WebPage\",\"@id\":\"https:\/\/riberasalud.com\/area-del-corazon\/quienes-somos\/\",\"url\":\"https:\/\/riberasalud.com\/area-del-corazon\/quienes-somos\/\",\"name\":\"Qui\u00e9nes somos - \u00c1rea del coraz\u00f3n\",\"isPartOf\":{\"@id\":\"https:\/\/riberasalud.com\/area-del-corazon\/#website\"},\"primaryImageOfPage\":{\"@id\":\"https:\/\/riberasalud.com\/area-del-corazon\/quienes-somos\/#primaryimage\"},\"image\":{\"@id\":\"https:\/\/riberasalud.com\/area-del-corazon\/quienes-somos\/#primaryimage\"},\"thumbnailUrl\":\"https:\/\/riberasalud.com\/area-del-corazon\/wp-content\/uploads\/2022\/09\/ALBORS-1.jpeg\",\"datePublished\":\"2022-09-14T06:41:25+00:00\",\"dateModified\":\"2025-03-20T13:02:49+00:00\",\"breadcrumb\":{\"@id\":\"https:\/\/riberasalud.com\/area-del-corazon\/quienes-somos\/#breadcrumb\"},\"inLanguage\":\"es\",\"potentialAction\":[{\"@type\":\"ReadAction\",\"target\":[\"https:\/\/riberasalud.com\/area-del-corazon\/quienes-somos\/\"]}]},{\"@type\":\"ImageObject\",\"inLanguage\":\"es\",\"@id\":\"https:\/\/riberasalud.com\/area-del-corazon\/quienes-somos\/#primaryimage\",\"url\":\"https:\/\/riberasalud.com\/area-del-corazon\/wp-content\/uploads\/2022\/09\/ALBORS-1.jpeg\",\"contentUrl\":\"https:\/\/riberasalud.com\/area-del-corazon\/wp-content\/uploads\/2022\/09\/ALBORS-1.jpeg\"},{\"@type\":\"BreadcrumbList\",\"@id\":\"https:\/\/riberasalud.com\/area-del-corazon\/quienes-somos\/#breadcrumb\",\"itemListElement\":[{\"@type\":\"ListItem\",\"position\":1,\"name\":\"Portada\",\"item\":\"https:\/\/riberasalud.com\/area-del-corazon\/\"},{\"@type\":\"ListItem\",\"position\":2,\"name\":\"Qui\u00e9nes somos\"}]},{\"@type\":\"WebSite\",\"@id\":\"https:\/\/riberasalud.com\/area-del-corazon\/#website\",\"url\":\"https:\/\/riberasalud.com\/area-del-corazon\/\",\"name\":\"\u00c1rea del coraz\u00f3n\",\"description\":\"\",\"publisher\":{\"@id\":\"https:\/\/riberasalud.com\/area-del-corazon\/#organization\"},\"potentialAction\":[{\"@type\":\"SearchAction\",\"target\":{\"@type\":\"EntryPoint\",\"urlTemplate\":\"https:\/\/riberasalud.com\/area-del-corazon\/?s={search_term_string}\"},\"query-input\":{\"@type\":\"PropertyValueSpecification\",\"valueRequired\":true,\"valueName\":\"search_term_string\"}}],\"inLanguage\":\"es\"},{\"@type\":\"Organization\",\"@id\":\"https:\/\/riberasalud.com\/area-del-corazon\/#organization\",\"name\":\"\u00c1rea del coraz\u00f3n\",\"url\":\"https:\/\/riberasalud.com\/area-del-corazon\/\",\"logo\":{\"@type\":\"ImageObject\",\"inLanguage\":\"es\",\"@id\":\"https:\/\/riberasalud.com\/area-del-corazon\/#\/schema\/logo\/image\/\",\"url\":\"https:\/\/riberasalud.com\/area-del-corazon\/wp-content\/uploads\/2022\/09\/cropped-Logotipo-Red-qgbhgk.png\",\"contentUrl\":\"https:\/\/riberasalud.com\/area-del-corazon\/wp-content\/uploads\/2022\/09\/cropped-Logotipo-Red-qgbhgk.png\",\"width\":5001,\"height\":1976,\"caption\":\"\u00c1rea del coraz\u00f3n\"},\"image\":{\"@id\":\"https:\/\/riberasalud.com\/area-del-corazon\/#\/schema\/logo\/image\/\"}}]}<\/script>\n<!-- \/ Yoast SEO plugin. -->","yoast_head_json":{"title":"Qui\u00e9nes somos - \u00c1rea del coraz\u00f3n","robots":{"index":"index","follow":"follow","max-snippet":"max-snippet:-1","max-image-preview":"max-image-preview:large","max-video-preview":"max-video-preview:-1"},"canonical":"https:\/\/riberasalud.com\/area-del-corazon\/quienes-somos\/","og_locale":"es_ES","og_type":"article","og_title":"Qui\u00e9nes somos - \u00c1rea del coraz\u00f3n","og_description":"SOMOS GRUPO SANITARIO RIBERA Qui\u00e9nes somos El comit\u00e9 ejecutivo que coordina la Red Cardiovascular est\u00e1 conformado por: Dr. Jos\u00e9 Albors Mart\u00edn Jefe de Servicio de Cirug\u00eda Card\u00edaca en el Hospital Universitario del Vinalop\u00f3, Elche Saber m\u00e1s + Licenciado en Medicina y Cirug\u00eda por la Universidad de Valencia en el a\u00f1o 2003. En el 2010 obtiene ... Leer m\u00e1s","og_url":"https:\/\/riberasalud.com\/area-del-corazon\/quienes-somos\/","og_site_name":"\u00c1rea del coraz\u00f3n","article_modified_time":"2025-03-20T13:02:49+00:00","og_image":[{"url":"https:\/\/riberasalud.com\/area-del-corazon\/wp-content\/uploads\/2022\/09\/ALBORS-1.jpeg","type":"","width":"","height":""}],"twitter_card":"summary_large_image","twitter_misc":{"Tiempo de lectura":"5 minutos"},"schema":{"@context":"https:\/\/schema.org","@graph":[{"@type":"WebPage","@id":"https:\/\/riberasalud.com\/area-del-corazon\/quienes-somos\/","url":"https:\/\/riberasalud.com\/area-del-corazon\/quienes-somos\/","name":"Qui\u00e9nes somos - \u00c1rea del coraz\u00f3n","isPartOf":{"@id":"https:\/\/riberasalud.com\/area-del-corazon\/#website"},"primaryImageOfPage":{"@id":"https:\/\/riberasalud.com\/area-del-corazon\/quienes-somos\/#primaryimage"},"image":{"@id":"https:\/\/riberasalud.com\/area-del-corazon\/quienes-somos\/#primaryimage"},"thumbnailUrl":"https:\/\/riberasalud.com\/area-del-corazon\/wp-content\/uploads\/2022\/09\/ALBORS-1.jpeg","datePublished":"2022-09-14T06:41:25+00:00","dateModified":"2025-03-20T13:02:49+00:00","breadcrumb":{"@id":"https:\/\/riberasalud.com\/area-del-corazon\/quienes-somos\/#breadcrumb"},"inLanguage":"es","potentialAction":[{"@type":"ReadAction","target":["https:\/\/riberasalud.com\/area-del-corazon\/quienes-somos\/"]}]},{"@type":"ImageObject","inLanguage":"es","@id":"https:\/\/riberasalud.com\/area-del-corazon\/quienes-somos\/#primaryimage","url":"https:\/\/riberasalud.com\/area-del-corazon\/wp-content\/uploads\/2022\/09\/ALBORS-1.jpeg","contentUrl":"https:\/\/riberasalud.com\/area-del-corazon\/wp-content\/uploads\/2022\/09\/ALBORS-1.jpeg"},{"@type":"BreadcrumbList","@id":"https:\/\/riberasalud.com\/area-del-corazon\/quienes-somos\/#breadcrumb","itemListElement":[{"@type":"ListItem","position":1,"name":"Portada","item":"https:\/\/riberasalud.com\/area-del-corazon\/"},{"@type":"ListItem","position":2,"name":"Qui\u00e9nes somos"}]},{"@type":"WebSite","@id":"https:\/\/riberasalud.com\/area-del-corazon\/#website","url":"https:\/\/riberasalud.com\/area-del-corazon\/","name":"\u00c1rea del coraz\u00f3n","description":"","publisher":{"@id":"https:\/\/riberasalud.com\/area-del-corazon\/#organization"},"potentialAction":[{"@type":"SearchAction","target":{"@type":"EntryPoint","urlTemplate":"https:\/\/riberasalud.com\/area-del-corazon\/?s={search_term_string}"},"query-input":{"@type":"PropertyValueSpecification","valueRequired":true,"valueName":"search_term_string"}}],"inLanguage":"es"},{"@type":"Organization","@id":"https:\/\/riberasalud.com\/area-del-corazon\/#organization","name":"\u00c1rea del coraz\u00f3n","url":"https:\/\/riberasalud.com\/area-del-corazon\/","logo":{"@type":"ImageObject","inLanguage":"es","@id":"https:\/\/riberasalud.com\/area-del-corazon\/#\/schema\/logo\/image\/","url":"https:\/\/riberasalud.com\/area-del-corazon\/wp-content\/uploads\/2022\/09\/cropped-Logotipo-Red-qgbhgk.png","contentUrl":"https:\/\/riberasalud.com\/area-del-corazon\/wp-content\/uploads\/2022\/09\/cropped-Logotipo-Red-qgbhgk.png","width":5001,"height":1976,"caption":"\u00c1rea del coraz\u00f3n"},"image":{"@id":"https:\/\/riberasalud.com\/area-del-corazon\/#\/schema\/logo\/image\/"}}]}},"_links":{"self":[{"href":"https:\/\/riberasalud.com\/area-del-corazon\/wp-json\/wp\/v2\/pages\/14","targetHints":{"allow":["GET"]}}],"collection":[{"href":"https:\/\/riberasalud.com\/area-del-corazon\/wp-json\/wp\/v2\/pages"}],"about":[{"href":"https:\/\/riberasalud.com\/area-del-corazon\/wp-json\/wp\/v2\/types\/page"}],"author":[{"embeddable":true,"href":"https:\/\/riberasalud.com\/area-del-corazon\/wp-json\/wp\/v2\/users\/1"}],"replies":[{"embeddable":true,"href":"https:\/\/riberasalud.com\/area-del-corazon\/wp-json\/wp\/v2\/comments?post=14"}],"version-history":[{"count":46,"href":"https:\/\/riberasalud.com\/area-del-corazon\/wp-json\/wp\/v2\/pages\/14\/revisions"}],"predecessor-version":[{"id":1007,"href":"https:\/\/riberasalud.com\/area-del-corazon\/wp-json\/wp\/v2\/pages\/14\/revisions\/1007"}],"wp:attachment":[{"href":"https:\/\/riberasalud.com\/area-del-corazon\/wp-json\/wp\/v2\/media?parent=14"}],"curies":[{"name":"wp","href":"https:\/\/api.w.org\/{rel}","templated":true}]}}