{"id":154,"date":"2021-11-11T12:49:24","date_gmt":"2021-11-11T12:49:24","guid":{"rendered":"https:\/\/riberasalud.com\/area-de-salud-mental\/?page_id=154"},"modified":"2022-04-28T12:48:01","modified_gmt":"2022-04-28T12:48:01","slug":"blog","status":"publish","type":"page","link":"https:\/\/riberasalud.com\/area-de-salud-mental\/blog\/","title":{"rendered":"Blog"},"content":{"rendered":"\n<div class=\"wp-block-group backgroundbanner\"><div class=\"wp-block-group__inner-container is-layout-flow wp-block-group-is-layout-flow\">\n<p class=\"has-text-align-center\" style=\"font-size:40px\"><span style=\"color: #4b4a4a;\" class=\"ugb-highlight\">Actualidad<\/span><\/p>\n<\/div><\/div>\n\n\n\n<div class=\"wp-block-group\"><div class=\"wp-block-group__inner-container is-layout-flow wp-block-group-is-layout-flow\">\n<div class=\"wp-block-stackable-posts stk-block-posts stk-block stk-2ecbda3\" data-block-id=\"2ecbda3\"><style>.stk-2ecbda3-container .stk-img-wrapper{width:100% !important;height:251px !important}.stk-2ecbda3-container .stk-img-wrapper img{border-radius:15px !important}.stk-2ecbda3 .stk-block-posts__title a{color:#d11728 !important}.stk-2ecbda3 .stk-block-posts__excerpt p{font-size:13px !important;color:#706f6f !important}@media screen and (max-width:1023px){.stk-2ecbda3 .stk-block-posts__excerpt p{font-size:13px !important}}.stk-2ecbda3 .stk-block-posts__readmore{font-size:15px !important;color:#d11728 !important}@media screen and (max-width:1023px){.stk-2ecbda3 .stk-block-posts__readmore{font-size:15px !important}}<\/style><div class=\"stk-inner-blocks stk-content-align stk-2ecbda3-column\"><div class=\"stk-block-posts__items\"><div class=\"stk-block-posts__item\"><div class=\"stk-container stk-2ecbda3-container stk--no-background stk--no-padding\"><article><a href=\"https:\/\/riberasalud.com\/area-de-salud-mental\/2022\/08\/03\/profesionales-de-ribera-recomiendan-la-musicoterapia-para-reducir-la-ansiedad-dolor-y-estres-en-los-pacientes\/\" class=\"stk-block-posts__image-link\"><figure class=\"stk-img-wrapper\"><img loading=\"lazy\" decoding=\"async\" width=\"800\" height=\"600\" src=\"https:\/\/riberasalud.com\/area-de-salud-mental\/wp-content\/uploads\/2022\/08\/Paciente-escucha-lista-reproduccio\u0301n-Ribera-en-Spotify.jpg\" class=\"attachment-full size-full wp-post-image\" alt=\"lista\" srcset=\"https:\/\/riberasalud.com\/area-de-salud-mental\/wp-content\/uploads\/2022\/08\/Paciente-escucha-lista-reproduccio\u0301n-Ribera-en-Spotify.jpg 800w, https:\/\/riberasalud.com\/area-de-salud-mental\/wp-content\/uploads\/2022\/08\/Paciente-escucha-lista-reproduccio\u0301n-Ribera-en-Spotify-300x225.jpg 300w, https:\/\/riberasalud.com\/area-de-salud-mental\/wp-content\/uploads\/2022\/08\/Paciente-escucha-lista-reproduccio\u0301n-Ribera-en-Spotify-768x576.jpg 768w, https:\/\/riberasalud.com\/area-de-salud-mental\/wp-content\/uploads\/2022\/08\/Paciente-escucha-lista-reproduccio\u0301n-Ribera-en-Spotify-560x420.jpg 560w\" sizes=\"auto, (max-width: 800px) 100vw, 800px\" \/><\/figure><\/a><h5 class=\"stk-block-posts__title has-text-color\"><a href='https:\/\/riberasalud.com\/area-de-salud-mental\/2022\/08\/03\/profesionales-de-ribera-recomiendan-la-musicoterapia-para-reducir-la-ansiedad-dolor-y-estres-en-los-pacientes\/'>Profesionales de Ribera recomiendan la m\u00fasicoterapia para reducir la ansiedad, dolor y estr\u00e9s en los pacientes<\/a><\/h5><div class=\"stk-block-posts__excerpt has-text-color\"><p>&nbsp;&nbsp;&nbsp;Los hospitales del grupo sanitario utilizan cada vez m\u00e1s esta herramienta terap\u00e9utica tras comprobar sus beneficios en trastornos de ansiedad, sue\u00f1o, depresivos, fobias y personalidad, entre otros perfiles, y pone en marcha un&nbsp;canal en SpotifyEn&hellip;<\/p>\n<\/div><a class=\"stk-block-posts__readmore has-text-color\" href=\"https:\/\/riberasalud.com\/area-de-salud-mental\/2022\/08\/03\/profesionales-de-ribera-recomiendan-la-musicoterapia-para-reducir-la-ansiedad-dolor-y-estres-en-los-pacientes\/\">Seguir leyendo<\/a><\/article><\/div><\/div><div class=\"stk-block-posts__item\"><div class=\"stk-container stk-2ecbda3-container stk--no-background stk--no-padding\"><article><a href=\"https:\/\/riberasalud.com\/area-de-salud-mental\/2022\/01\/18\/estamos-mas-tristes-especialistas-del-grupo-ribera-avisan-del-aumento-de-malestar-emocional-soledad-y-desesperanza\/\" class=\"stk-block-posts__image-link\"><figure class=\"stk-img-wrapper\"><img loading=\"lazy\" decoding=\"async\" width=\"800\" height=\"533\" src=\"https:\/\/riberasalud.com\/area-de-salud-mental\/wp-content\/uploads\/2022\/01\/Profesional-grupo-Ribera-atiende-a-paciente.jpg\" class=\"attachment-full size-full wp-post-image\" alt=\"grupo ribera\" srcset=\"https:\/\/riberasalud.com\/area-de-salud-mental\/wp-content\/uploads\/2022\/01\/Profesional-grupo-Ribera-atiende-a-paciente.jpg 800w, https:\/\/riberasalud.com\/area-de-salud-mental\/wp-content\/uploads\/2022\/01\/Profesional-grupo-Ribera-atiende-a-paciente-300x200.jpg 300w, https:\/\/riberasalud.com\/area-de-salud-mental\/wp-content\/uploads\/2022\/01\/Profesional-grupo-Ribera-atiende-a-paciente-768x512.jpg 768w\" sizes=\"auto, (max-width: 800px) 100vw, 800px\" \/><\/figure><\/a><h5 class=\"stk-block-posts__title has-text-color\"><a href='https:\/\/riberasalud.com\/area-de-salud-mental\/2022\/01\/18\/estamos-mas-tristes-especialistas-del-grupo-ribera-avisan-del-aumento-de-malestar-emocional-soledad-y-desesperanza\/'>\u201cEstamos m\u00e1s tristes\u201d: especialistas del grupo Ribera avisan del aumento de malestar emocional, soledad y desesperanza<\/a><\/h5><div class=\"stk-block-posts__excerpt has-text-color\"><p>Psiquiatras y psic\u00f3logos cl\u00ednicos aseguran que \u201ces normal y natural estar triste\u201d pero hay que prestar atenci\u00f3n a la \u201ctristeza vital\u201d, m\u00e1s profunda y larga en el tiempo, s\u00edntoma de depresi\u00f3n y que provoca falta&hellip;<\/p>\n<\/div><a class=\"stk-block-posts__readmore has-text-color\" href=\"https:\/\/riberasalud.com\/area-de-salud-mental\/2022\/01\/18\/estamos-mas-tristes-especialistas-del-grupo-ribera-avisan-del-aumento-de-malestar-emocional-soledad-y-desesperanza\/\">Seguir leyendo<\/a><\/article><\/div><\/div><div class=\"stk-block-posts__item\"><div class=\"stk-container stk-2ecbda3-container stk--no-background stk--no-padding\"><article><a href=\"https:\/\/riberasalud.com\/area-de-salud-mental\/2021\/11\/11\/el-el-servicio-de-psiquiatria-del-hospital-universitario-de-torrejon-alerta-del-aumento-de-trastornos-de-la-conducta-alimentaria-en-adolescentes-por-la-pandemia\/\" class=\"stk-block-posts__image-link\"><figure class=\"stk-img-wrapper\"><img loading=\"lazy\" decoding=\"async\" width=\"399\" height=\"205\" src=\"https:\/\/riberasalud.com\/area-de-salud-mental\/wp-content\/uploads\/2021\/11\/phpThumb_generated_thumbnail-1-1.jpeg\" class=\"attachment-full size-full wp-post-image\" alt=\"\" srcset=\"https:\/\/riberasalud.com\/area-de-salud-mental\/wp-content\/uploads\/2021\/11\/phpThumb_generated_thumbnail-1-1.jpeg 399w, https:\/\/riberasalud.com\/area-de-salud-mental\/wp-content\/uploads\/2021\/11\/phpThumb_generated_thumbnail-1-1-300x154.jpeg 300w\" sizes=\"auto, (max-width: 399px) 100vw, 399px\" \/><\/figure><\/a><h5 class=\"stk-block-posts__title has-text-color\"><a href='https:\/\/riberasalud.com\/area-de-salud-mental\/2021\/11\/11\/el-el-servicio-de-psiquiatria-del-hospital-universitario-de-torrejon-alerta-del-aumento-de-trastornos-de-la-conducta-alimentaria-en-adolescentes-por-la-pandemia\/'>El servicio de psiquiatr\u00eda del Hospital Universitario de Torrej\u00f3n alerta del aumento de trastornos de la conducta alimentaria en adolescentes por la pandemia<\/a><\/h5><div class=\"stk-block-posts__excerpt has-text-color\"><p>Los profesionales detectan pacientes cada vez m\u00e1s j\u00f3venes, con una edad media de 13 a\u00f1os, y un mayor n\u00famero de varones que antes del coronavirus, en relaci\u00f3n al aumento total de casosPrincipalmente se tratan trastornos&hellip;<\/p>\n<\/div><a class=\"stk-block-posts__readmore has-text-color\" href=\"https:\/\/riberasalud.com\/area-de-salud-mental\/2021\/11\/11\/el-el-servicio-de-psiquiatria-del-hospital-universitario-de-torrejon-alerta-del-aumento-de-trastornos-de-la-conducta-alimentaria-en-adolescentes-por-la-pandemia\/\">Seguir leyendo<\/a><\/article><\/div><\/div><div class=\"stk-block-posts__item\"><div class=\"stk-container stk-2ecbda3-container stk--no-background stk--no-padding\"><article><a href=\"https:\/\/riberasalud.com\/area-de-salud-mental\/2021\/11\/11\/el-hospital-universitario-de-torrejon-detecta-un-aumento-de-problemas-de-salud-mental-en-pacientes-infanto-juveniles\/\" class=\"stk-block-posts__image-link\"><figure class=\"stk-img-wrapper\"><img loading=\"lazy\" decoding=\"async\" width=\"399\" height=\"205\" src=\"https:\/\/riberasalud.com\/area-de-salud-mental\/wp-content\/uploads\/2021\/11\/phpThumb_generated_thumbnail.jpeg\" class=\"attachment-full size-full wp-post-image\" alt=\"\" srcset=\"https:\/\/riberasalud.com\/area-de-salud-mental\/wp-content\/uploads\/2021\/11\/phpThumb_generated_thumbnail.jpeg 399w, https:\/\/riberasalud.com\/area-de-salud-mental\/wp-content\/uploads\/2021\/11\/phpThumb_generated_thumbnail-300x154.jpeg 300w\" sizes=\"auto, (max-width: 399px) 100vw, 399px\" \/><\/figure><\/a><h5 class=\"stk-block-posts__title has-text-color\"><a href='https:\/\/riberasalud.com\/area-de-salud-mental\/2021\/11\/11\/el-hospital-universitario-de-torrejon-detecta-un-aumento-de-problemas-de-salud-mental-en-pacientes-infanto-juveniles\/'>El Hospital Universitario de Torrej\u00f3n detecta un aumento de problemas de salud mental en pacientes infanto-juveniles<\/a><\/h5><div class=\"stk-block-posts__excerpt has-text-color\"><p>El Servicio de Salud Mental afirma que estamos asistiendo a un aumento significativo de casos de Trastorno de la Conducta Alimentaria, cuadros afectivos, de violencia antisocial y conductas autodestructivas entre los m\u00e1s j\u00f3venesEl doctor Jorge&hellip;<\/p>\n<\/div><a class=\"stk-block-posts__readmore has-text-color\" href=\"https:\/\/riberasalud.com\/area-de-salud-mental\/2021\/11\/11\/el-hospital-universitario-de-torrejon-detecta-un-aumento-de-problemas-de-salud-mental-en-pacientes-infanto-juveniles\/\">Seguir leyendo<\/a><\/article><\/div><\/div><div class=\"stk-block-posts__item\"><div class=\"stk-container stk-2ecbda3-container stk--no-background stk--no-padding\"><article><a href=\"https:\/\/riberasalud.com\/area-de-salud-mental\/2021\/10\/11\/salud-mental-el-deterioro-fisico-cognitivo-y-emocional-por-la-pandemia-se-ceba-con-los-mayores\/\" class=\"stk-block-posts__image-link\"><figure class=\"stk-img-wrapper\"><img loading=\"lazy\" decoding=\"async\" width=\"800\" height=\"400\" src=\"https:\/\/riberasalud.com\/area-de-salud-mental\/wp-content\/uploads\/2021\/10\/Un-profesional-de-Ribera-vacuna-a-una-persona-mayor-1024x804-800x400-1.jpg\" class=\"attachment-full size-full wp-post-image\" alt=\"\" srcset=\"https:\/\/riberasalud.com\/area-de-salud-mental\/wp-content\/uploads\/2021\/10\/Un-profesional-de-Ribera-vacuna-a-una-persona-mayor-1024x804-800x400-1.jpg 800w, https:\/\/riberasalud.com\/area-de-salud-mental\/wp-content\/uploads\/2021\/10\/Un-profesional-de-Ribera-vacuna-a-una-persona-mayor-1024x804-800x400-1-300x150.jpg 300w, https:\/\/riberasalud.com\/area-de-salud-mental\/wp-content\/uploads\/2021\/10\/Un-profesional-de-Ribera-vacuna-a-una-persona-mayor-1024x804-800x400-1-768x384.jpg 768w\" sizes=\"auto, (max-width: 800px) 100vw, 800px\" \/><\/figure><\/a><h5 class=\"stk-block-posts__title has-text-color\"><a href='https:\/\/riberasalud.com\/area-de-salud-mental\/2021\/10\/11\/salud-mental-el-deterioro-fisico-cognitivo-y-emocional-por-la-pandemia-se-ceba-con-los-mayores\/'>Salud Mental: El deterioro f\u00edsico, cognitivo y emocional por la pandemia se ceba con los mayores<\/a><\/h5><div class=\"stk-block-posts__excerpt has-text-color\"><p>Profesionales del grupo sanitario Ribera recuerdan, con motivo del D\u00eda de la Salud Mental celebrado ayer, que \u201cpara alargar la calidad de vida, los mayores necesitan estar activos y el Covid ha provocado casos de&hellip;<\/p>\n<\/div><a class=\"stk-block-posts__readmore has-text-color\" href=\"https:\/\/riberasalud.com\/area-de-salud-mental\/2021\/10\/11\/salud-mental-el-deterioro-fisico-cognitivo-y-emocional-por-la-pandemia-se-ceba-con-los-mayores\/\">Seguir leyendo<\/a><\/article><\/div><\/div><div class=\"stk-block-posts__item\"><div class=\"stk-container stk-2ecbda3-container stk--no-background stk--no-padding\"><article><a href=\"https:\/\/riberasalud.com\/area-de-salud-mental\/2021\/10\/06\/covid-mayores-y-salud-mental-incertidumbre-cansancio-desesperanza\/\" class=\"stk-block-posts__image-link\"><figure class=\"stk-img-wrapper\"><img loading=\"lazy\" decoding=\"async\" width=\"800\" height=\"539\" src=\"https:\/\/riberasalud.com\/area-de-salud-mental\/wp-content\/uploads\/2021\/11\/medium-shot-woman-training-indoors.jpg\" class=\"attachment-full size-full wp-post-image\" alt=\"\" srcset=\"https:\/\/riberasalud.com\/area-de-salud-mental\/wp-content\/uploads\/2021\/11\/medium-shot-woman-training-indoors.jpg 800w, https:\/\/riberasalud.com\/area-de-salud-mental\/wp-content\/uploads\/2021\/11\/medium-shot-woman-training-indoors-300x202.jpg 300w, https:\/\/riberasalud.com\/area-de-salud-mental\/wp-content\/uploads\/2021\/11\/medium-shot-woman-training-indoors-768x517.jpg 768w\" sizes=\"auto, (max-width: 800px) 100vw, 800px\" \/><\/figure><\/a><h5 class=\"stk-block-posts__title has-text-color\"><a href='https:\/\/riberasalud.com\/area-de-salud-mental\/2021\/10\/06\/covid-mayores-y-salud-mental-incertidumbre-cansancio-desesperanza\/'>Covid, mayores y salud mental: incertidumbre, cansancio, desesperanza<\/a><\/h5><div class=\"stk-block-posts__excerpt has-text-color\"><p>El Covid nos ha cambiado la vida a todos. Pero muchas personas mayores sienten que les ha quitado, como m\u00ednimo, a\u00f1o y medio de vida en familia, de viajes, de comidas o cenas con amigos,&hellip;<\/p>\n<\/div><a class=\"stk-block-posts__readmore has-text-color\" href=\"https:\/\/riberasalud.com\/area-de-salud-mental\/2021\/10\/06\/covid-mayores-y-salud-mental-incertidumbre-cansancio-desesperanza\/\">Seguir leyendo<\/a><\/article><\/div><\/div><\/div><div class=\"stk-inner-blocks\"><\/div><\/div><\/div>\n<\/div><\/div>\n","protected":false},"excerpt":{"rendered":"<p>Actualidad Profesionales de Ribera recomiendan la m\u00fasicoterapia para reducir la ansiedad, dolor y estr\u00e9s en los pacientes &nbsp;&nbsp;&nbsp;Los hospitales del grupo sanitario utilizan cada vez m\u00e1s esta herramienta terap\u00e9utica tras comprobar sus beneficios en trastornos de ansiedad, sue\u00f1o, depresivos, fobias y personalidad, entre otros perfiles, y pone en marcha un&nbsp;canal en SpotifyEn&hellip; Seguir leyendo \u201cEstamos &#8230; <a title=\"Blog\" class=\"read-more\" href=\"https:\/\/riberasalud.com\/area-de-salud-mental\/blog\/\" aria-label=\"Leer m\u00e1s sobre Blog\">Leer m\u00e1s<\/a><\/p>\n","protected":false},"author":1,"featured_media":0,"parent":0,"menu_order":0,"comment_status":"closed","ping_status":"closed","template":"","meta":{"_coblocks_attr":"","_coblocks_dimensions":"","_coblocks_responsive_height":"","_coblocks_accordion_ie_support":"","_uag_custom_page_level_css":"","_monsterinsights_skip_tracking":false,"_monsterinsights_sitenote_active":false,"_monsterinsights_sitenote_note":"","_monsterinsights_sitenote_category":0,"footnotes":""},"class_list":["post-154","page","type-page","status-publish"],"featured_image_urls_v2":{"full":"","thumbnail":"","medium":"","medium_large":"","large":"","xl":"","xxl":"","xxxl":"","xxxxl":"","xxxxxl":"","1536x1536":"","2048x2048":"","mailchimp":""},"post_excerpt_stackable_v2":"<p>Actualidad Profesionales de Ribera recomiendan la m\u00fasicoterapia para reducir la ansiedad, dolor y estr\u00e9s en los pacientes&nbsp;&nbsp;&nbsp;Los hospitales del grupo sanitario utilizan cada vez m\u00e1s esta herramienta terap\u00e9utica tras comprobar sus beneficios en trastornos de ansiedad, sue\u00f1o, depresivos, fobias y personalidad, entre otros perfiles, y pone en marcha un&nbsp;canal en SpotifyEn&hellip; Seguir leyendo\u201cEstamos m\u00e1s tristes\u201d: especialistas del grupo Ribera avisan del aumento de malestar emocional, soledad y desesperanzaPsiquiatras y psic\u00f3logos cl\u00ednicos aseguran que \u201ces normal y natural estar triste\u201d pero hay que prestar atenci\u00f3n a la \u201ctristeza vital\u201d, m\u00e1s profunda y larga en el tiempo, s\u00edntoma de depresi\u00f3n y que&hellip;<\/p>\n","category_list_v2":"","author_info_v2":{"name":"jorge@quois.com","url":"https:\/\/riberasalud.com\/area-de-salud-mental\/author\/jorgequois-com\/"},"comments_num_v2":"0 comentarios","uagb_featured_image_src":{"full":false,"thumbnail":false,"medium":false,"medium_large":false,"large":false,"xl":false,"xxl":false,"xxxl":false,"xxxxl":false,"xxxxxl":false,"1536x1536":false,"2048x2048":false,"mailchimp":false},"uagb_author_info":{"display_name":"jorge@quois.com","author_link":"https:\/\/riberasalud.com\/area-de-salud-mental\/author\/jorgequois-com\/"},"uagb_comment_info":0,"uagb_excerpt":"Actualidad Profesionales de Ribera recomiendan la m\u00fasicoterapia para reducir la ansiedad, dolor y estr\u00e9s en los pacientes &nbsp;&nbsp;&nbsp;Los hospitales del grupo sanitario utilizan cada vez m\u00e1s esta herramienta terap\u00e9utica tras comprobar sus beneficios en trastornos de ansiedad, sue\u00f1o, depresivos, fobias y personalidad, entre otros perfiles, y pone en marcha un&nbsp;canal en SpotifyEn&hellip; Seguir leyendo \u201cEstamos&hellip;","_links":{"self":[{"href":"https:\/\/riberasalud.com\/area-de-salud-mental\/wp-json\/wp\/v2\/pages\/154","targetHints":{"allow":["GET"]}}],"collection":[{"href":"https:\/\/riberasalud.com\/area-de-salud-mental\/wp-json\/wp\/v2\/pages"}],"about":[{"href":"https:\/\/riberasalud.com\/area-de-salud-mental\/wp-json\/wp\/v2\/types\/page"}],"author":[{"embeddable":true,"href":"https:\/\/riberasalud.com\/area-de-salud-mental\/wp-json\/wp\/v2\/users\/1"}],"replies":[{"embeddable":true,"href":"https:\/\/riberasalud.com\/area-de-salud-mental\/wp-json\/wp\/v2\/comments?post=154"}],"version-history":[{"count":6,"href":"https:\/\/riberasalud.com\/area-de-salud-mental\/wp-json\/wp\/v2\/pages\/154\/revisions"}],"predecessor-version":[{"id":204,"href":"https:\/\/riberasalud.com\/area-de-salud-mental\/wp-json\/wp\/v2\/pages\/154\/revisions\/204"}],"wp:attachment":[{"href":"https:\/\/riberasalud.com\/area-de-salud-mental\/wp-json\/wp\/v2\/media?parent=154"}],"curies":[{"name":"wp","href":"https:\/\/api.w.org\/{rel}","templated":true}]}}