{"id":917,"date":"2022-02-21T13:00:42","date_gmt":"2022-02-21T13:00:42","guid":{"rendered":"https:\/\/www.riberasalud.com\/area-de-mama\/?page_id=917"},"modified":"2022-02-21T13:08:22","modified_gmt":"2022-02-21T13:08:22","slug":"unidad-de-mama-del-hospital-ribera-povisa","status":"publish","type":"page","link":"https:\/\/riberasalud.com\/area-de-mama\/unidad-de-mama-del-hospital-ribera-povisa\/","title":{"rendered":"Unidad de Mama del Hospital Ribera Povisa"},"content":{"rendered":"\n<div class=\"backgroundbanner backgroundbanner backgroundbanner backgroundbanner backgroundbanner backgroundbanner backgroundbanner backgroundbanner backgroundbanner backgroundbanner backgroundbanner backgroundbanner backgroundbanner wp-block-group backgroundbanner\"><div class=\"wp-block-group__inner-container is-layout-flow wp-block-group-is-layout-flow\">\n<p class=\"has-text-align-center\" style=\"font-size:40px\"><span class=\"ugb-highlight\" style=\"color: #4b4a4a;\">Unidad de Mama del Hospital Ribera Povisa<\/span><\/p>\n<\/div><\/div>\n\n\n\n<div class=\"wp-block-group\"><div class=\"wp-block-group__inner-container is-layout-flow wp-block-group-is-layout-flow\">\n<p style=\"font-size:14px\">La Unidad de Mama del Hospital Ribera Povisa ofrece una soluci\u00f3n completa a las pacientes, desde que se detecta la sospecha de patolog\u00eda hasta que se finalizan las revisiones tras el tratamiento. Siempre con un enfoque integral y una visi\u00f3n transversal y multidisciplinar.&nbsp;<\/p>\n\n\n\n<p style=\"font-size:14px\">El equipo de profesionales de Ribera Povisa, formado por los servicios de Cirug\u00eda General, Cirug\u00eda Pl\u00e1stica, Oncolog\u00eda, Ginecolog\u00eda, Oncolog\u00eda radioter\u00e1pica, Radiodiagn\u00f3stico, Rehabilitaci\u00f3n y Anatom\u00eda patol\u00f3gica, se ha integrado en el equipo del \u00c1rea de la Mama del grupo Ribera y trabaja centrado en ofrecer las soluciones a cada mujer que mejor se adapten a sus circunstancias personales.<\/p>\n\n\n\n<p style=\"font-size:14px\">El objetivo de la unidad es ofrecer una atenci\u00f3n sanitaria de la m\u00e1xima calidad a nivel m\u00e9dico y humano, con el acceso a la tecnolog\u00eda m\u00e1s innovadora y criterios muy exigentes que garantizan una atenci\u00f3n personalizada, pr\u00f3xima y de comunicaci\u00f3n fluida con las pacientes.<\/p>\n\n\n\n<div class=\"wp-block-columns is-layout-flex wp-container-core-columns-is-layout-9d6595d7 wp-block-columns-is-layout-flex\">\n<div class=\"wp-block-column is-layout-flow wp-block-column-is-layout-flow\">\n<figure class=\"wp-block-image size-large fotoredonda\"><img loading=\"lazy\" decoding=\"async\" width=\"800\" height=\"585\" src=\"https:\/\/www.riberasalud.com\/area-de-mama\/wp-content\/uploads\/2022\/02\/Tatuaje-del-pezo\u0301n-formacio\u0301n.jpg\" alt=\"tatuaje de pez\u00f3n\" class=\"wp-image-918\" srcset=\"https:\/\/riberasalud.com\/area-de-mama\/wp-content\/uploads\/2022\/02\/Tatuaje-del-pezo\u0301n-formacio\u0301n.jpg 800w, https:\/\/riberasalud.com\/area-de-mama\/wp-content\/uploads\/2022\/02\/Tatuaje-del-pezo\u0301n-formacio\u0301n-300x219.jpg 300w, https:\/\/riberasalud.com\/area-de-mama\/wp-content\/uploads\/2022\/02\/Tatuaje-del-pezo\u0301n-formacio\u0301n-768x562.jpg 768w\" sizes=\"auto, (max-width: 800px) 100vw, 800px\" \/><figcaption>Foto Faro de Vigo<\/figcaption><\/figure>\n<\/div>\n\n\n\n<div class=\"wp-block-column is-layout-flow wp-block-column-is-layout-flow\">\n<figure class=\"wp-block-image size-large fotoredonda\"><img loading=\"lazy\" decoding=\"async\" width=\"800\" height=\"600\" src=\"https:\/\/www.riberasalud.com\/area-de-mama\/wp-content\/uploads\/2022\/02\/U.-de-Mama-Povisa-2-MAMO\u0301GRAFO2.jpg\" alt=\"mam\u00f3grafo\" class=\"wp-image-919\" srcset=\"https:\/\/riberasalud.com\/area-de-mama\/wp-content\/uploads\/2022\/02\/U.-de-Mama-Povisa-2-MAMO\u0301GRAFO2.jpg 800w, https:\/\/riberasalud.com\/area-de-mama\/wp-content\/uploads\/2022\/02\/U.-de-Mama-Povisa-2-MAMO\u0301GRAFO2-300x225.jpg 300w, https:\/\/riberasalud.com\/area-de-mama\/wp-content\/uploads\/2022\/02\/U.-de-Mama-Povisa-2-MAMO\u0301GRAFO2-768x576.jpg 768w\" sizes=\"auto, (max-width: 800px) 100vw, 800px\" \/><\/figure>\n<\/div>\n<\/div>\n\n\n\n<div class=\"wp-block-columns is-layout-flex wp-container-core-columns-is-layout-9d6595d7 wp-block-columns-is-layout-flex\">\n<div class=\"wp-block-column is-layout-flow wp-block-column-is-layout-flow\" style=\"flex-basis:25%\">\n<div class=\"wp-block-image fotoredonda\"><figure class=\"aligncenter size-large is-resized\"><img loading=\"lazy\" decoding=\"async\" src=\"https:\/\/www.riberasalud.com\/area-de-mama\/wp-content\/uploads\/2021\/04\/resultados-01.png\" alt=\"\" class=\"wp-image-679\" width=\"100\" height=\"100\" srcset=\"https:\/\/riberasalud.com\/area-de-mama\/wp-content\/uploads\/2021\/04\/resultados-01.png 200w, https:\/\/riberasalud.com\/area-de-mama\/wp-content\/uploads\/2021\/04\/resultados-01-150x150.png 150w\" sizes=\"auto, (max-width: 100px) 100vw, 100px\" \/><\/figure><\/div>\n\n\n\n<h6 class=\"wp-block-heading\"><strong>Enfermer\u00eda gestora de cada caso<\/strong> <\/h6>\n\n\n\n<p style=\"font-size:14px\">Las pacientes del \u00c1rea de la Mama tienen a su disposici\u00f3n personal de Enfermer\u00eda gestora de cada caso, que coordina el camino de cada paciente a lo largo del proceso diagn\u00f3stico y terap\u00e9utico, acompa\u00f1\u00e1ndola en todo momento, ayud\u00e1ndole con la gesti\u00f3n de las citas para las pruebas diagn\u00f3sticas, tratamiento, intervenci\u00f3n y revisiones, y resolviendo sus dudas para reducir el estr\u00e9s y la ansiedad asociada a estos casos.<\/p>\n<\/div>\n\n\n\n<div class=\"wp-block-column is-layout-flow wp-block-column-is-layout-flow\" style=\"flex-basis:25%\">\n<div class=\"wp-block-image fotoredonda\"><figure class=\"aligncenter size-large is-resized\"><img loading=\"lazy\" decoding=\"async\" src=\"https:\/\/www.riberasalud.com\/area-de-mama\/wp-content\/uploads\/2021\/03\/mama_Mesa-de-trabajo-1.png\" alt=\"\" class=\"wp-image-411\" width=\"100\" height=\"100\" srcset=\"https:\/\/riberasalud.com\/area-de-mama\/wp-content\/uploads\/2021\/03\/mama_Mesa-de-trabajo-1.png 200w, https:\/\/riberasalud.com\/area-de-mama\/wp-content\/uploads\/2021\/03\/mama_Mesa-de-trabajo-1-150x150.png 150w\" sizes=\"auto, (max-width: 100px) 100vw, 100px\" \/><\/figure><\/div>\n\n\n\n<h6 class=\"wp-block-heading\"><strong><strong>Mam\u00f3grafo 3D digital<\/strong><\/strong><\/h6>\n\n\n\n<p style=\"font-size:14px\">Una de las aplicaciones de la innovaci\u00f3n tecnol\u00f3gica de esta \u00e1rea es la disponibilidad de un mam\u00f3grafo 3D. Permite diagnosticar tumores ocultos mediante la t\u00e9cnica de la tomos\u00edntesis, que reconstruye mil\u00edmetro a mil\u00edmetro los distintos planos de la mama. El mam\u00f3grafo dispone, adem\u00e1s, de la biopsia guiada por tomos\u00edntesis, una t\u00e9cnica puntera para realizar biopsias con \u00e9xito en muy poco tiempo.<\/p>\n<\/div>\n\n\n\n<div class=\"wp-block-column is-layout-flow wp-block-column-is-layout-flow\" style=\"flex-basis:24.99%\">\n<div class=\"wp-block-image fotoredonda\"><figure class=\"aligncenter size-large is-resized\"><img loading=\"lazy\" decoding=\"async\" src=\"https:\/\/www.riberasalud.com\/area-de-mama\/wp-content\/uploads\/2021\/03\/mama-03.png\" alt=\"\" class=\"wp-image-407\" width=\"100\" height=\"100\" srcset=\"https:\/\/riberasalud.com\/area-de-mama\/wp-content\/uploads\/2021\/03\/mama-03.png 200w, https:\/\/riberasalud.com\/area-de-mama\/wp-content\/uploads\/2021\/03\/mama-03-150x150.png 150w\" sizes=\"auto, (max-width: 100px) 100vw, 100px\" \/><\/figure><\/div>\n\n\n\n<h6 class=\"wp-block-heading\"><strong><strong>Cirug\u00eda conservadora y reconstrucci\u00f3n mamaria<\/strong><\/strong><\/h6>\n\n\n\n<p style=\"font-size:14px\">La Unidad de Mama estudia y valora cada caso para priorizar la cirug\u00eda conservadora. En los casos en los que no es posible, se analiza la posibilidad de la reconstrucci\u00f3n mamaria en la misma intervenci\u00f3n quir\u00fargica en la que se retira el tejido canceroso. El objetivo en ambos casos es favorecer la recuperaci\u00f3n f\u00edsica y emocional de la mujer en el menor plazo posible.&nbsp;<\/p>\n<\/div>\n\n\n\n<div class=\"wp-block-column is-layout-flow wp-block-column-is-layout-flow\" style=\"flex-basis:25%\">\n<div class=\"wp-block-image fotoredonda\"><figure class=\"aligncenter size-large is-resized\"><img loading=\"lazy\" decoding=\"async\" src=\"https:\/\/www.riberasalud.com\/area-de-mama\/wp-content\/uploads\/2021\/03\/mama-04.png\" alt=\"\" class=\"wp-image-406\" width=\"100\" height=\"100\" srcset=\"https:\/\/riberasalud.com\/area-de-mama\/wp-content\/uploads\/2021\/03\/mama-04.png 200w, https:\/\/riberasalud.com\/area-de-mama\/wp-content\/uploads\/2021\/03\/mama-04-150x150.png 150w\" sizes=\"auto, (max-width: 100px) 100vw, 100px\" \/><\/figure><\/div>\n\n\n\n<h6 class=\"wp-block-heading\"><strong><strong>Micropigmentaci\u00f3n del complejo areola-pez\u00f3n en 3D<\/strong><\/strong><\/h6>\n\n\n\n<p style=\"font-size:14px\">El equipo Ribera Povisa ofrece tambi\u00e9n la posibilidad de realizar una micropigmentaci\u00f3n del complejo areola-pez\u00f3n. Es una t\u00e9cnica de tatuaje sobre la piel de la mama reconstruida que recrea la forma y el color del complejo areola pez\u00f3n previo a la extirpaci\u00f3n por c\u00e1ncer de mama. Adem\u00e1s, el equipo consigue un resultado muy real, con apariencia tridimensional.<\/p>\n<\/div>\n<\/div>\n<\/div><\/div>\n","protected":false},"excerpt":{"rendered":"<p>Unidad de Mama del Hospital Ribera Povisa La Unidad de Mama del Hospital Ribera Povisa ofrece una soluci\u00f3n completa a las pacientes, desde que se detecta la sospecha de patolog\u00eda hasta que se finalizan las revisiones tras el tratamiento. Siempre con un enfoque integral y una visi\u00f3n transversal y multidisciplinar.&nbsp; El equipo de profesionales de &#8230; <a title=\"Unidad de Mama del Hospital Ribera Povisa\" class=\"read-more\" href=\"https:\/\/riberasalud.com\/area-de-mama\/unidad-de-mama-del-hospital-ribera-povisa\/\" aria-label=\"Leer m\u00e1s sobre Unidad de Mama del Hospital Ribera Povisa\">Leer m\u00e1s<\/a><\/p>\n","protected":false},"author":2,"featured_media":0,"parent":0,"menu_order":0,"comment_status":"closed","ping_status":"closed","template":"","meta":{"_coblocks_attr":"","_coblocks_dimensions":"","_coblocks_responsive_height":"","_coblocks_accordion_ie_support":"","_uag_custom_page_level_css":"","advgb_blocks_editor_width":"","advgb_blocks_columns_visual_guide":"","_themeisle_gutenberg_block_has_review":false,"footnotes":""},"class_list":["post-917","page","type-page","status-publish"],"yoast_head":"<!-- This site is optimized with the Yoast SEO plugin v26.6 - https:\/\/yoast.com\/wordpress\/plugins\/seo\/ -->\n<title>\u25b7 Unidad de Mama del Hospital Ribera Povisa - Ribera Salud \u00c1rea de Mama<\/title>\n<meta name=\"description\" content=\"lll\u1405 Unidad de Mama del Hospital Ribera Povisa La Unidad de Mama del Hospital Ribera Povisa ofrece una soluci\u00f3n completa a las pacientes, desde que se detecta \u2705\" \/>\n<meta name=\"robots\" content=\"index, follow, max-snippet:-1, max-image-preview:large, max-video-preview:-1\" \/>\n<link rel=\"canonical\" href=\"https:\/\/riberasalud.com\/area-de-mama\/unidad-de-mama-del-hospital-ribera-povisa\/\" \/>\n<meta property=\"og:locale\" content=\"es_ES\" \/>\n<meta property=\"og:type\" content=\"article\" \/>\n<meta property=\"og:title\" content=\"\u25b7 Unidad de Mama del Hospital Ribera Povisa - Ribera Salud \u00c1rea de Mama\" \/>\n<meta property=\"og:description\" content=\"lll\u1405 Unidad de Mama del Hospital Ribera Povisa La Unidad de Mama del Hospital Ribera Povisa ofrece una soluci\u00f3n completa a las pacientes, desde que se detecta \u2705\" \/>\n<meta property=\"og:url\" content=\"https:\/\/riberasalud.com\/area-de-mama\/unidad-de-mama-del-hospital-ribera-povisa\/\" \/>\n<meta property=\"og:site_name\" content=\"Ribera Salud \u00c1rea de Mama\" \/>\n<meta property=\"article:modified_time\" content=\"2022-02-21T13:08:22+00:00\" \/>\n<meta property=\"og:image\" content=\"https:\/\/www.riberasalud.com\/area-de-mama\/wp-content\/uploads\/2021\/04\/resultados-01.png\" \/>\n<meta name=\"twitter:card\" content=\"summary_large_image\" \/>\n<meta name=\"twitter:label1\" content=\"Tiempo de lectura\" \/>\n\t<meta name=\"twitter:data1\" content=\"4 minutos\" \/>\n<script type=\"application\/ld+json\" class=\"yoast-schema-graph\">{\"@context\":\"https:\/\/schema.org\",\"@graph\":[{\"@type\":\"WebPage\",\"@id\":\"https:\/\/riberasalud.com\/area-de-mama\/unidad-de-mama-del-hospital-ribera-povisa\/\",\"url\":\"https:\/\/riberasalud.com\/area-de-mama\/unidad-de-mama-del-hospital-ribera-povisa\/\",\"name\":\"\u25b7 Unidad de Mama del Hospital Ribera Povisa - Ribera Salud \u00c1rea de Mama\",\"isPartOf\":{\"@id\":\"https:\/\/riberasalud.com\/area-de-mama\/#website\"},\"primaryImageOfPage\":{\"@id\":\"https:\/\/riberasalud.com\/area-de-mama\/unidad-de-mama-del-hospital-ribera-povisa\/#primaryimage\"},\"image\":{\"@id\":\"https:\/\/riberasalud.com\/area-de-mama\/unidad-de-mama-del-hospital-ribera-povisa\/#primaryimage\"},\"thumbnailUrl\":\"https:\/\/www.riberasalud.com\/area-de-mama\/wp-content\/uploads\/2021\/04\/resultados-01.png\",\"datePublished\":\"2022-02-21T13:00:42+00:00\",\"dateModified\":\"2022-02-21T13:08:22+00:00\",\"description\":\"lll\u1405 Unidad de Mama del Hospital Ribera Povisa La Unidad de Mama del Hospital Ribera Povisa ofrece una soluci\u00f3n completa a las pacientes, desde que se detecta \u2705\",\"breadcrumb\":{\"@id\":\"https:\/\/riberasalud.com\/area-de-mama\/unidad-de-mama-del-hospital-ribera-povisa\/#breadcrumb\"},\"inLanguage\":\"es\",\"potentialAction\":[{\"@type\":\"ReadAction\",\"target\":[\"https:\/\/riberasalud.com\/area-de-mama\/unidad-de-mama-del-hospital-ribera-povisa\/\"]}]},{\"@type\":\"ImageObject\",\"inLanguage\":\"es\",\"@id\":\"https:\/\/riberasalud.com\/area-de-mama\/unidad-de-mama-del-hospital-ribera-povisa\/#primaryimage\",\"url\":\"https:\/\/www.riberasalud.com\/area-de-mama\/wp-content\/uploads\/2021\/04\/resultados-01.png\",\"contentUrl\":\"https:\/\/www.riberasalud.com\/area-de-mama\/wp-content\/uploads\/2021\/04\/resultados-01.png\"},{\"@type\":\"BreadcrumbList\",\"@id\":\"https:\/\/riberasalud.com\/area-de-mama\/unidad-de-mama-del-hospital-ribera-povisa\/#breadcrumb\",\"itemListElement\":[{\"@type\":\"ListItem\",\"position\":1,\"name\":\"Portada\",\"item\":\"https:\/\/riberasalud.com\/area-de-mama\/\"},{\"@type\":\"ListItem\",\"position\":2,\"name\":\"Unidad de Mama del Hospital Ribera Povisa\"}]},{\"@type\":\"WebSite\",\"@id\":\"https:\/\/riberasalud.com\/area-de-mama\/#website\",\"url\":\"https:\/\/riberasalud.com\/area-de-mama\/\",\"name\":\"Ribera Salud \u00c1rea de Mama\",\"description\":\"\",\"publisher\":{\"@id\":\"https:\/\/riberasalud.com\/area-de-mama\/#organization\"},\"potentialAction\":[{\"@type\":\"SearchAction\",\"target\":{\"@type\":\"EntryPoint\",\"urlTemplate\":\"https:\/\/riberasalud.com\/area-de-mama\/?s={search_term_string}\"},\"query-input\":{\"@type\":\"PropertyValueSpecification\",\"valueRequired\":true,\"valueName\":\"search_term_string\"}}],\"inLanguage\":\"es\"},{\"@type\":\"Organization\",\"@id\":\"https:\/\/riberasalud.com\/area-de-mama\/#organization\",\"name\":\"Ribera Salud \u00c1rea de Mama\",\"url\":\"https:\/\/riberasalud.com\/area-de-mama\/\",\"logo\":{\"@type\":\"ImageObject\",\"inLanguage\":\"es\",\"@id\":\"https:\/\/riberasalud.com\/area-de-mama\/#\/schema\/logo\/image\/\",\"url\":\"https:\/\/riberasalud.com\/area-de-mama\/wp-content\/uploads\/2021\/02\/cropped-Logotipo-White-1.png\",\"contentUrl\":\"https:\/\/riberasalud.com\/area-de-mama\/wp-content\/uploads\/2021\/02\/cropped-Logotipo-White-1.png\",\"width\":1200,\"height\":474,\"caption\":\"Ribera Salud \u00c1rea de Mama\"},\"image\":{\"@id\":\"https:\/\/riberasalud.com\/area-de-mama\/#\/schema\/logo\/image\/\"}}]}<\/script>\n<!-- \/ Yoast SEO plugin. -->","yoast_head_json":{"title":"\u25b7 Unidad de Mama del Hospital Ribera Povisa - Ribera Salud \u00c1rea de Mama","description":"lll\u1405 Unidad de Mama del Hospital Ribera Povisa La Unidad de Mama del Hospital Ribera Povisa ofrece una soluci\u00f3n completa a las pacientes, desde que se detecta \u2705","robots":{"index":"index","follow":"follow","max-snippet":"max-snippet:-1","max-image-preview":"max-image-preview:large","max-video-preview":"max-video-preview:-1"},"canonical":"https:\/\/riberasalud.com\/area-de-mama\/unidad-de-mama-del-hospital-ribera-povisa\/","og_locale":"es_ES","og_type":"article","og_title":"\u25b7 Unidad de Mama del Hospital Ribera Povisa - Ribera Salud \u00c1rea de Mama","og_description":"lll\u1405 Unidad de Mama del Hospital Ribera Povisa La Unidad de Mama del Hospital Ribera Povisa ofrece una soluci\u00f3n completa a las pacientes, desde que se detecta \u2705","og_url":"https:\/\/riberasalud.com\/area-de-mama\/unidad-de-mama-del-hospital-ribera-povisa\/","og_site_name":"Ribera Salud \u00c1rea de Mama","article_modified_time":"2022-02-21T13:08:22+00:00","og_image":[{"url":"https:\/\/www.riberasalud.com\/area-de-mama\/wp-content\/uploads\/2021\/04\/resultados-01.png","type":"","width":"","height":""}],"twitter_card":"summary_large_image","twitter_misc":{"Tiempo de lectura":"4 minutos"},"schema":{"@context":"https:\/\/schema.org","@graph":[{"@type":"WebPage","@id":"https:\/\/riberasalud.com\/area-de-mama\/unidad-de-mama-del-hospital-ribera-povisa\/","url":"https:\/\/riberasalud.com\/area-de-mama\/unidad-de-mama-del-hospital-ribera-povisa\/","name":"\u25b7 Unidad de Mama del Hospital Ribera Povisa - Ribera Salud \u00c1rea de Mama","isPartOf":{"@id":"https:\/\/riberasalud.com\/area-de-mama\/#website"},"primaryImageOfPage":{"@id":"https:\/\/riberasalud.com\/area-de-mama\/unidad-de-mama-del-hospital-ribera-povisa\/#primaryimage"},"image":{"@id":"https:\/\/riberasalud.com\/area-de-mama\/unidad-de-mama-del-hospital-ribera-povisa\/#primaryimage"},"thumbnailUrl":"https:\/\/www.riberasalud.com\/area-de-mama\/wp-content\/uploads\/2021\/04\/resultados-01.png","datePublished":"2022-02-21T13:00:42+00:00","dateModified":"2022-02-21T13:08:22+00:00","description":"lll\u1405 Unidad de Mama del Hospital Ribera Povisa La Unidad de Mama del Hospital Ribera Povisa ofrece una soluci\u00f3n completa a las pacientes, desde que se detecta \u2705","breadcrumb":{"@id":"https:\/\/riberasalud.com\/area-de-mama\/unidad-de-mama-del-hospital-ribera-povisa\/#breadcrumb"},"inLanguage":"es","potentialAction":[{"@type":"ReadAction","target":["https:\/\/riberasalud.com\/area-de-mama\/unidad-de-mama-del-hospital-ribera-povisa\/"]}]},{"@type":"ImageObject","inLanguage":"es","@id":"https:\/\/riberasalud.com\/area-de-mama\/unidad-de-mama-del-hospital-ribera-povisa\/#primaryimage","url":"https:\/\/www.riberasalud.com\/area-de-mama\/wp-content\/uploads\/2021\/04\/resultados-01.png","contentUrl":"https:\/\/www.riberasalud.com\/area-de-mama\/wp-content\/uploads\/2021\/04\/resultados-01.png"},{"@type":"BreadcrumbList","@id":"https:\/\/riberasalud.com\/area-de-mama\/unidad-de-mama-del-hospital-ribera-povisa\/#breadcrumb","itemListElement":[{"@type":"ListItem","position":1,"name":"Portada","item":"https:\/\/riberasalud.com\/area-de-mama\/"},{"@type":"ListItem","position":2,"name":"Unidad de Mama del Hospital Ribera Povisa"}]},{"@type":"WebSite","@id":"https:\/\/riberasalud.com\/area-de-mama\/#website","url":"https:\/\/riberasalud.com\/area-de-mama\/","name":"Ribera Salud \u00c1rea de Mama","description":"","publisher":{"@id":"https:\/\/riberasalud.com\/area-de-mama\/#organization"},"potentialAction":[{"@type":"SearchAction","target":{"@type":"EntryPoint","urlTemplate":"https:\/\/riberasalud.com\/area-de-mama\/?s={search_term_string}"},"query-input":{"@type":"PropertyValueSpecification","valueRequired":true,"valueName":"search_term_string"}}],"inLanguage":"es"},{"@type":"Organization","@id":"https:\/\/riberasalud.com\/area-de-mama\/#organization","name":"Ribera Salud \u00c1rea de Mama","url":"https:\/\/riberasalud.com\/area-de-mama\/","logo":{"@type":"ImageObject","inLanguage":"es","@id":"https:\/\/riberasalud.com\/area-de-mama\/#\/schema\/logo\/image\/","url":"https:\/\/riberasalud.com\/area-de-mama\/wp-content\/uploads\/2021\/02\/cropped-Logotipo-White-1.png","contentUrl":"https:\/\/riberasalud.com\/area-de-mama\/wp-content\/uploads\/2021\/02\/cropped-Logotipo-White-1.png","width":1200,"height":474,"caption":"Ribera Salud \u00c1rea de Mama"},"image":{"@id":"https:\/\/riberasalud.com\/area-de-mama\/#\/schema\/logo\/image\/"}}]}},"pbg_featured_image_src":{"full":false,"thumbnail":false,"medium":false,"medium_large":false,"large":false,"xl":false,"xxl":false,"xxxl":false,"xxxxl":false,"xxxxxl":false,"1536x1536":false,"2048x2048":false},"pbg_author_info":{"display_name":"marsanchez","author_link":"https:\/\/riberasalud.com\/area-de-mama\/author\/marsanchez\/","author_img":"<img alt='marsanchez' src='https:\/\/secure.gravatar.com\/avatar\/0e2ddfa6ca50f038a905865f19439697542e5743a0628f67c9fac9c893b311be?s=128&#038;d=mm&#038;r=g' srcset='https:\/\/secure.gravatar.com\/avatar\/0e2ddfa6ca50f038a905865f19439697542e5743a0628f67c9fac9c893b311be?s=256&#038;d=mm&#038;r=g 2x' class='avatar avatar-128 photo' height='128' width='128' loading='lazy' decoding='async'\/>"},"pbg_comment_info":" No Comments","pbg_excerpt":"Unidad de Mama del Hospital Ribera Povisa La Unidad de Mama del Hospital Ribera Povisa ofrece una soluci\u00f3n completa a las pacientes, desde que se detecta la sospecha de patolog\u00eda hasta que se finalizan las revisiones tras el tratamiento. Siempre con un enfoque integral y una visi\u00f3n transversal y multidisciplinar.&nbsp; El equipo de profesionales de&hellip;","uagb_featured_image_src":{"full":false,"thumbnail":false,"medium":false,"medium_large":false,"large":false,"xl":false,"xxl":false,"xxxl":false,"xxxxl":false,"xxxxxl":false,"1536x1536":false,"2048x2048":false},"uagb_author_info":{"display_name":"marsanchez","author_link":"https:\/\/riberasalud.com\/area-de-mama\/author\/marsanchez\/"},"uagb_comment_info":0,"uagb_excerpt":"Unidad de Mama del Hospital Ribera Povisa La Unidad de Mama del Hospital Ribera Povisa ofrece una soluci\u00f3n completa a las pacientes, desde que se detecta la sospecha de patolog\u00eda hasta que se finalizan las revisiones tras el tratamiento. Siempre con un enfoque integral y una visi\u00f3n transversal y multidisciplinar.&nbsp; El equipo de profesionales de&hellip;","coauthors":[],"author_meta":{"author_link":"https:\/\/riberasalud.com\/area-de-mama\/author\/marsanchez\/","display_name":"marsanchez"},"relative_dates":{"created":"Publicado 4 a\u00f1os hace","modified":"Actualizado 4 a\u00f1os hace"},"absolute_dates":{"created":"Publicado el 21 de febrero de 2022","modified":"Actualizado el 21 de febrero de 2022"},"absolute_dates_time":{"created":"Publicado el 21 de febrero de 2022 13:00","modified":"Actualizado el 21 de febrero de 2022 13:08"},"featured_img_caption":"","featured_img":false,"series_order":"","_links":{"self":[{"href":"https:\/\/riberasalud.com\/area-de-mama\/wp-json\/wp\/v2\/pages\/917","targetHints":{"allow":["GET"]}}],"collection":[{"href":"https:\/\/riberasalud.com\/area-de-mama\/wp-json\/wp\/v2\/pages"}],"about":[{"href":"https:\/\/riberasalud.com\/area-de-mama\/wp-json\/wp\/v2\/types\/page"}],"author":[{"embeddable":true,"href":"https:\/\/riberasalud.com\/area-de-mama\/wp-json\/wp\/v2\/users\/2"}],"replies":[{"embeddable":true,"href":"https:\/\/riberasalud.com\/area-de-mama\/wp-json\/wp\/v2\/comments?post=917"}],"version-history":[{"count":6,"href":"https:\/\/riberasalud.com\/area-de-mama\/wp-json\/wp\/v2\/pages\/917\/revisions"}],"predecessor-version":[{"id":927,"href":"https:\/\/riberasalud.com\/area-de-mama\/wp-json\/wp\/v2\/pages\/917\/revisions\/927"}],"wp:attachment":[{"href":"https:\/\/riberasalud.com\/area-de-mama\/wp-json\/wp\/v2\/media?parent=917"}],"curies":[{"name":"wp","href":"https:\/\/api.w.org\/{rel}","templated":true}]}}