{"id":809,"date":"2021-09-08T09:19:22","date_gmt":"2021-09-08T09:19:22","guid":{"rendered":"https:\/\/riberasalud.com\/area-de-mama\/?page_id=809"},"modified":"2021-09-09T07:11:23","modified_gmt":"2021-09-09T07:11:23","slug":"gestora-de-casos","status":"publish","type":"page","link":"https:\/\/riberasalud.com\/area-de-mama\/gestora-de-casos\/","title":{"rendered":"Gestora de casos"},"content":{"rendered":"\n<div class=\"backgroundbanner backgroundbanner backgroundbanner backgroundbanner backgroundbanner backgroundbanner backgroundbanner backgroundbanner backgroundbanner backgroundbanner backgroundbanner backgroundbanner backgroundbanner backgroundbanner backgroundbanner backgroundbanner backgroundbanner backgroundbanner backgroundbanner wp-block-group backgroundbanner\"><div class=\"wp-block-group__inner-container is-layout-flow wp-block-group-is-layout-flow\">\n<p class=\"has-text-align-center\" style=\"font-size:40px\"><span class=\"ugb-highlight\" style=\"color: #4b4a4a;\">Gestora de casos<\/span><\/p>\n<\/div><\/div>\n\n\n\n<div class=\"wp-block-group\"><div class=\"wp-block-group__inner-container is-layout-flow wp-block-group-is-layout-flow\">\n<div class=\"wp-block-group\"><div class=\"wp-block-group__inner-container is-layout-flow wp-block-group-is-layout-flow\">\n<div class=\"wp-block-columns is-layout-flex wp-container-core-columns-is-layout-9d6595d7 wp-block-columns-is-layout-flex\">\n<div class=\"wp-block-column is-layout-flow wp-block-column-is-layout-flow\">\n<figure class=\"wp-block-embed aligncenter is-type-video is-provider-youtube wp-block-embed-youtube ticss-92cf6fd4 wp-embed-aspect-16-9 wp-has-aspect-ratio\"><div class=\"wp-block-embed__wrapper\">\n<iframe loading=\"lazy\" title=\"Enfermera Gestora de Casos\" width=\"1200\" height=\"675\" src=\"https:\/\/www.youtube.com\/embed\/TEoWRtl640Y?feature=oembed\" frameborder=\"0\" allow=\"accelerometer; autoplay; clipboard-write; encrypted-media; gyroscope; picture-in-picture\" allowfullscreen><\/iframe>\n<\/div><\/figure>\n<\/div>\n\n\n\n<div class=\"wp-block-column is-layout-flow wp-block-column-is-layout-flow\">\n<p style=\"font-size:14px\">El personal de Enfermer\u00eda que act\u00faa como gestor de casos en el \u00c1rea de la Mama<strong> es clave en el acompa\u00f1amiento y asesoramiento de las pacientes del \u00c1rea de la Mama<\/strong> del grupo Ribera, desde el momento de su diagn\u00f3stico y durante todo el tratamiento. Tambi\u00e9n llamados\u00a0<em>coaches<\/em>\u00a0emocionales, son los encargados de facilitar las citas para las pruebas y revisiones, la organizaci\u00f3n de la medicaci\u00f3n y los controles, resolver dudas y miedos y est\u00e1n disponibles, de manera presencial o telef\u00f3nica, para aconsejar a las pacientes sobre alimentaci\u00f3n, ejercicio f\u00edsico y s\u00edntomas. Su puerta siempre est\u00e1 abierta. Y as\u00ed nos lo cuentan en este v\u00eddeo, enfermeras gestoras y pacientes, con sus testimonios.<\/p>\n<\/div>\n<\/div>\n\n\n\n<div class=\"wp-block-columns is-layout-flex wp-container-core-columns-is-layout-9d6595d7 wp-block-columns-is-layout-flex\">\n<div class=\"wp-block-column is-layout-flow wp-block-column-is-layout-flow\">\n<div class=\"wp-block-columns is-layout-flex wp-container-core-columns-is-layout-9d6595d7 wp-block-columns-is-layout-flex\">\n<div class=\"wp-block-column is-layout-flow wp-block-column-is-layout-flow\" style=\"flex-basis:50%\"><\/div>\n\n\n\n<div class=\"wp-block-column is-layout-flow wp-block-column-is-layout-flow\" style=\"flex-basis:50%\"><\/div>\n<\/div>\n<\/div>\n<\/div>\n<\/div><\/div>\n<\/div><\/div>\n\n\n\n<p style=\"font-size:14px\"> <\/p>\n","protected":false},"excerpt":{"rendered":"<p>Gestora de casos El personal de Enfermer\u00eda que act\u00faa como gestor de casos en el \u00c1rea de la Mama es clave en el acompa\u00f1amiento y asesoramiento de las pacientes del \u00c1rea de la Mama del grupo Ribera, desde el momento de su diagn\u00f3stico y durante todo el tratamiento. Tambi\u00e9n llamados\u00a0coaches\u00a0emocionales, son los encargados de facilitar &#8230; <a title=\"Gestora de casos\" class=\"read-more\" href=\"https:\/\/riberasalud.com\/area-de-mama\/gestora-de-casos\/\" aria-label=\"Leer m\u00e1s sobre Gestora de casos\">Leer m\u00e1s<\/a><\/p>\n","protected":false},"author":2,"featured_media":0,"parent":0,"menu_order":0,"comment_status":"closed","ping_status":"closed","template":"","meta":{"_coblocks_attr":"","_coblocks_dimensions":"","_coblocks_responsive_height":"","_coblocks_accordion_ie_support":"","_uag_custom_page_level_css":"","advgb_blocks_editor_width":"","advgb_blocks_columns_visual_guide":"","_themeisle_gutenberg_block_has_review":false,"footnotes":""},"class_list":["post-809","page","type-page","status-publish"],"yoast_head":"<!-- This site is optimized with the Yoast SEO plugin v26.6 - https:\/\/yoast.com\/wordpress\/plugins\/seo\/ -->\n<title>\u25b7 Gestora de casos - Ribera Salud \u00c1rea de Mama<\/title>\n<meta name=\"description\" content=\"lll\u1405 Gestora de casos https:\/\/www.youtube.com\/watch?v=TEoWRtl640Y El personal de Enfermer\u00eda que act\u00faa como gestor de casos en el \u00c1rea de la Mama es clave en el \u2705\" \/>\n<meta name=\"robots\" content=\"index, follow, max-snippet:-1, max-image-preview:large, max-video-preview:-1\" \/>\n<link rel=\"canonical\" href=\"https:\/\/riberasalud.com\/area-de-mama\/gestora-de-casos\/\" \/>\n<meta property=\"og:locale\" content=\"es_ES\" \/>\n<meta property=\"og:type\" content=\"article\" \/>\n<meta property=\"og:title\" content=\"\u25b7 Gestora de casos - Ribera Salud \u00c1rea de Mama\" \/>\n<meta property=\"og:description\" content=\"lll\u1405 Gestora de casos https:\/\/www.youtube.com\/watch?v=TEoWRtl640Y El personal de Enfermer\u00eda que act\u00faa como gestor de casos en el \u00c1rea de la Mama es clave en el \u2705\" \/>\n<meta property=\"og:url\" content=\"https:\/\/riberasalud.com\/area-de-mama\/gestora-de-casos\/\" \/>\n<meta property=\"og:site_name\" content=\"Ribera Salud \u00c1rea de Mama\" \/>\n<meta property=\"article:modified_time\" content=\"2021-09-09T07:11:23+00:00\" \/>\n<meta name=\"twitter:card\" content=\"summary_large_image\" \/>\n<meta name=\"twitter:label1\" content=\"Tiempo de lectura\" \/>\n\t<meta name=\"twitter:data1\" content=\"1 minuto\" \/>\n<script type=\"application\/ld+json\" class=\"yoast-schema-graph\">{\"@context\":\"https:\/\/schema.org\",\"@graph\":[{\"@type\":\"WebPage\",\"@id\":\"https:\/\/riberasalud.com\/area-de-mama\/gestora-de-casos\/\",\"url\":\"https:\/\/riberasalud.com\/area-de-mama\/gestora-de-casos\/\",\"name\":\"\u25b7 Gestora de casos - Ribera Salud \u00c1rea de Mama\",\"isPartOf\":{\"@id\":\"https:\/\/riberasalud.com\/area-de-mama\/#website\"},\"datePublished\":\"2021-09-08T09:19:22+00:00\",\"dateModified\":\"2021-09-09T07:11:23+00:00\",\"description\":\"lll\u1405 Gestora de casos https:\/\/www.youtube.com\/watch?v=TEoWRtl640Y El personal de Enfermer\u00eda que act\u00faa como gestor de casos en el \u00c1rea de la Mama es clave en el \u2705\",\"breadcrumb\":{\"@id\":\"https:\/\/riberasalud.com\/area-de-mama\/gestora-de-casos\/#breadcrumb\"},\"inLanguage\":\"es\",\"potentialAction\":[{\"@type\":\"ReadAction\",\"target\":[\"https:\/\/riberasalud.com\/area-de-mama\/gestora-de-casos\/\"]}]},{\"@type\":\"BreadcrumbList\",\"@id\":\"https:\/\/riberasalud.com\/area-de-mama\/gestora-de-casos\/#breadcrumb\",\"itemListElement\":[{\"@type\":\"ListItem\",\"position\":1,\"name\":\"Portada\",\"item\":\"https:\/\/riberasalud.com\/area-de-mama\/\"},{\"@type\":\"ListItem\",\"position\":2,\"name\":\"Gestora de casos\"}]},{\"@type\":\"WebSite\",\"@id\":\"https:\/\/riberasalud.com\/area-de-mama\/#website\",\"url\":\"https:\/\/riberasalud.com\/area-de-mama\/\",\"name\":\"Ribera Salud \u00c1rea de Mama\",\"description\":\"\",\"publisher\":{\"@id\":\"https:\/\/riberasalud.com\/area-de-mama\/#organization\"},\"potentialAction\":[{\"@type\":\"SearchAction\",\"target\":{\"@type\":\"EntryPoint\",\"urlTemplate\":\"https:\/\/riberasalud.com\/area-de-mama\/?s={search_term_string}\"},\"query-input\":{\"@type\":\"PropertyValueSpecification\",\"valueRequired\":true,\"valueName\":\"search_term_string\"}}],\"inLanguage\":\"es\"},{\"@type\":\"Organization\",\"@id\":\"https:\/\/riberasalud.com\/area-de-mama\/#organization\",\"name\":\"Ribera Salud \u00c1rea de Mama\",\"url\":\"https:\/\/riberasalud.com\/area-de-mama\/\",\"logo\":{\"@type\":\"ImageObject\",\"inLanguage\":\"es\",\"@id\":\"https:\/\/riberasalud.com\/area-de-mama\/#\/schema\/logo\/image\/\",\"url\":\"https:\/\/riberasalud.com\/area-de-mama\/wp-content\/uploads\/2021\/02\/cropped-Logotipo-White-1.png\",\"contentUrl\":\"https:\/\/riberasalud.com\/area-de-mama\/wp-content\/uploads\/2021\/02\/cropped-Logotipo-White-1.png\",\"width\":1200,\"height\":474,\"caption\":\"Ribera Salud \u00c1rea de Mama\"},\"image\":{\"@id\":\"https:\/\/riberasalud.com\/area-de-mama\/#\/schema\/logo\/image\/\"}}]}<\/script>\n<!-- \/ Yoast SEO plugin. -->","yoast_head_json":{"title":"\u25b7 Gestora de casos - Ribera Salud \u00c1rea de Mama","description":"lll\u1405 Gestora de casos https:\/\/www.youtube.com\/watch?v=TEoWRtl640Y El personal de Enfermer\u00eda que act\u00faa como gestor de casos en el \u00c1rea de la Mama es clave en el \u2705","robots":{"index":"index","follow":"follow","max-snippet":"max-snippet:-1","max-image-preview":"max-image-preview:large","max-video-preview":"max-video-preview:-1"},"canonical":"https:\/\/riberasalud.com\/area-de-mama\/gestora-de-casos\/","og_locale":"es_ES","og_type":"article","og_title":"\u25b7 Gestora de casos - Ribera Salud \u00c1rea de Mama","og_description":"lll\u1405 Gestora de casos https:\/\/www.youtube.com\/watch?v=TEoWRtl640Y El personal de Enfermer\u00eda que act\u00faa como gestor de casos en el \u00c1rea de la Mama es clave en el \u2705","og_url":"https:\/\/riberasalud.com\/area-de-mama\/gestora-de-casos\/","og_site_name":"Ribera Salud \u00c1rea de Mama","article_modified_time":"2021-09-09T07:11:23+00:00","twitter_card":"summary_large_image","twitter_misc":{"Tiempo de lectura":"1 minuto"},"schema":{"@context":"https:\/\/schema.org","@graph":[{"@type":"WebPage","@id":"https:\/\/riberasalud.com\/area-de-mama\/gestora-de-casos\/","url":"https:\/\/riberasalud.com\/area-de-mama\/gestora-de-casos\/","name":"\u25b7 Gestora de casos - Ribera Salud \u00c1rea de Mama","isPartOf":{"@id":"https:\/\/riberasalud.com\/area-de-mama\/#website"},"datePublished":"2021-09-08T09:19:22+00:00","dateModified":"2021-09-09T07:11:23+00:00","description":"lll\u1405 Gestora de casos https:\/\/www.youtube.com\/watch?v=TEoWRtl640Y El personal de Enfermer\u00eda que act\u00faa como gestor de casos en el \u00c1rea de la Mama es clave en el \u2705","breadcrumb":{"@id":"https:\/\/riberasalud.com\/area-de-mama\/gestora-de-casos\/#breadcrumb"},"inLanguage":"es","potentialAction":[{"@type":"ReadAction","target":["https:\/\/riberasalud.com\/area-de-mama\/gestora-de-casos\/"]}]},{"@type":"BreadcrumbList","@id":"https:\/\/riberasalud.com\/area-de-mama\/gestora-de-casos\/#breadcrumb","itemListElement":[{"@type":"ListItem","position":1,"name":"Portada","item":"https:\/\/riberasalud.com\/area-de-mama\/"},{"@type":"ListItem","position":2,"name":"Gestora de casos"}]},{"@type":"WebSite","@id":"https:\/\/riberasalud.com\/area-de-mama\/#website","url":"https:\/\/riberasalud.com\/area-de-mama\/","name":"Ribera Salud \u00c1rea de Mama","description":"","publisher":{"@id":"https:\/\/riberasalud.com\/area-de-mama\/#organization"},"potentialAction":[{"@type":"SearchAction","target":{"@type":"EntryPoint","urlTemplate":"https:\/\/riberasalud.com\/area-de-mama\/?s={search_term_string}"},"query-input":{"@type":"PropertyValueSpecification","valueRequired":true,"valueName":"search_term_string"}}],"inLanguage":"es"},{"@type":"Organization","@id":"https:\/\/riberasalud.com\/area-de-mama\/#organization","name":"Ribera Salud \u00c1rea de Mama","url":"https:\/\/riberasalud.com\/area-de-mama\/","logo":{"@type":"ImageObject","inLanguage":"es","@id":"https:\/\/riberasalud.com\/area-de-mama\/#\/schema\/logo\/image\/","url":"https:\/\/riberasalud.com\/area-de-mama\/wp-content\/uploads\/2021\/02\/cropped-Logotipo-White-1.png","contentUrl":"https:\/\/riberasalud.com\/area-de-mama\/wp-content\/uploads\/2021\/02\/cropped-Logotipo-White-1.png","width":1200,"height":474,"caption":"Ribera Salud \u00c1rea de Mama"},"image":{"@id":"https:\/\/riberasalud.com\/area-de-mama\/#\/schema\/logo\/image\/"}}]}},"pbg_featured_image_src":{"full":false,"thumbnail":false,"medium":false,"medium_large":false,"large":false,"xl":false,"xxl":false,"xxxl":false,"xxxxl":false,"xxxxxl":false,"1536x1536":false,"2048x2048":false},"pbg_author_info":{"display_name":"marsanchez","author_link":"https:\/\/riberasalud.com\/area-de-mama\/author\/marsanchez\/","author_img":"<img alt='marsanchez' src='https:\/\/secure.gravatar.com\/avatar\/0e2ddfa6ca50f038a905865f19439697542e5743a0628f67c9fac9c893b311be?s=128&#038;d=mm&#038;r=g' srcset='https:\/\/secure.gravatar.com\/avatar\/0e2ddfa6ca50f038a905865f19439697542e5743a0628f67c9fac9c893b311be?s=256&#038;d=mm&#038;r=g 2x' class='avatar avatar-128 photo' height='128' width='128' loading='lazy' decoding='async'\/>"},"pbg_comment_info":" No Comments","pbg_excerpt":"Gestora de casos El personal de Enfermer\u00eda que act\u00faa como gestor de casos en el \u00c1rea de la Mama es clave en el acompa\u00f1amiento y asesoramiento de las pacientes del \u00c1rea de la Mama del grupo Ribera, desde el momento de su diagn\u00f3stico y durante todo el tratamiento. Tambi\u00e9n llamados\u00a0coaches\u00a0emocionales, son los encargados de facilitar&hellip;","uagb_featured_image_src":{"full":false,"thumbnail":false,"medium":false,"medium_large":false,"large":false,"xl":false,"xxl":false,"xxxl":false,"xxxxl":false,"xxxxxl":false,"1536x1536":false,"2048x2048":false},"uagb_author_info":{"display_name":"marsanchez","author_link":"https:\/\/riberasalud.com\/area-de-mama\/author\/marsanchez\/"},"uagb_comment_info":0,"uagb_excerpt":"Gestora de casos El personal de Enfermer\u00eda que act\u00faa como gestor de casos en el \u00c1rea de la Mama es clave en el acompa\u00f1amiento y asesoramiento de las pacientes del \u00c1rea de la Mama del grupo Ribera, desde el momento de su diagn\u00f3stico y durante todo el tratamiento. Tambi\u00e9n llamados\u00a0coaches\u00a0emocionales, son los encargados de facilitar&hellip;","coauthors":[],"author_meta":{"author_link":"https:\/\/riberasalud.com\/area-de-mama\/author\/marsanchez\/","display_name":"marsanchez"},"relative_dates":{"created":"Publicado 5 a\u00f1os hace","modified":"Actualizado 5 a\u00f1os hace"},"absolute_dates":{"created":"Publicado el 8 de septiembre de 2021","modified":"Actualizado el 9 de septiembre de 2021"},"absolute_dates_time":{"created":"Publicado el 8 de septiembre de 2021 09:19","modified":"Actualizado el 9 de septiembre de 2021 07:11"},"featured_img_caption":"","featured_img":false,"series_order":"","_links":{"self":[{"href":"https:\/\/riberasalud.com\/area-de-mama\/wp-json\/wp\/v2\/pages\/809","targetHints":{"allow":["GET"]}}],"collection":[{"href":"https:\/\/riberasalud.com\/area-de-mama\/wp-json\/wp\/v2\/pages"}],"about":[{"href":"https:\/\/riberasalud.com\/area-de-mama\/wp-json\/wp\/v2\/types\/page"}],"author":[{"embeddable":true,"href":"https:\/\/riberasalud.com\/area-de-mama\/wp-json\/wp\/v2\/users\/2"}],"replies":[{"embeddable":true,"href":"https:\/\/riberasalud.com\/area-de-mama\/wp-json\/wp\/v2\/comments?post=809"}],"version-history":[{"count":8,"href":"https:\/\/riberasalud.com\/area-de-mama\/wp-json\/wp\/v2\/pages\/809\/revisions"}],"predecessor-version":[{"id":831,"href":"https:\/\/riberasalud.com\/area-de-mama\/wp-json\/wp\/v2\/pages\/809\/revisions\/831"}],"wp:attachment":[{"href":"https:\/\/riberasalud.com\/area-de-mama\/wp-json\/wp\/v2\/media?parent=809"}],"curies":[{"name":"wp","href":"https:\/\/api.w.org\/{rel}","templated":true}]}}