{"id":484,"date":"2021-04-01T13:26:59","date_gmt":"2021-04-01T13:26:59","guid":{"rendered":"https:\/\/riberasalud.com\/area-de-mama\/?page_id=484"},"modified":"2021-09-09T07:07:22","modified_gmt":"2021-09-09T07:07:22","slug":"diagnostico-rapido","status":"publish","type":"page","link":"https:\/\/riberasalud.com\/area-de-mama\/diagnostico-rapido\/","title":{"rendered":"Diagn\u00f3stico r\u00e1pido"},"content":{"rendered":"\n<div class=\"backgroundbanner backgroundbanner backgroundbanner backgroundbanner backgroundbanner backgroundbanner backgroundbanner backgroundbanner backgroundbanner backgroundbanner backgroundbanner backgroundbanner wp-block-group backgroundbanner\"><div class=\"wp-block-group__inner-container is-layout-flow wp-block-group-is-layout-flow\">\n<p class=\"has-text-align-center\" style=\"font-size:40px\"><span class=\"ugb-highlight\" style=\"color: #4b4a4a;\">Diagn\u00f3stico r\u00e1pido<\/span><\/p>\n<\/div><\/div>\n\n\n\n<div class=\"wp-block-group\"><div class=\"wp-block-group__inner-container is-layout-flow wp-block-group-is-layout-flow\">\n<div class=\"wp-block-group\"><div class=\"wp-block-group__inner-container is-layout-flow wp-block-group-is-layout-flow\">\n<div class=\"wp-block-columns is-layout-flex wp-container-core-columns-is-layout-9d6595d7 wp-block-columns-is-layout-flex\">\n<div class=\"wp-block-column is-layout-flow wp-block-column-is-layout-flow\">\n<p style=\"font-size:14px\">Disponemos de t\u00e9cnicas diagn\u00f3sticas e intervencionistas innovadoras en&nbsp;<span style=\"color:#f39fa7\" class=\"has-inline-color\">Radiolog\u00eda<\/span>,&nbsp;<span style=\"color:#f39fa7\" class=\"has-inline-color\">Patolog\u00eda<\/span>, Oncolog\u00eda diagn\u00f3stica de precisi\u00f3n y Cirug\u00eda personalizada. Somos especialistas en&nbsp;<span style=\"color:#f39fa7\" class=\"has-inline-color\">prevenci\u00f3n&nbsp;<\/span>y detecci\u00f3n precoz sobre todo en pacientes que ya han sufrido un c\u00e1ncer de mama o tienen antecedentes familiares, con t\u00e9cnicas como la mamograf\u00eda con contraste y la biopsia r\u00e1pida al vac\u00edo. El grupo cuenta con un anillo radiol\u00f3gico, que permite garantizar a nuestras pacientes la mejor tecnolog\u00eda y los mejores radi\u00f3logos para informar cada caso. Apostamos por t\u00e9cnicas quir\u00fargicas avanzadas y m\u00ednimamente invasivas, cirug\u00eda ecoguiada, as\u00ed como por la cirug\u00eda conservadora, siempre que sea posible, y&nbsp;<span style=\"color:#f39fa7\" class=\"has-inline-color\">cirug\u00eda oncopl\u00e1stica<\/span>.<\/p>\n<\/div>\n\n\n\n<div class=\"wp-block-column is-layout-flow wp-block-column-is-layout-flow\">\n<figure class=\"wp-block-image size-large fotoredonda\"><img loading=\"lazy\" decoding=\"async\" width=\"800\" height=\"451\" src=\"https:\/\/riberasalud.com\/area-de-mama\/wp-content\/uploads\/2021\/09\/Laia-04-1-scaled-1.jpg\" alt=\"\" class=\"wp-image-806\" srcset=\"https:\/\/riberasalud.com\/area-de-mama\/wp-content\/uploads\/2021\/09\/Laia-04-1-scaled-1.jpg 800w, https:\/\/riberasalud.com\/area-de-mama\/wp-content\/uploads\/2021\/09\/Laia-04-1-scaled-1-300x169.jpg 300w, https:\/\/riberasalud.com\/area-de-mama\/wp-content\/uploads\/2021\/09\/Laia-04-1-scaled-1-768x433.jpg 768w\" sizes=\"auto, (max-width: 800px) 100vw, 800px\" \/><\/figure>\n<\/div>\n<\/div>\n\n\n\n<p style=\"font-size:14px\">En estos v\u00eddeos, nuestros profesionales explican en qu\u00e9 consiste y c\u00f3mo realizamos la mamograf\u00eda 3D con contraste y la biopsia r\u00e1pida de mama que facilitamos a nuestras pacientes.<\/p>\n\n\n\n<div class=\"wp-block-columns is-layout-flex wp-container-core-columns-is-layout-9d6595d7 wp-block-columns-is-layout-flex\">\n<div class=\"wp-block-column is-layout-flow wp-block-column-is-layout-flow\">\n<figure class=\"wp-block-embed is-type-video is-provider-youtube wp-block-embed-youtube wp-embed-aspect-16-9 wp-has-aspect-ratio\"><div class=\"wp-block-embed__wrapper\">\n<iframe loading=\"lazy\" title=\"Mamografi\u0301a 3D con Contra\u0301ste\" width=\"1200\" height=\"675\" src=\"https:\/\/www.youtube.com\/embed\/disKsm4pusc?feature=oembed\" frameborder=\"0\" allow=\"accelerometer; autoplay; clipboard-write; encrypted-media; gyroscope; picture-in-picture\" allowfullscreen><\/iframe>\n<\/div><\/figure>\n\n\n\n<p><span style=\"color:#f39fa7\" class=\"has-inline-color\">Mam\u00f3grafo 3d con contraste<\/span><\/p>\n<\/div>\n\n\n\n<div class=\"wp-block-column is-layout-flow wp-block-column-is-layout-flow\">\n<figure class=\"wp-block-embed is-type-video is-provider-youtube wp-block-embed-youtube wp-embed-aspect-16-9 wp-has-aspect-ratio\"><div class=\"wp-block-embed__wrapper\">\n<iframe loading=\"lazy\" title=\"Biopsia R\u00e1pida de Mama\" width=\"1200\" height=\"675\" src=\"https:\/\/www.youtube.com\/embed\/iVumtBqZ8mQ?feature=oembed\" frameborder=\"0\" allow=\"accelerometer; autoplay; clipboard-write; encrypted-media; gyroscope; picture-in-picture\" allowfullscreen><\/iframe>\n<\/div><\/figure>\n\n\n\n<p><span style=\"color:#f39fa7\" class=\"has-inline-color\">Biopsias r\u00e1pidas extirpativas minimamente invasivas<\/span><\/p>\n<\/div>\n<\/div>\n\n\n\n<p><\/p>\n<\/div><\/div>\n<\/div><\/div>\n","protected":false},"excerpt":{"rendered":"<p>Diagn\u00f3stico r\u00e1pido Disponemos de t\u00e9cnicas diagn\u00f3sticas e intervencionistas innovadoras en&nbsp;Radiolog\u00eda,&nbsp;Patolog\u00eda, Oncolog\u00eda diagn\u00f3stica de precisi\u00f3n y Cirug\u00eda personalizada. Somos especialistas en&nbsp;prevenci\u00f3n&nbsp;y detecci\u00f3n precoz sobre todo en pacientes que ya han sufrido un c\u00e1ncer de mama o tienen antecedentes familiares, con t\u00e9cnicas como la mamograf\u00eda con contraste y la biopsia r\u00e1pida al vac\u00edo. El grupo cuenta con &#8230; <a title=\"Diagn\u00f3stico r\u00e1pido\" class=\"read-more\" href=\"https:\/\/riberasalud.com\/area-de-mama\/diagnostico-rapido\/\" aria-label=\"Leer m\u00e1s sobre Diagn\u00f3stico r\u00e1pido\">Leer m\u00e1s<\/a><\/p>\n","protected":false},"author":1,"featured_media":0,"parent":0,"menu_order":0,"comment_status":"closed","ping_status":"closed","template":"","meta":{"_coblocks_attr":"","_coblocks_dimensions":"","_coblocks_responsive_height":"","_coblocks_accordion_ie_support":"","_uag_custom_page_level_css":"","advgb_blocks_editor_width":"","advgb_blocks_columns_visual_guide":"","_themeisle_gutenberg_block_has_review":false,"footnotes":""},"class_list":["post-484","page","type-page","status-publish"],"yoast_head":"<!-- This site is optimized with the Yoast SEO plugin v26.6 - https:\/\/yoast.com\/wordpress\/plugins\/seo\/ -->\n<title>\u25b7 Diagn\u00f3stico r\u00e1pido - Ribera Salud \u00c1rea de Mama<\/title>\n<meta name=\"description\" content=\"lll\u1405 Diagn\u00f3stico r\u00e1pido Disponemos de t\u00e9cnicas diagn\u00f3sticas e intervencionistas innovadoras en&nbsp;Radiolog\u00eda,&nbsp;Patolog\u00eda, Oncolog\u00eda diagn\u00f3stica de \u2705\" \/>\n<meta name=\"robots\" content=\"index, follow, max-snippet:-1, max-image-preview:large, max-video-preview:-1\" \/>\n<link rel=\"canonical\" href=\"https:\/\/riberasalud.com\/area-de-mama\/diagnostico-rapido\/\" \/>\n<meta property=\"og:locale\" content=\"es_ES\" \/>\n<meta property=\"og:type\" content=\"article\" \/>\n<meta property=\"og:title\" content=\"\u25b7 Diagn\u00f3stico r\u00e1pido - Ribera Salud \u00c1rea de Mama\" \/>\n<meta property=\"og:description\" content=\"lll\u1405 Diagn\u00f3stico r\u00e1pido Disponemos de t\u00e9cnicas diagn\u00f3sticas e intervencionistas innovadoras en&nbsp;Radiolog\u00eda,&nbsp;Patolog\u00eda, Oncolog\u00eda diagn\u00f3stica de \u2705\" \/>\n<meta property=\"og:url\" content=\"https:\/\/riberasalud.com\/area-de-mama\/diagnostico-rapido\/\" \/>\n<meta property=\"og:site_name\" content=\"Ribera Salud \u00c1rea de Mama\" \/>\n<meta property=\"article:modified_time\" content=\"2021-09-09T07:07:22+00:00\" \/>\n<meta property=\"og:image\" content=\"https:\/\/riberasalud.com\/area-de-mama\/wp-content\/uploads\/2021\/09\/Laia-04-1-scaled-1.jpg\" \/>\n<meta name=\"twitter:card\" content=\"summary_large_image\" \/>\n<meta name=\"twitter:label1\" content=\"Tiempo de lectura\" \/>\n\t<meta name=\"twitter:data1\" content=\"1 minuto\" \/>\n<script type=\"application\/ld+json\" class=\"yoast-schema-graph\">{\"@context\":\"https:\/\/schema.org\",\"@graph\":[{\"@type\":\"WebPage\",\"@id\":\"https:\/\/riberasalud.com\/area-de-mama\/diagnostico-rapido\/\",\"url\":\"https:\/\/riberasalud.com\/area-de-mama\/diagnostico-rapido\/\",\"name\":\"\u25b7 Diagn\u00f3stico r\u00e1pido - Ribera Salud \u00c1rea de Mama\",\"isPartOf\":{\"@id\":\"https:\/\/riberasalud.com\/area-de-mama\/#website\"},\"primaryImageOfPage\":{\"@id\":\"https:\/\/riberasalud.com\/area-de-mama\/diagnostico-rapido\/#primaryimage\"},\"image\":{\"@id\":\"https:\/\/riberasalud.com\/area-de-mama\/diagnostico-rapido\/#primaryimage\"},\"thumbnailUrl\":\"https:\/\/riberasalud.com\/area-de-mama\/wp-content\/uploads\/2021\/09\/Laia-04-1-scaled-1.jpg\",\"datePublished\":\"2021-04-01T13:26:59+00:00\",\"dateModified\":\"2021-09-09T07:07:22+00:00\",\"description\":\"lll\u1405 Diagn\u00f3stico r\u00e1pido Disponemos de t\u00e9cnicas diagn\u00f3sticas e intervencionistas innovadoras en&nbsp;Radiolog\u00eda,&nbsp;Patolog\u00eda, Oncolog\u00eda diagn\u00f3stica de \u2705\",\"breadcrumb\":{\"@id\":\"https:\/\/riberasalud.com\/area-de-mama\/diagnostico-rapido\/#breadcrumb\"},\"inLanguage\":\"es\",\"potentialAction\":[{\"@type\":\"ReadAction\",\"target\":[\"https:\/\/riberasalud.com\/area-de-mama\/diagnostico-rapido\/\"]}]},{\"@type\":\"ImageObject\",\"inLanguage\":\"es\",\"@id\":\"https:\/\/riberasalud.com\/area-de-mama\/diagnostico-rapido\/#primaryimage\",\"url\":\"https:\/\/riberasalud.com\/area-de-mama\/wp-content\/uploads\/2021\/09\/Laia-04-1-scaled-1.jpg\",\"contentUrl\":\"https:\/\/riberasalud.com\/area-de-mama\/wp-content\/uploads\/2021\/09\/Laia-04-1-scaled-1.jpg\",\"width\":800,\"height\":451},{\"@type\":\"BreadcrumbList\",\"@id\":\"https:\/\/riberasalud.com\/area-de-mama\/diagnostico-rapido\/#breadcrumb\",\"itemListElement\":[{\"@type\":\"ListItem\",\"position\":1,\"name\":\"Portada\",\"item\":\"https:\/\/riberasalud.com\/area-de-mama\/\"},{\"@type\":\"ListItem\",\"position\":2,\"name\":\"Diagn\u00f3stico r\u00e1pido\"}]},{\"@type\":\"WebSite\",\"@id\":\"https:\/\/riberasalud.com\/area-de-mama\/#website\",\"url\":\"https:\/\/riberasalud.com\/area-de-mama\/\",\"name\":\"Ribera Salud \u00c1rea de Mama\",\"description\":\"\",\"publisher\":{\"@id\":\"https:\/\/riberasalud.com\/area-de-mama\/#organization\"},\"potentialAction\":[{\"@type\":\"SearchAction\",\"target\":{\"@type\":\"EntryPoint\",\"urlTemplate\":\"https:\/\/riberasalud.com\/area-de-mama\/?s={search_term_string}\"},\"query-input\":{\"@type\":\"PropertyValueSpecification\",\"valueRequired\":true,\"valueName\":\"search_term_string\"}}],\"inLanguage\":\"es\"},{\"@type\":\"Organization\",\"@id\":\"https:\/\/riberasalud.com\/area-de-mama\/#organization\",\"name\":\"Ribera Salud \u00c1rea de Mama\",\"url\":\"https:\/\/riberasalud.com\/area-de-mama\/\",\"logo\":{\"@type\":\"ImageObject\",\"inLanguage\":\"es\",\"@id\":\"https:\/\/riberasalud.com\/area-de-mama\/#\/schema\/logo\/image\/\",\"url\":\"https:\/\/riberasalud.com\/area-de-mama\/wp-content\/uploads\/2021\/02\/cropped-Logotipo-White-1.png\",\"contentUrl\":\"https:\/\/riberasalud.com\/area-de-mama\/wp-content\/uploads\/2021\/02\/cropped-Logotipo-White-1.png\",\"width\":1200,\"height\":474,\"caption\":\"Ribera Salud \u00c1rea de Mama\"},\"image\":{\"@id\":\"https:\/\/riberasalud.com\/area-de-mama\/#\/schema\/logo\/image\/\"}}]}<\/script>\n<!-- \/ Yoast SEO plugin. -->","yoast_head_json":{"title":"\u25b7 Diagn\u00f3stico r\u00e1pido - Ribera Salud \u00c1rea de Mama","description":"lll\u1405 Diagn\u00f3stico r\u00e1pido Disponemos de t\u00e9cnicas diagn\u00f3sticas e intervencionistas innovadoras en&nbsp;Radiolog\u00eda,&nbsp;Patolog\u00eda, Oncolog\u00eda diagn\u00f3stica de \u2705","robots":{"index":"index","follow":"follow","max-snippet":"max-snippet:-1","max-image-preview":"max-image-preview:large","max-video-preview":"max-video-preview:-1"},"canonical":"https:\/\/riberasalud.com\/area-de-mama\/diagnostico-rapido\/","og_locale":"es_ES","og_type":"article","og_title":"\u25b7 Diagn\u00f3stico r\u00e1pido - Ribera Salud \u00c1rea de Mama","og_description":"lll\u1405 Diagn\u00f3stico r\u00e1pido Disponemos de t\u00e9cnicas diagn\u00f3sticas e intervencionistas innovadoras en&nbsp;Radiolog\u00eda,&nbsp;Patolog\u00eda, Oncolog\u00eda diagn\u00f3stica de \u2705","og_url":"https:\/\/riberasalud.com\/area-de-mama\/diagnostico-rapido\/","og_site_name":"Ribera Salud \u00c1rea de Mama","article_modified_time":"2021-09-09T07:07:22+00:00","og_image":[{"url":"https:\/\/riberasalud.com\/area-de-mama\/wp-content\/uploads\/2021\/09\/Laia-04-1-scaled-1.jpg","type":"","width":"","height":""}],"twitter_card":"summary_large_image","twitter_misc":{"Tiempo de lectura":"1 minuto"},"schema":{"@context":"https:\/\/schema.org","@graph":[{"@type":"WebPage","@id":"https:\/\/riberasalud.com\/area-de-mama\/diagnostico-rapido\/","url":"https:\/\/riberasalud.com\/area-de-mama\/diagnostico-rapido\/","name":"\u25b7 Diagn\u00f3stico r\u00e1pido - Ribera Salud \u00c1rea de Mama","isPartOf":{"@id":"https:\/\/riberasalud.com\/area-de-mama\/#website"},"primaryImageOfPage":{"@id":"https:\/\/riberasalud.com\/area-de-mama\/diagnostico-rapido\/#primaryimage"},"image":{"@id":"https:\/\/riberasalud.com\/area-de-mama\/diagnostico-rapido\/#primaryimage"},"thumbnailUrl":"https:\/\/riberasalud.com\/area-de-mama\/wp-content\/uploads\/2021\/09\/Laia-04-1-scaled-1.jpg","datePublished":"2021-04-01T13:26:59+00:00","dateModified":"2021-09-09T07:07:22+00:00","description":"lll\u1405 Diagn\u00f3stico r\u00e1pido Disponemos de t\u00e9cnicas diagn\u00f3sticas e intervencionistas innovadoras en&nbsp;Radiolog\u00eda,&nbsp;Patolog\u00eda, Oncolog\u00eda diagn\u00f3stica de \u2705","breadcrumb":{"@id":"https:\/\/riberasalud.com\/area-de-mama\/diagnostico-rapido\/#breadcrumb"},"inLanguage":"es","potentialAction":[{"@type":"ReadAction","target":["https:\/\/riberasalud.com\/area-de-mama\/diagnostico-rapido\/"]}]},{"@type":"ImageObject","inLanguage":"es","@id":"https:\/\/riberasalud.com\/area-de-mama\/diagnostico-rapido\/#primaryimage","url":"https:\/\/riberasalud.com\/area-de-mama\/wp-content\/uploads\/2021\/09\/Laia-04-1-scaled-1.jpg","contentUrl":"https:\/\/riberasalud.com\/area-de-mama\/wp-content\/uploads\/2021\/09\/Laia-04-1-scaled-1.jpg","width":800,"height":451},{"@type":"BreadcrumbList","@id":"https:\/\/riberasalud.com\/area-de-mama\/diagnostico-rapido\/#breadcrumb","itemListElement":[{"@type":"ListItem","position":1,"name":"Portada","item":"https:\/\/riberasalud.com\/area-de-mama\/"},{"@type":"ListItem","position":2,"name":"Diagn\u00f3stico r\u00e1pido"}]},{"@type":"WebSite","@id":"https:\/\/riberasalud.com\/area-de-mama\/#website","url":"https:\/\/riberasalud.com\/area-de-mama\/","name":"Ribera Salud \u00c1rea de Mama","description":"","publisher":{"@id":"https:\/\/riberasalud.com\/area-de-mama\/#organization"},"potentialAction":[{"@type":"SearchAction","target":{"@type":"EntryPoint","urlTemplate":"https:\/\/riberasalud.com\/area-de-mama\/?s={search_term_string}"},"query-input":{"@type":"PropertyValueSpecification","valueRequired":true,"valueName":"search_term_string"}}],"inLanguage":"es"},{"@type":"Organization","@id":"https:\/\/riberasalud.com\/area-de-mama\/#organization","name":"Ribera Salud \u00c1rea de Mama","url":"https:\/\/riberasalud.com\/area-de-mama\/","logo":{"@type":"ImageObject","inLanguage":"es","@id":"https:\/\/riberasalud.com\/area-de-mama\/#\/schema\/logo\/image\/","url":"https:\/\/riberasalud.com\/area-de-mama\/wp-content\/uploads\/2021\/02\/cropped-Logotipo-White-1.png","contentUrl":"https:\/\/riberasalud.com\/area-de-mama\/wp-content\/uploads\/2021\/02\/cropped-Logotipo-White-1.png","width":1200,"height":474,"caption":"Ribera Salud \u00c1rea de Mama"},"image":{"@id":"https:\/\/riberasalud.com\/area-de-mama\/#\/schema\/logo\/image\/"}}]}},"pbg_featured_image_src":{"full":false,"thumbnail":false,"medium":false,"medium_large":false,"large":false,"xl":false,"xxl":false,"xxxl":false,"xxxxl":false,"xxxxxl":false,"1536x1536":false,"2048x2048":false},"pbg_author_info":{"display_name":"jorge@quois.com","author_link":"https:\/\/riberasalud.com\/area-de-mama\/author\/jorgequois-com\/","author_img":"<img alt='jorge@quois.com' src='https:\/\/secure.gravatar.com\/avatar\/bca8cccf11ce6757dcdec6ce293d120c16d33c83aeb423357cce3f49f3abae94?s=128&#038;d=mm&#038;r=g' srcset='https:\/\/secure.gravatar.com\/avatar\/bca8cccf11ce6757dcdec6ce293d120c16d33c83aeb423357cce3f49f3abae94?s=256&#038;d=mm&#038;r=g 2x' class='avatar avatar-128 photo' height='128' width='128' loading='lazy' decoding='async'\/>"},"pbg_comment_info":" No Comments","pbg_excerpt":"Diagn\u00f3stico r\u00e1pido Disponemos de t\u00e9cnicas diagn\u00f3sticas e intervencionistas innovadoras en&nbsp;Radiolog\u00eda,&nbsp;Patolog\u00eda, Oncolog\u00eda diagn\u00f3stica de precisi\u00f3n y Cirug\u00eda personalizada. Somos especialistas en&nbsp;prevenci\u00f3n&nbsp;y detecci\u00f3n precoz sobre todo en pacientes que ya han sufrido un c\u00e1ncer de mama o tienen antecedentes familiares, con t\u00e9cnicas como la mamograf\u00eda con contraste y la biopsia r\u00e1pida al vac\u00edo. El grupo cuenta con&hellip;","uagb_featured_image_src":{"full":false,"thumbnail":false,"medium":false,"medium_large":false,"large":false,"xl":false,"xxl":false,"xxxl":false,"xxxxl":false,"xxxxxl":false,"1536x1536":false,"2048x2048":false},"uagb_author_info":{"display_name":"jorge@quois.com","author_link":"https:\/\/riberasalud.com\/area-de-mama\/author\/jorgequois-com\/"},"uagb_comment_info":0,"uagb_excerpt":"Diagn\u00f3stico r\u00e1pido Disponemos de t\u00e9cnicas diagn\u00f3sticas e intervencionistas innovadoras en&nbsp;Radiolog\u00eda,&nbsp;Patolog\u00eda, Oncolog\u00eda diagn\u00f3stica de precisi\u00f3n y Cirug\u00eda personalizada. Somos especialistas en&nbsp;prevenci\u00f3n&nbsp;y detecci\u00f3n precoz sobre todo en pacientes que ya han sufrido un c\u00e1ncer de mama o tienen antecedentes familiares, con t\u00e9cnicas como la mamograf\u00eda con contraste y la biopsia r\u00e1pida al vac\u00edo. El grupo cuenta con&hellip;","coauthors":[],"author_meta":{"author_link":"https:\/\/riberasalud.com\/area-de-mama\/author\/jorgequois-com\/","display_name":"jorge@quois.com"},"relative_dates":{"created":"Publicado 5 a\u00f1os hace","modified":"Actualizado 5 a\u00f1os hace"},"absolute_dates":{"created":"Publicado el 1 de abril de 2021","modified":"Actualizado el 9 de septiembre de 2021"},"absolute_dates_time":{"created":"Publicado el 1 de abril de 2021 13:26","modified":"Actualizado el 9 de septiembre de 2021 07:07"},"featured_img_caption":"","featured_img":false,"series_order":"","_links":{"self":[{"href":"https:\/\/riberasalud.com\/area-de-mama\/wp-json\/wp\/v2\/pages\/484","targetHints":{"allow":["GET"]}}],"collection":[{"href":"https:\/\/riberasalud.com\/area-de-mama\/wp-json\/wp\/v2\/pages"}],"about":[{"href":"https:\/\/riberasalud.com\/area-de-mama\/wp-json\/wp\/v2\/types\/page"}],"author":[{"embeddable":true,"href":"https:\/\/riberasalud.com\/area-de-mama\/wp-json\/wp\/v2\/users\/1"}],"replies":[{"embeddable":true,"href":"https:\/\/riberasalud.com\/area-de-mama\/wp-json\/wp\/v2\/comments?post=484"}],"version-history":[{"count":13,"href":"https:\/\/riberasalud.com\/area-de-mama\/wp-json\/wp\/v2\/pages\/484\/revisions"}],"predecessor-version":[{"id":826,"href":"https:\/\/riberasalud.com\/area-de-mama\/wp-json\/wp\/v2\/pages\/484\/revisions\/826"}],"wp:attachment":[{"href":"https:\/\/riberasalud.com\/area-de-mama\/wp-json\/wp\/v2\/media?parent=484"}],"curies":[{"name":"wp","href":"https:\/\/api.w.org\/{rel}","templated":true}]}}