{"id":328,"date":"2021-03-11T12:31:59","date_gmt":"2021-03-11T12:31:59","guid":{"rendered":"https:\/\/riberasalud.com\/area-de-mama\/?page_id=328"},"modified":"2022-07-11T11:58:12","modified_gmt":"2022-07-11T11:58:12","slug":"docencia","status":"publish","type":"page","link":"https:\/\/riberasalud.com\/area-de-mama\/docencia\/","title":{"rendered":"Docencia"},"content":{"rendered":"\n<div class=\"backgroundbanner backgroundbanner backgroundbanner backgroundbanner backgroundbanner backgroundbanner backgroundbanner backgroundbanner backgroundbanner backgroundbanner backgroundbanner backgroundbanner backgroundbanner wp-block-group backgroundbanner\"><div class=\"wp-block-group__inner-container is-layout-flow wp-block-group-is-layout-flow\">\n<p class=\"has-text-align-center\" style=\"font-size:40px\"><span class=\"ugb-highlight\" style=\"color: #4b4a4a;\">Docencia<\/span><\/p>\n<\/div><\/div>\n\n\n\n<div class=\"wp-block-group\"><div class=\"wp-block-group__inner-container is-layout-flow wp-block-group-is-layout-flow\">\n<p style=\"font-size:13px\">El \u00c1rea de la Mama del grupo Ribera organiza y participa en multitud de jornadas, seminarios y webinars, que tienen como objetivo la formaci\u00f3n continua, el acceso a las \u00faltimas tecnolog\u00edas y tratamientos, la coinnovaci\u00f3n y nuestro deseo de compartir conocimiento para ayudar a la prevenci\u00f3n y el bienestar de la poblaci\u00f3n, en especial, de las mujeres afectadas por una patolog\u00eda de la mama, como el c\u00e1ncer de mama<\/p>\n\n\n\n<h2 class=\"has-text-align-center wp-block-heading\"><span style=\"color:#d71128\" class=\"has-inline-color\">\u00daltimas sesiones<\/span><\/h2>\n\n\n\n<div class=\"wp-block-columns is-layout-flex wp-container-core-columns-is-layout-9d6595d7 wp-block-columns-is-layout-flex\">\n<div class=\"wp-block-column is-layout-flow wp-block-column-is-layout-flow\" style=\"flex-basis:50%\">\n<p class=\"has-text-align-right\"><strong><span style=\"color:#d71029\" class=\"has-inline-color\">21 de junio 2022<\/span><\/strong> \u00b7 VIII Webinar de Correlaci\u00f3n Radio-Patol\u00f3gica<\/p>\n<\/div>\n\n\n\n<div class=\"wp-block-column is-layout-flow wp-block-column-is-layout-flow\" style=\"flex-basis:50%\">\n<div class=\"wp-block-buttons is-layout-flex wp-block-buttons-is-layout-flex\">\n<div class=\"wp-block-button botonunirse\"><a class=\"wp-block-button__link has-background\" href=\"https:\/\/youtu.be\/A4g39I_es-U\" style=\"background-color:#d71228\" target=\"_blank\" rel=\"https:\/\/youtu.be\/LWoD_IuBN9Y noopener\">Ver sesi\u00f3n<\/a><\/div>\n<\/div>\n<\/div>\n<\/div>\n\n\n\n<div class=\"wp-block-columns is-layout-flex wp-container-core-columns-is-layout-9d6595d7 wp-block-columns-is-layout-flex\">\n<div class=\"wp-block-column is-layout-flow wp-block-column-is-layout-flow\" style=\"flex-basis:50%\">\n<p class=\"has-text-align-right\"><strong><span style=\"color:#d71029\" class=\"has-inline-color\">20 de junio 2022<\/span><\/strong> \u00b7 I Webinar IBCC<\/p>\n<\/div>\n\n\n\n<div class=\"wp-block-column is-layout-flow wp-block-column-is-layout-flow\" style=\"flex-basis:50%\">\n<div class=\"wp-block-buttons is-layout-flex wp-block-buttons-is-layout-flex\">\n<div class=\"wp-block-button botonunirse\"><a class=\"wp-block-button__link has-background\" href=\"https:\/\/youtu.be\/7bUg8o3WqX4\" style=\"background-color:#d71228\" target=\"_blank\" rel=\"https:\/\/youtu.be\/LWoD_IuBN9Y noopener\">Ver sesi\u00f3n<\/a><\/div>\n<\/div>\n<\/div>\n<\/div>\n\n\n\n<div class=\"wp-block-columns is-layout-flex wp-container-core-columns-is-layout-9d6595d7 wp-block-columns-is-layout-flex\">\n<div class=\"wp-block-column is-layout-flow wp-block-column-is-layout-flow\" style=\"flex-basis:50%\">\n<p class=\"has-text-align-right\"><strong><span style=\"color:#d71029\" class=\"has-inline-color\">8 de junio 2022<\/span><\/strong> \u00b7 III Webinar Preguntas Claves del Mes<\/p>\n<\/div>\n\n\n\n<div class=\"wp-block-column is-layout-flow wp-block-column-is-layout-flow\" style=\"flex-basis:50%\">\n<div class=\"wp-block-buttons is-layout-flex wp-block-buttons-is-layout-flex\">\n<div class=\"wp-block-button botonunirse\"><a class=\"wp-block-button__link has-background\" href=\"https:\/\/www.youtube.com\/watch?v=eCpUGjlByJ8\" style=\"background-color:#d71228\" target=\"_blank\" rel=\"https:\/\/youtu.be\/LWoD_IuBN9Y noopener\">Ver sesi\u00f3n<\/a><\/div>\n<\/div>\n<\/div>\n<\/div>\n\n\n\n<div class=\"wp-block-columns is-layout-flex wp-container-core-columns-is-layout-9d6595d7 wp-block-columns-is-layout-flex\">\n<div class=\"wp-block-column is-layout-flow wp-block-column-is-layout-flow\" style=\"flex-basis:50%\">\n<p class=\"has-text-align-right\"><strong><span style=\"color:#d71029\" class=\"has-inline-color\">5 de abril 2022<\/span><\/strong> \u00b7 VII Webinar de Correlaci\u00f3n Radio-Patol\u00f3gica<\/p>\n<\/div>\n\n\n\n<div class=\"wp-block-column is-layout-flow wp-block-column-is-layout-flow\" style=\"flex-basis:50%\">\n<div class=\"wp-block-buttons is-layout-flex wp-block-buttons-is-layout-flex\">\n<div class=\"wp-block-button botonunirse\"><a class=\"wp-block-button__link has-background\" href=\"https:\/\/youtu.be\/hjxkHIhH0Uc\" style=\"background-color:#d71228\" target=\"_blank\" rel=\"https:\/\/youtu.be\/LWoD_IuBN9Y noopener\">Ver sesi\u00f3n<\/a><\/div>\n<\/div>\n<\/div>\n<\/div>\n\n\n\n<div class=\"wp-block-columns is-layout-flex wp-container-core-columns-is-layout-9d6595d7 wp-block-columns-is-layout-flex\">\n<div class=\"wp-block-column is-layout-flow wp-block-column-is-layout-flow\" style=\"flex-basis:50%\">\n<p class=\"has-text-align-right\"><strong><span style=\"color:#d71128\" class=\"has-inline-color\">2 de juni<strong>o 2021<\/strong><\/span><\/strong> \u00b7 Correlaci\u00f3n patol\u00f3gica<\/p>\n<\/div>\n\n\n\n<div class=\"wp-block-column is-layout-flow wp-block-column-is-layout-flow\" style=\"flex-basis:50%\">\n<div class=\"wp-block-buttons is-layout-flex wp-block-buttons-is-layout-flex\">\n<div class=\"wp-block-button botonunirse\"><a class=\"wp-block-button__link has-background\" href=\"https:\/\/www.youtube.com\/watch?v=5NioK2-n1U8\" style=\"background-color:#d71228\">Ver sesi\u00f3n<\/a><\/div>\n<\/div>\n<\/div>\n<\/div>\n<\/div><\/div>\n","protected":false},"excerpt":{"rendered":"<p>Docencia El \u00c1rea de la Mama del grupo Ribera organiza y participa en multitud de jornadas, seminarios y webinars, que tienen como objetivo la formaci\u00f3n continua, el acceso a las \u00faltimas tecnolog\u00edas y tratamientos, la coinnovaci\u00f3n y nuestro deseo de compartir conocimiento para ayudar a la prevenci\u00f3n y el bienestar de la poblaci\u00f3n, en especial, &#8230; <a title=\"Docencia\" class=\"read-more\" href=\"https:\/\/riberasalud.com\/area-de-mama\/docencia\/\" aria-label=\"Leer m\u00e1s sobre Docencia\">Leer m\u00e1s<\/a><\/p>\n","protected":false},"author":2,"featured_media":0,"parent":0,"menu_order":0,"comment_status":"closed","ping_status":"closed","template":"","meta":{"_coblocks_attr":"","_coblocks_dimensions":"","_coblocks_responsive_height":"","_coblocks_accordion_ie_support":"","_uag_custom_page_level_css":"","advgb_blocks_editor_width":"","advgb_blocks_columns_visual_guide":"","_themeisle_gutenberg_block_has_review":false,"footnotes":""},"class_list":["post-328","page","type-page","status-publish"],"yoast_head":"<!-- This site is optimized with the Yoast SEO plugin v26.6 - https:\/\/yoast.com\/wordpress\/plugins\/seo\/ -->\n<title>\u25b7 Docencia - Ribera Salud \u00c1rea de Mama<\/title>\n<meta name=\"description\" content=\"lll\u1405 Docencia El \u00c1rea de la Mama del grupo Ribera organiza y participa en multitud de jornadas, seminarios y webinars, que tienen como objetivo la formaci\u00f3n \u2705\" \/>\n<meta name=\"robots\" content=\"index, follow, max-snippet:-1, max-image-preview:large, max-video-preview:-1\" \/>\n<link rel=\"canonical\" href=\"https:\/\/riberasalud.com\/area-de-mama\/docencia\/\" \/>\n<meta property=\"og:locale\" content=\"es_ES\" \/>\n<meta property=\"og:type\" content=\"article\" \/>\n<meta property=\"og:title\" content=\"\u25b7 Docencia - Ribera Salud \u00c1rea de Mama\" \/>\n<meta property=\"og:description\" content=\"lll\u1405 Docencia El \u00c1rea de la Mama del grupo Ribera organiza y participa en multitud de jornadas, seminarios y webinars, que tienen como objetivo la formaci\u00f3n \u2705\" \/>\n<meta property=\"og:url\" content=\"https:\/\/riberasalud.com\/area-de-mama\/docencia\/\" \/>\n<meta property=\"og:site_name\" content=\"Ribera Salud \u00c1rea de Mama\" \/>\n<meta property=\"article:modified_time\" content=\"2022-07-11T11:58:12+00:00\" \/>\n<meta name=\"twitter:card\" content=\"summary_large_image\" \/>\n<meta name=\"twitter:label1\" content=\"Tiempo de lectura\" \/>\n\t<meta name=\"twitter:data1\" content=\"1 minuto\" \/>\n<script type=\"application\/ld+json\" class=\"yoast-schema-graph\">{\"@context\":\"https:\/\/schema.org\",\"@graph\":[{\"@type\":\"WebPage\",\"@id\":\"https:\/\/riberasalud.com\/area-de-mama\/docencia\/\",\"url\":\"https:\/\/riberasalud.com\/area-de-mama\/docencia\/\",\"name\":\"\u25b7 Docencia - Ribera Salud \u00c1rea de Mama\",\"isPartOf\":{\"@id\":\"https:\/\/riberasalud.com\/area-de-mama\/#website\"},\"datePublished\":\"2021-03-11T12:31:59+00:00\",\"dateModified\":\"2022-07-11T11:58:12+00:00\",\"description\":\"lll\u1405 Docencia El \u00c1rea de la Mama del grupo Ribera organiza y participa en multitud de jornadas, seminarios y webinars, que tienen como objetivo la formaci\u00f3n \u2705\",\"breadcrumb\":{\"@id\":\"https:\/\/riberasalud.com\/area-de-mama\/docencia\/#breadcrumb\"},\"inLanguage\":\"es\",\"potentialAction\":[{\"@type\":\"ReadAction\",\"target\":[\"https:\/\/riberasalud.com\/area-de-mama\/docencia\/\"]}]},{\"@type\":\"BreadcrumbList\",\"@id\":\"https:\/\/riberasalud.com\/area-de-mama\/docencia\/#breadcrumb\",\"itemListElement\":[{\"@type\":\"ListItem\",\"position\":1,\"name\":\"Portada\",\"item\":\"https:\/\/riberasalud.com\/area-de-mama\/\"},{\"@type\":\"ListItem\",\"position\":2,\"name\":\"Docencia\"}]},{\"@type\":\"WebSite\",\"@id\":\"https:\/\/riberasalud.com\/area-de-mama\/#website\",\"url\":\"https:\/\/riberasalud.com\/area-de-mama\/\",\"name\":\"Ribera Salud \u00c1rea de Mama\",\"description\":\"\",\"publisher\":{\"@id\":\"https:\/\/riberasalud.com\/area-de-mama\/#organization\"},\"potentialAction\":[{\"@type\":\"SearchAction\",\"target\":{\"@type\":\"EntryPoint\",\"urlTemplate\":\"https:\/\/riberasalud.com\/area-de-mama\/?s={search_term_string}\"},\"query-input\":{\"@type\":\"PropertyValueSpecification\",\"valueRequired\":true,\"valueName\":\"search_term_string\"}}],\"inLanguage\":\"es\"},{\"@type\":\"Organization\",\"@id\":\"https:\/\/riberasalud.com\/area-de-mama\/#organization\",\"name\":\"Ribera Salud \u00c1rea de Mama\",\"url\":\"https:\/\/riberasalud.com\/area-de-mama\/\",\"logo\":{\"@type\":\"ImageObject\",\"inLanguage\":\"es\",\"@id\":\"https:\/\/riberasalud.com\/area-de-mama\/#\/schema\/logo\/image\/\",\"url\":\"https:\/\/riberasalud.com\/area-de-mama\/wp-content\/uploads\/2021\/02\/cropped-Logotipo-White-1.png\",\"contentUrl\":\"https:\/\/riberasalud.com\/area-de-mama\/wp-content\/uploads\/2021\/02\/cropped-Logotipo-White-1.png\",\"width\":1200,\"height\":474,\"caption\":\"Ribera Salud \u00c1rea de Mama\"},\"image\":{\"@id\":\"https:\/\/riberasalud.com\/area-de-mama\/#\/schema\/logo\/image\/\"}}]}<\/script>\n<!-- \/ Yoast SEO plugin. -->","yoast_head_json":{"title":"\u25b7 Docencia - Ribera Salud \u00c1rea de Mama","description":"lll\u1405 Docencia El \u00c1rea de la Mama del grupo Ribera organiza y participa en multitud de jornadas, seminarios y webinars, que tienen como objetivo la formaci\u00f3n \u2705","robots":{"index":"index","follow":"follow","max-snippet":"max-snippet:-1","max-image-preview":"max-image-preview:large","max-video-preview":"max-video-preview:-1"},"canonical":"https:\/\/riberasalud.com\/area-de-mama\/docencia\/","og_locale":"es_ES","og_type":"article","og_title":"\u25b7 Docencia - Ribera Salud \u00c1rea de Mama","og_description":"lll\u1405 Docencia El \u00c1rea de la Mama del grupo Ribera organiza y participa en multitud de jornadas, seminarios y webinars, que tienen como objetivo la formaci\u00f3n \u2705","og_url":"https:\/\/riberasalud.com\/area-de-mama\/docencia\/","og_site_name":"Ribera Salud \u00c1rea de Mama","article_modified_time":"2022-07-11T11:58:12+00:00","twitter_card":"summary_large_image","twitter_misc":{"Tiempo de lectura":"1 minuto"},"schema":{"@context":"https:\/\/schema.org","@graph":[{"@type":"WebPage","@id":"https:\/\/riberasalud.com\/area-de-mama\/docencia\/","url":"https:\/\/riberasalud.com\/area-de-mama\/docencia\/","name":"\u25b7 Docencia - Ribera Salud \u00c1rea de Mama","isPartOf":{"@id":"https:\/\/riberasalud.com\/area-de-mama\/#website"},"datePublished":"2021-03-11T12:31:59+00:00","dateModified":"2022-07-11T11:58:12+00:00","description":"lll\u1405 Docencia El \u00c1rea de la Mama del grupo Ribera organiza y participa en multitud de jornadas, seminarios y webinars, que tienen como objetivo la formaci\u00f3n \u2705","breadcrumb":{"@id":"https:\/\/riberasalud.com\/area-de-mama\/docencia\/#breadcrumb"},"inLanguage":"es","potentialAction":[{"@type":"ReadAction","target":["https:\/\/riberasalud.com\/area-de-mama\/docencia\/"]}]},{"@type":"BreadcrumbList","@id":"https:\/\/riberasalud.com\/area-de-mama\/docencia\/#breadcrumb","itemListElement":[{"@type":"ListItem","position":1,"name":"Portada","item":"https:\/\/riberasalud.com\/area-de-mama\/"},{"@type":"ListItem","position":2,"name":"Docencia"}]},{"@type":"WebSite","@id":"https:\/\/riberasalud.com\/area-de-mama\/#website","url":"https:\/\/riberasalud.com\/area-de-mama\/","name":"Ribera Salud \u00c1rea de Mama","description":"","publisher":{"@id":"https:\/\/riberasalud.com\/area-de-mama\/#organization"},"potentialAction":[{"@type":"SearchAction","target":{"@type":"EntryPoint","urlTemplate":"https:\/\/riberasalud.com\/area-de-mama\/?s={search_term_string}"},"query-input":{"@type":"PropertyValueSpecification","valueRequired":true,"valueName":"search_term_string"}}],"inLanguage":"es"},{"@type":"Organization","@id":"https:\/\/riberasalud.com\/area-de-mama\/#organization","name":"Ribera Salud \u00c1rea de Mama","url":"https:\/\/riberasalud.com\/area-de-mama\/","logo":{"@type":"ImageObject","inLanguage":"es","@id":"https:\/\/riberasalud.com\/area-de-mama\/#\/schema\/logo\/image\/","url":"https:\/\/riberasalud.com\/area-de-mama\/wp-content\/uploads\/2021\/02\/cropped-Logotipo-White-1.png","contentUrl":"https:\/\/riberasalud.com\/area-de-mama\/wp-content\/uploads\/2021\/02\/cropped-Logotipo-White-1.png","width":1200,"height":474,"caption":"Ribera Salud \u00c1rea de Mama"},"image":{"@id":"https:\/\/riberasalud.com\/area-de-mama\/#\/schema\/logo\/image\/"}}]}},"pbg_featured_image_src":{"full":false,"thumbnail":false,"medium":false,"medium_large":false,"large":false,"xl":false,"xxl":false,"xxxl":false,"xxxxl":false,"xxxxxl":false,"1536x1536":false,"2048x2048":false},"pbg_author_info":{"display_name":"marsanchez","author_link":"https:\/\/riberasalud.com\/area-de-mama\/author\/marsanchez\/","author_img":"<img alt='marsanchez' src='https:\/\/secure.gravatar.com\/avatar\/0e2ddfa6ca50f038a905865f19439697542e5743a0628f67c9fac9c893b311be?s=128&#038;d=mm&#038;r=g' srcset='https:\/\/secure.gravatar.com\/avatar\/0e2ddfa6ca50f038a905865f19439697542e5743a0628f67c9fac9c893b311be?s=256&#038;d=mm&#038;r=g 2x' class='avatar avatar-128 photo' height='128' width='128' loading='lazy' decoding='async'\/>"},"pbg_comment_info":" No Comments","pbg_excerpt":"Docencia El \u00c1rea de la Mama del grupo Ribera organiza y participa en multitud de jornadas, seminarios y webinars, que tienen como objetivo la formaci\u00f3n continua, el acceso a las \u00faltimas tecnolog\u00edas y tratamientos, la coinnovaci\u00f3n y nuestro deseo de compartir conocimiento para ayudar a la prevenci\u00f3n y el bienestar de la poblaci\u00f3n, en especial,&hellip;","uagb_featured_image_src":{"full":false,"thumbnail":false,"medium":false,"medium_large":false,"large":false,"xl":false,"xxl":false,"xxxl":false,"xxxxl":false,"xxxxxl":false,"1536x1536":false,"2048x2048":false},"uagb_author_info":{"display_name":"marsanchez","author_link":"https:\/\/riberasalud.com\/area-de-mama\/author\/marsanchez\/"},"uagb_comment_info":0,"uagb_excerpt":"Docencia El \u00c1rea de la Mama del grupo Ribera organiza y participa en multitud de jornadas, seminarios y webinars, que tienen como objetivo la formaci\u00f3n continua, el acceso a las \u00faltimas tecnolog\u00edas y tratamientos, la coinnovaci\u00f3n y nuestro deseo de compartir conocimiento para ayudar a la prevenci\u00f3n y el bienestar de la poblaci\u00f3n, en especial,&hellip;","coauthors":[],"author_meta":{"author_link":"https:\/\/riberasalud.com\/area-de-mama\/author\/marsanchez\/","display_name":"marsanchez"},"relative_dates":{"created":"Publicado 5 a\u00f1os hace","modified":"Actualizado 4 a\u00f1os hace"},"absolute_dates":{"created":"Publicado el 11 de marzo de 2021","modified":"Actualizado el 11 de julio de 2022"},"absolute_dates_time":{"created":"Publicado el 11 de marzo de 2021 12:31","modified":"Actualizado el 11 de julio de 2022 11:58"},"featured_img_caption":"","featured_img":false,"series_order":"","_links":{"self":[{"href":"https:\/\/riberasalud.com\/area-de-mama\/wp-json\/wp\/v2\/pages\/328","targetHints":{"allow":["GET"]}}],"collection":[{"href":"https:\/\/riberasalud.com\/area-de-mama\/wp-json\/wp\/v2\/pages"}],"about":[{"href":"https:\/\/riberasalud.com\/area-de-mama\/wp-json\/wp\/v2\/types\/page"}],"author":[{"embeddable":true,"href":"https:\/\/riberasalud.com\/area-de-mama\/wp-json\/wp\/v2\/users\/2"}],"replies":[{"embeddable":true,"href":"https:\/\/riberasalud.com\/area-de-mama\/wp-json\/wp\/v2\/comments?post=328"}],"version-history":[{"count":23,"href":"https:\/\/riberasalud.com\/area-de-mama\/wp-json\/wp\/v2\/pages\/328\/revisions"}],"predecessor-version":[{"id":983,"href":"https:\/\/riberasalud.com\/area-de-mama\/wp-json\/wp\/v2\/pages\/328\/revisions\/983"}],"wp:attachment":[{"href":"https:\/\/riberasalud.com\/area-de-mama\/wp-json\/wp\/v2\/media?parent=328"}],"curies":[{"name":"wp","href":"https:\/\/api.w.org\/{rel}","templated":true}]}}