{"id":268,"date":"2021-02-25T12:38:58","date_gmt":"2021-02-25T12:38:58","guid":{"rendered":"https:\/\/riberasalud.com\/area-de-mama\/?page_id=268"},"modified":"2021-11-24T12:16:59","modified_gmt":"2021-11-24T12:16:59","slug":"testimonios","status":"publish","type":"page","link":"https:\/\/riberasalud.com\/area-de-mama\/testimonios\/","title":{"rendered":"Testimonios"},"content":{"rendered":"\n<div class=\"backgroundbanner backgroundbanner backgroundbanner backgroundbanner backgroundbanner backgroundbanner backgroundbanner wp-block-group backgroundbanner\"><div class=\"wp-block-group__inner-container is-layout-flow wp-block-group-is-layout-flow\">\n<p class=\"has-text-align-center\" style=\"font-size:40px\"><span class=\"ugb-highlight\" style=\"color: #4b4a4a;\">Testimonios<\/span><\/p>\n<\/div><\/div>\n\n\n\n<div class=\"wp-block-group\"><div class=\"wp-block-group__inner-container is-layout-flow wp-block-group-is-layout-flow\">\n<div class=\"wp-block-columns is-layout-flex wp-container-core-columns-is-layout-9d6595d7 wp-block-columns-is-layout-flex\">\n<div class=\"wp-block-column is-layout-flow wp-block-column-is-layout-flow\" style=\"flex-basis:33.33%\">\n<figure class=\"wp-block-embed is-type-video is-provider-youtube wp-block-embed-youtube wp-embed-aspect-16-9 wp-has-aspect-ratio\"><div class=\"wp-block-embed__wrapper\">\n<iframe loading=\"lazy\" title=\"Magdalena Gonz\u00e1lez y su historia de superaci\u00f3n del C\u00e1ncer de Mama\" width=\"1200\" height=\"675\" src=\"https:\/\/www.youtube.com\/embed\/L6sZNIQ87JA?feature=oembed\" frameborder=\"0\" allow=\"accelerometer; autoplay; clipboard-write; encrypted-media; gyroscope; picture-in-picture\" allowfullscreen><\/iframe>\n<\/div><\/figure>\n<\/div>\n\n\n\n<div class=\"wp-block-column is-layout-flow wp-block-column-is-layout-flow\" style=\"flex-basis:66.66%\">\n<p class=\"has-text-color\" style=\"color:#4b4a4a\">Magdalena Gonz\u00e1lez<\/p>\n\n\n\n<p class=\"has-text-color\" style=\"color:#f39fa7\">Historia de superaci\u00f3n del C\u00e1ncer de Mama<\/p>\n<\/div>\n<\/div>\n\n\n\n<div class=\"wp-block-columns is-layout-flex wp-container-core-columns-is-layout-9d6595d7 wp-block-columns-is-layout-flex\">\n<div class=\"wp-block-column is-layout-flow wp-block-column-is-layout-flow\" style=\"flex-basis:33.33%\">\n<figure class=\"wp-block-embed is-type-video is-provider-youtube wp-block-embed-youtube wp-embed-aspect-16-9 wp-has-aspect-ratio\"><div class=\"wp-block-embed__wrapper\">\n<iframe loading=\"lazy\" title=\"Melodie P\u00e9rez, c\u00f3mo afrontar el C\u00e1ncer de Mama\" width=\"1200\" height=\"675\" src=\"https:\/\/www.youtube.com\/embed\/hcxqiuJ95lI?feature=oembed\" frameborder=\"0\" allow=\"accelerometer; autoplay; clipboard-write; encrypted-media; gyroscope; picture-in-picture\" allowfullscreen><\/iframe>\n<\/div><\/figure>\n<\/div>\n\n\n\n<div class=\"wp-block-column is-layout-flow wp-block-column-is-layout-flow\" style=\"flex-basis:66.66%\">\n<p class=\"has-text-color\" style=\"color:#4b4a4a\">Melodie P\u00e9rez<\/p>\n\n\n\n<p class=\"has-text-color\" style=\"color:#f39fa7\">C\u00f3mo afrontar el C\u00e1ncer de Mama<\/p>\n<\/div>\n<\/div>\n\n\n\n<div class=\"wp-block-columns is-layout-flex wp-container-core-columns-is-layout-9d6595d7 wp-block-columns-is-layout-flex\">\n<div class=\"wp-block-column is-layout-flow wp-block-column-is-layout-flow\" style=\"flex-basis:33.33%\">\n<figure class=\"wp-block-embed is-type-video is-provider-youtube wp-block-embed-youtube wp-embed-aspect-16-9 wp-has-aspect-ratio\"><div class=\"wp-block-embed__wrapper\">\n<iframe loading=\"lazy\" title=\"Noelia Vico y su experiencia durante el C\u00e1ncer de Mama\" width=\"1200\" height=\"675\" src=\"https:\/\/www.youtube.com\/embed\/6a7lxIRQabA?feature=oembed\" frameborder=\"0\" allow=\"accelerometer; autoplay; clipboard-write; encrypted-media; gyroscope; picture-in-picture\" allowfullscreen><\/iframe>\n<\/div><\/figure>\n<\/div>\n\n\n\n<div class=\"wp-block-column is-layout-flow wp-block-column-is-layout-flow\" style=\"flex-basis:66.66%\">\n<p class=\"has-text-color\" style=\"color:#4b4a4a\">Noelia Vico<\/p>\n\n\n\n<p class=\"has-text-color\" style=\"color:#f39fa7\">Experiencia durante el C\u00e1ncer de Mama<\/p>\n<\/div>\n<\/div>\n\n\n\n<div class=\"wp-block-columns is-layout-flex wp-container-core-columns-is-layout-9d6595d7 wp-block-columns-is-layout-flex\">\n<div class=\"wp-block-column is-layout-flow wp-block-column-is-layout-flow\" style=\"flex-basis:33.33%\">\n<figure class=\"wp-block-embed is-type-video is-provider-youtube wp-block-embed-youtube wp-embed-aspect-16-9 wp-has-aspect-ratio\"><div class=\"wp-block-embed__wrapper\">\n<iframe loading=\"lazy\" title=\"Raquel Cerd\u00e1, paciente de Unidad de Mama. C\u00e1ncer de Mama y su superaci\u00f3n\" width=\"1200\" height=\"675\" src=\"https:\/\/www.youtube.com\/embed\/aqnhehjtEpw?feature=oembed\" frameborder=\"0\" allow=\"accelerometer; autoplay; clipboard-write; encrypted-media; gyroscope; picture-in-picture\" allowfullscreen><\/iframe>\n<\/div><\/figure>\n<\/div>\n\n\n\n<div class=\"wp-block-column is-layout-flow wp-block-column-is-layout-flow\" style=\"flex-basis:66.66%\">\n<p class=\"has-text-color\" style=\"color:#4b4a4a\">Raquel Cerd\u00e1<\/p>\n\n\n\n<p class=\"has-text-color\" style=\"color:#f39fa7\">Paciente de Unidad de Mama<\/p>\n\n\n\n<p>C\u00e1ncer de Mama y su superaci\u00f3n.<\/p>\n<\/div>\n<\/div>\n\n\n\n<div class=\"wp-block-columns is-layout-flex wp-container-core-columns-is-layout-9d6595d7 wp-block-columns-is-layout-flex\">\n<div class=\"wp-block-column is-layout-flow wp-block-column-is-layout-flow\" style=\"flex-basis:33.33%\">\n<figure class=\"wp-block-embed is-type-video is-provider-youtube wp-block-embed-youtube wp-embed-aspect-16-9 wp-has-aspect-ratio\"><div class=\"wp-block-embed__wrapper\">\n<iframe loading=\"lazy\" title=\"Teresa Pereira y el C\u00e1ncer de Mama, relato de su experiencia\" width=\"1200\" height=\"675\" src=\"https:\/\/www.youtube.com\/embed\/w3shi4x4p54?feature=oembed\" frameborder=\"0\" allow=\"accelerometer; autoplay; clipboard-write; encrypted-media; gyroscope; picture-in-picture\" allowfullscreen><\/iframe>\n<\/div><\/figure>\n<\/div>\n\n\n\n<div class=\"wp-block-column is-layout-flow wp-block-column-is-layout-flow\" style=\"flex-basis:66.66%\">\n<p class=\"has-text-color\" style=\"color:#4b4a4a\">Teresa Pereira<\/p>\n\n\n\n<p class=\"has-text-color\" style=\"color:#f39fa7\">C\u00e1ncer de Mama, relato de su experiencia<\/p>\n<\/div>\n<\/div>\n\n\n\n<div class=\"wp-block-columns is-layout-flex wp-container-core-columns-is-layout-9d6595d7 wp-block-columns-is-layout-flex\">\n<div class=\"wp-block-column is-layout-flow wp-block-column-is-layout-flow\" style=\"flex-basis:33.33%\">\n<figure class=\"wp-block-embed is-type-video is-provider-youtube wp-block-embed-youtube wp-embed-aspect-16-9 wp-has-aspect-ratio\"><div class=\"wp-block-embed__wrapper\">\n<iframe loading=\"lazy\" title=\"TRAILER Historias de pacientes de Unidad de Mama\" width=\"1200\" height=\"675\" src=\"https:\/\/www.youtube.com\/embed\/-ZNAKYNkz0k?feature=oembed\" frameborder=\"0\" allow=\"accelerometer; autoplay; clipboard-write; encrypted-media; gyroscope; picture-in-picture\" allowfullscreen><\/iframe>\n<\/div><\/figure>\n<\/div>\n\n\n\n<div class=\"wp-block-column is-layout-flow wp-block-column-is-layout-flow\" style=\"flex-basis:66.66%\">\n<p class=\"has-text-color\" style=\"color:#4b4a4a\">TRAILER<\/p>\n\n\n\n<p class=\"has-text-color\" style=\"color:#f39fa7\">Historias de pacientes de Unidad de Mama<\/p>\n\n\n\n<p class=\"has-text-color\" style=\"color:#4b4a4a\"><\/p>\n<\/div>\n<\/div>\n<\/div><\/div>\n","protected":false},"excerpt":{"rendered":"<p>Testimonios Magdalena Gonz\u00e1lez Historia de superaci\u00f3n del C\u00e1ncer de Mama Melodie P\u00e9rez C\u00f3mo afrontar el C\u00e1ncer de Mama Noelia Vico Experiencia durante el C\u00e1ncer de Mama Raquel Cerd\u00e1 Paciente de Unidad de Mama C\u00e1ncer de Mama y su superaci\u00f3n. Teresa Pereira C\u00e1ncer de Mama, relato de su experiencia TRAILER Historias de pacientes de Unidad de &#8230; <a title=\"Testimonios\" class=\"read-more\" href=\"https:\/\/riberasalud.com\/area-de-mama\/testimonios\/\" aria-label=\"Leer m\u00e1s sobre Testimonios\">Leer m\u00e1s<\/a><\/p>\n","protected":false},"author":2,"featured_media":0,"parent":0,"menu_order":0,"comment_status":"closed","ping_status":"closed","template":"","meta":{"_coblocks_attr":"","_coblocks_dimensions":"","_coblocks_responsive_height":"","_coblocks_accordion_ie_support":"","_uag_custom_page_level_css":"","advgb_blocks_editor_width":"","advgb_blocks_columns_visual_guide":"","_themeisle_gutenberg_block_has_review":false,"footnotes":""},"class_list":["post-268","page","type-page","status-publish"],"yoast_head":"<!-- This site is optimized with the Yoast SEO plugin v26.6 - https:\/\/yoast.com\/wordpress\/plugins\/seo\/ -->\n<title>\u25b7 Testimonios - Ribera Salud \u00c1rea de Mama<\/title>\n<meta name=\"description\" content=\"lll\u1405 Testimonios https:\/\/www.youtube.com\/watch?v=L6sZNIQ87JA Magdalena Gonz\u00e1lez Historia de superaci\u00f3n del C\u00e1ncer de Mama https:\/\/youtu.be\/hcxqiuJ95lI Melodie \u2705\" \/>\n<meta name=\"robots\" content=\"index, follow, max-snippet:-1, max-image-preview:large, max-video-preview:-1\" \/>\n<link rel=\"canonical\" href=\"https:\/\/riberasalud.com\/area-de-mama\/testimonios\/\" \/>\n<meta property=\"og:locale\" content=\"es_ES\" \/>\n<meta property=\"og:type\" content=\"article\" \/>\n<meta property=\"og:title\" content=\"\u25b7 Testimonios - Ribera Salud \u00c1rea de Mama\" \/>\n<meta property=\"og:description\" content=\"lll\u1405 Testimonios https:\/\/www.youtube.com\/watch?v=L6sZNIQ87JA Magdalena Gonz\u00e1lez Historia de superaci\u00f3n del C\u00e1ncer de Mama https:\/\/youtu.be\/hcxqiuJ95lI Melodie \u2705\" \/>\n<meta property=\"og:url\" content=\"https:\/\/riberasalud.com\/area-de-mama\/testimonios\/\" \/>\n<meta property=\"og:site_name\" content=\"Ribera Salud \u00c1rea de Mama\" \/>\n<meta property=\"article:modified_time\" content=\"2021-11-24T12:16:59+00:00\" \/>\n<meta name=\"twitter:card\" content=\"summary_large_image\" \/>\n<meta name=\"twitter:label1\" content=\"Tiempo de lectura\" \/>\n\t<meta name=\"twitter:data1\" content=\"1 minuto\" \/>\n<script type=\"application\/ld+json\" class=\"yoast-schema-graph\">{\"@context\":\"https:\/\/schema.org\",\"@graph\":[{\"@type\":\"WebPage\",\"@id\":\"https:\/\/riberasalud.com\/area-de-mama\/testimonios\/\",\"url\":\"https:\/\/riberasalud.com\/area-de-mama\/testimonios\/\",\"name\":\"\u25b7 Testimonios - Ribera Salud \u00c1rea de Mama\",\"isPartOf\":{\"@id\":\"https:\/\/riberasalud.com\/area-de-mama\/#website\"},\"datePublished\":\"2021-02-25T12:38:58+00:00\",\"dateModified\":\"2021-11-24T12:16:59+00:00\",\"description\":\"lll\u1405 Testimonios https:\/\/www.youtube.com\/watch?v=L6sZNIQ87JA Magdalena Gonz\u00e1lez Historia de superaci\u00f3n del C\u00e1ncer de Mama https:\/\/youtu.be\/hcxqiuJ95lI Melodie \u2705\",\"breadcrumb\":{\"@id\":\"https:\/\/riberasalud.com\/area-de-mama\/testimonios\/#breadcrumb\"},\"inLanguage\":\"es\",\"potentialAction\":[{\"@type\":\"ReadAction\",\"target\":[\"https:\/\/riberasalud.com\/area-de-mama\/testimonios\/\"]}]},{\"@type\":\"BreadcrumbList\",\"@id\":\"https:\/\/riberasalud.com\/area-de-mama\/testimonios\/#breadcrumb\",\"itemListElement\":[{\"@type\":\"ListItem\",\"position\":1,\"name\":\"Portada\",\"item\":\"https:\/\/riberasalud.com\/area-de-mama\/\"},{\"@type\":\"ListItem\",\"position\":2,\"name\":\"Testimonios\"}]},{\"@type\":\"WebSite\",\"@id\":\"https:\/\/riberasalud.com\/area-de-mama\/#website\",\"url\":\"https:\/\/riberasalud.com\/area-de-mama\/\",\"name\":\"Ribera Salud \u00c1rea de Mama\",\"description\":\"\",\"publisher\":{\"@id\":\"https:\/\/riberasalud.com\/area-de-mama\/#organization\"},\"potentialAction\":[{\"@type\":\"SearchAction\",\"target\":{\"@type\":\"EntryPoint\",\"urlTemplate\":\"https:\/\/riberasalud.com\/area-de-mama\/?s={search_term_string}\"},\"query-input\":{\"@type\":\"PropertyValueSpecification\",\"valueRequired\":true,\"valueName\":\"search_term_string\"}}],\"inLanguage\":\"es\"},{\"@type\":\"Organization\",\"@id\":\"https:\/\/riberasalud.com\/area-de-mama\/#organization\",\"name\":\"Ribera Salud \u00c1rea de Mama\",\"url\":\"https:\/\/riberasalud.com\/area-de-mama\/\",\"logo\":{\"@type\":\"ImageObject\",\"inLanguage\":\"es\",\"@id\":\"https:\/\/riberasalud.com\/area-de-mama\/#\/schema\/logo\/image\/\",\"url\":\"https:\/\/riberasalud.com\/area-de-mama\/wp-content\/uploads\/2021\/02\/cropped-Logotipo-White-1.png\",\"contentUrl\":\"https:\/\/riberasalud.com\/area-de-mama\/wp-content\/uploads\/2021\/02\/cropped-Logotipo-White-1.png\",\"width\":1200,\"height\":474,\"caption\":\"Ribera Salud \u00c1rea de Mama\"},\"image\":{\"@id\":\"https:\/\/riberasalud.com\/area-de-mama\/#\/schema\/logo\/image\/\"}}]}<\/script>\n<!-- \/ Yoast SEO plugin. -->","yoast_head_json":{"title":"\u25b7 Testimonios - Ribera Salud \u00c1rea de Mama","description":"lll\u1405 Testimonios https:\/\/www.youtube.com\/watch?v=L6sZNIQ87JA Magdalena Gonz\u00e1lez Historia de superaci\u00f3n del C\u00e1ncer de Mama https:\/\/youtu.be\/hcxqiuJ95lI Melodie \u2705","robots":{"index":"index","follow":"follow","max-snippet":"max-snippet:-1","max-image-preview":"max-image-preview:large","max-video-preview":"max-video-preview:-1"},"canonical":"https:\/\/riberasalud.com\/area-de-mama\/testimonios\/","og_locale":"es_ES","og_type":"article","og_title":"\u25b7 Testimonios - Ribera Salud \u00c1rea de Mama","og_description":"lll\u1405 Testimonios https:\/\/www.youtube.com\/watch?v=L6sZNIQ87JA Magdalena Gonz\u00e1lez Historia de superaci\u00f3n del C\u00e1ncer de Mama https:\/\/youtu.be\/hcxqiuJ95lI Melodie \u2705","og_url":"https:\/\/riberasalud.com\/area-de-mama\/testimonios\/","og_site_name":"Ribera Salud \u00c1rea de Mama","article_modified_time":"2021-11-24T12:16:59+00:00","twitter_card":"summary_large_image","twitter_misc":{"Tiempo de lectura":"1 minuto"},"schema":{"@context":"https:\/\/schema.org","@graph":[{"@type":"WebPage","@id":"https:\/\/riberasalud.com\/area-de-mama\/testimonios\/","url":"https:\/\/riberasalud.com\/area-de-mama\/testimonios\/","name":"\u25b7 Testimonios - Ribera Salud \u00c1rea de Mama","isPartOf":{"@id":"https:\/\/riberasalud.com\/area-de-mama\/#website"},"datePublished":"2021-02-25T12:38:58+00:00","dateModified":"2021-11-24T12:16:59+00:00","description":"lll\u1405 Testimonios https:\/\/www.youtube.com\/watch?v=L6sZNIQ87JA Magdalena Gonz\u00e1lez Historia de superaci\u00f3n del C\u00e1ncer de Mama https:\/\/youtu.be\/hcxqiuJ95lI Melodie \u2705","breadcrumb":{"@id":"https:\/\/riberasalud.com\/area-de-mama\/testimonios\/#breadcrumb"},"inLanguage":"es","potentialAction":[{"@type":"ReadAction","target":["https:\/\/riberasalud.com\/area-de-mama\/testimonios\/"]}]},{"@type":"BreadcrumbList","@id":"https:\/\/riberasalud.com\/area-de-mama\/testimonios\/#breadcrumb","itemListElement":[{"@type":"ListItem","position":1,"name":"Portada","item":"https:\/\/riberasalud.com\/area-de-mama\/"},{"@type":"ListItem","position":2,"name":"Testimonios"}]},{"@type":"WebSite","@id":"https:\/\/riberasalud.com\/area-de-mama\/#website","url":"https:\/\/riberasalud.com\/area-de-mama\/","name":"Ribera Salud \u00c1rea de Mama","description":"","publisher":{"@id":"https:\/\/riberasalud.com\/area-de-mama\/#organization"},"potentialAction":[{"@type":"SearchAction","target":{"@type":"EntryPoint","urlTemplate":"https:\/\/riberasalud.com\/area-de-mama\/?s={search_term_string}"},"query-input":{"@type":"PropertyValueSpecification","valueRequired":true,"valueName":"search_term_string"}}],"inLanguage":"es"},{"@type":"Organization","@id":"https:\/\/riberasalud.com\/area-de-mama\/#organization","name":"Ribera Salud \u00c1rea de Mama","url":"https:\/\/riberasalud.com\/area-de-mama\/","logo":{"@type":"ImageObject","inLanguage":"es","@id":"https:\/\/riberasalud.com\/area-de-mama\/#\/schema\/logo\/image\/","url":"https:\/\/riberasalud.com\/area-de-mama\/wp-content\/uploads\/2021\/02\/cropped-Logotipo-White-1.png","contentUrl":"https:\/\/riberasalud.com\/area-de-mama\/wp-content\/uploads\/2021\/02\/cropped-Logotipo-White-1.png","width":1200,"height":474,"caption":"Ribera Salud \u00c1rea de Mama"},"image":{"@id":"https:\/\/riberasalud.com\/area-de-mama\/#\/schema\/logo\/image\/"}}]}},"pbg_featured_image_src":{"full":false,"thumbnail":false,"medium":false,"medium_large":false,"large":false,"xl":false,"xxl":false,"xxxl":false,"xxxxl":false,"xxxxxl":false,"1536x1536":false,"2048x2048":false},"pbg_author_info":{"display_name":"marsanchez","author_link":"https:\/\/riberasalud.com\/area-de-mama\/author\/marsanchez\/","author_img":"<img alt='marsanchez' src='https:\/\/secure.gravatar.com\/avatar\/0e2ddfa6ca50f038a905865f19439697542e5743a0628f67c9fac9c893b311be?s=128&#038;d=mm&#038;r=g' srcset='https:\/\/secure.gravatar.com\/avatar\/0e2ddfa6ca50f038a905865f19439697542e5743a0628f67c9fac9c893b311be?s=256&#038;d=mm&#038;r=g 2x' class='avatar avatar-128 photo' height='128' width='128' loading='lazy' decoding='async'\/>"},"pbg_comment_info":" No Comments","pbg_excerpt":"Testimonios Magdalena Gonz\u00e1lez Historia de superaci\u00f3n del C\u00e1ncer de Mama Melodie P\u00e9rez C\u00f3mo afrontar el C\u00e1ncer de Mama Noelia Vico Experiencia durante el C\u00e1ncer de Mama Raquel Cerd\u00e1 Paciente de Unidad de Mama C\u00e1ncer de Mama y su superaci\u00f3n. Teresa Pereira C\u00e1ncer de Mama, relato de su experiencia TRAILER Historias de pacientes de Unidad de&hellip;","uagb_featured_image_src":{"full":false,"thumbnail":false,"medium":false,"medium_large":false,"large":false,"xl":false,"xxl":false,"xxxl":false,"xxxxl":false,"xxxxxl":false,"1536x1536":false,"2048x2048":false},"uagb_author_info":{"display_name":"marsanchez","author_link":"https:\/\/riberasalud.com\/area-de-mama\/author\/marsanchez\/"},"uagb_comment_info":0,"uagb_excerpt":"Testimonios Magdalena Gonz\u00e1lez Historia de superaci\u00f3n del C\u00e1ncer de Mama Melodie P\u00e9rez C\u00f3mo afrontar el C\u00e1ncer de Mama Noelia Vico Experiencia durante el C\u00e1ncer de Mama Raquel Cerd\u00e1 Paciente de Unidad de Mama C\u00e1ncer de Mama y su superaci\u00f3n. Teresa Pereira C\u00e1ncer de Mama, relato de su experiencia TRAILER Historias de pacientes de Unidad de&hellip;","coauthors":[],"author_meta":{"author_link":"https:\/\/riberasalud.com\/area-de-mama\/author\/marsanchez\/","display_name":"marsanchez"},"relative_dates":{"created":"Publicado 5 a\u00f1os hace","modified":"Actualizado 4 a\u00f1os hace"},"absolute_dates":{"created":"Publicado el 25 de febrero de 2021","modified":"Actualizado el 24 de noviembre de 2021"},"absolute_dates_time":{"created":"Publicado el 25 de febrero de 2021 12:38","modified":"Actualizado el 24 de noviembre de 2021 12:16"},"featured_img_caption":"","featured_img":false,"series_order":"","_links":{"self":[{"href":"https:\/\/riberasalud.com\/area-de-mama\/wp-json\/wp\/v2\/pages\/268","targetHints":{"allow":["GET"]}}],"collection":[{"href":"https:\/\/riberasalud.com\/area-de-mama\/wp-json\/wp\/v2\/pages"}],"about":[{"href":"https:\/\/riberasalud.com\/area-de-mama\/wp-json\/wp\/v2\/types\/page"}],"author":[{"embeddable":true,"href":"https:\/\/riberasalud.com\/area-de-mama\/wp-json\/wp\/v2\/users\/2"}],"replies":[{"embeddable":true,"href":"https:\/\/riberasalud.com\/area-de-mama\/wp-json\/wp\/v2\/comments?post=268"}],"version-history":[{"count":13,"href":"https:\/\/riberasalud.com\/area-de-mama\/wp-json\/wp\/v2\/pages\/268\/revisions"}],"predecessor-version":[{"id":902,"href":"https:\/\/riberasalud.com\/area-de-mama\/wp-json\/wp\/v2\/pages\/268\/revisions\/902"}],"wp:attachment":[{"href":"https:\/\/riberasalud.com\/area-de-mama\/wp-json\/wp\/v2\/media?parent=268"}],"curies":[{"name":"wp","href":"https:\/\/api.w.org\/{rel}","templated":true}]}}