{"id":263,"date":"2021-02-25T12:33:27","date_gmt":"2021-02-25T12:33:27","guid":{"rendered":"https:\/\/riberasalud.com\/area-de-mama\/?page_id=263"},"modified":"2021-04-19T14:56:43","modified_gmt":"2021-04-19T14:56:43","slug":"contacto","status":"publish","type":"page","link":"https:\/\/riberasalud.com\/area-de-mama\/contacto\/","title":{"rendered":"Contacto"},"content":{"rendered":"\n<div class=\"backgroundbanner backgroundbanner backgroundbanner backgroundbanner backgroundbanner backgroundbanner backgroundbanner backgroundbanner backgroundbanner wp-block-group backgroundbanner\"><div class=\"wp-block-group__inner-container is-layout-flow wp-block-group-is-layout-flow\">\n<p class=\"has-text-align-center\" style=\"font-size:40px\"><span style=\"color: #4b4a4a;\" class=\"ugb-highlight\">Contacto<\/span><\/p>\n<\/div><\/div>\n\n\n\n<div class=\"wp-block-group alignwide\"><div class=\"wp-block-group__inner-container is-layout-flow wp-block-group-is-layout-flow\">\n<div class=\"wp-block-columns is-layout-flex wp-container-core-columns-is-layout-9d6595d7 wp-block-columns-is-layout-flex\">\n<div class=\"wp-block-column is-layout-flow wp-block-column-is-layout-flow\" style=\"flex-basis:20%\"><\/div>\n\n\n\n<div class=\"wp-block-column is-layout-flow wp-block-column-is-layout-flow\" style=\"flex-basis:60%\">\n<div class=\"ticss-3a10340a ticss-3a10340a formredondo ticss-3a10340a formredondo ticss-3a10340a formredondo ticss-3a10340a formredondo ticss-3a10340a formredondo ticss-3a10340a formredondo ticss-3a10340a formredondo ticss-3a10340a formredondo wp-block-group ticss-3a10340a formredondo has-background\" style=\"background-color:#f5f5f5\"><div class=\"wp-block-group__inner-container is-layout-flow wp-block-group-is-layout-flow\">\n<p class=\"has-text-align-center\" style=\"font-size:17px\"><span class=\"ugb-highlight\" style=\"color: #d71128;\"><strong><span style=\"color:#f39fa7\" class=\"has-inline-color\">Ponte en contacto con nosotros a trav\u00e9s de este formulario<\/span><\/strong><\/span><\/p>\n\n\n\t\t\t\t<div class = \"wp-block-uagb-cf7-styler uagb-cf7-styler__outer-wrap uagb-block-dbbbb5c0    povisacontacto\">\n\t\t\t\t\t<div class = \"uagb-cf7-styler__align-left uagb-cf7-styler__field-style-box uagb-cf7-styler__btn-align-center uagb-cf7-styler__btn-align-tablet- uagb-cf7-styler__btn-align-mobile- uagb-cf7-styler__highlight-style-default uagb-cf7-styler__check-style-enabled\">\n\t\t\t\t\t\n<div class=\"wpcf7 no-js\" id=\"wpcf7-f694-o1\" lang=\"es-ES\" dir=\"ltr\" data-wpcf7-id=\"694\">\n<div class=\"screen-reader-response\"><p role=\"status\" aria-live=\"polite\" aria-atomic=\"true\"><\/p> <ul><\/ul><\/div>\n<form action=\"\/area-de-mama\/wp-json\/wp\/v2\/pages\/263#wpcf7-f694-o1\" method=\"post\" class=\"wpcf7-form init\" aria-label=\"Formulario de contacto\" novalidate=\"novalidate\" data-status=\"init\">\n<fieldset class=\"hidden-fields-container\"><input type=\"hidden\" name=\"_wpcf7\" value=\"694\" \/><input type=\"hidden\" name=\"_wpcf7_version\" value=\"6.1.4\" \/><input type=\"hidden\" name=\"_wpcf7_locale\" value=\"es_ES\" \/><input type=\"hidden\" name=\"_wpcf7_unit_tag\" value=\"wpcf7-f694-o1\" \/><input type=\"hidden\" name=\"_wpcf7_container_post\" value=\"0\" \/><input type=\"hidden\" name=\"_wpcf7_posted_data_hash\" value=\"\" \/><input type=\"hidden\" name=\"_wpcf7_recaptcha_response\" value=\"\" \/>\n<\/fieldset>\n<p><label> Tu nombre<br \/>\n<span class=\"wpcf7-form-control-wrap\" data-name=\"your-name\"><input size=\"40\" maxlength=\"400\" class=\"wpcf7-form-control wpcf7-text wpcf7-validates-as-required\" aria-required=\"true\" aria-invalid=\"false\" value=\"\" type=\"text\" name=\"your-name\" \/><\/span> <\/label>\n<\/p>\n<p><label> Tu correo electr\u00f3nico<br \/>\n<span class=\"wpcf7-form-control-wrap\" data-name=\"your-email\"><input size=\"40\" maxlength=\"400\" class=\"wpcf7-form-control wpcf7-email wpcf7-validates-as-required wpcf7-text wpcf7-validates-as-email\" aria-required=\"true\" aria-invalid=\"false\" value=\"\" type=\"email\" name=\"your-email\" \/><\/span> <\/label>\n<\/p>\n<p><label> Tel\u00e9fono<br \/>\n<span class=\"wpcf7-form-control-wrap\" data-name=\"tel-872\"><input size=\"40\" maxlength=\"400\" class=\"wpcf7-form-control wpcf7-tel wpcf7-validates-as-required wpcf7-text wpcf7-validates-as-tel\" aria-required=\"true\" aria-invalid=\"false\" value=\"\" type=\"tel\" name=\"tel-872\" \/><\/span><\/label>\n<\/p>\n<p><label> Tu mensaje (opcional)<br \/>\n<span class=\"wpcf7-form-control-wrap\" data-name=\"your-message\"><textarea cols=\"40\" rows=\"10\" maxlength=\"2000\" class=\"wpcf7-form-control wpcf7-textarea wpcf7-validates-as-required\" aria-required=\"true\" aria-invalid=\"false\" name=\"your-message\"><\/textarea><\/span> <\/label>\n<\/p>\n<p class=\"checks\"><span class=\"wpcf7-form-control-wrap\" data-name=\"acceptance-544\"><span class=\"wpcf7-form-control wpcf7-acceptance\"><span class=\"wpcf7-list-item\"><label><input type=\"checkbox\" name=\"acceptance-544\" value=\"1\" aria-invalid=\"false\" \/><span class=\"wpcf7-list-item-label\">He le\u00eddo y acepto la <a target=\"_blank\" href=\"https:\/\/riberasalud.com\/ribera-dent\/politica-privacidad\/\">Pol\u00edtica de Privacidad<\/a><\/span><\/label><\/span><\/span><\/span>\n<\/p>\n<p><label class=\"promocion\">Asimismo, si as\u00ed lo desea, trataremos sus datos para informarle sobre h\u00e1bitos de vida saludable y otras campa\u00f1as de promoci\u00f3n de la salud a trav\u00e9s de los canales de comunicaci\u00f3n del Grupo Ribera.<\/label><br \/>\n<span class=\"wpcf7-form-control-wrap\" data-name=\"radio-216\"><span class=\"wpcf7-form-control wpcf7-radio\"><span class=\"wpcf7-list-item first\"><label><input type=\"radio\" name=\"radio-216\" value=\"S\u00ed\" checked=\"checked\" \/><span class=\"wpcf7-list-item-label\">S\u00ed<\/span><\/label><\/span><span class=\"wpcf7-list-item last\"><label><input type=\"radio\" name=\"radio-216\" value=\"No\" \/><span class=\"wpcf7-list-item-label\">No<\/span><\/label><\/span><\/span><\/span>\n<\/p>\n<p><input class=\"wpcf7-form-control wpcf7-submit has-spinner\" type=\"submit\" value=\"Enviar\" \/>\n<\/p><div class=\"wpcf7-response-output\" aria-hidden=\"true\"><\/div>\n<\/form>\n<\/div>\n\t\t\t\t\t<\/div>\n\t\t\t\t<\/div>\n\t\t\t\t<\/div><\/div>\n<\/div>\n\n\n\n<div class=\"wp-block-column is-layout-flow wp-block-column-is-layout-flow\" style=\"flex-basis:20%\"><\/div>\n<\/div>\n<\/div><\/div>\n\n\n\n<p><\/p>\n","protected":false},"excerpt":{"rendered":"<p>Contacto Ponte en contacto con nosotros a trav\u00e9s de este formulario<\/p>\n","protected":false},"author":2,"featured_media":0,"parent":0,"menu_order":0,"comment_status":"closed","ping_status":"closed","template":"","meta":{"_coblocks_attr":"","_coblocks_dimensions":"","_coblocks_responsive_height":"","_coblocks_accordion_ie_support":"","_uag_custom_page_level_css":"","advgb_blocks_editor_width":"","advgb_blocks_columns_visual_guide":"","_themeisle_gutenberg_block_has_review":false,"footnotes":""},"class_list":["post-263","page","type-page","status-publish"],"yoast_head":"<!-- This site is optimized with the Yoast SEO plugin v26.6 - https:\/\/yoast.com\/wordpress\/plugins\/seo\/ -->\n<title>\u25b7 Contacto - Ribera Salud \u00c1rea de Mama<\/title>\n<meta name=\"description\" content=\"lll\u1405 Contacto       Ponte en contacto con nosotros a trav\u00e9s de este formulario \u2705\" \/>\n<meta name=\"robots\" content=\"index, follow, max-snippet:-1, max-image-preview:large, max-video-preview:-1\" \/>\n<link rel=\"canonical\" href=\"https:\/\/riberasalud.com\/area-de-mama\/contacto\/\" \/>\n<meta property=\"og:locale\" content=\"es_ES\" \/>\n<meta property=\"og:type\" content=\"article\" \/>\n<meta property=\"og:title\" content=\"\u25b7 Contacto - Ribera Salud \u00c1rea de Mama\" \/>\n<meta property=\"og:description\" content=\"lll\u1405 Contacto       Ponte en contacto con nosotros a trav\u00e9s de este formulario \u2705\" \/>\n<meta property=\"og:url\" content=\"https:\/\/riberasalud.com\/area-de-mama\/contacto\/\" \/>\n<meta property=\"og:site_name\" content=\"Ribera Salud \u00c1rea de Mama\" \/>\n<meta property=\"article:modified_time\" content=\"2021-04-19T14:56:43+00:00\" \/>\n<meta name=\"twitter:card\" content=\"summary_large_image\" \/>\n<script type=\"application\/ld+json\" class=\"yoast-schema-graph\">{\"@context\":\"https:\/\/schema.org\",\"@graph\":[{\"@type\":\"WebPage\",\"@id\":\"https:\/\/riberasalud.com\/area-de-mama\/contacto\/\",\"url\":\"https:\/\/riberasalud.com\/area-de-mama\/contacto\/\",\"name\":\"\u25b7 Contacto - Ribera Salud \u00c1rea de Mama\",\"isPartOf\":{\"@id\":\"https:\/\/riberasalud.com\/area-de-mama\/#website\"},\"datePublished\":\"2021-02-25T12:33:27+00:00\",\"dateModified\":\"2021-04-19T14:56:43+00:00\",\"description\":\"lll\u1405 Contacto Ponte en contacto con nosotros a trav\u00e9s de este formulario \u2705\",\"breadcrumb\":{\"@id\":\"https:\/\/riberasalud.com\/area-de-mama\/contacto\/#breadcrumb\"},\"inLanguage\":\"es\",\"potentialAction\":[{\"@type\":\"ReadAction\",\"target\":[\"https:\/\/riberasalud.com\/area-de-mama\/contacto\/\"]}]},{\"@type\":\"BreadcrumbList\",\"@id\":\"https:\/\/riberasalud.com\/area-de-mama\/contacto\/#breadcrumb\",\"itemListElement\":[{\"@type\":\"ListItem\",\"position\":1,\"name\":\"Portada\",\"item\":\"https:\/\/riberasalud.com\/area-de-mama\/\"},{\"@type\":\"ListItem\",\"position\":2,\"name\":\"Contacto\"}]},{\"@type\":\"WebSite\",\"@id\":\"https:\/\/riberasalud.com\/area-de-mama\/#website\",\"url\":\"https:\/\/riberasalud.com\/area-de-mama\/\",\"name\":\"Ribera Salud \u00c1rea de Mama\",\"description\":\"\",\"publisher\":{\"@id\":\"https:\/\/riberasalud.com\/area-de-mama\/#organization\"},\"potentialAction\":[{\"@type\":\"SearchAction\",\"target\":{\"@type\":\"EntryPoint\",\"urlTemplate\":\"https:\/\/riberasalud.com\/area-de-mama\/?s={search_term_string}\"},\"query-input\":{\"@type\":\"PropertyValueSpecification\",\"valueRequired\":true,\"valueName\":\"search_term_string\"}}],\"inLanguage\":\"es\"},{\"@type\":\"Organization\",\"@id\":\"https:\/\/riberasalud.com\/area-de-mama\/#organization\",\"name\":\"Ribera Salud \u00c1rea de Mama\",\"url\":\"https:\/\/riberasalud.com\/area-de-mama\/\",\"logo\":{\"@type\":\"ImageObject\",\"inLanguage\":\"es\",\"@id\":\"https:\/\/riberasalud.com\/area-de-mama\/#\/schema\/logo\/image\/\",\"url\":\"https:\/\/riberasalud.com\/area-de-mama\/wp-content\/uploads\/2021\/02\/cropped-Logotipo-White-1.png\",\"contentUrl\":\"https:\/\/riberasalud.com\/area-de-mama\/wp-content\/uploads\/2021\/02\/cropped-Logotipo-White-1.png\",\"width\":1200,\"height\":474,\"caption\":\"Ribera Salud \u00c1rea de Mama\"},\"image\":{\"@id\":\"https:\/\/riberasalud.com\/area-de-mama\/#\/schema\/logo\/image\/\"}}]}<\/script>\n<!-- \/ Yoast SEO plugin. -->","yoast_head_json":{"title":"\u25b7 Contacto - Ribera Salud \u00c1rea de Mama","description":"lll\u1405 Contacto       Ponte en contacto con nosotros a trav\u00e9s de este formulario \u2705","robots":{"index":"index","follow":"follow","max-snippet":"max-snippet:-1","max-image-preview":"max-image-preview:large","max-video-preview":"max-video-preview:-1"},"canonical":"https:\/\/riberasalud.com\/area-de-mama\/contacto\/","og_locale":"es_ES","og_type":"article","og_title":"\u25b7 Contacto - Ribera Salud \u00c1rea de Mama","og_description":"lll\u1405 Contacto       Ponte en contacto con nosotros a trav\u00e9s de este formulario \u2705","og_url":"https:\/\/riberasalud.com\/area-de-mama\/contacto\/","og_site_name":"Ribera Salud \u00c1rea de Mama","article_modified_time":"2021-04-19T14:56:43+00:00","twitter_card":"summary_large_image","schema":{"@context":"https:\/\/schema.org","@graph":[{"@type":"WebPage","@id":"https:\/\/riberasalud.com\/area-de-mama\/contacto\/","url":"https:\/\/riberasalud.com\/area-de-mama\/contacto\/","name":"\u25b7 Contacto - Ribera Salud \u00c1rea de Mama","isPartOf":{"@id":"https:\/\/riberasalud.com\/area-de-mama\/#website"},"datePublished":"2021-02-25T12:33:27+00:00","dateModified":"2021-04-19T14:56:43+00:00","description":"lll\u1405 Contacto Ponte en contacto con nosotros a trav\u00e9s de este formulario \u2705","breadcrumb":{"@id":"https:\/\/riberasalud.com\/area-de-mama\/contacto\/#breadcrumb"},"inLanguage":"es","potentialAction":[{"@type":"ReadAction","target":["https:\/\/riberasalud.com\/area-de-mama\/contacto\/"]}]},{"@type":"BreadcrumbList","@id":"https:\/\/riberasalud.com\/area-de-mama\/contacto\/#breadcrumb","itemListElement":[{"@type":"ListItem","position":1,"name":"Portada","item":"https:\/\/riberasalud.com\/area-de-mama\/"},{"@type":"ListItem","position":2,"name":"Contacto"}]},{"@type":"WebSite","@id":"https:\/\/riberasalud.com\/area-de-mama\/#website","url":"https:\/\/riberasalud.com\/area-de-mama\/","name":"Ribera Salud \u00c1rea de Mama","description":"","publisher":{"@id":"https:\/\/riberasalud.com\/area-de-mama\/#organization"},"potentialAction":[{"@type":"SearchAction","target":{"@type":"EntryPoint","urlTemplate":"https:\/\/riberasalud.com\/area-de-mama\/?s={search_term_string}"},"query-input":{"@type":"PropertyValueSpecification","valueRequired":true,"valueName":"search_term_string"}}],"inLanguage":"es"},{"@type":"Organization","@id":"https:\/\/riberasalud.com\/area-de-mama\/#organization","name":"Ribera Salud \u00c1rea de Mama","url":"https:\/\/riberasalud.com\/area-de-mama\/","logo":{"@type":"ImageObject","inLanguage":"es","@id":"https:\/\/riberasalud.com\/area-de-mama\/#\/schema\/logo\/image\/","url":"https:\/\/riberasalud.com\/area-de-mama\/wp-content\/uploads\/2021\/02\/cropped-Logotipo-White-1.png","contentUrl":"https:\/\/riberasalud.com\/area-de-mama\/wp-content\/uploads\/2021\/02\/cropped-Logotipo-White-1.png","width":1200,"height":474,"caption":"Ribera Salud \u00c1rea de Mama"},"image":{"@id":"https:\/\/riberasalud.com\/area-de-mama\/#\/schema\/logo\/image\/"}}]}},"pbg_featured_image_src":{"full":false,"thumbnail":false,"medium":false,"medium_large":false,"large":false,"xl":false,"xxl":false,"xxxl":false,"xxxxl":false,"xxxxxl":false,"1536x1536":false,"2048x2048":false},"pbg_author_info":{"display_name":"marsanchez","author_link":"https:\/\/riberasalud.com\/area-de-mama\/author\/marsanchez\/","author_img":"<img alt='marsanchez' src='https:\/\/secure.gravatar.com\/avatar\/0e2ddfa6ca50f038a905865f19439697542e5743a0628f67c9fac9c893b311be?s=128&#038;d=mm&#038;r=g' srcset='https:\/\/secure.gravatar.com\/avatar\/0e2ddfa6ca50f038a905865f19439697542e5743a0628f67c9fac9c893b311be?s=256&#038;d=mm&#038;r=g 2x' class='avatar avatar-128 photo' height='128' width='128' loading='lazy' decoding='async'\/>"},"pbg_comment_info":" No Comments","pbg_excerpt":"Contacto Ponte en contacto con nosotros a trav\u00e9s de este formulario","uagb_featured_image_src":{"full":false,"thumbnail":false,"medium":false,"medium_large":false,"large":false,"xl":false,"xxl":false,"xxxl":false,"xxxxl":false,"xxxxxl":false,"1536x1536":false,"2048x2048":false},"uagb_author_info":{"display_name":"marsanchez","author_link":"https:\/\/riberasalud.com\/area-de-mama\/author\/marsanchez\/"},"uagb_comment_info":0,"uagb_excerpt":"Contacto Ponte en contacto con nosotros a trav\u00e9s de este formulario","coauthors":[],"author_meta":{"author_link":"https:\/\/riberasalud.com\/area-de-mama\/author\/marsanchez\/","display_name":"marsanchez"},"relative_dates":{"created":"Publicado 5 a\u00f1os hace","modified":"Actualizado 5 a\u00f1os hace"},"absolute_dates":{"created":"Publicado el 25 de febrero de 2021","modified":"Actualizado el 19 de abril de 2021"},"absolute_dates_time":{"created":"Publicado el 25 de febrero de 2021 12:33","modified":"Actualizado el 19 de abril de 2021 14:56"},"featured_img_caption":"","featured_img":false,"series_order":"","_links":{"self":[{"href":"https:\/\/riberasalud.com\/area-de-mama\/wp-json\/wp\/v2\/pages\/263","targetHints":{"allow":["GET"]}}],"collection":[{"href":"https:\/\/riberasalud.com\/area-de-mama\/wp-json\/wp\/v2\/pages"}],"about":[{"href":"https:\/\/riberasalud.com\/area-de-mama\/wp-json\/wp\/v2\/types\/page"}],"author":[{"embeddable":true,"href":"https:\/\/riberasalud.com\/area-de-mama\/wp-json\/wp\/v2\/users\/2"}],"replies":[{"embeddable":true,"href":"https:\/\/riberasalud.com\/area-de-mama\/wp-json\/wp\/v2\/comments?post=263"}],"version-history":[{"count":7,"href":"https:\/\/riberasalud.com\/area-de-mama\/wp-json\/wp\/v2\/pages\/263\/revisions"}],"predecessor-version":[{"id":698,"href":"https:\/\/riberasalud.com\/area-de-mama\/wp-json\/wp\/v2\/pages\/263\/revisions\/698"}],"wp:attachment":[{"href":"https:\/\/riberasalud.com\/area-de-mama\/wp-json\/wp\/v2\/media?parent=263"}],"curies":[{"name":"wp","href":"https:\/\/api.w.org\/{rel}","templated":true}]}}